{"id":41883,"date":"2023-01-22T00:38:22","date_gmt":"2023-01-21T22:38:22","guid":{"rendered":"http:\/\/skyline-gs.com\/?post_type=product&#038;p=41883"},"modified":"2025-05-31T22:00:55","modified_gmt":"2025-05-31T20:00:55","slug":"evening-singapore","status":"publish","type":"product","link":"https:\/\/skyline-gs.com\/hu\/product\/evening-singapore\/","title":{"rendered":"Este Szingap\u00far"},"content":{"rendered":"<p>17:00 kijelentkez\u00e9s a sz\u00e1llod\u00e1b\u00f3l. T\u00far\u00e1nk a h\u00edres Marina Bay Sands Hotel 57. emelet\u00e9n tal\u00e1lhat\u00f3 Sky Park megl\u00e1togat\u00e1s\u00e1val kezd\u0151dik. A hihetetlen \u00e9p\u00edtm\u00e9ny Szingap\u00far \u00faj n\u00e9vjegye, a Marina Bay Sands Hotel. H\u00e1rom 55 emeletes toronyb\u00f3l \u00e1ll, amelyeket egy 380 m\u00e9teres gondol\u00e1val k\u00f6tnek \u00f6ssze. A sz\u00e1lloda tetej\u00e9n \u00fasz\u00f3medence, \u00e9ttermek, \u00e9jszakai klub \u00e9s egy kil\u00e1t\u00f3terasz tal\u00e1lhat\u00f3, ahonnan panor\u00e1m\u00e1s kil\u00e1t\u00e1s ny\u00edlik eg\u00e9sz Szingap\u00farra. Ezut\u00e1n egy fantasztikus Spectra-j\u00e1t\u00e9k v\u00e1rja \u00d6n\u00f6ket, amely a Marina Bay partj\u00e1n ter\u00fcl el. Elmer\u00fclhet a v\u00edz, a f\u00e9ny \u00e9s a zene hihetetlen j\u00e1t\u00e9k\u00e1ban. A show egy \u00e9letre sz\u00f3l\u00f3 utaz\u00e1sra kalauzolja el \u00d6nt. Felejthetetlen benyom\u00e1sok tenger\u00e9t kapja! Ezut\u00e1n egy folyami haj\u00f3kir\u00e1ndul\u00e1son vehet r\u00e9szt a Szingap\u00far foly\u00f3n egy tipikus 19. sz\u00e1zadi haj\u00f3n. R\u00e9gen a bumfordi haj\u00f3k (bumboatok) sz\u00e1zsz\u00e1mra sz\u00e1ll\u00edtott\u00e1k az \u00e1rukat az egyik partr\u00f3l a m\u00e1sikra. A Szingap\u00far foly\u00f3 volt Szingap\u00far \u00e9let\u00e9nek k\u00f6zpontja. Az els\u0151 bev\u00e1ndorl\u00f3k a partj\u00e1n telepedtek le, \u00e9s minden kereskedelem itt zajlott, \u00edgy a hal\u00e1szfalub\u00f3l fokozatosan hatalmas tengeri kik\u00f6t\u0151 lett. A folyami haj\u00f3\u00fat lehet\u0151s\u00e9get ad arra, hogy elmer\u00fclj\u00f6n Szingap\u00far m\u00faltj\u00e1ban, jelen\u00e9ben \u00e9s tal\u00e1n j\u00f6v\u0151j\u00e9ben. T\u00far\u00e1nk a Clarke Quay-n\u00e9l, Szingap\u00far legn\u00e9pszer\u0171bb \u00e9jszakai negyed\u00e9ben \u00e9r v\u00e9get. \u0412<br \/>\n\u00e9ttermek, k\u00e1v\u00e9z\u00f3k, b\u00e1rok \u00e9s \u00e9jszakai klubok ma m\u00e1r r\u00e9gi h\u00e1zakban \u00e9s a Szingap\u00far foly\u00f3 partj\u00e1n \u00f6r\u00f6kre kik\u00f6t\u00f6tt k\u00ednai dzsunk\u00e1kban tal\u00e1lhat\u00f3k. A hangulatos, \u00e9l\u0151zen\u00e9s b\u00e1rban megk\u00f3stolhatja a vil\u00e1gh\u00edr\u0171 Singapore Sling kokt\u00e9lt \u00e9s a jellegzetes Chili Crab \u00e9tel\u00e9t. Visszat\u00e9r\u00e9s a sz\u00e1llod\u00e1ba 20:30 k\u00f6r\u00fcl.<\/p>\n<p><strong>Tartalmazza:<\/strong><\/p>\n<ul>\n<li>Transzfer a sz\u00e1llod\u00e1ba \u00e9s a sz\u00e1llod\u00e1b\u00f3l (minden szingap\u00fari sz\u00e1llod\u00e1b\u00f3l)<\/li>\n<li>A programban szerepl\u0151 \u00f6sszes \u00e1tutal\u00e1s<\/li>\n<li>Magyarul besz\u00e9l\u0151 idegenvezet\u0151<\/li>\n<\/ul>\n<p><strong>Vigy\u00e9l magaddal:<\/strong><\/p>\n<ul>\n<li>V\u00edz<\/li>\n<li>Fejd\u00edsz<\/li>\n<li>Zsebp\u00e9nz<\/li>\n<\/ul>","protected":false},"excerpt":{"rendered":"<p><strong>Kir\u00e1ndul\u00e1s Id\u0151pontja:<\/strong> 17:00 &#8212; 20:30<\/p>\n<p><strong>A Kir\u00e1ndul\u00e1s Napjai:<\/strong> Naponta<\/p>","protected":false},"featured_media":41884,"template":"","meta":{"_kad_post_transparent":"default","_kad_post_title":"","_kad_post_layout":"default","_kad_post_sidebar_id":"","_kad_post_content_style":"default","_kad_post_vertical_padding":"default","_kad_post_feature":"","_kad_post_feature_position":"","_kad_post_header":false,"_kad_post_footer":false,"_kad_post_classname":"","_glsr_average":0,"_glsr_ranking":0,"_glsr_reviews":0},"product_brand":[],"product_cat":[440],"product_tag":[],"class_list":{"0":"post-41883","1":"product","2":"type-product","3":"status-publish","4":"has-post-thumbnail","6":"product_cat-singapore","7":"tm-has-options","9":"first","10":"instock","11":"sale","12":"sold-individually","13":"taxable","14":"shipping-taxable","15":"purchasable","16":"product-type-simple","17":"entry","18":"content-bg","19":"loop-entry"},"yoast_head":"<!-- This site is optimized with the Yoast SEO plugin v27.3 - https:\/\/yoast.com\/product\/yoast-seo-wordpress\/ -->\n<title>\u0412\u0435\u0447\u0435\u0440\u043d\u0438\u0439 \u0421\u0438\u043d\u0433\u0430\u043f\u0443\u0440 &#8226; \u042d\u043a\u0441\u043a\u0443\u0440\u0441\u0438\u0438 Skyline<\/title>\n<meta name=\"robots\" content=\"index, follow, max-snippet:-1, max-image-preview:large, max-video-preview:-1\" \/>\n<link rel=\"canonical\" href=\"https:\/\/skyline-gs.com\/hu\/termek\/evening-singapore\/\" \/>\n<meta property=\"og:locale\" content=\"hu_HU\" \/>\n<meta property=\"og:type\" content=\"article\" \/>\n<meta property=\"og:title\" content=\"\u0412\u0435\u0447\u0435\u0440\u043d\u0438\u0439 \u0421\u0438\u043d\u0433\u0430\u043f\u0443\u0440 &#8226; \u042d\u043a\u0441\u043a\u0443\u0440\u0441\u0438\u0438 Skyline\" \/>\n<meta property=\"og:description\" content=\"\u0412\u0440\u0435\u043c\u044f \u0442\u0443\u0440\u0430: 17:00 - 20:30  \u0414\u043d\u0438 \u043f\u0440\u043e\u0432\u0435\u0434\u0435\u043d\u0438\u044f: \u0435\u0436\u0435\u0434\u043d\u0435\u0432\u043d\u043e\" \/>\n<meta property=\"og:url\" content=\"https:\/\/skyline-gs.com\/hu\/termek\/evening-singapore\/\" \/>\n<meta property=\"og:site_name\" content=\"\u042d\u043a\u0441\u043a\u0443\u0440\u0441\u0438\u0438 Skyline\" \/>\n<meta property=\"article:modified_time\" content=\"2025-05-31T20:00:55+00:00\" \/>\n<meta property=\"og:image\" content=\"https:\/\/skyline-gs.com\/wp-content\/uploads\/2023\/01\/20-1.png\" \/>\n\t<meta property=\"og:image:width\" content=\"669\" \/>\n\t<meta property=\"og:image:height\" content=\"446\" \/>\n\t<meta property=\"og:image:type\" content=\"image\/png\" \/>\n<meta name=\"twitter:card\" content=\"summary_large_image\" \/>\n<meta name=\"twitter:label1\" content=\"Becs\u00fclt olvas\u00e1si id\u0151\" \/>\n\t<meta name=\"twitter:data1\" content=\"2 perc\" \/>\n<script type=\"application\/ld+json\" class=\"yoast-schema-graph\">{\"@context\":\"https:\\\/\\\/schema.org\",\"@graph\":[{\"@type\":\"WebPage\",\"@id\":\"https:\\\/\\\/skyline-gs.com\\\/product\\\/evening-singapore\\\/\",\"url\":\"https:\\\/\\\/skyline-gs.com\\\/product\\\/evening-singapore\\\/\",\"name\":\"\u0412\u0435\u0447\u0435\u0440\u043d\u0438\u0439 \u0421\u0438\u043d\u0433\u0430\u043f\u0443\u0440 &#8226; \u042d\u043a\u0441\u043a\u0443\u0440\u0441\u0438\u0438 Skyline\",\"isPartOf\":{\"@id\":\"https:\\\/\\\/skyline-gs.com\\\/it\\\/#website\"},\"primaryImageOfPage\":{\"@id\":\"https:\\\/\\\/skyline-gs.com\\\/product\\\/evening-singapore\\\/#primaryimage\"},\"image\":{\"@id\":\"https:\\\/\\\/skyline-gs.com\\\/product\\\/evening-singapore\\\/#primaryimage\"},\"thumbnailUrl\":\"https:\\\/\\\/skyline-gs.com\\\/wp-content\\\/uploads\\\/2023\\\/01\\\/20-1.png\",\"datePublished\":\"2023-01-21T22:38:22+00:00\",\"dateModified\":\"2025-05-31T20:00:55+00:00\",\"breadcrumb\":{\"@id\":\"https:\\\/\\\/skyline-gs.com\\\/product\\\/evening-singapore\\\/#breadcrumb\"},\"inLanguage\":\"hu\",\"potentialAction\":[{\"@type\":\"ReadAction\",\"target\":[\"https:\\\/\\\/skyline-gs.com\\\/product\\\/evening-singapore\\\/\"]}]},{\"@type\":\"ImageObject\",\"inLanguage\":\"hu\",\"@id\":\"https:\\\/\\\/skyline-gs.com\\\/product\\\/evening-singapore\\\/#primaryimage\",\"url\":\"https:\\\/\\\/skyline-gs.com\\\/wp-content\\\/uploads\\\/2023\\\/01\\\/20-1.png\",\"contentUrl\":\"https:\\\/\\\/skyline-gs.com\\\/wp-content\\\/uploads\\\/2023\\\/01\\\/20-1.png\",\"width\":669,\"height\":446},{\"@type\":\"BreadcrumbList\",\"@id\":\"https:\\\/\\\/skyline-gs.com\\\/product\\\/evening-singapore\\\/#breadcrumb\",\"itemListElement\":[{\"@type\":\"ListItem\",\"position\":1,\"name\":\"\u0413\u043b\u0430\u0432\u043d\u0430\u044f \u0441\u0442\u0440\u0430\u043d\u0438\u0446\u0430\",\"item\":\"https:\\\/\\\/skyline-gs.com\\\/hu\\\/\"},{\"@type\":\"ListItem\",\"position\":2,\"name\":\"\u041c\u0430\u0433\u0430\u0437\u0438\u043d\",\"item\":\"https:\\\/\\\/skyline-gs.com\\\/cs\\\/shop\\\/\"},{\"@type\":\"ListItem\",\"position\":3,\"name\":\"\u0412\u0435\u0447\u0435\u0440\u043d\u0438\u0439 \u0421\u0438\u043d\u0433\u0430\u043f\u0443\u0440\"}]},{\"@type\":\"WebSite\",\"@id\":\"https:\\\/\\\/skyline-gs.com\\\/it\\\/#website\",\"url\":\"https:\\\/\\\/skyline-gs.com\\\/it\\\/\",\"name\":\"\u042d\u043a\u0441\u043a\u0443\u0440\u0441\u0438\u0438 Skyline\",\"description\":\"\u042d\u043a\u0441\u043a\u043b\u044e\u0437\u0438\u0432\u043d\u044b\u0435 \u044d\u043a\u0441\u043a\u0443\u0440\u0441\u0438\u0438 \u043d\u0430 \u043b\u0443\u0447\u0448\u0438\u0445 \u043a\u0443\u0440\u043e\u0440\u0442\u0430\u0445 \u043c\u0438\u0440\u0430\",\"publisher\":{\"@id\":\"https:\\\/\\\/skyline-gs.com\\\/it\\\/#organization\"},\"alternateName\":\"Skyline\",\"potentialAction\":[{\"@type\":\"SearchAction\",\"target\":{\"@type\":\"EntryPoint\",\"urlTemplate\":\"https:\\\/\\\/skyline-gs.com\\\/it\\\/?s={search_term_string}\"},\"query-input\":{\"@type\":\"PropertyValueSpecification\",\"valueRequired\":true,\"valueName\":\"search_term_string\"}}],\"inLanguage\":\"hu\"},{\"@type\":\"Organization\",\"@id\":\"https:\\\/\\\/skyline-gs.com\\\/it\\\/#organization\",\"name\":\"\u042d\u043a\u0441\u043a\u0443\u0440\u0441\u0438\u0438 Skyline\",\"alternateName\":\"\u042d\u043a\u0441\u043a\u0443\u0440\u0441\u0438\u0438 Skyline\",\"url\":\"https:\\\/\\\/skyline-gs.com\\\/it\\\/\",\"logo\":{\"@type\":\"ImageObject\",\"inLanguage\":\"hu\",\"@id\":\"https:\\\/\\\/skyline-gs.com\\\/it\\\/#\\\/schema\\\/logo\\\/image\\\/\",\"url\":\"https:\\\/\\\/skyline-gs.com\\\/wp-content\\\/uploads\\\/2020\\\/12\\\/cropped-logo-2.png\",\"contentUrl\":\"https:\\\/\\\/skyline-gs.com\\\/wp-content\\\/uploads\\\/2020\\\/12\\\/cropped-logo-2.png\",\"width\":512,\"height\":512,\"caption\":\"\u042d\u043a\u0441\u043a\u0443\u0440\u0441\u0438\u0438 Skyline\"},\"image\":{\"@id\":\"https:\\\/\\\/skyline-gs.com\\\/it\\\/#\\\/schema\\\/logo\\\/image\\\/\"},\"sameAs\":[\"https:\\\/\\\/www.instagram.com\\\/skylineglobalservice\\\/\"]}]}<\/script>\n<!-- \/ Yoast SEO plugin. -->","yoast_head_json":{"title":"\u0412\u0435\u0447\u0435\u0440\u043d\u0438\u0439 \u0421\u0438\u043d\u0433\u0430\u043f\u0443\u0440 &#8226; \u042d\u043a\u0441\u043a\u0443\u0440\u0441\u0438\u0438 Skyline","robots":{"index":"index","follow":"follow","max-snippet":"max-snippet:-1","max-image-preview":"max-image-preview:large","max-video-preview":"max-video-preview:-1"},"canonical":"https:\/\/skyline-gs.com\/hu\/termek\/evening-singapore\/","og_locale":"hu_HU","og_type":"article","og_title":"\u0412\u0435\u0447\u0435\u0440\u043d\u0438\u0439 \u0421\u0438\u043d\u0433\u0430\u043f\u0443\u0440 &#8226; \u042d\u043a\u0441\u043a\u0443\u0440\u0441\u0438\u0438 Skyline","og_description":"\u0412\u0440\u0435\u043c\u044f \u0442\u0443\u0440\u0430: 17:00 - 20:30  \u0414\u043d\u0438 \u043f\u0440\u043e\u0432\u0435\u0434\u0435\u043d\u0438\u044f: \u0435\u0436\u0435\u0434\u043d\u0435\u0432\u043d\u043e","og_url":"https:\/\/skyline-gs.com\/hu\/termek\/evening-singapore\/","og_site_name":"\u042d\u043a\u0441\u043a\u0443\u0440\u0441\u0438\u0438 Skyline","article_modified_time":"2025-05-31T20:00:55+00:00","og_image":[{"width":669,"height":446,"url":"https:\/\/skyline-gs.com\/wp-content\/uploads\/2023\/01\/20-1.png","type":"image\/png"}],"twitter_card":"summary_large_image","twitter_misc":{"Becs\u00fclt olvas\u00e1si id\u0151":"2 perc"},"schema":{"@context":"https:\/\/schema.org","@graph":[{"@type":"WebPage","@id":"https:\/\/skyline-gs.com\/product\/evening-singapore\/","url":"https:\/\/skyline-gs.com\/product\/evening-singapore\/","name":"\u0412\u0435\u0447\u0435\u0440\u043d\u0438\u0439 \u0421\u0438\u043d\u0433\u0430\u043f\u0443\u0440 &#8226; \u042d\u043a\u0441\u043a\u0443\u0440\u0441\u0438\u0438 Skyline","isPartOf":{"@id":"https:\/\/skyline-gs.com\/it\/#website"},"primaryImageOfPage":{"@id":"https:\/\/skyline-gs.com\/product\/evening-singapore\/#primaryimage"},"image":{"@id":"https:\/\/skyline-gs.com\/product\/evening-singapore\/#primaryimage"},"thumbnailUrl":"https:\/\/skyline-gs.com\/wp-content\/uploads\/2023\/01\/20-1.png","datePublished":"2023-01-21T22:38:22+00:00","dateModified":"2025-05-31T20:00:55+00:00","breadcrumb":{"@id":"https:\/\/skyline-gs.com\/product\/evening-singapore\/#breadcrumb"},"inLanguage":"hu","potentialAction":[{"@type":"ReadAction","target":["https:\/\/skyline-gs.com\/product\/evening-singapore\/"]}]},{"@type":"ImageObject","inLanguage":"hu","@id":"https:\/\/skyline-gs.com\/product\/evening-singapore\/#primaryimage","url":"https:\/\/skyline-gs.com\/wp-content\/uploads\/2023\/01\/20-1.png","contentUrl":"https:\/\/skyline-gs.com\/wp-content\/uploads\/2023\/01\/20-1.png","width":669,"height":446},{"@type":"BreadcrumbList","@id":"https:\/\/skyline-gs.com\/product\/evening-singapore\/#breadcrumb","itemListElement":[{"@type":"ListItem","position":1,"name":"\u0413\u043b\u0430\u0432\u043d\u0430\u044f \u0441\u0442\u0440\u0430\u043d\u0438\u0446\u0430","item":"https:\/\/skyline-gs.com\/hu\/"},{"@type":"ListItem","position":2,"name":"\u041c\u0430\u0433\u0430\u0437\u0438\u043d","item":"https:\/\/skyline-gs.com\/cs\/shop\/"},{"@type":"ListItem","position":3,"name":"\u0412\u0435\u0447\u0435\u0440\u043d\u0438\u0439 \u0421\u0438\u043d\u0433\u0430\u043f\u0443\u0440"}]},{"@type":"WebSite","@id":"https:\/\/skyline-gs.com\/it\/#website","url":"https:\/\/skyline-gs.com\/it\/","name":"Skyline T\u00far\u00e1k","description":"Exkluz\u00edv kir\u00e1ndul\u00e1sok a vil\u00e1g legjobb \u00fcd\u00fcl\u0151helyein","publisher":{"@id":"https:\/\/skyline-gs.com\/it\/#organization"},"alternateName":"Skyline","potentialAction":[{"@type":"SearchAction","target":{"@type":"EntryPoint","urlTemplate":"https:\/\/skyline-gs.com\/it\/?s={search_term_string}"},"query-input":{"@type":"PropertyValueSpecification","valueRequired":true,"valueName":"search_term_string"}}],"inLanguage":"hu"},{"@type":"Organization","@id":"https:\/\/skyline-gs.com\/it\/#organization","name":"Skyline T\u00far\u00e1k","alternateName":"\u042d\u043a\u0441\u043a\u0443\u0440\u0441\u0438\u0438 Skyline","url":"https:\/\/skyline-gs.com\/it\/","logo":{"@type":"ImageObject","inLanguage":"hu","@id":"https:\/\/skyline-gs.com\/it\/#\/schema\/logo\/image\/","url":"https:\/\/skyline-gs.com\/wp-content\/uploads\/2020\/12\/cropped-logo-2.png","contentUrl":"https:\/\/skyline-gs.com\/wp-content\/uploads\/2020\/12\/cropped-logo-2.png","width":512,"height":512,"caption":"\u042d\u043a\u0441\u043a\u0443\u0440\u0441\u0438\u0438 Skyline"},"image":{"@id":"https:\/\/skyline-gs.com\/it\/#\/schema\/logo\/image\/"},"sameAs":["https:\/\/www.instagram.com\/skylineglobalservice\/"]}]}},"_links":{"self":[{"href":"https:\/\/skyline-gs.com\/hu\/wp-json\/wp\/v2\/product\/41883","targetHints":{"allow":["GET"]}}],"collection":[{"href":"https:\/\/skyline-gs.com\/hu\/wp-json\/wp\/v2\/product"}],"about":[{"href":"https:\/\/skyline-gs.com\/hu\/wp-json\/wp\/v2\/types\/product"}],"version-history":[{"count":0,"href":"https:\/\/skyline-gs.com\/hu\/wp-json\/wp\/v2\/product\/41883\/revisions"}],"wp:featuredmedia":[{"embeddable":true,"href":"https:\/\/skyline-gs.com\/hu\/wp-json\/wp\/v2\/media\/41884"}],"wp:attachment":[{"href":"https:\/\/skyline-gs.com\/hu\/wp-json\/wp\/v2\/media?parent=41883"}],"wp:term":[{"taxonomy":"product_brand","embeddable":true,"href":"https:\/\/skyline-gs.com\/hu\/wp-json\/wp\/v2\/product_brand?post=41883"},{"taxonomy":"product_cat","embeddable":true,"href":"https:\/\/skyline-gs.com\/hu\/wp-json\/wp\/v2\/product_cat?post=41883"},{"taxonomy":"product_tag","embeddable":true,"href":"https:\/\/skyline-gs.com\/hu\/wp-json\/wp\/v2\/product_tag?post=41883"}],"curies":[{"name":"wp","href":"https:\/\/api.w.org\/{rel}","templated":true}]}}