{"id":41869,"date":"2023-01-22T00:09:34","date_gmt":"2023-01-21T22:09:34","guid":{"rendered":"http:\/\/skyline-gs.com\/?post_type=product&#038;p=41869"},"modified":"2025-05-31T21:58:31","modified_gmt":"2025-05-31T19:58:31","slug":"ethnic-quarters-singapore","status":"publish","type":"product","link":"https:\/\/skyline-gs.com\/hu\/product\/ethnic-quarters-singapore\/","title":{"rendered":"Etnikai szomsz\u00e9ds\u00e1gok"},"content":{"rendered":"<p>9:00 kijelentkez\u00e9s. Kik a szingap\u00fariak? \u00c9s honnan j\u00f6ttek? Ezekre a k\u00e9rd\u00e9sekre v\u00e1laszt kaphat, ha ell\u00e1togat Szingap\u00far h\u00e1rom t\u00f6rt\u00e9nelmi negyed\u00e9be: Chinatownba, Little Indi\u00e1ba \u00e9s Kampong Glambe. Ezek a v\u00e1rosr\u00e9szek t\u00fckr\u00f6zik a sziget gazdag kultur\u00e1lis \u00e9s etnikai t\u00f6rt\u00e9nelm\u00e9t, amely eg\u00e9szen a 19. sz\u00e1zadig ny\u00falik vissza.<br \/>\nT\u00far\u00e1nkat a \"Little India\" negyed megl\u00e1togat\u00e1s\u00e1val kezdj\u00fck. Amint a \"Little India\" negyedbe \u00e9r\u00fcnk - nem tehet\u00fcnk m\u00e1st, minthogy \u00e9szrevessz\u00fck a hely \"indiaiass\u00e1g\u00e1t\": a f\u0171szerek \u00e9s f\u0171szerek illat\u00e1t, az illatos j\u00e1zminf\u00fcz\u00e9reket; az ez\u00fcst \u00e9s r\u00e9z haszn\u00e1lati t\u00e1rgyak csillog\u00e1s\u00e1t; a selyemsz\u00e1rik rendk\u00edv\u00fcli sz\u00edneit \u00e9s a csillog\u00f3 kark\u00f6t\u0151k arany\u00e1t. A sz\u00ednek \u00e9s illatok eme l\u00e1rm\u00e1ja egy pillanat alatt az igazi Indi\u00e1ba rep\u00edti \u00d6nt.<br \/>\nEzut\u00e1n utunk a \"Kampong Glam\"-be vezet, a K\u00f6zel-Kelet egy kis szelet\u00e9be Szingap\u00farban, amelyet arab negyedk\u00e9nt is ismer\u00fcnk. Egykor hal\u00e1szfalu volt a Rochor foly\u00f3 torkolat\u00e1n\u00e1l, de az er\u0151s arab-mal\u00e1j hat\u00e1snak k\u00f6sz\u00f6nhet\u0151en a falu muszlim kereskedelmi k\u00f6zpontt\u00e1 alakult \u00e1t.<br \/>\nszomsz\u00e9ds\u00e1g\u00e1ban. Itt tal\u00e1lhat\u00f3 a mal\u00e1j kir\u00e1lyi csal\u00e1d Istana palot\u00e1ja, amely ma a Mal\u00e1j T\u00f6rt\u00e9nelmi K\u00f6zpontnak ad otthont. Itt l\u00e1that\u00f3 a szult\u00e1ni mecset csillog\u00f3 aranykupol\u00e1ja.<br \/>\nmesszir\u0151l. Ma ez Szingap\u00far legnagyobb mecsete, \u00e9s itt tartj\u00e1k minden \u00e9vben a ramad\u00e1n ut\u00e1ni Hari Raya \u00fcnneps\u00e9geket. S\u00e9t\u00e1ljon v\u00e9gig a h\u00edres s\u00e9t\u00e1l\u00f3utc\u00e1n, a Bussorah utc\u00e1n, \u00e9s k\u00f3stolja meg a hagyom\u00e1nyos mal\u00e1j te\u00e1t, a Teh Tarikot a r\u00e9gi boltban tal\u00e1lhat\u00f3 sz\u00e1mos k\u00e1v\u00e9z\u00f3 egyik\u00e9ben. Tov\u00e1bb haladva megtal\u00e1lj\u00e1k a k\u00ednai negyedet, ahol a 19. sz\u00e1zad elej\u00e9n a D\u00e9l-K\u00edn\u00e1b\u00f3l \u00e9rkezett emberek telepedtek le. Ma a k\u00ednai negyed r\u00e9gi h\u00e1zak, \u00fczletek \u00e9s ultramodern irod\u00e1k, teah\u00e1zak \u00e9s kocsm\u00e1k negyede. Itt is, mint Szingap\u00far m\u00e1s r\u00e9szein, t\u00f6bb kult\u00fara \u00e9s civiliz\u00e1ci\u00f3 kevered\u00e9s\u00e9t \u00e9rezhetj\u00fck: k\u00ednai templomok \u00e1llnak a mecsetek mellett. Megl\u00e1togatja a legr\u00e9gebbi hindu templomot, Sri Mariamman-t, amelyet az es\u0151 anyaistenn\u0151nek, a betegs\u00e9gek \u00e9s j\u00e1rv\u00e1nyok elleni v\u00e9delmez\u0151nek szenteltek. V\u00e9gigs\u00e9t\u00e1l a k\u00ednai negyed utc\u00e1in, \u00e9s megtudja, kik azok a \"cooliok\", \"riks\u00e1k\" \u00e9s \"samsui\" n\u0151k.  Visszat\u00e9r\u00e9s a sz\u00e1llod\u00e1ba 13:00 \u00f3ra k\u00f6r\u00fcl.<\/p>\n<p><strong>Tartalmazza:<\/strong><\/p>\n<ul>\n<li>Transzfer a sz\u00e1llod\u00e1ba \u00e9s a sz\u00e1llod\u00e1b\u00f3l (minden szingap\u00fari sz\u00e1llod\u00e1b\u00f3l)<\/li>\n<li>A programban szerepl\u0151 \u00f6sszes \u00e1tutal\u00e1s<\/li>\n<li>Magyarul besz\u00e9l\u0151 idegenvezet\u0151<\/li>\n<\/ul>\n<p><strong>Vigy\u00e9l magaddal:<\/strong><\/p>\n<ul>\n<li>V\u00edz<\/li>\n<li>Fejd\u00edsz<\/li>\n<li>Zsebp\u00e9nz<\/li>\n<\/ul>","protected":false},"excerpt":{"rendered":"<p><strong>Kir\u00e1ndul\u00e1s Id\u0151pontja:<\/strong> 9:00 &#8212; 13:00<\/p>\n<p><strong>A Kir\u00e1ndul\u00e1s Napjai:<\/strong> Naponta<\/p>","protected":false},"featured_media":41882,"template":"","meta":{"_kad_post_transparent":"default","_kad_post_title":"","_kad_post_layout":"default","_kad_post_sidebar_id":"","_kad_post_content_style":"default","_kad_post_vertical_padding":"default","_kad_post_feature":"","_kad_post_feature_position":"","_kad_post_header":false,"_kad_post_footer":false,"_kad_post_classname":"","_glsr_average":0,"_glsr_ranking":0,"_glsr_reviews":0},"product_brand":[],"product_cat":[440],"product_tag":[],"class_list":{"0":"post-41869","1":"product","2":"type-product","3":"status-publish","4":"has-post-thumbnail","6":"product_cat-singapore","7":"tm-has-options","9":"first","10":"instock","11":"sale","12":"sold-individually","13":"taxable","14":"shipping-taxable","15":"purchasable","16":"product-type-simple","17":"entry","18":"content-bg","19":"loop-entry"},"yoast_head":"<!-- This site is optimized with the Yoast SEO plugin v27.3 - https:\/\/yoast.com\/product\/yoast-seo-wordpress\/ -->\n<title>\u042d\u0442\u043d\u0438\u0447\u0435\u0441\u043a\u0438\u0435 \u043a\u0432\u0430\u0440\u0442\u0430\u043b\u044b &#8226; \u042d\u043a\u0441\u043a\u0443\u0440\u0441\u0438\u0438 Skyline<\/title>\n<meta name=\"robots\" content=\"index, follow, max-snippet:-1, max-image-preview:large, max-video-preview:-1\" \/>\n<link rel=\"canonical\" href=\"https:\/\/skyline-gs.com\/hu\/termek\/ethnic-quarters-singapore\/\" \/>\n<meta property=\"og:locale\" content=\"hu_HU\" \/>\n<meta property=\"og:type\" content=\"article\" \/>\n<meta property=\"og:title\" content=\"\u042d\u0442\u043d\u0438\u0447\u0435\u0441\u043a\u0438\u0435 \u043a\u0432\u0430\u0440\u0442\u0430\u043b\u044b &#8226; \u042d\u043a\u0441\u043a\u0443\u0440\u0441\u0438\u0438 Skyline\" \/>\n<meta property=\"og:description\" content=\"\u0412\u0440\u0435\u043c\u044f \u0442\u0443\u0440\u0430: 9:00 - 13:00  \u0414\u043d\u0438 \u043f\u0440\u043e\u0432\u0435\u0434\u0435\u043d\u0438\u044f: \u0435\u0436\u0435\u0434\u043d\u0435\u0432\u043d\u043e\" \/>\n<meta property=\"og:url\" content=\"https:\/\/skyline-gs.com\/hu\/termek\/ethnic-quarters-singapore\/\" \/>\n<meta property=\"og:site_name\" content=\"\u042d\u043a\u0441\u043a\u0443\u0440\u0441\u0438\u0438 Skyline\" \/>\n<meta property=\"article:modified_time\" content=\"2025-05-31T19:58:31+00:00\" \/>\n<meta property=\"og:image\" content=\"https:\/\/skyline-gs.com\/wp-content\/uploads\/2023\/01\/8-8.png\" \/>\n\t<meta property=\"og:image:width\" content=\"669\" \/>\n\t<meta property=\"og:image:height\" content=\"446\" \/>\n\t<meta property=\"og:image:type\" content=\"image\/png\" \/>\n<meta name=\"twitter:card\" content=\"summary_large_image\" \/>\n<meta name=\"twitter:label1\" content=\"Becs\u00fclt olvas\u00e1si id\u0151\" \/>\n\t<meta name=\"twitter:data1\" content=\"2 perc\" \/>\n<script type=\"application\/ld+json\" class=\"yoast-schema-graph\">{\"@context\":\"https:\\\/\\\/schema.org\",\"@graph\":[{\"@type\":\"WebPage\",\"@id\":\"https:\\\/\\\/skyline-gs.com\\\/product\\\/ethnic-quarters-singapore\\\/\",\"url\":\"https:\\\/\\\/skyline-gs.com\\\/product\\\/ethnic-quarters-singapore\\\/\",\"name\":\"\u042d\u0442\u043d\u0438\u0447\u0435\u0441\u043a\u0438\u0435 \u043a\u0432\u0430\u0440\u0442\u0430\u043b\u044b &#8226; \u042d\u043a\u0441\u043a\u0443\u0440\u0441\u0438\u0438 Skyline\",\"isPartOf\":{\"@id\":\"https:\\\/\\\/skyline-gs.com\\\/it\\\/#website\"},\"primaryImageOfPage\":{\"@id\":\"https:\\\/\\\/skyline-gs.com\\\/product\\\/ethnic-quarters-singapore\\\/#primaryimage\"},\"image\":{\"@id\":\"https:\\\/\\\/skyline-gs.com\\\/product\\\/ethnic-quarters-singapore\\\/#primaryimage\"},\"thumbnailUrl\":\"https:\\\/\\\/skyline-gs.com\\\/wp-content\\\/uploads\\\/2023\\\/01\\\/8-8.png\",\"datePublished\":\"2023-01-21T22:09:34+00:00\",\"dateModified\":\"2025-05-31T19:58:31+00:00\",\"breadcrumb\":{\"@id\":\"https:\\\/\\\/skyline-gs.com\\\/product\\\/ethnic-quarters-singapore\\\/#breadcrumb\"},\"inLanguage\":\"hu\",\"potentialAction\":[{\"@type\":\"ReadAction\",\"target\":[\"https:\\\/\\\/skyline-gs.com\\\/product\\\/ethnic-quarters-singapore\\\/\"]}]},{\"@type\":\"ImageObject\",\"inLanguage\":\"hu\",\"@id\":\"https:\\\/\\\/skyline-gs.com\\\/product\\\/ethnic-quarters-singapore\\\/#primaryimage\",\"url\":\"https:\\\/\\\/skyline-gs.com\\\/wp-content\\\/uploads\\\/2023\\\/01\\\/8-8.png\",\"contentUrl\":\"https:\\\/\\\/skyline-gs.com\\\/wp-content\\\/uploads\\\/2023\\\/01\\\/8-8.png\",\"width\":669,\"height\":446},{\"@type\":\"BreadcrumbList\",\"@id\":\"https:\\\/\\\/skyline-gs.com\\\/product\\\/ethnic-quarters-singapore\\\/#breadcrumb\",\"itemListElement\":[{\"@type\":\"ListItem\",\"position\":1,\"name\":\"\u0413\u043b\u0430\u0432\u043d\u0430\u044f \u0441\u0442\u0440\u0430\u043d\u0438\u0446\u0430\",\"item\":\"https:\\\/\\\/skyline-gs.com\\\/hu\\\/\"},{\"@type\":\"ListItem\",\"position\":2,\"name\":\"\u041c\u0430\u0433\u0430\u0437\u0438\u043d\",\"item\":\"https:\\\/\\\/skyline-gs.com\\\/cs\\\/shop\\\/\"},{\"@type\":\"ListItem\",\"position\":3,\"name\":\"\u042d\u0442\u043d\u0438\u0447\u0435\u0441\u043a\u0438\u0435 \u043a\u0432\u0430\u0440\u0442\u0430\u043b\u044b\"}]},{\"@type\":\"WebSite\",\"@id\":\"https:\\\/\\\/skyline-gs.com\\\/it\\\/#website\",\"url\":\"https:\\\/\\\/skyline-gs.com\\\/it\\\/\",\"name\":\"\u042d\u043a\u0441\u043a\u0443\u0440\u0441\u0438\u0438 Skyline\",\"description\":\"\u042d\u043a\u0441\u043a\u043b\u044e\u0437\u0438\u0432\u043d\u044b\u0435 \u044d\u043a\u0441\u043a\u0443\u0440\u0441\u0438\u0438 \u043d\u0430 \u043b\u0443\u0447\u0448\u0438\u0445 \u043a\u0443\u0440\u043e\u0440\u0442\u0430\u0445 \u043c\u0438\u0440\u0430\",\"publisher\":{\"@id\":\"https:\\\/\\\/skyline-gs.com\\\/it\\\/#organization\"},\"alternateName\":\"Skyline\",\"potentialAction\":[{\"@type\":\"SearchAction\",\"target\":{\"@type\":\"EntryPoint\",\"urlTemplate\":\"https:\\\/\\\/skyline-gs.com\\\/it\\\/?s={search_term_string}\"},\"query-input\":{\"@type\":\"PropertyValueSpecification\",\"valueRequired\":true,\"valueName\":\"search_term_string\"}}],\"inLanguage\":\"hu\"},{\"@type\":\"Organization\",\"@id\":\"https:\\\/\\\/skyline-gs.com\\\/it\\\/#organization\",\"name\":\"\u042d\u043a\u0441\u043a\u0443\u0440\u0441\u0438\u0438 Skyline\",\"alternateName\":\"\u042d\u043a\u0441\u043a\u0443\u0440\u0441\u0438\u0438 Skyline\",\"url\":\"https:\\\/\\\/skyline-gs.com\\\/it\\\/\",\"logo\":{\"@type\":\"ImageObject\",\"inLanguage\":\"hu\",\"@id\":\"https:\\\/\\\/skyline-gs.com\\\/it\\\/#\\\/schema\\\/logo\\\/image\\\/\",\"url\":\"https:\\\/\\\/skyline-gs.com\\\/wp-content\\\/uploads\\\/2020\\\/12\\\/cropped-logo-2.png\",\"contentUrl\":\"https:\\\/\\\/skyline-gs.com\\\/wp-content\\\/uploads\\\/2020\\\/12\\\/cropped-logo-2.png\",\"width\":512,\"height\":512,\"caption\":\"\u042d\u043a\u0441\u043a\u0443\u0440\u0441\u0438\u0438 Skyline\"},\"image\":{\"@id\":\"https:\\\/\\\/skyline-gs.com\\\/it\\\/#\\\/schema\\\/logo\\\/image\\\/\"},\"sameAs\":[\"https:\\\/\\\/www.instagram.com\\\/skylineglobalservice\\\/\"]}]}<\/script>\n<!-- \/ Yoast SEO plugin. -->","yoast_head_json":{"title":"\u042d\u0442\u043d\u0438\u0447\u0435\u0441\u043a\u0438\u0435 \u043a\u0432\u0430\u0440\u0442\u0430\u043b\u044b &#8226; \u042d\u043a\u0441\u043a\u0443\u0440\u0441\u0438\u0438 Skyline","robots":{"index":"index","follow":"follow","max-snippet":"max-snippet:-1","max-image-preview":"max-image-preview:large","max-video-preview":"max-video-preview:-1"},"canonical":"https:\/\/skyline-gs.com\/hu\/termek\/ethnic-quarters-singapore\/","og_locale":"hu_HU","og_type":"article","og_title":"\u042d\u0442\u043d\u0438\u0447\u0435\u0441\u043a\u0438\u0435 \u043a\u0432\u0430\u0440\u0442\u0430\u043b\u044b &#8226; \u042d\u043a\u0441\u043a\u0443\u0440\u0441\u0438\u0438 Skyline","og_description":"\u0412\u0440\u0435\u043c\u044f \u0442\u0443\u0440\u0430: 9:00 - 13:00  \u0414\u043d\u0438 \u043f\u0440\u043e\u0432\u0435\u0434\u0435\u043d\u0438\u044f: \u0435\u0436\u0435\u0434\u043d\u0435\u0432\u043d\u043e","og_url":"https:\/\/skyline-gs.com\/hu\/termek\/ethnic-quarters-singapore\/","og_site_name":"\u042d\u043a\u0441\u043a\u0443\u0440\u0441\u0438\u0438 Skyline","article_modified_time":"2025-05-31T19:58:31+00:00","og_image":[{"width":669,"height":446,"url":"https:\/\/skyline-gs.com\/wp-content\/uploads\/2023\/01\/8-8.png","type":"image\/png"}],"twitter_card":"summary_large_image","twitter_misc":{"Becs\u00fclt olvas\u00e1si id\u0151":"2 perc"},"schema":{"@context":"https:\/\/schema.org","@graph":[{"@type":"WebPage","@id":"https:\/\/skyline-gs.com\/product\/ethnic-quarters-singapore\/","url":"https:\/\/skyline-gs.com\/product\/ethnic-quarters-singapore\/","name":"\u042d\u0442\u043d\u0438\u0447\u0435\u0441\u043a\u0438\u0435 \u043a\u0432\u0430\u0440\u0442\u0430\u043b\u044b &#8226; \u042d\u043a\u0441\u043a\u0443\u0440\u0441\u0438\u0438 Skyline","isPartOf":{"@id":"https:\/\/skyline-gs.com\/it\/#website"},"primaryImageOfPage":{"@id":"https:\/\/skyline-gs.com\/product\/ethnic-quarters-singapore\/#primaryimage"},"image":{"@id":"https:\/\/skyline-gs.com\/product\/ethnic-quarters-singapore\/#primaryimage"},"thumbnailUrl":"https:\/\/skyline-gs.com\/wp-content\/uploads\/2023\/01\/8-8.png","datePublished":"2023-01-21T22:09:34+00:00","dateModified":"2025-05-31T19:58:31+00:00","breadcrumb":{"@id":"https:\/\/skyline-gs.com\/product\/ethnic-quarters-singapore\/#breadcrumb"},"inLanguage":"hu","potentialAction":[{"@type":"ReadAction","target":["https:\/\/skyline-gs.com\/product\/ethnic-quarters-singapore\/"]}]},{"@type":"ImageObject","inLanguage":"hu","@id":"https:\/\/skyline-gs.com\/product\/ethnic-quarters-singapore\/#primaryimage","url":"https:\/\/skyline-gs.com\/wp-content\/uploads\/2023\/01\/8-8.png","contentUrl":"https:\/\/skyline-gs.com\/wp-content\/uploads\/2023\/01\/8-8.png","width":669,"height":446},{"@type":"BreadcrumbList","@id":"https:\/\/skyline-gs.com\/product\/ethnic-quarters-singapore\/#breadcrumb","itemListElement":[{"@type":"ListItem","position":1,"name":"\u0413\u043b\u0430\u0432\u043d\u0430\u044f \u0441\u0442\u0440\u0430\u043d\u0438\u0446\u0430","item":"https:\/\/skyline-gs.com\/hu\/"},{"@type":"ListItem","position":2,"name":"\u041c\u0430\u0433\u0430\u0437\u0438\u043d","item":"https:\/\/skyline-gs.com\/cs\/shop\/"},{"@type":"ListItem","position":3,"name":"\u042d\u0442\u043d\u0438\u0447\u0435\u0441\u043a\u0438\u0435 \u043a\u0432\u0430\u0440\u0442\u0430\u043b\u044b"}]},{"@type":"WebSite","@id":"https:\/\/skyline-gs.com\/it\/#website","url":"https:\/\/skyline-gs.com\/it\/","name":"Skyline T\u00far\u00e1k","description":"Exkluz\u00edv kir\u00e1ndul\u00e1sok a vil\u00e1g legjobb \u00fcd\u00fcl\u0151helyein","publisher":{"@id":"https:\/\/skyline-gs.com\/it\/#organization"},"alternateName":"Skyline","potentialAction":[{"@type":"SearchAction","target":{"@type":"EntryPoint","urlTemplate":"https:\/\/skyline-gs.com\/it\/?s={search_term_string}"},"query-input":{"@type":"PropertyValueSpecification","valueRequired":true,"valueName":"search_term_string"}}],"inLanguage":"hu"},{"@type":"Organization","@id":"https:\/\/skyline-gs.com\/it\/#organization","name":"Skyline T\u00far\u00e1k","alternateName":"\u042d\u043a\u0441\u043a\u0443\u0440\u0441\u0438\u0438 Skyline","url":"https:\/\/skyline-gs.com\/it\/","logo":{"@type":"ImageObject","inLanguage":"hu","@id":"https:\/\/skyline-gs.com\/it\/#\/schema\/logo\/image\/","url":"https:\/\/skyline-gs.com\/wp-content\/uploads\/2020\/12\/cropped-logo-2.png","contentUrl":"https:\/\/skyline-gs.com\/wp-content\/uploads\/2020\/12\/cropped-logo-2.png","width":512,"height":512,"caption":"\u042d\u043a\u0441\u043a\u0443\u0440\u0441\u0438\u0438 Skyline"},"image":{"@id":"https:\/\/skyline-gs.com\/it\/#\/schema\/logo\/image\/"},"sameAs":["https:\/\/www.instagram.com\/skylineglobalservice\/"]}]}},"_links":{"self":[{"href":"https:\/\/skyline-gs.com\/hu\/wp-json\/wp\/v2\/product\/41869","targetHints":{"allow":["GET"]}}],"collection":[{"href":"https:\/\/skyline-gs.com\/hu\/wp-json\/wp\/v2\/product"}],"about":[{"href":"https:\/\/skyline-gs.com\/hu\/wp-json\/wp\/v2\/types\/product"}],"version-history":[{"count":0,"href":"https:\/\/skyline-gs.com\/hu\/wp-json\/wp\/v2\/product\/41869\/revisions"}],"wp:featuredmedia":[{"embeddable":true,"href":"https:\/\/skyline-gs.com\/hu\/wp-json\/wp\/v2\/media\/41882"}],"wp:attachment":[{"href":"https:\/\/skyline-gs.com\/hu\/wp-json\/wp\/v2\/media?parent=41869"}],"wp:term":[{"taxonomy":"product_brand","embeddable":true,"href":"https:\/\/skyline-gs.com\/hu\/wp-json\/wp\/v2\/product_brand?post=41869"},{"taxonomy":"product_cat","embeddable":true,"href":"https:\/\/skyline-gs.com\/hu\/wp-json\/wp\/v2\/product_cat?post=41869"},{"taxonomy":"product_tag","embeddable":true,"href":"https:\/\/skyline-gs.com\/hu\/wp-json\/wp\/v2\/product_tag?post=41869"}],"curies":[{"name":"wp","href":"https:\/\/api.w.org\/{rel}","templated":true}]}}