{"id":41619,"date":"2023-01-09T01:15:25","date_gmt":"2023-01-08T23:15:25","guid":{"rendered":"http:\/\/skyline-gs.com\/?post_type=product&#038;p=41619"},"modified":"2025-11-05T14:31:37","modified_gmt":"2025-11-05T12:31:37","slug":"cappadocia-istanbul","status":"publish","type":"product","link":"https:\/\/skyline-gs.com\/hu\/product\/cappadocia-istanbul\/","title":{"rendered":"Kappad\u00f3kia 2 nap"},"content":{"rendered":"<p><strong>1. nap<\/strong><\/p>\n<p>8:00 \u0432\u044b\u0435\u0437\u0434 \u0438\u0437 \u043e\u0442\u0435\u043b\u044f. \u0414\u043e\u0440\u043e\u0433\u0430 \u0432 \u041d\u0435\u0432\u0448\u0435\u0445\u0438\u0440 \u043d\u0430 \u043a\u043e\u043c\u0444\u043e\u0440\u0442\u0430\u0431\u0435\u043b\u044c\u043d\u044b\u0445 \u0430\u0432\u0442\u043e\u0431\u0443\u0441\u0430\u0445 \u0441 \u043a\u043e\u043d\u0434\u0438\u0446\u0438\u043e\u043d\u0435\u0440\u043e\u043c. \u041f\u0440\u0438\u0431\u044b\u0442\u0438\u0435 \u0432 \u0441\u0442\u0440\u0430\u043d\u0443 \u201c\u043f\u0440\u0435\u043a\u0440\u0430\u0441\u043d\u044b\u0445 \u0444\u0435\u0439 \u0438 \u043b\u043e\u0448\u0430\u0434\u0435\u0439\u201d. \u041d\u0430\u0447\u0430\u043b\u043e \u0442\u0443\u0440\u0430 &#8212; \u0434\u0440\u0435\u0432\u043d\u0438\u0439 \u0433\u043e\u0440\u043e\u0434 \u0423\u0440\u0433\u044e\u043f. \u0417\u043d\u0430\u043a\u043e\u043c\u0441\u0442\u0432\u043e \u0441 \u0434\u043e\u043b\u0438\u043d\u0430\u043c\u0438 \u0414\u0435\u0432\u0440\u0435\u043d\u0442 \u0438 \u041f\u0430\u0448\u0430\u0431\u0430\u0433. \u041f\u043e\u0441\u0435\u0449\u0435\u043d\u0438\u0435 \u0410\u0432\u0430\u043d\u043e\u0441\u0430, \u0441\u0442\u043e\u043b\u0438\u0446\u044b \u0433\u043e\u043d\u0447\u0430\u0440\u043d\u044b\u0445 \u043c\u0430\u0441\u0442\u0435\u0440\u043e\u0432 \u0432\u043e \u0432\u0441\u0435\u0439 \u0422\u0443\u0440\u0446\u0438\u0438. \u0417\u0430\u0441\u0435\u043b\u0435\u043d\u0438\u0435 \u0432 \u043e\u0442\u0435\u043b\u044c. \u0428\u043e\u0443 \u0422\u0443\u0440\u0435\u0446\u043a\u0430\u044f \u043d\u043e\u0447\u044c \u0432 \u041a\u0430\u043f\u043f\u0430\u0434\u043e\u043a\u0438\u0438 (\u043f\u043e \u0436\u0435\u043b\u0430\u043d\u0438\u044e \u043a\u043b\u0438\u0435\u043d\u0442\u0430 \u0437\u0430 \u0434\u043e\u043f\u043e\u043b\u043d\u0438\u0442\u0435\u043b\u044c\u043d\u0443\u044e \u043f\u043b\u0430\u0442\u0443).<\/p>\n<p><strong>2. nap<\/strong><\/p>\n<p>\u0423\u0442\u0440\u0435\u043d\u043d\u0438\u0439 \u0432\u044b\u0435\u0437\u0434 \u043d\u0430 \u041f\u0430\u0440\u0430\u0434 \u0428\u0430\u0440\u043e\u0432 \u0434\u043b\u044f \u0436\u0435\u043b\u0430\u044e\u0449\u0438\u0445 \u043f\u043e\u043b\u0435\u0442\u0430\u0442\u044c \u043d\u0430 \u0448\u0430\u0440\u0435 (\u043f\u043e \u0436\u0435\u043b\u0430\u043d\u0438\u044e, +250$ \u0437\u0430 \u0447\u0435\u043b\u043e\u0432\u0435\u043a\u0430). \u041f\u0443\u0442\u0435\u0448\u0435\u0441\u0442\u0432\u0438\u0435 \u043d\u0430 \u0432\u043e\u0437\u0434\u0443\u0448\u043d\u043e\u043c \u0448\u0430\u0440\u0435 (\u0434\u043b\u0438\u0442\u0435\u043b\u044c\u043d\u043e\u0441\u0442\u044c 1 \u0447\u0430\u0441) \u2014\u00a0 \u0437\u0430\u0445\u0432\u0430\u0442\u044b\u0432\u0430\u044e\u0449\u0435\u0435 \u0437\u0440\u0435\u043b\u0438\u0449\u0435, \u043a\u043e\u0433\u0434\u0430 \u0432 \u043d\u0435\u0431\u0435 \u043d\u0430\u0445\u043e\u0434\u0438\u0442\u0441\u044f 250 \u0448\u0430\u0440\u043e\u0432 \u0438\u043b\u0438 2000 \u0447\u0435\u043b\u043e\u0432\u0435\u043a \u043e\u0434\u043d\u043e\u0432\u0440\u0435\u043c\u0435\u043d\u043d\u043e. \u0417\u0430\u0432\u0442\u0440\u0430\u043a \u0432 \u043e\u0442\u0435\u043b\u0435, \u0441\u0434\u0430\u0447\u0430 \u043d\u043e\u043c\u0435\u0440\u043e\u0432 \u0438 \u0432\u044b\u0435\u0437\u0434 \u0438\u0437 \u0433\u043e\u0441\u0442\u0438\u043d\u0438\u0446\u044b. \u041c\u0443\u0437\u0435\u0439 \u043f\u043e\u0434 \u043e\u0442\u043a\u0440\u044b\u0442\u044b\u043c \u043d\u0435\u0431\u043e\u043c \u0413\u0435\u0440\u0435\u043c\u0435. \u0421\u043a\u0430\u043b\u044c\u043d\u044b\u0435 \u0446\u0435\u0440\u043a\u0432\u0438, \u0434\u0440\u0435\u0432\u043d\u0438\u0435 \u0444\u0440\u0435\u0441\u043a\u0438 \u0438 \u043c\u043d\u043e\u0433\u043e\u0435 \u0434\u0440\u0443\u0433\u043e\u0435. \u0421\u0430\u043c\u0430\u044f \u0432\u044b\u0441\u043e\u043a\u0430\u044f \u043a\u0440\u0435\u043f\u043e\u0441\u0442\u044c \u0432 \u041a\u0430\u043f\u043f\u0430\u0434\u043e\u043a\u0438\u0438 &#8212; \u0423\u0447\u0445\u0438\u0441\u0430\u0440. \u041e\u0431\u0440\u0430\u0442\u043d\u044b\u0439 \u0442\u0440\u0430\u043d\u0441\u0444\u0435\u0440 \u0432 \u043e\u0442\u0435\u043b\u0438 \u0421\u0442\u0430\u043c\u0431\u0443\u043b\u0430. \u0412\u043e\u0437\u0432\u0440\u0430\u0449\u0435\u043d\u0438\u0435 \u0432 \u043e\u0442\u0435\u043b\u044c \u043e\u043a\u043e\u043b\u043e 19:00.<\/p>\n<p><strong>Tartalmazza:<\/strong><\/p>\n<ul>\n<li>Transzfer a sz\u00e1llod\u00e1b\u00f3l \u00e9s a sz\u00e1llod\u00e1ba<\/li>\n<li>Minden transzfer az \u00fatvonalon k\u00e9nyelmes l\u00e9gkondicion\u00e1lt aut\u00f3busszal<\/li>\n<li>Angol nyelv\u0171 idegenvezet\u0151<\/li>\n<li>\u041d\u043e\u0447\u044c \u0432 \u043e\u0442\u0435\u043b\u0435 \u0432 \u041a\u0430\u043f\u043f\u0430\u0434\u043e\u043a\u0438\u0438<\/li>\n<li>\u0423\u0436\u0438\u043d, \u0437\u0430\u0432\u0442\u0440\u0430\u043a<\/li>\n<li>Biztos\u00edt\u00e1s<\/li>\n<\/ul>\n<p><strong>Nem tartalmazza:<\/strong><\/p>\n<ul>\n<li>Napfelkeltekor ballonrep\u00fcl\u00e9s (fakultat\u00edv, +250$ szem\u00e9lyenk\u00e9nt)<\/li>\n<li>Eb\u00e9d az \u00e9tteremben<\/li>\n<li>\"T\u00f6r\u00f6k \u00e9jszaka\" show<\/li>\n<li>\u0412\u0445\u043e\u0434\u043d\u044b\u0435 \u0431\u0438\u043b\u0435\u0442\u044b \u0432 \u043f\u0430\u0440\u043a \u0413\u0435\u0440\u0435\u043c\u0435 (+12$ \u0437\u0430 \u0447\u0435\u043b\u043e\u0432\u0435\u043a\u0430)<\/li>\n<\/ul>\n<p><strong>Vigy\u00e9l magaddal:<\/strong><\/p>\n<ul>\n<li>Reggeli, amit mag\u00e1val vihet (a sz\u00e1lloda recepci\u00f3j\u00e1n elmagyar\u00e1zza, hogy kora reggel indulnak kir\u00e1ndulni, \u00e9s sz\u00fcks\u00e9g\u00fck van egy eb\u00e9ddobozra, a sz\u00e1llod\u00e1k ingyenesen biztos\u00edtj\u00e1k ezt a szolg\u00e1ltat\u00e1st).<\/li>\n<li>V\u00edz<\/li>\n<li>K\u00e9nyelmes cip\u0151<\/li>\n<li>F\u00e9nyk\u00e9pez\u0151g\u00e9p<\/li>\n<li>P\u00e9nz szem\u00e9lyes kiad\u00e1sokra<\/li>\n<\/ul>","protected":false},"excerpt":{"rendered":"<p><strong>Kir\u00e1ndul\u00e1s Id\u0151pontja:<\/strong> 2 nap<\/p>\n<p><strong>A Kir\u00e1ndul\u00e1s Napjai:<\/strong> P\u00e9ntek<\/p>","protected":false},"featured_media":41751,"template":"","meta":{"_kad_post_transparent":"default","_kad_post_title":"","_kad_post_layout":"default","_kad_post_sidebar_id":"","_kad_post_content_style":"default","_kad_post_vertical_padding":"default","_kad_post_feature":"","_kad_post_feature_position":"","_kad_post_header":false,"_kad_post_footer":false,"_kad_post_classname":"","_glsr_average":0,"_glsr_ranking":0,"_glsr_reviews":0},"product_brand":[],"product_cat":[447],"product_tag":[],"class_list":{"0":"post-41619","1":"product","2":"type-product","3":"status-publish","4":"has-post-thumbnail","6":"product_cat-istanbul","7":"tm-has-options","9":"first","10":"instock","11":"sold-individually","12":"taxable","13":"shipping-taxable","14":"purchasable","15":"product-type-simple","16":"entry","17":"content-bg","18":"loop-entry"},"yoast_head":"<!-- This site is optimized with the Yoast SEO plugin v27.3 - https:\/\/yoast.com\/product\/yoast-seo-wordpress\/ -->\n<title>\u041a\u0430\u043f\u043f\u0430\u0434\u043e\u043a\u0438\u044f 2 \u0434\u043d\u044f &#8226; \u042d\u043a\u0441\u043a\u0443\u0440\u0441\u0438\u0438 Skyline<\/title>\n<meta name=\"robots\" content=\"index, follow, max-snippet:-1, max-image-preview:large, max-video-preview:-1\" \/>\n<link rel=\"canonical\" href=\"https:\/\/skyline-gs.com\/hu\/termek\/cappadocia-istanbul\/\" \/>\n<meta property=\"og:locale\" content=\"hu_HU\" \/>\n<meta property=\"og:type\" content=\"article\" \/>\n<meta property=\"og:title\" content=\"\u041a\u0430\u043f\u043f\u0430\u0434\u043e\u043a\u0438\u044f 2 \u0434\u043d\u044f &#8226; \u042d\u043a\u0441\u043a\u0443\u0440\u0441\u0438\u0438 Skyline\" \/>\n<meta property=\"og:description\" content=\"\u0412\u0440\u0435\u043c\u044f \u0442\u0443\u0440\u0430: 2 \u0434\u043d\u044f  \u0414\u043d\u0438 \u043f\u0440\u043e\u0432\u0435\u0434\u0435\u043d\u0438\u044f: \u041f\u044f\u0442\u043d\u0438\u0446\u0430\" \/>\n<meta property=\"og:url\" content=\"https:\/\/skyline-gs.com\/hu\/termek\/cappadocia-istanbul\/\" \/>\n<meta property=\"og:site_name\" content=\"\u042d\u043a\u0441\u043a\u0443\u0440\u0441\u0438\u0438 Skyline\" \/>\n<meta property=\"article:modified_time\" content=\"2025-11-05T12:31:37+00:00\" \/>\n<meta property=\"og:image\" content=\"https:\/\/skyline-gs.com\/wp-content\/uploads\/2023\/01\/4-10.png\" \/>\n\t<meta property=\"og:image:width\" content=\"669\" \/>\n\t<meta property=\"og:image:height\" content=\"446\" \/>\n\t<meta property=\"og:image:type\" content=\"image\/png\" \/>\n<meta name=\"twitter:card\" content=\"summary_large_image\" \/>\n<meta name=\"twitter:label1\" content=\"Becs\u00fclt olvas\u00e1si id\u0151\" \/>\n\t<meta name=\"twitter:data1\" content=\"2 perc\" \/>\n<script type=\"application\/ld+json\" class=\"yoast-schema-graph\">{\"@context\":\"https:\\\/\\\/schema.org\",\"@graph\":[{\"@type\":\"WebPage\",\"@id\":\"https:\\\/\\\/skyline-gs.com\\\/en\\\/product-2\\\/cappadocia-istanbul\\\/\",\"url\":\"https:\\\/\\\/skyline-gs.com\\\/en\\\/product-2\\\/cappadocia-istanbul\\\/\",\"name\":\"\u041a\u0430\u043f\u043f\u0430\u0434\u043e\u043a\u0438\u044f 2 \u0434\u043d\u044f &#8226; \u042d\u043a\u0441\u043a\u0443\u0440\u0441\u0438\u0438 Skyline\",\"isPartOf\":{\"@id\":\"https:\\\/\\\/skyline-gs.com\\\/it\\\/#website\"},\"primaryImageOfPage\":{\"@id\":\"https:\\\/\\\/skyline-gs.com\\\/en\\\/product-2\\\/cappadocia-istanbul\\\/#primaryimage\"},\"image\":{\"@id\":\"https:\\\/\\\/skyline-gs.com\\\/en\\\/product-2\\\/cappadocia-istanbul\\\/#primaryimage\"},\"thumbnailUrl\":\"https:\\\/\\\/skyline-gs.com\\\/wp-content\\\/uploads\\\/2023\\\/01\\\/4-10.png\",\"datePublished\":\"2023-01-08T23:15:25+00:00\",\"dateModified\":\"2025-11-05T12:31:37+00:00\",\"breadcrumb\":{\"@id\":\"https:\\\/\\\/skyline-gs.com\\\/en\\\/product-2\\\/cappadocia-istanbul\\\/#breadcrumb\"},\"inLanguage\":\"hu\",\"potentialAction\":[{\"@type\":\"ReadAction\",\"target\":[\"https:\\\/\\\/skyline-gs.com\\\/en\\\/product-2\\\/cappadocia-istanbul\\\/\"]}]},{\"@type\":\"ImageObject\",\"inLanguage\":\"hu\",\"@id\":\"https:\\\/\\\/skyline-gs.com\\\/en\\\/product-2\\\/cappadocia-istanbul\\\/#primaryimage\",\"url\":\"https:\\\/\\\/skyline-gs.com\\\/wp-content\\\/uploads\\\/2023\\\/01\\\/4-10.png\",\"contentUrl\":\"https:\\\/\\\/skyline-gs.com\\\/wp-content\\\/uploads\\\/2023\\\/01\\\/4-10.png\",\"width\":669,\"height\":446},{\"@type\":\"BreadcrumbList\",\"@id\":\"https:\\\/\\\/skyline-gs.com\\\/en\\\/product-2\\\/cappadocia-istanbul\\\/#breadcrumb\",\"itemListElement\":[{\"@type\":\"ListItem\",\"position\":1,\"name\":\"\u0413\u043b\u0430\u0432\u043d\u0430\u044f \u0441\u0442\u0440\u0430\u043d\u0438\u0446\u0430\",\"item\":\"https:\\\/\\\/skyline-gs.com\\\/hu\\\/\"},{\"@type\":\"ListItem\",\"position\":2,\"name\":\"\u041c\u0430\u0433\u0430\u0437\u0438\u043d\",\"item\":\"https:\\\/\\\/skyline-gs.com\\\/cs\\\/shop\\\/\"},{\"@type\":\"ListItem\",\"position\":3,\"name\":\"\u041a\u0430\u043f\u043f\u0430\u0434\u043e\u043a\u0438\u044f 2 \u0434\u043d\u044f\"}]},{\"@type\":\"WebSite\",\"@id\":\"https:\\\/\\\/skyline-gs.com\\\/it\\\/#website\",\"url\":\"https:\\\/\\\/skyline-gs.com\\\/it\\\/\",\"name\":\"\u042d\u043a\u0441\u043a\u0443\u0440\u0441\u0438\u0438 Skyline\",\"description\":\"\u042d\u043a\u0441\u043a\u043b\u044e\u0437\u0438\u0432\u043d\u044b\u0435 \u044d\u043a\u0441\u043a\u0443\u0440\u0441\u0438\u0438 \u043d\u0430 \u043b\u0443\u0447\u0448\u0438\u0445 \u043a\u0443\u0440\u043e\u0440\u0442\u0430\u0445 \u043c\u0438\u0440\u0430\",\"publisher\":{\"@id\":\"https:\\\/\\\/skyline-gs.com\\\/it\\\/#organization\"},\"alternateName\":\"Skyline\",\"potentialAction\":[{\"@type\":\"SearchAction\",\"target\":{\"@type\":\"EntryPoint\",\"urlTemplate\":\"https:\\\/\\\/skyline-gs.com\\\/it\\\/?s={search_term_string}\"},\"query-input\":{\"@type\":\"PropertyValueSpecification\",\"valueRequired\":true,\"valueName\":\"search_term_string\"}}],\"inLanguage\":\"hu\"},{\"@type\":\"Organization\",\"@id\":\"https:\\\/\\\/skyline-gs.com\\\/it\\\/#organization\",\"name\":\"\u042d\u043a\u0441\u043a\u0443\u0440\u0441\u0438\u0438 Skyline\",\"alternateName\":\"\u042d\u043a\u0441\u043a\u0443\u0440\u0441\u0438\u0438 Skyline\",\"url\":\"https:\\\/\\\/skyline-gs.com\\\/it\\\/\",\"logo\":{\"@type\":\"ImageObject\",\"inLanguage\":\"hu\",\"@id\":\"https:\\\/\\\/skyline-gs.com\\\/it\\\/#\\\/schema\\\/logo\\\/image\\\/\",\"url\":\"https:\\\/\\\/skyline-gs.com\\\/wp-content\\\/uploads\\\/2020\\\/12\\\/cropped-logo-2.png\",\"contentUrl\":\"https:\\\/\\\/skyline-gs.com\\\/wp-content\\\/uploads\\\/2020\\\/12\\\/cropped-logo-2.png\",\"width\":512,\"height\":512,\"caption\":\"\u042d\u043a\u0441\u043a\u0443\u0440\u0441\u0438\u0438 Skyline\"},\"image\":{\"@id\":\"https:\\\/\\\/skyline-gs.com\\\/it\\\/#\\\/schema\\\/logo\\\/image\\\/\"},\"sameAs\":[\"https:\\\/\\\/www.instagram.com\\\/skylineglobalservice\\\/\"]}]}<\/script>\n<!-- \/ Yoast SEO plugin. -->","yoast_head_json":{"title":"\u041a\u0430\u043f\u043f\u0430\u0434\u043e\u043a\u0438\u044f 2 \u0434\u043d\u044f &#8226; \u042d\u043a\u0441\u043a\u0443\u0440\u0441\u0438\u0438 Skyline","robots":{"index":"index","follow":"follow","max-snippet":"max-snippet:-1","max-image-preview":"max-image-preview:large","max-video-preview":"max-video-preview:-1"},"canonical":"https:\/\/skyline-gs.com\/hu\/termek\/cappadocia-istanbul\/","og_locale":"hu_HU","og_type":"article","og_title":"\u041a\u0430\u043f\u043f\u0430\u0434\u043e\u043a\u0438\u044f 2 \u0434\u043d\u044f &#8226; \u042d\u043a\u0441\u043a\u0443\u0440\u0441\u0438\u0438 Skyline","og_description":"\u0412\u0440\u0435\u043c\u044f \u0442\u0443\u0440\u0430: 2 \u0434\u043d\u044f  \u0414\u043d\u0438 \u043f\u0440\u043e\u0432\u0435\u0434\u0435\u043d\u0438\u044f: \u041f\u044f\u0442\u043d\u0438\u0446\u0430","og_url":"https:\/\/skyline-gs.com\/hu\/termek\/cappadocia-istanbul\/","og_site_name":"\u042d\u043a\u0441\u043a\u0443\u0440\u0441\u0438\u0438 Skyline","article_modified_time":"2025-11-05T12:31:37+00:00","og_image":[{"width":669,"height":446,"url":"https:\/\/skyline-gs.com\/wp-content\/uploads\/2023\/01\/4-10.png","type":"image\/png"}],"twitter_card":"summary_large_image","twitter_misc":{"Becs\u00fclt olvas\u00e1si id\u0151":"2 perc"},"schema":{"@context":"https:\/\/schema.org","@graph":[{"@type":"WebPage","@id":"https:\/\/skyline-gs.com\/en\/product-2\/cappadocia-istanbul\/","url":"https:\/\/skyline-gs.com\/en\/product-2\/cappadocia-istanbul\/","name":"\u041a\u0430\u043f\u043f\u0430\u0434\u043e\u043a\u0438\u044f 2 \u0434\u043d\u044f &#8226; \u042d\u043a\u0441\u043a\u0443\u0440\u0441\u0438\u0438 Skyline","isPartOf":{"@id":"https:\/\/skyline-gs.com\/it\/#website"},"primaryImageOfPage":{"@id":"https:\/\/skyline-gs.com\/en\/product-2\/cappadocia-istanbul\/#primaryimage"},"image":{"@id":"https:\/\/skyline-gs.com\/en\/product-2\/cappadocia-istanbul\/#primaryimage"},"thumbnailUrl":"https:\/\/skyline-gs.com\/wp-content\/uploads\/2023\/01\/4-10.png","datePublished":"2023-01-08T23:15:25+00:00","dateModified":"2025-11-05T12:31:37+00:00","breadcrumb":{"@id":"https:\/\/skyline-gs.com\/en\/product-2\/cappadocia-istanbul\/#breadcrumb"},"inLanguage":"hu","potentialAction":[{"@type":"ReadAction","target":["https:\/\/skyline-gs.com\/en\/product-2\/cappadocia-istanbul\/"]}]},{"@type":"ImageObject","inLanguage":"hu","@id":"https:\/\/skyline-gs.com\/en\/product-2\/cappadocia-istanbul\/#primaryimage","url":"https:\/\/skyline-gs.com\/wp-content\/uploads\/2023\/01\/4-10.png","contentUrl":"https:\/\/skyline-gs.com\/wp-content\/uploads\/2023\/01\/4-10.png","width":669,"height":446},{"@type":"BreadcrumbList","@id":"https:\/\/skyline-gs.com\/en\/product-2\/cappadocia-istanbul\/#breadcrumb","itemListElement":[{"@type":"ListItem","position":1,"name":"\u0413\u043b\u0430\u0432\u043d\u0430\u044f \u0441\u0442\u0440\u0430\u043d\u0438\u0446\u0430","item":"https:\/\/skyline-gs.com\/hu\/"},{"@type":"ListItem","position":2,"name":"\u041c\u0430\u0433\u0430\u0437\u0438\u043d","item":"https:\/\/skyline-gs.com\/cs\/shop\/"},{"@type":"ListItem","position":3,"name":"\u041a\u0430\u043f\u043f\u0430\u0434\u043e\u043a\u0438\u044f 2 \u0434\u043d\u044f"}]},{"@type":"WebSite","@id":"https:\/\/skyline-gs.com\/it\/#website","url":"https:\/\/skyline-gs.com\/it\/","name":"Skyline T\u00far\u00e1k","description":"Exkluz\u00edv kir\u00e1ndul\u00e1sok a vil\u00e1g legjobb \u00fcd\u00fcl\u0151helyein","publisher":{"@id":"https:\/\/skyline-gs.com\/it\/#organization"},"alternateName":"Skyline","potentialAction":[{"@type":"SearchAction","target":{"@type":"EntryPoint","urlTemplate":"https:\/\/skyline-gs.com\/it\/?s={search_term_string}"},"query-input":{"@type":"PropertyValueSpecification","valueRequired":true,"valueName":"search_term_string"}}],"inLanguage":"hu"},{"@type":"Organization","@id":"https:\/\/skyline-gs.com\/it\/#organization","name":"Skyline T\u00far\u00e1k","alternateName":"\u042d\u043a\u0441\u043a\u0443\u0440\u0441\u0438\u0438 Skyline","url":"https:\/\/skyline-gs.com\/it\/","logo":{"@type":"ImageObject","inLanguage":"hu","@id":"https:\/\/skyline-gs.com\/it\/#\/schema\/logo\/image\/","url":"https:\/\/skyline-gs.com\/wp-content\/uploads\/2020\/12\/cropped-logo-2.png","contentUrl":"https:\/\/skyline-gs.com\/wp-content\/uploads\/2020\/12\/cropped-logo-2.png","width":512,"height":512,"caption":"\u042d\u043a\u0441\u043a\u0443\u0440\u0441\u0438\u0438 Skyline"},"image":{"@id":"https:\/\/skyline-gs.com\/it\/#\/schema\/logo\/image\/"},"sameAs":["https:\/\/www.instagram.com\/skylineglobalservice\/"]}]}},"_links":{"self":[{"href":"https:\/\/skyline-gs.com\/hu\/wp-json\/wp\/v2\/product\/41619","targetHints":{"allow":["GET"]}}],"collection":[{"href":"https:\/\/skyline-gs.com\/hu\/wp-json\/wp\/v2\/product"}],"about":[{"href":"https:\/\/skyline-gs.com\/hu\/wp-json\/wp\/v2\/types\/product"}],"version-history":[{"count":0,"href":"https:\/\/skyline-gs.com\/hu\/wp-json\/wp\/v2\/product\/41619\/revisions"}],"wp:featuredmedia":[{"embeddable":true,"href":"https:\/\/skyline-gs.com\/hu\/wp-json\/wp\/v2\/media\/41751"}],"wp:attachment":[{"href":"https:\/\/skyline-gs.com\/hu\/wp-json\/wp\/v2\/media?parent=41619"}],"wp:term":[{"taxonomy":"product_brand","embeddable":true,"href":"https:\/\/skyline-gs.com\/hu\/wp-json\/wp\/v2\/product_brand?post=41619"},{"taxonomy":"product_cat","embeddable":true,"href":"https:\/\/skyline-gs.com\/hu\/wp-json\/wp\/v2\/product_cat?post=41619"},{"taxonomy":"product_tag","embeddable":true,"href":"https:\/\/skyline-gs.com\/hu\/wp-json\/wp\/v2\/product_tag?post=41619"}],"curies":[{"name":"wp","href":"https:\/\/api.w.org\/{rel}","templated":true}]}}