{"id":41581,"date":"2023-01-08T17:02:49","date_gmt":"2023-01-08T15:02:49","guid":{"rendered":"http:\/\/skyline-gs.com\/?post_type=product&#038;p=41581"},"modified":"2025-11-05T14:18:25","modified_gmt":"2025-11-05T12:18:25","slug":"city-tour-istanbul","status":"publish","type":"product","link":"https:\/\/skyline-gs.com\/hu\/product\/city-tour-istanbul\/","title":{"rendered":"Isztambuli v\u00e1rosn\u00e9z\u00e9s"},"content":{"rendered":"<p>8:30 indul\u00e1s a sz\u00e1llod\u00e1b\u00f3l. Kir\u00e1ndul\u00e1s a legend\u00e1s Topkapi-palot\u00e1ba - az Oszm\u00e1n Birodalom szult\u00e1njainak \"sz\u00edv\u00e9be\". S\u00e9ta Ibrahim pasa - a h\u00edres nagyvez\u00edr \u00e9s Csod\u00e1latos Szulejm\u00e1n szult\u00e1n legjobb bar\u00e1tja - fest\u0151i palot\u00e1j\u00e1ban. L\u00e1togat\u00e1s a Szent Ir\u00e9n templomban, az egykori Konstantin\u00e1poly egyik legr\u00e9gebbi kereszt\u00e9ny templom\u00e1ban. S\u00e9ta a Hippodrom t\u00e9ren (Ahmediye t\u00e9r) - ahol az \u00f3korban nagyszab\u00e1s\u00fa l\u00f3versenyeket rendeztek. Kir\u00e1ndul\u00e1s a K\u00e9k Mecsethez (Sultanahmet) - Isztambul egyetlen hat minarettel rendelkez\u0151 mecsetj\u00e9hez. S\u00e9ta a Hagia Sophia sz\u00e9kesegyh\u00e1zban (Aya Sofya) - egy \u0151si kereszt\u00e9ny templom, amely egyszerre v\u00e1lt t\u00f6rt\u00e9nelmi nevezetess\u00e9gg\u00e9 \u00e9s keleti mecsett\u00e9. Visszat\u00e9r\u00e9s a sz\u00e1llod\u00e1kba. Visszat\u00e9r\u00e9s a sz\u00e1llod\u00e1ba 14:30.<\/p>\n<p><strong>Tartalmazza:<\/strong><\/p>\n<ul>\n<li>Transzfer a sz\u00e1llod\u00e1b\u00f3l \u00e9s a sz\u00e1llod\u00e1ba<\/li>\n<li>Magyarul besz\u00e9l\u0151 idegenvezet\u0151<\/li>\n<li>Bel\u00e9p\u0151jegyek<\/li>\n<li>Biztos\u00edt\u00e1s<\/li>\n<\/ul>\n<p><strong>Vigy\u00e9l magaddal:<\/strong><\/p>\n<ul>\n<li>Az \u00fatlev\u00e9l f\u00e9nym\u00e1solata<\/li>\n<li>K\u00e9nyelmes cip\u0151<\/li>\n<li>Fejd\u00edsz<\/li>\n<li>P\u00e9nz szem\u00e9lyes kiad\u00e1sokra<\/li>\n<\/ul>","protected":false},"excerpt":{"rendered":"<p><strong>Kir\u00e1ndul\u00e1s Id\u0151pontja:<\/strong> 8:30 \u2014 14:30<\/p>\n<p><strong>A Kir\u00e1ndul\u00e1s Napjai:<\/strong> Minden nap<\/p>","protected":false},"featured_media":41582,"template":"","meta":{"_kad_post_transparent":"default","_kad_post_title":"","_kad_post_layout":"default","_kad_post_sidebar_id":"","_kad_post_content_style":"default","_kad_post_vertical_padding":"default","_kad_post_feature":"","_kad_post_feature_position":"","_kad_post_header":false,"_kad_post_footer":false,"_kad_post_classname":"","_glsr_average":0,"_glsr_ranking":0,"_glsr_reviews":0},"product_brand":[],"product_cat":[447],"product_tag":[],"class_list":{"0":"post-41581","1":"product","2":"type-product","3":"status-publish","4":"has-post-thumbnail","6":"product_cat-istanbul","7":"tm-has-options","9":"first","10":"instock","11":"sold-individually","12":"taxable","13":"shipping-taxable","14":"purchasable","15":"product-type-simple","16":"entry","17":"content-bg","18":"loop-entry"},"yoast_head":"<!-- This site is optimized with the Yoast SEO plugin v27.3 - https:\/\/yoast.com\/product\/yoast-seo-wordpress\/ -->\n<title>\u041e\u0431\u0437\u043e\u0440\u043d\u0430\u044f \u043f\u043e \u0421\u0442\u0430\u043c\u0431\u0443\u043b\u0443 &#8226; \u042d\u043a\u0441\u043a\u0443\u0440\u0441\u0438\u0438 Skyline<\/title>\n<meta name=\"robots\" content=\"index, follow, max-snippet:-1, max-image-preview:large, max-video-preview:-1\" \/>\n<link rel=\"canonical\" href=\"https:\/\/skyline-gs.com\/hu\/termek\/city-tour-istanbul\/\" \/>\n<meta property=\"og:locale\" content=\"hu_HU\" \/>\n<meta property=\"og:type\" content=\"article\" \/>\n<meta property=\"og:title\" content=\"\u041e\u0431\u0437\u043e\u0440\u043d\u0430\u044f \u043f\u043e \u0421\u0442\u0430\u043c\u0431\u0443\u043b\u0443 &#8226; \u042d\u043a\u0441\u043a\u0443\u0440\u0441\u0438\u0438 Skyline\" \/>\n<meta property=\"og:description\" content=\"\u0412\u0440\u0435\u043c\u044f \u0442\u0443\u0440\u0430: 8:30 - 14:30  \u0414\u043d\u0438 \u043f\u0440\u043e\u0432\u0435\u0434\u0435\u043d\u0438\u044f: \u041a\u0430\u0436\u0434\u044b\u0439 \u0434\u0435\u043d\u044c\" \/>\n<meta property=\"og:url\" content=\"https:\/\/skyline-gs.com\/hu\/termek\/city-tour-istanbul\/\" \/>\n<meta property=\"og:site_name\" content=\"\u042d\u043a\u0441\u043a\u0443\u0440\u0441\u0438\u0438 Skyline\" \/>\n<meta property=\"article:modified_time\" content=\"2025-11-05T12:18:25+00:00\" \/>\n<meta property=\"og:image\" content=\"https:\/\/skyline-gs.com\/wp-content\/uploads\/2023\/01\/3-1.png\" \/>\n\t<meta property=\"og:image:width\" content=\"669\" \/>\n\t<meta property=\"og:image:height\" content=\"446\" \/>\n\t<meta property=\"og:image:type\" content=\"image\/png\" \/>\n<meta name=\"twitter:card\" content=\"summary_large_image\" \/>\n<meta name=\"twitter:label1\" content=\"Becs\u00fclt olvas\u00e1si id\u0151\" \/>\n\t<meta name=\"twitter:data1\" content=\"1 perc\" \/>\n<script type=\"application\/ld+json\" class=\"yoast-schema-graph\">{\"@context\":\"https:\\\/\\\/schema.org\",\"@graph\":[{\"@type\":\"WebPage\",\"@id\":\"https:\\\/\\\/skyline-gs.com\\\/cs\\\/produkt\\\/city-tour-istanbul\\\/\",\"url\":\"https:\\\/\\\/skyline-gs.com\\\/cs\\\/produkt\\\/city-tour-istanbul\\\/\",\"name\":\"\u041e\u0431\u0437\u043e\u0440\u043d\u0430\u044f \u043f\u043e \u0421\u0442\u0430\u043c\u0431\u0443\u043b\u0443 &#8226; \u042d\u043a\u0441\u043a\u0443\u0440\u0441\u0438\u0438 Skyline\",\"isPartOf\":{\"@id\":\"https:\\\/\\\/skyline-gs.com\\\/it\\\/#website\"},\"primaryImageOfPage\":{\"@id\":\"https:\\\/\\\/skyline-gs.com\\\/cs\\\/produkt\\\/city-tour-istanbul\\\/#primaryimage\"},\"image\":{\"@id\":\"https:\\\/\\\/skyline-gs.com\\\/cs\\\/produkt\\\/city-tour-istanbul\\\/#primaryimage\"},\"thumbnailUrl\":\"https:\\\/\\\/skyline-gs.com\\\/wp-content\\\/uploads\\\/2023\\\/01\\\/3-1.png\",\"datePublished\":\"2023-01-08T15:02:49+00:00\",\"dateModified\":\"2025-11-05T12:18:25+00:00\",\"breadcrumb\":{\"@id\":\"https:\\\/\\\/skyline-gs.com\\\/cs\\\/produkt\\\/city-tour-istanbul\\\/#breadcrumb\"},\"inLanguage\":\"hu\",\"potentialAction\":[{\"@type\":\"ReadAction\",\"target\":[\"https:\\\/\\\/skyline-gs.com\\\/cs\\\/produkt\\\/city-tour-istanbul\\\/\"]}]},{\"@type\":\"ImageObject\",\"inLanguage\":\"hu\",\"@id\":\"https:\\\/\\\/skyline-gs.com\\\/cs\\\/produkt\\\/city-tour-istanbul\\\/#primaryimage\",\"url\":\"https:\\\/\\\/skyline-gs.com\\\/wp-content\\\/uploads\\\/2023\\\/01\\\/3-1.png\",\"contentUrl\":\"https:\\\/\\\/skyline-gs.com\\\/wp-content\\\/uploads\\\/2023\\\/01\\\/3-1.png\",\"width\":669,\"height\":446},{\"@type\":\"BreadcrumbList\",\"@id\":\"https:\\\/\\\/skyline-gs.com\\\/cs\\\/produkt\\\/city-tour-istanbul\\\/#breadcrumb\",\"itemListElement\":[{\"@type\":\"ListItem\",\"position\":1,\"name\":\"\u0413\u043b\u0430\u0432\u043d\u0430\u044f \u0441\u0442\u0440\u0430\u043d\u0438\u0446\u0430\",\"item\":\"https:\\\/\\\/skyline-gs.com\\\/hu\\\/\"},{\"@type\":\"ListItem\",\"position\":2,\"name\":\"\u041c\u0430\u0433\u0430\u0437\u0438\u043d\",\"item\":\"https:\\\/\\\/skyline-gs.com\\\/cs\\\/shop\\\/\"},{\"@type\":\"ListItem\",\"position\":3,\"name\":\"\u041e\u0431\u0437\u043e\u0440\u043d\u0430\u044f \u043f\u043e \u0421\u0442\u0430\u043c\u0431\u0443\u043b\u0443\"}]},{\"@type\":\"WebSite\",\"@id\":\"https:\\\/\\\/skyline-gs.com\\\/it\\\/#website\",\"url\":\"https:\\\/\\\/skyline-gs.com\\\/it\\\/\",\"name\":\"\u042d\u043a\u0441\u043a\u0443\u0440\u0441\u0438\u0438 Skyline\",\"description\":\"\u042d\u043a\u0441\u043a\u043b\u044e\u0437\u0438\u0432\u043d\u044b\u0435 \u044d\u043a\u0441\u043a\u0443\u0440\u0441\u0438\u0438 \u043d\u0430 \u043b\u0443\u0447\u0448\u0438\u0445 \u043a\u0443\u0440\u043e\u0440\u0442\u0430\u0445 \u043c\u0438\u0440\u0430\",\"publisher\":{\"@id\":\"https:\\\/\\\/skyline-gs.com\\\/it\\\/#organization\"},\"alternateName\":\"Skyline\",\"potentialAction\":[{\"@type\":\"SearchAction\",\"target\":{\"@type\":\"EntryPoint\",\"urlTemplate\":\"https:\\\/\\\/skyline-gs.com\\\/it\\\/?s={search_term_string}\"},\"query-input\":{\"@type\":\"PropertyValueSpecification\",\"valueRequired\":true,\"valueName\":\"search_term_string\"}}],\"inLanguage\":\"hu\"},{\"@type\":\"Organization\",\"@id\":\"https:\\\/\\\/skyline-gs.com\\\/it\\\/#organization\",\"name\":\"\u042d\u043a\u0441\u043a\u0443\u0440\u0441\u0438\u0438 Skyline\",\"alternateName\":\"\u042d\u043a\u0441\u043a\u0443\u0440\u0441\u0438\u0438 Skyline\",\"url\":\"https:\\\/\\\/skyline-gs.com\\\/it\\\/\",\"logo\":{\"@type\":\"ImageObject\",\"inLanguage\":\"hu\",\"@id\":\"https:\\\/\\\/skyline-gs.com\\\/it\\\/#\\\/schema\\\/logo\\\/image\\\/\",\"url\":\"https:\\\/\\\/skyline-gs.com\\\/wp-content\\\/uploads\\\/2020\\\/12\\\/cropped-logo-2.png\",\"contentUrl\":\"https:\\\/\\\/skyline-gs.com\\\/wp-content\\\/uploads\\\/2020\\\/12\\\/cropped-logo-2.png\",\"width\":512,\"height\":512,\"caption\":\"\u042d\u043a\u0441\u043a\u0443\u0440\u0441\u0438\u0438 Skyline\"},\"image\":{\"@id\":\"https:\\\/\\\/skyline-gs.com\\\/it\\\/#\\\/schema\\\/logo\\\/image\\\/\"},\"sameAs\":[\"https:\\\/\\\/www.instagram.com\\\/skylineglobalservice\\\/\"]}]}<\/script>\n<!-- \/ Yoast SEO plugin. -->","yoast_head_json":{"title":"\u041e\u0431\u0437\u043e\u0440\u043d\u0430\u044f \u043f\u043e \u0421\u0442\u0430\u043c\u0431\u0443\u043b\u0443 &#8226; \u042d\u043a\u0441\u043a\u0443\u0440\u0441\u0438\u0438 Skyline","robots":{"index":"index","follow":"follow","max-snippet":"max-snippet:-1","max-image-preview":"max-image-preview:large","max-video-preview":"max-video-preview:-1"},"canonical":"https:\/\/skyline-gs.com\/hu\/termek\/city-tour-istanbul\/","og_locale":"hu_HU","og_type":"article","og_title":"\u041e\u0431\u0437\u043e\u0440\u043d\u0430\u044f \u043f\u043e \u0421\u0442\u0430\u043c\u0431\u0443\u043b\u0443 &#8226; \u042d\u043a\u0441\u043a\u0443\u0440\u0441\u0438\u0438 Skyline","og_description":"\u0412\u0440\u0435\u043c\u044f \u0442\u0443\u0440\u0430: 8:30 - 14:30  \u0414\u043d\u0438 \u043f\u0440\u043e\u0432\u0435\u0434\u0435\u043d\u0438\u044f: \u041a\u0430\u0436\u0434\u044b\u0439 \u0434\u0435\u043d\u044c","og_url":"https:\/\/skyline-gs.com\/hu\/termek\/city-tour-istanbul\/","og_site_name":"\u042d\u043a\u0441\u043a\u0443\u0440\u0441\u0438\u0438 Skyline","article_modified_time":"2025-11-05T12:18:25+00:00","og_image":[{"width":669,"height":446,"url":"https:\/\/skyline-gs.com\/wp-content\/uploads\/2023\/01\/3-1.png","type":"image\/png"}],"twitter_card":"summary_large_image","twitter_misc":{"Becs\u00fclt olvas\u00e1si id\u0151":"1 perc"},"schema":{"@context":"https:\/\/schema.org","@graph":[{"@type":"WebPage","@id":"https:\/\/skyline-gs.com\/cs\/produkt\/city-tour-istanbul\/","url":"https:\/\/skyline-gs.com\/cs\/produkt\/city-tour-istanbul\/","name":"\u041e\u0431\u0437\u043e\u0440\u043d\u0430\u044f \u043f\u043e \u0421\u0442\u0430\u043c\u0431\u0443\u043b\u0443 &#8226; \u042d\u043a\u0441\u043a\u0443\u0440\u0441\u0438\u0438 Skyline","isPartOf":{"@id":"https:\/\/skyline-gs.com\/it\/#website"},"primaryImageOfPage":{"@id":"https:\/\/skyline-gs.com\/cs\/produkt\/city-tour-istanbul\/#primaryimage"},"image":{"@id":"https:\/\/skyline-gs.com\/cs\/produkt\/city-tour-istanbul\/#primaryimage"},"thumbnailUrl":"https:\/\/skyline-gs.com\/wp-content\/uploads\/2023\/01\/3-1.png","datePublished":"2023-01-08T15:02:49+00:00","dateModified":"2025-11-05T12:18:25+00:00","breadcrumb":{"@id":"https:\/\/skyline-gs.com\/cs\/produkt\/city-tour-istanbul\/#breadcrumb"},"inLanguage":"hu","potentialAction":[{"@type":"ReadAction","target":["https:\/\/skyline-gs.com\/cs\/produkt\/city-tour-istanbul\/"]}]},{"@type":"ImageObject","inLanguage":"hu","@id":"https:\/\/skyline-gs.com\/cs\/produkt\/city-tour-istanbul\/#primaryimage","url":"https:\/\/skyline-gs.com\/wp-content\/uploads\/2023\/01\/3-1.png","contentUrl":"https:\/\/skyline-gs.com\/wp-content\/uploads\/2023\/01\/3-1.png","width":669,"height":446},{"@type":"BreadcrumbList","@id":"https:\/\/skyline-gs.com\/cs\/produkt\/city-tour-istanbul\/#breadcrumb","itemListElement":[{"@type":"ListItem","position":1,"name":"\u0413\u043b\u0430\u0432\u043d\u0430\u044f \u0441\u0442\u0440\u0430\u043d\u0438\u0446\u0430","item":"https:\/\/skyline-gs.com\/hu\/"},{"@type":"ListItem","position":2,"name":"\u041c\u0430\u0433\u0430\u0437\u0438\u043d","item":"https:\/\/skyline-gs.com\/cs\/shop\/"},{"@type":"ListItem","position":3,"name":"\u041e\u0431\u0437\u043e\u0440\u043d\u0430\u044f \u043f\u043e \u0421\u0442\u0430\u043c\u0431\u0443\u043b\u0443"}]},{"@type":"WebSite","@id":"https:\/\/skyline-gs.com\/it\/#website","url":"https:\/\/skyline-gs.com\/it\/","name":"Skyline T\u00far\u00e1k","description":"Exkluz\u00edv kir\u00e1ndul\u00e1sok a vil\u00e1g legjobb \u00fcd\u00fcl\u0151helyein","publisher":{"@id":"https:\/\/skyline-gs.com\/it\/#organization"},"alternateName":"Skyline","potentialAction":[{"@type":"SearchAction","target":{"@type":"EntryPoint","urlTemplate":"https:\/\/skyline-gs.com\/it\/?s={search_term_string}"},"query-input":{"@type":"PropertyValueSpecification","valueRequired":true,"valueName":"search_term_string"}}],"inLanguage":"hu"},{"@type":"Organization","@id":"https:\/\/skyline-gs.com\/it\/#organization","name":"Skyline T\u00far\u00e1k","alternateName":"\u042d\u043a\u0441\u043a\u0443\u0440\u0441\u0438\u0438 Skyline","url":"https:\/\/skyline-gs.com\/it\/","logo":{"@type":"ImageObject","inLanguage":"hu","@id":"https:\/\/skyline-gs.com\/it\/#\/schema\/logo\/image\/","url":"https:\/\/skyline-gs.com\/wp-content\/uploads\/2020\/12\/cropped-logo-2.png","contentUrl":"https:\/\/skyline-gs.com\/wp-content\/uploads\/2020\/12\/cropped-logo-2.png","width":512,"height":512,"caption":"\u042d\u043a\u0441\u043a\u0443\u0440\u0441\u0438\u0438 Skyline"},"image":{"@id":"https:\/\/skyline-gs.com\/it\/#\/schema\/logo\/image\/"},"sameAs":["https:\/\/www.instagram.com\/skylineglobalservice\/"]}]}},"_links":{"self":[{"href":"https:\/\/skyline-gs.com\/hu\/wp-json\/wp\/v2\/product\/41581","targetHints":{"allow":["GET"]}}],"collection":[{"href":"https:\/\/skyline-gs.com\/hu\/wp-json\/wp\/v2\/product"}],"about":[{"href":"https:\/\/skyline-gs.com\/hu\/wp-json\/wp\/v2\/types\/product"}],"version-history":[{"count":0,"href":"https:\/\/skyline-gs.com\/hu\/wp-json\/wp\/v2\/product\/41581\/revisions"}],"wp:featuredmedia":[{"embeddable":true,"href":"https:\/\/skyline-gs.com\/hu\/wp-json\/wp\/v2\/media\/41582"}],"wp:attachment":[{"href":"https:\/\/skyline-gs.com\/hu\/wp-json\/wp\/v2\/media?parent=41581"}],"wp:term":[{"taxonomy":"product_brand","embeddable":true,"href":"https:\/\/skyline-gs.com\/hu\/wp-json\/wp\/v2\/product_brand?post=41581"},{"taxonomy":"product_cat","embeddable":true,"href":"https:\/\/skyline-gs.com\/hu\/wp-json\/wp\/v2\/product_cat?post=41581"},{"taxonomy":"product_tag","embeddable":true,"href":"https:\/\/skyline-gs.com\/hu\/wp-json\/wp\/v2\/product_tag?post=41581"}],"curies":[{"name":"wp","href":"https:\/\/api.w.org\/{rel}","templated":true}]}}