{"id":41161,"date":"2022-11-13T21:50:52","date_gmt":"2022-11-13T18:50:52","guid":{"rendered":"https:\/\/dubai.skyline-gs.com\/?post_type=product&#038;p=41161"},"modified":"2024-09-30T20:35:07","modified_gmt":"2024-09-30T18:35:07","slug":"suneeker-berco-voyager-dubai-2","status":"publish","type":"product","link":"https:\/\/skyline-gs.com\/hu\/product\/suneeker-berco-voyager-dubai\/","title":{"rendered":"Suneeker BERCO VOYAGER yacht"},"content":{"rendered":"<p>T\u00f6ltse nyaral\u00e1s\u00e1t luxus k\u00f6r\u00fclm\u00e9nyek k\u00f6z\u00f6tt - egy divatos, feh\u00e9r vitorl\u00e1s jacht fed\u00e9lzet\u00e9n, amely a szel\u00edd Perzsa-\u00f6b\u00f6l az\u00fark\u00e9k viz\u00e9n siklik. \u00c9lvezze az egyik legfest\u0151ibb \u00e9gboltot, Dubai felh\u0151karcol\u00f3i \u00e9s kedvenc helysz\u00ednei k\u00f6z\u00f6tt: Burj Al Arab, Atlantis \u00e9s Burj Khalifa. Udvarias szem\u00e9lyzet \u00e9s kiv\u00e1l\u00f3 kiszolg\u00e1l\u00e1s \u00e1ll az \u00d6n rendelkez\u00e9s\u00e9re.<\/p>\n<p>A BERCO VOYAGER, a legend\u00e1s Sunseeker 131-es sorozat leg\u00fajabb haj\u00f3teste, egy 40,5 m\u00e9teres luxus motoros jacht. K\u00e9zzel, kiv\u00e9teles odafigyel\u00e9ssel \u00f6sszeszerelt, a r\u00e9szletekre is odafigyelve, 2018-ban adt\u00e1k \u00e1t tulajdonos\u00e1nak. A t\u00e1gas elrendez\u00e9st a legmodernebb felszerelts\u00e9ggel kombin\u00e1l\u00f3 haj\u00f3 26 csom\u00f3s cs\u00facssebess\u00e9ggel \u00e9s 14 csom\u00f3s k\u00e9nyelmes utaz\u00f3sebess\u00e9ggel rendelkezik. A BERCO VOYAGER a charterpiac \u00fajoncak\u00e9nt hihetetlen kalandot \u00edg\u00e9r \u00d6nnek \u00e9s vend\u00e9geinek.<\/p>\n<p>A BERCO VOYAGER 5 st\u00edlusos kabinj\u00e1val ak\u00e1r 10 vend\u00e9get is el tud sz\u00e1ll\u00e1solni \u00e9jszak\u00e1ra. A haj\u00f3 8 f\u0151s leg\u00e9nys\u00e9g\u00e9nek is van hely, akik k\u00e9szenl\u00e9tben \u00e1llnak, hogy a charter az \u00d6n elv\u00e1r\u00e1sait is fel\u00fclm\u00falja. A f\u0151fed\u00e9lzeten tal\u00e1lhat\u00f3, a Beam teljes f\u0151n\u00f6ki lakoszt\u00e1lya leny\u0171g\u00f6z\u0151 modern t\u00e9r. A f\u00e9nyes fekete burkolattal \u00e9s teljesen feh\u00e9r kieg\u00e9sz\u00edt\u0151kkel d\u00edsz\u00edtett, padl\u00f3t\u00f3l a mennyezetig \u00e9r\u0151 ablakok t\u00f6k\u00e9letesen alkalmasak arra, hogy utaz\u00e1s k\u00f6zben \u00e9lvezze a kil\u00e1t\u00e1st. A modern, monokr\u00f3m kialak\u00edt\u00e1s\u00fa, m\u00e1rv\u00e1ny padl\u00f3burkolattal ell\u00e1tott t\u00e1gas f\u00fcrd\u0151szob\u00e1ban es\u0151zuhany gondoskodik a teljes kikapcsol\u00f3d\u00e1sr\u00f3l.<\/p>\n<p>Az als\u00f3 fed\u00e9lzeten a BERCO VOYAGER 4 t\u00e1gas vend\u00e9gkabinnal rendelkezik. Az elb\u0171v\u00f6l\u0151 fekete-feh\u00e9r sz\u00ednekben, d\u00edsz\u00edt\u0151elemekkel d\u00edsz\u00edtett, elb\u0171v\u00f6l\u0151 fekete-feh\u00e9r sz\u00ednben pomp\u00e1z\u00f3 kabinok mindegyike saj\u00e1t, zuhanyz\u00f3s f\u00fcrd\u0151szob\u00e1val rendelkezik. A s\u00f6t\u00e9t fa \u00e9s a semleges sz\u00edn\u0171 b\u00fatorok kifinomult kombin\u00e1ci\u00f3j\u00e1val a BERCO VOYAGER bels\u0151 ter\u00e9t a Sunseeker h\u00e1zon bel\u00fcli csapata tervezte. Full-<br \/>\nA hossz\u00fa ablakok panor\u00e1m\u00e1s kil\u00e1t\u00e1st ny\u00fajtanak utaz\u00e1s k\u00f6zben, a modern vil\u00e1g\u00edt\u00e1s pedig megadja a hangulatot a fed\u00e9lzeten val\u00f3 t\u00e1rsalg\u00e1shoz.<\/p>\n<p>A hatalmas szalon a f\u0151 fed\u00e9lzeten \u00fagy lett kialak\u00edtva, hogy a vend\u00e9geket egy gy\u00f6ny\u00f6r\u0171 hivatalos nappali \u00e9s \u00e9tkez\u0151vel fogadj\u00e1k. A k\u00e9nyelmes t\u00e1rsalg\u00f3helyis\u00e9g folyamatosan v\u00e1ltoz\u00f3 \u00f3ce\u00e1ni h\u00e1tteret k\u00edn\u00e1l, m\u00edg a gy\u00f6ny\u00f6r\u0171en berendezett \u00e9tkez\u0151ben ak\u00e1r 12 vend\u00e9g is elf\u00e9r. A BERCO VOYAGER fels\u0151 fed\u00e9lzet\u00e9n tal\u00e1lhat\u00f3 hangulatos sky lounge t\u00e1rsalg\u00f3t\u00e9r sz\u00e9lesv\u00e1szn\u00fa TV-vel, valamint egy eleg\u00e1ns b\u00e1rt foglal mag\u00e1ban az esti kokt\u00e9loz\u00e1shoz.<\/p>\n<p>A f\u0151fed\u00e9lzeten tal\u00e1lhat\u00f3 nappali \u00e9s \u00e9tkez\u0151 t\u00edz f\u00e9r\u0151hellyel t\u00f6k\u00e9letes hely egy nyugodt eb\u00e9dhez a bar\u00e1tokkal \u00e9s a csal\u00e1ddal.<br \/>\nA nagym\u00e9ret\u0171 \u00fasz\u00f3platformon a vend\u00e9gek k\u00f6nnyen kijuthatnak a v\u00edzre, az orrban pedig nagy napoz\u00f3teraszok szolg\u00e1lj\u00e1k a luxus pihen\u00e9st. A t\u00f6k\u00e9letes pihen\u0151hely, a BERCO VOYAGER napoz\u00f3terasza nyitott b\u00e1rral, \u00e9tkez\u0151vel \u00e9s jacuzzival rendelkezik, ahonnan m\u00e9rf\u00f6ldekre ny\u00edlik kil\u00e1t\u00e1s a tengerre. A BERCO VOYAGER a fed\u00e9lzeten a leg\u00fajabb v\u00edzi j\u00e1t\u00e9kok izgalmas v\u00e1laszt\u00e9k\u00e1t k\u00edn\u00e1lja a vend\u00e9geknek.<\/p>\n<p><strong>Tov\u00e1bbi inform\u00e1ci\u00f3k:<\/strong><\/p>\n<ul>\n<li>Minden r\u00e9sztvev\u0151 eredeti \u00fatlevel\u00e9t k\u00f6telez\u0151 mag\u00e1val vinni.<\/li>\n<li>Minim\u00e1lis b\u00e9rleti id\u0151 - 6 \u00f3ra<\/li>\n<li>Hetente b\u00e9relhet\u0151<\/li>\n<li>A kabinok sz\u00e1ma: 5<\/li>\n<li>\u00c1gyak sz\u00e1ma: 10<\/li>\n<\/ul>\n<p><strong>Tartalmazza:<\/strong><\/p>\n<ul>\n<li>Transzfer a sz\u00e1llod\u00e1t\u00f3l \u00e9s a sz\u00e1llod\u00e1ba (6 f\u0151ig)<\/li>\n<li>Szem\u00e9lyre szabott jacht b\u00e9rl\u00e9s<\/li>\n<li>Szem\u00e9lyzeti szolg\u00e1ltat\u00e1sok<\/li>\n<li>V\u00edz<\/li>\n<li>Ment\u0151mell\u00e9nyek<\/li>\n<li>Szolg\u00e1ltat\u00e1sok a fed\u00e9lzeten<\/li>\n<\/ul>\n<p><strong>Nem tartalmazza:<\/strong><\/p>\n<ul>\n<li>Transzfer a sz\u00e1llod\u00e1b\u00f3l \u00e9s a sz\u00e1llod\u00e1ba 7-14 f\u0151 r\u00e9sz\u00e9re - fel\u00e1r 100$ csoportonk\u00e9nt<\/li>\n<li>Transzfer a sz\u00e1llod\u00e1b\u00f3l \u00e9s a sz\u00e1llod\u00e1ba 15-24 f\u0151n\u00e9l t\u00f6bb szem\u00e9ly eset\u00e9n - fel\u00e1r 200$ csoportonk\u00e9nt<\/li>\n<li>Transzfer a sz\u00e1llod\u00e1b\u00f3l \u00e9s a sz\u00e1llod\u00e1ba 25-40 f\u0151n\u00e9l t\u00f6bb szem\u00e9ly eset\u00e9n - fel\u00e1r 300$ csoportonk\u00e9nt<\/li>\n<\/ul>\n<p><strong>Vigy\u00e9l magaddal:<\/strong><\/p>\n<ul>\n<li>V\u00edz<\/li>\n<li>T\u00f6r\u00fclk\u00f6z\u0151<\/li>\n<\/ul>\n<p><strong>Men\u00fcpontok:<\/strong><\/p>\n<ol>\n<li><strong>Bronz men\u00fc. Feln\u0151tt - 50$, 12 \u00e9v alatti gyermek - 35$. <\/strong>C\u00e9z\u00e1r sal\u00e1ta, Arab Fattoush sal\u00e1ta, V\u00e1logatott kebabh\u00fas, Grillezett z\u00f6lds\u00e9gek, Z\u00f6lds\u00e9gek, Burgonyap\u00fcr\u00e9, Gy\u00fcm\u00f6lcs, V\u00edz<\/li>\n<li><strong>Ez\u00fcst men\u00fc. Feln\u0151tt - 70$, 12 \u00e9v alatti gyermek - 55$. <\/strong>Arab Fattoush sal\u00e1ta, Hummus, Hal, Grillezett z\u00f6lds\u00e9gek, Garn\u00e9lar\u00e1k, S\u00fclt krumpli, Arab lapos keny\u00e9r, Gy\u00fcm\u00f6lcsszelet, V\u00edz<\/li>\n<li><strong><strong>Arany men\u00fc. Feln\u0151tt - 90$, 12 \u00e9v alatti gyermek - 75$. <\/strong><\/strong>C\u00e9z\u00e1r sal\u00e1ta, Z\u00f6lds\u00e9gsal\u00e1ta, G\u00f6r\u00f6g sal\u00e1ta, B\u00e1r\u00e1nyh\u00fas, Hal, Garn\u00e9lar\u00e1k, Grillezett z\u00f6lds\u00e9gek, Chips, Arab lapos keny\u00e9r, Gy\u00fcm\u00f6lcskeny\u00e9r, Baklava, V\u00edz.<\/li>\n<\/ol>","protected":false},"excerpt":{"rendered":"<p><strong>A b\u00e9rleti szerz\u0151d\u00e9s id\u0151tartama:<\/strong> 6 \u00f3ra<\/p>\n<p><strong>Kapacit\u00e1s:<\/strong> 40 f\u0151<\/p>","protected":false},"featured_media":56296,"template":"","meta":{"_kad_post_transparent":"default","_kad_post_title":"","_kad_post_layout":"default","_kad_post_sidebar_id":"","_kad_post_content_style":"default","_kad_post_vertical_padding":"default","_kad_post_feature":"","_kad_post_feature_position":"","_kad_post_header":false,"_kad_post_footer":false,"_kad_post_classname":"","_glsr_average":0,"_glsr_ranking":0,"_glsr_reviews":0},"product_brand":[],"product_cat":[474],"product_tag":[],"class_list":{"0":"post-41161","1":"product","2":"type-product","3":"status-publish","4":"has-post-thumbnail","6":"product_cat-yacht-in-dubai","7":"tm-has-options","9":"first","10":"instock","11":"sold-individually","12":"taxable","13":"shipping-taxable","14":"purchasable","15":"product-type-simple","16":"entry","17":"content-bg","18":"loop-entry"},"yoast_head":"<!-- This site is optimized with the Yoast SEO plugin v27.4 - https:\/\/yoast.com\/product\/yoast-seo-wordpress\/ -->\n<title>\u042f\u0445\u0442\u0430 Suneeker BERCO VOYAGER &#8226; \u042d\u043a\u0441\u043a\u0443\u0440\u0441\u0438\u0438 Skyline<\/title>\n<meta name=\"robots\" content=\"index, follow, max-snippet:-1, max-image-preview:large, max-video-preview:-1\" \/>\n<link rel=\"canonical\" href=\"https:\/\/skyline-gs.com\/hu\/termek\/suneeker-berco-voyager-dubai-2\/\" \/>\n<meta property=\"og:locale\" content=\"hu_HU\" \/>\n<meta property=\"og:type\" content=\"article\" \/>\n<meta property=\"og:title\" content=\"\u042f\u0445\u0442\u0430 Suneeker BERCO VOYAGER &#8226; \u042d\u043a\u0441\u043a\u0443\u0440\u0441\u0438\u0438 Skyline\" \/>\n<meta property=\"og:description\" content=\"\u0414\u043b\u0438\u0442\u0435\u043b\u044c\u043d\u043e\u0441\u0442\u044c \u0430\u0440\u0435\u043d\u0434\u044b: 6 \u0447\u0430\u0441\u043e\u0432  \u0412\u043c\u0435\u0441\u0442\u0438\u0442\u0435\u043b\u044c\u043d\u043e\u0441\u0442\u044c: 40 \u0447\u0435\u043b\u043e\u0432\u0435\u043a\" \/>\n<meta property=\"og:url\" content=\"https:\/\/skyline-gs.com\/hu\/termek\/suneeker-berco-voyager-dubai-2\/\" \/>\n<meta property=\"og:site_name\" content=\"\u042d\u043a\u0441\u043a\u0443\u0440\u0441\u0438\u0438 Skyline\" \/>\n<meta property=\"article:modified_time\" content=\"2024-09-30T18:35:07+00:00\" \/>\n<meta property=\"og:image\" content=\"https:\/\/skyline-gs.com\/wp-content\/uploads\/2022\/11\/2-11-1.png\" \/>\n\t<meta property=\"og:image:width\" content=\"669\" \/>\n\t<meta property=\"og:image:height\" content=\"446\" \/>\n\t<meta property=\"og:image:type\" content=\"image\/png\" \/>\n<meta name=\"twitter:card\" content=\"summary_large_image\" \/>\n<meta name=\"twitter:label1\" content=\"Becs\u00fclt olvas\u00e1si id\u0151\" \/>\n\t<meta name=\"twitter:data1\" content=\"4 perc\" \/>\n<script type=\"application\/ld+json\" class=\"yoast-schema-graph\">{\"@context\":\"https:\\\/\\\/schema.org\",\"@graph\":[{\"@type\":\"WebPage\",\"@id\":\"https:\\\/\\\/skyline-gs.com\\\/product\\\/suneeker-berco-voyager-dubai\\\/\",\"url\":\"https:\\\/\\\/skyline-gs.com\\\/product\\\/suneeker-berco-voyager-dubai\\\/\",\"name\":\"\u042f\u0445\u0442\u0430 Suneeker BERCO VOYAGER &#8226; \u042d\u043a\u0441\u043a\u0443\u0440\u0441\u0438\u0438 Skyline\",\"isPartOf\":{\"@id\":\"https:\\\/\\\/skyline-gs.com\\\/it\\\/#website\"},\"primaryImageOfPage\":{\"@id\":\"https:\\\/\\\/skyline-gs.com\\\/product\\\/suneeker-berco-voyager-dubai\\\/#primaryimage\"},\"image\":{\"@id\":\"https:\\\/\\\/skyline-gs.com\\\/product\\\/suneeker-berco-voyager-dubai\\\/#primaryimage\"},\"thumbnailUrl\":\"https:\\\/\\\/skyline-gs.com\\\/wp-content\\\/uploads\\\/2022\\\/11\\\/2-11-1.png\",\"datePublished\":\"2022-11-13T18:50:52+00:00\",\"dateModified\":\"2024-09-30T18:35:07+00:00\",\"breadcrumb\":{\"@id\":\"https:\\\/\\\/skyline-gs.com\\\/product\\\/suneeker-berco-voyager-dubai\\\/#breadcrumb\"},\"inLanguage\":\"hu\",\"potentialAction\":[{\"@type\":\"ReadAction\",\"target\":[\"https:\\\/\\\/skyline-gs.com\\\/product\\\/suneeker-berco-voyager-dubai\\\/\"]}]},{\"@type\":\"ImageObject\",\"inLanguage\":\"hu\",\"@id\":\"https:\\\/\\\/skyline-gs.com\\\/product\\\/suneeker-berco-voyager-dubai\\\/#primaryimage\",\"url\":\"https:\\\/\\\/skyline-gs.com\\\/wp-content\\\/uploads\\\/2022\\\/11\\\/2-11-1.png\",\"contentUrl\":\"https:\\\/\\\/skyline-gs.com\\\/wp-content\\\/uploads\\\/2022\\\/11\\\/2-11-1.png\",\"width\":669,\"height\":446},{\"@type\":\"BreadcrumbList\",\"@id\":\"https:\\\/\\\/skyline-gs.com\\\/product\\\/suneeker-berco-voyager-dubai\\\/#breadcrumb\",\"itemListElement\":[{\"@type\":\"ListItem\",\"position\":1,\"name\":\"\u0413\u043b\u0430\u0432\u043d\u0430\u044f \u0441\u0442\u0440\u0430\u043d\u0438\u0446\u0430\",\"item\":\"https:\\\/\\\/skyline-gs.com\\\/hu\\\/\"},{\"@type\":\"ListItem\",\"position\":2,\"name\":\"\u041c\u0430\u0433\u0430\u0437\u0438\u043d\",\"item\":\"https:\\\/\\\/skyline-gs.com\\\/cs\\\/shop\\\/\"},{\"@type\":\"ListItem\",\"position\":3,\"name\":\"\u042f\u0445\u0442\u0430 Suneeker BERCO VOYAGER\"}]},{\"@type\":\"WebSite\",\"@id\":\"https:\\\/\\\/skyline-gs.com\\\/it\\\/#website\",\"url\":\"https:\\\/\\\/skyline-gs.com\\\/it\\\/\",\"name\":\"\u042d\u043a\u0441\u043a\u0443\u0440\u0441\u0438\u0438 Skyline\",\"description\":\"\u042d\u043a\u0441\u043a\u043b\u044e\u0437\u0438\u0432\u043d\u044b\u0435 \u044d\u043a\u0441\u043a\u0443\u0440\u0441\u0438\u0438 \u043d\u0430 \u043b\u0443\u0447\u0448\u0438\u0445 \u043a\u0443\u0440\u043e\u0440\u0442\u0430\u0445 \u043c\u0438\u0440\u0430\",\"publisher\":{\"@id\":\"https:\\\/\\\/skyline-gs.com\\\/it\\\/#organization\"},\"alternateName\":\"Skyline\",\"potentialAction\":[{\"@type\":\"SearchAction\",\"target\":{\"@type\":\"EntryPoint\",\"urlTemplate\":\"https:\\\/\\\/skyline-gs.com\\\/it\\\/?s={search_term_string}\"},\"query-input\":{\"@type\":\"PropertyValueSpecification\",\"valueRequired\":true,\"valueName\":\"search_term_string\"}}],\"inLanguage\":\"hu\"},{\"@type\":\"Organization\",\"@id\":\"https:\\\/\\\/skyline-gs.com\\\/it\\\/#organization\",\"name\":\"\u042d\u043a\u0441\u043a\u0443\u0440\u0441\u0438\u0438 Skyline\",\"alternateName\":\"\u042d\u043a\u0441\u043a\u0443\u0440\u0441\u0438\u0438 Skyline\",\"url\":\"https:\\\/\\\/skyline-gs.com\\\/it\\\/\",\"logo\":{\"@type\":\"ImageObject\",\"inLanguage\":\"hu\",\"@id\":\"https:\\\/\\\/skyline-gs.com\\\/it\\\/#\\\/schema\\\/logo\\\/image\\\/\",\"url\":\"https:\\\/\\\/skyline-gs.com\\\/wp-content\\\/uploads\\\/2020\\\/12\\\/cropped-logo-2.png\",\"contentUrl\":\"https:\\\/\\\/skyline-gs.com\\\/wp-content\\\/uploads\\\/2020\\\/12\\\/cropped-logo-2.png\",\"width\":512,\"height\":512,\"caption\":\"\u042d\u043a\u0441\u043a\u0443\u0440\u0441\u0438\u0438 Skyline\"},\"image\":{\"@id\":\"https:\\\/\\\/skyline-gs.com\\\/it\\\/#\\\/schema\\\/logo\\\/image\\\/\"},\"sameAs\":[\"https:\\\/\\\/www.instagram.com\\\/skylineglobalservice\\\/\"]}]}<\/script>\n<!-- \/ Yoast SEO plugin. -->","yoast_head_json":{"title":"Suneeker BERCO VOYAGER - Skyline Excursions","robots":{"index":"index","follow":"follow","max-snippet":"max-snippet:-1","max-image-preview":"max-image-preview:large","max-video-preview":"max-video-preview:-1"},"canonical":"https:\/\/skyline-gs.com\/hu\/termek\/suneeker-berco-voyager-dubai-2\/","og_locale":"hu_HU","og_type":"article","og_title":"\u042f\u0445\u0442\u0430 Suneeker BERCO VOYAGER &#8226; \u042d\u043a\u0441\u043a\u0443\u0440\u0441\u0438\u0438 Skyline","og_description":"\u0414\u043b\u0438\u0442\u0435\u043b\u044c\u043d\u043e\u0441\u0442\u044c \u0430\u0440\u0435\u043d\u0434\u044b: 6 \u0447\u0430\u0441\u043e\u0432  \u0412\u043c\u0435\u0441\u0442\u0438\u0442\u0435\u043b\u044c\u043d\u043e\u0441\u0442\u044c: 40 \u0447\u0435\u043b\u043e\u0432\u0435\u043a","og_url":"https:\/\/skyline-gs.com\/hu\/termek\/suneeker-berco-voyager-dubai-2\/","og_site_name":"\u042d\u043a\u0441\u043a\u0443\u0440\u0441\u0438\u0438 Skyline","article_modified_time":"2024-09-30T18:35:07+00:00","og_image":[{"width":669,"height":446,"url":"https:\/\/skyline-gs.com\/wp-content\/uploads\/2022\/11\/2-11-1.png","type":"image\/png"}],"twitter_card":"summary_large_image","twitter_misc":{"Becs\u00fclt olvas\u00e1si id\u0151":"4 perc"},"schema":{"@context":"https:\/\/schema.org","@graph":[{"@type":"WebPage","@id":"https:\/\/skyline-gs.com\/product\/suneeker-berco-voyager-dubai\/","url":"https:\/\/skyline-gs.com\/product\/suneeker-berco-voyager-dubai\/","name":"Suneeker BERCO VOYAGER - Skyline Excursions","isPartOf":{"@id":"https:\/\/skyline-gs.com\/it\/#website"},"primaryImageOfPage":{"@id":"https:\/\/skyline-gs.com\/product\/suneeker-berco-voyager-dubai\/#primaryimage"},"image":{"@id":"https:\/\/skyline-gs.com\/product\/suneeker-berco-voyager-dubai\/#primaryimage"},"thumbnailUrl":"https:\/\/skyline-gs.com\/wp-content\/uploads\/2022\/11\/2-11-1.png","datePublished":"2022-11-13T18:50:52+00:00","dateModified":"2024-09-30T18:35:07+00:00","breadcrumb":{"@id":"https:\/\/skyline-gs.com\/product\/suneeker-berco-voyager-dubai\/#breadcrumb"},"inLanguage":"hu","potentialAction":[{"@type":"ReadAction","target":["https:\/\/skyline-gs.com\/product\/suneeker-berco-voyager-dubai\/"]}]},{"@type":"ImageObject","inLanguage":"hu","@id":"https:\/\/skyline-gs.com\/product\/suneeker-berco-voyager-dubai\/#primaryimage","url":"https:\/\/skyline-gs.com\/wp-content\/uploads\/2022\/11\/2-11-1.png","contentUrl":"https:\/\/skyline-gs.com\/wp-content\/uploads\/2022\/11\/2-11-1.png","width":669,"height":446},{"@type":"BreadcrumbList","@id":"https:\/\/skyline-gs.com\/product\/suneeker-berco-voyager-dubai\/#breadcrumb","itemListElement":[{"@type":"ListItem","position":1,"name":"\u0413\u043b\u0430\u0432\u043d\u0430\u044f \u0441\u0442\u0440\u0430\u043d\u0438\u0446\u0430","item":"https:\/\/skyline-gs.com\/hu\/"},{"@type":"ListItem","position":2,"name":"\u041c\u0430\u0433\u0430\u0437\u0438\u043d","item":"https:\/\/skyline-gs.com\/cs\/shop\/"},{"@type":"ListItem","position":3,"name":"\u042f\u0445\u0442\u0430 Suneeker BERCO VOYAGER"}]},{"@type":"WebSite","@id":"https:\/\/skyline-gs.com\/it\/#website","url":"https:\/\/skyline-gs.com\/it\/","name":"Skyline T\u00far\u00e1k","description":"Exkluz\u00edv kir\u00e1ndul\u00e1sok a vil\u00e1g legjobb \u00fcd\u00fcl\u0151helyein","publisher":{"@id":"https:\/\/skyline-gs.com\/it\/#organization"},"alternateName":"Skyline","potentialAction":[{"@type":"SearchAction","target":{"@type":"EntryPoint","urlTemplate":"https:\/\/skyline-gs.com\/it\/?s={search_term_string}"},"query-input":{"@type":"PropertyValueSpecification","valueRequired":true,"valueName":"search_term_string"}}],"inLanguage":"hu"},{"@type":"Organization","@id":"https:\/\/skyline-gs.com\/it\/#organization","name":"Skyline T\u00far\u00e1k","alternateName":"\u042d\u043a\u0441\u043a\u0443\u0440\u0441\u0438\u0438 Skyline","url":"https:\/\/skyline-gs.com\/it\/","logo":{"@type":"ImageObject","inLanguage":"hu","@id":"https:\/\/skyline-gs.com\/it\/#\/schema\/logo\/image\/","url":"https:\/\/skyline-gs.com\/wp-content\/uploads\/2020\/12\/cropped-logo-2.png","contentUrl":"https:\/\/skyline-gs.com\/wp-content\/uploads\/2020\/12\/cropped-logo-2.png","width":512,"height":512,"caption":"\u042d\u043a\u0441\u043a\u0443\u0440\u0441\u0438\u0438 Skyline"},"image":{"@id":"https:\/\/skyline-gs.com\/it\/#\/schema\/logo\/image\/"},"sameAs":["https:\/\/www.instagram.com\/skylineglobalservice\/"]}]}},"_links":{"self":[{"href":"https:\/\/skyline-gs.com\/hu\/wp-json\/wp\/v2\/product\/41161","targetHints":{"allow":["GET"]}}],"collection":[{"href":"https:\/\/skyline-gs.com\/hu\/wp-json\/wp\/v2\/product"}],"about":[{"href":"https:\/\/skyline-gs.com\/hu\/wp-json\/wp\/v2\/types\/product"}],"version-history":[{"count":0,"href":"https:\/\/skyline-gs.com\/hu\/wp-json\/wp\/v2\/product\/41161\/revisions"}],"wp:featuredmedia":[{"embeddable":true,"href":"https:\/\/skyline-gs.com\/hu\/wp-json\/wp\/v2\/media\/56296"}],"wp:attachment":[{"href":"https:\/\/skyline-gs.com\/hu\/wp-json\/wp\/v2\/media?parent=41161"}],"wp:term":[{"taxonomy":"product_brand","embeddable":true,"href":"https:\/\/skyline-gs.com\/hu\/wp-json\/wp\/v2\/product_brand?post=41161"},{"taxonomy":"product_cat","embeddable":true,"href":"https:\/\/skyline-gs.com\/hu\/wp-json\/wp\/v2\/product_cat?post=41161"},{"taxonomy":"product_tag","embeddable":true,"href":"https:\/\/skyline-gs.com\/hu\/wp-json\/wp\/v2\/product_tag?post=41161"}],"curies":[{"name":"wp","href":"https:\/\/api.w.org\/{rel}","templated":true}]}}