{"id":40714,"date":"2022-10-31T00:39:09","date_gmt":"2022-10-30T21:39:09","guid":{"rendered":"https:\/\/dubai.skyline-gs.com\/?post_type=product&#038;p=40714"},"modified":"2025-12-06T15:35:08","modified_gmt":"2025-12-06T13:35:08","slug":"szafari-park-dubai","status":"publish","type":"product","link":"https:\/\/skyline-gs.com\/hu\/product\/safari-park-dubai\/","title":{"rendered":"Dubai Safari Park (bel\u00e9p\u0151 + transzfer)"},"content":{"rendered":"<p data-start=\"131\" data-end=\"400\">Megh\u00edvjuk \u00d6nt egy izgalmas kir\u00e1ndul\u00e1sra a <strong>A Dubai Safari Park az Egyes\u00fclt Arab Em\u00edrs\u00e9gek egyik legnagyobb \u00e1llatkertje, amely 119 hekt\u00e1ron ter\u00fcl el.<\/strong>. Ez egy korszer\u0171 term\u00e9szeti komplexum, amely \u00fajj\u00e1teremti a term\u00e9szetes \u00e9l\u0151helyet a . <strong>t\u00f6bb mint 2500 \u00e1llat a vil\u00e1g minden t\u00e1j\u00e1r\u00f3l<\/strong>.<\/p>\n<p data-start=\"402\" data-end=\"528\"><strong>9:00 - Indul\u00e1s a sz\u00e1llod\u00e1b\u00f3l<\/strong>.<\/p>\n<ul>\n<li data-start=\"558\" data-end=\"952\"><strong data-start=\"560\" data-end=\"584\">S\u00e9ta<\/strong> a fest\u0151i Al Wadi ter\u00fcleten kereszt\u00fcl a:\n<ul data-start=\"631\" data-end=\"952\">\n<li data-start=\"631\" data-end=\"740\"><strong data-start=\"633\" data-end=\"656\">Afrikai falu<\/strong> - Tal\u00e1lkozzon elef\u00e1ntokkal, oroszl\u00e1nokkal, orrszarv\u00faakkal, zebr\u00e1kkal \u00e9s m\u00e1s afrikai szavannai \u00e1llatokkal.<\/li>\n<li data-start=\"743\" data-end=\"846\"><strong data-start=\"745\" data-end=\"771\">A felfedez\u0151k faluj\u00e1ba<\/strong> - egy hely, ahol a vil\u00e1g minden t\u00e1j\u00e1r\u00f3l sz\u00e1rmaz\u00f3 \u00e1llatok \u00e9lnek t\u00e1gas ketrecekben.<\/li>\n<li data-start=\"849\" data-end=\"952\"><strong data-start=\"851\" data-end=\"872\">\u00c1zsiai falu<\/strong> - az \u00e1zsiai \u00e1llatvil\u00e1g ritka k\u00e9pvisel\u0151i: tigrisek, komod\u00f3i var\u00e1nuszok, \u00e1zsiai medv\u00e9k.<\/li>\n<\/ul>\n<\/li>\n<li data-start=\"953\" data-end=\"1101\"><strong data-start=\"955\" data-end=\"985\">Arab sivatagi szafari<\/strong> (10 perc elektromos aut\u00f3val) - megismerheti az Arab-f\u00e9lszigeten \u00e9l\u0151 egyed\u00fcl\u00e1ll\u00f3 \u00e1llatfajokat.<\/li>\n<li data-start=\"1102\" data-end=\"1161\"><strong data-start=\"1104\" data-end=\"1117\">\u00c9l\u0151 m\u0171sorok<\/strong> \u00e1llatokkal (a park \u00fctemez\u00e9se szerint)<\/li>\n<li data-start=\"1162\" data-end=\"1254\"><strong data-start=\"1164\" data-end=\"1181\">Gyermekfarm<\/strong> - interakt\u00edv z\u00f3na, ahol a gyerekek interakci\u00f3ba l\u00e9phetnek a h\u00e1zi\u00e1llatokkal<\/li>\n<\/ul>\n<p><strong>14:00 - Visszat\u00e9r\u00e9s a sz\u00e1llod\u00e1ba.<\/strong><\/p>\n<p><strong>Tartalmazza:<\/strong><\/p>\n<ul>\n<li>Transzfer a sz\u00e1llod\u00e1ba \u00e9s vissza (Dubajb\u00f3l, Sharjahb\u00f3l \u00e9s Ajmanb\u00f3l)<\/li>\n<li>Minden transzfer a programon bel\u00fcl l\u00e9gkondicion\u00e1lt aut\u00f3busszal<\/li>\n<li>Norm\u00e1l bel\u00e9p\u0151jegy<\/li>\n<\/ul>\n<p><strong>Mit hozzak magammal?<\/strong><\/p>\n<ul>\n<li>Kamera<\/li>\n<li>V\u00edz<\/li>\n<li>Fejd\u00edsz<\/li>\n<li>P\u00e9nz szem\u00e9lyes kiad\u00e1sokra, aj\u00e1nd\u00e9kt\u00e1rgyakra \u00e9s v\u00e1s\u00e1rl\u00e1sra<\/li>\n<\/ul>","protected":false},"excerpt":{"rendered":"<p><strong>Kir\u00e1ndul\u00e1s Id\u0151pontja:<\/strong> 9:00 &#8212; 14:00<\/p>\n<p><strong>A Kir\u00e1ndul\u00e1s Napjai:<\/strong> \u0412\u0442\u043e\u0440\u043d\u0438\u043a , \u0427\u0435\u0442\u0432\u0435\u0440\u0433, \u0412\u043e\u0441\u043a\u0440\u0435\u0441\u0435\u043d\u044c\u0435<\/p>","protected":false},"featured_media":40732,"template":"","meta":{"_kad_post_transparent":"default","_kad_post_title":"","_kad_post_layout":"default","_kad_post_sidebar_id":"","_kad_post_content_style":"default","_kad_post_vertical_padding":"default","_kad_post_feature":"","_kad_post_feature_position":"","_kad_post_header":false,"_kad_post_footer":false,"_kad_post_classname":"","_glsr_average":0,"_glsr_ranking":0,"_glsr_reviews":0},"product_brand":[],"product_cat":[473,438],"product_tag":[],"class_list":{"0":"post-40714","1":"product","2":"type-product","3":"status-publish","4":"has-post-thumbnail","6":"product_cat-dubai-parks","7":"product_cat-dubai","8":"tm-has-options","10":"first","11":"instock","12":"sale","13":"sold-individually","14":"taxable","15":"shipping-taxable","16":"purchasable","17":"product-type-simple","18":"entry","19":"content-bg","20":"loop-entry"},"yoast_head":"<!-- This site is optimized with the Yoast SEO plugin v27.3 - https:\/\/yoast.com\/product\/yoast-seo-wordpress\/ -->\n<title>\u0414\u0443\u0431\u0430\u0439\u0441\u043a\u0438\u0439 \u0421\u0430\u0444\u0430\u0440\u0438 \u041f\u0430\u0440\u043a (\u0432\u0445\u043e\u0434\u043d\u043e\u0439 \u0431\u0438\u043b\u0435\u0442 + \u0442\u0440\u0430\u043d\u0441\u0444\u0435\u0440\u044b) &#8226; \u042d\u043a\u0441\u043a\u0443\u0440\u0441\u0438\u0438 Skyline<\/title>\n<meta name=\"robots\" content=\"index, follow, max-snippet:-1, max-image-preview:large, max-video-preview:-1\" \/>\n<link rel=\"canonical\" href=\"https:\/\/skyline-gs.com\/hu\/termek\/szafari-park-dubai\/\" \/>\n<meta property=\"og:locale\" content=\"hu_HU\" \/>\n<meta property=\"og:type\" content=\"article\" \/>\n<meta property=\"og:title\" content=\"\u0414\u0443\u0431\u0430\u0439\u0441\u043a\u0438\u0439 \u0421\u0430\u0444\u0430\u0440\u0438 \u041f\u0430\u0440\u043a (\u0432\u0445\u043e\u0434\u043d\u043e\u0439 \u0431\u0438\u043b\u0435\u0442 + \u0442\u0440\u0430\u043d\u0441\u0444\u0435\u0440\u044b) &#8226; \u042d\u043a\u0441\u043a\u0443\u0440\u0441\u0438\u0438 Skyline\" \/>\n<meta property=\"og:description\" content=\"\u0412\u0440\u0435\u043c\u044f \u0442\u0443\u0440\u0430: 9:00 - 14:00  \u0414\u043d\u0438 \u043f\u0440\u043e\u0432\u0435\u0434\u0435\u043d\u0438\u044f: \u0412\u0442\u043e\u0440\u043d\u0438\u043a , \u0427\u0435\u0442\u0432\u0435\u0440\u0433, \u0412\u043e\u0441\u043a\u0440\u0435\u0441\u0435\u043d\u044c\u0435\" \/>\n<meta property=\"og:url\" content=\"https:\/\/skyline-gs.com\/hu\/termek\/szafari-park-dubai\/\" \/>\n<meta property=\"og:site_name\" content=\"\u042d\u043a\u0441\u043a\u0443\u0440\u0441\u0438\u0438 Skyline\" \/>\n<meta property=\"article:modified_time\" content=\"2025-12-06T13:35:08+00:00\" \/>\n<meta property=\"og:image\" content=\"https:\/\/skyline-gs.com\/wp-content\/uploads\/2022\/10\/17-3-e1741762879429.png\" \/>\n\t<meta property=\"og:image:width\" content=\"600\" \/>\n\t<meta property=\"og:image:height\" content=\"400\" \/>\n\t<meta property=\"og:image:type\" content=\"image\/png\" \/>\n<meta name=\"twitter:card\" content=\"summary_large_image\" \/>\n<meta name=\"twitter:label1\" content=\"Becs\u00fclt olvas\u00e1si id\u0151\" \/>\n\t<meta name=\"twitter:data1\" content=\"2 perc\" \/>\n<script type=\"application\/ld+json\" class=\"yoast-schema-graph\">{\"@context\":\"https:\\\/\\\/schema.org\",\"@graph\":[{\"@type\":\"WebPage\",\"@id\":\"https:\\\/\\\/skyline-gs.com\\\/it\\\/prodotto\\\/safari-park-dubai\\\/\",\"url\":\"https:\\\/\\\/skyline-gs.com\\\/it\\\/prodotto\\\/safari-park-dubai\\\/\",\"name\":\"\u0414\u0443\u0431\u0430\u0439\u0441\u043a\u0438\u0439 \u0421\u0430\u0444\u0430\u0440\u0438 \u041f\u0430\u0440\u043a (\u0432\u0445\u043e\u0434\u043d\u043e\u0439 \u0431\u0438\u043b\u0435\u0442 + \u0442\u0440\u0430\u043d\u0441\u0444\u0435\u0440\u044b) &#8226; \u042d\u043a\u0441\u043a\u0443\u0440\u0441\u0438\u0438 Skyline\",\"isPartOf\":{\"@id\":\"https:\\\/\\\/skyline-gs.com\\\/it\\\/#website\"},\"primaryImageOfPage\":{\"@id\":\"https:\\\/\\\/skyline-gs.com\\\/it\\\/prodotto\\\/safari-park-dubai\\\/#primaryimage\"},\"image\":{\"@id\":\"https:\\\/\\\/skyline-gs.com\\\/it\\\/prodotto\\\/safari-park-dubai\\\/#primaryimage\"},\"thumbnailUrl\":\"https:\\\/\\\/skyline-gs.com\\\/wp-content\\\/uploads\\\/2022\\\/10\\\/17-3-e1741762879429.png\",\"datePublished\":\"2022-10-30T21:39:09+00:00\",\"dateModified\":\"2025-12-06T13:35:08+00:00\",\"breadcrumb\":{\"@id\":\"https:\\\/\\\/skyline-gs.com\\\/it\\\/prodotto\\\/safari-park-dubai\\\/#breadcrumb\"},\"inLanguage\":\"hu\",\"potentialAction\":[{\"@type\":\"ReadAction\",\"target\":[\"https:\\\/\\\/skyline-gs.com\\\/it\\\/prodotto\\\/safari-park-dubai\\\/\"]}]},{\"@type\":\"ImageObject\",\"inLanguage\":\"hu\",\"@id\":\"https:\\\/\\\/skyline-gs.com\\\/it\\\/prodotto\\\/safari-park-dubai\\\/#primaryimage\",\"url\":\"https:\\\/\\\/skyline-gs.com\\\/wp-content\\\/uploads\\\/2022\\\/10\\\/17-3-e1741762879429.png\",\"contentUrl\":\"https:\\\/\\\/skyline-gs.com\\\/wp-content\\\/uploads\\\/2022\\\/10\\\/17-3-e1741762879429.png\",\"width\":600,\"height\":400},{\"@type\":\"BreadcrumbList\",\"@id\":\"https:\\\/\\\/skyline-gs.com\\\/it\\\/prodotto\\\/safari-park-dubai\\\/#breadcrumb\",\"itemListElement\":[{\"@type\":\"ListItem\",\"position\":1,\"name\":\"\u0413\u043b\u0430\u0432\u043d\u0430\u044f \u0441\u0442\u0440\u0430\u043d\u0438\u0446\u0430\",\"item\":\"https:\\\/\\\/skyline-gs.com\\\/hu\\\/\"},{\"@type\":\"ListItem\",\"position\":2,\"name\":\"\u041c\u0430\u0433\u0430\u0437\u0438\u043d\",\"item\":\"https:\\\/\\\/skyline-gs.com\\\/cs\\\/shop\\\/\"},{\"@type\":\"ListItem\",\"position\":3,\"name\":\"\u0414\u0443\u0431\u0430\u0439\u0441\u043a\u0438\u0439 \u0421\u0430\u0444\u0430\u0440\u0438 \u041f\u0430\u0440\u043a (\u0432\u0445\u043e\u0434\u043d\u043e\u0439 \u0431\u0438\u043b\u0435\u0442 + \u0442\u0440\u0430\u043d\u0441\u0444\u0435\u0440\u044b)\"}]},{\"@type\":\"WebSite\",\"@id\":\"https:\\\/\\\/skyline-gs.com\\\/it\\\/#website\",\"url\":\"https:\\\/\\\/skyline-gs.com\\\/it\\\/\",\"name\":\"\u042d\u043a\u0441\u043a\u0443\u0440\u0441\u0438\u0438 Skyline\",\"description\":\"\u042d\u043a\u0441\u043a\u043b\u044e\u0437\u0438\u0432\u043d\u044b\u0435 \u044d\u043a\u0441\u043a\u0443\u0440\u0441\u0438\u0438 \u043d\u0430 \u043b\u0443\u0447\u0448\u0438\u0445 \u043a\u0443\u0440\u043e\u0440\u0442\u0430\u0445 \u043c\u0438\u0440\u0430\",\"publisher\":{\"@id\":\"https:\\\/\\\/skyline-gs.com\\\/it\\\/#organization\"},\"alternateName\":\"Skyline\",\"potentialAction\":[{\"@type\":\"SearchAction\",\"target\":{\"@type\":\"EntryPoint\",\"urlTemplate\":\"https:\\\/\\\/skyline-gs.com\\\/it\\\/?s={search_term_string}\"},\"query-input\":{\"@type\":\"PropertyValueSpecification\",\"valueRequired\":true,\"valueName\":\"search_term_string\"}}],\"inLanguage\":\"hu\"},{\"@type\":\"Organization\",\"@id\":\"https:\\\/\\\/skyline-gs.com\\\/it\\\/#organization\",\"name\":\"\u042d\u043a\u0441\u043a\u0443\u0440\u0441\u0438\u0438 Skyline\",\"alternateName\":\"\u042d\u043a\u0441\u043a\u0443\u0440\u0441\u0438\u0438 Skyline\",\"url\":\"https:\\\/\\\/skyline-gs.com\\\/it\\\/\",\"logo\":{\"@type\":\"ImageObject\",\"inLanguage\":\"hu\",\"@id\":\"https:\\\/\\\/skyline-gs.com\\\/it\\\/#\\\/schema\\\/logo\\\/image\\\/\",\"url\":\"https:\\\/\\\/skyline-gs.com\\\/wp-content\\\/uploads\\\/2020\\\/12\\\/cropped-logo-2.png\",\"contentUrl\":\"https:\\\/\\\/skyline-gs.com\\\/wp-content\\\/uploads\\\/2020\\\/12\\\/cropped-logo-2.png\",\"width\":512,\"height\":512,\"caption\":\"\u042d\u043a\u0441\u043a\u0443\u0440\u0441\u0438\u0438 Skyline\"},\"image\":{\"@id\":\"https:\\\/\\\/skyline-gs.com\\\/it\\\/#\\\/schema\\\/logo\\\/image\\\/\"},\"sameAs\":[\"https:\\\/\\\/www.instagram.com\\\/skylineglobalservice\\\/\"]}]}<\/script>\n<!-- \/ Yoast SEO plugin. -->","yoast_head_json":{"title":"\u0414\u0443\u0431\u0430\u0439\u0441\u043a\u0438\u0439 \u0421\u0430\u0444\u0430\u0440\u0438 \u041f\u0430\u0440\u043a (\u0432\u0445\u043e\u0434\u043d\u043e\u0439 \u0431\u0438\u043b\u0435\u0442 + \u0442\u0440\u0430\u043d\u0441\u0444\u0435\u0440\u044b) &#8226; \u042d\u043a\u0441\u043a\u0443\u0440\u0441\u0438\u0438 Skyline","robots":{"index":"index","follow":"follow","max-snippet":"max-snippet:-1","max-image-preview":"max-image-preview:large","max-video-preview":"max-video-preview:-1"},"canonical":"https:\/\/skyline-gs.com\/hu\/termek\/szafari-park-dubai\/","og_locale":"hu_HU","og_type":"article","og_title":"\u0414\u0443\u0431\u0430\u0439\u0441\u043a\u0438\u0439 \u0421\u0430\u0444\u0430\u0440\u0438 \u041f\u0430\u0440\u043a (\u0432\u0445\u043e\u0434\u043d\u043e\u0439 \u0431\u0438\u043b\u0435\u0442 + \u0442\u0440\u0430\u043d\u0441\u0444\u0435\u0440\u044b) &#8226; \u042d\u043a\u0441\u043a\u0443\u0440\u0441\u0438\u0438 Skyline","og_description":"\u0412\u0440\u0435\u043c\u044f \u0442\u0443\u0440\u0430: 9:00 - 14:00  \u0414\u043d\u0438 \u043f\u0440\u043e\u0432\u0435\u0434\u0435\u043d\u0438\u044f: \u0412\u0442\u043e\u0440\u043d\u0438\u043a , \u0427\u0435\u0442\u0432\u0435\u0440\u0433, \u0412\u043e\u0441\u043a\u0440\u0435\u0441\u0435\u043d\u044c\u0435","og_url":"https:\/\/skyline-gs.com\/hu\/termek\/szafari-park-dubai\/","og_site_name":"\u042d\u043a\u0441\u043a\u0443\u0440\u0441\u0438\u0438 Skyline","article_modified_time":"2025-12-06T13:35:08+00:00","og_image":[{"width":600,"height":400,"url":"https:\/\/skyline-gs.com\/wp-content\/uploads\/2022\/10\/17-3-e1741762879429.png","type":"image\/png"}],"twitter_card":"summary_large_image","twitter_misc":{"Becs\u00fclt olvas\u00e1si id\u0151":"2 perc"},"schema":{"@context":"https:\/\/schema.org","@graph":[{"@type":"WebPage","@id":"https:\/\/skyline-gs.com\/it\/prodotto\/safari-park-dubai\/","url":"https:\/\/skyline-gs.com\/it\/prodotto\/safari-park-dubai\/","name":"\u0414\u0443\u0431\u0430\u0439\u0441\u043a\u0438\u0439 \u0421\u0430\u0444\u0430\u0440\u0438 \u041f\u0430\u0440\u043a (\u0432\u0445\u043e\u0434\u043d\u043e\u0439 \u0431\u0438\u043b\u0435\u0442 + \u0442\u0440\u0430\u043d\u0441\u0444\u0435\u0440\u044b) &#8226; \u042d\u043a\u0441\u043a\u0443\u0440\u0441\u0438\u0438 Skyline","isPartOf":{"@id":"https:\/\/skyline-gs.com\/it\/#website"},"primaryImageOfPage":{"@id":"https:\/\/skyline-gs.com\/it\/prodotto\/safari-park-dubai\/#primaryimage"},"image":{"@id":"https:\/\/skyline-gs.com\/it\/prodotto\/safari-park-dubai\/#primaryimage"},"thumbnailUrl":"https:\/\/skyline-gs.com\/wp-content\/uploads\/2022\/10\/17-3-e1741762879429.png","datePublished":"2022-10-30T21:39:09+00:00","dateModified":"2025-12-06T13:35:08+00:00","breadcrumb":{"@id":"https:\/\/skyline-gs.com\/it\/prodotto\/safari-park-dubai\/#breadcrumb"},"inLanguage":"hu","potentialAction":[{"@type":"ReadAction","target":["https:\/\/skyline-gs.com\/it\/prodotto\/safari-park-dubai\/"]}]},{"@type":"ImageObject","inLanguage":"hu","@id":"https:\/\/skyline-gs.com\/it\/prodotto\/safari-park-dubai\/#primaryimage","url":"https:\/\/skyline-gs.com\/wp-content\/uploads\/2022\/10\/17-3-e1741762879429.png","contentUrl":"https:\/\/skyline-gs.com\/wp-content\/uploads\/2022\/10\/17-3-e1741762879429.png","width":600,"height":400},{"@type":"BreadcrumbList","@id":"https:\/\/skyline-gs.com\/it\/prodotto\/safari-park-dubai\/#breadcrumb","itemListElement":[{"@type":"ListItem","position":1,"name":"\u0413\u043b\u0430\u0432\u043d\u0430\u044f \u0441\u0442\u0440\u0430\u043d\u0438\u0446\u0430","item":"https:\/\/skyline-gs.com\/hu\/"},{"@type":"ListItem","position":2,"name":"\u041c\u0430\u0433\u0430\u0437\u0438\u043d","item":"https:\/\/skyline-gs.com\/cs\/shop\/"},{"@type":"ListItem","position":3,"name":"\u0414\u0443\u0431\u0430\u0439\u0441\u043a\u0438\u0439 \u0421\u0430\u0444\u0430\u0440\u0438 \u041f\u0430\u0440\u043a (\u0432\u0445\u043e\u0434\u043d\u043e\u0439 \u0431\u0438\u043b\u0435\u0442 + \u0442\u0440\u0430\u043d\u0441\u0444\u0435\u0440\u044b)"}]},{"@type":"WebSite","@id":"https:\/\/skyline-gs.com\/it\/#website","url":"https:\/\/skyline-gs.com\/it\/","name":"Skyline T\u00far\u00e1k","description":"Exkluz\u00edv kir\u00e1ndul\u00e1sok a vil\u00e1g legjobb \u00fcd\u00fcl\u0151helyein","publisher":{"@id":"https:\/\/skyline-gs.com\/it\/#organization"},"alternateName":"Skyline","potentialAction":[{"@type":"SearchAction","target":{"@type":"EntryPoint","urlTemplate":"https:\/\/skyline-gs.com\/it\/?s={search_term_string}"},"query-input":{"@type":"PropertyValueSpecification","valueRequired":true,"valueName":"search_term_string"}}],"inLanguage":"hu"},{"@type":"Organization","@id":"https:\/\/skyline-gs.com\/it\/#organization","name":"Skyline T\u00far\u00e1k","alternateName":"\u042d\u043a\u0441\u043a\u0443\u0440\u0441\u0438\u0438 Skyline","url":"https:\/\/skyline-gs.com\/it\/","logo":{"@type":"ImageObject","inLanguage":"hu","@id":"https:\/\/skyline-gs.com\/it\/#\/schema\/logo\/image\/","url":"https:\/\/skyline-gs.com\/wp-content\/uploads\/2020\/12\/cropped-logo-2.png","contentUrl":"https:\/\/skyline-gs.com\/wp-content\/uploads\/2020\/12\/cropped-logo-2.png","width":512,"height":512,"caption":"\u042d\u043a\u0441\u043a\u0443\u0440\u0441\u0438\u0438 Skyline"},"image":{"@id":"https:\/\/skyline-gs.com\/it\/#\/schema\/logo\/image\/"},"sameAs":["https:\/\/www.instagram.com\/skylineglobalservice\/"]}]}},"_links":{"self":[{"href":"https:\/\/skyline-gs.com\/hu\/wp-json\/wp\/v2\/product\/40714","targetHints":{"allow":["GET"]}}],"collection":[{"href":"https:\/\/skyline-gs.com\/hu\/wp-json\/wp\/v2\/product"}],"about":[{"href":"https:\/\/skyline-gs.com\/hu\/wp-json\/wp\/v2\/types\/product"}],"version-history":[{"count":0,"href":"https:\/\/skyline-gs.com\/hu\/wp-json\/wp\/v2\/product\/40714\/revisions"}],"wp:featuredmedia":[{"embeddable":true,"href":"https:\/\/skyline-gs.com\/hu\/wp-json\/wp\/v2\/media\/40732"}],"wp:attachment":[{"href":"https:\/\/skyline-gs.com\/hu\/wp-json\/wp\/v2\/media?parent=40714"}],"wp:term":[{"taxonomy":"product_brand","embeddable":true,"href":"https:\/\/skyline-gs.com\/hu\/wp-json\/wp\/v2\/product_brand?post=40714"},{"taxonomy":"product_cat","embeddable":true,"href":"https:\/\/skyline-gs.com\/hu\/wp-json\/wp\/v2\/product_cat?post=40714"},{"taxonomy":"product_tag","embeddable":true,"href":"https:\/\/skyline-gs.com\/hu\/wp-json\/wp\/v2\/product_tag?post=40714"}],"curies":[{"name":"wp","href":"https:\/\/api.w.org\/{rel}","templated":true}]}}