{"id":40674,"date":"2022-10-30T23:21:11","date_gmt":"2022-10-30T20:21:11","guid":{"rendered":"https:\/\/dubai.skyline-gs.com\/?post_type=product&#038;p=40674"},"modified":"2025-12-22T21:48:10","modified_gmt":"2025-12-22T19:48:10","slug":"miracle-garden-global-village-dubai","status":"publish","type":"product","link":"https:\/\/skyline-gs.com\/hu\/product\/miracle-garden-global-village-dubai\/","title":{"rendered":"Miracle Garden \u00e9s Global Village (jegyek + transzfer)"},"content":{"rendered":"<p>\u041f\u0440\u0438\u0433\u043b\u0430\u0448\u0430\u0435\u043c \u0432\u0430\u0441 \u0432 \u0441\u0430\u043c\u044b\u0435 \u044f\u0440\u043a\u0438\u0435 \u0438 \u043a\u043e\u043b\u043e\u0440\u0438\u0442\u043d\u044b\u0435 \u0434\u043e\u0441\u0442\u043e\u043f\u0440\u0438\u043c\u0435\u0447\u0430\u0442\u0435\u043b\u044c\u043d\u043e\u0441\u0442\u0438 \u0414\u0443\u0431\u0430\u044f \u2014 <strong data-start=\"229\" data-end=\"257\">\u0421\u0430\u0434 \u0447\u0443\u0434\u0435\u0441 Miracle Garden<\/strong> \u0438 <strong data-start=\"260\" data-end=\"296\">\u0412\u0441\u0435\u043c\u0438\u0440\u043d\u0443\u044e \u0434\u0435\u0440\u0435\u0432\u043d\u044e Global Village<\/strong>. \u042d\u0442\u043e \u0438\u0434\u0435\u0430\u043b\u044c\u043d\u044b\u0439 \u043c\u0430\u0440\u0448\u0440\u0443\u0442 \u0434\u043b\u044f \u0442\u0435\u0445, \u043a\u0442\u043e \u0445\u043e\u0447\u0435\u0442 \u0441\u043e\u0432\u043c\u0435\u0441\u0442\u0438\u0442\u044c \u043f\u0440\u043e\u0433\u0443\u043b\u043a\u0443 \u043f\u043e \u0446\u0432\u0435\u0442\u043e\u0447\u043d\u044b\u043c \u043e\u0430\u0437\u0438\u0441\u0430\u043c \u0441 \u0443\u0432\u043b\u0435\u043a\u0430\u0442\u0435\u043b\u044c\u043d\u044b\u043c \u043f\u0443\u0442\u0435\u0448\u0435\u0441\u0442\u0432\u0438\u0435\u043c \u043f\u043e \u043a\u0443\u043b\u044c\u0442\u0443\u0440\u0430\u043c \u043c\u0438\u0440\u0430.<\/p>\n<p data-start=\"459\" data-end=\"580\"><strong>15:00 - Indul\u00e1s a sz\u00e1llod\u00e1b\u00f3l<\/strong>. \u041a\u043e\u043c\u0444\u043e\u0440\u0442\u0430\u0431\u0435\u043b\u044c\u043d\u044b\u0439 \u0430\u0432\u0442\u043e\u0431\u0443\u0441 \u0441 \u043a\u043e\u043d\u0434\u0438\u0446\u0438\u043e\u043d\u0435\u0440\u043e\u043c \u0434\u043e\u0441\u0442\u0430\u0432\u0438\u0442 \u0432\u0430\u0441 \u043f\u0440\u044f\u043c\u043e \u043a \u043d\u0430\u0447\u0430\u043b\u0443 \u0443\u0432\u043b\u0435\u043a\u0430\u0442\u0435\u043b\u044c\u043d\u043e\u0433\u043e \u043c\u0430\u0440\u0448\u0440\u0443\u0442\u0430.<\/p>\n<ul>\n<li data-start=\"459\" data-end=\"580\"><strong>\u0421\u0430\u0434 \u0447\u0443\u0434\u0435\u0441 Miracle Garden<\/strong> (2 \u0447\u0430\u0441\u0430). \u0412\u0430\u0441 \u0436\u0434\u0435\u0442 \u043f\u0440\u043e\u0433\u0443\u043b\u043a\u0430 \u043f\u043e \u0441\u0430\u043c\u043e\u043c\u0443 \u0431\u043e\u043b\u044c\u0448\u043e\u043c\u0443 \u0432 \u043c\u0438\u0440\u0435 \u043f\u0430\u0440\u043a\u0443 \u043d\u0430\u0442\u0443\u0440\u0430\u043b\u044c\u043d\u044b\u0445 \u0446\u0432\u0435\u0442\u043e\u0432, \u043a\u043e\u0442\u043e\u0440\u044b\u0439 \u0437\u0430\u043d\u0435\u0441\u0451\u043d \u0432 <strong data-start=\"714\" data-end=\"741\">\u041a\u043d\u0438\u0433\u0443 \u0440\u0435\u043a\u043e\u0440\u0434\u043e\u0432 \u0413\u0438\u043d\u043d\u0435\u0441\u0441\u0430<\/strong>. \u0417\u0434\u0435\u0441\u044c \u043f\u0440\u0435\u0434\u0441\u0442\u0430\u0432\u043b\u0435\u043d\u043e \u0431\u043e\u043b\u0435\u0435 <strong data-start=\"768\" data-end=\"791\">45 \u043c\u0438\u043b\u043b\u0438\u043e\u043d\u043e\u0432 \u0446\u0432\u0435\u0442\u043e\u0432<\/strong>, \u0441\u043e\u0431\u0440\u0430\u043d\u043d\u044b\u0445 \u0432 \u0443\u043d\u0438\u043a\u0430\u043b\u044c\u043d\u044b\u0435 \u043a\u043e\u043c\u043f\u043e\u0437\u0438\u0446\u0438\u0438:\n<ul data-start=\"1638\" data-end=\"1803\">\n<li data-start=\"1638\" data-end=\"1666\">\u0426\u0432\u0435\u0442\u043e\u0447\u043d\u0430\u044f \u043a\u043e\u043f\u0438\u044f <strong data-start=\"848\" data-end=\"864\">\u0411\u0443\u0440\u0434\u0436 \u0425\u0430\u043b\u0438\u0444\u0430<\/strong><\/li>\n<li data-start=\"1638\" data-end=\"1666\">\u041f\u043e\u0440\u0442\u0440\u0435\u0442 <strong data-start=\"877\" data-end=\"892\">\u0428\u0435\u0439\u0445\u0430 \u0417\u0430\u0435\u0434\u0430<\/strong><\/li>\n<li data-start=\"1638\" data-end=\"1666\">\u041e\u0433\u0440\u043e\u043c\u043d\u044b\u0435 <strong data-start=\"906\" data-end=\"923\">\u043f\u0435\u0441\u043e\u0447\u043d\u044b\u0435 \u0447\u0430\u0441\u044b<\/strong><\/li>\n<li data-start=\"1638\" data-end=\"1666\">\u0418\u043d\u0441\u0442\u0430\u043b\u043b\u044f\u0446\u0438\u0438 \u0432 \u0432\u0438\u0434\u0435 <strong data-start=\"947\" data-end=\"958\">\u0431\u0430\u0431\u043e\u0447\u0435\u043a<\/strong>, <strong data-start=\"960\" data-end=\"973\">\u0434\u0435\u043b\u044c\u0444\u0438\u043d\u043e\u0432<\/strong> \u0438 \u0434\u0430\u0436\u0435 <strong data-start=\"981\" data-end=\"1005\">\u0441\u0430\u043c\u043e\u043b\u0435\u0442\u0430 Airbus A380<\/strong><\/li>\n<li data-start=\"1638\" data-end=\"1666\">\u041f\u043e\u0433\u0440\u0443\u0437\u0438\u0442\u0435\u0441\u044c \u0432 \u0430\u0442\u043c\u043e\u0441\u0444\u0435\u0440\u0443 \u043d\u0430\u0441\u0442\u043e\u044f\u0449\u0435\u0439 \u0446\u0432\u0435\u0442\u043e\u0447\u043d\u043e\u0439 \u0441\u043a\u0430\u0437\u043a\u0438 \u0438 \u043d\u0430\u0441\u043b\u0430\u0434\u0438\u0442\u0435\u0441\u044c \u0430\u0440\u043e\u043c\u0430\u0442\u0430\u043c\u0438 \u0438 \u043a\u0440\u0430\u0441\u043a\u0430\u043c\u0438 \u044d\u0442\u043e\u0433\u043e \u0443\u0434\u0438\u0432\u0438\u0442\u0435\u043b\u044c\u043d\u043e\u0433\u043e \u043c\u0435\u0441\u0442\u0430.<\/li>\n<\/ul>\n<\/li>\n<li><strong style=\"font-family: var(--global-body-font-family);\">\u0412\u0441\u0435\u043c\u0438\u0440\u043d\u0430\u044f \u0434\u0435\u0440\u0435\u0432\u043d\u044f Global Village <\/strong><span style=\"font-family: var(--global-body-font-family);\">(3 \u0447\u0430\u0441\u0430). <\/span><span style=\"font-family: var(--global-body-font-family);\">\u041f\u043e\u0441\u043b\u0435 \u0446\u0432\u0435\u0442\u043e\u0447\u043d\u043e\u0433\u043e \u043f\u0443\u0442\u0435\u0448\u0435\u0441\u0442\u0432\u0438\u044f \u0432\u0430\u0441 \u0436\u0434\u0451\u0442 <\/span><strong style=\"font-family: var(--global-body-font-family);\" data-start=\"1212\" data-end=\"1230\">Global Village<\/strong><span style=\"font-family: var(--global-body-font-family);\"> \u2014 \u043a\u0440\u0443\u043f\u043d\u0435\u0439\u0448\u0430\u044f \u0432 \u043c\u0438\u0440\u0435 \u043a\u0443\u043b\u044c\u0442\u0443\u0440\u043d\u043e-\u0440\u0430\u0437\u0432\u043b\u0435\u043a\u0430\u0442\u0435\u043b\u044c\u043d\u0430\u044f \u044f\u0440\u043c\u0430\u0440\u043a\u0430 \u043f\u043e\u0434 \u043e\u0442\u043a\u0440\u044b\u0442\u044b\u043c \u043d\u0435\u0431\u043e\u043c.<\/span>\n<ul data-start=\"1638\" data-end=\"1803\">\n<li data-start=\"1638\" data-end=\"1666\">\u041f\u0443\u0442\u0435\u0448\u0435\u0441\u0442\u0432\u0438\u0435 \u043f\u043e <strong data-start=\"1324\" data-end=\"1338\">90 \u0441\u0442\u0440\u0430\u043d\u0430\u043c<\/strong> \u043c\u0438\u0440\u0430 \u0432 \u043e\u0434\u043d\u043e\u043c \u043c\u0435\u0441\u0442\u0435<\/li>\n<li data-start=\"1638\" data-end=\"1666\">\u041d\u0430\u0446\u0438\u043e\u043d\u0430\u043b\u044c\u043d\u044b\u0435 \u043f\u0430\u0432\u0438\u043b\u044c\u043e\u043d\u044b, \u0434\u0435\u043c\u043e\u043d\u0441\u0442\u0440\u0438\u0440\u0443\u044e\u0449\u0438\u0435 \u043a\u0443\u043b\u044c\u0442\u0443\u0440\u0443, \u0442\u043e\u0432\u0430\u0440\u044b \u0438 \u0440\u0435\u043c\u0435\u0441\u043b\u0430 \u0441\u043e \u0432\u0441\u0435\u0433\u043e \u0441\u0432\u0435\u0442\u0430<\/li>\n<li data-start=\"1638\" data-end=\"1666\">\u041a\u0440\u0430\u0441\u043e\u0447\u043d\u044b\u0435 <strong data-start=\"1458\" data-end=\"1477\">\u0444\u043e\u043b\u044c\u043a\u043b\u043e\u0440\u043d\u044b\u0435 \u0448\u043e\u0443<\/strong>, <strong data-start=\"1479\" data-end=\"1523\">\u0442\u0430\u043d\u0446\u0435\u0432\u0430\u043b\u044c\u043d\u044b\u0435 \u0438 \u043c\u0443\u0437\u044b\u043a\u0430\u043b\u044c\u043d\u044b\u0435 \u043f\u0440\u0435\u0434\u0441\u0442\u0430\u0432\u043b\u0435\u043d\u0438\u044f<\/strong><\/li>\n<li data-start=\"1638\" data-end=\"1666\">\u0411\u043e\u043b\u044c\u0448\u043e\u0439 \u0432\u044b\u0431\u043e\u0440 <strong data-start=\"1542\" data-end=\"1564\">\u043d\u0430\u0446\u0438\u043e\u043d\u0430\u043b\u044c\u043d\u043e\u0439 \u043a\u0443\u0445\u043d\u0438<\/strong>: \u043f\u043e\u043f\u0440\u043e\u0431\u0443\u0439\u0442\u0435 \u0431\u043b\u044e\u0434\u0430 \u0438\u0437 \u0422\u0430\u0438\u043b\u0430\u043d\u0434\u0430, \u0418\u0442\u0430\u043b\u0438\u0438, \u0422\u0443\u0440\u0446\u0438\u0438, \u041b\u0438\u0432\u0430\u043d\u0430, \u0418\u043d\u0434\u0438\u0438 \u0438 \u043c\u043d\u043e\u0433\u0438\u0445 \u0434\u0440\u0443\u0433\u0438\u0445 \u0441\u0442\u0440\u0430\u043d<\/li>\n<li data-start=\"1638\" data-end=\"1666\"><strong data-start=\"1652\" data-end=\"1681\">\u0410\u0442\u0442\u0440\u0430\u043a\u0446\u0438\u043e\u043d\u044b \u0438 \u0440\u0430\u0437\u0432\u043b\u0435\u0447\u0435\u043d\u0438\u044f<\/strong> \u0434\u043b\u044f \u0434\u0435\u0442\u0435\u0439 \u0438 \u0432\u0437\u0440\u043e\u0441\u043b\u044b\u0445, \u0432\u043a\u043b\u044e\u0447\u0430\u044f \u043a\u0430\u0440\u043d\u0430\u0432\u0430\u043b\u044b \u0438 \u044f\u0440\u043c\u0430\u0440\u043a\u0438<br data-start=\"1731\" data-end=\"1734\" \/>\u042d\u0442\u043e \u043c\u0435\u0441\u0442\u043e \u0432\u043f\u0435\u0447\u0430\u0442\u043b\u0438\u0442 \u043b\u044e\u0431\u0438\u0442\u0435\u043b\u0435\u0439 \u0448\u043e\u043f\u0438\u043d\u0433\u0430, \u043a\u0443\u043b\u0438\u043d\u0430\u0440\u043d\u044b\u0445 \u0438\u0437\u044b\u0441\u043a\u043e\u0432 \u0438 \u043d\u0430\u0446\u0438\u043e\u043d\u0430\u043b\u044c\u043d\u043e\u0439 \u043a\u0443\u043b\u044c\u0442\u0443\u0440\u044b.<\/li>\n<\/ul>\n<\/li>\n<\/ul>\n<p><strong>20:00 - Visszat\u00e9r\u00e9s a sz\u00e1llod\u00e1ba.<\/strong><\/p>\n<p><strong>Tartalmazza:<\/strong><\/p>\n<ul>\n<li>Transzfer a sz\u00e1llod\u00e1ba \u00e9s vissza (Dubajb\u00f3l, Sharjahb\u00f3l \u00e9s Ajmanb\u00f3l)<\/li>\n<li>Minden transzfer a programon bel\u00fcl l\u00e9gkondicion\u00e1lt aut\u00f3busszal<\/li>\n<li>Bel\u00e9p\u0151jegyek a <strong data-start=\"2044\" data-end=\"2062\">Miracle Garden<\/strong> \u0438 <strong data-start=\"2065\" data-end=\"2083\">Global Village<\/strong><\/li>\n<\/ul>\n<p><strong>Mit hozzak magammal?<\/strong><\/p>\n<ul>\n<li>Kamera<\/li>\n<li>V\u00edz<\/li>\n<li>Fejd\u00edsz<\/li>\n<li>P\u00e9nz szem\u00e9lyes kiad\u00e1sokra, aj\u00e1nd\u00e9kt\u00e1rgyakra \u00e9s v\u00e1s\u00e1rl\u00e1sra<\/li>\n<\/ul>","protected":false},"excerpt":{"rendered":"<p><strong>Kir\u00e1ndul\u00e1s Id\u0151pontja:<\/strong> 15:30 &#8212; 21:00<\/p>\n<p><strong>A Kir\u00e1ndul\u00e1s Napjai:<\/strong> H\u00e9tf\u0151, szerda, szombat<\/p>","protected":false},"featured_media":40687,"template":"","meta":{"_kad_post_transparent":"default","_kad_post_title":"","_kad_post_layout":"default","_kad_post_sidebar_id":"","_kad_post_content_style":"default","_kad_post_vertical_padding":"default","_kad_post_feature":"","_kad_post_feature_position":"","_kad_post_header":false,"_kad_post_footer":false,"_kad_post_classname":"","_glsr_average":0,"_glsr_ranking":0,"_glsr_reviews":0},"product_brand":[],"product_cat":[473,438],"product_tag":[],"class_list":{"0":"post-40674","1":"product","2":"type-product","3":"status-publish","4":"has-post-thumbnail","6":"product_cat-dubai-parks","7":"product_cat-dubai","8":"tm-has-options","10":"first","11":"instock","12":"sold-individually","13":"taxable","14":"shipping-taxable","15":"purchasable","16":"product-type-simple","17":"entry","18":"content-bg","19":"loop-entry"},"yoast_head":"<!-- This site is optimized with the Yoast SEO plugin v27.3 - https:\/\/yoast.com\/product\/yoast-seo-wordpress\/ -->\n<title>\u0421\u0430\u0434 \u0446\u0432\u0435\u0442\u043e\u0432 Miracle Garden \u0438 Global Village (\u0431\u0438\u043b\u0435\u0442\u044b + \u0442\u0440\u0430\u043d\u0441\u0444\u0435\u0440\u044b) &#8226; \u042d\u043a\u0441\u043a\u0443\u0440\u0441\u0438\u0438 Skyline<\/title>\n<meta name=\"robots\" content=\"index, follow, max-snippet:-1, max-image-preview:large, max-video-preview:-1\" \/>\n<link rel=\"canonical\" href=\"https:\/\/skyline-gs.com\/hu\/termek\/miracle-garden-global-village-dubai\/\" \/>\n<meta property=\"og:locale\" content=\"hu_HU\" \/>\n<meta property=\"og:type\" content=\"article\" \/>\n<meta property=\"og:title\" content=\"\u0421\u0430\u0434 \u0446\u0432\u0435\u0442\u043e\u0432 Miracle Garden \u0438 Global Village (\u0431\u0438\u043b\u0435\u0442\u044b + \u0442\u0440\u0430\u043d\u0441\u0444\u0435\u0440\u044b) &#8226; \u042d\u043a\u0441\u043a\u0443\u0440\u0441\u0438\u0438 Skyline\" \/>\n<meta property=\"og:description\" content=\"\u0412\u0440\u0435\u043c\u044f \u0442\u0443\u0440\u0430: 15:30 - 21:00  \u0414\u043d\u0438 \u043f\u0440\u043e\u0432\u0435\u0434\u0435\u043d\u0438\u044f: \u041f\u043e\u043d\u0435\u0434\u0435\u043b\u044c\u043d\u0438\u043a, \u0421\u0440\u0435\u0434\u0430, \u0421\u0443\u0431\u0431\u043e\u0442\u0430\" \/>\n<meta property=\"og:url\" content=\"https:\/\/skyline-gs.com\/hu\/termek\/miracle-garden-global-village-dubai\/\" \/>\n<meta property=\"og:site_name\" content=\"\u042d\u043a\u0441\u043a\u0443\u0440\u0441\u0438\u0438 Skyline\" \/>\n<meta property=\"article:modified_time\" content=\"2025-12-22T19:48:10+00:00\" \/>\n<meta property=\"og:image\" content=\"https:\/\/skyline-gs.com\/wp-content\/uploads\/2022\/10\/13-3-1.png\" \/>\n\t<meta property=\"og:image:width\" content=\"669\" \/>\n\t<meta property=\"og:image:height\" content=\"446\" \/>\n\t<meta property=\"og:image:type\" content=\"image\/png\" \/>\n<meta name=\"twitter:card\" content=\"summary_large_image\" \/>\n<meta name=\"twitter:label1\" content=\"Becs\u00fclt olvas\u00e1si id\u0151\" \/>\n\t<meta name=\"twitter:data1\" content=\"2 perc\" \/>\n<script type=\"application\/ld+json\" class=\"yoast-schema-graph\">{\"@context\":\"https:\\\/\\\/schema.org\",\"@graph\":[{\"@type\":\"WebPage\",\"@id\":\"https:\\\/\\\/skyline-gs.com\\\/it\\\/prodotto\\\/miracle-garden-global-village-dubai\\\/\",\"url\":\"https:\\\/\\\/skyline-gs.com\\\/it\\\/prodotto\\\/miracle-garden-global-village-dubai\\\/\",\"name\":\"\u0421\u0430\u0434 \u0446\u0432\u0435\u0442\u043e\u0432 Miracle Garden \u0438 Global Village (\u0431\u0438\u043b\u0435\u0442\u044b + \u0442\u0440\u0430\u043d\u0441\u0444\u0435\u0440\u044b) &#8226; \u042d\u043a\u0441\u043a\u0443\u0440\u0441\u0438\u0438 Skyline\",\"isPartOf\":{\"@id\":\"https:\\\/\\\/skyline-gs.com\\\/it\\\/#website\"},\"primaryImageOfPage\":{\"@id\":\"https:\\\/\\\/skyline-gs.com\\\/it\\\/prodotto\\\/miracle-garden-global-village-dubai\\\/#primaryimage\"},\"image\":{\"@id\":\"https:\\\/\\\/skyline-gs.com\\\/it\\\/prodotto\\\/miracle-garden-global-village-dubai\\\/#primaryimage\"},\"thumbnailUrl\":\"https:\\\/\\\/skyline-gs.com\\\/wp-content\\\/uploads\\\/2022\\\/10\\\/13-3-1.png\",\"datePublished\":\"2022-10-30T20:21:11+00:00\",\"dateModified\":\"2025-12-22T19:48:10+00:00\",\"breadcrumb\":{\"@id\":\"https:\\\/\\\/skyline-gs.com\\\/it\\\/prodotto\\\/miracle-garden-global-village-dubai\\\/#breadcrumb\"},\"inLanguage\":\"hu\",\"potentialAction\":[{\"@type\":\"ReadAction\",\"target\":[\"https:\\\/\\\/skyline-gs.com\\\/it\\\/prodotto\\\/miracle-garden-global-village-dubai\\\/\"]}]},{\"@type\":\"ImageObject\",\"inLanguage\":\"hu\",\"@id\":\"https:\\\/\\\/skyline-gs.com\\\/it\\\/prodotto\\\/miracle-garden-global-village-dubai\\\/#primaryimage\",\"url\":\"https:\\\/\\\/skyline-gs.com\\\/wp-content\\\/uploads\\\/2022\\\/10\\\/13-3-1.png\",\"contentUrl\":\"https:\\\/\\\/skyline-gs.com\\\/wp-content\\\/uploads\\\/2022\\\/10\\\/13-3-1.png\",\"width\":669,\"height\":446},{\"@type\":\"BreadcrumbList\",\"@id\":\"https:\\\/\\\/skyline-gs.com\\\/it\\\/prodotto\\\/miracle-garden-global-village-dubai\\\/#breadcrumb\",\"itemListElement\":[{\"@type\":\"ListItem\",\"position\":1,\"name\":\"\u0413\u043b\u0430\u0432\u043d\u0430\u044f \u0441\u0442\u0440\u0430\u043d\u0438\u0446\u0430\",\"item\":\"https:\\\/\\\/skyline-gs.com\\\/hu\\\/\"},{\"@type\":\"ListItem\",\"position\":2,\"name\":\"\u041c\u0430\u0433\u0430\u0437\u0438\u043d\",\"item\":\"https:\\\/\\\/skyline-gs.com\\\/cs\\\/shop\\\/\"},{\"@type\":\"ListItem\",\"position\":3,\"name\":\"\u0421\u0430\u0434 \u0446\u0432\u0435\u0442\u043e\u0432 Miracle Garden \u0438 Global Village (\u0431\u0438\u043b\u0435\u0442\u044b + \u0442\u0440\u0430\u043d\u0441\u0444\u0435\u0440\u044b)\"}]},{\"@type\":\"WebSite\",\"@id\":\"https:\\\/\\\/skyline-gs.com\\\/it\\\/#website\",\"url\":\"https:\\\/\\\/skyline-gs.com\\\/it\\\/\",\"name\":\"\u042d\u043a\u0441\u043a\u0443\u0440\u0441\u0438\u0438 Skyline\",\"description\":\"\u042d\u043a\u0441\u043a\u043b\u044e\u0437\u0438\u0432\u043d\u044b\u0435 \u044d\u043a\u0441\u043a\u0443\u0440\u0441\u0438\u0438 \u043d\u0430 \u043b\u0443\u0447\u0448\u0438\u0445 \u043a\u0443\u0440\u043e\u0440\u0442\u0430\u0445 \u043c\u0438\u0440\u0430\",\"publisher\":{\"@id\":\"https:\\\/\\\/skyline-gs.com\\\/it\\\/#organization\"},\"alternateName\":\"Skyline\",\"potentialAction\":[{\"@type\":\"SearchAction\",\"target\":{\"@type\":\"EntryPoint\",\"urlTemplate\":\"https:\\\/\\\/skyline-gs.com\\\/it\\\/?s={search_term_string}\"},\"query-input\":{\"@type\":\"PropertyValueSpecification\",\"valueRequired\":true,\"valueName\":\"search_term_string\"}}],\"inLanguage\":\"hu\"},{\"@type\":\"Organization\",\"@id\":\"https:\\\/\\\/skyline-gs.com\\\/it\\\/#organization\",\"name\":\"\u042d\u043a\u0441\u043a\u0443\u0440\u0441\u0438\u0438 Skyline\",\"alternateName\":\"\u042d\u043a\u0441\u043a\u0443\u0440\u0441\u0438\u0438 Skyline\",\"url\":\"https:\\\/\\\/skyline-gs.com\\\/it\\\/\",\"logo\":{\"@type\":\"ImageObject\",\"inLanguage\":\"hu\",\"@id\":\"https:\\\/\\\/skyline-gs.com\\\/it\\\/#\\\/schema\\\/logo\\\/image\\\/\",\"url\":\"https:\\\/\\\/skyline-gs.com\\\/wp-content\\\/uploads\\\/2020\\\/12\\\/cropped-logo-2.png\",\"contentUrl\":\"https:\\\/\\\/skyline-gs.com\\\/wp-content\\\/uploads\\\/2020\\\/12\\\/cropped-logo-2.png\",\"width\":512,\"height\":512,\"caption\":\"\u042d\u043a\u0441\u043a\u0443\u0440\u0441\u0438\u0438 Skyline\"},\"image\":{\"@id\":\"https:\\\/\\\/skyline-gs.com\\\/it\\\/#\\\/schema\\\/logo\\\/image\\\/\"},\"sameAs\":[\"https:\\\/\\\/www.instagram.com\\\/skylineglobalservice\\\/\"]}]}<\/script>\n<!-- \/ Yoast SEO plugin. -->","yoast_head_json":{"title":"\u0421\u0430\u0434 \u0446\u0432\u0435\u0442\u043e\u0432 Miracle Garden \u0438 Global Village (\u0431\u0438\u043b\u0435\u0442\u044b + \u0442\u0440\u0430\u043d\u0441\u0444\u0435\u0440\u044b) &#8226; \u042d\u043a\u0441\u043a\u0443\u0440\u0441\u0438\u0438 Skyline","robots":{"index":"index","follow":"follow","max-snippet":"max-snippet:-1","max-image-preview":"max-image-preview:large","max-video-preview":"max-video-preview:-1"},"canonical":"https:\/\/skyline-gs.com\/hu\/termek\/miracle-garden-global-village-dubai\/","og_locale":"hu_HU","og_type":"article","og_title":"\u0421\u0430\u0434 \u0446\u0432\u0435\u0442\u043e\u0432 Miracle Garden \u0438 Global Village (\u0431\u0438\u043b\u0435\u0442\u044b + \u0442\u0440\u0430\u043d\u0441\u0444\u0435\u0440\u044b) &#8226; \u042d\u043a\u0441\u043a\u0443\u0440\u0441\u0438\u0438 Skyline","og_description":"\u0412\u0440\u0435\u043c\u044f \u0442\u0443\u0440\u0430: 15:30 - 21:00  \u0414\u043d\u0438 \u043f\u0440\u043e\u0432\u0435\u0434\u0435\u043d\u0438\u044f: \u041f\u043e\u043d\u0435\u0434\u0435\u043b\u044c\u043d\u0438\u043a, \u0421\u0440\u0435\u0434\u0430, \u0421\u0443\u0431\u0431\u043e\u0442\u0430","og_url":"https:\/\/skyline-gs.com\/hu\/termek\/miracle-garden-global-village-dubai\/","og_site_name":"\u042d\u043a\u0441\u043a\u0443\u0440\u0441\u0438\u0438 Skyline","article_modified_time":"2025-12-22T19:48:10+00:00","og_image":[{"width":669,"height":446,"url":"https:\/\/skyline-gs.com\/wp-content\/uploads\/2022\/10\/13-3-1.png","type":"image\/png"}],"twitter_card":"summary_large_image","twitter_misc":{"Becs\u00fclt olvas\u00e1si id\u0151":"2 perc"},"schema":{"@context":"https:\/\/schema.org","@graph":[{"@type":"WebPage","@id":"https:\/\/skyline-gs.com\/it\/prodotto\/miracle-garden-global-village-dubai\/","url":"https:\/\/skyline-gs.com\/it\/prodotto\/miracle-garden-global-village-dubai\/","name":"\u0421\u0430\u0434 \u0446\u0432\u0435\u0442\u043e\u0432 Miracle Garden \u0438 Global Village (\u0431\u0438\u043b\u0435\u0442\u044b + \u0442\u0440\u0430\u043d\u0441\u0444\u0435\u0440\u044b) &#8226; \u042d\u043a\u0441\u043a\u0443\u0440\u0441\u0438\u0438 Skyline","isPartOf":{"@id":"https:\/\/skyline-gs.com\/it\/#website"},"primaryImageOfPage":{"@id":"https:\/\/skyline-gs.com\/it\/prodotto\/miracle-garden-global-village-dubai\/#primaryimage"},"image":{"@id":"https:\/\/skyline-gs.com\/it\/prodotto\/miracle-garden-global-village-dubai\/#primaryimage"},"thumbnailUrl":"https:\/\/skyline-gs.com\/wp-content\/uploads\/2022\/10\/13-3-1.png","datePublished":"2022-10-30T20:21:11+00:00","dateModified":"2025-12-22T19:48:10+00:00","breadcrumb":{"@id":"https:\/\/skyline-gs.com\/it\/prodotto\/miracle-garden-global-village-dubai\/#breadcrumb"},"inLanguage":"hu","potentialAction":[{"@type":"ReadAction","target":["https:\/\/skyline-gs.com\/it\/prodotto\/miracle-garden-global-village-dubai\/"]}]},{"@type":"ImageObject","inLanguage":"hu","@id":"https:\/\/skyline-gs.com\/it\/prodotto\/miracle-garden-global-village-dubai\/#primaryimage","url":"https:\/\/skyline-gs.com\/wp-content\/uploads\/2022\/10\/13-3-1.png","contentUrl":"https:\/\/skyline-gs.com\/wp-content\/uploads\/2022\/10\/13-3-1.png","width":669,"height":446},{"@type":"BreadcrumbList","@id":"https:\/\/skyline-gs.com\/it\/prodotto\/miracle-garden-global-village-dubai\/#breadcrumb","itemListElement":[{"@type":"ListItem","position":1,"name":"\u0413\u043b\u0430\u0432\u043d\u0430\u044f \u0441\u0442\u0440\u0430\u043d\u0438\u0446\u0430","item":"https:\/\/skyline-gs.com\/hu\/"},{"@type":"ListItem","position":2,"name":"\u041c\u0430\u0433\u0430\u0437\u0438\u043d","item":"https:\/\/skyline-gs.com\/cs\/shop\/"},{"@type":"ListItem","position":3,"name":"\u0421\u0430\u0434 \u0446\u0432\u0435\u0442\u043e\u0432 Miracle Garden \u0438 Global Village (\u0431\u0438\u043b\u0435\u0442\u044b + \u0442\u0440\u0430\u043d\u0441\u0444\u0435\u0440\u044b)"}]},{"@type":"WebSite","@id":"https:\/\/skyline-gs.com\/it\/#website","url":"https:\/\/skyline-gs.com\/it\/","name":"Skyline T\u00far\u00e1k","description":"Exkluz\u00edv kir\u00e1ndul\u00e1sok a vil\u00e1g legjobb \u00fcd\u00fcl\u0151helyein","publisher":{"@id":"https:\/\/skyline-gs.com\/it\/#organization"},"alternateName":"Skyline","potentialAction":[{"@type":"SearchAction","target":{"@type":"EntryPoint","urlTemplate":"https:\/\/skyline-gs.com\/it\/?s={search_term_string}"},"query-input":{"@type":"PropertyValueSpecification","valueRequired":true,"valueName":"search_term_string"}}],"inLanguage":"hu"},{"@type":"Organization","@id":"https:\/\/skyline-gs.com\/it\/#organization","name":"Skyline T\u00far\u00e1k","alternateName":"\u042d\u043a\u0441\u043a\u0443\u0440\u0441\u0438\u0438 Skyline","url":"https:\/\/skyline-gs.com\/it\/","logo":{"@type":"ImageObject","inLanguage":"hu","@id":"https:\/\/skyline-gs.com\/it\/#\/schema\/logo\/image\/","url":"https:\/\/skyline-gs.com\/wp-content\/uploads\/2020\/12\/cropped-logo-2.png","contentUrl":"https:\/\/skyline-gs.com\/wp-content\/uploads\/2020\/12\/cropped-logo-2.png","width":512,"height":512,"caption":"\u042d\u043a\u0441\u043a\u0443\u0440\u0441\u0438\u0438 Skyline"},"image":{"@id":"https:\/\/skyline-gs.com\/it\/#\/schema\/logo\/image\/"},"sameAs":["https:\/\/www.instagram.com\/skylineglobalservice\/"]}]}},"_links":{"self":[{"href":"https:\/\/skyline-gs.com\/hu\/wp-json\/wp\/v2\/product\/40674","targetHints":{"allow":["GET"]}}],"collection":[{"href":"https:\/\/skyline-gs.com\/hu\/wp-json\/wp\/v2\/product"}],"about":[{"href":"https:\/\/skyline-gs.com\/hu\/wp-json\/wp\/v2\/types\/product"}],"version-history":[{"count":0,"href":"https:\/\/skyline-gs.com\/hu\/wp-json\/wp\/v2\/product\/40674\/revisions"}],"wp:featuredmedia":[{"embeddable":true,"href":"https:\/\/skyline-gs.com\/hu\/wp-json\/wp\/v2\/media\/40687"}],"wp:attachment":[{"href":"https:\/\/skyline-gs.com\/hu\/wp-json\/wp\/v2\/media?parent=40674"}],"wp:term":[{"taxonomy":"product_brand","embeddable":true,"href":"https:\/\/skyline-gs.com\/hu\/wp-json\/wp\/v2\/product_brand?post=40674"},{"taxonomy":"product_cat","embeddable":true,"href":"https:\/\/skyline-gs.com\/hu\/wp-json\/wp\/v2\/product_cat?post=40674"},{"taxonomy":"product_tag","embeddable":true,"href":"https:\/\/skyline-gs.com\/hu\/wp-json\/wp\/v2\/product_tag?post=40674"}],"curies":[{"name":"wp","href":"https:\/\/api.w.org\/{rel}","templated":true}]}}