{"id":40457,"date":"2022-10-27T17:16:49","date_gmt":"2022-10-27T14:16:49","guid":{"rendered":"https:\/\/dubai.skyline-gs.com\/?post_type=product&#038;p=40457"},"modified":"2025-11-12T00:09:05","modified_gmt":"2025-11-11T22:09:05","slug":"abu-dhabi-dubai","status":"publish","type":"product","link":"https:\/\/skyline-gs.com\/hu\/product\/abu-dhabi-dubai\/","title":{"rendered":"Abu Dhabi VIP"},"content":{"rendered":"<p data-start=\"26\" data-end=\"494\"><strong>Abu Dhabi az Egyes\u00fclt Arab Em\u00edrs\u00e9gek sz\u00edve, a luxus, a pompa \u00e9s a modern arab kult\u00fara megtestes\u00edt\u0151je.<\/strong>. Ez a v\u00e9gtelen homok k\u00f6z\u00f6tt elter\u00fcl\u0151, a Perzsa-\u00f6b\u00f6l vize \u00e1ltal mosott v\u00e1ros a hagyom\u00e1nyok \u00e9s a fejlett technol\u00f3gia leny\u0171g\u00f6z\u0151 harm\u00f3ni\u00e1ja. Itt futurisztikus felh\u0151karcol\u00f3k szomsz\u00e9dolnak \u0151si mecsetekkel, \u00e9s z\u00f6ld o\u00e1zisok \u00e9s gondozott s\u00e9t\u00e1nyok eml\u00e9keztetnek arra, hogy Abu Dhabi nem csup\u00e1n egy f\u0151v\u00e1ros, hanem egy igazi parkv\u00e1ros, amelyet az \u00e9let \u00e9s az \u00e9lvezet kedv\u00e9\u00e9rt hoztak l\u00e9tre.<\/p>\n<p data-start=\"496\" data-end=\"925\"><strong>11:00 - Indul\u00e1s a sz\u00e1llod\u00e1b\u00f3l<\/strong>.<\/p>\n<ul data-start=\"953\" data-end=\"1936\">\n<li data-start=\"953\" data-end=\"1105\"><strong data-start=\"955\" data-end=\"995\">Sheikh Zayed Al Nahayan feh\u00e9r mecset<\/strong> - a vil\u00e1g egyik legszebb vall\u00e1si m\u0171eml\u00e9ke. A l\u00e1togat\u00e1s id\u0151tartama 1,5 \u00f3ra (a bel\u00e9p\u0151jegyet tartalmazza).<\/li>\n<li data-start=\"1106\" data-end=\"1207\"><strong data-start=\"1108\" data-end=\"1144\">Qasr al Watan sejk \u00faj palot\u00e1ja.<\/strong> - Leny\u0171g\u00f6z\u0151 \u00e9p\u00edtm\u00e9ny, amely felt\u00e1rja az uralkod\u00f3 csal\u00e1d titkait (bel\u00e9p\u0151d\u00edjjal egy\u00fctt).<\/li>\n<li data-start=\"1208\" data-end=\"1301\"><strong data-start=\"1210\" data-end=\"1236\">Heritage Village M\u00fazeum<\/strong> - Bevezet\u00e9s az olajboom el\u0151tti hagyom\u00e1nyos emir\u00e1tusi \u00e9letbe.<\/li>\n<li data-start=\"1302\" data-end=\"1382\"><strong data-start=\"1304\" data-end=\"1327\">Utols\u00f3 kij\u00e1rat AUH Bound<\/strong> - egy modern pihen\u0151helyis\u00e9g \u00e9s egy gasztron\u00f3miai sarok.<\/li>\n<li data-start=\"1383\" data-end=\"1460\"><strong data-start=\"1385\" data-end=\"1402\">A d\u00e1tumpiac<\/strong> - lehet\u0151s\u00e9g a h\u00edres arab finoms\u00e1gok megv\u00e1s\u00e1rl\u00e1s\u00e1ra.<\/li>\n<li data-start=\"1461\" data-end=\"1579\"><strong data-start=\"1463\" data-end=\"1484\">Yas-sziget<\/strong> - A sz\u00f3rakoz\u00e1s \u00e9s a luxus k\u00f6zpontja vil\u00e1gsz\u00ednvonal\u00fa vid\u00e1mparkokkal \u00e9s \u00fcd\u00fcl\u0151helyekkel.<\/li>\n<li data-start=\"1580\" data-end=\"1803\"><strong data-start=\"1582\" data-end=\"1632\">H\u00edres \u00e9p\u00edt\u00e9szeti nevezetess\u00e9gek<\/strong>:\n<ul data-start=\"1638\" data-end=\"1803\">\n<li data-start=\"1638\" data-end=\"1666\">Kerek \u00e9p\u00fclet <strong data-start=\"1655\" data-end=\"1664\">Aldar<\/strong><\/li>\n<li data-start=\"1669\" data-end=\"1705\">Torony komplexum <strong data-start=\"1686\" data-end=\"1703\">Etihad Towers<\/strong><\/li>\n<li data-start=\"1708\" data-end=\"1754\">Egyed\u00fcl\u00e1ll\u00f3 zuhan\u00f3 torony <strong data-start=\"1736\" data-end=\"1752\">Capital Gate<\/strong><\/li>\n<li data-start=\"1757\" data-end=\"1803\">Luxus palota-hotel <strong data-start=\"1782\" data-end=\"1801\">Emirates Palace<\/strong><\/li>\n<\/ul>\n<\/li>\n<li data-start=\"1804\" data-end=\"1876\"><strong data-start=\"1806\" data-end=\"1841\">Corniche tengerparti fot\u00f3meg\u00e1ll\u00f3<\/strong> - l\u00e1tv\u00e1nyos kil\u00e1t\u00e1ssal rendelkez\u0151 hely.<\/li>\n<li data-start=\"1877\" data-end=\"1936\"><strong data-start=\"1879\" data-end=\"1905\">Al Raha \u00fcd\u00fcl\u0151ter\u00fclet<\/strong> - egy tengerparti nyaral\u00f3 o\u00e1zis.<\/li>\n<\/ul>\n<p><strong>20:00 - Visszat\u00e9r\u00e9s a sz\u00e1llod\u00e1ba.<\/strong><\/p>\n<p><strong>Tartalmazza:<\/strong><\/p>\n<ul>\n<li>Transzfer a sz\u00e1llod\u00e1ba \u00e9s vissza (Dubajb\u00f3l, Sharjahb\u00f3l \u00e9s Ajmanb\u00f3l)<\/li>\n<li>Minden transzfer a programon bel\u00fcl l\u00e9gkondicion\u00e1lt aut\u00f3busszal<\/li>\n<li>Magyarul besz\u00e9l\u0151 idegenvezet\u0151<\/li>\n<li><strong>Eb\u00e9d egy arab \u00e9tteremben<\/strong> (b\u00fcf\u00e9)<\/li>\n<li>Bel\u00e9p\u0151jegyek a <strong data-start=\"2134\" data-end=\"2151\">Qasr al Watan<\/strong><\/li>\n<li>Bej\u00e1rat a <strong data-start=\"2163\" data-end=\"2179\">Feh\u00e9r mecset<\/strong><\/li>\n<li><strong>Nemzeti ruh\u00e1k<\/strong> (Abayi), hogy l\u00e1togasson el a mecsetbe (<strong>csak n\u00e1lunk<\/strong>)<\/li>\n<\/ul>\n<p><strong>Nem tartalmazza:<\/strong><\/p>\n<ul>\n<li>Szem\u00e9lyes kiad\u00e1sok (aj\u00e1nd\u00e9kt\u00e1rgyak)<\/li>\n<\/ul>\n<p><strong>Mit hozzak magammal?<\/strong><\/p>\n<ul>\n<li>Kamera<\/li>\n<li>Meleg ruh\u00e1k az \u0151szi \u00e9s t\u00e9li id\u0151szakban<\/li>\n<li>P\u00e9nz szem\u00e9lyes kiad\u00e1sokra, aj\u00e1nd\u00e9kt\u00e1rgyakra \u00e9s v\u00e1s\u00e1rl\u00e1sra<\/li>\n<\/ul>\n<p data-start=\"2461\" data-end=\"2477\"><strong data-start=\"2461\" data-end=\"2475\">\u00d6lt\u00f6zk\u00f6d\u00e9si szab\u00e1lyzat:<\/strong><\/p>\n<ul data-start=\"2480\" data-end=\"2860\">\n<li data-start=\"2480\" data-end=\"2727\"><strong data-start=\"2482\" data-end=\"2496\">N\u0151k sz\u00e1m\u00e1ra<\/strong>: A mecset megl\u00e1togat\u00e1sa el\u0151tt a k\u00f6vetkez\u0151 inform\u00e1ci\u00f3kat kapja meg. <strong data-start=\"2531\" data-end=\"2554\">nemzeti ruh\u00e1k<\/strong>. Ha azt akarod, hogy maradjon a ruh\u00e1dban, akkor legyen <strong data-start=\"2609\" data-end=\"2642\">\u00e1tl\u00e1tszatlan, b\u0151 szab\u00e1s\u00fa<\/strong>Fedje a dekolt\u00e1zst, a v\u00e1llakat \u00e9s a t\u00e9rdeket. Ez egy k\u00f6telez\u0151 <strong data-start=\"2697\" data-end=\"2724\">fejkend\u0151<\/strong>.<\/li>\n<li data-start=\"2730\" data-end=\"2860\"><strong data-start=\"2732\" data-end=\"2746\">F\u00e9rfiaknak<\/strong>: Elfogadhat\u00f3 <strong data-start=\"2758\" data-end=\"2785\">csak nadr\u00e1g vagy farmer<\/strong>, monokr\u00f3m <strong data-start=\"2798\" data-end=\"2835\">nem nyomott ingek vagy p\u00f3l\u00f3k<\/strong>. R\u00f6vidnadr\u00e1g nem megengedett.<\/li>\n<\/ul>","protected":false},"excerpt":{"rendered":"<p><strong>Kir\u00e1ndul\u00e1s Id\u0151pontja:<\/strong> 11:00 &#8212; 20:00<\/p>\n<p><strong>A Kir\u00e1ndul\u00e1s Napjai:<\/strong> H\u00e9tf\u0151 \u00e9s cs\u00fct\u00f6rt\u00f6k<\/p>","protected":false},"featured_media":40472,"template":"","meta":{"_kad_post_transparent":"default","_kad_post_title":"","_kad_post_layout":"default","_kad_post_sidebar_id":"","_kad_post_content_style":"default","_kad_post_vertical_padding":"default","_kad_post_feature":"","_kad_post_feature_position":"","_kad_post_header":false,"_kad_post_footer":false,"_kad_post_classname":"","_glsr_average":0,"_glsr_ranking":0,"_glsr_reviews":0},"product_brand":[],"product_cat":[438],"product_tag":[],"class_list":{"0":"post-40457","1":"product","2":"type-product","3":"status-publish","4":"has-post-thumbnail","6":"product_cat-dubai","7":"tm-has-options","9":"first","10":"instock","11":"sale","12":"sold-individually","13":"taxable","14":"shipping-taxable","15":"purchasable","16":"product-type-simple","17":"entry","18":"content-bg","19":"loop-entry"},"yoast_head":"<!-- This site is optimized with the Yoast SEO plugin v27.3 - https:\/\/yoast.com\/product\/yoast-seo-wordpress\/ -->\n<title>\u0410\u0431\u0443 \u0414\u0430\u0431\u0438 VIP &#8226; \u042d\u043a\u0441\u043a\u0443\u0440\u0441\u0438\u0438 Skyline<\/title>\n<meta name=\"robots\" content=\"index, follow, max-snippet:-1, max-image-preview:large, max-video-preview:-1\" \/>\n<link rel=\"canonical\" href=\"https:\/\/skyline-gs.com\/hu\/termek\/abu-dhabi-dubai\/\" \/>\n<meta property=\"og:locale\" content=\"hu_HU\" \/>\n<meta property=\"og:type\" content=\"article\" \/>\n<meta property=\"og:title\" content=\"\u0410\u0431\u0443 \u0414\u0430\u0431\u0438 VIP &#8226; \u042d\u043a\u0441\u043a\u0443\u0440\u0441\u0438\u0438 Skyline\" \/>\n<meta property=\"og:description\" content=\"\u0412\u0440\u0435\u043c\u044f \u0442\u0443\u0440\u0430: 11:00 - 20:00  \u0414\u043d\u0438 \u043f\u0440\u043e\u0432\u0435\u0434\u0435\u043d\u0438\u044f: \u043f\u043e\u043d\u0435\u0434\u0435\u043b\u044c\u043d\u0438\u043a \u0438 \u0447\u0435\u0442\u0432\u0435\u0440\u0433\" \/>\n<meta property=\"og:url\" content=\"https:\/\/skyline-gs.com\/hu\/termek\/abu-dhabi-dubai\/\" \/>\n<meta property=\"og:site_name\" content=\"\u042d\u043a\u0441\u043a\u0443\u0440\u0441\u0438\u0438 Skyline\" \/>\n<meta property=\"article:modified_time\" content=\"2025-11-11T22:09:05+00:00\" \/>\n<meta property=\"og:image\" content=\"https:\/\/skyline-gs.com\/wp-content\/uploads\/2022\/10\/13-2-1.png\" \/>\n\t<meta property=\"og:image:width\" content=\"669\" \/>\n\t<meta property=\"og:image:height\" content=\"446\" \/>\n\t<meta property=\"og:image:type\" content=\"image\/png\" \/>\n<meta name=\"twitter:card\" content=\"summary_large_image\" \/>\n<meta name=\"twitter:label1\" content=\"Becs\u00fclt olvas\u00e1si id\u0151\" \/>\n\t<meta name=\"twitter:data1\" content=\"2 perc\" \/>\n<script type=\"application\/ld+json\" class=\"yoast-schema-graph\">{\"@context\":\"https:\\\/\\\/schema.org\",\"@graph\":[{\"@type\":\"WebPage\",\"@id\":\"https:\\\/\\\/skyline-gs.com\\\/product\\\/abu-dhabi-dubai\\\/\",\"url\":\"https:\\\/\\\/skyline-gs.com\\\/product\\\/abu-dhabi-dubai\\\/\",\"name\":\"\u0410\u0431\u0443 \u0414\u0430\u0431\u0438 VIP &#8226; \u042d\u043a\u0441\u043a\u0443\u0440\u0441\u0438\u0438 Skyline\",\"isPartOf\":{\"@id\":\"https:\\\/\\\/skyline-gs.com\\\/it\\\/#website\"},\"primaryImageOfPage\":{\"@id\":\"https:\\\/\\\/skyline-gs.com\\\/product\\\/abu-dhabi-dubai\\\/#primaryimage\"},\"image\":{\"@id\":\"https:\\\/\\\/skyline-gs.com\\\/product\\\/abu-dhabi-dubai\\\/#primaryimage\"},\"thumbnailUrl\":\"https:\\\/\\\/skyline-gs.com\\\/wp-content\\\/uploads\\\/2022\\\/10\\\/13-2-1.png\",\"datePublished\":\"2022-10-27T14:16:49+00:00\",\"dateModified\":\"2025-11-11T22:09:05+00:00\",\"breadcrumb\":{\"@id\":\"https:\\\/\\\/skyline-gs.com\\\/product\\\/abu-dhabi-dubai\\\/#breadcrumb\"},\"inLanguage\":\"hu\",\"potentialAction\":[{\"@type\":\"ReadAction\",\"target\":[\"https:\\\/\\\/skyline-gs.com\\\/product\\\/abu-dhabi-dubai\\\/\"]}]},{\"@type\":\"ImageObject\",\"inLanguage\":\"hu\",\"@id\":\"https:\\\/\\\/skyline-gs.com\\\/product\\\/abu-dhabi-dubai\\\/#primaryimage\",\"url\":\"https:\\\/\\\/skyline-gs.com\\\/wp-content\\\/uploads\\\/2022\\\/10\\\/13-2-1.png\",\"contentUrl\":\"https:\\\/\\\/skyline-gs.com\\\/wp-content\\\/uploads\\\/2022\\\/10\\\/13-2-1.png\",\"width\":669,\"height\":446},{\"@type\":\"BreadcrumbList\",\"@id\":\"https:\\\/\\\/skyline-gs.com\\\/product\\\/abu-dhabi-dubai\\\/#breadcrumb\",\"itemListElement\":[{\"@type\":\"ListItem\",\"position\":1,\"name\":\"\u0413\u043b\u0430\u0432\u043d\u0430\u044f \u0441\u0442\u0440\u0430\u043d\u0438\u0446\u0430\",\"item\":\"https:\\\/\\\/skyline-gs.com\\\/hu\\\/\"},{\"@type\":\"ListItem\",\"position\":2,\"name\":\"\u041c\u0430\u0433\u0430\u0437\u0438\u043d\",\"item\":\"https:\\\/\\\/skyline-gs.com\\\/cs\\\/shop\\\/\"},{\"@type\":\"ListItem\",\"position\":3,\"name\":\"\u0410\u0431\u0443 \u0414\u0430\u0431\u0438 VIP\"}]},{\"@type\":\"WebSite\",\"@id\":\"https:\\\/\\\/skyline-gs.com\\\/it\\\/#website\",\"url\":\"https:\\\/\\\/skyline-gs.com\\\/it\\\/\",\"name\":\"\u042d\u043a\u0441\u043a\u0443\u0440\u0441\u0438\u0438 Skyline\",\"description\":\"\u042d\u043a\u0441\u043a\u043b\u044e\u0437\u0438\u0432\u043d\u044b\u0435 \u044d\u043a\u0441\u043a\u0443\u0440\u0441\u0438\u0438 \u043d\u0430 \u043b\u0443\u0447\u0448\u0438\u0445 \u043a\u0443\u0440\u043e\u0440\u0442\u0430\u0445 \u043c\u0438\u0440\u0430\",\"publisher\":{\"@id\":\"https:\\\/\\\/skyline-gs.com\\\/it\\\/#organization\"},\"alternateName\":\"Skyline\",\"potentialAction\":[{\"@type\":\"SearchAction\",\"target\":{\"@type\":\"EntryPoint\",\"urlTemplate\":\"https:\\\/\\\/skyline-gs.com\\\/it\\\/?s={search_term_string}\"},\"query-input\":{\"@type\":\"PropertyValueSpecification\",\"valueRequired\":true,\"valueName\":\"search_term_string\"}}],\"inLanguage\":\"hu\"},{\"@type\":\"Organization\",\"@id\":\"https:\\\/\\\/skyline-gs.com\\\/it\\\/#organization\",\"name\":\"\u042d\u043a\u0441\u043a\u0443\u0440\u0441\u0438\u0438 Skyline\",\"alternateName\":\"\u042d\u043a\u0441\u043a\u0443\u0440\u0441\u0438\u0438 Skyline\",\"url\":\"https:\\\/\\\/skyline-gs.com\\\/it\\\/\",\"logo\":{\"@type\":\"ImageObject\",\"inLanguage\":\"hu\",\"@id\":\"https:\\\/\\\/skyline-gs.com\\\/it\\\/#\\\/schema\\\/logo\\\/image\\\/\",\"url\":\"https:\\\/\\\/skyline-gs.com\\\/wp-content\\\/uploads\\\/2020\\\/12\\\/cropped-logo-2.png\",\"contentUrl\":\"https:\\\/\\\/skyline-gs.com\\\/wp-content\\\/uploads\\\/2020\\\/12\\\/cropped-logo-2.png\",\"width\":512,\"height\":512,\"caption\":\"\u042d\u043a\u0441\u043a\u0443\u0440\u0441\u0438\u0438 Skyline\"},\"image\":{\"@id\":\"https:\\\/\\\/skyline-gs.com\\\/it\\\/#\\\/schema\\\/logo\\\/image\\\/\"},\"sameAs\":[\"https:\\\/\\\/www.instagram.com\\\/skylineglobalservice\\\/\"]}]}<\/script>\n<!-- \/ Yoast SEO plugin. -->","yoast_head_json":{"title":"\u0410\u0431\u0443 \u0414\u0430\u0431\u0438 VIP &#8226; \u042d\u043a\u0441\u043a\u0443\u0440\u0441\u0438\u0438 Skyline","robots":{"index":"index","follow":"follow","max-snippet":"max-snippet:-1","max-image-preview":"max-image-preview:large","max-video-preview":"max-video-preview:-1"},"canonical":"https:\/\/skyline-gs.com\/hu\/termek\/abu-dhabi-dubai\/","og_locale":"hu_HU","og_type":"article","og_title":"\u0410\u0431\u0443 \u0414\u0430\u0431\u0438 VIP &#8226; \u042d\u043a\u0441\u043a\u0443\u0440\u0441\u0438\u0438 Skyline","og_description":"\u0412\u0440\u0435\u043c\u044f \u0442\u0443\u0440\u0430: 11:00 - 20:00  \u0414\u043d\u0438 \u043f\u0440\u043e\u0432\u0435\u0434\u0435\u043d\u0438\u044f: \u043f\u043e\u043d\u0435\u0434\u0435\u043b\u044c\u043d\u0438\u043a \u0438 \u0447\u0435\u0442\u0432\u0435\u0440\u0433","og_url":"https:\/\/skyline-gs.com\/hu\/termek\/abu-dhabi-dubai\/","og_site_name":"\u042d\u043a\u0441\u043a\u0443\u0440\u0441\u0438\u0438 Skyline","article_modified_time":"2025-11-11T22:09:05+00:00","og_image":[{"width":669,"height":446,"url":"https:\/\/skyline-gs.com\/wp-content\/uploads\/2022\/10\/13-2-1.png","type":"image\/png"}],"twitter_card":"summary_large_image","twitter_misc":{"Becs\u00fclt olvas\u00e1si id\u0151":"2 perc"},"schema":{"@context":"https:\/\/schema.org","@graph":[{"@type":"WebPage","@id":"https:\/\/skyline-gs.com\/product\/abu-dhabi-dubai\/","url":"https:\/\/skyline-gs.com\/product\/abu-dhabi-dubai\/","name":"\u0410\u0431\u0443 \u0414\u0430\u0431\u0438 VIP &#8226; \u042d\u043a\u0441\u043a\u0443\u0440\u0441\u0438\u0438 Skyline","isPartOf":{"@id":"https:\/\/skyline-gs.com\/it\/#website"},"primaryImageOfPage":{"@id":"https:\/\/skyline-gs.com\/product\/abu-dhabi-dubai\/#primaryimage"},"image":{"@id":"https:\/\/skyline-gs.com\/product\/abu-dhabi-dubai\/#primaryimage"},"thumbnailUrl":"https:\/\/skyline-gs.com\/wp-content\/uploads\/2022\/10\/13-2-1.png","datePublished":"2022-10-27T14:16:49+00:00","dateModified":"2025-11-11T22:09:05+00:00","breadcrumb":{"@id":"https:\/\/skyline-gs.com\/product\/abu-dhabi-dubai\/#breadcrumb"},"inLanguage":"hu","potentialAction":[{"@type":"ReadAction","target":["https:\/\/skyline-gs.com\/product\/abu-dhabi-dubai\/"]}]},{"@type":"ImageObject","inLanguage":"hu","@id":"https:\/\/skyline-gs.com\/product\/abu-dhabi-dubai\/#primaryimage","url":"https:\/\/skyline-gs.com\/wp-content\/uploads\/2022\/10\/13-2-1.png","contentUrl":"https:\/\/skyline-gs.com\/wp-content\/uploads\/2022\/10\/13-2-1.png","width":669,"height":446},{"@type":"BreadcrumbList","@id":"https:\/\/skyline-gs.com\/product\/abu-dhabi-dubai\/#breadcrumb","itemListElement":[{"@type":"ListItem","position":1,"name":"\u0413\u043b\u0430\u0432\u043d\u0430\u044f \u0441\u0442\u0440\u0430\u043d\u0438\u0446\u0430","item":"https:\/\/skyline-gs.com\/hu\/"},{"@type":"ListItem","position":2,"name":"\u041c\u0430\u0433\u0430\u0437\u0438\u043d","item":"https:\/\/skyline-gs.com\/cs\/shop\/"},{"@type":"ListItem","position":3,"name":"\u0410\u0431\u0443 \u0414\u0430\u0431\u0438 VIP"}]},{"@type":"WebSite","@id":"https:\/\/skyline-gs.com\/it\/#website","url":"https:\/\/skyline-gs.com\/it\/","name":"Skyline T\u00far\u00e1k","description":"Exkluz\u00edv kir\u00e1ndul\u00e1sok a vil\u00e1g legjobb \u00fcd\u00fcl\u0151helyein","publisher":{"@id":"https:\/\/skyline-gs.com\/it\/#organization"},"alternateName":"Skyline","potentialAction":[{"@type":"SearchAction","target":{"@type":"EntryPoint","urlTemplate":"https:\/\/skyline-gs.com\/it\/?s={search_term_string}"},"query-input":{"@type":"PropertyValueSpecification","valueRequired":true,"valueName":"search_term_string"}}],"inLanguage":"hu"},{"@type":"Organization","@id":"https:\/\/skyline-gs.com\/it\/#organization","name":"Skyline T\u00far\u00e1k","alternateName":"\u042d\u043a\u0441\u043a\u0443\u0440\u0441\u0438\u0438 Skyline","url":"https:\/\/skyline-gs.com\/it\/","logo":{"@type":"ImageObject","inLanguage":"hu","@id":"https:\/\/skyline-gs.com\/it\/#\/schema\/logo\/image\/","url":"https:\/\/skyline-gs.com\/wp-content\/uploads\/2020\/12\/cropped-logo-2.png","contentUrl":"https:\/\/skyline-gs.com\/wp-content\/uploads\/2020\/12\/cropped-logo-2.png","width":512,"height":512,"caption":"\u042d\u043a\u0441\u043a\u0443\u0440\u0441\u0438\u0438 Skyline"},"image":{"@id":"https:\/\/skyline-gs.com\/it\/#\/schema\/logo\/image\/"},"sameAs":["https:\/\/www.instagram.com\/skylineglobalservice\/"]}]}},"_links":{"self":[{"href":"https:\/\/skyline-gs.com\/hu\/wp-json\/wp\/v2\/product\/40457","targetHints":{"allow":["GET"]}}],"collection":[{"href":"https:\/\/skyline-gs.com\/hu\/wp-json\/wp\/v2\/product"}],"about":[{"href":"https:\/\/skyline-gs.com\/hu\/wp-json\/wp\/v2\/types\/product"}],"version-history":[{"count":0,"href":"https:\/\/skyline-gs.com\/hu\/wp-json\/wp\/v2\/product\/40457\/revisions"}],"wp:featuredmedia":[{"embeddable":true,"href":"https:\/\/skyline-gs.com\/hu\/wp-json\/wp\/v2\/media\/40472"}],"wp:attachment":[{"href":"https:\/\/skyline-gs.com\/hu\/wp-json\/wp\/v2\/media?parent=40457"}],"wp:term":[{"taxonomy":"product_brand","embeddable":true,"href":"https:\/\/skyline-gs.com\/hu\/wp-json\/wp\/v2\/product_brand?post=40457"},{"taxonomy":"product_cat","embeddable":true,"href":"https:\/\/skyline-gs.com\/hu\/wp-json\/wp\/v2\/product_cat?post=40457"},{"taxonomy":"product_tag","embeddable":true,"href":"https:\/\/skyline-gs.com\/hu\/wp-json\/wp\/v2\/product_tag?post=40457"}],"curies":[{"name":"wp","href":"https:\/\/api.w.org\/{rel}","templated":true}]}}