{"id":39911,"date":"2022-10-16T23:01:09","date_gmt":"2022-10-16T21:01:09","guid":{"rendered":"http:\/\/skyline-gs.com\/?post_type=product&#038;p=39911"},"modified":"2025-04-30T19:06:53","modified_gmt":"2025-04-30T17:06:53","slug":"szuper-szafari-dubai","status":"publish","type":"product","link":"https:\/\/skyline-gs.com\/hu\/product\/super-safari-dubai\/","title":{"rendered":"Szuper szafari (buggy, quad \u00e9s vacsora)"},"content":{"rendered":"<p>A Rub el-Khali sivatag a vil\u00e1g legfens\u00e9gesebb \u00e9s legszebb homoksivataga. A vil\u00e1g egyik legforr\u00f3bb \u00e9s legsz\u00e1razabb sivataga, a ny\u00e1ri h\u00f3napokban a h\u0151m\u00e9rs\u00e9klet rendszeresen el\u00e9ri az 50 Celsius-fokot. A Rub el-Khali d\u0171n\u00e9k a legmagasabbak a vil\u00e1gon, magass\u00e1guk el\u00e9ri a 250 m\u00e9tert. A m\u00falt sz\u00e1zad k\u00f6zep\u00e9n tevekarav\u00e1nok j\u00e1rt\u00e1k be az arab sivatagot. Ma azonban, amikor a modernit\u00e1s v\u00edvm\u00e1nyai m\u00e1r el\u00e9rhet\u0151ek a bolyg\u00f3nak ebben a szeglet\u00e9ben, minim\u00e1lis kock\u00e1zatot v\u00e1llalva magunkra n\u00e9zve is meg\u00e9rinthetj\u00fck a term\u00e9szet hihetetlen erej\u00e9t. Egy kir\u00e1ndul\u00e1s a sivatag m\u00e9ly\u00e9n lehet\u0151s\u00e9get ad arra, hogy meg\u00e9rezz\u00fck \u00e9s meg\u00edzlelj\u00fck Ar\u00e1bia \u00edz\u00e9t. A k\u00f6nny\u0171, meleg szell\u0151 a hajadban \u00e9s a puha, selymes homok a l\u00e1bad alatt igazi gy\u00f6ny\u00f6r.<\/p>\n<p>14:00 indul\u00e1s a sz\u00e1llod\u00e1b\u00f3l. Aut\u00f3\u00fat a sivatagba (kb. 1 \u00f3ra). 15:00 eligaz\u00edt\u00e1s. A t\u00fara kezdete modern buggy-kon \u00e9s quadokon a homokon. Garant\u00e1ljuk a sok extr\u00e9m szenz\u00e1ci\u00f3t. Ez a n\u00e9pszer\u0171 t\u00fara t\u00f6k\u00e9letes akt\u00edv pihen\u00e9sre, csal\u00e1di kikapcsol\u00f3d\u00e1sra vagy sportos sz\u00f3rakoz\u00e1sra. Az izgalmas utaz\u00e1s ut\u00e1n javasoljuk, hogy pihenjen \u00e9s laz\u00edtson egy stiliz\u00e1lt beduin faluban, ahol finom k\u00e1v\u00e9t szolg\u00e1lunk fel. A faluban felpr\u00f3b\u00e1lhatja a nemzeti arab ruh\u00e1kat \u00e9s ingyenesen elsz\u00edvhatja a v\u00edzipip\u00e1t. A szuven\u00edrboltokban aj\u00e1nd\u00e9kt\u00e1rgyakat \u00e9s hennatetov\u00e1l\u00e1st k\u00edn\u00e1lnak (benne foglaltatik). Tevej\u00e1r\u00e1s. Vacsora (grill\u00e9tel, hal, sal\u00e1t\u00e1k, k\u00f6retek, gy\u00fcm\u00f6lcs\u00f6k \u00e9s \u00e9dess\u00e9gek, tea \u00e9s k\u00e1v\u00e9) \u00e9s show-program, ahol t\u00fczes hast\u00e1ncot \u00e9s f\u00e9rfi t\u00e1ncot, a Tanur\u00e1t l\u00e1thatj\u00e1k. 19:00 a t\u00fara v\u00e9ge. Visszautaz\u00e1s. 20:00 k\u00f6r\u00fcl visszat\u00e9r\u00e9s a sz\u00e1llod\u00e1ba.<\/p>\n<p><strong>Tartalmazza:<\/strong><\/p>\n<ul>\n<li>Transzfer a sz\u00e1llod\u00e1b\u00f3l \u00e9s a sz\u00e1llod\u00e1ba<\/li>\n<li>Quadoz\u00e1s \u00e9s bog\u00e1rhajt\u00e1s<\/li>\n<li>L\u00e1togat\u00e1s egy beduin faluban<\/li>\n<li>V\u00edzipipa<\/li>\n<li>K\u00e1v\u00e9<\/li>\n<li>Teve lovagl\u00e1s<\/li>\n<li>Henna tetov\u00e1l\u00e1s<\/li>\n<li>Vacsora \u00fcd\u00edt\u0151italokkal<\/li>\n<li>M\u0171sor: \" Hast\u00e1nc \u00e9s Tanura \"<\/li>\n<\/ul>\n<p><strong>Vigy\u00e9l magaddal:<\/strong><\/p>\n<ul>\n<li>Kamera<\/li>\n<li>Meleg ruh\u00e1k az \u0151szi \u00e9s t\u00e9li id\u0151szakban<\/li>\n<li>P\u00e9nz szem\u00e9lyes kiad\u00e1sokra<\/li>\n<\/ul>\n<p><strong>Foglal\u00e1si felt\u00e9telek:<\/strong><\/p>\n<ul>\n<li><strong>El\u0151re fizetett 50%<\/strong>. Elfogadjuk a k\u00e1rty\u00e1s \u00e1tutal\u00e1ssal t\u00f6rt\u00e9n\u0151 fizet\u00e9st <strong>doll\u00e1rban, eur\u00f3ban, rubelben, hrivny\u00e1ban. Valamint USDT-ben kriptot\u00e1rc\u00e1ba.<\/strong>.<\/li>\n<li>Ingyenes lemond\u00e1s \u00e9s visszat\u00e9r\u00edt\u00e9s 24 \u00f3r\u00e1val el\u0151re.<\/li>\n<\/ul>","protected":false},"excerpt":{"rendered":"<p><strong>Id\u0151tartam:<\/strong> 14:00 &#8212; 20:00<\/p>\n<p><strong>A Kir\u00e1ndul\u00e1s Napjai:<\/strong> Naponta<\/p>","protected":false},"featured_media":39899,"template":"","meta":{"_kad_post_transparent":"default","_kad_post_title":"","_kad_post_layout":"default","_kad_post_sidebar_id":"","_kad_post_content_style":"default","_kad_post_vertical_padding":"default","_kad_post_feature":"","_kad_post_feature_position":"","_kad_post_header":false,"_kad_post_footer":false,"_kad_post_classname":"","_glsr_average":0,"_glsr_ranking":0,"_glsr_reviews":0},"product_brand":[],"product_cat":[438],"product_tag":[],"class_list":{"0":"post-39911","1":"product","2":"type-product","3":"status-publish","4":"has-post-thumbnail","6":"product_cat-dubai","7":"tm-has-options","9":"first","10":"instock","11":"sale","12":"sold-individually","13":"taxable","14":"shipping-taxable","15":"purchasable","16":"product-type-simple","17":"entry","18":"content-bg","19":"loop-entry"},"yoast_head":"<!-- This site is optimized with the Yoast SEO plugin v27.4 - https:\/\/yoast.com\/product\/yoast-seo-wordpress\/ -->\n<title>\u0421\u0443\u043f\u0435\u0440\u0441\u0430\u0444\u0430\u0440\u0438 (\u0431\u0430\u0433\u0433\u0438, \u043a\u0432\u0430\u0434\u0440\u043e\u0446\u0438\u043a\u043b\u044b \u0438 \u0443\u0436\u0438\u043d) &#8226; \u042d\u043a\u0441\u043a\u0443\u0440\u0441\u0438\u0438 Skyline<\/title>\n<meta name=\"robots\" content=\"index, follow, max-snippet:-1, max-image-preview:large, max-video-preview:-1\" \/>\n<link rel=\"canonical\" href=\"https:\/\/skyline-gs.com\/hu\/termek\/szuper-szafari-dubai\/\" \/>\n<meta property=\"og:locale\" content=\"hu_HU\" \/>\n<meta property=\"og:type\" content=\"article\" \/>\n<meta property=\"og:title\" content=\"\u0421\u0443\u043f\u0435\u0440\u0441\u0430\u0444\u0430\u0440\u0438 (\u0431\u0430\u0433\u0433\u0438, \u043a\u0432\u0430\u0434\u0440\u043e\u0446\u0438\u043a\u043b\u044b \u0438 \u0443\u0436\u0438\u043d) &#8226; \u042d\u043a\u0441\u043a\u0443\u0440\u0441\u0438\u0438 Skyline\" \/>\n<meta property=\"og:description\" content=\"\u0414\u043b\u0438\u0442\u0435\u043b\u044c\u043d\u043e\u0441\u0442\u044c: 14:00 - 20:00  \u0414\u043d\u0438 \u043f\u0440\u043e\u0432\u0435\u0434\u0435\u043d\u0438\u044f: \u0435\u0436\u0435\u0434\u043d\u0435\u0432\u043d\u043e\" \/>\n<meta property=\"og:url\" content=\"https:\/\/skyline-gs.com\/hu\/termek\/szuper-szafari-dubai\/\" \/>\n<meta property=\"og:site_name\" content=\"\u042d\u043a\u0441\u043a\u0443\u0440\u0441\u0438\u0438 Skyline\" \/>\n<meta property=\"article:modified_time\" content=\"2025-04-30T17:06:53+00:00\" \/>\n<meta property=\"og:image\" content=\"https:\/\/skyline-gs.com\/wp-content\/uploads\/2022\/10\/6.png\" \/>\n\t<meta property=\"og:image:width\" content=\"669\" \/>\n\t<meta property=\"og:image:height\" content=\"446\" \/>\n\t<meta property=\"og:image:type\" content=\"image\/png\" \/>\n<meta name=\"twitter:card\" content=\"summary_large_image\" \/>\n<meta name=\"twitter:label1\" content=\"Becs\u00fclt olvas\u00e1si id\u0151\" \/>\n\t<meta name=\"twitter:data1\" content=\"2 perc\" \/>\n<script type=\"application\/ld+json\" class=\"yoast-schema-graph\">{\"@context\":\"https:\\\/\\\/schema.org\",\"@graph\":[{\"@type\":\"WebPage\",\"@id\":\"https:\\\/\\\/skyline-gs.com\\\/product\\\/super-safari-dubai\\\/\",\"url\":\"https:\\\/\\\/skyline-gs.com\\\/product\\\/super-safari-dubai\\\/\",\"name\":\"\u0421\u0443\u043f\u0435\u0440\u0441\u0430\u0444\u0430\u0440\u0438 (\u0431\u0430\u0433\u0433\u0438, \u043a\u0432\u0430\u0434\u0440\u043e\u0446\u0438\u043a\u043b\u044b \u0438 \u0443\u0436\u0438\u043d) &#8226; \u042d\u043a\u0441\u043a\u0443\u0440\u0441\u0438\u0438 Skyline\",\"isPartOf\":{\"@id\":\"https:\\\/\\\/skyline-gs.com\\\/it\\\/#website\"},\"primaryImageOfPage\":{\"@id\":\"https:\\\/\\\/skyline-gs.com\\\/product\\\/super-safari-dubai\\\/#primaryimage\"},\"image\":{\"@id\":\"https:\\\/\\\/skyline-gs.com\\\/product\\\/super-safari-dubai\\\/#primaryimage\"},\"thumbnailUrl\":\"https:\\\/\\\/skyline-gs.com\\\/wp-content\\\/uploads\\\/2022\\\/10\\\/6.png\",\"datePublished\":\"2022-10-16T21:01:09+00:00\",\"dateModified\":\"2025-04-30T17:06:53+00:00\",\"breadcrumb\":{\"@id\":\"https:\\\/\\\/skyline-gs.com\\\/product\\\/super-safari-dubai\\\/#breadcrumb\"},\"inLanguage\":\"hu\",\"potentialAction\":[{\"@type\":\"ReadAction\",\"target\":[\"https:\\\/\\\/skyline-gs.com\\\/product\\\/super-safari-dubai\\\/\"]}]},{\"@type\":\"ImageObject\",\"inLanguage\":\"hu\",\"@id\":\"https:\\\/\\\/skyline-gs.com\\\/product\\\/super-safari-dubai\\\/#primaryimage\",\"url\":\"https:\\\/\\\/skyline-gs.com\\\/wp-content\\\/uploads\\\/2022\\\/10\\\/6.png\",\"contentUrl\":\"https:\\\/\\\/skyline-gs.com\\\/wp-content\\\/uploads\\\/2022\\\/10\\\/6.png\",\"width\":669,\"height\":446},{\"@type\":\"BreadcrumbList\",\"@id\":\"https:\\\/\\\/skyline-gs.com\\\/product\\\/super-safari-dubai\\\/#breadcrumb\",\"itemListElement\":[{\"@type\":\"ListItem\",\"position\":1,\"name\":\"\u0413\u043b\u0430\u0432\u043d\u0430\u044f \u0441\u0442\u0440\u0430\u043d\u0438\u0446\u0430\",\"item\":\"https:\\\/\\\/skyline-gs.com\\\/hu\\\/\"},{\"@type\":\"ListItem\",\"position\":2,\"name\":\"\u041c\u0430\u0433\u0430\u0437\u0438\u043d\",\"item\":\"https:\\\/\\\/skyline-gs.com\\\/cs\\\/shop\\\/\"},{\"@type\":\"ListItem\",\"position\":3,\"name\":\"\u0421\u0443\u043f\u0435\u0440\u0441\u0430\u0444\u0430\u0440\u0438 (\u0431\u0430\u0433\u0433\u0438, \u043a\u0432\u0430\u0434\u0440\u043e\u0446\u0438\u043a\u043b\u044b \u0438 \u0443\u0436\u0438\u043d)\"}]},{\"@type\":\"WebSite\",\"@id\":\"https:\\\/\\\/skyline-gs.com\\\/it\\\/#website\",\"url\":\"https:\\\/\\\/skyline-gs.com\\\/it\\\/\",\"name\":\"\u042d\u043a\u0441\u043a\u0443\u0440\u0441\u0438\u0438 Skyline\",\"description\":\"\u042d\u043a\u0441\u043a\u043b\u044e\u0437\u0438\u0432\u043d\u044b\u0435 \u044d\u043a\u0441\u043a\u0443\u0440\u0441\u0438\u0438 \u043d\u0430 \u043b\u0443\u0447\u0448\u0438\u0445 \u043a\u0443\u0440\u043e\u0440\u0442\u0430\u0445 \u043c\u0438\u0440\u0430\",\"publisher\":{\"@id\":\"https:\\\/\\\/skyline-gs.com\\\/it\\\/#organization\"},\"alternateName\":\"Skyline\",\"potentialAction\":[{\"@type\":\"SearchAction\",\"target\":{\"@type\":\"EntryPoint\",\"urlTemplate\":\"https:\\\/\\\/skyline-gs.com\\\/it\\\/?s={search_term_string}\"},\"query-input\":{\"@type\":\"PropertyValueSpecification\",\"valueRequired\":true,\"valueName\":\"search_term_string\"}}],\"inLanguage\":\"hu\"},{\"@type\":\"Organization\",\"@id\":\"https:\\\/\\\/skyline-gs.com\\\/it\\\/#organization\",\"name\":\"\u042d\u043a\u0441\u043a\u0443\u0440\u0441\u0438\u0438 Skyline\",\"alternateName\":\"\u042d\u043a\u0441\u043a\u0443\u0440\u0441\u0438\u0438 Skyline\",\"url\":\"https:\\\/\\\/skyline-gs.com\\\/it\\\/\",\"logo\":{\"@type\":\"ImageObject\",\"inLanguage\":\"hu\",\"@id\":\"https:\\\/\\\/skyline-gs.com\\\/it\\\/#\\\/schema\\\/logo\\\/image\\\/\",\"url\":\"https:\\\/\\\/skyline-gs.com\\\/wp-content\\\/uploads\\\/2020\\\/12\\\/cropped-logo-2.png\",\"contentUrl\":\"https:\\\/\\\/skyline-gs.com\\\/wp-content\\\/uploads\\\/2020\\\/12\\\/cropped-logo-2.png\",\"width\":512,\"height\":512,\"caption\":\"\u042d\u043a\u0441\u043a\u0443\u0440\u0441\u0438\u0438 Skyline\"},\"image\":{\"@id\":\"https:\\\/\\\/skyline-gs.com\\\/it\\\/#\\\/schema\\\/logo\\\/image\\\/\"},\"sameAs\":[\"https:\\\/\\\/www.instagram.com\\\/skylineglobalservice\\\/\"]}]}<\/script>\n<!-- \/ Yoast SEO plugin. -->","yoast_head_json":{"title":"\u0421\u0443\u043f\u0435\u0440\u0441\u0430\u0444\u0430\u0440\u0438 (\u0431\u0430\u0433\u0433\u0438, \u043a\u0432\u0430\u0434\u0440\u043e\u0446\u0438\u043a\u043b\u044b \u0438 \u0443\u0436\u0438\u043d) &#8226; \u042d\u043a\u0441\u043a\u0443\u0440\u0441\u0438\u0438 Skyline","robots":{"index":"index","follow":"follow","max-snippet":"max-snippet:-1","max-image-preview":"max-image-preview:large","max-video-preview":"max-video-preview:-1"},"canonical":"https:\/\/skyline-gs.com\/hu\/termek\/szuper-szafari-dubai\/","og_locale":"hu_HU","og_type":"article","og_title":"\u0421\u0443\u043f\u0435\u0440\u0441\u0430\u0444\u0430\u0440\u0438 (\u0431\u0430\u0433\u0433\u0438, \u043a\u0432\u0430\u0434\u0440\u043e\u0446\u0438\u043a\u043b\u044b \u0438 \u0443\u0436\u0438\u043d) &#8226; \u042d\u043a\u0441\u043a\u0443\u0440\u0441\u0438\u0438 Skyline","og_description":"\u0414\u043b\u0438\u0442\u0435\u043b\u044c\u043d\u043e\u0441\u0442\u044c: 14:00 - 20:00  \u0414\u043d\u0438 \u043f\u0440\u043e\u0432\u0435\u0434\u0435\u043d\u0438\u044f: \u0435\u0436\u0435\u0434\u043d\u0435\u0432\u043d\u043e","og_url":"https:\/\/skyline-gs.com\/hu\/termek\/szuper-szafari-dubai\/","og_site_name":"\u042d\u043a\u0441\u043a\u0443\u0440\u0441\u0438\u0438 Skyline","article_modified_time":"2025-04-30T17:06:53+00:00","og_image":[{"width":669,"height":446,"url":"https:\/\/skyline-gs.com\/wp-content\/uploads\/2022\/10\/6.png","type":"image\/png"}],"twitter_card":"summary_large_image","twitter_misc":{"Becs\u00fclt olvas\u00e1si id\u0151":"2 perc"},"schema":{"@context":"https:\/\/schema.org","@graph":[{"@type":"WebPage","@id":"https:\/\/skyline-gs.com\/product\/super-safari-dubai\/","url":"https:\/\/skyline-gs.com\/product\/super-safari-dubai\/","name":"\u0421\u0443\u043f\u0435\u0440\u0441\u0430\u0444\u0430\u0440\u0438 (\u0431\u0430\u0433\u0433\u0438, \u043a\u0432\u0430\u0434\u0440\u043e\u0446\u0438\u043a\u043b\u044b \u0438 \u0443\u0436\u0438\u043d) &#8226; \u042d\u043a\u0441\u043a\u0443\u0440\u0441\u0438\u0438 Skyline","isPartOf":{"@id":"https:\/\/skyline-gs.com\/it\/#website"},"primaryImageOfPage":{"@id":"https:\/\/skyline-gs.com\/product\/super-safari-dubai\/#primaryimage"},"image":{"@id":"https:\/\/skyline-gs.com\/product\/super-safari-dubai\/#primaryimage"},"thumbnailUrl":"https:\/\/skyline-gs.com\/wp-content\/uploads\/2022\/10\/6.png","datePublished":"2022-10-16T21:01:09+00:00","dateModified":"2025-04-30T17:06:53+00:00","breadcrumb":{"@id":"https:\/\/skyline-gs.com\/product\/super-safari-dubai\/#breadcrumb"},"inLanguage":"hu","potentialAction":[{"@type":"ReadAction","target":["https:\/\/skyline-gs.com\/product\/super-safari-dubai\/"]}]},{"@type":"ImageObject","inLanguage":"hu","@id":"https:\/\/skyline-gs.com\/product\/super-safari-dubai\/#primaryimage","url":"https:\/\/skyline-gs.com\/wp-content\/uploads\/2022\/10\/6.png","contentUrl":"https:\/\/skyline-gs.com\/wp-content\/uploads\/2022\/10\/6.png","width":669,"height":446},{"@type":"BreadcrumbList","@id":"https:\/\/skyline-gs.com\/product\/super-safari-dubai\/#breadcrumb","itemListElement":[{"@type":"ListItem","position":1,"name":"\u0413\u043b\u0430\u0432\u043d\u0430\u044f \u0441\u0442\u0440\u0430\u043d\u0438\u0446\u0430","item":"https:\/\/skyline-gs.com\/hu\/"},{"@type":"ListItem","position":2,"name":"\u041c\u0430\u0433\u0430\u0437\u0438\u043d","item":"https:\/\/skyline-gs.com\/cs\/shop\/"},{"@type":"ListItem","position":3,"name":"\u0421\u0443\u043f\u0435\u0440\u0441\u0430\u0444\u0430\u0440\u0438 (\u0431\u0430\u0433\u0433\u0438, \u043a\u0432\u0430\u0434\u0440\u043e\u0446\u0438\u043a\u043b\u044b \u0438 \u0443\u0436\u0438\u043d)"}]},{"@type":"WebSite","@id":"https:\/\/skyline-gs.com\/it\/#website","url":"https:\/\/skyline-gs.com\/it\/","name":"Skyline T\u00far\u00e1k","description":"Exkluz\u00edv kir\u00e1ndul\u00e1sok a vil\u00e1g legjobb \u00fcd\u00fcl\u0151helyein","publisher":{"@id":"https:\/\/skyline-gs.com\/it\/#organization"},"alternateName":"Skyline","potentialAction":[{"@type":"SearchAction","target":{"@type":"EntryPoint","urlTemplate":"https:\/\/skyline-gs.com\/it\/?s={search_term_string}"},"query-input":{"@type":"PropertyValueSpecification","valueRequired":true,"valueName":"search_term_string"}}],"inLanguage":"hu"},{"@type":"Organization","@id":"https:\/\/skyline-gs.com\/it\/#organization","name":"Skyline T\u00far\u00e1k","alternateName":"\u042d\u043a\u0441\u043a\u0443\u0440\u0441\u0438\u0438 Skyline","url":"https:\/\/skyline-gs.com\/it\/","logo":{"@type":"ImageObject","inLanguage":"hu","@id":"https:\/\/skyline-gs.com\/it\/#\/schema\/logo\/image\/","url":"https:\/\/skyline-gs.com\/wp-content\/uploads\/2020\/12\/cropped-logo-2.png","contentUrl":"https:\/\/skyline-gs.com\/wp-content\/uploads\/2020\/12\/cropped-logo-2.png","width":512,"height":512,"caption":"\u042d\u043a\u0441\u043a\u0443\u0440\u0441\u0438\u0438 Skyline"},"image":{"@id":"https:\/\/skyline-gs.com\/it\/#\/schema\/logo\/image\/"},"sameAs":["https:\/\/www.instagram.com\/skylineglobalservice\/"]}]}},"_links":{"self":[{"href":"https:\/\/skyline-gs.com\/hu\/wp-json\/wp\/v2\/product\/39911","targetHints":{"allow":["GET"]}}],"collection":[{"href":"https:\/\/skyline-gs.com\/hu\/wp-json\/wp\/v2\/product"}],"about":[{"href":"https:\/\/skyline-gs.com\/hu\/wp-json\/wp\/v2\/types\/product"}],"version-history":[{"count":0,"href":"https:\/\/skyline-gs.com\/hu\/wp-json\/wp\/v2\/product\/39911\/revisions"}],"wp:featuredmedia":[{"embeddable":true,"href":"https:\/\/skyline-gs.com\/hu\/wp-json\/wp\/v2\/media\/39899"}],"wp:attachment":[{"href":"https:\/\/skyline-gs.com\/hu\/wp-json\/wp\/v2\/media?parent=39911"}],"wp:term":[{"taxonomy":"product_brand","embeddable":true,"href":"https:\/\/skyline-gs.com\/hu\/wp-json\/wp\/v2\/product_brand?post=39911"},{"taxonomy":"product_cat","embeddable":true,"href":"https:\/\/skyline-gs.com\/hu\/wp-json\/wp\/v2\/product_cat?post=39911"},{"taxonomy":"product_tag","embeddable":true,"href":"https:\/\/skyline-gs.com\/hu\/wp-json\/wp\/v2\/product_tag?post=39911"}],"curies":[{"name":"wp","href":"https:\/\/api.w.org\/{rel}","templated":true}]}}