{"id":38689,"date":"2022-07-17T00:12:18","date_gmt":"2022-07-16T22:12:18","guid":{"rendered":"http:\/\/skyline-gs.com\/?post_type=product&#038;p=38689"},"modified":"2024-10-21T22:24:56","modified_gmt":"2024-10-21T20:24:56","slug":"cappadocia-2-days-side","status":"publish","type":"product","link":"https:\/\/skyline-gs.com\/hu\/product\/cappadocia-2-days-side\/","title":{"rendered":"Kappad\u00f3kia 2 nap"},"content":{"rendered":"<p><strong>1. nap<\/strong><\/p>\n<p>Reggel 6:00-kor kijelentkez\u00e9s a sz\u00e1llod\u00e1b\u00f3l. Els\u0151 meg\u00e1ll\u00f3 egy csendes, fest\u0151i helyen reggeliz\u00e9s (a sz\u00e1llod\u00e1b\u00f3l eb\u00e9ddobozt rendelhet\u00fcnk magunkkal); F\u00f6ldalatti sziklafalu - Saratli - a h\u00edres kereszt\u00e9ny keresztes hadj\u00e1rat barlangv\u00e1rosa, 7 emelet magas; Ismeretterjeszt\u0151 t\u00fara \u00c7avu\u015fin sziklav\u00e1ros\u00e1ban \u00e9s f\u0151 l\u00e1tv\u00e1nyoss\u00e1g\u00e1ban - egy sajtdarabra eml\u00e9keztet\u0151 pettyes szikl\u00e1ban; L\u00e1togat\u00e1s a gy\u00f6ny\u00f6r\u0171 U\u00e7g\u00fczel-v\u00f6lgyben (ford\u00edt\u00e1sban \"H\u00e1rom sz\u00e9ps\u00e9g\") - h\u00edres term\u00e9szeti ki\u00e1ll\u00edt\u00e1s, panor\u00e1m\u00e1s fot\u00f3t\u00e9rrel; Aut\u00f3z\u00e1s G\u00f6reme ker\u00fclet\u00e9be - a sz\u00ednes Kappad\u00f3kia k\u00f6zpontj\u00e1ba: S\u00e9ta a v\u00e1ros utc\u00e1in, az \u0151si kereszt\u00e9ny templomok egy\u00fcttesei, egyed\u00fcl\u00e1ll\u00f3 biz\u00e1nci falfestm\u00e9nyek \u00e9s \u0151si fresk\u00f3k ment\u00e9n; L\u00e1togat\u00e1s a legend\u00e1s Gereme helyi m\u00fazeum\u00e1ban - nemzeti t\u00f6rt\u00e9nelmi \u00e9s term\u00e9szeti komplexum; B\u00fcf\u00e9eb\u00e9d egy sz\u00ednes helyi k\u00e1v\u00e9z\u00f3ban (szokatlan etnikai konyha); T\u00fara az anat\u00f3liai mini k\u0151boltba \u00e9s lehet\u0151s\u00e9g az \u00f3nix szuven\u00edrek - \u00e9kszerek, amulettek, szobrocsk\u00e1k - megv\u00e1s\u00e1rl\u00e1s\u00e1ra; Fot\u00f3z\u00e1sra meg\u00e1ll\u00e1s az Ikhlar-v\u00f6lgy kil\u00e1t\u00f3j\u00e1n\u00e1l - egyed\u00fcl\u00e1ll\u00f3 vulkanikus kanyon; Kir\u00e1ndul\u00e1s a Pashabag-v\u00f6lgybe - k\u00e9t- \u00e9s h\u00e1romfej\u0171 k\u0151 \"gomb\u00e1k\" csod\u00e1latos panor\u00e1m\u00e1ja. Fot\u00f3z\u00e1si meg\u00e1ll\u00f3 a R\u00f3zsasz\u00edn v\u00f6lgyben, amely a sziklak\u0151 finom r\u00f3zsasz\u00edn sz\u00edn\u00e9r\u0151l h\u00edres; Fot\u00f3z\u00e1si meg\u00e1ll\u00f3 a Kyzylirmak foly\u00f3v\u00f6lgyn\u00e9l - a \"V\u00f6r\u00f6s foly\u00f3\" az es\u0151z\u00e9sek ut\u00e1ni \u00e9l\u00e9nkpiros v\u00edzsz\u00edn\u00e9r\u0151l ismert; T\u00fara a sz\u0151nyegk\u00e9sz\u00edt\u00e9s \u00e9s fazekass\u00e1g etnikai m\u0171hely\u00e9ben - Avanos, t\u00e1j\u00e9koztat\u00f3 \u00e9s bevezet\u0151 t\u00f6rt\u00e9net a fazekass\u00e1gr\u00f3l, az agyag\u00e1ru k\u00e9sz\u00edt\u00e9s\u00e9nek bemutat\u00e1s\u00e1val. \u00c9jszakai sz\u00e1ll\u00e1s a h\u00edres barlangi st\u00edlusban berendezett helyi sz\u00e1llod\u00e1ban.<\/p>\n<p><strong>2. nap<\/strong><\/p>\n<p>Reggel indul\u00e1s a l\u00e9gg\u00f6mbpar\u00e1d\u00e9ra azok sz\u00e1m\u00e1ra, akik szeretn\u00e9nek l\u00e9gg\u00f6mb\u00f6zni (fakultat\u00edv, +250$\/f\u0151). Ballonoz\u00e1s (1 \u00f3ra id\u0151tartam) - l\u00e1tv\u00e1nyos l\u00e1tv\u00e1ny, 250 l\u00e9gg\u00f6mb vagy 2000 ember egyszerre az \u00e9gen; Reggeli a sz\u00e1llod\u00e1ban, szobabejelentkez\u00e9s \u00e9s kijelentkez\u00e9s; L\u00e1togat\u00e1s a fazekasm\u0171helyben, agyagmesterek bemutat\u00f3ja \u00e9s r\u00f6vid meg\u00e1ll\u00e1s a szuven\u00edrboltban; S\u00e9ta \u00e9s fot\u00f3z\u00e1s a G\u00fcverdzinlik Galambv\u00f6lgyben - sz\u00fcrre\u00e1lis t\u00e1jak, \u0151si kereszt\u00e9ny templomok, egyed\u00fcl\u00e1ll\u00f3 helyi kolumb\u00e1riumok (galambd\u00facok); V\u00e1rosn\u00e9z\u00e9s az \u0151si karav\u00e1nh\u00e1zban - a Selyem\u00fat utaz\u00f3inak \u00e9s a kereskedelmi karav\u00e1noknak \u0151si meg\u00e1ll\u00f3helye. Helyi nemzeti \u00e9telek b\u00fcf\u00e9je az \u00e9tteremben (meg\u00e1ll\u00f3 vacsor\u00e1ra); 19:00 k\u00f6r\u00fcl visszat\u00e9r\u00e9s az alanyai sz\u00e1llod\u00e1kba.<\/p>\n<p><strong>Tartalmazza:<\/strong><\/p>\n<ul>\n<li>Transzfer a sz\u00e1llod\u00e1b\u00f3l \u00e9s a sz\u00e1llod\u00e1ba<\/li>\n<li>Minden transzfer az \u00fatvonalon k\u00e9nyelmes l\u00e9gkondicion\u00e1lt aut\u00f3busszal<\/li>\n<li>Magyarul besz\u00e9l\u0151 idegenvezet\u0151<\/li>\n<li>Biztos\u00edt\u00e1s<\/li>\n<li>\u00c9jszaka egy sz\u00e1llod\u00e1ban<\/li>\n<li>\u00c9tkez\u00e9s: vacsora, reggeli<\/li>\n<\/ul>\n<p><strong>Nem tartalmazza:<\/strong><\/p>\n<ul>\n<li>Napfelkeltekor ballonrep\u00fcl\u00e9s (fakultat\u00edv, +250$ szem\u00e9lyenk\u00e9nt)<\/li>\n<li>Eb\u00e9d az \u00e9tteremben<\/li>\n<li>\"T\u00f6r\u00f6k \u00e9jszaka\" show<\/li>\n<li>Bel\u00e9p\u0151d\u00edjak a G\u00f6reme Parkba ( 12$ )<\/li>\n<\/ul>\n<p><strong>Vigy\u00e9l magaddal:<\/strong><\/p>\n<ul>\n<li>Hozzon mag\u00e1val saj\u00e1t reggelit (a sz\u00e1lloda recepci\u00f3j\u00e1n magyar\u00e1zza el, hogy kora reggel kir\u00e1ndulni indul, \u00e9s hogy eb\u00e9ddobozt kell k\u00e9sz\u00edtenie, a sz\u00e1llod\u00e1k ingyenesen biztos\u00edtj\u00e1k ezt a szolg\u00e1ltat\u00e1st);<\/li>\n<li>V\u00edz<\/li>\n<li>K\u00e9nyelmes cip\u0151<\/li>\n<li>F\u00e9nyk\u00e9pez\u0151g\u00e9p<\/li>\n<li>P\u00e9nz szem\u00e9lyes kiad\u00e1sokra<\/li>\n<\/ul>","protected":false},"excerpt":{"rendered":"<p><strong>Kir\u00e1ndul\u00e1s Id\u0151pontja:<\/strong> 6:00 - 19:00<\/p>\n<p><strong>A Kir\u00e1ndul\u00e1s Napjai:<\/strong> H\u00e9tf\u0151, cs\u00fct\u00f6rt\u00f6k \u00e9s szombat<\/p>","protected":false},"featured_media":41915,"template":"","meta":{"_kad_post_transparent":"default","_kad_post_title":"","_kad_post_layout":"default","_kad_post_sidebar_id":"","_kad_post_content_style":"default","_kad_post_vertical_padding":"default","_kad_post_feature":"","_kad_post_feature_position":"","_kad_post_header":false,"_kad_post_footer":false,"_kad_post_classname":"","_glsr_average":0,"_glsr_ranking":0,"_glsr_reviews":0},"product_brand":[],"product_cat":[446],"product_tag":[],"class_list":{"0":"post-38689","1":"product","2":"type-product","3":"status-publish","4":"has-post-thumbnail","6":"product_cat-side","7":"tm-has-options","9":"first","10":"instock","11":"sale","12":"sold-individually","13":"taxable","14":"shipping-taxable","15":"purchasable","16":"product-type-simple","17":"entry","18":"content-bg","19":"loop-entry"},"yoast_head":"<!-- This site is optimized with the Yoast SEO plugin v27.3 - https:\/\/yoast.com\/product\/yoast-seo-wordpress\/ -->\n<title>\u041a\u0430\u043f\u043f\u0430\u0434\u043e\u043a\u0438\u044f 2 \u0434\u043d\u044f &#8226; \u042d\u043a\u0441\u043a\u0443\u0440\u0441\u0438\u0438 Skyline<\/title>\n<meta name=\"robots\" content=\"index, follow, max-snippet:-1, max-image-preview:large, max-video-preview:-1\" \/>\n<link rel=\"canonical\" href=\"https:\/\/skyline-gs.com\/hu\/termek\/cappadocia-2-days-side\/\" \/>\n<meta property=\"og:locale\" content=\"hu_HU\" \/>\n<meta property=\"og:type\" content=\"article\" \/>\n<meta property=\"og:title\" content=\"\u041a\u0430\u043f\u043f\u0430\u0434\u043e\u043a\u0438\u044f 2 \u0434\u043d\u044f &#8226; \u042d\u043a\u0441\u043a\u0443\u0440\u0441\u0438\u0438 Skyline\" \/>\n<meta property=\"og:description\" content=\"\u0412\u0440\u0435\u043c\u044f \u0442\u0443\u0440\u0430: 6:00 \u2013 19:00  \u0414\u043d\u0438 \u043f\u0440\u043e\u0432\u0435\u0434\u0435\u043d\u0438\u044f: \u043f\u043e\u043d\u0435\u0434\u0435\u043b\u044c\u043d\u0438\u043a, \u0447\u0435\u0442\u0432\u0435\u0440\u0433 \u0438 \u0441\u0443\u0431\u0431\u043e\u0442\u0430\" \/>\n<meta property=\"og:url\" content=\"https:\/\/skyline-gs.com\/hu\/termek\/cappadocia-2-days-side\/\" \/>\n<meta property=\"og:site_name\" content=\"\u042d\u043a\u0441\u043a\u0443\u0440\u0441\u0438\u0438 Skyline\" \/>\n<meta property=\"article:modified_time\" content=\"2024-10-21T20:24:56+00:00\" \/>\n<meta property=\"og:image\" content=\"https:\/\/skyline-gs.com\/wp-content\/uploads\/2022\/07\/4-58.png\" \/>\n\t<meta property=\"og:image:width\" content=\"669\" \/>\n\t<meta property=\"og:image:height\" content=\"446\" \/>\n\t<meta property=\"og:image:type\" content=\"image\/png\" \/>\n<meta name=\"twitter:card\" content=\"summary_large_image\" \/>\n<meta name=\"twitter:label1\" content=\"Becs\u00fclt olvas\u00e1si id\u0151\" \/>\n\t<meta name=\"twitter:data1\" content=\"3 perc\" \/>\n<script type=\"application\/ld+json\" class=\"yoast-schema-graph\">{\"@context\":\"https:\\\/\\\/schema.org\",\"@graph\":[{\"@type\":\"WebPage\",\"@id\":\"https:\\\/\\\/skyline-gs.com\\\/product\\\/cappadocia-2-days-side\\\/\",\"url\":\"https:\\\/\\\/skyline-gs.com\\\/product\\\/cappadocia-2-days-side\\\/\",\"name\":\"\u041a\u0430\u043f\u043f\u0430\u0434\u043e\u043a\u0438\u044f 2 \u0434\u043d\u044f &#8226; \u042d\u043a\u0441\u043a\u0443\u0440\u0441\u0438\u0438 Skyline\",\"isPartOf\":{\"@id\":\"https:\\\/\\\/skyline-gs.com\\\/it\\\/#website\"},\"primaryImageOfPage\":{\"@id\":\"https:\\\/\\\/skyline-gs.com\\\/product\\\/cappadocia-2-days-side\\\/#primaryimage\"},\"image\":{\"@id\":\"https:\\\/\\\/skyline-gs.com\\\/product\\\/cappadocia-2-days-side\\\/#primaryimage\"},\"thumbnailUrl\":\"https:\\\/\\\/skyline-gs.com\\\/wp-content\\\/uploads\\\/2022\\\/07\\\/4-58.png\",\"datePublished\":\"2022-07-16T22:12:18+00:00\",\"dateModified\":\"2024-10-21T20:24:56+00:00\",\"breadcrumb\":{\"@id\":\"https:\\\/\\\/skyline-gs.com\\\/product\\\/cappadocia-2-days-side\\\/#breadcrumb\"},\"inLanguage\":\"hu\",\"potentialAction\":[{\"@type\":\"ReadAction\",\"target\":[\"https:\\\/\\\/skyline-gs.com\\\/product\\\/cappadocia-2-days-side\\\/\"]}]},{\"@type\":\"ImageObject\",\"inLanguage\":\"hu\",\"@id\":\"https:\\\/\\\/skyline-gs.com\\\/product\\\/cappadocia-2-days-side\\\/#primaryimage\",\"url\":\"https:\\\/\\\/skyline-gs.com\\\/wp-content\\\/uploads\\\/2022\\\/07\\\/4-58.png\",\"contentUrl\":\"https:\\\/\\\/skyline-gs.com\\\/wp-content\\\/uploads\\\/2022\\\/07\\\/4-58.png\",\"width\":669,\"height\":446},{\"@type\":\"BreadcrumbList\",\"@id\":\"https:\\\/\\\/skyline-gs.com\\\/product\\\/cappadocia-2-days-side\\\/#breadcrumb\",\"itemListElement\":[{\"@type\":\"ListItem\",\"position\":1,\"name\":\"\u0413\u043b\u0430\u0432\u043d\u0430\u044f \u0441\u0442\u0440\u0430\u043d\u0438\u0446\u0430\",\"item\":\"https:\\\/\\\/skyline-gs.com\\\/hu\\\/\"},{\"@type\":\"ListItem\",\"position\":2,\"name\":\"\u041c\u0430\u0433\u0430\u0437\u0438\u043d\",\"item\":\"https:\\\/\\\/skyline-gs.com\\\/cs\\\/shop\\\/\"},{\"@type\":\"ListItem\",\"position\":3,\"name\":\"\u041a\u0430\u043f\u043f\u0430\u0434\u043e\u043a\u0438\u044f 2 \u0434\u043d\u044f\"}]},{\"@type\":\"WebSite\",\"@id\":\"https:\\\/\\\/skyline-gs.com\\\/it\\\/#website\",\"url\":\"https:\\\/\\\/skyline-gs.com\\\/it\\\/\",\"name\":\"\u042d\u043a\u0441\u043a\u0443\u0440\u0441\u0438\u0438 Skyline\",\"description\":\"\u042d\u043a\u0441\u043a\u043b\u044e\u0437\u0438\u0432\u043d\u044b\u0435 \u044d\u043a\u0441\u043a\u0443\u0440\u0441\u0438\u0438 \u043d\u0430 \u043b\u0443\u0447\u0448\u0438\u0445 \u043a\u0443\u0440\u043e\u0440\u0442\u0430\u0445 \u043c\u0438\u0440\u0430\",\"publisher\":{\"@id\":\"https:\\\/\\\/skyline-gs.com\\\/it\\\/#organization\"},\"alternateName\":\"Skyline\",\"potentialAction\":[{\"@type\":\"SearchAction\",\"target\":{\"@type\":\"EntryPoint\",\"urlTemplate\":\"https:\\\/\\\/skyline-gs.com\\\/it\\\/?s={search_term_string}\"},\"query-input\":{\"@type\":\"PropertyValueSpecification\",\"valueRequired\":true,\"valueName\":\"search_term_string\"}}],\"inLanguage\":\"hu\"},{\"@type\":\"Organization\",\"@id\":\"https:\\\/\\\/skyline-gs.com\\\/it\\\/#organization\",\"name\":\"\u042d\u043a\u0441\u043a\u0443\u0440\u0441\u0438\u0438 Skyline\",\"alternateName\":\"\u042d\u043a\u0441\u043a\u0443\u0440\u0441\u0438\u0438 Skyline\",\"url\":\"https:\\\/\\\/skyline-gs.com\\\/it\\\/\",\"logo\":{\"@type\":\"ImageObject\",\"inLanguage\":\"hu\",\"@id\":\"https:\\\/\\\/skyline-gs.com\\\/it\\\/#\\\/schema\\\/logo\\\/image\\\/\",\"url\":\"https:\\\/\\\/skyline-gs.com\\\/wp-content\\\/uploads\\\/2020\\\/12\\\/cropped-logo-2.png\",\"contentUrl\":\"https:\\\/\\\/skyline-gs.com\\\/wp-content\\\/uploads\\\/2020\\\/12\\\/cropped-logo-2.png\",\"width\":512,\"height\":512,\"caption\":\"\u042d\u043a\u0441\u043a\u0443\u0440\u0441\u0438\u0438 Skyline\"},\"image\":{\"@id\":\"https:\\\/\\\/skyline-gs.com\\\/it\\\/#\\\/schema\\\/logo\\\/image\\\/\"},\"sameAs\":[\"https:\\\/\\\/www.instagram.com\\\/skylineglobalservice\\\/\"]}]}<\/script>\n<!-- \/ Yoast SEO plugin. -->","yoast_head_json":{"title":"\u041a\u0430\u043f\u043f\u0430\u0434\u043e\u043a\u0438\u044f 2 \u0434\u043d\u044f &#8226; \u042d\u043a\u0441\u043a\u0443\u0440\u0441\u0438\u0438 Skyline","robots":{"index":"index","follow":"follow","max-snippet":"max-snippet:-1","max-image-preview":"max-image-preview:large","max-video-preview":"max-video-preview:-1"},"canonical":"https:\/\/skyline-gs.com\/hu\/termek\/cappadocia-2-days-side\/","og_locale":"hu_HU","og_type":"article","og_title":"\u041a\u0430\u043f\u043f\u0430\u0434\u043e\u043a\u0438\u044f 2 \u0434\u043d\u044f &#8226; \u042d\u043a\u0441\u043a\u0443\u0440\u0441\u0438\u0438 Skyline","og_description":"\u0412\u0440\u0435\u043c\u044f \u0442\u0443\u0440\u0430: 6:00 \u2013 19:00  \u0414\u043d\u0438 \u043f\u0440\u043e\u0432\u0435\u0434\u0435\u043d\u0438\u044f: \u043f\u043e\u043d\u0435\u0434\u0435\u043b\u044c\u043d\u0438\u043a, \u0447\u0435\u0442\u0432\u0435\u0440\u0433 \u0438 \u0441\u0443\u0431\u0431\u043e\u0442\u0430","og_url":"https:\/\/skyline-gs.com\/hu\/termek\/cappadocia-2-days-side\/","og_site_name":"\u042d\u043a\u0441\u043a\u0443\u0440\u0441\u0438\u0438 Skyline","article_modified_time":"2024-10-21T20:24:56+00:00","og_image":[{"width":669,"height":446,"url":"https:\/\/skyline-gs.com\/wp-content\/uploads\/2022\/07\/4-58.png","type":"image\/png"}],"twitter_card":"summary_large_image","twitter_misc":{"Becs\u00fclt olvas\u00e1si id\u0151":"3 perc"},"schema":{"@context":"https:\/\/schema.org","@graph":[{"@type":"WebPage","@id":"https:\/\/skyline-gs.com\/product\/cappadocia-2-days-side\/","url":"https:\/\/skyline-gs.com\/product\/cappadocia-2-days-side\/","name":"\u041a\u0430\u043f\u043f\u0430\u0434\u043e\u043a\u0438\u044f 2 \u0434\u043d\u044f &#8226; \u042d\u043a\u0441\u043a\u0443\u0440\u0441\u0438\u0438 Skyline","isPartOf":{"@id":"https:\/\/skyline-gs.com\/it\/#website"},"primaryImageOfPage":{"@id":"https:\/\/skyline-gs.com\/product\/cappadocia-2-days-side\/#primaryimage"},"image":{"@id":"https:\/\/skyline-gs.com\/product\/cappadocia-2-days-side\/#primaryimage"},"thumbnailUrl":"https:\/\/skyline-gs.com\/wp-content\/uploads\/2022\/07\/4-58.png","datePublished":"2022-07-16T22:12:18+00:00","dateModified":"2024-10-21T20:24:56+00:00","breadcrumb":{"@id":"https:\/\/skyline-gs.com\/product\/cappadocia-2-days-side\/#breadcrumb"},"inLanguage":"hu","potentialAction":[{"@type":"ReadAction","target":["https:\/\/skyline-gs.com\/product\/cappadocia-2-days-side\/"]}]},{"@type":"ImageObject","inLanguage":"hu","@id":"https:\/\/skyline-gs.com\/product\/cappadocia-2-days-side\/#primaryimage","url":"https:\/\/skyline-gs.com\/wp-content\/uploads\/2022\/07\/4-58.png","contentUrl":"https:\/\/skyline-gs.com\/wp-content\/uploads\/2022\/07\/4-58.png","width":669,"height":446},{"@type":"BreadcrumbList","@id":"https:\/\/skyline-gs.com\/product\/cappadocia-2-days-side\/#breadcrumb","itemListElement":[{"@type":"ListItem","position":1,"name":"\u0413\u043b\u0430\u0432\u043d\u0430\u044f \u0441\u0442\u0440\u0430\u043d\u0438\u0446\u0430","item":"https:\/\/skyline-gs.com\/hu\/"},{"@type":"ListItem","position":2,"name":"\u041c\u0430\u0433\u0430\u0437\u0438\u043d","item":"https:\/\/skyline-gs.com\/cs\/shop\/"},{"@type":"ListItem","position":3,"name":"\u041a\u0430\u043f\u043f\u0430\u0434\u043e\u043a\u0438\u044f 2 \u0434\u043d\u044f"}]},{"@type":"WebSite","@id":"https:\/\/skyline-gs.com\/it\/#website","url":"https:\/\/skyline-gs.com\/it\/","name":"Skyline T\u00far\u00e1k","description":"Exkluz\u00edv kir\u00e1ndul\u00e1sok a vil\u00e1g legjobb \u00fcd\u00fcl\u0151helyein","publisher":{"@id":"https:\/\/skyline-gs.com\/it\/#organization"},"alternateName":"Skyline","potentialAction":[{"@type":"SearchAction","target":{"@type":"EntryPoint","urlTemplate":"https:\/\/skyline-gs.com\/it\/?s={search_term_string}"},"query-input":{"@type":"PropertyValueSpecification","valueRequired":true,"valueName":"search_term_string"}}],"inLanguage":"hu"},{"@type":"Organization","@id":"https:\/\/skyline-gs.com\/it\/#organization","name":"Skyline T\u00far\u00e1k","alternateName":"\u042d\u043a\u0441\u043a\u0443\u0440\u0441\u0438\u0438 Skyline","url":"https:\/\/skyline-gs.com\/it\/","logo":{"@type":"ImageObject","inLanguage":"hu","@id":"https:\/\/skyline-gs.com\/it\/#\/schema\/logo\/image\/","url":"https:\/\/skyline-gs.com\/wp-content\/uploads\/2020\/12\/cropped-logo-2.png","contentUrl":"https:\/\/skyline-gs.com\/wp-content\/uploads\/2020\/12\/cropped-logo-2.png","width":512,"height":512,"caption":"\u042d\u043a\u0441\u043a\u0443\u0440\u0441\u0438\u0438 Skyline"},"image":{"@id":"https:\/\/skyline-gs.com\/it\/#\/schema\/logo\/image\/"},"sameAs":["https:\/\/www.instagram.com\/skylineglobalservice\/"]}]}},"_links":{"self":[{"href":"https:\/\/skyline-gs.com\/hu\/wp-json\/wp\/v2\/product\/38689","targetHints":{"allow":["GET"]}}],"collection":[{"href":"https:\/\/skyline-gs.com\/hu\/wp-json\/wp\/v2\/product"}],"about":[{"href":"https:\/\/skyline-gs.com\/hu\/wp-json\/wp\/v2\/types\/product"}],"version-history":[{"count":0,"href":"https:\/\/skyline-gs.com\/hu\/wp-json\/wp\/v2\/product\/38689\/revisions"}],"wp:featuredmedia":[{"embeddable":true,"href":"https:\/\/skyline-gs.com\/hu\/wp-json\/wp\/v2\/media\/41915"}],"wp:attachment":[{"href":"https:\/\/skyline-gs.com\/hu\/wp-json\/wp\/v2\/media?parent=38689"}],"wp:term":[{"taxonomy":"product_brand","embeddable":true,"href":"https:\/\/skyline-gs.com\/hu\/wp-json\/wp\/v2\/product_brand?post=38689"},{"taxonomy":"product_cat","embeddable":true,"href":"https:\/\/skyline-gs.com\/hu\/wp-json\/wp\/v2\/product_cat?post=38689"},{"taxonomy":"product_tag","embeddable":true,"href":"https:\/\/skyline-gs.com\/hu\/wp-json\/wp\/v2\/product_tag?post=38689"}],"curies":[{"name":"wp","href":"https:\/\/api.w.org\/{rel}","templated":true}]}}