{"id":38341,"date":"2022-07-15T23:26:09","date_gmt":"2022-07-15T21:26:09","guid":{"rendered":"http:\/\/skyline-gs.com\/?post_type=product&#038;p=38341"},"modified":"2025-05-06T17:17:55","modified_gmt":"2025-05-06T15:17:55","slug":"jeep-safari-side","status":"publish","type":"product","link":"https:\/\/skyline-gs.com\/hu\/product\/jeep-safari-side\/","title":{"rendered":"Jeep szafari"},"content":{"rendered":"<p>9:00 indul\u00e1s a sz\u00e1llod\u00e1b\u00f3l. \u00d6sszegy\u0171jt\u00e9s \u00e9s indul\u00e1s a dzsipszafari kiindul\u00f3pontj\u00e1r\u00f3l. \u0150si mecset - a n\u0151k sz\u00e1m\u00e1ra a bel\u00e9p\u00e9shez sz\u00fcks\u00e9ges ruh\u00e1zatot fel\u00e1r n\u00e9lk\u00fcl biztos\u00edtjuk. V\u00edzvezet\u00e9k-t\u00fara. Meg\u00e1ll\u00e1s egy faluban - ismerked\u00e9s a kult\u00far\u00e1val \u00e9s a szok\u00e1sokkal. Nom\u00e1dok \u00e9s aulok. Gy\u00fcm\u00f6lcsf\u00e1kb\u00f3l \u00e1ll\u00f3 kertek. \u00c1llatkert a hegyekben - ismerked\u00e9s az \u00e1llatvil\u00e1g k\u00e9pvisel\u0151ivel. Eb\u00e9d a Z\u00f6ld-t\u00f3 melletti \u00e9tteremben. Lehet\u0151s\u00e9g a strandon val\u00f3 pihen\u00e9sre \u00e9s a v\u00edzt\u00e1roz\u00f3ban val\u00f3 \u00fasz\u00e1sra. Fot\u00f3meg\u00e1ll\u00e1s gy\u00f6ny\u00f6r\u0171 helyeken. 16:00 Visszat\u00e9r\u00e9s a sz\u00e1llod\u00e1ba.<\/p>\n<p><strong>Tartalmazza:<\/strong><\/p>\n<ul>\n<li>Transzfer a sz\u00e1llod\u00e1b\u00f3l \u00e9s a sz\u00e1llod\u00e1ba<\/li>\n<li>Program transzferek dzsippel<\/li>\n<li>Magyarul besz\u00e9l\u0151 idegenvezet\u0151<\/li>\n<li>Eb\u00e9d<\/li>\n<li>Biztos\u00edt\u00e1s<\/li>\n<\/ul>\n<p><strong>Nem tartalmazza:<\/strong><\/p>\n<ul>\n<li>Bej\u00e1rat az \u00e1llatkertbe<\/li>\n<li>Italok<\/li>\n<\/ul>\n<p><strong>Vigy\u00e9l magaddal:<\/strong><\/p>\n<ul>\n<li>T\u00f6r\u00fclk\u00f6z\u0151<\/li>\n<li>V\u00edz<\/li>\n<li>F\u00fcrd\u0151ruha, \u00fasz\u00f3nadr\u00e1g<\/li>\n<li>Napszem\u00fcveg<\/li>\n<li>F\u00e9nyv\u00e9d\u0151 kr\u00e9m<\/li>\n<li>Fejd\u00edsz<\/li>\n<li>Olyan ruh\u00e1t viseljen, ami nem b\u00e1nja, hogy koszos lesz terepez\u00e9s k\u00f6zben.<\/li>\n<\/ul>","protected":false},"excerpt":{"rendered":"<p><strong>Kir\u00e1ndul\u00e1s Id\u0151pontja:<\/strong> 9:00 \u2014 16:00<\/p>\n<p><strong>A Kir\u00e1ndul\u00e1s Napjai:<\/strong> Naponta<\/p>","protected":false},"featured_media":38353,"template":"","meta":{"_kad_post_transparent":"default","_kad_post_title":"","_kad_post_layout":"default","_kad_post_sidebar_id":"","_kad_post_content_style":"default","_kad_post_vertical_padding":"default","_kad_post_feature":"","_kad_post_feature_position":"","_kad_post_header":false,"_kad_post_footer":false,"_kad_post_classname":"","_glsr_average":0,"_glsr_ranking":0,"_glsr_reviews":0},"product_brand":[],"product_cat":[446],"product_tag":[],"class_list":{"0":"post-38341","1":"product","2":"type-product","3":"status-publish","4":"has-post-thumbnail","6":"product_cat-side","7":"tm-has-options","9":"first","10":"instock","11":"sold-individually","12":"taxable","13":"shipping-taxable","14":"purchasable","15":"product-type-simple","16":"entry","17":"content-bg","18":"loop-entry"},"yoast_head":"<!-- This site is optimized with the Yoast SEO plugin v27.3 - https:\/\/yoast.com\/product\/yoast-seo-wordpress\/ -->\n<title>\u0414\u0436\u0438\u043f-\u0441\u0430\u0444\u0430\u0440\u0438 &#8226; \u042d\u043a\u0441\u043a\u0443\u0440\u0441\u0438\u0438 Skyline<\/title>\n<meta name=\"robots\" content=\"index, follow, max-snippet:-1, max-image-preview:large, max-video-preview:-1\" \/>\n<link rel=\"canonical\" href=\"https:\/\/skyline-gs.com\/hu\/termek\/jeep-safari-side\/\" \/>\n<meta property=\"og:locale\" content=\"hu_HU\" \/>\n<meta property=\"og:type\" content=\"article\" \/>\n<meta property=\"og:title\" content=\"\u0414\u0436\u0438\u043f-\u0441\u0430\u0444\u0430\u0440\u0438 &#8226; \u042d\u043a\u0441\u043a\u0443\u0440\u0441\u0438\u0438 Skyline\" \/>\n<meta property=\"og:description\" content=\"\u0412\u0440\u0435\u043c\u044f \u0442\u0443\u0440\u0430: 9:00 - 16:00  \u0414\u043d\u0438 \u043f\u0440\u043e\u0432\u0435\u0434\u0435\u043d\u0438\u044f: \u0435\u0436\u0435\u0434\u043d\u0435\u0432\u043d\u043e\" \/>\n<meta property=\"og:url\" content=\"https:\/\/skyline-gs.com\/hu\/termek\/jeep-safari-side\/\" \/>\n<meta property=\"og:site_name\" content=\"\u042d\u043a\u0441\u043a\u0443\u0440\u0441\u0438\u0438 Skyline\" \/>\n<meta property=\"article:modified_time\" content=\"2025-05-06T15:17:55+00:00\" \/>\n<meta property=\"og:image\" content=\"https:\/\/skyline-gs.com\/wp-content\/uploads\/2022\/07\/Kartinki-dlya-sajta.png\" \/>\n\t<meta property=\"og:image:width\" content=\"669\" \/>\n\t<meta property=\"og:image:height\" content=\"446\" \/>\n\t<meta property=\"og:image:type\" content=\"image\/png\" \/>\n<meta name=\"twitter:card\" content=\"summary_large_image\" \/>\n<meta name=\"twitter:label1\" content=\"Becs\u00fclt olvas\u00e1si id\u0151\" \/>\n\t<meta name=\"twitter:data1\" content=\"1 perc\" \/>\n<script type=\"application\/ld+json\" class=\"yoast-schema-graph\">{\"@context\":\"https:\\\/\\\/schema.org\",\"@graph\":[{\"@type\":\"WebPage\",\"@id\":\"https:\\\/\\\/skyline-gs.com\\\/fr\\\/produit\\\/jeep-safari-side\\\/\",\"url\":\"https:\\\/\\\/skyline-gs.com\\\/fr\\\/produit\\\/jeep-safari-side\\\/\",\"name\":\"\u0414\u0436\u0438\u043f-\u0441\u0430\u0444\u0430\u0440\u0438 &#8226; \u042d\u043a\u0441\u043a\u0443\u0440\u0441\u0438\u0438 Skyline\",\"isPartOf\":{\"@id\":\"https:\\\/\\\/skyline-gs.com\\\/it\\\/#website\"},\"primaryImageOfPage\":{\"@id\":\"https:\\\/\\\/skyline-gs.com\\\/fr\\\/produit\\\/jeep-safari-side\\\/#primaryimage\"},\"image\":{\"@id\":\"https:\\\/\\\/skyline-gs.com\\\/fr\\\/produit\\\/jeep-safari-side\\\/#primaryimage\"},\"thumbnailUrl\":\"https:\\\/\\\/skyline-gs.com\\\/wp-content\\\/uploads\\\/2022\\\/07\\\/Kartinki-dlya-sajta.png\",\"datePublished\":\"2022-07-15T21:26:09+00:00\",\"dateModified\":\"2025-05-06T15:17:55+00:00\",\"breadcrumb\":{\"@id\":\"https:\\\/\\\/skyline-gs.com\\\/fr\\\/produit\\\/jeep-safari-side\\\/#breadcrumb\"},\"inLanguage\":\"hu\",\"potentialAction\":[{\"@type\":\"ReadAction\",\"target\":[\"https:\\\/\\\/skyline-gs.com\\\/fr\\\/produit\\\/jeep-safari-side\\\/\"]}]},{\"@type\":\"ImageObject\",\"inLanguage\":\"hu\",\"@id\":\"https:\\\/\\\/skyline-gs.com\\\/fr\\\/produit\\\/jeep-safari-side\\\/#primaryimage\",\"url\":\"https:\\\/\\\/skyline-gs.com\\\/wp-content\\\/uploads\\\/2022\\\/07\\\/Kartinki-dlya-sajta.png\",\"contentUrl\":\"https:\\\/\\\/skyline-gs.com\\\/wp-content\\\/uploads\\\/2022\\\/07\\\/Kartinki-dlya-sajta.png\",\"width\":669,\"height\":446},{\"@type\":\"BreadcrumbList\",\"@id\":\"https:\\\/\\\/skyline-gs.com\\\/fr\\\/produit\\\/jeep-safari-side\\\/#breadcrumb\",\"itemListElement\":[{\"@type\":\"ListItem\",\"position\":1,\"name\":\"\u0413\u043b\u0430\u0432\u043d\u0430\u044f \u0441\u0442\u0440\u0430\u043d\u0438\u0446\u0430\",\"item\":\"https:\\\/\\\/skyline-gs.com\\\/hu\\\/\"},{\"@type\":\"ListItem\",\"position\":2,\"name\":\"\u041c\u0430\u0433\u0430\u0437\u0438\u043d\",\"item\":\"https:\\\/\\\/skyline-gs.com\\\/cs\\\/shop\\\/\"},{\"@type\":\"ListItem\",\"position\":3,\"name\":\"\u0414\u0436\u0438\u043f-\u0441\u0430\u0444\u0430\u0440\u0438\"}]},{\"@type\":\"WebSite\",\"@id\":\"https:\\\/\\\/skyline-gs.com\\\/it\\\/#website\",\"url\":\"https:\\\/\\\/skyline-gs.com\\\/it\\\/\",\"name\":\"\u042d\u043a\u0441\u043a\u0443\u0440\u0441\u0438\u0438 Skyline\",\"description\":\"\u042d\u043a\u0441\u043a\u043b\u044e\u0437\u0438\u0432\u043d\u044b\u0435 \u044d\u043a\u0441\u043a\u0443\u0440\u0441\u0438\u0438 \u043d\u0430 \u043b\u0443\u0447\u0448\u0438\u0445 \u043a\u0443\u0440\u043e\u0440\u0442\u0430\u0445 \u043c\u0438\u0440\u0430\",\"publisher\":{\"@id\":\"https:\\\/\\\/skyline-gs.com\\\/it\\\/#organization\"},\"alternateName\":\"Skyline\",\"potentialAction\":[{\"@type\":\"SearchAction\",\"target\":{\"@type\":\"EntryPoint\",\"urlTemplate\":\"https:\\\/\\\/skyline-gs.com\\\/it\\\/?s={search_term_string}\"},\"query-input\":{\"@type\":\"PropertyValueSpecification\",\"valueRequired\":true,\"valueName\":\"search_term_string\"}}],\"inLanguage\":\"hu\"},{\"@type\":\"Organization\",\"@id\":\"https:\\\/\\\/skyline-gs.com\\\/it\\\/#organization\",\"name\":\"\u042d\u043a\u0441\u043a\u0443\u0440\u0441\u0438\u0438 Skyline\",\"alternateName\":\"\u042d\u043a\u0441\u043a\u0443\u0440\u0441\u0438\u0438 Skyline\",\"url\":\"https:\\\/\\\/skyline-gs.com\\\/it\\\/\",\"logo\":{\"@type\":\"ImageObject\",\"inLanguage\":\"hu\",\"@id\":\"https:\\\/\\\/skyline-gs.com\\\/it\\\/#\\\/schema\\\/logo\\\/image\\\/\",\"url\":\"https:\\\/\\\/skyline-gs.com\\\/wp-content\\\/uploads\\\/2020\\\/12\\\/cropped-logo-2.png\",\"contentUrl\":\"https:\\\/\\\/skyline-gs.com\\\/wp-content\\\/uploads\\\/2020\\\/12\\\/cropped-logo-2.png\",\"width\":512,\"height\":512,\"caption\":\"\u042d\u043a\u0441\u043a\u0443\u0440\u0441\u0438\u0438 Skyline\"},\"image\":{\"@id\":\"https:\\\/\\\/skyline-gs.com\\\/it\\\/#\\\/schema\\\/logo\\\/image\\\/\"},\"sameAs\":[\"https:\\\/\\\/www.instagram.com\\\/skylineglobalservice\\\/\"]}]}<\/script>\n<!-- \/ Yoast SEO plugin. -->","yoast_head_json":{"title":"\u0414\u0436\u0438\u043f-\u0441\u0430\u0444\u0430\u0440\u0438 &#8226; \u042d\u043a\u0441\u043a\u0443\u0440\u0441\u0438\u0438 Skyline","robots":{"index":"index","follow":"follow","max-snippet":"max-snippet:-1","max-image-preview":"max-image-preview:large","max-video-preview":"max-video-preview:-1"},"canonical":"https:\/\/skyline-gs.com\/hu\/termek\/jeep-safari-side\/","og_locale":"hu_HU","og_type":"article","og_title":"\u0414\u0436\u0438\u043f-\u0441\u0430\u0444\u0430\u0440\u0438 &#8226; \u042d\u043a\u0441\u043a\u0443\u0440\u0441\u0438\u0438 Skyline","og_description":"\u0412\u0440\u0435\u043c\u044f \u0442\u0443\u0440\u0430: 9:00 - 16:00  \u0414\u043d\u0438 \u043f\u0440\u043e\u0432\u0435\u0434\u0435\u043d\u0438\u044f: \u0435\u0436\u0435\u0434\u043d\u0435\u0432\u043d\u043e","og_url":"https:\/\/skyline-gs.com\/hu\/termek\/jeep-safari-side\/","og_site_name":"\u042d\u043a\u0441\u043a\u0443\u0440\u0441\u0438\u0438 Skyline","article_modified_time":"2025-05-06T15:17:55+00:00","og_image":[{"width":669,"height":446,"url":"https:\/\/skyline-gs.com\/wp-content\/uploads\/2022\/07\/Kartinki-dlya-sajta.png","type":"image\/png"}],"twitter_card":"summary_large_image","twitter_misc":{"Becs\u00fclt olvas\u00e1si id\u0151":"1 perc"},"schema":{"@context":"https:\/\/schema.org","@graph":[{"@type":"WebPage","@id":"https:\/\/skyline-gs.com\/fr\/produit\/jeep-safari-side\/","url":"https:\/\/skyline-gs.com\/fr\/produit\/jeep-safari-side\/","name":"\u0414\u0436\u0438\u043f-\u0441\u0430\u0444\u0430\u0440\u0438 &#8226; \u042d\u043a\u0441\u043a\u0443\u0440\u0441\u0438\u0438 Skyline","isPartOf":{"@id":"https:\/\/skyline-gs.com\/it\/#website"},"primaryImageOfPage":{"@id":"https:\/\/skyline-gs.com\/fr\/produit\/jeep-safari-side\/#primaryimage"},"image":{"@id":"https:\/\/skyline-gs.com\/fr\/produit\/jeep-safari-side\/#primaryimage"},"thumbnailUrl":"https:\/\/skyline-gs.com\/wp-content\/uploads\/2022\/07\/Kartinki-dlya-sajta.png","datePublished":"2022-07-15T21:26:09+00:00","dateModified":"2025-05-06T15:17:55+00:00","breadcrumb":{"@id":"https:\/\/skyline-gs.com\/fr\/produit\/jeep-safari-side\/#breadcrumb"},"inLanguage":"hu","potentialAction":[{"@type":"ReadAction","target":["https:\/\/skyline-gs.com\/fr\/produit\/jeep-safari-side\/"]}]},{"@type":"ImageObject","inLanguage":"hu","@id":"https:\/\/skyline-gs.com\/fr\/produit\/jeep-safari-side\/#primaryimage","url":"https:\/\/skyline-gs.com\/wp-content\/uploads\/2022\/07\/Kartinki-dlya-sajta.png","contentUrl":"https:\/\/skyline-gs.com\/wp-content\/uploads\/2022\/07\/Kartinki-dlya-sajta.png","width":669,"height":446},{"@type":"BreadcrumbList","@id":"https:\/\/skyline-gs.com\/fr\/produit\/jeep-safari-side\/#breadcrumb","itemListElement":[{"@type":"ListItem","position":1,"name":"\u0413\u043b\u0430\u0432\u043d\u0430\u044f \u0441\u0442\u0440\u0430\u043d\u0438\u0446\u0430","item":"https:\/\/skyline-gs.com\/hu\/"},{"@type":"ListItem","position":2,"name":"\u041c\u0430\u0433\u0430\u0437\u0438\u043d","item":"https:\/\/skyline-gs.com\/cs\/shop\/"},{"@type":"ListItem","position":3,"name":"\u0414\u0436\u0438\u043f-\u0441\u0430\u0444\u0430\u0440\u0438"}]},{"@type":"WebSite","@id":"https:\/\/skyline-gs.com\/it\/#website","url":"https:\/\/skyline-gs.com\/it\/","name":"Skyline T\u00far\u00e1k","description":"Exkluz\u00edv kir\u00e1ndul\u00e1sok a vil\u00e1g legjobb \u00fcd\u00fcl\u0151helyein","publisher":{"@id":"https:\/\/skyline-gs.com\/it\/#organization"},"alternateName":"Skyline","potentialAction":[{"@type":"SearchAction","target":{"@type":"EntryPoint","urlTemplate":"https:\/\/skyline-gs.com\/it\/?s={search_term_string}"},"query-input":{"@type":"PropertyValueSpecification","valueRequired":true,"valueName":"search_term_string"}}],"inLanguage":"hu"},{"@type":"Organization","@id":"https:\/\/skyline-gs.com\/it\/#organization","name":"Skyline T\u00far\u00e1k","alternateName":"\u042d\u043a\u0441\u043a\u0443\u0440\u0441\u0438\u0438 Skyline","url":"https:\/\/skyline-gs.com\/it\/","logo":{"@type":"ImageObject","inLanguage":"hu","@id":"https:\/\/skyline-gs.com\/it\/#\/schema\/logo\/image\/","url":"https:\/\/skyline-gs.com\/wp-content\/uploads\/2020\/12\/cropped-logo-2.png","contentUrl":"https:\/\/skyline-gs.com\/wp-content\/uploads\/2020\/12\/cropped-logo-2.png","width":512,"height":512,"caption":"\u042d\u043a\u0441\u043a\u0443\u0440\u0441\u0438\u0438 Skyline"},"image":{"@id":"https:\/\/skyline-gs.com\/it\/#\/schema\/logo\/image\/"},"sameAs":["https:\/\/www.instagram.com\/skylineglobalservice\/"]}]}},"_links":{"self":[{"href":"https:\/\/skyline-gs.com\/hu\/wp-json\/wp\/v2\/product\/38341","targetHints":{"allow":["GET"]}}],"collection":[{"href":"https:\/\/skyline-gs.com\/hu\/wp-json\/wp\/v2\/product"}],"about":[{"href":"https:\/\/skyline-gs.com\/hu\/wp-json\/wp\/v2\/types\/product"}],"version-history":[{"count":0,"href":"https:\/\/skyline-gs.com\/hu\/wp-json\/wp\/v2\/product\/38341\/revisions"}],"wp:featuredmedia":[{"embeddable":true,"href":"https:\/\/skyline-gs.com\/hu\/wp-json\/wp\/v2\/media\/38353"}],"wp:attachment":[{"href":"https:\/\/skyline-gs.com\/hu\/wp-json\/wp\/v2\/media?parent=38341"}],"wp:term":[{"taxonomy":"product_brand","embeddable":true,"href":"https:\/\/skyline-gs.com\/hu\/wp-json\/wp\/v2\/product_brand?post=38341"},{"taxonomy":"product_cat","embeddable":true,"href":"https:\/\/skyline-gs.com\/hu\/wp-json\/wp\/v2\/product_cat?post=38341"},{"taxonomy":"product_tag","embeddable":true,"href":"https:\/\/skyline-gs.com\/hu\/wp-json\/wp\/v2\/product_tag?post=38341"}],"curies":[{"name":"wp","href":"https:\/\/api.w.org\/{rel}","templated":true}]}}