{"id":36087,"date":"2022-02-18T12:02:18","date_gmt":"2022-02-18T10:02:18","guid":{"rendered":"http:\/\/skyline-gs.com\/?post_type=product&#038;p=36087"},"modified":"2025-10-04T09:05:32","modified_gmt":"2025-10-04T07:05:32","slug":"firefly-river-monkey-langurs-batu-caves-kualalumpur","status":"publish","type":"product","link":"https:\/\/skyline-gs.com\/hu\/product\/firefly-river-monkey-langurs-batu-caves-kualalumpur\/","title":{"rendered":"Szitak\u00f6t\u0151 Foly\u00f3. Langur Majmok. Batu Barlangok \u2022 SKYLINE"},"content":{"rendered":"<ul>\n<li>Batu-barlangok<\/li>\n<li>Melawati Fort Selangor \u00e1llam<\/li>\n<li>Ez\u00fcst langur majmok etet\u00e9se<\/li>\n<li>Haj\u00f3kir\u00e1ndul\u00e1s a foly\u00f3n \u00e9s szentj\u00e1nosbog\u00e1r megfigyel\u00e9s<\/li>\n<\/ul>\n<p>16:00 indul\u00e1s a sz\u00e1llod\u00e1b\u00f3l. Kezdetnek a Batu-barlangokhoz aut\u00f3zunk, biztosan hallott\u00e1l m\u00e1r r\u00f3luk! Felfedezz\u00fck a Batu-barlangok fantasztikus vil\u00e1g\u00e1t, amelyek k\u00f6r\u00fclbel\u00fcl 400 milli\u00f3 \u00e9vesek. A barlangok belsej\u00e9ben sz\u00e1mos csod\u00e1latos templom \u00e9s szent\u00e9ly tal\u00e1lhat\u00f3, amelyek hihetetlen hangulatot \u00e1rasztanak. A barlangok l\u00e1b\u00e1n\u00e1l egy hatalmas, 42 m\u00e9ter magas arany Buddha fogadja majd. Itt minden nap vall\u00e1si szertart\u00e1sokat tartanak, \u00e9s t\u00f6bbet megtudhat a helyi kult\u00far\u00e1r\u00f3l. Ezut\u00e1n a Melawati-hegyen tal\u00e1lhat\u00f3 Altingsburg er\u0151d\u00f6t keresse fel, amelyet Selangor m\u00e1sodik szult\u00e1nja \u00e9p\u00edttetett. Cs\u00facs\u00e1r\u00f3l panor\u00e1m\u00e1s kil\u00e1t\u00e1s ny\u00edlik a Malakkai-\u00f6b\u00f6lre. Ez a hely az ez\u00fcstmajmok - langurok - miatt is n\u00e9pszer\u0171. A langurok nagyon bar\u00e1ts\u00e1gosak, \u00e9s k\u00e9pesek a v\u00e1llunkra \u00fclni, \u00e9s a kez\u00fcnkb\u0151l enni. Ezut\u00e1n k\u00f6vetkezik a program legfontosabb r\u00e9sze: var\u00e1zslatos haj\u00f3k\u00e1z\u00e1s a szentj\u00e1nosbogarak foly\u00f3j\u00e1n. Ez a vil\u00e1g egyik legmegbabon\u00e1z\u00f3bb l\u00e1tv\u00e1nyoss\u00e1ga, amelyhez hasonl\u00f3t csak Malajzi\u00e1ban \u00e9s a F\u00fcl\u00f6p-szigeteken tal\u00e1lunk. \u00d3ri\u00e1si szentj\u00e1nosbog\u00e1rf\u00fcz\u00e9reket l\u00e1thatsz majd k\u00f6r\u00fcl\u00f6tted. Ez a l\u00e1tv\u00e1ny garant\u00e1ltan egy \u00e9letre eml\u00e9kezetes marad. Visszautaz\u00e1s. 22:00 \u00f3ra k\u00f6r\u00fcl visszat\u00e9r\u00e9s a sz\u00e1llod\u00e1ba.<\/p>\n<p><strong>Tartalmazza:<\/strong><\/p>\n<ul>\n<li>Transzfer a sz\u00e1llod\u00e1b\u00f3l \u00e9s a sz\u00e1llod\u00e1ba<\/li>\n<li>Minden \u00fatk\u00f6zbeni transzfer<\/li>\n<li>Bel\u00e9p\u0151jegyek<\/li>\n<li>Magyarul besz\u00e9l\u0151 idegenvezet\u0151<\/li>\n<li>Haj\u00f3b\u00e9rl\u00e9s<\/li>\n<\/ul>\n<p><strong>Nem tartalmazza:<\/strong><\/p>\n<ul>\n<li>Vacsora (meg\u00e1llhatunk egy k\u00e1v\u00e9z\u00f3ban vacsor\u00e1zni, ha szeretn\u00e9)<\/li>\n<\/ul>\n<p><strong>Vigy\u00e9l magaddal:<\/strong><\/p>\n<ul>\n<li>V\u00edz<\/li>\n<li>F\u00e9nyk\u00e9pez\u0151g\u00e9p<\/li>\n<li>P\u00e9nz szem\u00e9lyes kiad\u00e1sokra<\/li>\n<\/ul>","protected":false},"excerpt":{"rendered":"<p><strong>Kir\u00e1ndul\u00e1s Id\u0151pontja:<\/strong> 16:00 - 22:00<br \/>\n<strong>A Kir\u00e1ndul\u00e1s Napjai:<\/strong> Naponta<\/p>","protected":false},"featured_media":42311,"template":"","meta":{"_kad_post_transparent":"default","_kad_post_title":"","_kad_post_layout":"default","_kad_post_sidebar_id":"","_kad_post_content_style":"default","_kad_post_vertical_padding":"default","_kad_post_feature":"","_kad_post_feature_position":"","_kad_post_header":false,"_kad_post_footer":false,"_kad_post_classname":"","_glsr_average":0,"_glsr_ranking":0,"_glsr_reviews":0},"product_brand":[],"product_cat":[439],"product_tag":[],"class_list":{"0":"post-36087","1":"product","2":"type-product","3":"status-publish","4":"has-post-thumbnail","6":"product_cat-kuala-lumpur","7":"tm-has-options","9":"first","10":"instock","11":"sale","12":"sold-individually","13":"taxable","14":"shipping-taxable","15":"purchasable","16":"product-type-simple","17":"entry","18":"content-bg","19":"loop-entry"},"yoast_head":"<!-- This site is optimized with the Yoast SEO plugin v27.3 - https:\/\/yoast.com\/product\/yoast-seo-wordpress\/ -->\n<title>\u0420\u0435\u043a\u0430 \u0441\u0432\u0435\u0442\u043b\u044f\u0447\u043a\u043e\u0432. \u041e\u0431\u0435\u0437\u044c\u044f\u043d\u044b \u041b\u0430\u043d\u0433\u0443\u0440\u044b. \u041f\u0435\u0449\u0435\u0440\u044b \u0411\u0430\u0442\u0443 &#8226; \u042d\u043a\u0441\u043a\u0443\u0440\u0441\u0438\u0438 Skyline<\/title>\n<meta name=\"robots\" content=\"index, follow, max-snippet:-1, max-image-preview:large, max-video-preview:-1\" \/>\n<link rel=\"canonical\" href=\"http:\/\/skyline-gs.com\/hu\/termek\/firefly-river-monkey-langurs-batu-caves-kualalumpur\/\" \/>\n<meta property=\"og:locale\" content=\"hu_HU\" \/>\n<meta property=\"og:type\" content=\"article\" \/>\n<meta property=\"og:title\" content=\"\u0420\u0435\u043a\u0430 \u0441\u0432\u0435\u0442\u043b\u044f\u0447\u043a\u043e\u0432. \u041e\u0431\u0435\u0437\u044c\u044f\u043d\u044b \u041b\u0430\u043d\u0433\u0443\u0440\u044b. \u041f\u0435\u0449\u0435\u0440\u044b \u0411\u0430\u0442\u0443 &#8226; \u042d\u043a\u0441\u043a\u0443\u0440\u0441\u0438\u0438 Skyline\" \/>\n<meta property=\"og:description\" content=\"\u0412\u0440\u0435\u043c\u044f \u0442\u0443\u0440\u0430: 16:00 \u2013 22:00 \u0414\u043d\u0438 \u043f\u0440\u043e\u0432\u0435\u0434\u0435\u043d\u0438\u044f: \u0435\u0436\u0435\u0434\u043d\u0435\u0432\u043d\u043e\" \/>\n<meta property=\"og:url\" content=\"http:\/\/skyline-gs.com\/hu\/termek\/firefly-river-monkey-langurs-batu-caves-kualalumpur\/\" \/>\n<meta property=\"og:site_name\" content=\"\u042d\u043a\u0441\u043a\u0443\u0440\u0441\u0438\u0438 Skyline\" \/>\n<meta property=\"article:modified_time\" content=\"2025-10-04T07:05:32+00:00\" \/>\n<meta property=\"og:image\" content=\"https:\/\/skyline-gs.com\/wp-content\/uploads\/2022\/02\/9-11.png\" \/>\n\t<meta property=\"og:image:width\" content=\"669\" \/>\n\t<meta property=\"og:image:height\" content=\"446\" \/>\n\t<meta property=\"og:image:type\" content=\"image\/png\" \/>\n<meta name=\"twitter:card\" content=\"summary_large_image\" \/>\n<meta name=\"twitter:label1\" content=\"Becs\u00fclt olvas\u00e1si id\u0151\" \/>\n\t<meta name=\"twitter:data1\" content=\"2 perc\" \/>\n<script type=\"application\/ld+json\" class=\"yoast-schema-graph\">{\"@context\":\"https:\\\/\\\/schema.org\",\"@graph\":[{\"@type\":\"WebPage\",\"@id\":\"http:\\\/\\\/skyline-gs.com\\\/cs\\\/produkt\\\/firefly-river-monkey-langurs-batu-caves-kualalumpur\\\/\",\"url\":\"http:\\\/\\\/skyline-gs.com\\\/cs\\\/produkt\\\/firefly-river-monkey-langurs-batu-caves-kualalumpur\\\/\",\"name\":\"\u0420\u0435\u043a\u0430 \u0441\u0432\u0435\u0442\u043b\u044f\u0447\u043a\u043e\u0432. \u041e\u0431\u0435\u0437\u044c\u044f\u043d\u044b \u041b\u0430\u043d\u0433\u0443\u0440\u044b. \u041f\u0435\u0449\u0435\u0440\u044b \u0411\u0430\u0442\u0443 &#8226; \u042d\u043a\u0441\u043a\u0443\u0440\u0441\u0438\u0438 Skyline\",\"isPartOf\":{\"@id\":\"https:\\\/\\\/skyline-gs.com\\\/it\\\/#website\"},\"primaryImageOfPage\":{\"@id\":\"http:\\\/\\\/skyline-gs.com\\\/cs\\\/produkt\\\/firefly-river-monkey-langurs-batu-caves-kualalumpur\\\/#primaryimage\"},\"image\":{\"@id\":\"http:\\\/\\\/skyline-gs.com\\\/cs\\\/produkt\\\/firefly-river-monkey-langurs-batu-caves-kualalumpur\\\/#primaryimage\"},\"thumbnailUrl\":\"https:\\\/\\\/skyline-gs.com\\\/wp-content\\\/uploads\\\/2022\\\/02\\\/9-11.png\",\"datePublished\":\"2022-02-18T10:02:18+00:00\",\"dateModified\":\"2025-10-04T07:05:32+00:00\",\"breadcrumb\":{\"@id\":\"http:\\\/\\\/skyline-gs.com\\\/cs\\\/produkt\\\/firefly-river-monkey-langurs-batu-caves-kualalumpur\\\/#breadcrumb\"},\"inLanguage\":\"hu\",\"potentialAction\":[{\"@type\":\"ReadAction\",\"target\":[\"http:\\\/\\\/skyline-gs.com\\\/cs\\\/produkt\\\/firefly-river-monkey-langurs-batu-caves-kualalumpur\\\/\"]}]},{\"@type\":\"ImageObject\",\"inLanguage\":\"hu\",\"@id\":\"http:\\\/\\\/skyline-gs.com\\\/cs\\\/produkt\\\/firefly-river-monkey-langurs-batu-caves-kualalumpur\\\/#primaryimage\",\"url\":\"https:\\\/\\\/skyline-gs.com\\\/wp-content\\\/uploads\\\/2022\\\/02\\\/9-11.png\",\"contentUrl\":\"https:\\\/\\\/skyline-gs.com\\\/wp-content\\\/uploads\\\/2022\\\/02\\\/9-11.png\",\"width\":669,\"height\":446},{\"@type\":\"BreadcrumbList\",\"@id\":\"http:\\\/\\\/skyline-gs.com\\\/cs\\\/produkt\\\/firefly-river-monkey-langurs-batu-caves-kualalumpur\\\/#breadcrumb\",\"itemListElement\":[{\"@type\":\"ListItem\",\"position\":1,\"name\":\"\u0413\u043b\u0430\u0432\u043d\u0430\u044f \u0441\u0442\u0440\u0430\u043d\u0438\u0446\u0430\",\"item\":\"https:\\\/\\\/skyline-gs.com\\\/hu\\\/\"},{\"@type\":\"ListItem\",\"position\":2,\"name\":\"\u041c\u0430\u0433\u0430\u0437\u0438\u043d\",\"item\":\"https:\\\/\\\/skyline-gs.com\\\/cs\\\/shop\\\/\"},{\"@type\":\"ListItem\",\"position\":3,\"name\":\"\u0420\u0435\u043a\u0430 \u0441\u0432\u0435\u0442\u043b\u044f\u0447\u043a\u043e\u0432. \u041e\u0431\u0435\u0437\u044c\u044f\u043d\u044b \u041b\u0430\u043d\u0433\u0443\u0440\u044b. \u041f\u0435\u0449\u0435\u0440\u044b \u0411\u0430\u0442\u0443\"}]},{\"@type\":\"WebSite\",\"@id\":\"https:\\\/\\\/skyline-gs.com\\\/it\\\/#website\",\"url\":\"https:\\\/\\\/skyline-gs.com\\\/it\\\/\",\"name\":\"\u042d\u043a\u0441\u043a\u0443\u0440\u0441\u0438\u0438 Skyline\",\"description\":\"\u042d\u043a\u0441\u043a\u043b\u044e\u0437\u0438\u0432\u043d\u044b\u0435 \u044d\u043a\u0441\u043a\u0443\u0440\u0441\u0438\u0438 \u043d\u0430 \u043b\u0443\u0447\u0448\u0438\u0445 \u043a\u0443\u0440\u043e\u0440\u0442\u0430\u0445 \u043c\u0438\u0440\u0430\",\"publisher\":{\"@id\":\"https:\\\/\\\/skyline-gs.com\\\/it\\\/#organization\"},\"alternateName\":\"Skyline\",\"potentialAction\":[{\"@type\":\"SearchAction\",\"target\":{\"@type\":\"EntryPoint\",\"urlTemplate\":\"https:\\\/\\\/skyline-gs.com\\\/it\\\/?s={search_term_string}\"},\"query-input\":{\"@type\":\"PropertyValueSpecification\",\"valueRequired\":true,\"valueName\":\"search_term_string\"}}],\"inLanguage\":\"hu\"},{\"@type\":\"Organization\",\"@id\":\"https:\\\/\\\/skyline-gs.com\\\/it\\\/#organization\",\"name\":\"\u042d\u043a\u0441\u043a\u0443\u0440\u0441\u0438\u0438 Skyline\",\"alternateName\":\"\u042d\u043a\u0441\u043a\u0443\u0440\u0441\u0438\u0438 Skyline\",\"url\":\"https:\\\/\\\/skyline-gs.com\\\/it\\\/\",\"logo\":{\"@type\":\"ImageObject\",\"inLanguage\":\"hu\",\"@id\":\"https:\\\/\\\/skyline-gs.com\\\/it\\\/#\\\/schema\\\/logo\\\/image\\\/\",\"url\":\"https:\\\/\\\/skyline-gs.com\\\/wp-content\\\/uploads\\\/2020\\\/12\\\/cropped-logo-2.png\",\"contentUrl\":\"https:\\\/\\\/skyline-gs.com\\\/wp-content\\\/uploads\\\/2020\\\/12\\\/cropped-logo-2.png\",\"width\":512,\"height\":512,\"caption\":\"\u042d\u043a\u0441\u043a\u0443\u0440\u0441\u0438\u0438 Skyline\"},\"image\":{\"@id\":\"https:\\\/\\\/skyline-gs.com\\\/it\\\/#\\\/schema\\\/logo\\\/image\\\/\"},\"sameAs\":[\"https:\\\/\\\/www.instagram.com\\\/skylineglobalservice\\\/\"]}]}<\/script>\n<!-- \/ Yoast SEO plugin. -->","yoast_head_json":{"title":"\u0420\u0435\u043a\u0430 \u0441\u0432\u0435\u0442\u043b\u044f\u0447\u043a\u043e\u0432. \u041e\u0431\u0435\u0437\u044c\u044f\u043d\u044b \u041b\u0430\u043d\u0433\u0443\u0440\u044b. \u041f\u0435\u0449\u0435\u0440\u044b \u0411\u0430\u0442\u0443 &#8226; \u042d\u043a\u0441\u043a\u0443\u0440\u0441\u0438\u0438 Skyline","robots":{"index":"index","follow":"follow","max-snippet":"max-snippet:-1","max-image-preview":"max-image-preview:large","max-video-preview":"max-video-preview:-1"},"canonical":"http:\/\/skyline-gs.com\/hu\/termek\/firefly-river-monkey-langurs-batu-caves-kualalumpur\/","og_locale":"hu_HU","og_type":"article","og_title":"\u0420\u0435\u043a\u0430 \u0441\u0432\u0435\u0442\u043b\u044f\u0447\u043a\u043e\u0432. \u041e\u0431\u0435\u0437\u044c\u044f\u043d\u044b \u041b\u0430\u043d\u0433\u0443\u0440\u044b. \u041f\u0435\u0449\u0435\u0440\u044b \u0411\u0430\u0442\u0443 &#8226; \u042d\u043a\u0441\u043a\u0443\u0440\u0441\u0438\u0438 Skyline","og_description":"\u0412\u0440\u0435\u043c\u044f \u0442\u0443\u0440\u0430: 16:00 \u2013 22:00 \u0414\u043d\u0438 \u043f\u0440\u043e\u0432\u0435\u0434\u0435\u043d\u0438\u044f: \u0435\u0436\u0435\u0434\u043d\u0435\u0432\u043d\u043e","og_url":"http:\/\/skyline-gs.com\/hu\/termek\/firefly-river-monkey-langurs-batu-caves-kualalumpur\/","og_site_name":"\u042d\u043a\u0441\u043a\u0443\u0440\u0441\u0438\u0438 Skyline","article_modified_time":"2025-10-04T07:05:32+00:00","og_image":[{"width":669,"height":446,"url":"https:\/\/skyline-gs.com\/wp-content\/uploads\/2022\/02\/9-11.png","type":"image\/png"}],"twitter_card":"summary_large_image","twitter_misc":{"Becs\u00fclt olvas\u00e1si id\u0151":"2 perc"},"schema":{"@context":"https:\/\/schema.org","@graph":[{"@type":"WebPage","@id":"http:\/\/skyline-gs.com\/cs\/produkt\/firefly-river-monkey-langurs-batu-caves-kualalumpur\/","url":"http:\/\/skyline-gs.com\/cs\/produkt\/firefly-river-monkey-langurs-batu-caves-kualalumpur\/","name":"\u0420\u0435\u043a\u0430 \u0441\u0432\u0435\u0442\u043b\u044f\u0447\u043a\u043e\u0432. \u041e\u0431\u0435\u0437\u044c\u044f\u043d\u044b \u041b\u0430\u043d\u0433\u0443\u0440\u044b. \u041f\u0435\u0449\u0435\u0440\u044b \u0411\u0430\u0442\u0443 &#8226; \u042d\u043a\u0441\u043a\u0443\u0440\u0441\u0438\u0438 Skyline","isPartOf":{"@id":"https:\/\/skyline-gs.com\/it\/#website"},"primaryImageOfPage":{"@id":"http:\/\/skyline-gs.com\/cs\/produkt\/firefly-river-monkey-langurs-batu-caves-kualalumpur\/#primaryimage"},"image":{"@id":"http:\/\/skyline-gs.com\/cs\/produkt\/firefly-river-monkey-langurs-batu-caves-kualalumpur\/#primaryimage"},"thumbnailUrl":"https:\/\/skyline-gs.com\/wp-content\/uploads\/2022\/02\/9-11.png","datePublished":"2022-02-18T10:02:18+00:00","dateModified":"2025-10-04T07:05:32+00:00","breadcrumb":{"@id":"http:\/\/skyline-gs.com\/cs\/produkt\/firefly-river-monkey-langurs-batu-caves-kualalumpur\/#breadcrumb"},"inLanguage":"hu","potentialAction":[{"@type":"ReadAction","target":["http:\/\/skyline-gs.com\/cs\/produkt\/firefly-river-monkey-langurs-batu-caves-kualalumpur\/"]}]},{"@type":"ImageObject","inLanguage":"hu","@id":"http:\/\/skyline-gs.com\/cs\/produkt\/firefly-river-monkey-langurs-batu-caves-kualalumpur\/#primaryimage","url":"https:\/\/skyline-gs.com\/wp-content\/uploads\/2022\/02\/9-11.png","contentUrl":"https:\/\/skyline-gs.com\/wp-content\/uploads\/2022\/02\/9-11.png","width":669,"height":446},{"@type":"BreadcrumbList","@id":"http:\/\/skyline-gs.com\/cs\/produkt\/firefly-river-monkey-langurs-batu-caves-kualalumpur\/#breadcrumb","itemListElement":[{"@type":"ListItem","position":1,"name":"\u0413\u043b\u0430\u0432\u043d\u0430\u044f \u0441\u0442\u0440\u0430\u043d\u0438\u0446\u0430","item":"https:\/\/skyline-gs.com\/hu\/"},{"@type":"ListItem","position":2,"name":"\u041c\u0430\u0433\u0430\u0437\u0438\u043d","item":"https:\/\/skyline-gs.com\/cs\/shop\/"},{"@type":"ListItem","position":3,"name":"\u0420\u0435\u043a\u0430 \u0441\u0432\u0435\u0442\u043b\u044f\u0447\u043a\u043e\u0432. \u041e\u0431\u0435\u0437\u044c\u044f\u043d\u044b \u041b\u0430\u043d\u0433\u0443\u0440\u044b. \u041f\u0435\u0449\u0435\u0440\u044b \u0411\u0430\u0442\u0443"}]},{"@type":"WebSite","@id":"https:\/\/skyline-gs.com\/it\/#website","url":"https:\/\/skyline-gs.com\/it\/","name":"Skyline T\u00far\u00e1k","description":"Exkluz\u00edv kir\u00e1ndul\u00e1sok a vil\u00e1g legjobb \u00fcd\u00fcl\u0151helyein","publisher":{"@id":"https:\/\/skyline-gs.com\/it\/#organization"},"alternateName":"Skyline","potentialAction":[{"@type":"SearchAction","target":{"@type":"EntryPoint","urlTemplate":"https:\/\/skyline-gs.com\/it\/?s={search_term_string}"},"query-input":{"@type":"PropertyValueSpecification","valueRequired":true,"valueName":"search_term_string"}}],"inLanguage":"hu"},{"@type":"Organization","@id":"https:\/\/skyline-gs.com\/it\/#organization","name":"Skyline T\u00far\u00e1k","alternateName":"\u042d\u043a\u0441\u043a\u0443\u0440\u0441\u0438\u0438 Skyline","url":"https:\/\/skyline-gs.com\/it\/","logo":{"@type":"ImageObject","inLanguage":"hu","@id":"https:\/\/skyline-gs.com\/it\/#\/schema\/logo\/image\/","url":"https:\/\/skyline-gs.com\/wp-content\/uploads\/2020\/12\/cropped-logo-2.png","contentUrl":"https:\/\/skyline-gs.com\/wp-content\/uploads\/2020\/12\/cropped-logo-2.png","width":512,"height":512,"caption":"\u042d\u043a\u0441\u043a\u0443\u0440\u0441\u0438\u0438 Skyline"},"image":{"@id":"https:\/\/skyline-gs.com\/it\/#\/schema\/logo\/image\/"},"sameAs":["https:\/\/www.instagram.com\/skylineglobalservice\/"]}]}},"_links":{"self":[{"href":"https:\/\/skyline-gs.com\/hu\/wp-json\/wp\/v2\/product\/36087","targetHints":{"allow":["GET"]}}],"collection":[{"href":"https:\/\/skyline-gs.com\/hu\/wp-json\/wp\/v2\/product"}],"about":[{"href":"https:\/\/skyline-gs.com\/hu\/wp-json\/wp\/v2\/types\/product"}],"version-history":[{"count":0,"href":"https:\/\/skyline-gs.com\/hu\/wp-json\/wp\/v2\/product\/36087\/revisions"}],"wp:featuredmedia":[{"embeddable":true,"href":"https:\/\/skyline-gs.com\/hu\/wp-json\/wp\/v2\/media\/42311"}],"wp:attachment":[{"href":"https:\/\/skyline-gs.com\/hu\/wp-json\/wp\/v2\/media?parent=36087"}],"wp:term":[{"taxonomy":"product_brand","embeddable":true,"href":"https:\/\/skyline-gs.com\/hu\/wp-json\/wp\/v2\/product_brand?post=36087"},{"taxonomy":"product_cat","embeddable":true,"href":"https:\/\/skyline-gs.com\/hu\/wp-json\/wp\/v2\/product_cat?post=36087"},{"taxonomy":"product_tag","embeddable":true,"href":"https:\/\/skyline-gs.com\/hu\/wp-json\/wp\/v2\/product_tag?post=36087"}],"curies":[{"name":"wp","href":"https:\/\/api.w.org\/{rel}","templated":true}]}}