{"id":34431,"date":"2022-01-17T18:03:55","date_gmt":"2022-01-17T16:03:55","guid":{"rendered":"http:\/\/skyline-gs.com\/?post_type=product&#038;p=34431"},"modified":"2026-02-01T21:44:10","modified_gmt":"2026-02-01T19:44:10","slug":"the-great-circle-and-banteay-srei-siemreap","status":"publish","type":"product","link":"https:\/\/skyline-gs.com\/hu\/product\/the-great-circle-and-banteay-srei-siemreap\/","title":{"rendered":"M\u00e1sodik tal\u00e1lkoz\u00e1s Angkorral"},"content":{"rendered":"<p>8:00 indul\u00e1s a sz\u00e1llod\u00e1b\u00f3l. A programban a k\u00f6vetkez\u0151ket l\u00e1thatjuk:<\/p>\n<ul>\n<li><strong>Preah Khan.<\/strong>. <strong>A kir\u00e1ly apj\u00e1nak szentelve<\/strong>. Az epigr\u00e1fiai adatok szerint a templomot egy olyan csata helysz\u00edn\u00e9n emelt\u00e9k, amelyben a kir\u00e1ly nagy gy\u0151zelmet aratott a yam\u00e1k r\u00e9gi ellens\u00e9gei felett. A komplexum ter\u00fclete 56 hekt\u00e1r. A templomot m\u00e9g nem tiszt\u00edtott\u00e1k meg teljesen a dzsungelt\u0151l, ami n\u00f6veli k\u00fcl\u00f6nleges var\u00e1zs\u00e1t.<\/li>\n<li><strong>Ta Som<\/strong>. <strong>Egy kis Bayonne-st\u00edlus\u00fa templom<\/strong>. Gyakorlatilag soha nem restaur\u00e1lt\u00e1k. A kaput rombol\u00f3 hatalmas fa fot\u00f3ja az Angkorba l\u00e1togat\u00f3k klasszikus\u00e1v\u00e1 v\u00e1lt.<\/li>\n<li><strong>Neak Pean<\/strong> <strong>(\"feltekeredett k\u00edgy\u00f3k\")<\/strong>. <strong>Zar\u00e1ndokhely a betegek gy\u00f3gyul\u00e1sa ut\u00e1n v\u00e1gyakoz\u00f3k sz\u00e1m\u00e1ra.<\/strong>. A templom-templom seg\u00edt elk\u00e9pzelni a kor\u00e1bbi \u00e9vek sz\u00e9ps\u00e9g\u00e9t \u00e9s nagys\u00e1g\u00e1t. A templomhoz fest\u0151i \u00fat vezet egy mesters\u00e9ges \u0151si v\u00edzt\u00e1roz\u00f3n \u00e1t\u00edvel\u0151 h\u00eddon kereszt\u00fcl.<\/li>\n<li><strong>Kelet-Mebong<\/strong>. <strong>A kir\u00e1ly \u0151seinek szentelve<\/strong>. A templom egy 250 m \u00e1tm\u00e9r\u0151j\u0171 mesters\u00e9ges szigeten tal\u00e1lhat\u00f3 a m\u00e1ra kisz\u00e1radt, kor\u00e1bban legnagyobb khmer v\u00edzt\u00e1roz\u00f3, a \"Kelet-Barai\" k\u00f6zep\u00e9n. A k\u0151b\u0151l k\u00e9sz\u00fclt Mebon a vil\u00e1gegyetemet \u00e1br\u00e1zol\u00f3 hagyom\u00e1nyos elk\u00e9pzel\u00e9st szimboliz\u00e1lja, amelyet a vil\u00e1g\u00f3ce\u00e1n vesz k\u00f6r\u00fcl.<\/li>\n<li><strong>Pre Roop<\/strong>. <strong>Egy n\u00e9gyzet alak\u00fa, h\u00e1romszintes piramis<\/strong>. A fels\u0151 teraszt \u00f6t torony koron\u00e1zza. Az \u00e9p\u00edtm\u00e9ny \u00e9rdeme a kompoz\u00edci\u00f3s \u00faj\u00edt\u00e1sokon k\u00edv\u00fcl a sz\u00ednharm\u00f3ni\u00e1ban rejlik, amely a f\u0151szintek v\u00f6r\u00f6sbarna lateritj\u00e9t a fels\u0151 tornyok vil\u00e1gosk\u00e9k homokk\u0151j\u00e9vel \u00f6tv\u00f6zi.<\/li>\n<li><strong>Banteay Srey<\/strong> (<strong>per. \"N\u0151i Citadella\")<\/strong>. <strong>Csod\u00e1latos templomegy\u00fcttes<\/strong> egy kir\u00e1lyi tan\u00e1csos \u00e9p\u00edttette a kir\u00e1ly \u00e1ltal adom\u00e1nyozott f\u00f6ld\u00f6n (40 kilom\u00e9terre). Az \u00e9p\u00edtkez\u00e9s meglep\u0151en finom m\u0171v\u00e9szi \u00edzl\u00e9ssel k\u00e9sz\u00fclt. Ha a kor\u00e1bbi szobrok monument\u00e1lisan megdermedtek, az arcok szigor\u00faan mozdulatlanok voltak, akkor a Banteay Srei szoboralakjait most el\u0151sz\u00f6r jellemzi a vonalak \u00e9s form\u00e1k l\u00e1gys\u00e1ga, az arckifejez\u00e9sek \u00e9s p\u00f3zok l\u00edrais\u00e1ga. K\u00fcl\u00f6n\u00f6sen meglep\u0151ek a r\u00f3zsasz\u00edn homokk\u0151b\u0151l k\u00e9sz\u00fclt, halv\u00e1nyr\u00f3zsasz\u00edn homokk\u0151falakon l\u00e9v\u0151 f\u00fclk\u00e9kbe \u00fcgyesen kifaragott n\u0151i tevodok k\u00e9pei. A puha anyag lehet\u0151v\u00e9 teszi az alkot\u00f3k sz\u00e1m\u00e1ra a \"szant\u00e1lfa farag\u00e1si technika\" alkalmaz\u00e1s\u00e1t.<\/li>\n<\/ul>\n<p>17:00 Visszat\u00e9r\u00e9s a sz\u00e1llod\u00e1ba.<\/p>\n<p><strong>Tartalmazza:<\/strong><\/p>\n<ul>\n<li>Transzfer a sz\u00e1llod\u00e1b\u00f3l \u00e9s vissza<\/li>\n<li>Minden transzfer l\u00e9gkondicion\u00e1lt j\u00e1rm\u0171vekkel az \u00fatvonalon<\/li>\n<li>Magyarul besz\u00e9l\u0151 idegenvezet\u0151<\/li>\n<\/ul>\n<p><strong>Nem tartalmazza:<\/strong><\/p>\n<ul>\n<li>Bel\u00e9p\u0151jegy Angkor Watba +37$<\/li>\n<li>Eb\u00e9d \u00e9s italok<\/li>\n<\/ul>\n<p><strong>Vigy\u00e9l magaddal:<\/strong><\/p>\n<ul>\n<li>V\u00edz<\/li>\n<li>Fejd\u00edsz<\/li>\n<li>F\u00e9nyv\u00e9d\u0151 kr\u00e9m<\/li>\n<li>K\u00e9nyelmes cip\u0151<\/li>\n<li>V\u00e1llat \u00e9s t\u00e9rdet fed\u0151 ruh\u00e1zat (s\u00e1lak, kend\u0151k nem megfelel\u0151ek).<\/li>\n<li>Zsebp\u00e9nz<\/li>\n<\/ul>","protected":false},"excerpt":{"rendered":"<p><strong>Kir\u00e1ndul\u00e1s Id\u0151pontja:<\/strong> 8:00 - 17:00<\/p>\n<p><strong>A Kir\u00e1ndul\u00e1s Napjai:<\/strong> Naponta<\/p>","protected":false},"featured_media":34436,"template":"","meta":{"_kad_post_transparent":"default","_kad_post_title":"","_kad_post_layout":"default","_kad_post_sidebar_id":"","_kad_post_content_style":"default","_kad_post_vertical_padding":"default","_kad_post_feature":"","_kad_post_feature_position":"","_kad_post_header":false,"_kad_post_footer":false,"_kad_post_classname":"","_glsr_average":0,"_glsr_ranking":0,"_glsr_reviews":0},"product_brand":[],"product_cat":[441],"product_tag":[],"class_list":{"0":"post-34431","1":"product","2":"type-product","3":"status-publish","4":"has-post-thumbnail","6":"product_cat-siem-reap","7":"tm-has-options","9":"first","10":"instock","11":"sold-individually","12":"taxable","13":"shipping-taxable","14":"purchasable","15":"product-type-simple","16":"entry","17":"content-bg","18":"loop-entry"},"yoast_head":"<!-- This site is optimized with the Yoast SEO plugin v27.3 - https:\/\/yoast.com\/product\/yoast-seo-wordpress\/ -->\n<title>\u0412\u0442\u043e\u0440\u043e\u0435 \u0437\u043d\u0430\u043a\u043e\u043c\u0441\u0442\u0432\u043e \u0441 \u0410\u043d\u0433\u043a\u043e\u0440\u043e\u043c &#8226; \u042d\u043a\u0441\u043a\u0443\u0440\u0441\u0438\u0438 Skyline<\/title>\n<meta name=\"robots\" content=\"index, follow, max-snippet:-1, max-image-preview:large, max-video-preview:-1\" \/>\n<link rel=\"canonical\" href=\"https:\/\/skyline-gs.com\/hu\/termek\/the-great-circle-and-banteay-srei-siemreap\/\" \/>\n<meta property=\"og:locale\" content=\"hu_HU\" \/>\n<meta property=\"og:type\" content=\"article\" \/>\n<meta property=\"og:title\" content=\"\u0412\u0442\u043e\u0440\u043e\u0435 \u0437\u043d\u0430\u043a\u043e\u043c\u0441\u0442\u0432\u043e \u0441 \u0410\u043d\u0433\u043a\u043e\u0440\u043e\u043c &#8226; \u042d\u043a\u0441\u043a\u0443\u0440\u0441\u0438\u0438 Skyline\" \/>\n<meta property=\"og:description\" content=\"\u0412\u0440\u0435\u043c\u044f \u0442\u0443\u0440\u0430: 8:00 \u2013 17:00  \u0414\u043d\u0438 \u043f\u0440\u043e\u0432\u0435\u0434\u0435\u043d\u0438\u044f: \u0435\u0436\u0435\u0434\u043d\u0435\u0432\u043d\u043e\" \/>\n<meta property=\"og:url\" content=\"https:\/\/skyline-gs.com\/hu\/termek\/the-great-circle-and-banteay-srei-siemreap\/\" \/>\n<meta property=\"og:site_name\" content=\"\u042d\u043a\u0441\u043a\u0443\u0440\u0441\u0438\u0438 Skyline\" \/>\n<meta property=\"article:modified_time\" content=\"2026-02-01T19:44:10+00:00\" \/>\n<meta property=\"og:image\" content=\"https:\/\/skyline-gs.com\/wp-content\/uploads\/2022\/01\/5-10.png\" \/>\n\t<meta property=\"og:image:width\" content=\"669\" \/>\n\t<meta property=\"og:image:height\" content=\"446\" \/>\n\t<meta property=\"og:image:type\" content=\"image\/png\" \/>\n<meta name=\"twitter:card\" content=\"summary_large_image\" \/>\n<meta name=\"twitter:label1\" content=\"Becs\u00fclt olvas\u00e1si id\u0151\" \/>\n\t<meta name=\"twitter:data1\" content=\"2 perc\" \/>\n<script type=\"application\/ld+json\" class=\"yoast-schema-graph\">{\"@context\":\"https:\\\/\\\/schema.org\",\"@graph\":[{\"@type\":\"WebPage\",\"@id\":\"https:\\\/\\\/skyline-gs.com\\\/product\\\/the-great-circle-and-banteay-srei-siemreap\\\/\",\"url\":\"https:\\\/\\\/skyline-gs.com\\\/product\\\/the-great-circle-and-banteay-srei-siemreap\\\/\",\"name\":\"\u0412\u0442\u043e\u0440\u043e\u0435 \u0437\u043d\u0430\u043a\u043e\u043c\u0441\u0442\u0432\u043e \u0441 \u0410\u043d\u0433\u043a\u043e\u0440\u043e\u043c &#8226; \u042d\u043a\u0441\u043a\u0443\u0440\u0441\u0438\u0438 Skyline\",\"isPartOf\":{\"@id\":\"https:\\\/\\\/skyline-gs.com\\\/it\\\/#website\"},\"primaryImageOfPage\":{\"@id\":\"https:\\\/\\\/skyline-gs.com\\\/product\\\/the-great-circle-and-banteay-srei-siemreap\\\/#primaryimage\"},\"image\":{\"@id\":\"https:\\\/\\\/skyline-gs.com\\\/product\\\/the-great-circle-and-banteay-srei-siemreap\\\/#primaryimage\"},\"thumbnailUrl\":\"https:\\\/\\\/skyline-gs.com\\\/wp-content\\\/uploads\\\/2022\\\/01\\\/5-10.png\",\"datePublished\":\"2022-01-17T16:03:55+00:00\",\"dateModified\":\"2026-02-01T19:44:10+00:00\",\"breadcrumb\":{\"@id\":\"https:\\\/\\\/skyline-gs.com\\\/product\\\/the-great-circle-and-banteay-srei-siemreap\\\/#breadcrumb\"},\"inLanguage\":\"hu\",\"potentialAction\":[{\"@type\":\"ReadAction\",\"target\":[\"https:\\\/\\\/skyline-gs.com\\\/product\\\/the-great-circle-and-banteay-srei-siemreap\\\/\"]}]},{\"@type\":\"ImageObject\",\"inLanguage\":\"hu\",\"@id\":\"https:\\\/\\\/skyline-gs.com\\\/product\\\/the-great-circle-and-banteay-srei-siemreap\\\/#primaryimage\",\"url\":\"https:\\\/\\\/skyline-gs.com\\\/wp-content\\\/uploads\\\/2022\\\/01\\\/5-10.png\",\"contentUrl\":\"https:\\\/\\\/skyline-gs.com\\\/wp-content\\\/uploads\\\/2022\\\/01\\\/5-10.png\",\"width\":669,\"height\":446},{\"@type\":\"BreadcrumbList\",\"@id\":\"https:\\\/\\\/skyline-gs.com\\\/product\\\/the-great-circle-and-banteay-srei-siemreap\\\/#breadcrumb\",\"itemListElement\":[{\"@type\":\"ListItem\",\"position\":1,\"name\":\"\u0413\u043b\u0430\u0432\u043d\u0430\u044f \u0441\u0442\u0440\u0430\u043d\u0438\u0446\u0430\",\"item\":\"https:\\\/\\\/skyline-gs.com\\\/hu\\\/\"},{\"@type\":\"ListItem\",\"position\":2,\"name\":\"\u041c\u0430\u0433\u0430\u0437\u0438\u043d\",\"item\":\"https:\\\/\\\/skyline-gs.com\\\/cs\\\/shop\\\/\"},{\"@type\":\"ListItem\",\"position\":3,\"name\":\"\u0412\u0442\u043e\u0440\u043e\u0435 \u0437\u043d\u0430\u043a\u043e\u043c\u0441\u0442\u0432\u043e \u0441 \u0410\u043d\u0433\u043a\u043e\u0440\u043e\u043c\"}]},{\"@type\":\"WebSite\",\"@id\":\"https:\\\/\\\/skyline-gs.com\\\/it\\\/#website\",\"url\":\"https:\\\/\\\/skyline-gs.com\\\/it\\\/\",\"name\":\"\u042d\u043a\u0441\u043a\u0443\u0440\u0441\u0438\u0438 Skyline\",\"description\":\"\u042d\u043a\u0441\u043a\u043b\u044e\u0437\u0438\u0432\u043d\u044b\u0435 \u044d\u043a\u0441\u043a\u0443\u0440\u0441\u0438\u0438 \u043d\u0430 \u043b\u0443\u0447\u0448\u0438\u0445 \u043a\u0443\u0440\u043e\u0440\u0442\u0430\u0445 \u043c\u0438\u0440\u0430\",\"publisher\":{\"@id\":\"https:\\\/\\\/skyline-gs.com\\\/it\\\/#organization\"},\"alternateName\":\"Skyline\",\"potentialAction\":[{\"@type\":\"SearchAction\",\"target\":{\"@type\":\"EntryPoint\",\"urlTemplate\":\"https:\\\/\\\/skyline-gs.com\\\/it\\\/?s={search_term_string}\"},\"query-input\":{\"@type\":\"PropertyValueSpecification\",\"valueRequired\":true,\"valueName\":\"search_term_string\"}}],\"inLanguage\":\"hu\"},{\"@type\":\"Organization\",\"@id\":\"https:\\\/\\\/skyline-gs.com\\\/it\\\/#organization\",\"name\":\"\u042d\u043a\u0441\u043a\u0443\u0440\u0441\u0438\u0438 Skyline\",\"alternateName\":\"\u042d\u043a\u0441\u043a\u0443\u0440\u0441\u0438\u0438 Skyline\",\"url\":\"https:\\\/\\\/skyline-gs.com\\\/it\\\/\",\"logo\":{\"@type\":\"ImageObject\",\"inLanguage\":\"hu\",\"@id\":\"https:\\\/\\\/skyline-gs.com\\\/it\\\/#\\\/schema\\\/logo\\\/image\\\/\",\"url\":\"https:\\\/\\\/skyline-gs.com\\\/wp-content\\\/uploads\\\/2020\\\/12\\\/cropped-logo-2.png\",\"contentUrl\":\"https:\\\/\\\/skyline-gs.com\\\/wp-content\\\/uploads\\\/2020\\\/12\\\/cropped-logo-2.png\",\"width\":512,\"height\":512,\"caption\":\"\u042d\u043a\u0441\u043a\u0443\u0440\u0441\u0438\u0438 Skyline\"},\"image\":{\"@id\":\"https:\\\/\\\/skyline-gs.com\\\/it\\\/#\\\/schema\\\/logo\\\/image\\\/\"},\"sameAs\":[\"https:\\\/\\\/www.instagram.com\\\/skylineglobalservice\\\/\"]}]}<\/script>\n<!-- \/ Yoast SEO plugin. -->","yoast_head_json":{"title":"\u0412\u0442\u043e\u0440\u043e\u0435 \u0437\u043d\u0430\u043a\u043e\u043c\u0441\u0442\u0432\u043e \u0441 \u0410\u043d\u0433\u043a\u043e\u0440\u043e\u043c &#8226; \u042d\u043a\u0441\u043a\u0443\u0440\u0441\u0438\u0438 Skyline","robots":{"index":"index","follow":"follow","max-snippet":"max-snippet:-1","max-image-preview":"max-image-preview:large","max-video-preview":"max-video-preview:-1"},"canonical":"https:\/\/skyline-gs.com\/hu\/termek\/the-great-circle-and-banteay-srei-siemreap\/","og_locale":"hu_HU","og_type":"article","og_title":"\u0412\u0442\u043e\u0440\u043e\u0435 \u0437\u043d\u0430\u043a\u043e\u043c\u0441\u0442\u0432\u043e \u0441 \u0410\u043d\u0433\u043a\u043e\u0440\u043e\u043c &#8226; \u042d\u043a\u0441\u043a\u0443\u0440\u0441\u0438\u0438 Skyline","og_description":"\u0412\u0440\u0435\u043c\u044f \u0442\u0443\u0440\u0430: 8:00 \u2013 17:00  \u0414\u043d\u0438 \u043f\u0440\u043e\u0432\u0435\u0434\u0435\u043d\u0438\u044f: \u0435\u0436\u0435\u0434\u043d\u0435\u0432\u043d\u043e","og_url":"https:\/\/skyline-gs.com\/hu\/termek\/the-great-circle-and-banteay-srei-siemreap\/","og_site_name":"\u042d\u043a\u0441\u043a\u0443\u0440\u0441\u0438\u0438 Skyline","article_modified_time":"2026-02-01T19:44:10+00:00","og_image":[{"width":669,"height":446,"url":"https:\/\/skyline-gs.com\/wp-content\/uploads\/2022\/01\/5-10.png","type":"image\/png"}],"twitter_card":"summary_large_image","twitter_misc":{"Becs\u00fclt olvas\u00e1si id\u0151":"2 perc"},"schema":{"@context":"https:\/\/schema.org","@graph":[{"@type":"WebPage","@id":"https:\/\/skyline-gs.com\/product\/the-great-circle-and-banteay-srei-siemreap\/","url":"https:\/\/skyline-gs.com\/product\/the-great-circle-and-banteay-srei-siemreap\/","name":"\u0412\u0442\u043e\u0440\u043e\u0435 \u0437\u043d\u0430\u043a\u043e\u043c\u0441\u0442\u0432\u043e \u0441 \u0410\u043d\u0433\u043a\u043e\u0440\u043e\u043c &#8226; \u042d\u043a\u0441\u043a\u0443\u0440\u0441\u0438\u0438 Skyline","isPartOf":{"@id":"https:\/\/skyline-gs.com\/it\/#website"},"primaryImageOfPage":{"@id":"https:\/\/skyline-gs.com\/product\/the-great-circle-and-banteay-srei-siemreap\/#primaryimage"},"image":{"@id":"https:\/\/skyline-gs.com\/product\/the-great-circle-and-banteay-srei-siemreap\/#primaryimage"},"thumbnailUrl":"https:\/\/skyline-gs.com\/wp-content\/uploads\/2022\/01\/5-10.png","datePublished":"2022-01-17T16:03:55+00:00","dateModified":"2026-02-01T19:44:10+00:00","breadcrumb":{"@id":"https:\/\/skyline-gs.com\/product\/the-great-circle-and-banteay-srei-siemreap\/#breadcrumb"},"inLanguage":"hu","potentialAction":[{"@type":"ReadAction","target":["https:\/\/skyline-gs.com\/product\/the-great-circle-and-banteay-srei-siemreap\/"]}]},{"@type":"ImageObject","inLanguage":"hu","@id":"https:\/\/skyline-gs.com\/product\/the-great-circle-and-banteay-srei-siemreap\/#primaryimage","url":"https:\/\/skyline-gs.com\/wp-content\/uploads\/2022\/01\/5-10.png","contentUrl":"https:\/\/skyline-gs.com\/wp-content\/uploads\/2022\/01\/5-10.png","width":669,"height":446},{"@type":"BreadcrumbList","@id":"https:\/\/skyline-gs.com\/product\/the-great-circle-and-banteay-srei-siemreap\/#breadcrumb","itemListElement":[{"@type":"ListItem","position":1,"name":"\u0413\u043b\u0430\u0432\u043d\u0430\u044f \u0441\u0442\u0440\u0430\u043d\u0438\u0446\u0430","item":"https:\/\/skyline-gs.com\/hu\/"},{"@type":"ListItem","position":2,"name":"\u041c\u0430\u0433\u0430\u0437\u0438\u043d","item":"https:\/\/skyline-gs.com\/cs\/shop\/"},{"@type":"ListItem","position":3,"name":"\u0412\u0442\u043e\u0440\u043e\u0435 \u0437\u043d\u0430\u043a\u043e\u043c\u0441\u0442\u0432\u043e \u0441 \u0410\u043d\u0433\u043a\u043e\u0440\u043e\u043c"}]},{"@type":"WebSite","@id":"https:\/\/skyline-gs.com\/it\/#website","url":"https:\/\/skyline-gs.com\/it\/","name":"Skyline T\u00far\u00e1k","description":"Exkluz\u00edv kir\u00e1ndul\u00e1sok a vil\u00e1g legjobb \u00fcd\u00fcl\u0151helyein","publisher":{"@id":"https:\/\/skyline-gs.com\/it\/#organization"},"alternateName":"Skyline","potentialAction":[{"@type":"SearchAction","target":{"@type":"EntryPoint","urlTemplate":"https:\/\/skyline-gs.com\/it\/?s={search_term_string}"},"query-input":{"@type":"PropertyValueSpecification","valueRequired":true,"valueName":"search_term_string"}}],"inLanguage":"hu"},{"@type":"Organization","@id":"https:\/\/skyline-gs.com\/it\/#organization","name":"Skyline T\u00far\u00e1k","alternateName":"\u042d\u043a\u0441\u043a\u0443\u0440\u0441\u0438\u0438 Skyline","url":"https:\/\/skyline-gs.com\/it\/","logo":{"@type":"ImageObject","inLanguage":"hu","@id":"https:\/\/skyline-gs.com\/it\/#\/schema\/logo\/image\/","url":"https:\/\/skyline-gs.com\/wp-content\/uploads\/2020\/12\/cropped-logo-2.png","contentUrl":"https:\/\/skyline-gs.com\/wp-content\/uploads\/2020\/12\/cropped-logo-2.png","width":512,"height":512,"caption":"\u042d\u043a\u0441\u043a\u0443\u0440\u0441\u0438\u0438 Skyline"},"image":{"@id":"https:\/\/skyline-gs.com\/it\/#\/schema\/logo\/image\/"},"sameAs":["https:\/\/www.instagram.com\/skylineglobalservice\/"]}]}},"_links":{"self":[{"href":"https:\/\/skyline-gs.com\/hu\/wp-json\/wp\/v2\/product\/34431","targetHints":{"allow":["GET"]}}],"collection":[{"href":"https:\/\/skyline-gs.com\/hu\/wp-json\/wp\/v2\/product"}],"about":[{"href":"https:\/\/skyline-gs.com\/hu\/wp-json\/wp\/v2\/types\/product"}],"version-history":[{"count":0,"href":"https:\/\/skyline-gs.com\/hu\/wp-json\/wp\/v2\/product\/34431\/revisions"}],"wp:featuredmedia":[{"embeddable":true,"href":"https:\/\/skyline-gs.com\/hu\/wp-json\/wp\/v2\/media\/34436"}],"wp:attachment":[{"href":"https:\/\/skyline-gs.com\/hu\/wp-json\/wp\/v2\/media?parent=34431"}],"wp:term":[{"taxonomy":"product_brand","embeddable":true,"href":"https:\/\/skyline-gs.com\/hu\/wp-json\/wp\/v2\/product_brand?post=34431"},{"taxonomy":"product_cat","embeddable":true,"href":"https:\/\/skyline-gs.com\/hu\/wp-json\/wp\/v2\/product_cat?post=34431"},{"taxonomy":"product_tag","embeddable":true,"href":"https:\/\/skyline-gs.com\/hu\/wp-json\/wp\/v2\/product_tag?post=34431"}],"curies":[{"name":"wp","href":"https:\/\/api.w.org\/{rel}","templated":true}]}}