{"id":34420,"date":"2022-01-17T17:53:16","date_gmt":"2022-01-17T15:53:16","guid":{"rendered":"http:\/\/skyline-gs.com\/?post_type=product&#038;p=34420"},"modified":"2026-02-01T21:41:47","modified_gmt":"2026-02-01T19:41:47","slug":"koh-ker-beng-mel-siemreap","status":"publish","type":"product","link":"https:\/\/skyline-gs.com\/hu\/product\/koh-ker-beng-mel-siemreap\/","title":{"rendered":"A Koh Ker piramis titkai. Beng Mele templom a sz\u0151l\u0151skertben"},"content":{"rendered":"<p>8:00 indul\u00e1s a sz\u00e1llod\u00e1b\u00f3l. A programban a k\u00f6vetkez\u0151ket l\u00e1thatjuk:<\/p>\n<ul>\n<li><strong>Koh Ker<\/strong>. A 10. sz\u00e1zadban Angkor egyik uralkod\u00f3ja illeg\u00e1lisan mag\u00e1hoz ragadta a hatalmat, \u00e9s a khmer birodalom k\u00f6zpontj\u00e1t 100 km-re Angkorb\u00f3l \u00e1thelyezte. Mind\u00f6ssze 20 \u00e9v alatt. <strong>\u00faj f\u0151v\u00e1rost \u00e9p\u00edt, Lingapore-t (Koh Ker).<\/strong>. Ko Ker-t a gigantizmus szelleme jellemzi. <strong>A 10. sz\u00e1zadban a legnagyobb ter\u00fclet\u0171 volt.<\/strong>\u0150k haszn\u00e1lt\u00e1k a legnagyobb k\u0151t\u00f6mb\u00f6ket; \u0151k \u00e9p\u00edtett\u00e9k a legmagasabb szent\u00e9lyeket. Az istenek szobrait pedig 3 m\u00e9ter alatti hatalmas \u00f3ri\u00e1sokk\u00e9nt alkott\u00e1k meg, gyermekien l\u00e1gy arcvon\u00e1sokat adva nekik. Elk\u00e9peszt\u0151, hogy mennyi er\u0151fesz\u00edt\u00e9st fektettek ebbe a v\u00e1rosba, hogy azt\u00e1n hirtelen elhagyj\u00e1k. Az uralkod\u00f3 hal\u00e1l\u00e1nak k\u00f6r\u00fclm\u00e9nyei m\u00e1ig ismeretlenek. Napjainkban Kambodzsa csendes, ritk\u00e1n lakott h\u00e1torsz\u00e1ga. Neh\u00e9z le\u00edrni, hogy milyen intenz\u00edvek az \u00e9rzelmek, amikor <strong>meg\u00e9rkezik Ko Kerbe, \u00e9s megl\u00e1t egy 35 m\u00e9ter magas k\u0151piramist.<\/strong>. A cs\u00facsra val\u00f3 feljut\u00e1s a komplexum \u00e9rz\u00e9kel\u00e9s\u00e9b\u0151l sz\u00e1rmaz\u00f3 n\u00f6vekv\u0151 \u00e9rz\u00e9ki fesz\u00fclts\u00e9g cs\u00facspontja.<\/li>\n<li><strong>Prasat Thom k\u00f6zponti komplexum a Prang piramissal \u00e9s a Krohom templommal<\/strong><\/li>\n<li><strong>Babakocsi templom<\/strong><\/li>\n<li><strong>Neang Khmao templom<\/strong><\/li>\n<li><strong>Damrei templom<\/strong><\/li>\n<li><strong>Krachap templom<\/strong><\/li>\n<li><strong>Ling templom<\/strong><\/li>\n<li><strong>Beng Mele<\/strong>. <strong>Elveszett a dzsungelben egy nagy templom a li\u00e1nokban<\/strong>. \u00c9rdemes megl\u00e1togatni, m\u00e1r csak az irre\u00e1lis hangulat miatt is. Kolossz\u00e1lis romok \u00e9s er\u0151teljes tr\u00f3pusi term\u00e9szet. A Koh Ker fel\u00e9 vezet\u0151 \u00faton tal\u00e1lhat\u00f3. A templomnak nincsenek epigr\u00e1fiai feliratai. A k\u00ednai \u00e9s indiai \u00edrott forr\u00e1sok nem eml\u00edtik. Keltez\u00e9s\u00e9t \u00e9p\u00edt\u00e9szeti st\u00edlusa alapj\u00e1n \u00edt\u00e9lj\u00fck meg, amely nagyon k\u00f6zel \u00e1ll a 12. sz\u00e1zadi Angkor Wathoz.<\/li>\n<\/ul>\n<p>\u0412\u043e\u0437\u0432\u0440\u0430\u0449\u0435\u043d\u0438\u0435 \u0432 \u043e\u0442\u0435\u043b\u044c \u043e\u043a\u043e\u043b\u043e 15:00.<\/p>\n<p><strong>Tartalmazza:<\/strong><\/p>\n<ul>\n<li>Transzfer a sz\u00e1llod\u00e1b\u00f3l \u00e9s vissza<\/li>\n<li>Minden transzfer l\u00e9gkondicion\u00e1lt j\u00e1rm\u0171vekkel az \u00fatvonalon<\/li>\n<li>Magyarul besz\u00e9l\u0151 idegenvezet\u0151<\/li>\n<li>Bel\u00e9p\u0151jegyek<\/li>\n<\/ul>\n<p><strong>Nem tartalmazza:<\/strong><\/p>\n<ul>\n<li>Eb\u00e9d \u00e9s italok<\/li>\n<\/ul>\n<p><strong>Vigy\u00e9l magaddal:<\/strong><\/p>\n<ul>\n<li>V\u00edz<\/li>\n<li>Fejd\u00edsz<\/li>\n<li>F\u00e9nyv\u00e9d\u0151 kr\u00e9m<\/li>\n<li>K\u00e9nyelmes cip\u0151<\/li>\n<li>V\u00e1llat \u00e9s t\u00e9rdet fed\u0151 ruh\u00e1zat (s\u00e1lak, kend\u0151k nem megfelel\u0151ek).<\/li>\n<li>Zsebp\u00e9nz<\/li>\n<\/ul>","protected":false},"excerpt":{"rendered":"<p><strong>Kir\u00e1ndul\u00e1s Id\u0151pontja:<\/strong> 8:00 - 15:00<\/p>\n<p><strong>A Kir\u00e1ndul\u00e1s Napjai:<\/strong> Naponta<\/p>","protected":false},"featured_media":34428,"template":"","meta":{"_kad_post_transparent":"default","_kad_post_title":"","_kad_post_layout":"default","_kad_post_sidebar_id":"","_kad_post_content_style":"default","_kad_post_vertical_padding":"default","_kad_post_feature":"","_kad_post_feature_position":"","_kad_post_header":false,"_kad_post_footer":false,"_kad_post_classname":"","_glsr_average":0,"_glsr_ranking":0,"_glsr_reviews":0},"product_brand":[],"product_cat":[441],"product_tag":[],"class_list":{"0":"post-34420","1":"product","2":"type-product","3":"status-publish","4":"has-post-thumbnail","6":"product_cat-siem-reap","7":"tm-has-options","9":"first","10":"instock","11":"sold-individually","12":"taxable","13":"shipping-taxable","14":"purchasable","15":"product-type-simple","16":"entry","17":"content-bg","18":"loop-entry"},"yoast_head":"<!-- This site is optimized with the Yoast SEO plugin v27.3 - https:\/\/yoast.com\/product\/yoast-seo-wordpress\/ -->\n<title>\u0422\u0430\u0439\u043d\u044b \u043f\u0438\u0440\u0430\u043c\u0438\u0434\u044b \u041a\u043e \u041a\u0435\u0440. \u0425\u0440\u0430\u043c \u0432 \u043b\u0438\u0430\u043d\u0430\u0445 \u0411\u0435\u043d\u0433 \u041c\u0435\u043b\u0435 &#8226; \u042d\u043a\u0441\u043a\u0443\u0440\u0441\u0438\u0438 Skyline<\/title>\n<meta name=\"robots\" content=\"index, follow, max-snippet:-1, max-image-preview:large, max-video-preview:-1\" \/>\n<link rel=\"canonical\" href=\"https:\/\/skyline-gs.com\/hu\/termek\/koh-ker-beng-mel-siemreap\/\" \/>\n<meta property=\"og:locale\" content=\"hu_HU\" \/>\n<meta property=\"og:type\" content=\"article\" \/>\n<meta property=\"og:title\" content=\"\u0422\u0430\u0439\u043d\u044b \u043f\u0438\u0440\u0430\u043c\u0438\u0434\u044b \u041a\u043e \u041a\u0435\u0440. \u0425\u0440\u0430\u043c \u0432 \u043b\u0438\u0430\u043d\u0430\u0445 \u0411\u0435\u043d\u0433 \u041c\u0435\u043b\u0435 &#8226; \u042d\u043a\u0441\u043a\u0443\u0440\u0441\u0438\u0438 Skyline\" \/>\n<meta property=\"og:description\" content=\"\u0412\u0440\u0435\u043c\u044f \u0442\u0443\u0440\u0430: 8:00 \u2013 15:00  \u0414\u043d\u0438 \u043f\u0440\u043e\u0432\u0435\u0434\u0435\u043d\u0438\u044f: \u0435\u0436\u0435\u0434\u043d\u0435\u0432\u043d\u043e\" \/>\n<meta property=\"og:url\" content=\"https:\/\/skyline-gs.com\/hu\/termek\/koh-ker-beng-mel-siemreap\/\" \/>\n<meta property=\"og:site_name\" content=\"\u042d\u043a\u0441\u043a\u0443\u0440\u0441\u0438\u0438 Skyline\" \/>\n<meta property=\"article:modified_time\" content=\"2026-02-01T19:41:47+00:00\" \/>\n<meta property=\"og:image\" content=\"https:\/\/skyline-gs.com\/wp-content\/uploads\/2022\/01\/8-9.png\" \/>\n\t<meta property=\"og:image:width\" content=\"669\" \/>\n\t<meta property=\"og:image:height\" content=\"446\" \/>\n\t<meta property=\"og:image:type\" content=\"image\/png\" \/>\n<meta name=\"twitter:card\" content=\"summary_large_image\" \/>\n<meta name=\"twitter:label1\" content=\"Becs\u00fclt olvas\u00e1si id\u0151\" \/>\n\t<meta name=\"twitter:data1\" content=\"2 perc\" \/>\n<script type=\"application\/ld+json\" class=\"yoast-schema-graph\">{\"@context\":\"https:\\\/\\\/schema.org\",\"@graph\":[{\"@type\":\"WebPage\",\"@id\":\"https:\\\/\\\/skyline-gs.com\\\/product\\\/koh-ker-beng-mel-siemreap\\\/\",\"url\":\"https:\\\/\\\/skyline-gs.com\\\/product\\\/koh-ker-beng-mel-siemreap\\\/\",\"name\":\"\u0422\u0430\u0439\u043d\u044b \u043f\u0438\u0440\u0430\u043c\u0438\u0434\u044b \u041a\u043e \u041a\u0435\u0440. \u0425\u0440\u0430\u043c \u0432 \u043b\u0438\u0430\u043d\u0430\u0445 \u0411\u0435\u043d\u0433 \u041c\u0435\u043b\u0435 &#8226; \u042d\u043a\u0441\u043a\u0443\u0440\u0441\u0438\u0438 Skyline\",\"isPartOf\":{\"@id\":\"https:\\\/\\\/skyline-gs.com\\\/it\\\/#website\"},\"primaryImageOfPage\":{\"@id\":\"https:\\\/\\\/skyline-gs.com\\\/product\\\/koh-ker-beng-mel-siemreap\\\/#primaryimage\"},\"image\":{\"@id\":\"https:\\\/\\\/skyline-gs.com\\\/product\\\/koh-ker-beng-mel-siemreap\\\/#primaryimage\"},\"thumbnailUrl\":\"https:\\\/\\\/skyline-gs.com\\\/wp-content\\\/uploads\\\/2022\\\/01\\\/8-9.png\",\"datePublished\":\"2022-01-17T15:53:16+00:00\",\"dateModified\":\"2026-02-01T19:41:47+00:00\",\"breadcrumb\":{\"@id\":\"https:\\\/\\\/skyline-gs.com\\\/product\\\/koh-ker-beng-mel-siemreap\\\/#breadcrumb\"},\"inLanguage\":\"hu\",\"potentialAction\":[{\"@type\":\"ReadAction\",\"target\":[\"https:\\\/\\\/skyline-gs.com\\\/product\\\/koh-ker-beng-mel-siemreap\\\/\"]}]},{\"@type\":\"ImageObject\",\"inLanguage\":\"hu\",\"@id\":\"https:\\\/\\\/skyline-gs.com\\\/product\\\/koh-ker-beng-mel-siemreap\\\/#primaryimage\",\"url\":\"https:\\\/\\\/skyline-gs.com\\\/wp-content\\\/uploads\\\/2022\\\/01\\\/8-9.png\",\"contentUrl\":\"https:\\\/\\\/skyline-gs.com\\\/wp-content\\\/uploads\\\/2022\\\/01\\\/8-9.png\",\"width\":669,\"height\":446},{\"@type\":\"BreadcrumbList\",\"@id\":\"https:\\\/\\\/skyline-gs.com\\\/product\\\/koh-ker-beng-mel-siemreap\\\/#breadcrumb\",\"itemListElement\":[{\"@type\":\"ListItem\",\"position\":1,\"name\":\"\u0413\u043b\u0430\u0432\u043d\u0430\u044f \u0441\u0442\u0440\u0430\u043d\u0438\u0446\u0430\",\"item\":\"https:\\\/\\\/skyline-gs.com\\\/hu\\\/\"},{\"@type\":\"ListItem\",\"position\":2,\"name\":\"\u041c\u0430\u0433\u0430\u0437\u0438\u043d\",\"item\":\"https:\\\/\\\/skyline-gs.com\\\/cs\\\/shop\\\/\"},{\"@type\":\"ListItem\",\"position\":3,\"name\":\"\u0422\u0430\u0439\u043d\u044b \u043f\u0438\u0440\u0430\u043c\u0438\u0434\u044b \u041a\u043e \u041a\u0435\u0440. \u0425\u0440\u0430\u043c \u0432 \u043b\u0438\u0430\u043d\u0430\u0445 \u0411\u0435\u043d\u0433 \u041c\u0435\u043b\u0435\"}]},{\"@type\":\"WebSite\",\"@id\":\"https:\\\/\\\/skyline-gs.com\\\/it\\\/#website\",\"url\":\"https:\\\/\\\/skyline-gs.com\\\/it\\\/\",\"name\":\"\u042d\u043a\u0441\u043a\u0443\u0440\u0441\u0438\u0438 Skyline\",\"description\":\"\u042d\u043a\u0441\u043a\u043b\u044e\u0437\u0438\u0432\u043d\u044b\u0435 \u044d\u043a\u0441\u043a\u0443\u0440\u0441\u0438\u0438 \u043d\u0430 \u043b\u0443\u0447\u0448\u0438\u0445 \u043a\u0443\u0440\u043e\u0440\u0442\u0430\u0445 \u043c\u0438\u0440\u0430\",\"publisher\":{\"@id\":\"https:\\\/\\\/skyline-gs.com\\\/it\\\/#organization\"},\"alternateName\":\"Skyline\",\"potentialAction\":[{\"@type\":\"SearchAction\",\"target\":{\"@type\":\"EntryPoint\",\"urlTemplate\":\"https:\\\/\\\/skyline-gs.com\\\/it\\\/?s={search_term_string}\"},\"query-input\":{\"@type\":\"PropertyValueSpecification\",\"valueRequired\":true,\"valueName\":\"search_term_string\"}}],\"inLanguage\":\"hu\"},{\"@type\":\"Organization\",\"@id\":\"https:\\\/\\\/skyline-gs.com\\\/it\\\/#organization\",\"name\":\"\u042d\u043a\u0441\u043a\u0443\u0440\u0441\u0438\u0438 Skyline\",\"alternateName\":\"\u042d\u043a\u0441\u043a\u0443\u0440\u0441\u0438\u0438 Skyline\",\"url\":\"https:\\\/\\\/skyline-gs.com\\\/it\\\/\",\"logo\":{\"@type\":\"ImageObject\",\"inLanguage\":\"hu\",\"@id\":\"https:\\\/\\\/skyline-gs.com\\\/it\\\/#\\\/schema\\\/logo\\\/image\\\/\",\"url\":\"https:\\\/\\\/skyline-gs.com\\\/wp-content\\\/uploads\\\/2020\\\/12\\\/cropped-logo-2.png\",\"contentUrl\":\"https:\\\/\\\/skyline-gs.com\\\/wp-content\\\/uploads\\\/2020\\\/12\\\/cropped-logo-2.png\",\"width\":512,\"height\":512,\"caption\":\"\u042d\u043a\u0441\u043a\u0443\u0440\u0441\u0438\u0438 Skyline\"},\"image\":{\"@id\":\"https:\\\/\\\/skyline-gs.com\\\/it\\\/#\\\/schema\\\/logo\\\/image\\\/\"},\"sameAs\":[\"https:\\\/\\\/www.instagram.com\\\/skylineglobalservice\\\/\"]}]}<\/script>\n<!-- \/ Yoast SEO plugin. -->","yoast_head_json":{"title":"\u0422\u0430\u0439\u043d\u044b \u043f\u0438\u0440\u0430\u043c\u0438\u0434\u044b \u041a\u043e \u041a\u0435\u0440. \u0425\u0440\u0430\u043c \u0432 \u043b\u0438\u0430\u043d\u0430\u0445 \u0411\u0435\u043d\u0433 \u041c\u0435\u043b\u0435 &#8226; \u042d\u043a\u0441\u043a\u0443\u0440\u0441\u0438\u0438 Skyline","robots":{"index":"index","follow":"follow","max-snippet":"max-snippet:-1","max-image-preview":"max-image-preview:large","max-video-preview":"max-video-preview:-1"},"canonical":"https:\/\/skyline-gs.com\/hu\/termek\/koh-ker-beng-mel-siemreap\/","og_locale":"hu_HU","og_type":"article","og_title":"\u0422\u0430\u0439\u043d\u044b \u043f\u0438\u0440\u0430\u043c\u0438\u0434\u044b \u041a\u043e \u041a\u0435\u0440. \u0425\u0440\u0430\u043c \u0432 \u043b\u0438\u0430\u043d\u0430\u0445 \u0411\u0435\u043d\u0433 \u041c\u0435\u043b\u0435 &#8226; \u042d\u043a\u0441\u043a\u0443\u0440\u0441\u0438\u0438 Skyline","og_description":"\u0412\u0440\u0435\u043c\u044f \u0442\u0443\u0440\u0430: 8:00 \u2013 15:00  \u0414\u043d\u0438 \u043f\u0440\u043e\u0432\u0435\u0434\u0435\u043d\u0438\u044f: \u0435\u0436\u0435\u0434\u043d\u0435\u0432\u043d\u043e","og_url":"https:\/\/skyline-gs.com\/hu\/termek\/koh-ker-beng-mel-siemreap\/","og_site_name":"\u042d\u043a\u0441\u043a\u0443\u0440\u0441\u0438\u0438 Skyline","article_modified_time":"2026-02-01T19:41:47+00:00","og_image":[{"width":669,"height":446,"url":"https:\/\/skyline-gs.com\/wp-content\/uploads\/2022\/01\/8-9.png","type":"image\/png"}],"twitter_card":"summary_large_image","twitter_misc":{"Becs\u00fclt olvas\u00e1si id\u0151":"2 perc"},"schema":{"@context":"https:\/\/schema.org","@graph":[{"@type":"WebPage","@id":"https:\/\/skyline-gs.com\/product\/koh-ker-beng-mel-siemreap\/","url":"https:\/\/skyline-gs.com\/product\/koh-ker-beng-mel-siemreap\/","name":"\u0422\u0430\u0439\u043d\u044b \u043f\u0438\u0440\u0430\u043c\u0438\u0434\u044b \u041a\u043e \u041a\u0435\u0440. \u0425\u0440\u0430\u043c \u0432 \u043b\u0438\u0430\u043d\u0430\u0445 \u0411\u0435\u043d\u0433 \u041c\u0435\u043b\u0435 &#8226; \u042d\u043a\u0441\u043a\u0443\u0440\u0441\u0438\u0438 Skyline","isPartOf":{"@id":"https:\/\/skyline-gs.com\/it\/#website"},"primaryImageOfPage":{"@id":"https:\/\/skyline-gs.com\/product\/koh-ker-beng-mel-siemreap\/#primaryimage"},"image":{"@id":"https:\/\/skyline-gs.com\/product\/koh-ker-beng-mel-siemreap\/#primaryimage"},"thumbnailUrl":"https:\/\/skyline-gs.com\/wp-content\/uploads\/2022\/01\/8-9.png","datePublished":"2022-01-17T15:53:16+00:00","dateModified":"2026-02-01T19:41:47+00:00","breadcrumb":{"@id":"https:\/\/skyline-gs.com\/product\/koh-ker-beng-mel-siemreap\/#breadcrumb"},"inLanguage":"hu","potentialAction":[{"@type":"ReadAction","target":["https:\/\/skyline-gs.com\/product\/koh-ker-beng-mel-siemreap\/"]}]},{"@type":"ImageObject","inLanguage":"hu","@id":"https:\/\/skyline-gs.com\/product\/koh-ker-beng-mel-siemreap\/#primaryimage","url":"https:\/\/skyline-gs.com\/wp-content\/uploads\/2022\/01\/8-9.png","contentUrl":"https:\/\/skyline-gs.com\/wp-content\/uploads\/2022\/01\/8-9.png","width":669,"height":446},{"@type":"BreadcrumbList","@id":"https:\/\/skyline-gs.com\/product\/koh-ker-beng-mel-siemreap\/#breadcrumb","itemListElement":[{"@type":"ListItem","position":1,"name":"\u0413\u043b\u0430\u0432\u043d\u0430\u044f \u0441\u0442\u0440\u0430\u043d\u0438\u0446\u0430","item":"https:\/\/skyline-gs.com\/hu\/"},{"@type":"ListItem","position":2,"name":"\u041c\u0430\u0433\u0430\u0437\u0438\u043d","item":"https:\/\/skyline-gs.com\/cs\/shop\/"},{"@type":"ListItem","position":3,"name":"\u0422\u0430\u0439\u043d\u044b \u043f\u0438\u0440\u0430\u043c\u0438\u0434\u044b \u041a\u043e \u041a\u0435\u0440. \u0425\u0440\u0430\u043c \u0432 \u043b\u0438\u0430\u043d\u0430\u0445 \u0411\u0435\u043d\u0433 \u041c\u0435\u043b\u0435"}]},{"@type":"WebSite","@id":"https:\/\/skyline-gs.com\/it\/#website","url":"https:\/\/skyline-gs.com\/it\/","name":"Skyline T\u00far\u00e1k","description":"Exkluz\u00edv kir\u00e1ndul\u00e1sok a vil\u00e1g legjobb \u00fcd\u00fcl\u0151helyein","publisher":{"@id":"https:\/\/skyline-gs.com\/it\/#organization"},"alternateName":"Skyline","potentialAction":[{"@type":"SearchAction","target":{"@type":"EntryPoint","urlTemplate":"https:\/\/skyline-gs.com\/it\/?s={search_term_string}"},"query-input":{"@type":"PropertyValueSpecification","valueRequired":true,"valueName":"search_term_string"}}],"inLanguage":"hu"},{"@type":"Organization","@id":"https:\/\/skyline-gs.com\/it\/#organization","name":"Skyline T\u00far\u00e1k","alternateName":"\u042d\u043a\u0441\u043a\u0443\u0440\u0441\u0438\u0438 Skyline","url":"https:\/\/skyline-gs.com\/it\/","logo":{"@type":"ImageObject","inLanguage":"hu","@id":"https:\/\/skyline-gs.com\/it\/#\/schema\/logo\/image\/","url":"https:\/\/skyline-gs.com\/wp-content\/uploads\/2020\/12\/cropped-logo-2.png","contentUrl":"https:\/\/skyline-gs.com\/wp-content\/uploads\/2020\/12\/cropped-logo-2.png","width":512,"height":512,"caption":"\u042d\u043a\u0441\u043a\u0443\u0440\u0441\u0438\u0438 Skyline"},"image":{"@id":"https:\/\/skyline-gs.com\/it\/#\/schema\/logo\/image\/"},"sameAs":["https:\/\/www.instagram.com\/skylineglobalservice\/"]}]}},"_links":{"self":[{"href":"https:\/\/skyline-gs.com\/hu\/wp-json\/wp\/v2\/product\/34420","targetHints":{"allow":["GET"]}}],"collection":[{"href":"https:\/\/skyline-gs.com\/hu\/wp-json\/wp\/v2\/product"}],"about":[{"href":"https:\/\/skyline-gs.com\/hu\/wp-json\/wp\/v2\/types\/product"}],"version-history":[{"count":0,"href":"https:\/\/skyline-gs.com\/hu\/wp-json\/wp\/v2\/product\/34420\/revisions"}],"wp:featuredmedia":[{"embeddable":true,"href":"https:\/\/skyline-gs.com\/hu\/wp-json\/wp\/v2\/media\/34428"}],"wp:attachment":[{"href":"https:\/\/skyline-gs.com\/hu\/wp-json\/wp\/v2\/media?parent=34420"}],"wp:term":[{"taxonomy":"product_brand","embeddable":true,"href":"https:\/\/skyline-gs.com\/hu\/wp-json\/wp\/v2\/product_brand?post=34420"},{"taxonomy":"product_cat","embeddable":true,"href":"https:\/\/skyline-gs.com\/hu\/wp-json\/wp\/v2\/product_cat?post=34420"},{"taxonomy":"product_tag","embeddable":true,"href":"https:\/\/skyline-gs.com\/hu\/wp-json\/wp\/v2\/product_tag?post=34420"}],"curies":[{"name":"wp","href":"https:\/\/api.w.org\/{rel}","templated":true}]}}