{"id":34407,"date":"2022-01-17T17:42:42","date_gmt":"2022-01-17T15:42:42","guid":{"rendered":"http:\/\/skyline-gs.com\/?post_type=product&#038;p=34407"},"modified":"2026-02-01T21:39:43","modified_gmt":"2026-02-01T19:39:43","slug":"sambor-preda-szakacs-siemreap","status":"publish","type":"product","link":"https:\/\/skyline-gs.com\/hu\/product\/sambor-prey-cook-siemreap\/","title":{"rendered":"Sambor Prei Kuk r\u00e9g\u00e9szeti komplexum"},"content":{"rendered":"<p>8:00 indul\u00e1s a sz\u00e1llod\u00e1b\u00f3l. A khmer civiliz\u00e1ci\u00f3t gyakran azonos\u00edtj\u00e1k az angkori s\u00edks\u00e1gon tal\u00e1lhat\u00f3 m\u0171eml\u00e9kekkel, ahol a v\u00e1rosok egym\u00e1shoz nagyon k\u00f6zel, n\u00e9ha ugyanazon a helyen alakultak ki. B\u00e1r Kambodzsa \u00e9p\u00edt\u00e9szeti remekm\u0171veinek t\u00f6bbs\u00e9ge ezen a ter\u00fcleten tal\u00e1lhat\u00f3, m\u00e1shol is vannak figyelemre m\u00e9lt\u00f3 \u00e9p\u00edtm\u00e9nyek. A hagyom\u00e1nyos \u00fatvonalak mellett vannak kev\u00e9sb\u00e9 ismert \u00fatvonalak is - ezeket n\u00e9ha neh\u00e9z k\u00f6vetni -, de az \u00e1ltaluk \u00e9rintett helyek var\u00e1zsa miatt meg\u00e9ri a f\u00e1rads\u00e1got.<\/p>\n<p><strong>Sambor Prey Kuk- egy pre-Angkoriai v\u00e1ros.<\/strong>. T\u00e1vol \u00e1ll a forgalmas modern aut\u00f3p\u00e1ly\u00e1kt\u00f3l - t\u00f6bb mint 30 kilom\u00e9terre a legk\u00f6zelebbi v\u00e1rost\u00f3l, Kampong Thomt\u00f3l -, \u00e9s a legszenved\u00e9lyesebb emberek \u00e9rik el. \u00c9s az er\u0151fesz\u00edt\u00e9seik meg\u00e9rik. Ha egyszer Sambor Prey Quocban j\u00e1rsz, olyan, mintha egy id\u0151g\u00e9pben lenn\u00e9l, <strong>az orsz\u00e1g Angkor el\u0151tti m\u00faltj\u00e1ban tal\u00e1lj\u00e1k magukat.<\/strong>. \u00c9s legnagyobb meglepet\u00e9s\u00fckre megtudj\u00e1k, hogy nem volt primit\u00edv, hogy Angkor templomainak voltak el\u0151dei, hogy m\u00e1r a VI. sz\u00e1zadban is voltak nagyv\u00e1rosok az orsz\u00e1gban. Sambor Prey Kuk val\u00f3ban egy nagy v\u00e1ros - k\u00f6r\u00fclbel\u00fcl egy kilom\u00e9ter sugar\u00fa -, \u00e9s ezen a hat\u00e1ron messze t\u00fal is vannak egyes \u00e9p\u00fcletek. Megb\u00edzhat\u00f3an tudjuk, hogy a v\u00e1ros volt a k\u00f6zpontja a viszonylag f\u00fcggetlen fejedelems\u00e9gekb\u0151l \u00e1ll\u00f3 Chenla-f\u00f6ldnek (Chenla-v\u00edz Phnom Penht\u0151l d\u00e9lre volt).<\/p>\n<p>A szobrok, amelyek egykor a v\u00e1ros templomaiban \u00e1lltak, \u00e9s amelyeket ma a Phnom Penh-i Nemzeti M\u00fazeumban \u0151riznek, saj\u00e1toss\u00e1gaiknak k\u00f6sz\u00f6nhet\u0151en. <strong>egy eg\u00e9sz szobr\u00e1szati st\u00edlusnak adta a nev\u00e9t.<\/strong>Ezt Sambor Prey Kuk st\u00edlusnak nevezik. A Kambodzs\u00e1ban tal\u00e1lhat\u00f3 egyik legszebb szobor tulajdonosa - Devi, Siva hitves\u00e9nek alakja, tele magabiztos visszafogotts\u00e1ggal \u00e9s \u00e9rett n\u0151i sz\u00e9ps\u00e9ggel. Ma a m\u00e1solata a Siem Reap-i nemzetk\u00f6zi rep\u00fcl\u0151t\u00e9ren fogadja az utaz\u00f3kat. 18:00 Visszat\u00e9r\u00e9s a sz\u00e1llod\u00e1ba.<\/p>\n<p><strong>Tartalmazza:<\/strong><\/p>\n<ul>\n<li>Transzfer a sz\u00e1llod\u00e1b\u00f3l \u00e9s vissza<\/li>\n<li>Minden transzfer l\u00e9gkondicion\u00e1lt j\u00e1rm\u0171vekkel az \u00fatvonalon<\/li>\n<li>Magyarul besz\u00e9l\u0151 idegenvezet\u0151<\/li>\n<li>Bel\u00e9p\u0151jegyek<\/li>\n<\/ul>\n<p><strong>Nem tartalmazza:<\/strong><\/p>\n<ul>\n<li>Eb\u00e9d \u00e9s italok<\/li>\n<\/ul>\n<p><strong>Vigy\u00e9l magaddal:<\/strong><\/p>\n<ul>\n<li>V\u00edz<\/li>\n<li>Fejd\u00edsz<\/li>\n<li>F\u00e9nyv\u00e9d\u0151 kr\u00e9m<\/li>\n<li>K\u00e9nyelmes cip\u0151<\/li>\n<li>V\u00e1llat \u00e9s t\u00e9rdet fed\u0151 ruh\u00e1zat (s\u00e1lak, kend\u0151k nem megfelel\u0151ek).<\/li>\n<li>Zsebp\u00e9nz<\/li>\n<\/ul>","protected":false},"excerpt":{"rendered":"<p><strong>Kir\u00e1ndul\u00e1s Id\u0151pontja:<\/strong> 8:00 - 18:00<\/p>\n<p><strong>A Kir\u00e1ndul\u00e1s Napjai:<\/strong> Naponta<\/p>","protected":false},"featured_media":34408,"template":"","meta":{"_kad_post_transparent":"default","_kad_post_title":"","_kad_post_layout":"default","_kad_post_sidebar_id":"","_kad_post_content_style":"default","_kad_post_vertical_padding":"default","_kad_post_feature":"","_kad_post_feature_position":"","_kad_post_header":false,"_kad_post_footer":false,"_kad_post_classname":"","_glsr_average":0,"_glsr_ranking":0,"_glsr_reviews":0},"product_brand":[],"product_cat":[441],"product_tag":[],"class_list":{"0":"post-34407","1":"product","2":"type-product","3":"status-publish","4":"has-post-thumbnail","6":"product_cat-siem-reap","7":"tm-has-options","9":"first","10":"instock","11":"sold-individually","12":"taxable","13":"shipping-taxable","14":"purchasable","15":"product-type-simple","16":"entry","17":"content-bg","18":"loop-entry"},"yoast_head":"<!-- This site is optimized with the Yoast SEO plugin v27.3 - https:\/\/yoast.com\/product\/yoast-seo-wordpress\/ -->\n<title>\u0410\u0440\u0445\u0435\u043e\u043b\u043e\u0433\u0438\u0447\u0435\u0441\u043a\u0438\u0439 \u043a\u043e\u043c\u043f\u043b\u0435\u043a\u0441 \u0421\u0430\u043c\u0431\u043e\u0440 \u041f\u0440\u0435\u0439 \u041a\u0443\u043a &#8226; \u042d\u043a\u0441\u043a\u0443\u0440\u0441\u0438\u0438 Skyline<\/title>\n<meta name=\"robots\" content=\"index, follow, max-snippet:-1, max-image-preview:large, max-video-preview:-1\" \/>\n<link rel=\"canonical\" href=\"https:\/\/skyline-gs.com\/hu\/termek\/sambor-preda-szakacs-siemreap\/\" \/>\n<meta property=\"og:locale\" content=\"hu_HU\" \/>\n<meta property=\"og:type\" content=\"article\" \/>\n<meta property=\"og:title\" content=\"\u0410\u0440\u0445\u0435\u043e\u043b\u043e\u0433\u0438\u0447\u0435\u0441\u043a\u0438\u0439 \u043a\u043e\u043c\u043f\u043b\u0435\u043a\u0441 \u0421\u0430\u043c\u0431\u043e\u0440 \u041f\u0440\u0435\u0439 \u041a\u0443\u043a &#8226; \u042d\u043a\u0441\u043a\u0443\u0440\u0441\u0438\u0438 Skyline\" \/>\n<meta property=\"og:description\" content=\"\u0412\u0440\u0435\u043c\u044f \u0442\u0443\u0440\u0430: 8:00 \u2013 18:00  \u0414\u043d\u0438 \u043f\u0440\u043e\u0432\u0435\u0434\u0435\u043d\u0438\u044f: \u0435\u0436\u0435\u0434\u043d\u0435\u0432\u043d\u043e\" \/>\n<meta property=\"og:url\" content=\"https:\/\/skyline-gs.com\/hu\/termek\/sambor-preda-szakacs-siemreap\/\" \/>\n<meta property=\"og:site_name\" content=\"\u042d\u043a\u0441\u043a\u0443\u0440\u0441\u0438\u0438 Skyline\" \/>\n<meta property=\"article:modified_time\" content=\"2026-02-01T19:39:43+00:00\" \/>\n<meta property=\"og:image\" content=\"https:\/\/skyline-gs.com\/wp-content\/uploads\/2022\/01\/1-7.png\" \/>\n\t<meta property=\"og:image:width\" content=\"669\" \/>\n\t<meta property=\"og:image:height\" content=\"446\" \/>\n\t<meta property=\"og:image:type\" content=\"image\/png\" \/>\n<meta name=\"twitter:card\" content=\"summary_large_image\" \/>\n<meta name=\"twitter:label1\" content=\"Becs\u00fclt olvas\u00e1si id\u0151\" \/>\n\t<meta name=\"twitter:data1\" content=\"2 perc\" \/>\n<script type=\"application\/ld+json\" class=\"yoast-schema-graph\">{\"@context\":\"https:\\\/\\\/schema.org\",\"@graph\":[{\"@type\":\"WebPage\",\"@id\":\"https:\\\/\\\/skyline-gs.com\\\/product\\\/sambor-prey-cook-siemreap\\\/\",\"url\":\"https:\\\/\\\/skyline-gs.com\\\/product\\\/sambor-prey-cook-siemreap\\\/\",\"name\":\"\u0410\u0440\u0445\u0435\u043e\u043b\u043e\u0433\u0438\u0447\u0435\u0441\u043a\u0438\u0439 \u043a\u043e\u043c\u043f\u043b\u0435\u043a\u0441 \u0421\u0430\u043c\u0431\u043e\u0440 \u041f\u0440\u0435\u0439 \u041a\u0443\u043a &#8226; \u042d\u043a\u0441\u043a\u0443\u0440\u0441\u0438\u0438 Skyline\",\"isPartOf\":{\"@id\":\"https:\\\/\\\/skyline-gs.com\\\/it\\\/#website\"},\"primaryImageOfPage\":{\"@id\":\"https:\\\/\\\/skyline-gs.com\\\/product\\\/sambor-prey-cook-siemreap\\\/#primaryimage\"},\"image\":{\"@id\":\"https:\\\/\\\/skyline-gs.com\\\/product\\\/sambor-prey-cook-siemreap\\\/#primaryimage\"},\"thumbnailUrl\":\"https:\\\/\\\/skyline-gs.com\\\/wp-content\\\/uploads\\\/2022\\\/01\\\/1-7.png\",\"datePublished\":\"2022-01-17T15:42:42+00:00\",\"dateModified\":\"2026-02-01T19:39:43+00:00\",\"breadcrumb\":{\"@id\":\"https:\\\/\\\/skyline-gs.com\\\/product\\\/sambor-prey-cook-siemreap\\\/#breadcrumb\"},\"inLanguage\":\"hu\",\"potentialAction\":[{\"@type\":\"ReadAction\",\"target\":[\"https:\\\/\\\/skyline-gs.com\\\/product\\\/sambor-prey-cook-siemreap\\\/\"]}]},{\"@type\":\"ImageObject\",\"inLanguage\":\"hu\",\"@id\":\"https:\\\/\\\/skyline-gs.com\\\/product\\\/sambor-prey-cook-siemreap\\\/#primaryimage\",\"url\":\"https:\\\/\\\/skyline-gs.com\\\/wp-content\\\/uploads\\\/2022\\\/01\\\/1-7.png\",\"contentUrl\":\"https:\\\/\\\/skyline-gs.com\\\/wp-content\\\/uploads\\\/2022\\\/01\\\/1-7.png\",\"width\":669,\"height\":446},{\"@type\":\"BreadcrumbList\",\"@id\":\"https:\\\/\\\/skyline-gs.com\\\/product\\\/sambor-prey-cook-siemreap\\\/#breadcrumb\",\"itemListElement\":[{\"@type\":\"ListItem\",\"position\":1,\"name\":\"\u0413\u043b\u0430\u0432\u043d\u0430\u044f \u0441\u0442\u0440\u0430\u043d\u0438\u0446\u0430\",\"item\":\"https:\\\/\\\/skyline-gs.com\\\/hu\\\/\"},{\"@type\":\"ListItem\",\"position\":2,\"name\":\"\u041c\u0430\u0433\u0430\u0437\u0438\u043d\",\"item\":\"https:\\\/\\\/skyline-gs.com\\\/cs\\\/shop\\\/\"},{\"@type\":\"ListItem\",\"position\":3,\"name\":\"\u0410\u0440\u0445\u0435\u043e\u043b\u043e\u0433\u0438\u0447\u0435\u0441\u043a\u0438\u0439 \u043a\u043e\u043c\u043f\u043b\u0435\u043a\u0441 \u0421\u0430\u043c\u0431\u043e\u0440 \u041f\u0440\u0435\u0439 \u041a\u0443\u043a\"}]},{\"@type\":\"WebSite\",\"@id\":\"https:\\\/\\\/skyline-gs.com\\\/it\\\/#website\",\"url\":\"https:\\\/\\\/skyline-gs.com\\\/it\\\/\",\"name\":\"\u042d\u043a\u0441\u043a\u0443\u0440\u0441\u0438\u0438 Skyline\",\"description\":\"\u042d\u043a\u0441\u043a\u043b\u044e\u0437\u0438\u0432\u043d\u044b\u0435 \u044d\u043a\u0441\u043a\u0443\u0440\u0441\u0438\u0438 \u043d\u0430 \u043b\u0443\u0447\u0448\u0438\u0445 \u043a\u0443\u0440\u043e\u0440\u0442\u0430\u0445 \u043c\u0438\u0440\u0430\",\"publisher\":{\"@id\":\"https:\\\/\\\/skyline-gs.com\\\/it\\\/#organization\"},\"alternateName\":\"Skyline\",\"potentialAction\":[{\"@type\":\"SearchAction\",\"target\":{\"@type\":\"EntryPoint\",\"urlTemplate\":\"https:\\\/\\\/skyline-gs.com\\\/it\\\/?s={search_term_string}\"},\"query-input\":{\"@type\":\"PropertyValueSpecification\",\"valueRequired\":true,\"valueName\":\"search_term_string\"}}],\"inLanguage\":\"hu\"},{\"@type\":\"Organization\",\"@id\":\"https:\\\/\\\/skyline-gs.com\\\/it\\\/#organization\",\"name\":\"\u042d\u043a\u0441\u043a\u0443\u0440\u0441\u0438\u0438 Skyline\",\"alternateName\":\"\u042d\u043a\u0441\u043a\u0443\u0440\u0441\u0438\u0438 Skyline\",\"url\":\"https:\\\/\\\/skyline-gs.com\\\/it\\\/\",\"logo\":{\"@type\":\"ImageObject\",\"inLanguage\":\"hu\",\"@id\":\"https:\\\/\\\/skyline-gs.com\\\/it\\\/#\\\/schema\\\/logo\\\/image\\\/\",\"url\":\"https:\\\/\\\/skyline-gs.com\\\/wp-content\\\/uploads\\\/2020\\\/12\\\/cropped-logo-2.png\",\"contentUrl\":\"https:\\\/\\\/skyline-gs.com\\\/wp-content\\\/uploads\\\/2020\\\/12\\\/cropped-logo-2.png\",\"width\":512,\"height\":512,\"caption\":\"\u042d\u043a\u0441\u043a\u0443\u0440\u0441\u0438\u0438 Skyline\"},\"image\":{\"@id\":\"https:\\\/\\\/skyline-gs.com\\\/it\\\/#\\\/schema\\\/logo\\\/image\\\/\"},\"sameAs\":[\"https:\\\/\\\/www.instagram.com\\\/skylineglobalservice\\\/\"]}]}<\/script>\n<!-- \/ Yoast SEO plugin. -->","yoast_head_json":{"title":"\u0410\u0440\u0445\u0435\u043e\u043b\u043e\u0433\u0438\u0447\u0435\u0441\u043a\u0438\u0439 \u043a\u043e\u043c\u043f\u043b\u0435\u043a\u0441 \u0421\u0430\u043c\u0431\u043e\u0440 \u041f\u0440\u0435\u0439 \u041a\u0443\u043a &#8226; \u042d\u043a\u0441\u043a\u0443\u0440\u0441\u0438\u0438 Skyline","robots":{"index":"index","follow":"follow","max-snippet":"max-snippet:-1","max-image-preview":"max-image-preview:large","max-video-preview":"max-video-preview:-1"},"canonical":"https:\/\/skyline-gs.com\/hu\/termek\/sambor-preda-szakacs-siemreap\/","og_locale":"hu_HU","og_type":"article","og_title":"\u0410\u0440\u0445\u0435\u043e\u043b\u043e\u0433\u0438\u0447\u0435\u0441\u043a\u0438\u0439 \u043a\u043e\u043c\u043f\u043b\u0435\u043a\u0441 \u0421\u0430\u043c\u0431\u043e\u0440 \u041f\u0440\u0435\u0439 \u041a\u0443\u043a &#8226; \u042d\u043a\u0441\u043a\u0443\u0440\u0441\u0438\u0438 Skyline","og_description":"\u0412\u0440\u0435\u043c\u044f \u0442\u0443\u0440\u0430: 8:00 \u2013 18:00  \u0414\u043d\u0438 \u043f\u0440\u043e\u0432\u0435\u0434\u0435\u043d\u0438\u044f: \u0435\u0436\u0435\u0434\u043d\u0435\u0432\u043d\u043e","og_url":"https:\/\/skyline-gs.com\/hu\/termek\/sambor-preda-szakacs-siemreap\/","og_site_name":"\u042d\u043a\u0441\u043a\u0443\u0440\u0441\u0438\u0438 Skyline","article_modified_time":"2026-02-01T19:39:43+00:00","og_image":[{"width":669,"height":446,"url":"https:\/\/skyline-gs.com\/wp-content\/uploads\/2022\/01\/1-7.png","type":"image\/png"}],"twitter_card":"summary_large_image","twitter_misc":{"Becs\u00fclt olvas\u00e1si id\u0151":"2 perc"},"schema":{"@context":"https:\/\/schema.org","@graph":[{"@type":"WebPage","@id":"https:\/\/skyline-gs.com\/product\/sambor-prey-cook-siemreap\/","url":"https:\/\/skyline-gs.com\/product\/sambor-prey-cook-siemreap\/","name":"\u0410\u0440\u0445\u0435\u043e\u043b\u043e\u0433\u0438\u0447\u0435\u0441\u043a\u0438\u0439 \u043a\u043e\u043c\u043f\u043b\u0435\u043a\u0441 \u0421\u0430\u043c\u0431\u043e\u0440 \u041f\u0440\u0435\u0439 \u041a\u0443\u043a &#8226; \u042d\u043a\u0441\u043a\u0443\u0440\u0441\u0438\u0438 Skyline","isPartOf":{"@id":"https:\/\/skyline-gs.com\/it\/#website"},"primaryImageOfPage":{"@id":"https:\/\/skyline-gs.com\/product\/sambor-prey-cook-siemreap\/#primaryimage"},"image":{"@id":"https:\/\/skyline-gs.com\/product\/sambor-prey-cook-siemreap\/#primaryimage"},"thumbnailUrl":"https:\/\/skyline-gs.com\/wp-content\/uploads\/2022\/01\/1-7.png","datePublished":"2022-01-17T15:42:42+00:00","dateModified":"2026-02-01T19:39:43+00:00","breadcrumb":{"@id":"https:\/\/skyline-gs.com\/product\/sambor-prey-cook-siemreap\/#breadcrumb"},"inLanguage":"hu","potentialAction":[{"@type":"ReadAction","target":["https:\/\/skyline-gs.com\/product\/sambor-prey-cook-siemreap\/"]}]},{"@type":"ImageObject","inLanguage":"hu","@id":"https:\/\/skyline-gs.com\/product\/sambor-prey-cook-siemreap\/#primaryimage","url":"https:\/\/skyline-gs.com\/wp-content\/uploads\/2022\/01\/1-7.png","contentUrl":"https:\/\/skyline-gs.com\/wp-content\/uploads\/2022\/01\/1-7.png","width":669,"height":446},{"@type":"BreadcrumbList","@id":"https:\/\/skyline-gs.com\/product\/sambor-prey-cook-siemreap\/#breadcrumb","itemListElement":[{"@type":"ListItem","position":1,"name":"\u0413\u043b\u0430\u0432\u043d\u0430\u044f \u0441\u0442\u0440\u0430\u043d\u0438\u0446\u0430","item":"https:\/\/skyline-gs.com\/hu\/"},{"@type":"ListItem","position":2,"name":"\u041c\u0430\u0433\u0430\u0437\u0438\u043d","item":"https:\/\/skyline-gs.com\/cs\/shop\/"},{"@type":"ListItem","position":3,"name":"\u0410\u0440\u0445\u0435\u043e\u043b\u043e\u0433\u0438\u0447\u0435\u0441\u043a\u0438\u0439 \u043a\u043e\u043c\u043f\u043b\u0435\u043a\u0441 \u0421\u0430\u043c\u0431\u043e\u0440 \u041f\u0440\u0435\u0439 \u041a\u0443\u043a"}]},{"@type":"WebSite","@id":"https:\/\/skyline-gs.com\/it\/#website","url":"https:\/\/skyline-gs.com\/it\/","name":"Skyline T\u00far\u00e1k","description":"Exkluz\u00edv kir\u00e1ndul\u00e1sok a vil\u00e1g legjobb \u00fcd\u00fcl\u0151helyein","publisher":{"@id":"https:\/\/skyline-gs.com\/it\/#organization"},"alternateName":"Skyline","potentialAction":[{"@type":"SearchAction","target":{"@type":"EntryPoint","urlTemplate":"https:\/\/skyline-gs.com\/it\/?s={search_term_string}"},"query-input":{"@type":"PropertyValueSpecification","valueRequired":true,"valueName":"search_term_string"}}],"inLanguage":"hu"},{"@type":"Organization","@id":"https:\/\/skyline-gs.com\/it\/#organization","name":"Skyline T\u00far\u00e1k","alternateName":"\u042d\u043a\u0441\u043a\u0443\u0440\u0441\u0438\u0438 Skyline","url":"https:\/\/skyline-gs.com\/it\/","logo":{"@type":"ImageObject","inLanguage":"hu","@id":"https:\/\/skyline-gs.com\/it\/#\/schema\/logo\/image\/","url":"https:\/\/skyline-gs.com\/wp-content\/uploads\/2020\/12\/cropped-logo-2.png","contentUrl":"https:\/\/skyline-gs.com\/wp-content\/uploads\/2020\/12\/cropped-logo-2.png","width":512,"height":512,"caption":"\u042d\u043a\u0441\u043a\u0443\u0440\u0441\u0438\u0438 Skyline"},"image":{"@id":"https:\/\/skyline-gs.com\/it\/#\/schema\/logo\/image\/"},"sameAs":["https:\/\/www.instagram.com\/skylineglobalservice\/"]}]}},"_links":{"self":[{"href":"https:\/\/skyline-gs.com\/hu\/wp-json\/wp\/v2\/product\/34407","targetHints":{"allow":["GET"]}}],"collection":[{"href":"https:\/\/skyline-gs.com\/hu\/wp-json\/wp\/v2\/product"}],"about":[{"href":"https:\/\/skyline-gs.com\/hu\/wp-json\/wp\/v2\/types\/product"}],"version-history":[{"count":0,"href":"https:\/\/skyline-gs.com\/hu\/wp-json\/wp\/v2\/product\/34407\/revisions"}],"wp:featuredmedia":[{"embeddable":true,"href":"https:\/\/skyline-gs.com\/hu\/wp-json\/wp\/v2\/media\/34408"}],"wp:attachment":[{"href":"https:\/\/skyline-gs.com\/hu\/wp-json\/wp\/v2\/media?parent=34407"}],"wp:term":[{"taxonomy":"product_brand","embeddable":true,"href":"https:\/\/skyline-gs.com\/hu\/wp-json\/wp\/v2\/product_brand?post=34407"},{"taxonomy":"product_cat","embeddable":true,"href":"https:\/\/skyline-gs.com\/hu\/wp-json\/wp\/v2\/product_cat?post=34407"},{"taxonomy":"product_tag","embeddable":true,"href":"https:\/\/skyline-gs.com\/hu\/wp-json\/wp\/v2\/product_tag?post=34407"}],"curies":[{"name":"wp","href":"https:\/\/api.w.org\/{rel}","templated":true}]}}