{"id":34392,"date":"2022-01-17T17:29:53","date_gmt":"2022-01-17T15:29:53","guid":{"rendered":"http:\/\/skyline-gs.com\/?post_type=product&#038;p=34392"},"modified":"2026-02-01T21:37:04","modified_gmt":"2026-02-01T19:37:04","slug":"sacred-mount-kulen-siemreap","status":"publish","type":"product","link":"https:\/\/skyline-gs.com\/hu\/product\/sacred-mount-kulen-siemreap\/","title":{"rendered":"A hatalom helyei. A Kulen szent hegy"},"content":{"rendered":"<p>8:00 kijelentkez\u00e9s a sz\u00e1llod\u00e1b\u00f3l. <strong>A  oldalon.<\/strong> <strong>Phnom Kulen (\"licsi-hegy\").<\/strong> <strong>megsz\u00fcletett az \u0151si \u00e9s hatalmas Khmer Birodalom.<\/strong>amikor az alap\u00edt\u00f3 kir\u00e1ly, Jayavarman II. kiki\u00e1ltotta J\u00e1va f\u00fcggetlens\u00e9g\u00e9t. E hegy k\u00f6zep\u00e9n v\u00e9gezte el a Devaraja-szertart\u00e1st, \u00e9s istenkir\u00e1lly\u00e1 nyilv\u00e1n\u00edtotta mag\u00e1t. A Phnom Kulen egy hatalmas, 25*10 kilom\u00e9teres fenns\u00edk. <strong>\u00d3ri\u00e1si vulkanikus eredet\u0171 szikl\u00e1kkal tark\u00edtott.<\/strong>. A reliktum erd\u0151k sz\u00e1mos ritka \u00e1llatnak \u00e9s mad\u00e1rnak adnak otthont. Az eg\u00e9sz fenns\u00edk nemzeti park. A Kulena foly\u00f3 a forr\u00e1sa a <strong>az angkori ter\u00fclet f\u0151 v\u00edzi \u00fatja<\/strong>. A Khmer Birodalomban ez volt az orsz\u00e1g f\u0151 v\u00edzi \u00fatvonala, \u00e9s ez adta az \u00e9letet a f\u0151v\u00e1ros lakoss\u00e1g\u00e1nak. Nem csoda, hogy Phnom Kulen a kambodzsaiak sz\u00e1m\u00e1ra nagy vall\u00e1si \u00e9s kultur\u00e1lis zar\u00e1ndokhely.<\/p>\n<p>R\u00e9szv\u00e9teli pontok:<\/p>\n<ul>\n<li><strong>Hiteles 16. sz\u00e1zadi buddhista pagoda.<\/strong> Kambodzsa legnagyobb, 8 m\u00e9ter magas alv\u00f3 Buddh\u00e1j\u00e1val. A szobor egyenesen a hegytet\u0151b\u0151l van kiv\u00e1jva, \u00e9s a hegy r\u00e9sze.<\/li>\n<li><strong>Az ezer lingam foly\u00f3ja<\/strong>. A foly\u00f3 medre tele van f\u00e9rfi \u00e9s n\u0151i vall\u00e1si szimb\u00f3lumokkal. A sz\u00e1raz \u00e9vszakban l\u00e1thatjuk Visnu k\u00e9p\u00e9t, mint a vil\u00e1g k\u00e1oszb\u00f3l val\u00f3 sz\u00fclet\u00e9s\u00e9nek szimb\u00f3lum\u00e1t.<\/li>\n<li><strong>Egy szent k\u00e9t kaszk\u00e1dos v\u00edzes\u00e9s<\/strong>. Egy hely az energiz\u00e1l\u00e1shoz. A v\u00edzes\u00e9sben val\u00f3 f\u00fcrd\u00e9s friss\u00edt\u0151 \u00e9s sok \u00e9rzelmet ad.<\/li>\n<\/ul>\n<p>\u0412\u043e\u0437\u0432\u0440\u0430\u0449\u0435\u043d\u0438\u0435 \u0432 \u043e\u0442\u0435\u043b\u044c \u043e\u043a\u043e\u043b\u043e 15:00.<\/p>\n<p><strong>Tartalmazza:<\/strong><\/p>\n<ul>\n<li>Transzfer a sz\u00e1llod\u00e1b\u00f3l \u00e9s vissza<\/li>\n<li>Minden transzfer l\u00e9gkondicion\u00e1lt j\u00e1rm\u0171vekkel az \u00fatvonalon<\/li>\n<li>Magyarul besz\u00e9l\u0151 idegenvezet\u0151<\/li>\n<li>Bel\u00e9p\u0151jegyek<\/li>\n<\/ul>\n<p><strong>Nem tartalmazza:<\/strong><\/p>\n<ul>\n<li>Eb\u00e9d \u00e9s italok<\/li>\n<\/ul>\n<p><strong>Vigy\u00e9l magaddal:<\/strong><\/p>\n<ul>\n<li>V\u00edz<\/li>\n<li>\u00dasz\u00f3\u00f6lt\u00f6zet<\/li>\n<li>T\u00f6r\u00fclk\u00f6z\u0151<\/li>\n<li>Fejd\u00edsz<\/li>\n<li>F\u00e9nyv\u00e9d\u0151 kr\u00e9m<\/li>\n<li>Zsebp\u00e9nz<\/li>\n<li>Szer\u00e9ny megjelen\u00e9s a pagoda megl\u00e1togat\u00e1s\u00e1hoz<\/li>\n<\/ul>","protected":false},"excerpt":{"rendered":"<p><strong>Kir\u00e1ndul\u00e1s Id\u0151pontja:<\/strong> 8:00 - 15:00<\/p>\n<p><strong>A Kir\u00e1ndul\u00e1s Napjai:<\/strong> Naponta<\/p>","protected":false},"featured_media":34406,"template":"","meta":{"_kad_post_transparent":"default","_kad_post_title":"","_kad_post_layout":"default","_kad_post_sidebar_id":"","_kad_post_content_style":"default","_kad_post_vertical_padding":"default","_kad_post_feature":"","_kad_post_feature_position":"","_kad_post_header":false,"_kad_post_footer":false,"_kad_post_classname":"","_glsr_average":0,"_glsr_ranking":0,"_glsr_reviews":0},"product_brand":[],"product_cat":[441],"product_tag":[],"class_list":{"0":"post-34392","1":"product","2":"type-product","3":"status-publish","4":"has-post-thumbnail","6":"product_cat-siem-reap","7":"tm-has-options","9":"first","10":"instock","11":"sold-individually","12":"taxable","13":"shipping-taxable","14":"purchasable","15":"product-type-simple","16":"entry","17":"content-bg","18":"loop-entry"},"yoast_head":"<!-- This site is optimized with the Yoast SEO plugin v27.3 - https:\/\/yoast.com\/product\/yoast-seo-wordpress\/ -->\n<title>\u041f\u043e \u043c\u0435\u0441\u0442\u0430\u043c \u0421\u0438\u043b\u044b. \u0421\u0432\u044f\u0449\u0435\u043d\u043d\u0430\u044f \u0433\u043e\u0440\u0430 \u041a\u0443\u043b\u0435\u043d &#8226; \u042d\u043a\u0441\u043a\u0443\u0440\u0441\u0438\u0438 Skyline<\/title>\n<meta name=\"robots\" content=\"index, follow, max-snippet:-1, max-image-preview:large, max-video-preview:-1\" \/>\n<link rel=\"canonical\" href=\"https:\/\/skyline-gs.com\/hu\/termek\/sacred-mount-kulen-siemreap\/\" \/>\n<meta property=\"og:locale\" content=\"hu_HU\" \/>\n<meta property=\"og:type\" content=\"article\" \/>\n<meta property=\"og:title\" content=\"\u041f\u043e \u043c\u0435\u0441\u0442\u0430\u043c \u0421\u0438\u043b\u044b. \u0421\u0432\u044f\u0449\u0435\u043d\u043d\u0430\u044f \u0433\u043e\u0440\u0430 \u041a\u0443\u043b\u0435\u043d &#8226; \u042d\u043a\u0441\u043a\u0443\u0440\u0441\u0438\u0438 Skyline\" \/>\n<meta property=\"og:description\" content=\"\u0412\u0440\u0435\u043c\u044f \u0442\u0443\u0440\u0430: 8:00 \u2013 15:00  \u0414\u043d\u0438 \u043f\u0440\u043e\u0432\u0435\u0434\u0435\u043d\u0438\u044f: \u0435\u0436\u0435\u0434\u043d\u0435\u0432\u043d\u043e\" \/>\n<meta property=\"og:url\" content=\"https:\/\/skyline-gs.com\/hu\/termek\/sacred-mount-kulen-siemreap\/\" \/>\n<meta property=\"og:site_name\" content=\"\u042d\u043a\u0441\u043a\u0443\u0440\u0441\u0438\u0438 Skyline\" \/>\n<meta property=\"article:modified_time\" content=\"2026-02-01T19:37:04+00:00\" \/>\n<meta property=\"og:image\" content=\"https:\/\/skyline-gs.com\/wp-content\/uploads\/2022\/01\/14-5.png\" \/>\n\t<meta property=\"og:image:width\" content=\"669\" \/>\n\t<meta property=\"og:image:height\" content=\"446\" \/>\n\t<meta property=\"og:image:type\" content=\"image\/png\" \/>\n<meta name=\"twitter:card\" content=\"summary_large_image\" \/>\n<meta name=\"twitter:label1\" content=\"Becs\u00fclt olvas\u00e1si id\u0151\" \/>\n\t<meta name=\"twitter:data1\" content=\"2 perc\" \/>\n<script type=\"application\/ld+json\" class=\"yoast-schema-graph\">{\"@context\":\"https:\\\/\\\/schema.org\",\"@graph\":[{\"@type\":\"WebPage\",\"@id\":\"https:\\\/\\\/skyline-gs.com\\\/product\\\/sacred-mount-kulen-siemreap\\\/\",\"url\":\"https:\\\/\\\/skyline-gs.com\\\/product\\\/sacred-mount-kulen-siemreap\\\/\",\"name\":\"\u041f\u043e \u043c\u0435\u0441\u0442\u0430\u043c \u0421\u0438\u043b\u044b. \u0421\u0432\u044f\u0449\u0435\u043d\u043d\u0430\u044f \u0433\u043e\u0440\u0430 \u041a\u0443\u043b\u0435\u043d &#8226; \u042d\u043a\u0441\u043a\u0443\u0440\u0441\u0438\u0438 Skyline\",\"isPartOf\":{\"@id\":\"https:\\\/\\\/skyline-gs.com\\\/it\\\/#website\"},\"primaryImageOfPage\":{\"@id\":\"https:\\\/\\\/skyline-gs.com\\\/product\\\/sacred-mount-kulen-siemreap\\\/#primaryimage\"},\"image\":{\"@id\":\"https:\\\/\\\/skyline-gs.com\\\/product\\\/sacred-mount-kulen-siemreap\\\/#primaryimage\"},\"thumbnailUrl\":\"https:\\\/\\\/skyline-gs.com\\\/wp-content\\\/uploads\\\/2022\\\/01\\\/14-5.png\",\"datePublished\":\"2022-01-17T15:29:53+00:00\",\"dateModified\":\"2026-02-01T19:37:04+00:00\",\"breadcrumb\":{\"@id\":\"https:\\\/\\\/skyline-gs.com\\\/product\\\/sacred-mount-kulen-siemreap\\\/#breadcrumb\"},\"inLanguage\":\"hu\",\"potentialAction\":[{\"@type\":\"ReadAction\",\"target\":[\"https:\\\/\\\/skyline-gs.com\\\/product\\\/sacred-mount-kulen-siemreap\\\/\"]}]},{\"@type\":\"ImageObject\",\"inLanguage\":\"hu\",\"@id\":\"https:\\\/\\\/skyline-gs.com\\\/product\\\/sacred-mount-kulen-siemreap\\\/#primaryimage\",\"url\":\"https:\\\/\\\/skyline-gs.com\\\/wp-content\\\/uploads\\\/2022\\\/01\\\/14-5.png\",\"contentUrl\":\"https:\\\/\\\/skyline-gs.com\\\/wp-content\\\/uploads\\\/2022\\\/01\\\/14-5.png\",\"width\":669,\"height\":446},{\"@type\":\"BreadcrumbList\",\"@id\":\"https:\\\/\\\/skyline-gs.com\\\/product\\\/sacred-mount-kulen-siemreap\\\/#breadcrumb\",\"itemListElement\":[{\"@type\":\"ListItem\",\"position\":1,\"name\":\"\u0413\u043b\u0430\u0432\u043d\u0430\u044f \u0441\u0442\u0440\u0430\u043d\u0438\u0446\u0430\",\"item\":\"https:\\\/\\\/skyline-gs.com\\\/hu\\\/\"},{\"@type\":\"ListItem\",\"position\":2,\"name\":\"\u041c\u0430\u0433\u0430\u0437\u0438\u043d\",\"item\":\"https:\\\/\\\/skyline-gs.com\\\/cs\\\/shop\\\/\"},{\"@type\":\"ListItem\",\"position\":3,\"name\":\"\u041f\u043e \u043c\u0435\u0441\u0442\u0430\u043c \u0421\u0438\u043b\u044b. \u0421\u0432\u044f\u0449\u0435\u043d\u043d\u0430\u044f \u0433\u043e\u0440\u0430 \u041a\u0443\u043b\u0435\u043d\"}]},{\"@type\":\"WebSite\",\"@id\":\"https:\\\/\\\/skyline-gs.com\\\/it\\\/#website\",\"url\":\"https:\\\/\\\/skyline-gs.com\\\/it\\\/\",\"name\":\"\u042d\u043a\u0441\u043a\u0443\u0440\u0441\u0438\u0438 Skyline\",\"description\":\"\u042d\u043a\u0441\u043a\u043b\u044e\u0437\u0438\u0432\u043d\u044b\u0435 \u044d\u043a\u0441\u043a\u0443\u0440\u0441\u0438\u0438 \u043d\u0430 \u043b\u0443\u0447\u0448\u0438\u0445 \u043a\u0443\u0440\u043e\u0440\u0442\u0430\u0445 \u043c\u0438\u0440\u0430\",\"publisher\":{\"@id\":\"https:\\\/\\\/skyline-gs.com\\\/it\\\/#organization\"},\"alternateName\":\"Skyline\",\"potentialAction\":[{\"@type\":\"SearchAction\",\"target\":{\"@type\":\"EntryPoint\",\"urlTemplate\":\"https:\\\/\\\/skyline-gs.com\\\/it\\\/?s={search_term_string}\"},\"query-input\":{\"@type\":\"PropertyValueSpecification\",\"valueRequired\":true,\"valueName\":\"search_term_string\"}}],\"inLanguage\":\"hu\"},{\"@type\":\"Organization\",\"@id\":\"https:\\\/\\\/skyline-gs.com\\\/it\\\/#organization\",\"name\":\"\u042d\u043a\u0441\u043a\u0443\u0440\u0441\u0438\u0438 Skyline\",\"alternateName\":\"\u042d\u043a\u0441\u043a\u0443\u0440\u0441\u0438\u0438 Skyline\",\"url\":\"https:\\\/\\\/skyline-gs.com\\\/it\\\/\",\"logo\":{\"@type\":\"ImageObject\",\"inLanguage\":\"hu\",\"@id\":\"https:\\\/\\\/skyline-gs.com\\\/it\\\/#\\\/schema\\\/logo\\\/image\\\/\",\"url\":\"https:\\\/\\\/skyline-gs.com\\\/wp-content\\\/uploads\\\/2020\\\/12\\\/cropped-logo-2.png\",\"contentUrl\":\"https:\\\/\\\/skyline-gs.com\\\/wp-content\\\/uploads\\\/2020\\\/12\\\/cropped-logo-2.png\",\"width\":512,\"height\":512,\"caption\":\"\u042d\u043a\u0441\u043a\u0443\u0440\u0441\u0438\u0438 Skyline\"},\"image\":{\"@id\":\"https:\\\/\\\/skyline-gs.com\\\/it\\\/#\\\/schema\\\/logo\\\/image\\\/\"},\"sameAs\":[\"https:\\\/\\\/www.instagram.com\\\/skylineglobalservice\\\/\"]}]}<\/script>\n<!-- \/ Yoast SEO plugin. -->","yoast_head_json":{"title":"\u041f\u043e \u043c\u0435\u0441\u0442\u0430\u043c \u0421\u0438\u043b\u044b. \u0421\u0432\u044f\u0449\u0435\u043d\u043d\u0430\u044f \u0433\u043e\u0440\u0430 \u041a\u0443\u043b\u0435\u043d &#8226; \u042d\u043a\u0441\u043a\u0443\u0440\u0441\u0438\u0438 Skyline","robots":{"index":"index","follow":"follow","max-snippet":"max-snippet:-1","max-image-preview":"max-image-preview:large","max-video-preview":"max-video-preview:-1"},"canonical":"https:\/\/skyline-gs.com\/hu\/termek\/sacred-mount-kulen-siemreap\/","og_locale":"hu_HU","og_type":"article","og_title":"\u041f\u043e \u043c\u0435\u0441\u0442\u0430\u043c \u0421\u0438\u043b\u044b. \u0421\u0432\u044f\u0449\u0435\u043d\u043d\u0430\u044f \u0433\u043e\u0440\u0430 \u041a\u0443\u043b\u0435\u043d &#8226; \u042d\u043a\u0441\u043a\u0443\u0440\u0441\u0438\u0438 Skyline","og_description":"\u0412\u0440\u0435\u043c\u044f \u0442\u0443\u0440\u0430: 8:00 \u2013 15:00  \u0414\u043d\u0438 \u043f\u0440\u043e\u0432\u0435\u0434\u0435\u043d\u0438\u044f: \u0435\u0436\u0435\u0434\u043d\u0435\u0432\u043d\u043e","og_url":"https:\/\/skyline-gs.com\/hu\/termek\/sacred-mount-kulen-siemreap\/","og_site_name":"\u042d\u043a\u0441\u043a\u0443\u0440\u0441\u0438\u0438 Skyline","article_modified_time":"2026-02-01T19:37:04+00:00","og_image":[{"width":669,"height":446,"url":"https:\/\/skyline-gs.com\/wp-content\/uploads\/2022\/01\/14-5.png","type":"image\/png"}],"twitter_card":"summary_large_image","twitter_misc":{"Becs\u00fclt olvas\u00e1si id\u0151":"2 perc"},"schema":{"@context":"https:\/\/schema.org","@graph":[{"@type":"WebPage","@id":"https:\/\/skyline-gs.com\/product\/sacred-mount-kulen-siemreap\/","url":"https:\/\/skyline-gs.com\/product\/sacred-mount-kulen-siemreap\/","name":"\u041f\u043e \u043c\u0435\u0441\u0442\u0430\u043c \u0421\u0438\u043b\u044b. \u0421\u0432\u044f\u0449\u0435\u043d\u043d\u0430\u044f \u0433\u043e\u0440\u0430 \u041a\u0443\u043b\u0435\u043d &#8226; \u042d\u043a\u0441\u043a\u0443\u0440\u0441\u0438\u0438 Skyline","isPartOf":{"@id":"https:\/\/skyline-gs.com\/it\/#website"},"primaryImageOfPage":{"@id":"https:\/\/skyline-gs.com\/product\/sacred-mount-kulen-siemreap\/#primaryimage"},"image":{"@id":"https:\/\/skyline-gs.com\/product\/sacred-mount-kulen-siemreap\/#primaryimage"},"thumbnailUrl":"https:\/\/skyline-gs.com\/wp-content\/uploads\/2022\/01\/14-5.png","datePublished":"2022-01-17T15:29:53+00:00","dateModified":"2026-02-01T19:37:04+00:00","breadcrumb":{"@id":"https:\/\/skyline-gs.com\/product\/sacred-mount-kulen-siemreap\/#breadcrumb"},"inLanguage":"hu","potentialAction":[{"@type":"ReadAction","target":["https:\/\/skyline-gs.com\/product\/sacred-mount-kulen-siemreap\/"]}]},{"@type":"ImageObject","inLanguage":"hu","@id":"https:\/\/skyline-gs.com\/product\/sacred-mount-kulen-siemreap\/#primaryimage","url":"https:\/\/skyline-gs.com\/wp-content\/uploads\/2022\/01\/14-5.png","contentUrl":"https:\/\/skyline-gs.com\/wp-content\/uploads\/2022\/01\/14-5.png","width":669,"height":446},{"@type":"BreadcrumbList","@id":"https:\/\/skyline-gs.com\/product\/sacred-mount-kulen-siemreap\/#breadcrumb","itemListElement":[{"@type":"ListItem","position":1,"name":"\u0413\u043b\u0430\u0432\u043d\u0430\u044f \u0441\u0442\u0440\u0430\u043d\u0438\u0446\u0430","item":"https:\/\/skyline-gs.com\/hu\/"},{"@type":"ListItem","position":2,"name":"\u041c\u0430\u0433\u0430\u0437\u0438\u043d","item":"https:\/\/skyline-gs.com\/cs\/shop\/"},{"@type":"ListItem","position":3,"name":"\u041f\u043e \u043c\u0435\u0441\u0442\u0430\u043c \u0421\u0438\u043b\u044b. \u0421\u0432\u044f\u0449\u0435\u043d\u043d\u0430\u044f \u0433\u043e\u0440\u0430 \u041a\u0443\u043b\u0435\u043d"}]},{"@type":"WebSite","@id":"https:\/\/skyline-gs.com\/it\/#website","url":"https:\/\/skyline-gs.com\/it\/","name":"Skyline T\u00far\u00e1k","description":"Exkluz\u00edv kir\u00e1ndul\u00e1sok a vil\u00e1g legjobb \u00fcd\u00fcl\u0151helyein","publisher":{"@id":"https:\/\/skyline-gs.com\/it\/#organization"},"alternateName":"Skyline","potentialAction":[{"@type":"SearchAction","target":{"@type":"EntryPoint","urlTemplate":"https:\/\/skyline-gs.com\/it\/?s={search_term_string}"},"query-input":{"@type":"PropertyValueSpecification","valueRequired":true,"valueName":"search_term_string"}}],"inLanguage":"hu"},{"@type":"Organization","@id":"https:\/\/skyline-gs.com\/it\/#organization","name":"Skyline T\u00far\u00e1k","alternateName":"\u042d\u043a\u0441\u043a\u0443\u0440\u0441\u0438\u0438 Skyline","url":"https:\/\/skyline-gs.com\/it\/","logo":{"@type":"ImageObject","inLanguage":"hu","@id":"https:\/\/skyline-gs.com\/it\/#\/schema\/logo\/image\/","url":"https:\/\/skyline-gs.com\/wp-content\/uploads\/2020\/12\/cropped-logo-2.png","contentUrl":"https:\/\/skyline-gs.com\/wp-content\/uploads\/2020\/12\/cropped-logo-2.png","width":512,"height":512,"caption":"\u042d\u043a\u0441\u043a\u0443\u0440\u0441\u0438\u0438 Skyline"},"image":{"@id":"https:\/\/skyline-gs.com\/it\/#\/schema\/logo\/image\/"},"sameAs":["https:\/\/www.instagram.com\/skylineglobalservice\/"]}]}},"_links":{"self":[{"href":"https:\/\/skyline-gs.com\/hu\/wp-json\/wp\/v2\/product\/34392","targetHints":{"allow":["GET"]}}],"collection":[{"href":"https:\/\/skyline-gs.com\/hu\/wp-json\/wp\/v2\/product"}],"about":[{"href":"https:\/\/skyline-gs.com\/hu\/wp-json\/wp\/v2\/types\/product"}],"version-history":[{"count":0,"href":"https:\/\/skyline-gs.com\/hu\/wp-json\/wp\/v2\/product\/34392\/revisions"}],"wp:featuredmedia":[{"embeddable":true,"href":"https:\/\/skyline-gs.com\/hu\/wp-json\/wp\/v2\/media\/34406"}],"wp:attachment":[{"href":"https:\/\/skyline-gs.com\/hu\/wp-json\/wp\/v2\/media?parent=34392"}],"wp:term":[{"taxonomy":"product_brand","embeddable":true,"href":"https:\/\/skyline-gs.com\/hu\/wp-json\/wp\/v2\/product_brand?post=34392"},{"taxonomy":"product_cat","embeddable":true,"href":"https:\/\/skyline-gs.com\/hu\/wp-json\/wp\/v2\/product_cat?post=34392"},{"taxonomy":"product_tag","embeddable":true,"href":"https:\/\/skyline-gs.com\/hu\/wp-json\/wp\/v2\/product_tag?post=34392"}],"curies":[{"name":"wp","href":"https:\/\/api.w.org\/{rel}","templated":true}]}}