{"id":33315,"date":"2021-12-28T17:57:57","date_gmt":"2021-12-28T15:57:57","guid":{"rendered":"http:\/\/skyline-gs.com\/?post_type=product&#038;p=33315"},"modified":"2026-03-27T02:19:43","modified_gmt":"2026-03-27T00:19:43","slug":"individual-pyramids-of-giza-sharm","status":"publish","type":"product","link":"https:\/\/skyline-gs.com\/hu\/product\/individual-pyramids-of-giza-sharm\/","title":{"rendered":"Szem\u00e9lyre szabott Kair\u00f3"},"content":{"rendered":"<p>Kair\u00f3 \u00e9s a Kheopsz-piramis - amelyet joggal tartanak a legr\u00e9gebbi \u00e9s az egyetlen m\u00e1ig fennmaradt m\u0171t\u00e1rgynak az \u00f3kori vil\u00e1g h\u00e9t csod\u00e1j\u00e1nak list\u00e1j\u00e1r\u00f3l. Egyiptom f\u0151v\u00e1rosa - a t\u00f6bb mint 20 milli\u00f3 lakos\u00fa Kair\u00f3 500 kilom\u00e9terre fekszik Sharm el Sheikh-t\u0151l. Kair\u00f3ban megl\u00e1togatja: az Egyiptomi Nemzeti M\u00fazeumot, a g\u00edzai nagy piramisokat \u00e9s a Szfinxet, papiruszgy\u00e1rat, olaj- \u00e9s parf\u00fcmgy\u00e1rat, eb\u00e9del a N\u00edlus partj\u00e1n. Lehet\u0151s\u00e9g\u00fck lesz arra is, hogy vitorl\u00e1ssal (Felucca) haj\u00f3zzanak a N\u00edluson. A nap v\u00e9g\u00e9n visszautaz\u00e1s Sharmba, \u00e9s \u00e9jf\u00e9l k\u00f6r\u00fcl \u00e9rkezik meg a sz\u00e1llod\u00e1j\u00e1ba.<\/p>\n<p>Kijelentkez\u00e9s a sz\u00e1llod\u00e1b\u00f3l 1:00 \u00f3rakor. K\u00e9nyelmes, l\u00e9gkondicion\u00e1lt aut\u00f3val utazik Kair\u00f3ba, az \u00fat k\u00f6r\u00fclbel\u00fcl 6 \u00f3r\u00e1t vesz ig\u00e9nybe. Az utaz\u00e1s az Egyiptomi Nemzeti M\u00fazeum megl\u00e1togat\u00e1s\u00e1val kezd\u0151dik - amely a vil\u00e1g legnagyobb r\u00e9g\u00e9szeti gy\u0171jtem\u00e9ny\u00e9nek p\u00e1ratlan \u0151rz\u0151je, amely az \u00f3kori Egyiptom minden t\u00f6rt\u00e9nelmi korszak\u00e1ra vonatkozik, eg\u00e9szen a g\u00f6r\u00f6g-r\u00f3mai korig. A gy\u0171jtem\u00e9ny mintegy 160 000 leletet tartalmaz, k\u00f6zt\u00fck Tutanhamon s\u00edrj\u00e1nak tartalm\u00e1t \u00e9s m\u00fami\u00e1kat.<\/p>\n<p>Eb\u00e9d egy panor\u00e1m\u00e1s \u00e9tteremben a N\u00edlus foly\u00f3 partj\u00e1n. Eb\u00e9d ut\u00e1n elutaznak oda, ahol meg\u00e1ll az id\u0151, Egyiptom jelk\u00e9p\u00e9hez, a Nagy Piramisokhoz \u00e9s a Szfinxhez. Egyiptomban t\u00f6bb mint 100 piramis tal\u00e1lhat\u00f3, de a legh\u00edresebbek a g\u00edzai piramisok, amelyeket minden id\u0151k els\u0151 vil\u00e1gcsod\u00e1j\u00e1nak tartanak. G\u00edza Kair\u00f3 egyik k\u00fclv\u00e1rosa, \u00e9s vil\u00e1gh\u00edr\u0171. Ell\u00e1togat a Papirusz M\u00fazeumba, ahol elmondj\u00e1k \u00e9s megmutatj\u00e1k, hogyan k\u00e9sz\u00edtett\u00e9k a papiruszt az \u00f3korban, illetve az illatszer- \u00e9s olajgy\u00e1rba. Visszautaz\u00e1s \u00e9s visszat\u00e9r\u00e9s a sz\u00e1llod\u00e1ba 22:00 \u00f3ra k\u00f6r\u00fcl.<\/p>\n<p><strong>Tartalmazza:<\/strong><\/p>\n<ul>\n<li>Transzfer a sz\u00e1llod\u00e1b\u00f3l \u00e9s a sz\u00e1llod\u00e1ba<\/li>\n<li>Kir\u00e1ndul\u00e1s k\u00e9nyelmes l\u00e9gkondicion\u00e1lt aut\u00f3val<\/li>\n<li>Eb\u00e9d az \u00e9tteremben<\/li>\n<li>Orosz nyelv\u0171 egyiptol\u00f3gus idegenvezet\u0151<\/li>\n<li>Bel\u00e9p\u0151jegyek a programban felt\u00fcntetett \u00f6sszes helysz\u00ednre<\/li>\n<\/ul>\n<p><strong>Nem tartalmazza:<\/strong><\/p>\n<ul>\n<li>Italok az \u00e9tteremben<\/li>\n<li>Utaz\u00e1s a N\u00edluson a Feluke vitorl\u00e1ssal +10$<\/li>\n<\/ul>\n<p><strong>Vigy\u00e9l magaddal:<\/strong><\/p>\n<ul>\n<li>\u00datlev\u00e9l<\/li>\n<li>K\u00e9nyelmes, cip\u0151<\/li>\n<li>Fejd\u00edsz<\/li>\n<li>Napszem\u00fcveg<\/li>\n<li>Eb\u00e9ddoboz (a reggelit a kir\u00e1ndul\u00e1s el\u0151tti napon a sz\u00e1lloda recepci\u00f3j\u00e1n rendelje meg, a reggeli ingyenes).<\/li>\n<li>V\u00edz<\/li>\n<li>Fot\u00f3- \u00e9s videofelszerel\u00e9sek<\/li>\n<li>P\u00e9nz: italok v\u00e1s\u00e1rl\u00e1s\u00e1ra eb\u00e9dn\u00e9l\/ szuven\u00edrek v\u00e1s\u00e1rl\u00e1s\u00e1ra \u00e9s szem\u00e9lyes kiad\u00e1sokra<\/li>\n<li>Meleg ruh\u00e1zat (t\u00e9len)<\/li>\n<\/ul>\n<p><strong>Foglal\u00e1si felt\u00e9telek:<\/strong><\/p>\n<ul>\n<li>Az 100$ el\u0151legfizet\u00e9s sz\u00fcks\u00e9ges. A teljes \u00f6sszeg visszat\u00e9r\u00edtend\u0151, ha a t\u00fara kezdete el\u0151tt 48 \u00f3r\u00e1val lemondj\u00e1k.<\/li>\n<\/ul>\n<p><strong>Figyelem!<\/strong>\u00a0 \u0414\u043b\u044f \u043f\u043e\u0435\u0437\u0434\u043a\u0438 \u043d\u0430 \u0434\u0430\u043d\u043d\u0443\u044e \u043f\u0440\u043e\u0433\u0440\u0430\u043c\u043c\u0443 \u0432 \u043f\u0430\u0441\u043f\u043e\u0440\u0442\u0435 \u0434\u043e\u043b\u0436\u043d\u0430 \u0441\u0442\u043e\u044f\u0442\u044c \u0435\u0433\u0438\u043f\u0435\u0442\u0441\u043a\u0430\u044f \u0432\u0438\u0437\u0430 \u0437\u0430 30$, \u043a\u043e\u0442\u043e\u0440\u0430\u044f \u0441\u0442\u0430\u0432\u0438\u0442\u0441\u044f \u0432 \u0430\u044d\u0440\u043e\u043f\u043e\u0440\u0442\u0443 \u043f\u043e \u043f\u0440\u0438\u043b\u0435\u0442\u0443. \u0415\u0441\u043b\u0438 \u0412\u044b \u043d\u0435 \u043a\u0443\u043f\u0438\u043b\u0438 \u0432\u0438\u0437\u0443 \u0438 \u0445\u043e\u0442\u0438\u0442\u0435 \u043f\u043e\u0435\u0445\u0430\u0442\u044c \u0432 \u041a\u0430\u0438\u0440 \u2014 \u0441\u0432\u044f\u0436\u0438\u0442\u0435\u0441\u044c \u0441 \u043d\u0430\u043c\u0438, \u043c\u044b \u043f\u043e\u043c\u043e\u0436\u0435\u043c. \u0426\u0435\u043d\u0430 \u2014 30$ \u0437\u0430 \u0432\u0438\u0437\u0443 + 7$ \u0437\u0430 \u043e\u0444\u043e\u0440\u043c\u043b\u0435\u043d\u0438\u0435.<\/p>","protected":false},"excerpt":{"rendered":"<p><strong>Kir\u00e1ndul\u00e1s Id\u0151pontja:<\/strong> 1:00 &#8212; 22:00<\/p>\n<p><strong>A Kir\u00e1ndul\u00e1s Napjai:<\/strong> Naponta<\/p>","protected":false},"featured_media":33317,"template":"","meta":{"_kad_post_transparent":"default","_kad_post_title":"","_kad_post_layout":"default","_kad_post_sidebar_id":"","_kad_post_content_style":"default","_kad_post_vertical_padding":"default","_kad_post_feature":"","_kad_post_feature_position":"","_kad_post_header":false,"_kad_post_footer":false,"_kad_post_classname":"","_glsr_average":0,"_glsr_ranking":0,"_glsr_reviews":0},"product_brand":[],"product_cat":[476,435],"product_tag":[],"class_list":{"0":"post-33315","1":"product","2":"type-product","3":"status-publish","4":"has-post-thumbnail","6":"product_cat-individual-sharm","7":"product_cat-sharm-el-sheikh","8":"tm-has-options","10":"first","11":"instock","12":"sale","13":"sold-individually","14":"taxable","15":"shipping-taxable","16":"purchasable","17":"product-type-simple","18":"entry","19":"content-bg","20":"loop-entry"},"yoast_head":"<!-- This site is optimized with the Yoast SEO plugin v27.3 - https:\/\/yoast.com\/product\/yoast-seo-wordpress\/ -->\n<title>\u0418\u043d\u0434\u0438\u0432\u0438\u0434\u0443\u0430\u043b\u044c\u043d\u044b\u0439 \u041a\u0430\u0438\u0440 &#8226; \u042d\u043a\u0441\u043a\u0443\u0440\u0441\u0438\u0438 Skyline<\/title>\n<meta name=\"robots\" content=\"index, follow, max-snippet:-1, max-image-preview:large, max-video-preview:-1\" \/>\n<link rel=\"canonical\" href=\"https:\/\/skyline-gs.com\/hu\/termek\/individual-pyramids-of-giza-sharm\/\" \/>\n<meta property=\"og:locale\" content=\"hu_HU\" \/>\n<meta property=\"og:type\" content=\"article\" \/>\n<meta property=\"og:title\" content=\"\u0418\u043d\u0434\u0438\u0432\u0438\u0434\u0443\u0430\u043b\u044c\u043d\u044b\u0439 \u041a\u0430\u0438\u0440 &#8226; \u042d\u043a\u0441\u043a\u0443\u0440\u0441\u0438\u0438 Skyline\" \/>\n<meta property=\"og:description\" content=\"\u0412\u0440\u0435\u043c\u044f \u0442\u0443\u0440\u0430: 1:00 - 22:00  \u0414\u043d\u0438 \u043f\u0440\u043e\u0432\u0435\u0434\u0435\u043d\u0438\u044f: \u0435\u0436\u0435\u0434\u043d\u0435\u0432\u043d\u043e\" \/>\n<meta property=\"og:url\" content=\"https:\/\/skyline-gs.com\/hu\/termek\/individual-pyramids-of-giza-sharm\/\" \/>\n<meta property=\"og:site_name\" content=\"\u042d\u043a\u0441\u043a\u0443\u0440\u0441\u0438\u0438 Skyline\" \/>\n<meta property=\"article:modified_time\" content=\"2026-03-27T00:19:43+00:00\" \/>\n<meta property=\"og:image\" content=\"https:\/\/skyline-gs.com\/wp-content\/uploads\/2021\/12\/Kair-10-of-11.jpg\" \/>\n\t<meta property=\"og:image:width\" content=\"900\" \/>\n\t<meta property=\"og:image:height\" content=\"600\" \/>\n\t<meta property=\"og:image:type\" content=\"image\/jpeg\" \/>\n<meta name=\"twitter:card\" content=\"summary_large_image\" \/>\n<meta name=\"twitter:label1\" content=\"Becs\u00fclt olvas\u00e1si id\u0151\" \/>\n\t<meta name=\"twitter:data1\" content=\"3 perc\" \/>\n<script type=\"application\/ld+json\" class=\"yoast-schema-graph\">{\"@context\":\"https:\\\/\\\/schema.org\",\"@graph\":[{\"@type\":\"WebPage\",\"@id\":\"https:\\\/\\\/skyline-gs.com\\\/product\\\/individual-pyramids-of-giza-sharm\\\/\",\"url\":\"https:\\\/\\\/skyline-gs.com\\\/product\\\/individual-pyramids-of-giza-sharm\\\/\",\"name\":\"\u0418\u043d\u0434\u0438\u0432\u0438\u0434\u0443\u0430\u043b\u044c\u043d\u044b\u0439 \u041a\u0430\u0438\u0440 &#8226; \u042d\u043a\u0441\u043a\u0443\u0440\u0441\u0438\u0438 Skyline\",\"isPartOf\":{\"@id\":\"https:\\\/\\\/skyline-gs.com\\\/it\\\/#website\"},\"primaryImageOfPage\":{\"@id\":\"https:\\\/\\\/skyline-gs.com\\\/product\\\/individual-pyramids-of-giza-sharm\\\/#primaryimage\"},\"image\":{\"@id\":\"https:\\\/\\\/skyline-gs.com\\\/product\\\/individual-pyramids-of-giza-sharm\\\/#primaryimage\"},\"thumbnailUrl\":\"https:\\\/\\\/skyline-gs.com\\\/wp-content\\\/uploads\\\/2021\\\/12\\\/Kair-10-of-11.jpg\",\"datePublished\":\"2021-12-28T15:57:57+00:00\",\"dateModified\":\"2026-03-27T00:19:43+00:00\",\"breadcrumb\":{\"@id\":\"https:\\\/\\\/skyline-gs.com\\\/product\\\/individual-pyramids-of-giza-sharm\\\/#breadcrumb\"},\"inLanguage\":\"hu\",\"potentialAction\":[{\"@type\":\"ReadAction\",\"target\":[\"https:\\\/\\\/skyline-gs.com\\\/product\\\/individual-pyramids-of-giza-sharm\\\/\"]}]},{\"@type\":\"ImageObject\",\"inLanguage\":\"hu\",\"@id\":\"https:\\\/\\\/skyline-gs.com\\\/product\\\/individual-pyramids-of-giza-sharm\\\/#primaryimage\",\"url\":\"https:\\\/\\\/skyline-gs.com\\\/wp-content\\\/uploads\\\/2021\\\/12\\\/Kair-10-of-11.jpg\",\"contentUrl\":\"https:\\\/\\\/skyline-gs.com\\\/wp-content\\\/uploads\\\/2021\\\/12\\\/Kair-10-of-11.jpg\",\"width\":900,\"height\":600},{\"@type\":\"BreadcrumbList\",\"@id\":\"https:\\\/\\\/skyline-gs.com\\\/product\\\/individual-pyramids-of-giza-sharm\\\/#breadcrumb\",\"itemListElement\":[{\"@type\":\"ListItem\",\"position\":1,\"name\":\"\u0413\u043b\u0430\u0432\u043d\u0430\u044f \u0441\u0442\u0440\u0430\u043d\u0438\u0446\u0430\",\"item\":\"https:\\\/\\\/skyline-gs.com\\\/hu\\\/\"},{\"@type\":\"ListItem\",\"position\":2,\"name\":\"\u041c\u0430\u0433\u0430\u0437\u0438\u043d\",\"item\":\"https:\\\/\\\/skyline-gs.com\\\/cs\\\/shop\\\/\"},{\"@type\":\"ListItem\",\"position\":3,\"name\":\"\u0418\u043d\u0434\u0438\u0432\u0438\u0434\u0443\u0430\u043b\u044c\u043d\u044b\u0439 \u041a\u0430\u0438\u0440\"}]},{\"@type\":\"WebSite\",\"@id\":\"https:\\\/\\\/skyline-gs.com\\\/it\\\/#website\",\"url\":\"https:\\\/\\\/skyline-gs.com\\\/it\\\/\",\"name\":\"\u042d\u043a\u0441\u043a\u0443\u0440\u0441\u0438\u0438 Skyline\",\"description\":\"\u042d\u043a\u0441\u043a\u043b\u044e\u0437\u0438\u0432\u043d\u044b\u0435 \u044d\u043a\u0441\u043a\u0443\u0440\u0441\u0438\u0438 \u043d\u0430 \u043b\u0443\u0447\u0448\u0438\u0445 \u043a\u0443\u0440\u043e\u0440\u0442\u0430\u0445 \u043c\u0438\u0440\u0430\",\"publisher\":{\"@id\":\"https:\\\/\\\/skyline-gs.com\\\/it\\\/#organization\"},\"alternateName\":\"Skyline\",\"potentialAction\":[{\"@type\":\"SearchAction\",\"target\":{\"@type\":\"EntryPoint\",\"urlTemplate\":\"https:\\\/\\\/skyline-gs.com\\\/it\\\/?s={search_term_string}\"},\"query-input\":{\"@type\":\"PropertyValueSpecification\",\"valueRequired\":true,\"valueName\":\"search_term_string\"}}],\"inLanguage\":\"hu\"},{\"@type\":\"Organization\",\"@id\":\"https:\\\/\\\/skyline-gs.com\\\/it\\\/#organization\",\"name\":\"\u042d\u043a\u0441\u043a\u0443\u0440\u0441\u0438\u0438 Skyline\",\"alternateName\":\"\u042d\u043a\u0441\u043a\u0443\u0440\u0441\u0438\u0438 Skyline\",\"url\":\"https:\\\/\\\/skyline-gs.com\\\/it\\\/\",\"logo\":{\"@type\":\"ImageObject\",\"inLanguage\":\"hu\",\"@id\":\"https:\\\/\\\/skyline-gs.com\\\/it\\\/#\\\/schema\\\/logo\\\/image\\\/\",\"url\":\"https:\\\/\\\/skyline-gs.com\\\/wp-content\\\/uploads\\\/2020\\\/12\\\/cropped-logo-2.png\",\"contentUrl\":\"https:\\\/\\\/skyline-gs.com\\\/wp-content\\\/uploads\\\/2020\\\/12\\\/cropped-logo-2.png\",\"width\":512,\"height\":512,\"caption\":\"\u042d\u043a\u0441\u043a\u0443\u0440\u0441\u0438\u0438 Skyline\"},\"image\":{\"@id\":\"https:\\\/\\\/skyline-gs.com\\\/it\\\/#\\\/schema\\\/logo\\\/image\\\/\"},\"sameAs\":[\"https:\\\/\\\/www.instagram.com\\\/skylineglobalservice\\\/\"]}]}<\/script>\n<!-- \/ Yoast SEO plugin. -->","yoast_head_json":{"title":"Szem\u00e9lyre szabott Kair\u00f3 - Skyline kir\u00e1ndul\u00e1sok","robots":{"index":"index","follow":"follow","max-snippet":"max-snippet:-1","max-image-preview":"max-image-preview:large","max-video-preview":"max-video-preview:-1"},"canonical":"https:\/\/skyline-gs.com\/hu\/termek\/individual-pyramids-of-giza-sharm\/","og_locale":"hu_HU","og_type":"article","og_title":"\u0418\u043d\u0434\u0438\u0432\u0438\u0434\u0443\u0430\u043b\u044c\u043d\u044b\u0439 \u041a\u0430\u0438\u0440 &#8226; \u042d\u043a\u0441\u043a\u0443\u0440\u0441\u0438\u0438 Skyline","og_description":"\u0412\u0440\u0435\u043c\u044f \u0442\u0443\u0440\u0430: 1:00 - 22:00  \u0414\u043d\u0438 \u043f\u0440\u043e\u0432\u0435\u0434\u0435\u043d\u0438\u044f: \u0435\u0436\u0435\u0434\u043d\u0435\u0432\u043d\u043e","og_url":"https:\/\/skyline-gs.com\/hu\/termek\/individual-pyramids-of-giza-sharm\/","og_site_name":"\u042d\u043a\u0441\u043a\u0443\u0440\u0441\u0438\u0438 Skyline","article_modified_time":"2026-03-27T00:19:43+00:00","og_image":[{"width":900,"height":600,"url":"https:\/\/skyline-gs.com\/wp-content\/uploads\/2021\/12\/Kair-10-of-11.jpg","type":"image\/jpeg"}],"twitter_card":"summary_large_image","twitter_misc":{"Becs\u00fclt olvas\u00e1si id\u0151":"3 perc"},"schema":{"@context":"https:\/\/schema.org","@graph":[{"@type":"WebPage","@id":"https:\/\/skyline-gs.com\/product\/individual-pyramids-of-giza-sharm\/","url":"https:\/\/skyline-gs.com\/product\/individual-pyramids-of-giza-sharm\/","name":"Szem\u00e9lyre szabott Kair\u00f3 - Skyline kir\u00e1ndul\u00e1sok","isPartOf":{"@id":"https:\/\/skyline-gs.com\/it\/#website"},"primaryImageOfPage":{"@id":"https:\/\/skyline-gs.com\/product\/individual-pyramids-of-giza-sharm\/#primaryimage"},"image":{"@id":"https:\/\/skyline-gs.com\/product\/individual-pyramids-of-giza-sharm\/#primaryimage"},"thumbnailUrl":"https:\/\/skyline-gs.com\/wp-content\/uploads\/2021\/12\/Kair-10-of-11.jpg","datePublished":"2021-12-28T15:57:57+00:00","dateModified":"2026-03-27T00:19:43+00:00","breadcrumb":{"@id":"https:\/\/skyline-gs.com\/product\/individual-pyramids-of-giza-sharm\/#breadcrumb"},"inLanguage":"hu","potentialAction":[{"@type":"ReadAction","target":["https:\/\/skyline-gs.com\/product\/individual-pyramids-of-giza-sharm\/"]}]},{"@type":"ImageObject","inLanguage":"hu","@id":"https:\/\/skyline-gs.com\/product\/individual-pyramids-of-giza-sharm\/#primaryimage","url":"https:\/\/skyline-gs.com\/wp-content\/uploads\/2021\/12\/Kair-10-of-11.jpg","contentUrl":"https:\/\/skyline-gs.com\/wp-content\/uploads\/2021\/12\/Kair-10-of-11.jpg","width":900,"height":600},{"@type":"BreadcrumbList","@id":"https:\/\/skyline-gs.com\/product\/individual-pyramids-of-giza-sharm\/#breadcrumb","itemListElement":[{"@type":"ListItem","position":1,"name":"\u0413\u043b\u0430\u0432\u043d\u0430\u044f \u0441\u0442\u0440\u0430\u043d\u0438\u0446\u0430","item":"https:\/\/skyline-gs.com\/hu\/"},{"@type":"ListItem","position":2,"name":"\u041c\u0430\u0433\u0430\u0437\u0438\u043d","item":"https:\/\/skyline-gs.com\/cs\/shop\/"},{"@type":"ListItem","position":3,"name":"\u0418\u043d\u0434\u0438\u0432\u0438\u0434\u0443\u0430\u043b\u044c\u043d\u044b\u0439 \u041a\u0430\u0438\u0440"}]},{"@type":"WebSite","@id":"https:\/\/skyline-gs.com\/it\/#website","url":"https:\/\/skyline-gs.com\/it\/","name":"Skyline T\u00far\u00e1k","description":"Exkluz\u00edv kir\u00e1ndul\u00e1sok a vil\u00e1g legjobb \u00fcd\u00fcl\u0151helyein","publisher":{"@id":"https:\/\/skyline-gs.com\/it\/#organization"},"alternateName":"Skyline","potentialAction":[{"@type":"SearchAction","target":{"@type":"EntryPoint","urlTemplate":"https:\/\/skyline-gs.com\/it\/?s={search_term_string}"},"query-input":{"@type":"PropertyValueSpecification","valueRequired":true,"valueName":"search_term_string"}}],"inLanguage":"hu"},{"@type":"Organization","@id":"https:\/\/skyline-gs.com\/it\/#organization","name":"Skyline T\u00far\u00e1k","alternateName":"\u042d\u043a\u0441\u043a\u0443\u0440\u0441\u0438\u0438 Skyline","url":"https:\/\/skyline-gs.com\/it\/","logo":{"@type":"ImageObject","inLanguage":"hu","@id":"https:\/\/skyline-gs.com\/it\/#\/schema\/logo\/image\/","url":"https:\/\/skyline-gs.com\/wp-content\/uploads\/2020\/12\/cropped-logo-2.png","contentUrl":"https:\/\/skyline-gs.com\/wp-content\/uploads\/2020\/12\/cropped-logo-2.png","width":512,"height":512,"caption":"\u042d\u043a\u0441\u043a\u0443\u0440\u0441\u0438\u0438 Skyline"},"image":{"@id":"https:\/\/skyline-gs.com\/it\/#\/schema\/logo\/image\/"},"sameAs":["https:\/\/www.instagram.com\/skylineglobalservice\/"]}]}},"_links":{"self":[{"href":"https:\/\/skyline-gs.com\/hu\/wp-json\/wp\/v2\/product\/33315","targetHints":{"allow":["GET"]}}],"collection":[{"href":"https:\/\/skyline-gs.com\/hu\/wp-json\/wp\/v2\/product"}],"about":[{"href":"https:\/\/skyline-gs.com\/hu\/wp-json\/wp\/v2\/types\/product"}],"version-history":[{"count":0,"href":"https:\/\/skyline-gs.com\/hu\/wp-json\/wp\/v2\/product\/33315\/revisions"}],"wp:featuredmedia":[{"embeddable":true,"href":"https:\/\/skyline-gs.com\/hu\/wp-json\/wp\/v2\/media\/33317"}],"wp:attachment":[{"href":"https:\/\/skyline-gs.com\/hu\/wp-json\/wp\/v2\/media?parent=33315"}],"wp:term":[{"taxonomy":"product_brand","embeddable":true,"href":"https:\/\/skyline-gs.com\/hu\/wp-json\/wp\/v2\/product_brand?post=33315"},{"taxonomy":"product_cat","embeddable":true,"href":"https:\/\/skyline-gs.com\/hu\/wp-json\/wp\/v2\/product_cat?post=33315"},{"taxonomy":"product_tag","embeddable":true,"href":"https:\/\/skyline-gs.com\/hu\/wp-json\/wp\/v2\/product_tag?post=33315"}],"curies":[{"name":"wp","href":"https:\/\/api.w.org\/{rel}","templated":true}]}}