{"id":32990,"date":"2021-11-25T15:24:03","date_gmt":"2021-11-25T13:24:03","guid":{"rendered":"http:\/\/skyline-gs.com\/?post_type=product&#038;p=32990"},"modified":"2025-10-29T20:03:11","modified_gmt":"2025-10-29T18:03:11","slug":"luxor-valley-of-the-kings-marsaalam","status":"publish","type":"product","link":"https:\/\/skyline-gs.com\/hu\/product\/luxor-valley-of-the-kings-marsaalam\/","title":{"rendered":"Szem\u00e9lyre szabott Luxor \u00e9s a Kir\u00e1lyok v\u00f6lgye"},"content":{"rendered":"<p>4.30-kor kijelentkez\u00e9s a sz\u00e1llod\u00e1b\u00f3l. Az \u00fat egy ir\u00e1nyba k\u00f6r\u00fclbel\u00fcl 4,5 \u00f3r\u00e1t vesz ig\u00e9nybe. 9:00 \u00c9rkez\u00e9s a N\u00edlus-v\u00f6lgybe, ahol megismerkedhet\u00fcnk Egyiptom igazi \u00e9let\u00e9vel. 10:00 \u00e9rkez\u00e9s Luxorba. Luxorba \u00e9rkezve kezd\u0151dik a program els\u0151 r\u00e9sze \u00abAz \u00e9l\u0151k v\u00e1rosa\u00bb, amely a N\u00edlus keleti partj\u00e1n tal\u00e1lhat\u00f3. L\u00e1togat\u00e1s a Karnaki templomhoz, amely az \u00f3kori vil\u00e1g legnagyobb \u00e9p\u00edt\u00e9szeti \u00e9p\u00edtm\u00e9nye \u00e9s az eg\u00e9sz vil\u00e1g egyik legnagyobb templomkomplexuma. A karnaki templomot nem egy f\u00e1ra\u00f3, s\u0151t nem is egy dinasztia \u00e9p\u00edtette, mintegy 30 f\u00e1ra\u00f3 j\u00e1rult hozz\u00e1 a komplexumhoz, templomokat, pilonokat, k\u00e1poln\u00e1kat \u00e9s obeliszkeket \u00e9p\u00edtve hozz\u00e1, amelyeket Th\u00e9ba isteneinek szenteltek. A karnaki templom h\u00e1rom nagy \u00e9p\u00edtm\u00e9nyb\u0151l, a f\u0151ter\u00fcleten bel\u00fcl t\u00f6bb kisebb templomb\u00f3l \u00e1ll. Eb\u00e9d a b\u00fcf\u00e9\u00e9tteremben (az italokat nem tartalmazza).<\/p>\n<p>Ezut\u00e1n haj\u00f3kir\u00e1ndul\u00e1st tesznek a N\u00edlus nyugati partj\u00e1n a halottak v\u00e1ros\u00e1ba, ahol a program m\u00e1sodik r\u00e9sze zajlik. L\u00e1togat\u00e1s a nyugati parton \u00e9s a Holtak v\u00f6lgy\u00e9ben. El\u0151sz\u00f6r a Memnon-kolosszusok fogadj\u00e1k \u00d6n\u00f6ket, k\u00e9t hatalmas szobor, amelyek 18 m\u00e9ter magasak \u00e9s egyenk\u00e9nt t\u00f6bb mint 700 tonn\u00e1t nyomnak. Hajtson \u00e1t a Holtak V\u00f6lgy\u00e9n, \u00e9s l\u00e1togasson el Hatsepszut f\u00e1ra\u00f3 kir\u00e1lyn\u0151 templom\u00e1ba. E monument\u00e1lis \u00e9p\u00edtm\u00e9ny f\u0151 \u00e9p\u00edt\u00e9szeti jellemz\u0151je 3 egym\u00e1s f\u00f6l\u00f6tt elhelyezked\u0151 terasz, amelyek mindegyike nyitott udvart, pilaszterekkel fedett helyis\u00e9geket \u00e9s a hegy m\u00e9ly\u00e9n elrejtett szent\u00e9lyeket foglalt mag\u00e1ban. Hatsepszut az \u00f3kori Egyiptom t\u00f6rt\u00e9net\u00e9nek egyik legh\u00edresebb alakja. Az \u00f3kori Egyiptom t\u00f6rt\u00e9nete \u00fagy emlegeti \u0151t, mint a Vasuralkod\u00f3t. L\u00e1togat\u00e1s a Kir\u00e1lyok v\u00f6lgy\u00e9ben, egy szikl\u00e1s szurdokban Egyiptomban, ahol az \u00dajbirodalom idej\u00e9n a f\u00e1ra\u00f3k \u00e9s sz\u00e1mos magas rang\u00fa hivatalnokuk \u00e9s rokonuk s\u00edrjait \u00e9p\u00edtett\u00e9k. Ezt k\u00f6vet\u0151en haj\u00f3kir\u00e1ndul\u00e1s a N\u00edluson a Ban\u00e1n-sziget megl\u00e1togat\u00e1s\u00e1val (fakultat\u00edv, fel\u00e1r ellen\u00e9ben - 10$). A t\u00fara v\u00e9ge \u00e9s a hazautaz\u00e1s. 22:00 Visszat\u00e9r\u00e9s a sz\u00e1llod\u00e1ba.<\/p>\n<p><strong>Tartalmazza:<\/strong><\/p>\n<ul>\n<li>Transzfer a sz\u00e1llod\u00e1b\u00f3l \u00e9s vissza<\/li>\n<li>Magyarul besz\u00e9l\u0151 egyiptol\u00f3gus kalauz;<\/li>\n<li>Bel\u00e9p\u0151d\u00edjak az \u00f6sszes eml\u00edtett l\u00e1tnival\u00f3hoz;<\/li>\n<li>L\u00e1togat\u00e1s a karnaki templomban magyarul besz\u00e9l\u0151 egyiptol\u00f3gus idegenvezet\u0151vel;<\/li>\n<li>L\u00e1togat\u00e1s a memnoni kolosszokban magyarul besz\u00e9l\u0151 egyiptol\u00f3gus idegenvezet\u0151vel;<\/li>\n<li>L\u00e1togat\u00e1s a n\u0151 templom\u00e1ban Hatsepszut f\u00e1ra\u00f3 magyarul besz\u00e9l\u0151 egyiptol\u00f3gus kalauzsal;<\/li>\n<li>L\u00e1togat\u00e1s a Kir\u00e1lyok V\u00f6lgy\u00e9ben<\/li>\n<li>Eb\u00e9d egy luxori \u00e9tteremben<\/li>\n<\/ul>\n<p><strong>Nem tartalmazza:<\/strong><\/p>\n<ul>\n<li>L\u00e1togat\u00e1s a Ban\u00e1n-szigetre (fakultat\u00edv, fel\u00e1r ellen\u00e9ben +10$)<\/li>\n<\/ul>\n<p><strong>Vigy\u00e9l magaddal:<\/strong><\/p>\n<ul>\n<li>\u00datlev\u00e9l<\/li>\n<li>Reggeli uzsonna (a sz\u00e1lloda recepci\u00f3j\u00e1n magyar\u00e1zza el, hogy kora reggel kir\u00e1ndulni indul, \u00e9s a reggelit mag\u00e1val kell k\u00e9sz\u00edtenie (eb\u00e9ddoboz), a sz\u00e1llod\u00e1k ingyenesen biztos\u00edtj\u00e1k ezt a szolg\u00e1ltat\u00e1st);<\/li>\n<li>Kamera<\/li>\n<li>Fejfed\u0151;<\/li>\n<li>P\u00e9nz szem\u00e9lyes kiad\u00e1sokra \u00e9s aj\u00e1nd\u00e9kt\u00e1rgyakra;<\/li>\n<li>Iv\u00f3v\u00edz;<\/li>\n<li>K\u00e9nyelmes cip\u0151;<\/li>\n<li>Meleg ruh\u00e1zat az utaz\u00e1shoz (t\u00e9len)<\/li>\n<\/ul>\n<p><strong>Foglal\u00e1si felt\u00e9telek:<\/strong><\/p>\n<ul>\n<li>El\u0151leg 30% (k\u00e9szp\u00e9nzt vagy bankk\u00e1rty\u00e1s \u00e1tutal\u00e1st elfogadunk)<\/li>\n<\/ul>","protected":false},"excerpt":{"rendered":"<p><strong>Kir\u00e1ndul\u00e1s Id\u0151pontja:<\/strong> 4:30 &#8212; 22:00<\/p>\n<p><strong>A Kir\u00e1ndul\u00e1s Napjai:<\/strong> Naponta<\/p>","protected":false},"featured_media":33003,"template":"","meta":{"_kad_post_transparent":"default","_kad_post_title":"","_kad_post_layout":"default","_kad_post_sidebar_id":"","_kad_post_content_style":"default","_kad_post_vertical_padding":"default","_kad_post_feature":"","_kad_post_feature_position":"","_kad_post_header":false,"_kad_post_footer":false,"_kad_post_classname":"","_glsr_average":0,"_glsr_ranking":0,"_glsr_reviews":0},"product_brand":[],"product_cat":[452],"product_tag":[],"class_list":{"0":"post-32990","1":"product","2":"type-product","3":"status-publish","4":"has-post-thumbnail","6":"product_cat-marsa-alam","7":"tm-has-options","9":"first","10":"instock","11":"sold-individually","12":"taxable","13":"shipping-taxable","14":"purchasable","15":"product-type-simple","16":"entry","17":"content-bg","18":"loop-entry"},"yoast_head":"<!-- This site is optimized with the Yoast SEO plugin v27.3 - https:\/\/yoast.com\/product\/yoast-seo-wordpress\/ -->\n<title>\u0418\u043d\u0434\u0438\u0432\u0438\u0434\u0443\u0430\u043b\u044c\u043d\u044b\u0439 \u041b\u0443\u043a\u0441\u043e\u0440 \u0438 \u0414\u043e\u043b\u0438\u043d\u0430 \u0426\u0430\u0440\u0435\u0439 &#8226; \u042d\u043a\u0441\u043a\u0443\u0440\u0441\u0438\u0438 Skyline<\/title>\n<meta name=\"robots\" content=\"index, follow, max-snippet:-1, max-image-preview:large, max-video-preview:-1\" \/>\n<link rel=\"canonical\" href=\"http:\/\/skyline-gs.com\/hu\/termek\/luxor-valley-of-the-kings-marsaalam\/\" \/>\n<meta property=\"og:locale\" content=\"hu_HU\" \/>\n<meta property=\"og:type\" content=\"article\" \/>\n<meta property=\"og:title\" content=\"\u0418\u043d\u0434\u0438\u0432\u0438\u0434\u0443\u0430\u043b\u044c\u043d\u044b\u0439 \u041b\u0443\u043a\u0441\u043e\u0440 \u0438 \u0414\u043e\u043b\u0438\u043d\u0430 \u0426\u0430\u0440\u0435\u0439 &#8226; \u042d\u043a\u0441\u043a\u0443\u0440\u0441\u0438\u0438 Skyline\" \/>\n<meta property=\"og:description\" content=\"\u0412\u0440\u0435\u043c\u044f \u0442\u0443\u0440\u0430: 4:30 - 22:00  \u0414\u043d\u0438 \u043f\u0440\u043e\u0432\u0435\u0434\u0435\u043d\u0438\u044f: \u0435\u0436\u0435\u0434\u043d\u0435\u0432\u043d\u043e\" \/>\n<meta property=\"og:url\" content=\"http:\/\/skyline-gs.com\/hu\/termek\/luxor-valley-of-the-kings-marsaalam\/\" \/>\n<meta property=\"og:site_name\" content=\"\u042d\u043a\u0441\u043a\u0443\u0440\u0441\u0438\u0438 Skyline\" \/>\n<meta property=\"article:modified_time\" content=\"2025-10-29T18:03:11+00:00\" \/>\n<meta property=\"og:image\" content=\"https:\/\/skyline-gs.com\/wp-content\/uploads\/2021\/11\/ca-1.jpg\" \/>\n\t<meta property=\"og:image:width\" content=\"669\" \/>\n\t<meta property=\"og:image:height\" content=\"446\" \/>\n\t<meta property=\"og:image:type\" content=\"image\/jpeg\" \/>\n<meta name=\"twitter:card\" content=\"summary_large_image\" \/>\n<meta name=\"twitter:label1\" content=\"Becs\u00fclt olvas\u00e1si id\u0151\" \/>\n\t<meta name=\"twitter:data1\" content=\"3 perc\" \/>\n<script type=\"application\/ld+json\" class=\"yoast-schema-graph\">{\"@context\":\"https:\\\/\\\/schema.org\",\"@graph\":[{\"@type\":\"WebPage\",\"@id\":\"http:\\\/\\\/skyline-gs.com\\\/hu\\\/termek\\\/luxor-valley-of-the-kings-marsaalam\\\/\",\"url\":\"http:\\\/\\\/skyline-gs.com\\\/hu\\\/termek\\\/luxor-valley-of-the-kings-marsaalam\\\/\",\"name\":\"\u0418\u043d\u0434\u0438\u0432\u0438\u0434\u0443\u0430\u043b\u044c\u043d\u044b\u0439 \u041b\u0443\u043a\u0441\u043e\u0440 \u0438 \u0414\u043e\u043b\u0438\u043d\u0430 \u0426\u0430\u0440\u0435\u0439 &#8226; \u042d\u043a\u0441\u043a\u0443\u0440\u0441\u0438\u0438 Skyline\",\"isPartOf\":{\"@id\":\"https:\\\/\\\/skyline-gs.com\\\/it\\\/#website\"},\"primaryImageOfPage\":{\"@id\":\"http:\\\/\\\/skyline-gs.com\\\/hu\\\/termek\\\/luxor-valley-of-the-kings-marsaalam\\\/#primaryimage\"},\"image\":{\"@id\":\"http:\\\/\\\/skyline-gs.com\\\/hu\\\/termek\\\/luxor-valley-of-the-kings-marsaalam\\\/#primaryimage\"},\"thumbnailUrl\":\"https:\\\/\\\/skyline-gs.com\\\/wp-content\\\/uploads\\\/2021\\\/11\\\/ca-1.jpg\",\"datePublished\":\"2021-11-25T13:24:03+00:00\",\"dateModified\":\"2025-10-29T18:03:11+00:00\",\"breadcrumb\":{\"@id\":\"http:\\\/\\\/skyline-gs.com\\\/hu\\\/termek\\\/luxor-valley-of-the-kings-marsaalam\\\/#breadcrumb\"},\"inLanguage\":\"hu\",\"potentialAction\":[{\"@type\":\"ReadAction\",\"target\":[\"http:\\\/\\\/skyline-gs.com\\\/hu\\\/termek\\\/luxor-valley-of-the-kings-marsaalam\\\/\"]}]},{\"@type\":\"ImageObject\",\"inLanguage\":\"hu\",\"@id\":\"http:\\\/\\\/skyline-gs.com\\\/hu\\\/termek\\\/luxor-valley-of-the-kings-marsaalam\\\/#primaryimage\",\"url\":\"https:\\\/\\\/skyline-gs.com\\\/wp-content\\\/uploads\\\/2021\\\/11\\\/ca-1.jpg\",\"contentUrl\":\"https:\\\/\\\/skyline-gs.com\\\/wp-content\\\/uploads\\\/2021\\\/11\\\/ca-1.jpg\",\"width\":669,\"height\":446},{\"@type\":\"BreadcrumbList\",\"@id\":\"http:\\\/\\\/skyline-gs.com\\\/hu\\\/termek\\\/luxor-valley-of-the-kings-marsaalam\\\/#breadcrumb\",\"itemListElement\":[{\"@type\":\"ListItem\",\"position\":1,\"name\":\"\u0413\u043b\u0430\u0432\u043d\u0430\u044f \u0441\u0442\u0440\u0430\u043d\u0438\u0446\u0430\",\"item\":\"https:\\\/\\\/skyline-gs.com\\\/hu\\\/\"},{\"@type\":\"ListItem\",\"position\":2,\"name\":\"\u041c\u0430\u0433\u0430\u0437\u0438\u043d\",\"item\":\"https:\\\/\\\/skyline-gs.com\\\/cs\\\/shop\\\/\"},{\"@type\":\"ListItem\",\"position\":3,\"name\":\"\u0418\u043d\u0434\u0438\u0432\u0438\u0434\u0443\u0430\u043b\u044c\u043d\u044b\u0439 \u041b\u0443\u043a\u0441\u043e\u0440 \u0438 \u0414\u043e\u043b\u0438\u043d\u0430 \u0426\u0430\u0440\u0435\u0439\"}]},{\"@type\":\"WebSite\",\"@id\":\"https:\\\/\\\/skyline-gs.com\\\/it\\\/#website\",\"url\":\"https:\\\/\\\/skyline-gs.com\\\/it\\\/\",\"name\":\"\u042d\u043a\u0441\u043a\u0443\u0440\u0441\u0438\u0438 Skyline\",\"description\":\"\u042d\u043a\u0441\u043a\u043b\u044e\u0437\u0438\u0432\u043d\u044b\u0435 \u044d\u043a\u0441\u043a\u0443\u0440\u0441\u0438\u0438 \u043d\u0430 \u043b\u0443\u0447\u0448\u0438\u0445 \u043a\u0443\u0440\u043e\u0440\u0442\u0430\u0445 \u043c\u0438\u0440\u0430\",\"publisher\":{\"@id\":\"https:\\\/\\\/skyline-gs.com\\\/it\\\/#organization\"},\"alternateName\":\"Skyline\",\"potentialAction\":[{\"@type\":\"SearchAction\",\"target\":{\"@type\":\"EntryPoint\",\"urlTemplate\":\"https:\\\/\\\/skyline-gs.com\\\/it\\\/?s={search_term_string}\"},\"query-input\":{\"@type\":\"PropertyValueSpecification\",\"valueRequired\":true,\"valueName\":\"search_term_string\"}}],\"inLanguage\":\"hu\"},{\"@type\":\"Organization\",\"@id\":\"https:\\\/\\\/skyline-gs.com\\\/it\\\/#organization\",\"name\":\"\u042d\u043a\u0441\u043a\u0443\u0440\u0441\u0438\u0438 Skyline\",\"alternateName\":\"\u042d\u043a\u0441\u043a\u0443\u0440\u0441\u0438\u0438 Skyline\",\"url\":\"https:\\\/\\\/skyline-gs.com\\\/it\\\/\",\"logo\":{\"@type\":\"ImageObject\",\"inLanguage\":\"hu\",\"@id\":\"https:\\\/\\\/skyline-gs.com\\\/it\\\/#\\\/schema\\\/logo\\\/image\\\/\",\"url\":\"https:\\\/\\\/skyline-gs.com\\\/wp-content\\\/uploads\\\/2020\\\/12\\\/cropped-logo-2.png\",\"contentUrl\":\"https:\\\/\\\/skyline-gs.com\\\/wp-content\\\/uploads\\\/2020\\\/12\\\/cropped-logo-2.png\",\"width\":512,\"height\":512,\"caption\":\"\u042d\u043a\u0441\u043a\u0443\u0440\u0441\u0438\u0438 Skyline\"},\"image\":{\"@id\":\"https:\\\/\\\/skyline-gs.com\\\/it\\\/#\\\/schema\\\/logo\\\/image\\\/\"},\"sameAs\":[\"https:\\\/\\\/www.instagram.com\\\/skylineglobalservice\\\/\"]}]}<\/script>\n<!-- \/ Yoast SEO plugin. -->","yoast_head_json":{"title":"\u0418\u043d\u0434\u0438\u0432\u0438\u0434\u0443\u0430\u043b\u044c\u043d\u044b\u0439 \u041b\u0443\u043a\u0441\u043e\u0440 \u0438 \u0414\u043e\u043b\u0438\u043d\u0430 \u0426\u0430\u0440\u0435\u0439 &#8226; \u042d\u043a\u0441\u043a\u0443\u0440\u0441\u0438\u0438 Skyline","robots":{"index":"index","follow":"follow","max-snippet":"max-snippet:-1","max-image-preview":"max-image-preview:large","max-video-preview":"max-video-preview:-1"},"canonical":"http:\/\/skyline-gs.com\/hu\/termek\/luxor-valley-of-the-kings-marsaalam\/","og_locale":"hu_HU","og_type":"article","og_title":"\u0418\u043d\u0434\u0438\u0432\u0438\u0434\u0443\u0430\u043b\u044c\u043d\u044b\u0439 \u041b\u0443\u043a\u0441\u043e\u0440 \u0438 \u0414\u043e\u043b\u0438\u043d\u0430 \u0426\u0430\u0440\u0435\u0439 &#8226; \u042d\u043a\u0441\u043a\u0443\u0440\u0441\u0438\u0438 Skyline","og_description":"\u0412\u0440\u0435\u043c\u044f \u0442\u0443\u0440\u0430: 4:30 - 22:00  \u0414\u043d\u0438 \u043f\u0440\u043e\u0432\u0435\u0434\u0435\u043d\u0438\u044f: \u0435\u0436\u0435\u0434\u043d\u0435\u0432\u043d\u043e","og_url":"http:\/\/skyline-gs.com\/hu\/termek\/luxor-valley-of-the-kings-marsaalam\/","og_site_name":"\u042d\u043a\u0441\u043a\u0443\u0440\u0441\u0438\u0438 Skyline","article_modified_time":"2025-10-29T18:03:11+00:00","og_image":[{"width":669,"height":446,"url":"https:\/\/skyline-gs.com\/wp-content\/uploads\/2021\/11\/ca-1.jpg","type":"image\/jpeg"}],"twitter_card":"summary_large_image","twitter_misc":{"Becs\u00fclt olvas\u00e1si id\u0151":"3 perc"},"schema":{"@context":"https:\/\/schema.org","@graph":[{"@type":"WebPage","@id":"http:\/\/skyline-gs.com\/hu\/termek\/luxor-valley-of-the-kings-marsaalam\/","url":"http:\/\/skyline-gs.com\/hu\/termek\/luxor-valley-of-the-kings-marsaalam\/","name":"\u0418\u043d\u0434\u0438\u0432\u0438\u0434\u0443\u0430\u043b\u044c\u043d\u044b\u0439 \u041b\u0443\u043a\u0441\u043e\u0440 \u0438 \u0414\u043e\u043b\u0438\u043d\u0430 \u0426\u0430\u0440\u0435\u0439 &#8226; \u042d\u043a\u0441\u043a\u0443\u0440\u0441\u0438\u0438 Skyline","isPartOf":{"@id":"https:\/\/skyline-gs.com\/it\/#website"},"primaryImageOfPage":{"@id":"http:\/\/skyline-gs.com\/hu\/termek\/luxor-valley-of-the-kings-marsaalam\/#primaryimage"},"image":{"@id":"http:\/\/skyline-gs.com\/hu\/termek\/luxor-valley-of-the-kings-marsaalam\/#primaryimage"},"thumbnailUrl":"https:\/\/skyline-gs.com\/wp-content\/uploads\/2021\/11\/ca-1.jpg","datePublished":"2021-11-25T13:24:03+00:00","dateModified":"2025-10-29T18:03:11+00:00","breadcrumb":{"@id":"http:\/\/skyline-gs.com\/hu\/termek\/luxor-valley-of-the-kings-marsaalam\/#breadcrumb"},"inLanguage":"hu","potentialAction":[{"@type":"ReadAction","target":["http:\/\/skyline-gs.com\/hu\/termek\/luxor-valley-of-the-kings-marsaalam\/"]}]},{"@type":"ImageObject","inLanguage":"hu","@id":"http:\/\/skyline-gs.com\/hu\/termek\/luxor-valley-of-the-kings-marsaalam\/#primaryimage","url":"https:\/\/skyline-gs.com\/wp-content\/uploads\/2021\/11\/ca-1.jpg","contentUrl":"https:\/\/skyline-gs.com\/wp-content\/uploads\/2021\/11\/ca-1.jpg","width":669,"height":446},{"@type":"BreadcrumbList","@id":"http:\/\/skyline-gs.com\/hu\/termek\/luxor-valley-of-the-kings-marsaalam\/#breadcrumb","itemListElement":[{"@type":"ListItem","position":1,"name":"\u0413\u043b\u0430\u0432\u043d\u0430\u044f \u0441\u0442\u0440\u0430\u043d\u0438\u0446\u0430","item":"https:\/\/skyline-gs.com\/hu\/"},{"@type":"ListItem","position":2,"name":"\u041c\u0430\u0433\u0430\u0437\u0438\u043d","item":"https:\/\/skyline-gs.com\/cs\/shop\/"},{"@type":"ListItem","position":3,"name":"\u0418\u043d\u0434\u0438\u0432\u0438\u0434\u0443\u0430\u043b\u044c\u043d\u044b\u0439 \u041b\u0443\u043a\u0441\u043e\u0440 \u0438 \u0414\u043e\u043b\u0438\u043d\u0430 \u0426\u0430\u0440\u0435\u0439"}]},{"@type":"WebSite","@id":"https:\/\/skyline-gs.com\/it\/#website","url":"https:\/\/skyline-gs.com\/it\/","name":"Skyline T\u00far\u00e1k","description":"Exkluz\u00edv kir\u00e1ndul\u00e1sok a vil\u00e1g legjobb \u00fcd\u00fcl\u0151helyein","publisher":{"@id":"https:\/\/skyline-gs.com\/it\/#organization"},"alternateName":"Skyline","potentialAction":[{"@type":"SearchAction","target":{"@type":"EntryPoint","urlTemplate":"https:\/\/skyline-gs.com\/it\/?s={search_term_string}"},"query-input":{"@type":"PropertyValueSpecification","valueRequired":true,"valueName":"search_term_string"}}],"inLanguage":"hu"},{"@type":"Organization","@id":"https:\/\/skyline-gs.com\/it\/#organization","name":"Skyline T\u00far\u00e1k","alternateName":"\u042d\u043a\u0441\u043a\u0443\u0440\u0441\u0438\u0438 Skyline","url":"https:\/\/skyline-gs.com\/it\/","logo":{"@type":"ImageObject","inLanguage":"hu","@id":"https:\/\/skyline-gs.com\/it\/#\/schema\/logo\/image\/","url":"https:\/\/skyline-gs.com\/wp-content\/uploads\/2020\/12\/cropped-logo-2.png","contentUrl":"https:\/\/skyline-gs.com\/wp-content\/uploads\/2020\/12\/cropped-logo-2.png","width":512,"height":512,"caption":"\u042d\u043a\u0441\u043a\u0443\u0440\u0441\u0438\u0438 Skyline"},"image":{"@id":"https:\/\/skyline-gs.com\/it\/#\/schema\/logo\/image\/"},"sameAs":["https:\/\/www.instagram.com\/skylineglobalservice\/"]}]}},"_links":{"self":[{"href":"https:\/\/skyline-gs.com\/hu\/wp-json\/wp\/v2\/product\/32990","targetHints":{"allow":["GET"]}}],"collection":[{"href":"https:\/\/skyline-gs.com\/hu\/wp-json\/wp\/v2\/product"}],"about":[{"href":"https:\/\/skyline-gs.com\/hu\/wp-json\/wp\/v2\/types\/product"}],"version-history":[{"count":0,"href":"https:\/\/skyline-gs.com\/hu\/wp-json\/wp\/v2\/product\/32990\/revisions"}],"wp:featuredmedia":[{"embeddable":true,"href":"https:\/\/skyline-gs.com\/hu\/wp-json\/wp\/v2\/media\/33003"}],"wp:attachment":[{"href":"https:\/\/skyline-gs.com\/hu\/wp-json\/wp\/v2\/media?parent=32990"}],"wp:term":[{"taxonomy":"product_brand","embeddable":true,"href":"https:\/\/skyline-gs.com\/hu\/wp-json\/wp\/v2\/product_brand?post=32990"},{"taxonomy":"product_cat","embeddable":true,"href":"https:\/\/skyline-gs.com\/hu\/wp-json\/wp\/v2\/product_cat?post=32990"},{"taxonomy":"product_tag","embeddable":true,"href":"https:\/\/skyline-gs.com\/hu\/wp-json\/wp\/v2\/product_tag?post=32990"}],"curies":[{"name":"wp","href":"https:\/\/api.w.org\/{rel}","templated":true}]}}