{"id":32869,"date":"2021-11-03T21:00:10","date_gmt":"2021-11-03T19:00:10","guid":{"rendered":"http:\/\/skyline-gs.com\/?post_type=product&#038;p=32869"},"modified":"2025-10-29T19:58:38","modified_gmt":"2025-10-29T17:58:38","slug":"evening-cruise-on-a-yacht-nefertari-vip-marsaalam","status":"publish","type":"product","link":"https:\/\/skyline-gs.com\/hu\/product\/evening-cruise-on-a-yacht-nefertari-vip-marsaalam\/","title":{"rendered":"Esti haj\u00f3k\u00e1z\u00e1s a Nefertari VIP jachton"},"content":{"rendered":"<p><strong>\u00c9rezze mag\u00e1t f\u00e1ra\u00f3nak egy luxusjachton! Gy\u00f6ny\u00f6r\u0171 naplemente a ny\u00edlt tengeren, finom vacsora \u00e9s romantikus k\u00f6rnyezet.<\/strong> - mi lehetne jobb. A jachtot a h\u00edres egyiptomi kir\u00e1lyn\u0151, Nefertari Merenmut tisztelet\u00e9re nevezt\u00e9k el, \u00e9s a f\u00e1ra\u00f3k st\u00edlus\u00e1ban \u00e9p\u00fclt. H\u00e1rom szintb\u0151l \u00e1ll. A fels\u0151 a napoz\u00f3terasz, amely egy \u00f3kori egyiptomi templomra eml\u00e9keztet, a pinc\u00e9rek pedig f\u00e1ra\u00f3nak \u00f6lt\u00f6z\u00f6ttek. A k\u00f6z\u00e9ps\u0151 fed\u00e9lzet a szalon, amelyet l\u00e1tv\u00e1nyosan d\u00edsz\u00edtettek Tutanhamon kincst\u00e1r\u00e1b\u00f3l sz\u00e1rmaz\u00f3 m\u00e1solatokkal, valamint egyiptomi s\u00edrokb\u00f3l \u00e9s templomokb\u00f3l sz\u00e1rmaz\u00f3 falfestm\u00e9nyekkel \u00e9s hieroglif\u00e1kkal. Az als\u00f3 fed\u00e9lzet egy megfigyel\u0151 fed\u00e9lzet, amely lehet\u0151v\u00e9 teszi a vend\u00e9gek sz\u00e1m\u00e1ra, hogy panor\u00e1maablakokon kereszt\u00fcl a V\u00f6r\u00f6s-tenger v\u00edz alatti birodalm\u00e1ba tekintsenek.<\/p>\n<p>12:30 indul\u00e1s a sz\u00e1llod\u00e1b\u00f3l. Hajt\u00e1s a Port Ghalib-i m\u00f3l\u00f3hoz. Haj\u00f3z\u00e1s 14:00 \u00f3rakor. Info tal\u00e1lkoz\u00e1s az idegenvezet\u0151vel a fels\u0151 fed\u00e9lzeten, aki r\u00e9szletes t\u00e1j\u00e9koztat\u00e1st ad a t\u00fara programj\u00e1r\u00f3l, valamint a biztons\u00e1gi \u00f3vint\u00e9zked\u00e9sekr\u0151l. Utaz\u00e1si id\u0151 az els\u0151 meg\u00e1ll\u00f3ig kb. 15 perc. <strong>A v\u00edz alatti sz\u00e9ps\u00e9g \u00e1ttekint\u00e9se<\/strong>\u00a0a jacht als\u00f3 fed\u00e9lzet\u00e9n k\u00f6r\u00fclbel\u00fcl egy \u00f3r\u00e1n kereszt\u00fcl. Ingyenes\u00a0<strong>fot\u00f3z\u00e1si id\u0151<\/strong>\u00a0a k\u00f6z\u00e9ps\u0151 fed\u00e9lzeten (a f\u00e1ra\u00f3jelmezek ingyenesen vehet\u0151k ig\u00e9nybe).\u00a0<strong>K\u00e9t snorkeling meg\u00e1ll\u00f3<\/strong>\u00a0k\u00f6r\u00fclbel\u00fcl egy-egy \u00f3r\u00e1n kereszt\u00fcl.\u00a0<strong>Eb\u00e9d<\/strong> az \u00d6n \u00e1ltal v\u00e1lasztott men\u00fcben: 1. Tengeri men\u00fc (hal, tintahal, rizs, tenger gy\u00fcm\u00f6lcsei leves, 3 f\u00e9le sal\u00e1ta) vagy 2. Standard men\u00fc (csirke, spagetti, burgonya, 3 f\u00e9le sal\u00e1ta). Vissza\u00e9rkez\u00e9s a m\u00f3l\u00f3ra 19:00 \u00f3rakor. K\u00f6r\u00fclbel\u00fcl egy \u00f3ra <strong>szabadid\u0151 Port Ghaliba-ban<\/strong> (gy\u00f6ny\u00f6r\u0171 kik\u00f6t\u0151 csatorn\u00e1kkal - mint egy mini Velence), ahol v\u00e1s\u00e1rolhat vagy k\u00e1v\u00e9z\u00f3kat l\u00e1togathat. 20:30 k\u00f6r\u00fcl visszat\u00e9r\u00e9s a sz\u00e1llod\u00e1ba.<\/p>\n<p><strong>Figyelem!<\/strong>\u00a0Tilos alkoholtartalm\u00fa italokat a fed\u00e9lzetre vinni.<\/p>\n<p><strong>Tartalmazza:<\/strong><\/p>\n<ul>\n<li>Transzfer a sz\u00e1llod\u00e1b\u00f3l \u00e9s a sz\u00e1llod\u00e1ba<\/li>\n<li>Magyarul besz\u00e9l\u0151 idegenvezet\u0151<\/li>\n<li>Eb\u00e9d (2 men\u00fc k\u00f6z\u00fcl v\u00e1laszthat)<\/li>\n<li>\u00dcd\u00edt\u0151italok, v\u00edz<\/li>\n<li>Snorkeling maszkok<\/li>\n<li>B\u00e9reljen f\u00e1ra\u00f3 jelmezeket fot\u00f3khoz<\/li>\n<\/ul>\n<p><strong>Vigy\u00e9l magaddal:<\/strong><\/p>\n<ul>\n<li>Napszem\u00fcveg<\/li>\n<li>F\u00fcrd\u0151ruha, \u00fasz\u00f3nadr\u00e1g<\/li>\n<li>Naptej<\/li>\n<li>T\u00f6r\u00fclk\u00f6z\u0151<\/li>\n<\/ul>","protected":false},"excerpt":{"rendered":"<p><strong>Kir\u00e1ndul\u00e1s Id\u0151pontja:<\/strong> 12:30 &#8212; 20:30<\/p>\n<p><strong>A Kir\u00e1ndul\u00e1s Napjai:<\/strong> Naponta<\/p>","protected":false},"featured_media":32872,"template":"","meta":{"_kad_post_transparent":"default","_kad_post_title":"","_kad_post_layout":"default","_kad_post_sidebar_id":"","_kad_post_content_style":"default","_kad_post_vertical_padding":"default","_kad_post_feature":"","_kad_post_feature_position":"","_kad_post_header":false,"_kad_post_footer":false,"_kad_post_classname":"","_glsr_average":0,"_glsr_ranking":0,"_glsr_reviews":0},"product_brand":[],"product_cat":[452],"product_tag":[],"class_list":{"0":"post-32869","1":"product","2":"type-product","3":"status-publish","4":"has-post-thumbnail","6":"product_cat-marsa-alam","7":"tm-has-options","9":"first","10":"instock","11":"sold-individually","12":"taxable","13":"shipping-taxable","14":"purchasable","15":"product-type-simple","16":"entry","17":"content-bg","18":"loop-entry"},"yoast_head":"<!-- This site is optimized with the Yoast SEO plugin v27.3 - https:\/\/yoast.com\/product\/yoast-seo-wordpress\/ -->\n<title>\u0412\u0435\u0447\u0435\u0440\u043d\u0438\u0439 \u043a\u0440\u0443\u0438\u0437 \u043d\u0430 \u044f\u0445\u0442\u0435 \u041d\u0435\u0444\u0435\u0440\u0442\u0430\u0440\u0438 VIP &#8226; \u042d\u043a\u0441\u043a\u0443\u0440\u0441\u0438\u0438 Skyline<\/title>\n<meta name=\"robots\" content=\"index, follow, max-snippet:-1, max-image-preview:large, max-video-preview:-1\" \/>\n<link rel=\"canonical\" href=\"https:\/\/skyline-gs.com\/hu\/termek\/evening-cruise-on-a-yacht-nefertari-vip-marsaalam\/\" \/>\n<meta property=\"og:locale\" content=\"hu_HU\" \/>\n<meta property=\"og:type\" content=\"article\" \/>\n<meta property=\"og:title\" content=\"\u0412\u0435\u0447\u0435\u0440\u043d\u0438\u0439 \u043a\u0440\u0443\u0438\u0437 \u043d\u0430 \u044f\u0445\u0442\u0435 \u041d\u0435\u0444\u0435\u0440\u0442\u0430\u0440\u0438 VIP &#8226; \u042d\u043a\u0441\u043a\u0443\u0440\u0441\u0438\u0438 Skyline\" \/>\n<meta property=\"og:description\" content=\"\u0412\u0440\u0435\u043c\u044f \u0442\u0443\u0440\u0430: 12:30 - 20:30  \u0414\u043d\u0438 \u043f\u0440\u043e\u0432\u0435\u0434\u0435\u043d\u0438\u044f: \u0435\u0436\u0435\u0434\u043d\u0435\u0432\u043d\u043e\" \/>\n<meta property=\"og:url\" content=\"https:\/\/skyline-gs.com\/hu\/termek\/evening-cruise-on-a-yacht-nefertari-vip-marsaalam\/\" \/>\n<meta property=\"og:site_name\" content=\"\u042d\u043a\u0441\u043a\u0443\u0440\u0441\u0438\u0438 Skyline\" \/>\n<meta property=\"article:modified_time\" content=\"2025-10-29T17:58:38+00:00\" \/>\n<meta property=\"og:image\" content=\"https:\/\/skyline-gs.com\/wp-content\/uploads\/2021\/11\/ku.png\" \/>\n\t<meta property=\"og:image:width\" content=\"669\" \/>\n\t<meta property=\"og:image:height\" content=\"446\" \/>\n\t<meta property=\"og:image:type\" content=\"image\/png\" \/>\n<meta name=\"twitter:card\" content=\"summary_large_image\" \/>\n<meta name=\"twitter:label1\" content=\"Becs\u00fclt olvas\u00e1si id\u0151\" \/>\n\t<meta name=\"twitter:data1\" content=\"2 perc\" \/>\n<script type=\"application\/ld+json\" class=\"yoast-schema-graph\">{\"@context\":\"https:\\\/\\\/schema.org\",\"@graph\":[{\"@type\":\"WebPage\",\"@id\":\"https:\\\/\\\/skyline-gs.com\\\/cs\\\/produkt\\\/evening-cruise-on-a-yacht-nefertari-vip-marsaalam\\\/\",\"url\":\"https:\\\/\\\/skyline-gs.com\\\/cs\\\/produkt\\\/evening-cruise-on-a-yacht-nefertari-vip-marsaalam\\\/\",\"name\":\"\u0412\u0435\u0447\u0435\u0440\u043d\u0438\u0439 \u043a\u0440\u0443\u0438\u0437 \u043d\u0430 \u044f\u0445\u0442\u0435 \u041d\u0435\u0444\u0435\u0440\u0442\u0430\u0440\u0438 VIP &#8226; \u042d\u043a\u0441\u043a\u0443\u0440\u0441\u0438\u0438 Skyline\",\"isPartOf\":{\"@id\":\"https:\\\/\\\/skyline-gs.com\\\/it\\\/#website\"},\"primaryImageOfPage\":{\"@id\":\"https:\\\/\\\/skyline-gs.com\\\/cs\\\/produkt\\\/evening-cruise-on-a-yacht-nefertari-vip-marsaalam\\\/#primaryimage\"},\"image\":{\"@id\":\"https:\\\/\\\/skyline-gs.com\\\/cs\\\/produkt\\\/evening-cruise-on-a-yacht-nefertari-vip-marsaalam\\\/#primaryimage\"},\"thumbnailUrl\":\"https:\\\/\\\/skyline-gs.com\\\/wp-content\\\/uploads\\\/2021\\\/11\\\/ku.png\",\"datePublished\":\"2021-11-03T19:00:10+00:00\",\"dateModified\":\"2025-10-29T17:58:38+00:00\",\"breadcrumb\":{\"@id\":\"https:\\\/\\\/skyline-gs.com\\\/cs\\\/produkt\\\/evening-cruise-on-a-yacht-nefertari-vip-marsaalam\\\/#breadcrumb\"},\"inLanguage\":\"hu\",\"potentialAction\":[{\"@type\":\"ReadAction\",\"target\":[\"https:\\\/\\\/skyline-gs.com\\\/cs\\\/produkt\\\/evening-cruise-on-a-yacht-nefertari-vip-marsaalam\\\/\"]}]},{\"@type\":\"ImageObject\",\"inLanguage\":\"hu\",\"@id\":\"https:\\\/\\\/skyline-gs.com\\\/cs\\\/produkt\\\/evening-cruise-on-a-yacht-nefertari-vip-marsaalam\\\/#primaryimage\",\"url\":\"https:\\\/\\\/skyline-gs.com\\\/wp-content\\\/uploads\\\/2021\\\/11\\\/ku.png\",\"contentUrl\":\"https:\\\/\\\/skyline-gs.com\\\/wp-content\\\/uploads\\\/2021\\\/11\\\/ku.png\",\"width\":669,\"height\":446},{\"@type\":\"BreadcrumbList\",\"@id\":\"https:\\\/\\\/skyline-gs.com\\\/cs\\\/produkt\\\/evening-cruise-on-a-yacht-nefertari-vip-marsaalam\\\/#breadcrumb\",\"itemListElement\":[{\"@type\":\"ListItem\",\"position\":1,\"name\":\"\u0413\u043b\u0430\u0432\u043d\u0430\u044f \u0441\u0442\u0440\u0430\u043d\u0438\u0446\u0430\",\"item\":\"https:\\\/\\\/skyline-gs.com\\\/hu\\\/\"},{\"@type\":\"ListItem\",\"position\":2,\"name\":\"\u041c\u0430\u0433\u0430\u0437\u0438\u043d\",\"item\":\"https:\\\/\\\/skyline-gs.com\\\/cs\\\/shop\\\/\"},{\"@type\":\"ListItem\",\"position\":3,\"name\":\"\u0412\u0435\u0447\u0435\u0440\u043d\u0438\u0439 \u043a\u0440\u0443\u0438\u0437 \u043d\u0430 \u044f\u0445\u0442\u0435 \u041d\u0435\u0444\u0435\u0440\u0442\u0430\u0440\u0438 VIP\"}]},{\"@type\":\"WebSite\",\"@id\":\"https:\\\/\\\/skyline-gs.com\\\/it\\\/#website\",\"url\":\"https:\\\/\\\/skyline-gs.com\\\/it\\\/\",\"name\":\"\u042d\u043a\u0441\u043a\u0443\u0440\u0441\u0438\u0438 Skyline\",\"description\":\"\u042d\u043a\u0441\u043a\u043b\u044e\u0437\u0438\u0432\u043d\u044b\u0435 \u044d\u043a\u0441\u043a\u0443\u0440\u0441\u0438\u0438 \u043d\u0430 \u043b\u0443\u0447\u0448\u0438\u0445 \u043a\u0443\u0440\u043e\u0440\u0442\u0430\u0445 \u043c\u0438\u0440\u0430\",\"publisher\":{\"@id\":\"https:\\\/\\\/skyline-gs.com\\\/it\\\/#organization\"},\"alternateName\":\"Skyline\",\"potentialAction\":[{\"@type\":\"SearchAction\",\"target\":{\"@type\":\"EntryPoint\",\"urlTemplate\":\"https:\\\/\\\/skyline-gs.com\\\/it\\\/?s={search_term_string}\"},\"query-input\":{\"@type\":\"PropertyValueSpecification\",\"valueRequired\":true,\"valueName\":\"search_term_string\"}}],\"inLanguage\":\"hu\"},{\"@type\":\"Organization\",\"@id\":\"https:\\\/\\\/skyline-gs.com\\\/it\\\/#organization\",\"name\":\"\u042d\u043a\u0441\u043a\u0443\u0440\u0441\u0438\u0438 Skyline\",\"alternateName\":\"\u042d\u043a\u0441\u043a\u0443\u0440\u0441\u0438\u0438 Skyline\",\"url\":\"https:\\\/\\\/skyline-gs.com\\\/it\\\/\",\"logo\":{\"@type\":\"ImageObject\",\"inLanguage\":\"hu\",\"@id\":\"https:\\\/\\\/skyline-gs.com\\\/it\\\/#\\\/schema\\\/logo\\\/image\\\/\",\"url\":\"https:\\\/\\\/skyline-gs.com\\\/wp-content\\\/uploads\\\/2020\\\/12\\\/cropped-logo-2.png\",\"contentUrl\":\"https:\\\/\\\/skyline-gs.com\\\/wp-content\\\/uploads\\\/2020\\\/12\\\/cropped-logo-2.png\",\"width\":512,\"height\":512,\"caption\":\"\u042d\u043a\u0441\u043a\u0443\u0440\u0441\u0438\u0438 Skyline\"},\"image\":{\"@id\":\"https:\\\/\\\/skyline-gs.com\\\/it\\\/#\\\/schema\\\/logo\\\/image\\\/\"},\"sameAs\":[\"https:\\\/\\\/www.instagram.com\\\/skylineglobalservice\\\/\"]}]}<\/script>\n<!-- \/ Yoast SEO plugin. -->","yoast_head_json":{"title":"\u0412\u0435\u0447\u0435\u0440\u043d\u0438\u0439 \u043a\u0440\u0443\u0438\u0437 \u043d\u0430 \u044f\u0445\u0442\u0435 \u041d\u0435\u0444\u0435\u0440\u0442\u0430\u0440\u0438 VIP &#8226; \u042d\u043a\u0441\u043a\u0443\u0440\u0441\u0438\u0438 Skyline","robots":{"index":"index","follow":"follow","max-snippet":"max-snippet:-1","max-image-preview":"max-image-preview:large","max-video-preview":"max-video-preview:-1"},"canonical":"https:\/\/skyline-gs.com\/hu\/termek\/evening-cruise-on-a-yacht-nefertari-vip-marsaalam\/","og_locale":"hu_HU","og_type":"article","og_title":"\u0412\u0435\u0447\u0435\u0440\u043d\u0438\u0439 \u043a\u0440\u0443\u0438\u0437 \u043d\u0430 \u044f\u0445\u0442\u0435 \u041d\u0435\u0444\u0435\u0440\u0442\u0430\u0440\u0438 VIP &#8226; \u042d\u043a\u0441\u043a\u0443\u0440\u0441\u0438\u0438 Skyline","og_description":"\u0412\u0440\u0435\u043c\u044f \u0442\u0443\u0440\u0430: 12:30 - 20:30  \u0414\u043d\u0438 \u043f\u0440\u043e\u0432\u0435\u0434\u0435\u043d\u0438\u044f: \u0435\u0436\u0435\u0434\u043d\u0435\u0432\u043d\u043e","og_url":"https:\/\/skyline-gs.com\/hu\/termek\/evening-cruise-on-a-yacht-nefertari-vip-marsaalam\/","og_site_name":"\u042d\u043a\u0441\u043a\u0443\u0440\u0441\u0438\u0438 Skyline","article_modified_time":"2025-10-29T17:58:38+00:00","og_image":[{"width":669,"height":446,"url":"https:\/\/skyline-gs.com\/wp-content\/uploads\/2021\/11\/ku.png","type":"image\/png"}],"twitter_card":"summary_large_image","twitter_misc":{"Becs\u00fclt olvas\u00e1si id\u0151":"2 perc"},"schema":{"@context":"https:\/\/schema.org","@graph":[{"@type":"WebPage","@id":"https:\/\/skyline-gs.com\/cs\/produkt\/evening-cruise-on-a-yacht-nefertari-vip-marsaalam\/","url":"https:\/\/skyline-gs.com\/cs\/produkt\/evening-cruise-on-a-yacht-nefertari-vip-marsaalam\/","name":"\u0412\u0435\u0447\u0435\u0440\u043d\u0438\u0439 \u043a\u0440\u0443\u0438\u0437 \u043d\u0430 \u044f\u0445\u0442\u0435 \u041d\u0435\u0444\u0435\u0440\u0442\u0430\u0440\u0438 VIP &#8226; \u042d\u043a\u0441\u043a\u0443\u0440\u0441\u0438\u0438 Skyline","isPartOf":{"@id":"https:\/\/skyline-gs.com\/it\/#website"},"primaryImageOfPage":{"@id":"https:\/\/skyline-gs.com\/cs\/produkt\/evening-cruise-on-a-yacht-nefertari-vip-marsaalam\/#primaryimage"},"image":{"@id":"https:\/\/skyline-gs.com\/cs\/produkt\/evening-cruise-on-a-yacht-nefertari-vip-marsaalam\/#primaryimage"},"thumbnailUrl":"https:\/\/skyline-gs.com\/wp-content\/uploads\/2021\/11\/ku.png","datePublished":"2021-11-03T19:00:10+00:00","dateModified":"2025-10-29T17:58:38+00:00","breadcrumb":{"@id":"https:\/\/skyline-gs.com\/cs\/produkt\/evening-cruise-on-a-yacht-nefertari-vip-marsaalam\/#breadcrumb"},"inLanguage":"hu","potentialAction":[{"@type":"ReadAction","target":["https:\/\/skyline-gs.com\/cs\/produkt\/evening-cruise-on-a-yacht-nefertari-vip-marsaalam\/"]}]},{"@type":"ImageObject","inLanguage":"hu","@id":"https:\/\/skyline-gs.com\/cs\/produkt\/evening-cruise-on-a-yacht-nefertari-vip-marsaalam\/#primaryimage","url":"https:\/\/skyline-gs.com\/wp-content\/uploads\/2021\/11\/ku.png","contentUrl":"https:\/\/skyline-gs.com\/wp-content\/uploads\/2021\/11\/ku.png","width":669,"height":446},{"@type":"BreadcrumbList","@id":"https:\/\/skyline-gs.com\/cs\/produkt\/evening-cruise-on-a-yacht-nefertari-vip-marsaalam\/#breadcrumb","itemListElement":[{"@type":"ListItem","position":1,"name":"\u0413\u043b\u0430\u0432\u043d\u0430\u044f \u0441\u0442\u0440\u0430\u043d\u0438\u0446\u0430","item":"https:\/\/skyline-gs.com\/hu\/"},{"@type":"ListItem","position":2,"name":"\u041c\u0430\u0433\u0430\u0437\u0438\u043d","item":"https:\/\/skyline-gs.com\/cs\/shop\/"},{"@type":"ListItem","position":3,"name":"\u0412\u0435\u0447\u0435\u0440\u043d\u0438\u0439 \u043a\u0440\u0443\u0438\u0437 \u043d\u0430 \u044f\u0445\u0442\u0435 \u041d\u0435\u0444\u0435\u0440\u0442\u0430\u0440\u0438 VIP"}]},{"@type":"WebSite","@id":"https:\/\/skyline-gs.com\/it\/#website","url":"https:\/\/skyline-gs.com\/it\/","name":"Skyline T\u00far\u00e1k","description":"Exkluz\u00edv kir\u00e1ndul\u00e1sok a vil\u00e1g legjobb \u00fcd\u00fcl\u0151helyein","publisher":{"@id":"https:\/\/skyline-gs.com\/it\/#organization"},"alternateName":"Skyline","potentialAction":[{"@type":"SearchAction","target":{"@type":"EntryPoint","urlTemplate":"https:\/\/skyline-gs.com\/it\/?s={search_term_string}"},"query-input":{"@type":"PropertyValueSpecification","valueRequired":true,"valueName":"search_term_string"}}],"inLanguage":"hu"},{"@type":"Organization","@id":"https:\/\/skyline-gs.com\/it\/#organization","name":"Skyline T\u00far\u00e1k","alternateName":"\u042d\u043a\u0441\u043a\u0443\u0440\u0441\u0438\u0438 Skyline","url":"https:\/\/skyline-gs.com\/it\/","logo":{"@type":"ImageObject","inLanguage":"hu","@id":"https:\/\/skyline-gs.com\/it\/#\/schema\/logo\/image\/","url":"https:\/\/skyline-gs.com\/wp-content\/uploads\/2020\/12\/cropped-logo-2.png","contentUrl":"https:\/\/skyline-gs.com\/wp-content\/uploads\/2020\/12\/cropped-logo-2.png","width":512,"height":512,"caption":"\u042d\u043a\u0441\u043a\u0443\u0440\u0441\u0438\u0438 Skyline"},"image":{"@id":"https:\/\/skyline-gs.com\/it\/#\/schema\/logo\/image\/"},"sameAs":["https:\/\/www.instagram.com\/skylineglobalservice\/"]}]}},"_links":{"self":[{"href":"https:\/\/skyline-gs.com\/hu\/wp-json\/wp\/v2\/product\/32869","targetHints":{"allow":["GET"]}}],"collection":[{"href":"https:\/\/skyline-gs.com\/hu\/wp-json\/wp\/v2\/product"}],"about":[{"href":"https:\/\/skyline-gs.com\/hu\/wp-json\/wp\/v2\/types\/product"}],"version-history":[{"count":0,"href":"https:\/\/skyline-gs.com\/hu\/wp-json\/wp\/v2\/product\/32869\/revisions"}],"wp:featuredmedia":[{"embeddable":true,"href":"https:\/\/skyline-gs.com\/hu\/wp-json\/wp\/v2\/media\/32872"}],"wp:attachment":[{"href":"https:\/\/skyline-gs.com\/hu\/wp-json\/wp\/v2\/media?parent=32869"}],"wp:term":[{"taxonomy":"product_brand","embeddable":true,"href":"https:\/\/skyline-gs.com\/hu\/wp-json\/wp\/v2\/product_brand?post=32869"},{"taxonomy":"product_cat","embeddable":true,"href":"https:\/\/skyline-gs.com\/hu\/wp-json\/wp\/v2\/product_cat?post=32869"},{"taxonomy":"product_tag","embeddable":true,"href":"https:\/\/skyline-gs.com\/hu\/wp-json\/wp\/v2\/product_tag?post=32869"}],"curies":[{"name":"wp","href":"https:\/\/api.w.org\/{rel}","templated":true}]}}