{"id":32693,"date":"2021-10-26T20:52:24","date_gmt":"2021-10-26T18:52:24","guid":{"rendered":"http:\/\/skyline-gs.com\/?post_type=product&#038;p=32693"},"modified":"2024-10-31T13:21:41","modified_gmt":"2024-10-31T11:21:41","slug":"nile-cruise-4-days-marsaalam","status":"publish","type":"product","link":"https:\/\/skyline-gs.com\/hu\/product\/nile-cruise-4-days-marsaalam\/","title":{"rendered":"N\u00edlusi k\u00f6rutaz\u00e1s 5* 4 nap"},"content":{"rendered":"<div class=\"\">\n<div class=\"tour-schedule\">\n<div>\n<p>\u00c9lvezze az id\u0151tlen n\u00edlusi k\u00f6rutaz\u00e1st egy 5*-os luxushaj\u00f3n, a fed\u00e9lzeten medenc\u00e9vel. Fedezze fel az \u00f3kori Egyiptom nevezetess\u00e9geit. Profi egyiptol\u00f3gusok mindig k\u00e9zn\u00e9l vannak. \u00c9lvezze a teljes ell\u00e1t\u00e1st, a bili\u00e1rdot \u00e9s a k\u00fcl\u00f6nf\u00e9le sz\u00f3rakoztat\u00f3 programokat a fed\u00e9lzeten.<\/p>\n<p><strong>1. nap. Karnaki templom. Memnon-kolosszusok. Hateshpsut kir\u00e1lyn\u0151 temploma. Kir\u00e1lyn\u0151k v\u00f6lgye.<\/strong><\/p>\n<p>4:30 kijelentkez\u00e9s a Marsa Alam-i sz\u00e1llod\u00e1b\u00f3l (kb. 5 \u00f3ra aut\u00f3\u00fat). Bejelentkez\u00e9s a haj\u00f3\u00fatra. Az els\u0151 napon a haj\u00f3 meg\u00e1ll Luxorban. Megl\u00e1togatj\u00e1k a N\u00edlus jobb \u00e9s bal partj\u00e1t - az \u00ab\u00e9l\u0151k v\u00e1ros\u00e1t\u00bb. Megtekintik a Karnaki templomot, az \u00f3kori Egyiptom egyik legnagyobb \u00e9p\u00edt\u00e9szeti v\u00edvm\u00e1ny\u00e1t. A templomban szerzett felejthetetlen \u00e9lm\u00e9ny ut\u00e1n finom eb\u00e9d v\u00e1rja \u00d6n\u00f6ket. Ezut\u00e1n a csoport haj\u00f3val a bal partra, a \u00abHoltak v\u00e1ros\u00e1ba\u00bb utazik. Megl\u00e1togatj\u00e1k: Memnon kolosszusait (III. Amenhotep 2 hatalmas szobra - minden, ami a csod\u00e1latos templomb\u00f3l megmaradt), megl\u00e1togatj\u00e1k a Kir\u00e1lyn\u0151k V\u00f6lgy\u00e9t - a f\u00e1ra\u00f3k \u00e9vsz\u00e1zados s\u00edrj\u00e1t, megn\u00e9zik a h\u00edres kir\u00e1lyn\u0151, Hatsepszut - az egyetlen n\u0151i f\u00e1ra\u00f3 - temetkez\u00e9si templom\u00e1t. Ezt k\u00f6vet\u0151en elsz\u00e1ll\u00e1soljuk \u00d6n\u00f6ket a haj\u00f3n, ahol vacsora \u00e9s diszk\u00f3 v\u00e1rja \u00d6n\u00f6ket.<\/p>\n<p><strong>2. nap. Esna. Galabeya Party.<\/strong><\/p>\n<p>Utunk m\u00e1sodik napj\u00e1n a N\u00edlus partj\u00e1nak rendk\u00edv\u00fcli sz\u00e9ps\u00e9g\u00e9ben gy\u00f6ny\u00f6rk\u00f6dhet\u00fcnk. Eg\u00e9sz nap pihenhet a vonalhaj\u00f3n, \u00faszhat \u00e9s napozhat a medenc\u00e9n\u00e9l. Este pedig egyed\u00fcl\u00e1ll\u00f3 egyiptomi naplement\u00e9ben lesz r\u00e9sz\u00fck. Esna v\u00e1ros\u00e1nak k\u00f6zel\u00e9ben szint\u00e9n egy \u00e9rdekes haj\u00f3z\u00e1si folyamat - a haj\u00f3z\u00e1r\u00e1s - r\u00e9sztvev\u0151i lesznek. Este a vonalhaj\u00f3 minden vend\u00e9ge sz\u00e1m\u00e1ra keleti parti egyiptomi st\u00edlusban Galabeya Party egy sz\u00f3rakoztat\u00f3 show, amelyben a turist\u00e1k r\u00e9sztvev\u0151k lesznek. Egy sz\u00ednes egyiptomi mese r\u00e9sz\u00e9nek \u00e9rezheti mag\u00e1t, \u00e9s megtanulhatja, mit jelent a karnev\u00e1l arabul.<\/p>\n<p><strong>3. nap. Edfu templom. Kom Ombo templom.<\/strong><\/p>\n<p>A haj\u00f3\u00fat harmadik napj\u00e1n Edfu v\u00e1ros\u00e1ba l\u00e1togatunk el. Kis kocsik viszik el \u00d6n\u00f6ket a grandi\u00f3zus H\u00f3rusz templomhoz. A haj\u00f3n elfogyasztott eb\u00e9d ut\u00e1n Egyiptom egyik legcsod\u00e1latosabb templom\u00e1hoz, a Kom-Ombo templomhoz indulnak. Ez a templom egyszerre k\u00e9t isten szent\u00e9ly\u00e9nek ad otthont, az egyiket H\u00f3rusznak (a s\u00f3lyom isten\u00e9nek), a m\u00e1sikat pedig Szobeknek (a krokodil isten\u00e9nek) szentelt\u00e9k. A templom f\u0151 l\u00e1tv\u00e1nyoss\u00e1ga a hiposzt\u00edlus-csarnok tizen\u00f6t oszloppal, amelyeket falak k\u00f6tnek \u00f6ssze. Az oszlopok tetej\u00e9t papirusz \u00e9s liliomok d\u00edsz\u00edtik. A t\u00fara ut\u00e1n a csoport visszat\u00e9r a haj\u00f3ra, ahol vacsora \u00e9s folkl\u00f3rm\u0171sor v\u00e1rja a vend\u00e9geket.<\/p>\n<p><strong>4. nap Asszu\u00e1n g\u00e1t<\/strong><\/p>\n<p>Az utaz\u00e1s negyedik napj\u00e1n Egyiptom egyik legfest\u0151ibb v\u00e1ros\u00e1ba, Asszu\u00e1nba \u00e9rkez\u00fcnk. Itt megtekintj\u00fck a befejezetlen obeliszket \u00e9s az Asszu\u00e1n-g\u00e1tat, amelynek kil\u00e1t\u00f3terasz\u00e1r\u00f3l egyed\u00fcl\u00e1ll\u00f3 kil\u00e1t\u00e1s ny\u00edlik a Nasszer-t\u00f3ra. Ez a XX. sz\u00e1zad egyik legambici\u00f3zusabb \u00e9p\u00edtm\u00e9nye. Befejezetlen obeliszk +10$ extra. Ezzel a haj\u00f3\u00fat programja v\u00e9get \u00e9r, de k\u00fcl\u00f6n fel\u00e1r ellen\u00e9ben megl\u00e1togathatja Abu Szimbel (70$), az Asszu\u00e1ni Botanikus Kert \u00e9s a Philae sziget\u00e9n tal\u00e1lhat\u00f3 templomkomplexumot (45$). A csoport aut\u00f3busszal t\u00e9r vissza Marsa Alamba (kb. 7 \u00f3ra). \u00c9rkez\u00e9s Marsa Alamba a sz\u00e1llod\u00e1ba k\u00f6r\u00fclbel\u00fcl 22:00 \u00f3rakor.<\/p>\n<p><strong>5* delux b\u00e9l\u00e9s\u00fcnk:<\/strong><\/p>\n<p>M\/S Tamr Henna 5*<br \/>\nM\/S Royal Esadora N\u00edlusi k\u00f6rutaz\u00e1s5*<br \/>\nM\/S Princess Sarah n\u00edlusi k\u00f6rutaz\u00e1s 5*<br \/>\nRadamis 1 \/ 2<br \/>\nSemiramis 1 \u00e9s 2 n\u00edlusi k\u00f6rutaz\u00e1s - Egyiptom<br \/>\nN\u00edlusi delfin N\u00edlus k\u00f6rutaz\u00e1s - Egyiptom<br \/>\nNile Ruby N\u00edlus k\u00f6rutaz\u00e1s - Egyiptom<\/p>\n<\/div>\n<div>\n<div>\n<p><strong>Tartalmazza:<\/strong><\/p>\n<\/div>\n<ul>\n<li>Transzfer a sz\u00e1llod\u00e1b\u00f3l \u00e9s a sz\u00e1llod\u00e1ba<\/li>\n<li>Sz\u00e1ll\u00e1s egy 5*-os haj\u00f3n<\/li>\n<li>Napi h\u00e1romszori \u00e9tkez\u00e9s, bele\u00e9rtve a vizet, gy\u00fcm\u00f6lcslevet, k\u00e1v\u00e9t \u00e9s te\u00e1t a reggelin\u00e9l.<\/li>\n<li>A kir\u00e1ndul\u00e1sok bel\u00e9p\u0151d\u00edjai<\/li>\n<li>Magyarul besz\u00e9l\u0151 idegenvezet\u0151<\/li>\n<\/ul>\n<\/div>\n<\/div>\n<\/div>\n<p><strong>Nem tartalmazza:<\/strong><\/p>\n<ul>\n<li>Italok eb\u00e9d \u00e9s vacsora k\u00f6zben<\/li>\n<li>Fakultat\u00edv kir\u00e1ndul\u00e1sok<\/li>\n<\/ul>\n<p><strong>Vigy\u00e9l magaddal:<\/strong><\/p>\n<ul>\n<li>\u00datlev\u00e9l<\/li>\n<li>F\u00e9nyk\u00e9pez\u0151- \u00e9s videokamera<\/li>\n<li>Fejd\u00edsz<\/li>\n<li>T\u00f6r\u00fclk\u00f6z\u0151<\/li>\n<li>F\u00fcrd\u0151ruha, \u00fasz\u00f3nadr\u00e1g<\/li>\n<li>F\u00e9nyv\u00e9d\u0151 kr\u00e9m<\/li>\n<\/ul>","protected":false},"excerpt":{"rendered":"<p><strong>Id\u0151tartam:<\/strong> 4 nap \u00e9s 3 \u00e9jszaka<\/p>\n<p><strong>A Kir\u00e1ndul\u00e1s Napjai: <\/strong>kedd, cs\u00fct\u00f6rt\u00f6k, vas\u00e1rnap<\/p>","protected":false},"featured_media":29294,"template":"","meta":{"_kad_post_transparent":"default","_kad_post_title":"","_kad_post_layout":"default","_kad_post_sidebar_id":"","_kad_post_content_style":"default","_kad_post_vertical_padding":"default","_kad_post_feature":"","_kad_post_feature_position":"","_kad_post_header":false,"_kad_post_footer":false,"_kad_post_classname":"","_glsr_average":0,"_glsr_ranking":0,"_glsr_reviews":0},"product_brand":[],"product_cat":[452],"product_tag":[],"class_list":{"0":"post-32693","1":"product","2":"type-product","3":"status-publish","4":"has-post-thumbnail","6":"product_cat-marsa-alam","7":"tm-has-options","9":"first","10":"instock","11":"sale","12":"sold-individually","13":"taxable","14":"shipping-taxable","15":"purchasable","16":"product-type-simple","17":"entry","18":"content-bg","19":"loop-entry"},"yoast_head":"<!-- This site is optimized with the Yoast SEO plugin v27.3 - https:\/\/yoast.com\/product\/yoast-seo-wordpress\/ -->\n<title>\u041a\u0440\u0443\u0438\u0437 \u043f\u043e \u041d\u0438\u043b\u0443 5* 4 \u0434\u043d\u044f &#8226; \u042d\u043a\u0441\u043a\u0443\u0440\u0441\u0438\u0438 Skyline<\/title>\n<meta name=\"robots\" content=\"index, follow, max-snippet:-1, max-image-preview:large, max-video-preview:-1\" \/>\n<link rel=\"canonical\" href=\"http:\/\/skyline-gs.com\/hu\/termek\/nile-cruise-4-days-marsaalam\/\" \/>\n<meta property=\"og:locale\" content=\"hu_HU\" \/>\n<meta property=\"og:type\" content=\"article\" \/>\n<meta property=\"og:title\" content=\"\u041a\u0440\u0443\u0438\u0437 \u043f\u043e \u041d\u0438\u043b\u0443 5* 4 \u0434\u043d\u044f &#8226; \u042d\u043a\u0441\u043a\u0443\u0440\u0441\u0438\u0438 Skyline\" \/>\n<meta property=\"og:description\" content=\"\u0414\u043b\u0438\u0442\u0435\u043b\u044c\u043d\u043e\u0441\u0442\u044c: 4 \u0434\u043d\u044f \u0438 3 \u043d\u043e\u0447\u0438  \u0414\u043d\u0438 \u043f\u0440\u043e\u0432\u0435\u0434\u0435\u043d\u0438\u044f: \u0432\u0442\u043e\u0440\u043d\u0438\u043a, \u0447\u0435\u0442\u0432\u0435\u0440\u0433, \u0432\u043e\u0441\u043a\u0440\u0435\u0441\u0435\u043d\u0438\u0435\" \/>\n<meta property=\"og:url\" content=\"http:\/\/skyline-gs.com\/hu\/termek\/nile-cruise-4-days-marsaalam\/\" \/>\n<meta property=\"og:site_name\" content=\"\u042d\u043a\u0441\u043a\u0443\u0440\u0441\u0438\u0438 Skyline\" \/>\n<meta property=\"article:modified_time\" content=\"2024-10-31T11:21:41+00:00\" \/>\n<meta property=\"og:image\" content=\"https:\/\/skyline-gs.com\/wp-content\/uploads\/2021\/07\/51-1.jpg\" \/>\n\t<meta property=\"og:image:width\" content=\"669\" \/>\n\t<meta property=\"og:image:height\" content=\"446\" \/>\n\t<meta property=\"og:image:type\" content=\"image\/jpeg\" \/>\n<meta name=\"twitter:card\" content=\"summary_large_image\" \/>\n<meta name=\"twitter:label1\" content=\"Becs\u00fclt olvas\u00e1si id\u0151\" \/>\n\t<meta name=\"twitter:data1\" content=\"3 perc\" \/>\n<script type=\"application\/ld+json\" class=\"yoast-schema-graph\">{\"@context\":\"https:\\\/\\\/schema.org\",\"@graph\":[{\"@type\":\"WebPage\",\"@id\":\"http:\\\/\\\/skyline-gs.com\\\/de\\\/produkt\\\/nile-cruise-4-days-marsaalam\\\/\",\"url\":\"http:\\\/\\\/skyline-gs.com\\\/de\\\/produkt\\\/nile-cruise-4-days-marsaalam\\\/\",\"name\":\"\u041a\u0440\u0443\u0438\u0437 \u043f\u043e \u041d\u0438\u043b\u0443 5* 4 \u0434\u043d\u044f &#8226; \u042d\u043a\u0441\u043a\u0443\u0440\u0441\u0438\u0438 Skyline\",\"isPartOf\":{\"@id\":\"https:\\\/\\\/skyline-gs.com\\\/it\\\/#website\"},\"primaryImageOfPage\":{\"@id\":\"http:\\\/\\\/skyline-gs.com\\\/de\\\/produkt\\\/nile-cruise-4-days-marsaalam\\\/#primaryimage\"},\"image\":{\"@id\":\"http:\\\/\\\/skyline-gs.com\\\/de\\\/produkt\\\/nile-cruise-4-days-marsaalam\\\/#primaryimage\"},\"thumbnailUrl\":\"https:\\\/\\\/skyline-gs.com\\\/wp-content\\\/uploads\\\/2021\\\/07\\\/51-1.jpg\",\"datePublished\":\"2021-10-26T18:52:24+00:00\",\"dateModified\":\"2024-10-31T11:21:41+00:00\",\"breadcrumb\":{\"@id\":\"http:\\\/\\\/skyline-gs.com\\\/de\\\/produkt\\\/nile-cruise-4-days-marsaalam\\\/#breadcrumb\"},\"inLanguage\":\"hu\",\"potentialAction\":[{\"@type\":\"ReadAction\",\"target\":[\"http:\\\/\\\/skyline-gs.com\\\/de\\\/produkt\\\/nile-cruise-4-days-marsaalam\\\/\"]}]},{\"@type\":\"ImageObject\",\"inLanguage\":\"hu\",\"@id\":\"http:\\\/\\\/skyline-gs.com\\\/de\\\/produkt\\\/nile-cruise-4-days-marsaalam\\\/#primaryimage\",\"url\":\"https:\\\/\\\/skyline-gs.com\\\/wp-content\\\/uploads\\\/2021\\\/07\\\/51-1.jpg\",\"contentUrl\":\"https:\\\/\\\/skyline-gs.com\\\/wp-content\\\/uploads\\\/2021\\\/07\\\/51-1.jpg\",\"width\":669,\"height\":446},{\"@type\":\"BreadcrumbList\",\"@id\":\"http:\\\/\\\/skyline-gs.com\\\/de\\\/produkt\\\/nile-cruise-4-days-marsaalam\\\/#breadcrumb\",\"itemListElement\":[{\"@type\":\"ListItem\",\"position\":1,\"name\":\"\u0413\u043b\u0430\u0432\u043d\u0430\u044f \u0441\u0442\u0440\u0430\u043d\u0438\u0446\u0430\",\"item\":\"https:\\\/\\\/skyline-gs.com\\\/hu\\\/\"},{\"@type\":\"ListItem\",\"position\":2,\"name\":\"\u041c\u0430\u0433\u0430\u0437\u0438\u043d\",\"item\":\"https:\\\/\\\/skyline-gs.com\\\/cs\\\/shop\\\/\"},{\"@type\":\"ListItem\",\"position\":3,\"name\":\"\u041a\u0440\u0443\u0438\u0437 \u043f\u043e \u041d\u0438\u043b\u0443 5* 4 \u0434\u043d\u044f\"}]},{\"@type\":\"WebSite\",\"@id\":\"https:\\\/\\\/skyline-gs.com\\\/it\\\/#website\",\"url\":\"https:\\\/\\\/skyline-gs.com\\\/it\\\/\",\"name\":\"\u042d\u043a\u0441\u043a\u0443\u0440\u0441\u0438\u0438 Skyline\",\"description\":\"\u042d\u043a\u0441\u043a\u043b\u044e\u0437\u0438\u0432\u043d\u044b\u0435 \u044d\u043a\u0441\u043a\u0443\u0440\u0441\u0438\u0438 \u043d\u0430 \u043b\u0443\u0447\u0448\u0438\u0445 \u043a\u0443\u0440\u043e\u0440\u0442\u0430\u0445 \u043c\u0438\u0440\u0430\",\"publisher\":{\"@id\":\"https:\\\/\\\/skyline-gs.com\\\/it\\\/#organization\"},\"alternateName\":\"Skyline\",\"potentialAction\":[{\"@type\":\"SearchAction\",\"target\":{\"@type\":\"EntryPoint\",\"urlTemplate\":\"https:\\\/\\\/skyline-gs.com\\\/it\\\/?s={search_term_string}\"},\"query-input\":{\"@type\":\"PropertyValueSpecification\",\"valueRequired\":true,\"valueName\":\"search_term_string\"}}],\"inLanguage\":\"hu\"},{\"@type\":\"Organization\",\"@id\":\"https:\\\/\\\/skyline-gs.com\\\/it\\\/#organization\",\"name\":\"\u042d\u043a\u0441\u043a\u0443\u0440\u0441\u0438\u0438 Skyline\",\"alternateName\":\"\u042d\u043a\u0441\u043a\u0443\u0440\u0441\u0438\u0438 Skyline\",\"url\":\"https:\\\/\\\/skyline-gs.com\\\/it\\\/\",\"logo\":{\"@type\":\"ImageObject\",\"inLanguage\":\"hu\",\"@id\":\"https:\\\/\\\/skyline-gs.com\\\/it\\\/#\\\/schema\\\/logo\\\/image\\\/\",\"url\":\"https:\\\/\\\/skyline-gs.com\\\/wp-content\\\/uploads\\\/2020\\\/12\\\/cropped-logo-2.png\",\"contentUrl\":\"https:\\\/\\\/skyline-gs.com\\\/wp-content\\\/uploads\\\/2020\\\/12\\\/cropped-logo-2.png\",\"width\":512,\"height\":512,\"caption\":\"\u042d\u043a\u0441\u043a\u0443\u0440\u0441\u0438\u0438 Skyline\"},\"image\":{\"@id\":\"https:\\\/\\\/skyline-gs.com\\\/it\\\/#\\\/schema\\\/logo\\\/image\\\/\"},\"sameAs\":[\"https:\\\/\\\/www.instagram.com\\\/skylineglobalservice\\\/\"]}]}<\/script>\n<!-- \/ Yoast SEO plugin. -->","yoast_head_json":{"title":"\u041a\u0440\u0443\u0438\u0437 \u043f\u043e \u041d\u0438\u043b\u0443 5* 4 \u0434\u043d\u044f &#8226; \u042d\u043a\u0441\u043a\u0443\u0440\u0441\u0438\u0438 Skyline","robots":{"index":"index","follow":"follow","max-snippet":"max-snippet:-1","max-image-preview":"max-image-preview:large","max-video-preview":"max-video-preview:-1"},"canonical":"http:\/\/skyline-gs.com\/hu\/termek\/nile-cruise-4-days-marsaalam\/","og_locale":"hu_HU","og_type":"article","og_title":"\u041a\u0440\u0443\u0438\u0437 \u043f\u043e \u041d\u0438\u043b\u0443 5* 4 \u0434\u043d\u044f &#8226; \u042d\u043a\u0441\u043a\u0443\u0440\u0441\u0438\u0438 Skyline","og_description":"\u0414\u043b\u0438\u0442\u0435\u043b\u044c\u043d\u043e\u0441\u0442\u044c: 4 \u0434\u043d\u044f \u0438 3 \u043d\u043e\u0447\u0438  \u0414\u043d\u0438 \u043f\u0440\u043e\u0432\u0435\u0434\u0435\u043d\u0438\u044f: \u0432\u0442\u043e\u0440\u043d\u0438\u043a, \u0447\u0435\u0442\u0432\u0435\u0440\u0433, \u0432\u043e\u0441\u043a\u0440\u0435\u0441\u0435\u043d\u0438\u0435","og_url":"http:\/\/skyline-gs.com\/hu\/termek\/nile-cruise-4-days-marsaalam\/","og_site_name":"\u042d\u043a\u0441\u043a\u0443\u0440\u0441\u0438\u0438 Skyline","article_modified_time":"2024-10-31T11:21:41+00:00","og_image":[{"width":669,"height":446,"url":"https:\/\/skyline-gs.com\/wp-content\/uploads\/2021\/07\/51-1.jpg","type":"image\/jpeg"}],"twitter_card":"summary_large_image","twitter_misc":{"Becs\u00fclt olvas\u00e1si id\u0151":"3 perc"},"schema":{"@context":"https:\/\/schema.org","@graph":[{"@type":"WebPage","@id":"http:\/\/skyline-gs.com\/de\/produkt\/nile-cruise-4-days-marsaalam\/","url":"http:\/\/skyline-gs.com\/de\/produkt\/nile-cruise-4-days-marsaalam\/","name":"\u041a\u0440\u0443\u0438\u0437 \u043f\u043e \u041d\u0438\u043b\u0443 5* 4 \u0434\u043d\u044f &#8226; \u042d\u043a\u0441\u043a\u0443\u0440\u0441\u0438\u0438 Skyline","isPartOf":{"@id":"https:\/\/skyline-gs.com\/it\/#website"},"primaryImageOfPage":{"@id":"http:\/\/skyline-gs.com\/de\/produkt\/nile-cruise-4-days-marsaalam\/#primaryimage"},"image":{"@id":"http:\/\/skyline-gs.com\/de\/produkt\/nile-cruise-4-days-marsaalam\/#primaryimage"},"thumbnailUrl":"https:\/\/skyline-gs.com\/wp-content\/uploads\/2021\/07\/51-1.jpg","datePublished":"2021-10-26T18:52:24+00:00","dateModified":"2024-10-31T11:21:41+00:00","breadcrumb":{"@id":"http:\/\/skyline-gs.com\/de\/produkt\/nile-cruise-4-days-marsaalam\/#breadcrumb"},"inLanguage":"hu","potentialAction":[{"@type":"ReadAction","target":["http:\/\/skyline-gs.com\/de\/produkt\/nile-cruise-4-days-marsaalam\/"]}]},{"@type":"ImageObject","inLanguage":"hu","@id":"http:\/\/skyline-gs.com\/de\/produkt\/nile-cruise-4-days-marsaalam\/#primaryimage","url":"https:\/\/skyline-gs.com\/wp-content\/uploads\/2021\/07\/51-1.jpg","contentUrl":"https:\/\/skyline-gs.com\/wp-content\/uploads\/2021\/07\/51-1.jpg","width":669,"height":446},{"@type":"BreadcrumbList","@id":"http:\/\/skyline-gs.com\/de\/produkt\/nile-cruise-4-days-marsaalam\/#breadcrumb","itemListElement":[{"@type":"ListItem","position":1,"name":"\u0413\u043b\u0430\u0432\u043d\u0430\u044f \u0441\u0442\u0440\u0430\u043d\u0438\u0446\u0430","item":"https:\/\/skyline-gs.com\/hu\/"},{"@type":"ListItem","position":2,"name":"\u041c\u0430\u0433\u0430\u0437\u0438\u043d","item":"https:\/\/skyline-gs.com\/cs\/shop\/"},{"@type":"ListItem","position":3,"name":"\u041a\u0440\u0443\u0438\u0437 \u043f\u043e \u041d\u0438\u043b\u0443 5* 4 \u0434\u043d\u044f"}]},{"@type":"WebSite","@id":"https:\/\/skyline-gs.com\/it\/#website","url":"https:\/\/skyline-gs.com\/it\/","name":"Skyline T\u00far\u00e1k","description":"Exkluz\u00edv kir\u00e1ndul\u00e1sok a vil\u00e1g legjobb \u00fcd\u00fcl\u0151helyein","publisher":{"@id":"https:\/\/skyline-gs.com\/it\/#organization"},"alternateName":"Skyline","potentialAction":[{"@type":"SearchAction","target":{"@type":"EntryPoint","urlTemplate":"https:\/\/skyline-gs.com\/it\/?s={search_term_string}"},"query-input":{"@type":"PropertyValueSpecification","valueRequired":true,"valueName":"search_term_string"}}],"inLanguage":"hu"},{"@type":"Organization","@id":"https:\/\/skyline-gs.com\/it\/#organization","name":"Skyline T\u00far\u00e1k","alternateName":"\u042d\u043a\u0441\u043a\u0443\u0440\u0441\u0438\u0438 Skyline","url":"https:\/\/skyline-gs.com\/it\/","logo":{"@type":"ImageObject","inLanguage":"hu","@id":"https:\/\/skyline-gs.com\/it\/#\/schema\/logo\/image\/","url":"https:\/\/skyline-gs.com\/wp-content\/uploads\/2020\/12\/cropped-logo-2.png","contentUrl":"https:\/\/skyline-gs.com\/wp-content\/uploads\/2020\/12\/cropped-logo-2.png","width":512,"height":512,"caption":"\u042d\u043a\u0441\u043a\u0443\u0440\u0441\u0438\u0438 Skyline"},"image":{"@id":"https:\/\/skyline-gs.com\/it\/#\/schema\/logo\/image\/"},"sameAs":["https:\/\/www.instagram.com\/skylineglobalservice\/"]}]}},"_links":{"self":[{"href":"https:\/\/skyline-gs.com\/hu\/wp-json\/wp\/v2\/product\/32693","targetHints":{"allow":["GET"]}}],"collection":[{"href":"https:\/\/skyline-gs.com\/hu\/wp-json\/wp\/v2\/product"}],"about":[{"href":"https:\/\/skyline-gs.com\/hu\/wp-json\/wp\/v2\/types\/product"}],"version-history":[{"count":0,"href":"https:\/\/skyline-gs.com\/hu\/wp-json\/wp\/v2\/product\/32693\/revisions"}],"wp:featuredmedia":[{"embeddable":true,"href":"https:\/\/skyline-gs.com\/hu\/wp-json\/wp\/v2\/media\/29294"}],"wp:attachment":[{"href":"https:\/\/skyline-gs.com\/hu\/wp-json\/wp\/v2\/media?parent=32693"}],"wp:term":[{"taxonomy":"product_brand","embeddable":true,"href":"https:\/\/skyline-gs.com\/hu\/wp-json\/wp\/v2\/product_brand?post=32693"},{"taxonomy":"product_cat","embeddable":true,"href":"https:\/\/skyline-gs.com\/hu\/wp-json\/wp\/v2\/product_cat?post=32693"},{"taxonomy":"product_tag","embeddable":true,"href":"https:\/\/skyline-gs.com\/hu\/wp-json\/wp\/v2\/product_tag?post=32693"}],"curies":[{"name":"wp","href":"https:\/\/api.w.org\/{rel}","templated":true}]}}