{"id":31493,"date":"2021-09-17T22:41:08","date_gmt":"2021-09-17T20:41:08","guid":{"rendered":"http:\/\/skyline-gs.com\/?post_type=product&#038;p=31493"},"modified":"2023-11-07T20:54:10","modified_gmt":"2023-11-07T18:54:10","slug":"alexandria-tour-cairo","status":"publish","type":"product","link":"https:\/\/skyline-gs.com\/hu\/product\/alexandria-tour-cairo\/","title":{"rendered":"Alexandria"},"content":{"rendered":"<p>8:00 indul\u00e1s a kair\u00f3i sz\u00e1llod\u00e1b\u00f3l. Az \u00fat Alexandri\u00e1ba mind\u00f6ssze 2 -2,5 \u00f3r\u00e1t vesz ig\u00e9nybe. Megl\u00e1togatjuk ennek a gy\u00f6ny\u00f6r\u0171 v\u00e1rosnak a nevezetess\u00e9geit, amely k\u00fcl\u00f6nb\u00f6z\u0151 korok kult\u00far\u00e1it egyes\u00edti. Az Alexandriai Kir\u00e1lyi K\u00f6nyvt\u00e1r vagy Alexandriai \u00f3kori k\u00f6nyvt\u00e1r (\u00e1ttekint\u00e9s), az \u00f3kori vil\u00e1g egyik legnagyobb \u00e9s legfontosabb k\u00f6nyvt\u00e1ra volt. A m\u00fazs\u00e1knak, a m\u0171v\u00e9szetek kilenc istenn\u0151j\u00e9nek volt szentelve. Kopt p\u00e1tri\u00e1rka - A nagy M\u00e1rk apostol temetkez\u00e9si helye . Morsi Abu el Abb\u00e1sz mecset. Kait Bai fellegv\u00e1ra (\u00e1ttekint\u00e9s). \u00dagy tartj\u00e1k, hogy az er\u0151d az \u00f3kori vil\u00e1g h\u00e9t csod\u00e1j\u00e1nak egyik\u00e9nek, az alexandriai vil\u00e1g\u00edt\u00f3toronynak a hely\u00e9n keletkezett, s\u0151t - a vil\u00e1g\u00edt\u00f3torony maradv\u00e1nyait haszn\u00e1lt\u00e1k fel az \u00e9p\u00edtkez\u00e9shez. Eb\u00e9d egy hal\u00e9tteremben a F\u00f6ldk\u00f6zi-tenger partj\u00e1n. Visszautaz\u00e1s Kair\u00f3ba. K\u00f6r\u00fclbel\u00fcl 18:00 \u00f3r\u00e1ra a sz\u00e1llod\u00e1ban lesz.<\/p>\n<p><strong>Tartalmazza:<\/strong><\/p>\n<ul>\n<li>Transzfer a sz\u00e1llod\u00e1b\u00f3l \u00e9s a sz\u00e1llod\u00e1ba<\/li>\n<li>Orosz nyelv\u0171 egyiptol\u00f3gus idegenvezet\u0151<\/li>\n<li>Bel\u00e9p\u0151d\u00edjak az \u00f6sszes eml\u00edtett l\u00e1tnival\u00f3hoz;<\/li>\n<li>Eb\u00e9d<\/li>\n<\/ul>\n<p><strong>Nem tartalmazza:<\/strong><\/p>\n<ul>\n<li>Szem\u00e9lyi kiad\u00e1sok<\/li>\n<\/ul>\n<p><strong>Vigy\u00e9l magaddal:<\/strong><\/p>\n<ul>\n<li>Fot\u00f3-videokamera<\/li>\n<li>Fejd\u00edsz<\/li>\n<li>P\u00e9nz szem\u00e9lyes kiad\u00e1sokra \u00e9s aj\u00e1nd\u00e9kt\u00e1rgyakra<\/li>\n<li>Iv\u00f3v\u00edz<\/li>\n<li>K\u00e9nyelmes cip\u0151<\/li>\n<\/ul>","protected":false},"excerpt":{"rendered":"<p><strong>Id\u0151tartam: <\/strong>8:00 - 18:00<\/p>\n<p><strong>A Kir\u00e1ndul\u00e1s Napjai:<\/strong> vas\u00e1rnap kiv\u00e9tel\u00e9vel minden nap<\/p>","protected":false},"featured_media":31640,"template":"","meta":{"_kad_post_transparent":"default","_kad_post_title":"","_kad_post_layout":"default","_kad_post_sidebar_id":"","_kad_post_content_style":"default","_kad_post_vertical_padding":"default","_kad_post_feature":"","_kad_post_feature_position":"","_kad_post_header":false,"_kad_post_footer":false,"_kad_post_classname":"","_glsr_average":0,"_glsr_ranking":0,"_glsr_reviews":0},"product_brand":[],"product_cat":[295],"product_tag":[],"class_list":{"0":"post-31493","1":"product","2":"type-product","3":"status-publish","4":"has-post-thumbnail","6":"product_cat-uncategorized","7":"tm-has-options","9":"first","10":"instock","11":"sold-individually","12":"taxable","13":"shipping-taxable","14":"purchasable","15":"product-type-simple","16":"entry","17":"content-bg","18":"loop-entry"},"yoast_head":"<!-- This site is optimized with the Yoast SEO plugin v27.3 - https:\/\/yoast.com\/product\/yoast-seo-wordpress\/ -->\n<title>\u0410\u043b\u0435\u043a\u0441\u0430\u043d\u0434\u0440\u0438\u044f &#8226; \u042d\u043a\u0441\u043a\u0443\u0440\u0441\u0438\u0438 Skyline<\/title>\n<meta name=\"robots\" content=\"index, follow, max-snippet:-1, max-image-preview:large, max-video-preview:-1\" \/>\n<link rel=\"canonical\" href=\"https:\/\/skyline-gs.com\/hu\/termek\/alexandria-tour-cairo\/\" \/>\n<meta property=\"og:locale\" content=\"hu_HU\" \/>\n<meta property=\"og:type\" content=\"article\" \/>\n<meta property=\"og:title\" content=\"\u0410\u043b\u0435\u043a\u0441\u0430\u043d\u0434\u0440\u0438\u044f &#8226; \u042d\u043a\u0441\u043a\u0443\u0440\u0441\u0438\u0438 Skyline\" \/>\n<meta property=\"og:description\" content=\"\u0414\u043b\u0438\u0442\u0435\u043b\u044c\u043d\u043e\u0441\u0442\u044c: 8:00 - 18:00  \u0414\u043d\u0438 \u043f\u0440\u043e\u0432\u0435\u0434\u0435\u043d\u0438\u044f: \u0435\u0436\u0435\u0434\u043d\u0435\u0432\u043d\u043e, \u043a\u0440\u043e\u043c\u0435 \u0432\u043e\u0441\u043a\u0440\u0435\u0441\u0435\u043d\u0438\u044f\" \/>\n<meta property=\"og:url\" content=\"https:\/\/skyline-gs.com\/hu\/termek\/alexandria-tour-cairo\/\" \/>\n<meta property=\"og:site_name\" content=\"\u042d\u043a\u0441\u043a\u0443\u0440\u0441\u0438\u0438 Skyline\" \/>\n<meta property=\"article:modified_time\" content=\"2023-11-07T18:54:10+00:00\" \/>\n<meta property=\"og:image\" content=\"https:\/\/skyline-gs.com\/wp-content\/uploads\/2021\/09\/88-2.jpg\" \/>\n\t<meta property=\"og:image:width\" content=\"669\" \/>\n\t<meta property=\"og:image:height\" content=\"446\" \/>\n\t<meta property=\"og:image:type\" content=\"image\/jpeg\" \/>\n<meta name=\"twitter:card\" content=\"summary_large_image\" \/>\n<meta name=\"twitter:label1\" content=\"Becs\u00fclt olvas\u00e1si id\u0151\" \/>\n\t<meta name=\"twitter:data1\" content=\"1 perc\" \/>\n<script type=\"application\/ld+json\" class=\"yoast-schema-graph\">{\"@context\":\"https:\\\/\\\/schema.org\",\"@graph\":[{\"@type\":\"WebPage\",\"@id\":\"https:\\\/\\\/skyline-gs.com\\\/en\\\/product-2\\\/alexandria-tour-cairo\\\/\",\"url\":\"https:\\\/\\\/skyline-gs.com\\\/en\\\/product-2\\\/alexandria-tour-cairo\\\/\",\"name\":\"\u0410\u043b\u0435\u043a\u0441\u0430\u043d\u0434\u0440\u0438\u044f &#8226; \u042d\u043a\u0441\u043a\u0443\u0440\u0441\u0438\u0438 Skyline\",\"isPartOf\":{\"@id\":\"https:\\\/\\\/skyline-gs.com\\\/it\\\/#website\"},\"primaryImageOfPage\":{\"@id\":\"https:\\\/\\\/skyline-gs.com\\\/en\\\/product-2\\\/alexandria-tour-cairo\\\/#primaryimage\"},\"image\":{\"@id\":\"https:\\\/\\\/skyline-gs.com\\\/en\\\/product-2\\\/alexandria-tour-cairo\\\/#primaryimage\"},\"thumbnailUrl\":\"https:\\\/\\\/skyline-gs.com\\\/wp-content\\\/uploads\\\/2021\\\/09\\\/88-2.jpg\",\"datePublished\":\"2021-09-17T20:41:08+00:00\",\"dateModified\":\"2023-11-07T18:54:10+00:00\",\"breadcrumb\":{\"@id\":\"https:\\\/\\\/skyline-gs.com\\\/en\\\/product-2\\\/alexandria-tour-cairo\\\/#breadcrumb\"},\"inLanguage\":\"hu\",\"potentialAction\":[{\"@type\":\"ReadAction\",\"target\":[\"https:\\\/\\\/skyline-gs.com\\\/en\\\/product-2\\\/alexandria-tour-cairo\\\/\"]}]},{\"@type\":\"ImageObject\",\"inLanguage\":\"hu\",\"@id\":\"https:\\\/\\\/skyline-gs.com\\\/en\\\/product-2\\\/alexandria-tour-cairo\\\/#primaryimage\",\"url\":\"https:\\\/\\\/skyline-gs.com\\\/wp-content\\\/uploads\\\/2021\\\/09\\\/88-2.jpg\",\"contentUrl\":\"https:\\\/\\\/skyline-gs.com\\\/wp-content\\\/uploads\\\/2021\\\/09\\\/88-2.jpg\",\"width\":669,\"height\":446},{\"@type\":\"BreadcrumbList\",\"@id\":\"https:\\\/\\\/skyline-gs.com\\\/en\\\/product-2\\\/alexandria-tour-cairo\\\/#breadcrumb\",\"itemListElement\":[{\"@type\":\"ListItem\",\"position\":1,\"name\":\"\u0413\u043b\u0430\u0432\u043d\u0430\u044f \u0441\u0442\u0440\u0430\u043d\u0438\u0446\u0430\",\"item\":\"https:\\\/\\\/skyline-gs.com\\\/hu\\\/\"},{\"@type\":\"ListItem\",\"position\":2,\"name\":\"\u041c\u0430\u0433\u0430\u0437\u0438\u043d\",\"item\":\"https:\\\/\\\/skyline-gs.com\\\/cs\\\/shop\\\/\"},{\"@type\":\"ListItem\",\"position\":3,\"name\":\"\u0410\u043b\u0435\u043a\u0441\u0430\u043d\u0434\u0440\u0438\u044f\"}]},{\"@type\":\"WebSite\",\"@id\":\"https:\\\/\\\/skyline-gs.com\\\/it\\\/#website\",\"url\":\"https:\\\/\\\/skyline-gs.com\\\/it\\\/\",\"name\":\"\u042d\u043a\u0441\u043a\u0443\u0440\u0441\u0438\u0438 Skyline\",\"description\":\"\u042d\u043a\u0441\u043a\u043b\u044e\u0437\u0438\u0432\u043d\u044b\u0435 \u044d\u043a\u0441\u043a\u0443\u0440\u0441\u0438\u0438 \u043d\u0430 \u043b\u0443\u0447\u0448\u0438\u0445 \u043a\u0443\u0440\u043e\u0440\u0442\u0430\u0445 \u043c\u0438\u0440\u0430\",\"publisher\":{\"@id\":\"https:\\\/\\\/skyline-gs.com\\\/it\\\/#organization\"},\"alternateName\":\"Skyline\",\"potentialAction\":[{\"@type\":\"SearchAction\",\"target\":{\"@type\":\"EntryPoint\",\"urlTemplate\":\"https:\\\/\\\/skyline-gs.com\\\/it\\\/?s={search_term_string}\"},\"query-input\":{\"@type\":\"PropertyValueSpecification\",\"valueRequired\":true,\"valueName\":\"search_term_string\"}}],\"inLanguage\":\"hu\"},{\"@type\":\"Organization\",\"@id\":\"https:\\\/\\\/skyline-gs.com\\\/it\\\/#organization\",\"name\":\"\u042d\u043a\u0441\u043a\u0443\u0440\u0441\u0438\u0438 Skyline\",\"alternateName\":\"\u042d\u043a\u0441\u043a\u0443\u0440\u0441\u0438\u0438 Skyline\",\"url\":\"https:\\\/\\\/skyline-gs.com\\\/it\\\/\",\"logo\":{\"@type\":\"ImageObject\",\"inLanguage\":\"hu\",\"@id\":\"https:\\\/\\\/skyline-gs.com\\\/it\\\/#\\\/schema\\\/logo\\\/image\\\/\",\"url\":\"https:\\\/\\\/skyline-gs.com\\\/wp-content\\\/uploads\\\/2020\\\/12\\\/cropped-logo-2.png\",\"contentUrl\":\"https:\\\/\\\/skyline-gs.com\\\/wp-content\\\/uploads\\\/2020\\\/12\\\/cropped-logo-2.png\",\"width\":512,\"height\":512,\"caption\":\"\u042d\u043a\u0441\u043a\u0443\u0440\u0441\u0438\u0438 Skyline\"},\"image\":{\"@id\":\"https:\\\/\\\/skyline-gs.com\\\/it\\\/#\\\/schema\\\/logo\\\/image\\\/\"},\"sameAs\":[\"https:\\\/\\\/www.instagram.com\\\/skylineglobalservice\\\/\"]}]}<\/script>\n<!-- \/ Yoast SEO plugin. -->","yoast_head_json":{"title":"\u0410\u043b\u0435\u043a\u0441\u0430\u043d\u0434\u0440\u0438\u044f &#8226; \u042d\u043a\u0441\u043a\u0443\u0440\u0441\u0438\u0438 Skyline","robots":{"index":"index","follow":"follow","max-snippet":"max-snippet:-1","max-image-preview":"max-image-preview:large","max-video-preview":"max-video-preview:-1"},"canonical":"https:\/\/skyline-gs.com\/hu\/termek\/alexandria-tour-cairo\/","og_locale":"hu_HU","og_type":"article","og_title":"\u0410\u043b\u0435\u043a\u0441\u0430\u043d\u0434\u0440\u0438\u044f &#8226; \u042d\u043a\u0441\u043a\u0443\u0440\u0441\u0438\u0438 Skyline","og_description":"\u0414\u043b\u0438\u0442\u0435\u043b\u044c\u043d\u043e\u0441\u0442\u044c: 8:00 - 18:00  \u0414\u043d\u0438 \u043f\u0440\u043e\u0432\u0435\u0434\u0435\u043d\u0438\u044f: \u0435\u0436\u0435\u0434\u043d\u0435\u0432\u043d\u043e, \u043a\u0440\u043e\u043c\u0435 \u0432\u043e\u0441\u043a\u0440\u0435\u0441\u0435\u043d\u0438\u044f","og_url":"https:\/\/skyline-gs.com\/hu\/termek\/alexandria-tour-cairo\/","og_site_name":"\u042d\u043a\u0441\u043a\u0443\u0440\u0441\u0438\u0438 Skyline","article_modified_time":"2023-11-07T18:54:10+00:00","og_image":[{"width":669,"height":446,"url":"https:\/\/skyline-gs.com\/wp-content\/uploads\/2021\/09\/88-2.jpg","type":"image\/jpeg"}],"twitter_card":"summary_large_image","twitter_misc":{"Becs\u00fclt olvas\u00e1si id\u0151":"1 perc"},"schema":{"@context":"https:\/\/schema.org","@graph":[{"@type":"WebPage","@id":"https:\/\/skyline-gs.com\/en\/product-2\/alexandria-tour-cairo\/","url":"https:\/\/skyline-gs.com\/en\/product-2\/alexandria-tour-cairo\/","name":"\u0410\u043b\u0435\u043a\u0441\u0430\u043d\u0434\u0440\u0438\u044f &#8226; \u042d\u043a\u0441\u043a\u0443\u0440\u0441\u0438\u0438 Skyline","isPartOf":{"@id":"https:\/\/skyline-gs.com\/it\/#website"},"primaryImageOfPage":{"@id":"https:\/\/skyline-gs.com\/en\/product-2\/alexandria-tour-cairo\/#primaryimage"},"image":{"@id":"https:\/\/skyline-gs.com\/en\/product-2\/alexandria-tour-cairo\/#primaryimage"},"thumbnailUrl":"https:\/\/skyline-gs.com\/wp-content\/uploads\/2021\/09\/88-2.jpg","datePublished":"2021-09-17T20:41:08+00:00","dateModified":"2023-11-07T18:54:10+00:00","breadcrumb":{"@id":"https:\/\/skyline-gs.com\/en\/product-2\/alexandria-tour-cairo\/#breadcrumb"},"inLanguage":"hu","potentialAction":[{"@type":"ReadAction","target":["https:\/\/skyline-gs.com\/en\/product-2\/alexandria-tour-cairo\/"]}]},{"@type":"ImageObject","inLanguage":"hu","@id":"https:\/\/skyline-gs.com\/en\/product-2\/alexandria-tour-cairo\/#primaryimage","url":"https:\/\/skyline-gs.com\/wp-content\/uploads\/2021\/09\/88-2.jpg","contentUrl":"https:\/\/skyline-gs.com\/wp-content\/uploads\/2021\/09\/88-2.jpg","width":669,"height":446},{"@type":"BreadcrumbList","@id":"https:\/\/skyline-gs.com\/en\/product-2\/alexandria-tour-cairo\/#breadcrumb","itemListElement":[{"@type":"ListItem","position":1,"name":"\u0413\u043b\u0430\u0432\u043d\u0430\u044f \u0441\u0442\u0440\u0430\u043d\u0438\u0446\u0430","item":"https:\/\/skyline-gs.com\/hu\/"},{"@type":"ListItem","position":2,"name":"\u041c\u0430\u0433\u0430\u0437\u0438\u043d","item":"https:\/\/skyline-gs.com\/cs\/shop\/"},{"@type":"ListItem","position":3,"name":"\u0410\u043b\u0435\u043a\u0441\u0430\u043d\u0434\u0440\u0438\u044f"}]},{"@type":"WebSite","@id":"https:\/\/skyline-gs.com\/it\/#website","url":"https:\/\/skyline-gs.com\/it\/","name":"Skyline T\u00far\u00e1k","description":"Exkluz\u00edv kir\u00e1ndul\u00e1sok a vil\u00e1g legjobb \u00fcd\u00fcl\u0151helyein","publisher":{"@id":"https:\/\/skyline-gs.com\/it\/#organization"},"alternateName":"Skyline","potentialAction":[{"@type":"SearchAction","target":{"@type":"EntryPoint","urlTemplate":"https:\/\/skyline-gs.com\/it\/?s={search_term_string}"},"query-input":{"@type":"PropertyValueSpecification","valueRequired":true,"valueName":"search_term_string"}}],"inLanguage":"hu"},{"@type":"Organization","@id":"https:\/\/skyline-gs.com\/it\/#organization","name":"Skyline T\u00far\u00e1k","alternateName":"\u042d\u043a\u0441\u043a\u0443\u0440\u0441\u0438\u0438 Skyline","url":"https:\/\/skyline-gs.com\/it\/","logo":{"@type":"ImageObject","inLanguage":"hu","@id":"https:\/\/skyline-gs.com\/it\/#\/schema\/logo\/image\/","url":"https:\/\/skyline-gs.com\/wp-content\/uploads\/2020\/12\/cropped-logo-2.png","contentUrl":"https:\/\/skyline-gs.com\/wp-content\/uploads\/2020\/12\/cropped-logo-2.png","width":512,"height":512,"caption":"\u042d\u043a\u0441\u043a\u0443\u0440\u0441\u0438\u0438 Skyline"},"image":{"@id":"https:\/\/skyline-gs.com\/it\/#\/schema\/logo\/image\/"},"sameAs":["https:\/\/www.instagram.com\/skylineglobalservice\/"]}]}},"_links":{"self":[{"href":"https:\/\/skyline-gs.com\/hu\/wp-json\/wp\/v2\/product\/31493","targetHints":{"allow":["GET"]}}],"collection":[{"href":"https:\/\/skyline-gs.com\/hu\/wp-json\/wp\/v2\/product"}],"about":[{"href":"https:\/\/skyline-gs.com\/hu\/wp-json\/wp\/v2\/types\/product"}],"version-history":[{"count":0,"href":"https:\/\/skyline-gs.com\/hu\/wp-json\/wp\/v2\/product\/31493\/revisions"}],"wp:featuredmedia":[{"embeddable":true,"href":"https:\/\/skyline-gs.com\/hu\/wp-json\/wp\/v2\/media\/31640"}],"wp:attachment":[{"href":"https:\/\/skyline-gs.com\/hu\/wp-json\/wp\/v2\/media?parent=31493"}],"wp:term":[{"taxonomy":"product_brand","embeddable":true,"href":"https:\/\/skyline-gs.com\/hu\/wp-json\/wp\/v2\/product_brand?post=31493"},{"taxonomy":"product_cat","embeddable":true,"href":"https:\/\/skyline-gs.com\/hu\/wp-json\/wp\/v2\/product_cat?post=31493"},{"taxonomy":"product_tag","embeddable":true,"href":"https:\/\/skyline-gs.com\/hu\/wp-json\/wp\/v2\/product_tag?post=31493"}],"curies":[{"name":"wp","href":"https:\/\/api.w.org\/{rel}","templated":true}]}}