{"id":31442,"date":"2021-09-17T18:50:01","date_gmt":"2021-09-17T16:50:01","guid":{"rendered":"http:\/\/skyline-gs.com\/?post_type=product&#038;p=31442"},"modified":"2025-09-22T15:40:29","modified_gmt":"2025-09-22T13:40:29","slug":"the-first-pyramids-in-saqqara-pyramids-in-dakhshur-memphis-cairo","status":"publish","type":"product","link":"https:\/\/skyline-gs.com\/hu\/product\/the-first-pyramids-in-saqqara-pyramids-in-dakhshur-memphis-cairo\/","title":{"rendered":"Az els\u0151 piramisok Szakkar\u00e1ban. A dahsuri piramisok. Memphis"},"content":{"rendered":"<p>8:00-kor felvessz\u00fck \u00d6nt a sz\u00e1llod\u00e1t\u00f3l. Indul\u00e1s a v\u00e1rosba <strong>Dahshur<\/strong>ahol k\u00e9t piramist is megl\u00e1togatnak. Az els\u0151 ez. <strong>T\u00f6r\u00f6tt piramis<\/strong>A t\u00f6r\u00f6tt piramis az alakja miatt kapta ezt a nevet. Az als\u00f3 r\u00e9sz\u00e9n a homlokzatok d\u0151l\u00e9ssz\u00f6ge 53 fok, a fels\u0151 r\u00e9sz\u00e9n pedig az \u00e9p\u00edt\u0151k 42 fokra cs\u00f6kkentett\u00e9k. A m\u00e1sodik... <strong>R\u00f3zsasz\u00edn piramis<\/strong> nev\u00e9t a m\u00e9szk\u0151 \u00e1rnyalat\u00e1nak sz\u00edne miatt kapta, amelyb\u0151l \u00f6ssze\u00e1ll\u00edtott\u00e1k. Ezt az \u00e1rnyalatot neh\u00e9z \u00e9szrevenni, k\u00fcls\u0151leg alig k\u00fcl\u00f6nb\u00f6zik az \u00f3kori Egyiptom klasszikus m\u00e9szk\u0151eml\u00e9keit\u0151l.<br \/>\nMegjegyz\u00e9s: Dahshur k\u00e9t piramisa nem mindig l\u00e1togathat\u00f3.<br \/>\nEzt k\u00f6vet\u0151en transzfer a saqqarai temetkez\u00e9si helyekre, ahol megtekintheti a <strong>a t\u00f6rt\u00e9nelem els\u0151 piramisa - Dzs\u00f3szer kir\u00e1ly piramisa.<\/strong>. A t\u00fara ezen szakasz\u00e1nak v\u00e9g\u00e9n az egyik helyi keleti \u00e9tteremben eb\u00e9del\u00fcnk. K\u00f6vetkez\u0151. <strong>L\u00e1togat\u00e1s Memphisbe, Egyiptom els\u0151 f\u0151v\u00e1ros\u00e1ba<\/strong> \u00e9s II. Ramszesz kir\u00e1ly eml\u00e9km\u0171ve. 16:00 \u00f3rakor visszat\u00e9r\u00e9s a sz\u00e1llod\u00e1ba.<\/p>\n<p><strong>Tartalmazza:<\/strong><\/p>\n<ul>\n<li>Transzfer a sz\u00e1llod\u00e1b\u00f3l \u00e9s a sz\u00e1llod\u00e1ba<\/li>\n<li>Orosz nyelv\u0171 egyiptol\u00f3gus idegenvezet\u0151<\/li>\n<li>Bel\u00e9p\u0151d\u00edjak az \u00f6sszes eml\u00edtett l\u00e1tnival\u00f3hoz;<\/li>\n<li>Eb\u00e9d<\/li>\n<\/ul>\n<p><strong>Nem tartalmazza:<\/strong><\/p>\n<ul>\n<li>Szem\u00e9lyi kiad\u00e1sok<\/li>\n<\/ul>\n<p><strong>Vigy\u00e9l magaddal:<\/strong><\/p>\n<ul>\n<li>Fot\u00f3-videokamera<\/li>\n<li>Fejd\u00edsz<\/li>\n<li>P\u00e9nz szem\u00e9lyes kiad\u00e1sokra \u00e9s aj\u00e1nd\u00e9kt\u00e1rgyakra<\/li>\n<li>Iv\u00f3v\u00edz<\/li>\n<li>K\u00e9nyelmes cip\u0151<\/li>\n<\/ul>","protected":false},"excerpt":{"rendered":"<p><strong>Id\u0151tartam: <\/strong>8:00 \u2014 16:00<\/p>\n<p><strong>A Kir\u00e1ndul\u00e1s Napjai:<\/strong> Naponta<\/p>","protected":false},"featured_media":31463,"template":"","meta":{"_kad_post_transparent":"default","_kad_post_title":"","_kad_post_layout":"default","_kad_post_sidebar_id":"","_kad_post_content_style":"default","_kad_post_vertical_padding":"default","_kad_post_feature":"","_kad_post_feature_position":"","_kad_post_header":false,"_kad_post_footer":false,"_kad_post_classname":"","_glsr_average":0,"_glsr_ranking":0,"_glsr_reviews":0},"product_brand":[],"product_cat":[453],"product_tag":[],"class_list":{"0":"post-31442","1":"product","2":"type-product","3":"status-publish","4":"has-post-thumbnail","6":"product_cat-cairo","7":"tm-has-options","9":"first","10":"instock","11":"sold-individually","12":"taxable","13":"shipping-taxable","14":"purchasable","15":"product-type-simple","16":"entry","17":"content-bg","18":"loop-entry"},"yoast_head":"<!-- This site is optimized with the Yoast SEO plugin v27.3 - https:\/\/yoast.com\/product\/yoast-seo-wordpress\/ -->\n<title>\u041f\u0435\u0440\u0432\u044b\u0435 \u043f\u0438\u0440\u0430\u043c\u0438\u0434\u044b \u0432 \u0421\u0430\u043a\u043a\u0430\u0440\u0435. \u041f\u0438\u0440\u0430\u043c\u0438\u0434\u044b \u0432 \u0414\u0430\u0445\u0448\u0443\u0440\u0435. \u041c\u0435\u043c\u0444\u0438\u0441 &#8226; \u042d\u043a\u0441\u043a\u0443\u0440\u0441\u0438\u0438 Skyline<\/title>\n<meta name=\"robots\" content=\"index, follow, max-snippet:-1, max-image-preview:large, max-video-preview:-1\" \/>\n<link rel=\"canonical\" href=\"https:\/\/skyline-gs.com\/hu\/termek\/the-first-pyramids-in-saqqara-pyramids-in-dakhshur-memphis-cairo\/\" \/>\n<meta property=\"og:locale\" content=\"hu_HU\" \/>\n<meta property=\"og:type\" content=\"article\" \/>\n<meta property=\"og:title\" content=\"\u041f\u0435\u0440\u0432\u044b\u0435 \u043f\u0438\u0440\u0430\u043c\u0438\u0434\u044b \u0432 \u0421\u0430\u043a\u043a\u0430\u0440\u0435. \u041f\u0438\u0440\u0430\u043c\u0438\u0434\u044b \u0432 \u0414\u0430\u0445\u0448\u0443\u0440\u0435. \u041c\u0435\u043c\u0444\u0438\u0441 &#8226; \u042d\u043a\u0441\u043a\u0443\u0440\u0441\u0438\u0438 Skyline\" \/>\n<meta property=\"og:description\" content=\"\u0414\u043b\u0438\u0442\u0435\u043b\u044c\u043d\u043e\u0441\u0442\u044c: 8:00 - 16:00  \u0414\u043d\u0438 \u043f\u0440\u043e\u0432\u0435\u0434\u0435\u043d\u0438\u044f: \u0435\u0436\u0435\u0434\u043d\u0435\u0432\u043d\u043e\" \/>\n<meta property=\"og:url\" content=\"https:\/\/skyline-gs.com\/hu\/termek\/the-first-pyramids-in-saqqara-pyramids-in-dakhshur-memphis-cairo\/\" \/>\n<meta property=\"og:site_name\" content=\"\u042d\u043a\u0441\u043a\u0443\u0440\u0441\u0438\u0438 Skyline\" \/>\n<meta property=\"article:modified_time\" content=\"2025-09-22T13:40:29+00:00\" \/>\n<meta property=\"og:image\" content=\"https:\/\/skyline-gs.com\/wp-content\/uploads\/2021\/09\/4av4.png\" \/>\n\t<meta property=\"og:image:width\" content=\"669\" \/>\n\t<meta property=\"og:image:height\" content=\"446\" \/>\n\t<meta property=\"og:image:type\" content=\"image\/png\" \/>\n<meta name=\"twitter:card\" content=\"summary_large_image\" \/>\n<meta name=\"twitter:label1\" content=\"Becs\u00fclt olvas\u00e1si id\u0151\" \/>\n\t<meta name=\"twitter:data1\" content=\"2 perc\" \/>\n<script type=\"application\/ld+json\" class=\"yoast-schema-graph\">{\"@context\":\"https:\\\/\\\/schema.org\",\"@graph\":[{\"@type\":\"WebPage\",\"@id\":\"https:\\\/\\\/skyline-gs.com\\\/de\\\/produkt\\\/the-first-pyramids-in-saqqara-pyramids-in-dakhshur-memphis-cairo\\\/\",\"url\":\"https:\\\/\\\/skyline-gs.com\\\/de\\\/produkt\\\/the-first-pyramids-in-saqqara-pyramids-in-dakhshur-memphis-cairo\\\/\",\"name\":\"\u041f\u0435\u0440\u0432\u044b\u0435 \u043f\u0438\u0440\u0430\u043c\u0438\u0434\u044b \u0432 \u0421\u0430\u043a\u043a\u0430\u0440\u0435. \u041f\u0438\u0440\u0430\u043c\u0438\u0434\u044b \u0432 \u0414\u0430\u0445\u0448\u0443\u0440\u0435. \u041c\u0435\u043c\u0444\u0438\u0441 &#8226; \u042d\u043a\u0441\u043a\u0443\u0440\u0441\u0438\u0438 Skyline\",\"isPartOf\":{\"@id\":\"https:\\\/\\\/skyline-gs.com\\\/it\\\/#website\"},\"primaryImageOfPage\":{\"@id\":\"https:\\\/\\\/skyline-gs.com\\\/de\\\/produkt\\\/the-first-pyramids-in-saqqara-pyramids-in-dakhshur-memphis-cairo\\\/#primaryimage\"},\"image\":{\"@id\":\"https:\\\/\\\/skyline-gs.com\\\/de\\\/produkt\\\/the-first-pyramids-in-saqqara-pyramids-in-dakhshur-memphis-cairo\\\/#primaryimage\"},\"thumbnailUrl\":\"https:\\\/\\\/skyline-gs.com\\\/wp-content\\\/uploads\\\/2021\\\/09\\\/4av4.png\",\"datePublished\":\"2021-09-17T16:50:01+00:00\",\"dateModified\":\"2025-09-22T13:40:29+00:00\",\"breadcrumb\":{\"@id\":\"https:\\\/\\\/skyline-gs.com\\\/de\\\/produkt\\\/the-first-pyramids-in-saqqara-pyramids-in-dakhshur-memphis-cairo\\\/#breadcrumb\"},\"inLanguage\":\"hu\",\"potentialAction\":[{\"@type\":\"ReadAction\",\"target\":[\"https:\\\/\\\/skyline-gs.com\\\/de\\\/produkt\\\/the-first-pyramids-in-saqqara-pyramids-in-dakhshur-memphis-cairo\\\/\"]}]},{\"@type\":\"ImageObject\",\"inLanguage\":\"hu\",\"@id\":\"https:\\\/\\\/skyline-gs.com\\\/de\\\/produkt\\\/the-first-pyramids-in-saqqara-pyramids-in-dakhshur-memphis-cairo\\\/#primaryimage\",\"url\":\"https:\\\/\\\/skyline-gs.com\\\/wp-content\\\/uploads\\\/2021\\\/09\\\/4av4.png\",\"contentUrl\":\"https:\\\/\\\/skyline-gs.com\\\/wp-content\\\/uploads\\\/2021\\\/09\\\/4av4.png\",\"width\":669,\"height\":446},{\"@type\":\"BreadcrumbList\",\"@id\":\"https:\\\/\\\/skyline-gs.com\\\/de\\\/produkt\\\/the-first-pyramids-in-saqqara-pyramids-in-dakhshur-memphis-cairo\\\/#breadcrumb\",\"itemListElement\":[{\"@type\":\"ListItem\",\"position\":1,\"name\":\"\u0413\u043b\u0430\u0432\u043d\u0430\u044f \u0441\u0442\u0440\u0430\u043d\u0438\u0446\u0430\",\"item\":\"https:\\\/\\\/skyline-gs.com\\\/hu\\\/\"},{\"@type\":\"ListItem\",\"position\":2,\"name\":\"\u041c\u0430\u0433\u0430\u0437\u0438\u043d\",\"item\":\"https:\\\/\\\/skyline-gs.com\\\/cs\\\/shop\\\/\"},{\"@type\":\"ListItem\",\"position\":3,\"name\":\"\u041f\u0435\u0440\u0432\u044b\u0435 \u043f\u0438\u0440\u0430\u043c\u0438\u0434\u044b \u0432 \u0421\u0430\u043a\u043a\u0430\u0440\u0435. \u041f\u0438\u0440\u0430\u043c\u0438\u0434\u044b \u0432 \u0414\u0430\u0445\u0448\u0443\u0440\u0435. \u041c\u0435\u043c\u0444\u0438\u0441\"}]},{\"@type\":\"WebSite\",\"@id\":\"https:\\\/\\\/skyline-gs.com\\\/it\\\/#website\",\"url\":\"https:\\\/\\\/skyline-gs.com\\\/it\\\/\",\"name\":\"\u042d\u043a\u0441\u043a\u0443\u0440\u0441\u0438\u0438 Skyline\",\"description\":\"\u042d\u043a\u0441\u043a\u043b\u044e\u0437\u0438\u0432\u043d\u044b\u0435 \u044d\u043a\u0441\u043a\u0443\u0440\u0441\u0438\u0438 \u043d\u0430 \u043b\u0443\u0447\u0448\u0438\u0445 \u043a\u0443\u0440\u043e\u0440\u0442\u0430\u0445 \u043c\u0438\u0440\u0430\",\"publisher\":{\"@id\":\"https:\\\/\\\/skyline-gs.com\\\/it\\\/#organization\"},\"alternateName\":\"Skyline\",\"potentialAction\":[{\"@type\":\"SearchAction\",\"target\":{\"@type\":\"EntryPoint\",\"urlTemplate\":\"https:\\\/\\\/skyline-gs.com\\\/it\\\/?s={search_term_string}\"},\"query-input\":{\"@type\":\"PropertyValueSpecification\",\"valueRequired\":true,\"valueName\":\"search_term_string\"}}],\"inLanguage\":\"hu\"},{\"@type\":\"Organization\",\"@id\":\"https:\\\/\\\/skyline-gs.com\\\/it\\\/#organization\",\"name\":\"\u042d\u043a\u0441\u043a\u0443\u0440\u0441\u0438\u0438 Skyline\",\"alternateName\":\"\u042d\u043a\u0441\u043a\u0443\u0440\u0441\u0438\u0438 Skyline\",\"url\":\"https:\\\/\\\/skyline-gs.com\\\/it\\\/\",\"logo\":{\"@type\":\"ImageObject\",\"inLanguage\":\"hu\",\"@id\":\"https:\\\/\\\/skyline-gs.com\\\/it\\\/#\\\/schema\\\/logo\\\/image\\\/\",\"url\":\"https:\\\/\\\/skyline-gs.com\\\/wp-content\\\/uploads\\\/2020\\\/12\\\/cropped-logo-2.png\",\"contentUrl\":\"https:\\\/\\\/skyline-gs.com\\\/wp-content\\\/uploads\\\/2020\\\/12\\\/cropped-logo-2.png\",\"width\":512,\"height\":512,\"caption\":\"\u042d\u043a\u0441\u043a\u0443\u0440\u0441\u0438\u0438 Skyline\"},\"image\":{\"@id\":\"https:\\\/\\\/skyline-gs.com\\\/it\\\/#\\\/schema\\\/logo\\\/image\\\/\"},\"sameAs\":[\"https:\\\/\\\/www.instagram.com\\\/skylineglobalservice\\\/\"]}]}<\/script>\n<!-- \/ Yoast SEO plugin. -->","yoast_head_json":{"title":"\u041f\u0435\u0440\u0432\u044b\u0435 \u043f\u0438\u0440\u0430\u043c\u0438\u0434\u044b \u0432 \u0421\u0430\u043a\u043a\u0430\u0440\u0435. \u041f\u0438\u0440\u0430\u043c\u0438\u0434\u044b \u0432 \u0414\u0430\u0445\u0448\u0443\u0440\u0435. \u041c\u0435\u043c\u0444\u0438\u0441 &#8226; \u042d\u043a\u0441\u043a\u0443\u0440\u0441\u0438\u0438 Skyline","robots":{"index":"index","follow":"follow","max-snippet":"max-snippet:-1","max-image-preview":"max-image-preview:large","max-video-preview":"max-video-preview:-1"},"canonical":"https:\/\/skyline-gs.com\/hu\/termek\/the-first-pyramids-in-saqqara-pyramids-in-dakhshur-memphis-cairo\/","og_locale":"hu_HU","og_type":"article","og_title":"\u041f\u0435\u0440\u0432\u044b\u0435 \u043f\u0438\u0440\u0430\u043c\u0438\u0434\u044b \u0432 \u0421\u0430\u043a\u043a\u0430\u0440\u0435. \u041f\u0438\u0440\u0430\u043c\u0438\u0434\u044b \u0432 \u0414\u0430\u0445\u0448\u0443\u0440\u0435. \u041c\u0435\u043c\u0444\u0438\u0441 &#8226; \u042d\u043a\u0441\u043a\u0443\u0440\u0441\u0438\u0438 Skyline","og_description":"\u0414\u043b\u0438\u0442\u0435\u043b\u044c\u043d\u043e\u0441\u0442\u044c: 8:00 - 16:00  \u0414\u043d\u0438 \u043f\u0440\u043e\u0432\u0435\u0434\u0435\u043d\u0438\u044f: \u0435\u0436\u0435\u0434\u043d\u0435\u0432\u043d\u043e","og_url":"https:\/\/skyline-gs.com\/hu\/termek\/the-first-pyramids-in-saqqara-pyramids-in-dakhshur-memphis-cairo\/","og_site_name":"\u042d\u043a\u0441\u043a\u0443\u0440\u0441\u0438\u0438 Skyline","article_modified_time":"2025-09-22T13:40:29+00:00","og_image":[{"width":669,"height":446,"url":"https:\/\/skyline-gs.com\/wp-content\/uploads\/2021\/09\/4av4.png","type":"image\/png"}],"twitter_card":"summary_large_image","twitter_misc":{"Becs\u00fclt olvas\u00e1si id\u0151":"2 perc"},"schema":{"@context":"https:\/\/schema.org","@graph":[{"@type":"WebPage","@id":"https:\/\/skyline-gs.com\/de\/produkt\/the-first-pyramids-in-saqqara-pyramids-in-dakhshur-memphis-cairo\/","url":"https:\/\/skyline-gs.com\/de\/produkt\/the-first-pyramids-in-saqqara-pyramids-in-dakhshur-memphis-cairo\/","name":"\u041f\u0435\u0440\u0432\u044b\u0435 \u043f\u0438\u0440\u0430\u043c\u0438\u0434\u044b \u0432 \u0421\u0430\u043a\u043a\u0430\u0440\u0435. \u041f\u0438\u0440\u0430\u043c\u0438\u0434\u044b \u0432 \u0414\u0430\u0445\u0448\u0443\u0440\u0435. \u041c\u0435\u043c\u0444\u0438\u0441 &#8226; \u042d\u043a\u0441\u043a\u0443\u0440\u0441\u0438\u0438 Skyline","isPartOf":{"@id":"https:\/\/skyline-gs.com\/it\/#website"},"primaryImageOfPage":{"@id":"https:\/\/skyline-gs.com\/de\/produkt\/the-first-pyramids-in-saqqara-pyramids-in-dakhshur-memphis-cairo\/#primaryimage"},"image":{"@id":"https:\/\/skyline-gs.com\/de\/produkt\/the-first-pyramids-in-saqqara-pyramids-in-dakhshur-memphis-cairo\/#primaryimage"},"thumbnailUrl":"https:\/\/skyline-gs.com\/wp-content\/uploads\/2021\/09\/4av4.png","datePublished":"2021-09-17T16:50:01+00:00","dateModified":"2025-09-22T13:40:29+00:00","breadcrumb":{"@id":"https:\/\/skyline-gs.com\/de\/produkt\/the-first-pyramids-in-saqqara-pyramids-in-dakhshur-memphis-cairo\/#breadcrumb"},"inLanguage":"hu","potentialAction":[{"@type":"ReadAction","target":["https:\/\/skyline-gs.com\/de\/produkt\/the-first-pyramids-in-saqqara-pyramids-in-dakhshur-memphis-cairo\/"]}]},{"@type":"ImageObject","inLanguage":"hu","@id":"https:\/\/skyline-gs.com\/de\/produkt\/the-first-pyramids-in-saqqara-pyramids-in-dakhshur-memphis-cairo\/#primaryimage","url":"https:\/\/skyline-gs.com\/wp-content\/uploads\/2021\/09\/4av4.png","contentUrl":"https:\/\/skyline-gs.com\/wp-content\/uploads\/2021\/09\/4av4.png","width":669,"height":446},{"@type":"BreadcrumbList","@id":"https:\/\/skyline-gs.com\/de\/produkt\/the-first-pyramids-in-saqqara-pyramids-in-dakhshur-memphis-cairo\/#breadcrumb","itemListElement":[{"@type":"ListItem","position":1,"name":"\u0413\u043b\u0430\u0432\u043d\u0430\u044f \u0441\u0442\u0440\u0430\u043d\u0438\u0446\u0430","item":"https:\/\/skyline-gs.com\/hu\/"},{"@type":"ListItem","position":2,"name":"\u041c\u0430\u0433\u0430\u0437\u0438\u043d","item":"https:\/\/skyline-gs.com\/cs\/shop\/"},{"@type":"ListItem","position":3,"name":"\u041f\u0435\u0440\u0432\u044b\u0435 \u043f\u0438\u0440\u0430\u043c\u0438\u0434\u044b \u0432 \u0421\u0430\u043a\u043a\u0430\u0440\u0435. \u041f\u0438\u0440\u0430\u043c\u0438\u0434\u044b \u0432 \u0414\u0430\u0445\u0448\u0443\u0440\u0435. \u041c\u0435\u043c\u0444\u0438\u0441"}]},{"@type":"WebSite","@id":"https:\/\/skyline-gs.com\/it\/#website","url":"https:\/\/skyline-gs.com\/it\/","name":"Skyline T\u00far\u00e1k","description":"Exkluz\u00edv kir\u00e1ndul\u00e1sok a vil\u00e1g legjobb \u00fcd\u00fcl\u0151helyein","publisher":{"@id":"https:\/\/skyline-gs.com\/it\/#organization"},"alternateName":"Skyline","potentialAction":[{"@type":"SearchAction","target":{"@type":"EntryPoint","urlTemplate":"https:\/\/skyline-gs.com\/it\/?s={search_term_string}"},"query-input":{"@type":"PropertyValueSpecification","valueRequired":true,"valueName":"search_term_string"}}],"inLanguage":"hu"},{"@type":"Organization","@id":"https:\/\/skyline-gs.com\/it\/#organization","name":"Skyline T\u00far\u00e1k","alternateName":"\u042d\u043a\u0441\u043a\u0443\u0440\u0441\u0438\u0438 Skyline","url":"https:\/\/skyline-gs.com\/it\/","logo":{"@type":"ImageObject","inLanguage":"hu","@id":"https:\/\/skyline-gs.com\/it\/#\/schema\/logo\/image\/","url":"https:\/\/skyline-gs.com\/wp-content\/uploads\/2020\/12\/cropped-logo-2.png","contentUrl":"https:\/\/skyline-gs.com\/wp-content\/uploads\/2020\/12\/cropped-logo-2.png","width":512,"height":512,"caption":"\u042d\u043a\u0441\u043a\u0443\u0440\u0441\u0438\u0438 Skyline"},"image":{"@id":"https:\/\/skyline-gs.com\/it\/#\/schema\/logo\/image\/"},"sameAs":["https:\/\/www.instagram.com\/skylineglobalservice\/"]}]}},"_links":{"self":[{"href":"https:\/\/skyline-gs.com\/hu\/wp-json\/wp\/v2\/product\/31442","targetHints":{"allow":["GET"]}}],"collection":[{"href":"https:\/\/skyline-gs.com\/hu\/wp-json\/wp\/v2\/product"}],"about":[{"href":"https:\/\/skyline-gs.com\/hu\/wp-json\/wp\/v2\/types\/product"}],"version-history":[{"count":0,"href":"https:\/\/skyline-gs.com\/hu\/wp-json\/wp\/v2\/product\/31442\/revisions"}],"wp:featuredmedia":[{"embeddable":true,"href":"https:\/\/skyline-gs.com\/hu\/wp-json\/wp\/v2\/media\/31463"}],"wp:attachment":[{"href":"https:\/\/skyline-gs.com\/hu\/wp-json\/wp\/v2\/media?parent=31442"}],"wp:term":[{"taxonomy":"product_brand","embeddable":true,"href":"https:\/\/skyline-gs.com\/hu\/wp-json\/wp\/v2\/product_brand?post=31442"},{"taxonomy":"product_cat","embeddable":true,"href":"https:\/\/skyline-gs.com\/hu\/wp-json\/wp\/v2\/product_cat?post=31442"},{"taxonomy":"product_tag","embeddable":true,"href":"https:\/\/skyline-gs.com\/hu\/wp-json\/wp\/v2\/product_tag?post=31442"}],"curies":[{"name":"wp","href":"https:\/\/api.w.org\/{rel}","templated":true}]}}