{"id":31282,"date":"2021-09-16T15:56:09","date_gmt":"2021-09-16T13:56:09","guid":{"rendered":"http:\/\/skyline-gs.com\/?post_type=product&#038;p=31282"},"modified":"2024-01-24T14:40:59","modified_gmt":"2024-01-24T12:40:59","slug":"el-minya-pharaonic-magic-cairo","status":"publish","type":"product","link":"https:\/\/skyline-gs.com\/hu\/product\/el-minya-pharaonic-magic-cairo\/","title":{"rendered":"El Minya. A f\u00e1ra\u00f3k var\u00e1zsa"},"content":{"rendered":"<p>\u00c9lvezze a Kair\u00f3b\u00f3l El Minya v\u00e1ros\u00e1ba tett kir\u00e1ndul\u00e1st, \u00e9s l\u00e1togasson el a f\u00e1ra\u00f3k pomp\u00e1j\u00e1ba. L\u00e1togasson el Beni Hassan, El Ashmunain, Touna el-Gebel \u00e9s Tell el-Amarna l\u00e1tv\u00e1nyos l\u00e1tnival\u00f3ihoz, amelyek k\u00f6zelebb hozz\u00e1k \u00d6nt a f\u00e1ra\u00f3k var\u00e1zslat\u00e1hoz.<\/p>\n<p>Kijelentkez\u00e9s a sz\u00e1llod\u00e1b\u00f3l 06:00 \u00f3rakor. Az \u00fat Kair\u00f3b\u00f3l Egyiptom k\u00f6z\u00e9ps\u0151 r\u00e9sz\u00e9be vezet, az \u00fat 4 \u00f3ra vezet\u00e9si id\u0151t vesz ig\u00e9nybe. Megl\u00e1togatjuk Egyiptom tizen\u00f6t\u00f6dik tartom\u00e1ny\u00e1nak, Tuna El Gabalnak a nekropolisz\u00e1t. Amely az \u00f3kori Hermopolis, vagy ahogy ma nevezik El Ashmonien v\u00e1ros\u00e1nak f\u0151 temetkez\u00e9si helye volt, mivel m\u00e1ra fontos r\u00e9g\u00e9szeti lel\u0151helly\u00e9 v\u00e1lt, amelyet sok Egyiptomba utaz\u00f3 turista l\u00e1togat. J\u00f3l meg\u0151rz\u00f6tt s\u00edrokat \u00e9s f\u00f6ldalatti j\u00e1ratokkal, valamint ibisz \u00e9s p\u00e1vi\u00e1n m\u00fami\u00e1kat l\u00e1that. Eb\u00e9d egy tipikus helyi \u00e9tteremben.<\/p>\n<p>Eb\u00e9d ut\u00e1n megl\u00e1togatjuk Beni Hassz\u00e1n sziklas\u00edrjait, amelyek az \u00f3kori egyiptomi t\u00f6rt\u00e9nelem k\u00f6z\u00e9ps\u0151 kir\u00e1lys\u00e1g\u00e1nak id\u0151szak\u00e1b\u00f3l sz\u00e1rmaznak. Ezeket a s\u00edrokat az El Minya r\u00e9gi\u00f3 sz\u00e1mos helyi uralkod\u00f3j\u00e1nak temetkez\u00e9si hely\u00e9\u00fcl haszn\u00e1lt\u00e1k a 11. dinasztia idej\u00e9n, amely Egyiptomot Kr. e. 2134 \u00e9s 1991 k\u00f6z\u00f6tt uralta. Az egyedi grafik\u00e1k \u00e9s feliratok a korabeli mindennapi tev\u00e9kenys\u00e9gekr\u0151l, p\u00e9ld\u00e1ul k\u00e9zm\u0171vess\u00e9gr\u0151l, sportr\u00f3l, j\u00e1t\u00e9kokr\u00f3l \u00e9s vad\u00e1szatr\u00f3l mes\u00e9lnek. A t\u00fara Tell el-Amarna fel\u00e9 folytat\u00f3dik, Ehnaton egykori f\u0151v\u00e1ros\u00e1ba, amelyet Aton napisten tisztelet\u00e9re alap\u00edtott. Tekintse meg az el-Amarna-i leveleket, vagyis azokat a t\u00e1bl\u00e1kat, amelyeket az \u00f3kori egyiptomiak babiloni nyelven \u00edrtak. Mintegy 350 agyagt\u00e1bla van, amelyek az i. e. 15. sz\u00e1zadb\u00f3l sz\u00e1rmaznak, 1887-ben tal\u00e1lt\u00e1k meg \u0151ket. Ezek k\u00f6z\u00fcl 50 Kair\u00f3ban, 200 Berlinben, 22 Oxfordban, \u00c9S 82 a British Museumban tal\u00e1lhat\u00f3. Ezt k\u00f6vet\u0151en t\u00e9rjen vissza Kair\u00f3ba. A sz\u00e1llod\u00e1ban 21:00 \u00f3ra k\u00f6r\u00fcl \u00e9rnek vissza.<\/p>\n<p><strong>Tartalmazza:<\/strong><\/p>\n<ul>\n<li>Transzfer a sz\u00e1llod\u00e1b\u00f3l \u00e9s a sz\u00e1llod\u00e1ba<\/li>\n<li>Orosz nyelv\u0171 egyiptol\u00f3gus idegenvezet\u0151<\/li>\n<li>Bel\u00e9p\u0151jegyek a felsorolt l\u00e1tnival\u00f3kra<\/li>\n<li>Eb\u00e9d<\/li>\n<\/ul>\n<p><strong>Nem tartalmazza:<\/strong><\/p>\n<ul>\n<li>Szem\u00e9lyi kiad\u00e1sok<\/li>\n<\/ul>\n<p><strong>Vigy\u00e9l magaddal:<\/strong><\/p>\n<ul>\n<li>Kamera<\/li>\n<li>Reggeli, amit mag\u00e1val vihet (rendeljen a sz\u00e1llodai recepci\u00f3n, ingyenesen)<\/li>\n<li>V\u00edz<\/li>\n<li>Napszem\u00fcveg<\/li>\n<li>Fejd\u00edsz<\/li>\n<li>Meleg ruh\u00e1zat (t\u00e9len)<\/li>\n<\/ul>","protected":false},"excerpt":{"rendered":"<p><strong>Kir\u00e1ndul\u00e1s Id\u0151pontja:<\/strong> 6:00 &#8212; 21:00<\/p>\n<p><strong>A Kir\u00e1ndul\u00e1s Napjai:<\/strong> Kedd, cs\u00fct\u00f6rt\u00f6k \u00e9s szombat<\/p>","protected":false},"featured_media":31482,"template":"","meta":{"_kad_post_transparent":"default","_kad_post_title":"","_kad_post_layout":"default","_kad_post_sidebar_id":"","_kad_post_content_style":"default","_kad_post_vertical_padding":"default","_kad_post_feature":"","_kad_post_feature_position":"","_kad_post_header":false,"_kad_post_footer":false,"_kad_post_classname":"","_glsr_average":0,"_glsr_ranking":0,"_glsr_reviews":0},"product_brand":[],"product_cat":[453],"product_tag":[],"class_list":{"0":"post-31282","1":"product","2":"type-product","3":"status-publish","4":"has-post-thumbnail","6":"product_cat-cairo","7":"tm-has-options","9":"first","10":"instock","11":"sold-individually","12":"taxable","13":"shipping-taxable","14":"purchasable","15":"product-type-simple","16":"entry","17":"content-bg","18":"loop-entry"},"yoast_head":"<!-- This site is optimized with the Yoast SEO plugin v27.3 - https:\/\/yoast.com\/product\/yoast-seo-wordpress\/ -->\n<title>\u042d\u043b\u044c \u041c\u0438\u043d\u044c\u044f. \u041c\u0430\u0433\u0438\u044f \u0424\u0430\u0440\u0430\u043e\u043d\u043e\u0432 &#8226; \u042d\u043a\u0441\u043a\u0443\u0440\u0441\u0438\u0438 Skyline<\/title>\n<meta name=\"robots\" content=\"index, follow, max-snippet:-1, max-image-preview:large, max-video-preview:-1\" \/>\n<link rel=\"canonical\" href=\"https:\/\/skyline-gs.com\/hu\/termek\/el-minya-pharaonic-magic-cairo\/\" \/>\n<meta property=\"og:locale\" content=\"hu_HU\" \/>\n<meta property=\"og:type\" content=\"article\" \/>\n<meta property=\"og:title\" content=\"\u042d\u043b\u044c \u041c\u0438\u043d\u044c\u044f. \u041c\u0430\u0433\u0438\u044f \u0424\u0430\u0440\u0430\u043e\u043d\u043e\u0432 &#8226; \u042d\u043a\u0441\u043a\u0443\u0440\u0441\u0438\u0438 Skyline\" \/>\n<meta property=\"og:description\" content=\"\u0412\u0440\u0435\u043c\u044f \u0442\u0443\u0440\u0430: 6:00 - 21:00  \u0414\u043d\u0438 \u043f\u0440\u043e\u0432\u0435\u0434\u0435\u043d\u0438\u044f: \u0432\u0442\u043e\u0440\u043d\u0438\u043a, \u0447\u0435\u0442\u0432\u0435\u0440\u0433 \u0438 \u0441\u0443\u0431\u0431\u043e\u0442\u0430\" \/>\n<meta property=\"og:url\" content=\"https:\/\/skyline-gs.com\/hu\/termek\/el-minya-pharaonic-magic-cairo\/\" \/>\n<meta property=\"og:site_name\" content=\"\u042d\u043a\u0441\u043a\u0443\u0440\u0441\u0438\u0438 Skyline\" \/>\n<meta property=\"article:modified_time\" content=\"2024-01-24T12:40:59+00:00\" \/>\n<meta property=\"og:image\" content=\"https:\/\/skyline-gs.com\/wp-content\/uploads\/2021\/09\/46.jpg\" \/>\n\t<meta property=\"og:image:width\" content=\"669\" \/>\n\t<meta property=\"og:image:height\" content=\"446\" \/>\n\t<meta property=\"og:image:type\" content=\"image\/jpeg\" \/>\n<meta name=\"twitter:card\" content=\"summary_large_image\" \/>\n<meta name=\"twitter:label1\" content=\"Becs\u00fclt olvas\u00e1si id\u0151\" \/>\n\t<meta name=\"twitter:data1\" content=\"2 perc\" \/>\n<script type=\"application\/ld+json\" class=\"yoast-schema-graph\">{\"@context\":\"https:\\\/\\\/schema.org\",\"@graph\":[{\"@type\":\"WebPage\",\"@id\":\"https:\\\/\\\/skyline-gs.com\\\/product\\\/el-minya-pharaonic-magic-cairo\\\/\",\"url\":\"https:\\\/\\\/skyline-gs.com\\\/product\\\/el-minya-pharaonic-magic-cairo\\\/\",\"name\":\"\u042d\u043b\u044c \u041c\u0438\u043d\u044c\u044f. \u041c\u0430\u0433\u0438\u044f \u0424\u0430\u0440\u0430\u043e\u043d\u043e\u0432 &#8226; \u042d\u043a\u0441\u043a\u0443\u0440\u0441\u0438\u0438 Skyline\",\"isPartOf\":{\"@id\":\"https:\\\/\\\/skyline-gs.com\\\/it\\\/#website\"},\"primaryImageOfPage\":{\"@id\":\"https:\\\/\\\/skyline-gs.com\\\/product\\\/el-minya-pharaonic-magic-cairo\\\/#primaryimage\"},\"image\":{\"@id\":\"https:\\\/\\\/skyline-gs.com\\\/product\\\/el-minya-pharaonic-magic-cairo\\\/#primaryimage\"},\"thumbnailUrl\":\"https:\\\/\\\/skyline-gs.com\\\/wp-content\\\/uploads\\\/2021\\\/09\\\/46.jpg\",\"datePublished\":\"2021-09-16T13:56:09+00:00\",\"dateModified\":\"2024-01-24T12:40:59+00:00\",\"breadcrumb\":{\"@id\":\"https:\\\/\\\/skyline-gs.com\\\/product\\\/el-minya-pharaonic-magic-cairo\\\/#breadcrumb\"},\"inLanguage\":\"hu\",\"potentialAction\":[{\"@type\":\"ReadAction\",\"target\":[\"https:\\\/\\\/skyline-gs.com\\\/product\\\/el-minya-pharaonic-magic-cairo\\\/\"]}]},{\"@type\":\"ImageObject\",\"inLanguage\":\"hu\",\"@id\":\"https:\\\/\\\/skyline-gs.com\\\/product\\\/el-minya-pharaonic-magic-cairo\\\/#primaryimage\",\"url\":\"https:\\\/\\\/skyline-gs.com\\\/wp-content\\\/uploads\\\/2021\\\/09\\\/46.jpg\",\"contentUrl\":\"https:\\\/\\\/skyline-gs.com\\\/wp-content\\\/uploads\\\/2021\\\/09\\\/46.jpg\",\"width\":669,\"height\":446},{\"@type\":\"BreadcrumbList\",\"@id\":\"https:\\\/\\\/skyline-gs.com\\\/product\\\/el-minya-pharaonic-magic-cairo\\\/#breadcrumb\",\"itemListElement\":[{\"@type\":\"ListItem\",\"position\":1,\"name\":\"\u0413\u043b\u0430\u0432\u043d\u0430\u044f \u0441\u0442\u0440\u0430\u043d\u0438\u0446\u0430\",\"item\":\"https:\\\/\\\/skyline-gs.com\\\/hu\\\/\"},{\"@type\":\"ListItem\",\"position\":2,\"name\":\"\u041c\u0430\u0433\u0430\u0437\u0438\u043d\",\"item\":\"https:\\\/\\\/skyline-gs.com\\\/cs\\\/shop\\\/\"},{\"@type\":\"ListItem\",\"position\":3,\"name\":\"\u042d\u043b\u044c \u041c\u0438\u043d\u044c\u044f. \u041c\u0430\u0433\u0438\u044f \u0424\u0430\u0440\u0430\u043e\u043d\u043e\u0432\"}]},{\"@type\":\"WebSite\",\"@id\":\"https:\\\/\\\/skyline-gs.com\\\/it\\\/#website\",\"url\":\"https:\\\/\\\/skyline-gs.com\\\/it\\\/\",\"name\":\"\u042d\u043a\u0441\u043a\u0443\u0440\u0441\u0438\u0438 Skyline\",\"description\":\"\u042d\u043a\u0441\u043a\u043b\u044e\u0437\u0438\u0432\u043d\u044b\u0435 \u044d\u043a\u0441\u043a\u0443\u0440\u0441\u0438\u0438 \u043d\u0430 \u043b\u0443\u0447\u0448\u0438\u0445 \u043a\u0443\u0440\u043e\u0440\u0442\u0430\u0445 \u043c\u0438\u0440\u0430\",\"publisher\":{\"@id\":\"https:\\\/\\\/skyline-gs.com\\\/it\\\/#organization\"},\"alternateName\":\"Skyline\",\"potentialAction\":[{\"@type\":\"SearchAction\",\"target\":{\"@type\":\"EntryPoint\",\"urlTemplate\":\"https:\\\/\\\/skyline-gs.com\\\/it\\\/?s={search_term_string}\"},\"query-input\":{\"@type\":\"PropertyValueSpecification\",\"valueRequired\":true,\"valueName\":\"search_term_string\"}}],\"inLanguage\":\"hu\"},{\"@type\":\"Organization\",\"@id\":\"https:\\\/\\\/skyline-gs.com\\\/it\\\/#organization\",\"name\":\"\u042d\u043a\u0441\u043a\u0443\u0440\u0441\u0438\u0438 Skyline\",\"alternateName\":\"\u042d\u043a\u0441\u043a\u0443\u0440\u0441\u0438\u0438 Skyline\",\"url\":\"https:\\\/\\\/skyline-gs.com\\\/it\\\/\",\"logo\":{\"@type\":\"ImageObject\",\"inLanguage\":\"hu\",\"@id\":\"https:\\\/\\\/skyline-gs.com\\\/it\\\/#\\\/schema\\\/logo\\\/image\\\/\",\"url\":\"https:\\\/\\\/skyline-gs.com\\\/wp-content\\\/uploads\\\/2020\\\/12\\\/cropped-logo-2.png\",\"contentUrl\":\"https:\\\/\\\/skyline-gs.com\\\/wp-content\\\/uploads\\\/2020\\\/12\\\/cropped-logo-2.png\",\"width\":512,\"height\":512,\"caption\":\"\u042d\u043a\u0441\u043a\u0443\u0440\u0441\u0438\u0438 Skyline\"},\"image\":{\"@id\":\"https:\\\/\\\/skyline-gs.com\\\/it\\\/#\\\/schema\\\/logo\\\/image\\\/\"},\"sameAs\":[\"https:\\\/\\\/www.instagram.com\\\/skylineglobalservice\\\/\"]}]}<\/script>\n<!-- \/ Yoast SEO plugin. -->","yoast_head_json":{"title":"\u042d\u043b\u044c \u041c\u0438\u043d\u044c\u044f. \u041c\u0430\u0433\u0438\u044f \u0424\u0430\u0440\u0430\u043e\u043d\u043e\u0432 &#8226; \u042d\u043a\u0441\u043a\u0443\u0440\u0441\u0438\u0438 Skyline","robots":{"index":"index","follow":"follow","max-snippet":"max-snippet:-1","max-image-preview":"max-image-preview:large","max-video-preview":"max-video-preview:-1"},"canonical":"https:\/\/skyline-gs.com\/hu\/termek\/el-minya-pharaonic-magic-cairo\/","og_locale":"hu_HU","og_type":"article","og_title":"\u042d\u043b\u044c \u041c\u0438\u043d\u044c\u044f. \u041c\u0430\u0433\u0438\u044f \u0424\u0430\u0440\u0430\u043e\u043d\u043e\u0432 &#8226; \u042d\u043a\u0441\u043a\u0443\u0440\u0441\u0438\u0438 Skyline","og_description":"\u0412\u0440\u0435\u043c\u044f \u0442\u0443\u0440\u0430: 6:00 - 21:00  \u0414\u043d\u0438 \u043f\u0440\u043e\u0432\u0435\u0434\u0435\u043d\u0438\u044f: \u0432\u0442\u043e\u0440\u043d\u0438\u043a, \u0447\u0435\u0442\u0432\u0435\u0440\u0433 \u0438 \u0441\u0443\u0431\u0431\u043e\u0442\u0430","og_url":"https:\/\/skyline-gs.com\/hu\/termek\/el-minya-pharaonic-magic-cairo\/","og_site_name":"\u042d\u043a\u0441\u043a\u0443\u0440\u0441\u0438\u0438 Skyline","article_modified_time":"2024-01-24T12:40:59+00:00","og_image":[{"width":669,"height":446,"url":"https:\/\/skyline-gs.com\/wp-content\/uploads\/2021\/09\/46.jpg","type":"image\/jpeg"}],"twitter_card":"summary_large_image","twitter_misc":{"Becs\u00fclt olvas\u00e1si id\u0151":"2 perc"},"schema":{"@context":"https:\/\/schema.org","@graph":[{"@type":"WebPage","@id":"https:\/\/skyline-gs.com\/product\/el-minya-pharaonic-magic-cairo\/","url":"https:\/\/skyline-gs.com\/product\/el-minya-pharaonic-magic-cairo\/","name":"\u042d\u043b\u044c \u041c\u0438\u043d\u044c\u044f. \u041c\u0430\u0433\u0438\u044f \u0424\u0430\u0440\u0430\u043e\u043d\u043e\u0432 &#8226; \u042d\u043a\u0441\u043a\u0443\u0440\u0441\u0438\u0438 Skyline","isPartOf":{"@id":"https:\/\/skyline-gs.com\/it\/#website"},"primaryImageOfPage":{"@id":"https:\/\/skyline-gs.com\/product\/el-minya-pharaonic-magic-cairo\/#primaryimage"},"image":{"@id":"https:\/\/skyline-gs.com\/product\/el-minya-pharaonic-magic-cairo\/#primaryimage"},"thumbnailUrl":"https:\/\/skyline-gs.com\/wp-content\/uploads\/2021\/09\/46.jpg","datePublished":"2021-09-16T13:56:09+00:00","dateModified":"2024-01-24T12:40:59+00:00","breadcrumb":{"@id":"https:\/\/skyline-gs.com\/product\/el-minya-pharaonic-magic-cairo\/#breadcrumb"},"inLanguage":"hu","potentialAction":[{"@type":"ReadAction","target":["https:\/\/skyline-gs.com\/product\/el-minya-pharaonic-magic-cairo\/"]}]},{"@type":"ImageObject","inLanguage":"hu","@id":"https:\/\/skyline-gs.com\/product\/el-minya-pharaonic-magic-cairo\/#primaryimage","url":"https:\/\/skyline-gs.com\/wp-content\/uploads\/2021\/09\/46.jpg","contentUrl":"https:\/\/skyline-gs.com\/wp-content\/uploads\/2021\/09\/46.jpg","width":669,"height":446},{"@type":"BreadcrumbList","@id":"https:\/\/skyline-gs.com\/product\/el-minya-pharaonic-magic-cairo\/#breadcrumb","itemListElement":[{"@type":"ListItem","position":1,"name":"\u0413\u043b\u0430\u0432\u043d\u0430\u044f \u0441\u0442\u0440\u0430\u043d\u0438\u0446\u0430","item":"https:\/\/skyline-gs.com\/hu\/"},{"@type":"ListItem","position":2,"name":"\u041c\u0430\u0433\u0430\u0437\u0438\u043d","item":"https:\/\/skyline-gs.com\/cs\/shop\/"},{"@type":"ListItem","position":3,"name":"\u042d\u043b\u044c \u041c\u0438\u043d\u044c\u044f. \u041c\u0430\u0433\u0438\u044f \u0424\u0430\u0440\u0430\u043e\u043d\u043e\u0432"}]},{"@type":"WebSite","@id":"https:\/\/skyline-gs.com\/it\/#website","url":"https:\/\/skyline-gs.com\/it\/","name":"Skyline T\u00far\u00e1k","description":"Exkluz\u00edv kir\u00e1ndul\u00e1sok a vil\u00e1g legjobb \u00fcd\u00fcl\u0151helyein","publisher":{"@id":"https:\/\/skyline-gs.com\/it\/#organization"},"alternateName":"Skyline","potentialAction":[{"@type":"SearchAction","target":{"@type":"EntryPoint","urlTemplate":"https:\/\/skyline-gs.com\/it\/?s={search_term_string}"},"query-input":{"@type":"PropertyValueSpecification","valueRequired":true,"valueName":"search_term_string"}}],"inLanguage":"hu"},{"@type":"Organization","@id":"https:\/\/skyline-gs.com\/it\/#organization","name":"Skyline T\u00far\u00e1k","alternateName":"\u042d\u043a\u0441\u043a\u0443\u0440\u0441\u0438\u0438 Skyline","url":"https:\/\/skyline-gs.com\/it\/","logo":{"@type":"ImageObject","inLanguage":"hu","@id":"https:\/\/skyline-gs.com\/it\/#\/schema\/logo\/image\/","url":"https:\/\/skyline-gs.com\/wp-content\/uploads\/2020\/12\/cropped-logo-2.png","contentUrl":"https:\/\/skyline-gs.com\/wp-content\/uploads\/2020\/12\/cropped-logo-2.png","width":512,"height":512,"caption":"\u042d\u043a\u0441\u043a\u0443\u0440\u0441\u0438\u0438 Skyline"},"image":{"@id":"https:\/\/skyline-gs.com\/it\/#\/schema\/logo\/image\/"},"sameAs":["https:\/\/www.instagram.com\/skylineglobalservice\/"]}]}},"_links":{"self":[{"href":"https:\/\/skyline-gs.com\/hu\/wp-json\/wp\/v2\/product\/31282","targetHints":{"allow":["GET"]}}],"collection":[{"href":"https:\/\/skyline-gs.com\/hu\/wp-json\/wp\/v2\/product"}],"about":[{"href":"https:\/\/skyline-gs.com\/hu\/wp-json\/wp\/v2\/types\/product"}],"version-history":[{"count":0,"href":"https:\/\/skyline-gs.com\/hu\/wp-json\/wp\/v2\/product\/31282\/revisions"}],"wp:featuredmedia":[{"embeddable":true,"href":"https:\/\/skyline-gs.com\/hu\/wp-json\/wp\/v2\/media\/31482"}],"wp:attachment":[{"href":"https:\/\/skyline-gs.com\/hu\/wp-json\/wp\/v2\/media?parent=31282"}],"wp:term":[{"taxonomy":"product_brand","embeddable":true,"href":"https:\/\/skyline-gs.com\/hu\/wp-json\/wp\/v2\/product_brand?post=31282"},{"taxonomy":"product_cat","embeddable":true,"href":"https:\/\/skyline-gs.com\/hu\/wp-json\/wp\/v2\/product_cat?post=31282"},{"taxonomy":"product_tag","embeddable":true,"href":"https:\/\/skyline-gs.com\/hu\/wp-json\/wp\/v2\/product_tag?post=31282"}],"curies":[{"name":"wp","href":"https:\/\/api.w.org\/{rel}","templated":true}]}}