{"id":30918,"date":"2021-09-06T12:38:26","date_gmt":"2021-09-06T10:38:26","guid":{"rendered":"http:\/\/skyline-gs.com\/?post_type=product&#038;p=30918"},"modified":"2025-11-04T14:56:33","modified_gmt":"2025-11-04T12:56:33","slug":"wadi-el-veshwash-volgy-sharm","status":"publish","type":"product","link":"https:\/\/skyline-gs.com\/hu\/product\/wadi-el-veshwash-valley-sharm\/","title":{"rendered":"Wadi El Weshwash v\u00f6lgy"},"content":{"rendered":"<p>Az egyik legleny\u0171g\u00f6z\u0151bb \u00e9s legcsod\u00e1latosabb szafari a S\u00ednai-f\u00e9lszigeten! \u00c9rintetlen term\u00e9szet, extr\u00e9m \u00e9s kikapcsol\u00f3d\u00e1s! L\u00e1togasson el a S\u00ednai-f\u00e9lsziget sz\u00e1mos egyed\u00fcl\u00e1ll\u00f3 hely\u00e9re 1 nap alatt!<\/p>\n<p>7:00 indul\u00e1s a sz\u00e1llod\u00e1b\u00f3l k\u00e9nyelmes kisbusszal. Transzfer Nuweiba gy\u00f6ny\u00f6r\u0171 kik\u00f6t\u0151i hal\u00e1szv\u00e1ros\u00e1ba, Nuweiba, a lakosok nagy r\u00e9sze beduin hal\u00e1sz, nem hagy senkit hidegen. Megn\u00e9zheti a v\u00e1ros \u00e9s a lag\u00fana panor\u00e1m\u00e1j\u00e1t. Ezut\u00e1n \u00e1tsz\u00e1ll\u00e1s dzsipekre, \u00e9s egy leny\u0171g\u00f6z\u0151 dzsipszafari a f\u00fclledt S\u00ednai-sivatag homokd\u0171n\u00e9in kereszt\u00fcl a S\u00ednai-sivatag egyik legszebb kanyonj\u00e1nak kezdet\u00e9ig.<\/p>\n<p>S\u00e9t\u00e1ljon \u00e1t a kanyonon a Wadi El Weshwash v\u00f6lgy\u00e9be, ahol keresztmetszetben l\u00e1thatja a kanyon t\u00f6bb milli\u00f3 \u00e9ves t\u00f6rt\u00e9net\u00e9t: a szikl\u00e1kba behatol\u00f3, t\u00f6bbsz\u00edn\u0171 gr\u00e1nit- \u00e9s bazaltr\u00e9tegek hihetetlen l\u00e1tv\u00e1nyt ny\u00fajtanak. L\u00e1tni fog m\u00e9g egy term\u00e9szeti csod\u00e1t - a szikl\u00e1k k\u00f6z\u00f6tt elveszett \"Veshvashi\" (Suttog\u00f3 t\u00f3) tavat. Az \u00d6n\u00f6ket k\u00eds\u00e9r\u0151 idegenvezet\u0151t\u0151l megismerhetik egyed\u00fcl\u00e1ll\u00f3 eredet\u00e9t. Lehet\u0151s\u00e9g\u00fck lesz megm\u00e1rt\u00f3zni a t\u00f3ban (a legenda szerint egy d\u00e9delgetett \u00e1lmot teljes\u00edt be). A t\u00f3 vize m\u00e9g a legmelegebb id\u0151ben is h\u0171v\u00f6s marad.<\/p>\n<p>A kanyonb\u00f3l val\u00f3 visszat\u00e9r\u00e9s ut\u00e1n a Dahab (Aranyv\u00e1ros) k\u00f6zel\u00e9ben tal\u00e1lhat\u00f3 Abu Galum Nemzeti Rezerv\u00e1tumba utazik. Abu Galumban \u00e9lvezheti a V\u00f6r\u00f6s-tenger v\u00edz alatti vil\u00e1g\u00e1nak sz\u00e9ps\u00e9g\u00e9t \u00e9s soksz\u00edn\u0171s\u00e9g\u00e9t, \u00faszva maszkkal, a vil\u00e1gh\u00edr\u0171 z\u00e1tony \"Dive Canyon\" 200 m hossz\u00fa z\u00e1tonya ment\u00e9n (mell\u00e9ny k\u00f6telez\u0151 - 3$! valamint uszonyok \u00e9s maszkok, ha sz\u00fcks\u00e9ges, b\u00e9relhet\u0151ek lesznek). Azok, akik nem akarnak \u00faszni - s\u00e9t\u00e1lhat a part ment\u00e9n, \u00e9s \u00e9lvezheti a szell\u0151t \u00e9s a csod\u00e1latos t\u00e1jat, \u00e9s csod\u00e1latos f\u00e9nyk\u00e9peket k\u00e9sz\u00edthet. Vagy k\u00e9nyelmesen \u00fclhetsz p\u00e1rn\u00e1kon egy s\u00e1torban k\u00f6zvetlen\u00fcl a tengerparton, \u00e9s n\u00e9zheted, ahogy a tenger \u00e1tmossa a partvid\u00e9k sz\u00ednes szikl\u00e1it, \u00e9s n\u00e9zheted a b\u00fav\u00e1rokat, akik a vil\u00e1g minden t\u00e1j\u00e1r\u00f3l \u00e9rkeznek, hogy megn\u00e9zz\u00e9k a h\u00edres v\u00edz alatti kanyont.<\/p>\n<p>Itt, az Akabai-\u00f6b\u00f6l partj\u00e1n meleg eb\u00e9det szolg\u00e1lnak fel (italok fel\u00e1r ellen\u00e9ben). Visszafel\u00e9 megl\u00e1togatja Dahab \"Aranyv\u00e1ros\u00e1t\" \u00e9s sz\u00ednes \"Keleti Baz\u00e1rj\u00e1t\", amely Egyiptomban nem hasonl\u00edt egyetlen m\u00e1s v\u00e1roshoz sem, a hippik st\u00edlus\u00e1ban (akiknek k\u00f6sz\u00f6nhet\u0151en egy kis beduin falu alakult ki, \u00e9s Dahab v\u00e1ros n\u00e9pszer\u0171s\u00e9ge az eg\u00e9sz vil\u00e1gon). Visszat\u00e9r\u00e9s Sharm El Sheikhbe 19:00 \u00f3ra k\u00f6r\u00fcl.<\/p>\n<p><strong>Tartalmazza:<\/strong><\/p>\n<ul>\n<li>Transzfer a sz\u00e1llod\u00e1b\u00f3l \u00e9s a sz\u00e1llod\u00e1ba<\/li>\n<li>Magyarul besz\u00e9l\u0151 idegenvezet\u0151<\/li>\n<li>Eb\u00e9d<\/li>\n<li>4x4 dzsip szafari<\/li>\n<li>Snorkelling<\/li>\n<li>Bel\u00e9p\u0151jegy a Nemzeti Parkba<\/li>\n<li>Beduin tea<\/li>\n<\/ul>\n<p><strong>Nem tartalmazza:<\/strong><\/p>\n<ul>\n<li>B\u00e9relhet\u0151 b\u00fav\u00e1rfelszerel\u00e9s: maszk, uszonyok, ment\u0151mell\u00e9ny.<\/li>\n<li>Italok eb\u00e9d k\u00f6zben<\/li>\n<\/ul>\n<p><strong>Vigy\u00e9l magaddal:<\/strong><\/p>\n<ul>\n<li>\u00datlev\u00e9l (eredeti) \u00e9s \u00fatlev\u00e9lm\u00e1solat (1 p\u00e9ld\u00e1ny)<\/li>\n<li>\u00datlev\u00e9lk\u00e9peket a foglal\u00e1skor kell elk\u00fcldeni.<\/li>\n<li>Snorkel maszk<\/li>\n<li>Napszem\u00fcveg<\/li>\n<li>F\u00fcrd\u0151ruha, \u00fasz\u00f3nadr\u00e1g<\/li>\n<li>V\u00edz<\/li>\n<li>Naptej<\/li>\n<li>T\u00f6r\u00fclk\u00f6z\u0151<\/li>\n<li>P\u00e9nz szem\u00e9lyes kiad\u00e1sokra<\/li>\n<li>K\u00e9nyelmes cip\u0151, edz\u0151cip\u0151<\/li>\n<\/ul>","protected":false},"excerpt":{"rendered":"<p><strong>Kir\u00e1ndul\u00e1s Id\u0151pontja:<\/strong> 7:00 \u2014 19:00<\/p>\n<p><strong>A Kir\u00e1ndul\u00e1s Napjai:<\/strong> Kedd<\/p>","protected":false},"featured_media":30919,"template":"","meta":{"_kad_post_transparent":"default","_kad_post_title":"","_kad_post_layout":"default","_kad_post_sidebar_id":"","_kad_post_content_style":"default","_kad_post_vertical_padding":"default","_kad_post_feature":"","_kad_post_feature_position":"","_kad_post_header":false,"_kad_post_footer":false,"_kad_post_classname":"","_glsr_average":0,"_glsr_ranking":0,"_glsr_reviews":0},"product_brand":[],"product_cat":[435],"product_tag":[],"class_list":{"0":"post-30918","1":"product","2":"type-product","3":"status-publish","4":"has-post-thumbnail","6":"product_cat-sharm-el-sheikh","7":"tm-has-options","9":"first","10":"instock","11":"sale","12":"sold-individually","13":"taxable","14":"shipping-taxable","15":"purchasable","16":"product-type-simple","17":"entry","18":"content-bg","19":"loop-entry"},"yoast_head":"<!-- This site is optimized with the Yoast SEO plugin v27.3 - https:\/\/yoast.com\/product\/yoast-seo-wordpress\/ -->\n<title>\u0414\u043e\u043b\u0438\u043d\u0430 \u0412\u0430\u0434\u0438 \u042d\u043b\u044c \u0412\u0435\u0448\u0432\u0430\u0448 &#8226; \u042d\u043a\u0441\u043a\u0443\u0440\u0441\u0438\u0438 Skyline<\/title>\n<meta name=\"robots\" content=\"index, follow, max-snippet:-1, max-image-preview:large, max-video-preview:-1\" \/>\n<link rel=\"canonical\" href=\"https:\/\/skyline-gs.com\/hu\/termek\/wadi-el-veshwash-volgy-sharm\/\" \/>\n<meta property=\"og:locale\" content=\"hu_HU\" \/>\n<meta property=\"og:type\" content=\"article\" \/>\n<meta property=\"og:title\" content=\"\u0414\u043e\u043b\u0438\u043d\u0430 \u0412\u0430\u0434\u0438 \u042d\u043b\u044c \u0412\u0435\u0448\u0432\u0430\u0448 &#8226; \u042d\u043a\u0441\u043a\u0443\u0440\u0441\u0438\u0438 Skyline\" \/>\n<meta property=\"og:description\" content=\"\u0412\u0440\u0435\u043c\u044f \u0442\u0443\u0440\u0430: 7:00 - 19:00  \u0414\u043d\u0438 \u043f\u0440\u043e\u0432\u0435\u0434\u0435\u043d\u0438\u044f: \u0412\u0442\u043e\u0440\u043d\u0438\u043a\" \/>\n<meta property=\"og:url\" content=\"https:\/\/skyline-gs.com\/hu\/termek\/wadi-el-veshwash-volgy-sharm\/\" \/>\n<meta property=\"og:site_name\" content=\"\u042d\u043a\u0441\u043a\u0443\u0440\u0441\u0438\u0438 Skyline\" \/>\n<meta property=\"article:modified_time\" content=\"2025-11-04T12:56:33+00:00\" \/>\n<meta property=\"og:image\" content=\"https:\/\/skyline-gs.com\/wp-content\/uploads\/2021\/09\/1-3.png\" \/>\n\t<meta property=\"og:image:width\" content=\"669\" \/>\n\t<meta property=\"og:image:height\" content=\"446\" \/>\n\t<meta property=\"og:image:type\" content=\"image\/png\" \/>\n<meta name=\"twitter:card\" content=\"summary_large_image\" \/>\n<meta name=\"twitter:label1\" content=\"Becs\u00fclt olvas\u00e1si id\u0151\" \/>\n\t<meta name=\"twitter:data1\" content=\"3 perc\" \/>\n<script type=\"application\/ld+json\" class=\"yoast-schema-graph\">{\"@context\":\"https:\\\/\\\/schema.org\",\"@graph\":[{\"@type\":\"WebPage\",\"@id\":\"https:\\\/\\\/skyline-gs.com\\\/de\\\/produkt\\\/wadi-el-veshwash-valley-sharm\\\/\",\"url\":\"https:\\\/\\\/skyline-gs.com\\\/de\\\/produkt\\\/wadi-el-veshwash-valley-sharm\\\/\",\"name\":\"\u0414\u043e\u043b\u0438\u043d\u0430 \u0412\u0430\u0434\u0438 \u042d\u043b\u044c \u0412\u0435\u0448\u0432\u0430\u0448 &#8226; \u042d\u043a\u0441\u043a\u0443\u0440\u0441\u0438\u0438 Skyline\",\"isPartOf\":{\"@id\":\"https:\\\/\\\/skyline-gs.com\\\/it\\\/#website\"},\"primaryImageOfPage\":{\"@id\":\"https:\\\/\\\/skyline-gs.com\\\/de\\\/produkt\\\/wadi-el-veshwash-valley-sharm\\\/#primaryimage\"},\"image\":{\"@id\":\"https:\\\/\\\/skyline-gs.com\\\/de\\\/produkt\\\/wadi-el-veshwash-valley-sharm\\\/#primaryimage\"},\"thumbnailUrl\":\"https:\\\/\\\/skyline-gs.com\\\/wp-content\\\/uploads\\\/2021\\\/09\\\/1-3.png\",\"datePublished\":\"2021-09-06T10:38:26+00:00\",\"dateModified\":\"2025-11-04T12:56:33+00:00\",\"breadcrumb\":{\"@id\":\"https:\\\/\\\/skyline-gs.com\\\/de\\\/produkt\\\/wadi-el-veshwash-valley-sharm\\\/#breadcrumb\"},\"inLanguage\":\"hu\",\"potentialAction\":[{\"@type\":\"ReadAction\",\"target\":[\"https:\\\/\\\/skyline-gs.com\\\/de\\\/produkt\\\/wadi-el-veshwash-valley-sharm\\\/\"]}]},{\"@type\":\"ImageObject\",\"inLanguage\":\"hu\",\"@id\":\"https:\\\/\\\/skyline-gs.com\\\/de\\\/produkt\\\/wadi-el-veshwash-valley-sharm\\\/#primaryimage\",\"url\":\"https:\\\/\\\/skyline-gs.com\\\/wp-content\\\/uploads\\\/2021\\\/09\\\/1-3.png\",\"contentUrl\":\"https:\\\/\\\/skyline-gs.com\\\/wp-content\\\/uploads\\\/2021\\\/09\\\/1-3.png\",\"width\":669,\"height\":446},{\"@type\":\"BreadcrumbList\",\"@id\":\"https:\\\/\\\/skyline-gs.com\\\/de\\\/produkt\\\/wadi-el-veshwash-valley-sharm\\\/#breadcrumb\",\"itemListElement\":[{\"@type\":\"ListItem\",\"position\":1,\"name\":\"\u0413\u043b\u0430\u0432\u043d\u0430\u044f \u0441\u0442\u0440\u0430\u043d\u0438\u0446\u0430\",\"item\":\"https:\\\/\\\/skyline-gs.com\\\/hu\\\/\"},{\"@type\":\"ListItem\",\"position\":2,\"name\":\"\u041c\u0430\u0433\u0430\u0437\u0438\u043d\",\"item\":\"https:\\\/\\\/skyline-gs.com\\\/cs\\\/shop\\\/\"},{\"@type\":\"ListItem\",\"position\":3,\"name\":\"\u0414\u043e\u043b\u0438\u043d\u0430 \u0412\u0430\u0434\u0438 \u042d\u043b\u044c \u0412\u0435\u0448\u0432\u0430\u0448\"}]},{\"@type\":\"WebSite\",\"@id\":\"https:\\\/\\\/skyline-gs.com\\\/it\\\/#website\",\"url\":\"https:\\\/\\\/skyline-gs.com\\\/it\\\/\",\"name\":\"\u042d\u043a\u0441\u043a\u0443\u0440\u0441\u0438\u0438 Skyline\",\"description\":\"\u042d\u043a\u0441\u043a\u043b\u044e\u0437\u0438\u0432\u043d\u044b\u0435 \u044d\u043a\u0441\u043a\u0443\u0440\u0441\u0438\u0438 \u043d\u0430 \u043b\u0443\u0447\u0448\u0438\u0445 \u043a\u0443\u0440\u043e\u0440\u0442\u0430\u0445 \u043c\u0438\u0440\u0430\",\"publisher\":{\"@id\":\"https:\\\/\\\/skyline-gs.com\\\/it\\\/#organization\"},\"alternateName\":\"Skyline\",\"potentialAction\":[{\"@type\":\"SearchAction\",\"target\":{\"@type\":\"EntryPoint\",\"urlTemplate\":\"https:\\\/\\\/skyline-gs.com\\\/it\\\/?s={search_term_string}\"},\"query-input\":{\"@type\":\"PropertyValueSpecification\",\"valueRequired\":true,\"valueName\":\"search_term_string\"}}],\"inLanguage\":\"hu\"},{\"@type\":\"Organization\",\"@id\":\"https:\\\/\\\/skyline-gs.com\\\/it\\\/#organization\",\"name\":\"\u042d\u043a\u0441\u043a\u0443\u0440\u0441\u0438\u0438 Skyline\",\"alternateName\":\"\u042d\u043a\u0441\u043a\u0443\u0440\u0441\u0438\u0438 Skyline\",\"url\":\"https:\\\/\\\/skyline-gs.com\\\/it\\\/\",\"logo\":{\"@type\":\"ImageObject\",\"inLanguage\":\"hu\",\"@id\":\"https:\\\/\\\/skyline-gs.com\\\/it\\\/#\\\/schema\\\/logo\\\/image\\\/\",\"url\":\"https:\\\/\\\/skyline-gs.com\\\/wp-content\\\/uploads\\\/2020\\\/12\\\/cropped-logo-2.png\",\"contentUrl\":\"https:\\\/\\\/skyline-gs.com\\\/wp-content\\\/uploads\\\/2020\\\/12\\\/cropped-logo-2.png\",\"width\":512,\"height\":512,\"caption\":\"\u042d\u043a\u0441\u043a\u0443\u0440\u0441\u0438\u0438 Skyline\"},\"image\":{\"@id\":\"https:\\\/\\\/skyline-gs.com\\\/it\\\/#\\\/schema\\\/logo\\\/image\\\/\"},\"sameAs\":[\"https:\\\/\\\/www.instagram.com\\\/skylineglobalservice\\\/\"]}]}<\/script>\n<!-- \/ Yoast SEO plugin. -->","yoast_head_json":{"title":"Wadi El Weshwash v\u00f6lgy - Skyline kir\u00e1ndul\u00e1sok","robots":{"index":"index","follow":"follow","max-snippet":"max-snippet:-1","max-image-preview":"max-image-preview:large","max-video-preview":"max-video-preview:-1"},"canonical":"https:\/\/skyline-gs.com\/hu\/termek\/wadi-el-veshwash-volgy-sharm\/","og_locale":"hu_HU","og_type":"article","og_title":"\u0414\u043e\u043b\u0438\u043d\u0430 \u0412\u0430\u0434\u0438 \u042d\u043b\u044c \u0412\u0435\u0448\u0432\u0430\u0448 &#8226; \u042d\u043a\u0441\u043a\u0443\u0440\u0441\u0438\u0438 Skyline","og_description":"\u0412\u0440\u0435\u043c\u044f \u0442\u0443\u0440\u0430: 7:00 - 19:00  \u0414\u043d\u0438 \u043f\u0440\u043e\u0432\u0435\u0434\u0435\u043d\u0438\u044f: \u0412\u0442\u043e\u0440\u043d\u0438\u043a","og_url":"https:\/\/skyline-gs.com\/hu\/termek\/wadi-el-veshwash-volgy-sharm\/","og_site_name":"\u042d\u043a\u0441\u043a\u0443\u0440\u0441\u0438\u0438 Skyline","article_modified_time":"2025-11-04T12:56:33+00:00","og_image":[{"width":669,"height":446,"url":"https:\/\/skyline-gs.com\/wp-content\/uploads\/2021\/09\/1-3.png","type":"image\/png"}],"twitter_card":"summary_large_image","twitter_misc":{"Becs\u00fclt olvas\u00e1si id\u0151":"3 perc"},"schema":{"@context":"https:\/\/schema.org","@graph":[{"@type":"WebPage","@id":"https:\/\/skyline-gs.com\/de\/produkt\/wadi-el-veshwash-valley-sharm\/","url":"https:\/\/skyline-gs.com\/de\/produkt\/wadi-el-veshwash-valley-sharm\/","name":"Wadi El Weshwash v\u00f6lgy - Skyline kir\u00e1ndul\u00e1sok","isPartOf":{"@id":"https:\/\/skyline-gs.com\/it\/#website"},"primaryImageOfPage":{"@id":"https:\/\/skyline-gs.com\/de\/produkt\/wadi-el-veshwash-valley-sharm\/#primaryimage"},"image":{"@id":"https:\/\/skyline-gs.com\/de\/produkt\/wadi-el-veshwash-valley-sharm\/#primaryimage"},"thumbnailUrl":"https:\/\/skyline-gs.com\/wp-content\/uploads\/2021\/09\/1-3.png","datePublished":"2021-09-06T10:38:26+00:00","dateModified":"2025-11-04T12:56:33+00:00","breadcrumb":{"@id":"https:\/\/skyline-gs.com\/de\/produkt\/wadi-el-veshwash-valley-sharm\/#breadcrumb"},"inLanguage":"hu","potentialAction":[{"@type":"ReadAction","target":["https:\/\/skyline-gs.com\/de\/produkt\/wadi-el-veshwash-valley-sharm\/"]}]},{"@type":"ImageObject","inLanguage":"hu","@id":"https:\/\/skyline-gs.com\/de\/produkt\/wadi-el-veshwash-valley-sharm\/#primaryimage","url":"https:\/\/skyline-gs.com\/wp-content\/uploads\/2021\/09\/1-3.png","contentUrl":"https:\/\/skyline-gs.com\/wp-content\/uploads\/2021\/09\/1-3.png","width":669,"height":446},{"@type":"BreadcrumbList","@id":"https:\/\/skyline-gs.com\/de\/produkt\/wadi-el-veshwash-valley-sharm\/#breadcrumb","itemListElement":[{"@type":"ListItem","position":1,"name":"\u0413\u043b\u0430\u0432\u043d\u0430\u044f \u0441\u0442\u0440\u0430\u043d\u0438\u0446\u0430","item":"https:\/\/skyline-gs.com\/hu\/"},{"@type":"ListItem","position":2,"name":"\u041c\u0430\u0433\u0430\u0437\u0438\u043d","item":"https:\/\/skyline-gs.com\/cs\/shop\/"},{"@type":"ListItem","position":3,"name":"\u0414\u043e\u043b\u0438\u043d\u0430 \u0412\u0430\u0434\u0438 \u042d\u043b\u044c \u0412\u0435\u0448\u0432\u0430\u0448"}]},{"@type":"WebSite","@id":"https:\/\/skyline-gs.com\/it\/#website","url":"https:\/\/skyline-gs.com\/it\/","name":"Skyline T\u00far\u00e1k","description":"Exkluz\u00edv kir\u00e1ndul\u00e1sok a vil\u00e1g legjobb \u00fcd\u00fcl\u0151helyein","publisher":{"@id":"https:\/\/skyline-gs.com\/it\/#organization"},"alternateName":"Skyline","potentialAction":[{"@type":"SearchAction","target":{"@type":"EntryPoint","urlTemplate":"https:\/\/skyline-gs.com\/it\/?s={search_term_string}"},"query-input":{"@type":"PropertyValueSpecification","valueRequired":true,"valueName":"search_term_string"}}],"inLanguage":"hu"},{"@type":"Organization","@id":"https:\/\/skyline-gs.com\/it\/#organization","name":"Skyline T\u00far\u00e1k","alternateName":"\u042d\u043a\u0441\u043a\u0443\u0440\u0441\u0438\u0438 Skyline","url":"https:\/\/skyline-gs.com\/it\/","logo":{"@type":"ImageObject","inLanguage":"hu","@id":"https:\/\/skyline-gs.com\/it\/#\/schema\/logo\/image\/","url":"https:\/\/skyline-gs.com\/wp-content\/uploads\/2020\/12\/cropped-logo-2.png","contentUrl":"https:\/\/skyline-gs.com\/wp-content\/uploads\/2020\/12\/cropped-logo-2.png","width":512,"height":512,"caption":"\u042d\u043a\u0441\u043a\u0443\u0440\u0441\u0438\u0438 Skyline"},"image":{"@id":"https:\/\/skyline-gs.com\/it\/#\/schema\/logo\/image\/"},"sameAs":["https:\/\/www.instagram.com\/skylineglobalservice\/"]}]}},"_links":{"self":[{"href":"https:\/\/skyline-gs.com\/hu\/wp-json\/wp\/v2\/product\/30918","targetHints":{"allow":["GET"]}}],"collection":[{"href":"https:\/\/skyline-gs.com\/hu\/wp-json\/wp\/v2\/product"}],"about":[{"href":"https:\/\/skyline-gs.com\/hu\/wp-json\/wp\/v2\/types\/product"}],"version-history":[{"count":0,"href":"https:\/\/skyline-gs.com\/hu\/wp-json\/wp\/v2\/product\/30918\/revisions"}],"wp:featuredmedia":[{"embeddable":true,"href":"https:\/\/skyline-gs.com\/hu\/wp-json\/wp\/v2\/media\/30919"}],"wp:attachment":[{"href":"https:\/\/skyline-gs.com\/hu\/wp-json\/wp\/v2\/media?parent=30918"}],"wp:term":[{"taxonomy":"product_brand","embeddable":true,"href":"https:\/\/skyline-gs.com\/hu\/wp-json\/wp\/v2\/product_brand?post=30918"},{"taxonomy":"product_cat","embeddable":true,"href":"https:\/\/skyline-gs.com\/hu\/wp-json\/wp\/v2\/product_cat?post=30918"},{"taxonomy":"product_tag","embeddable":true,"href":"https:\/\/skyline-gs.com\/hu\/wp-json\/wp\/v2\/product_tag?post=30918"}],"curies":[{"name":"wp","href":"https:\/\/api.w.org\/{rel}","templated":true}]}}