{"id":29774,"date":"2021-08-15T21:14:51","date_gmt":"2021-08-15T19:14:51","guid":{"rendered":"http:\/\/skyline-gs.com\/?post_type=product&#038;p=29774"},"modified":"2025-11-22T13:37:34","modified_gmt":"2025-11-22T11:37:34","slug":"5-emirates-dubai","status":"publish","type":"product","link":"https:\/\/skyline-gs.com\/hu\/product\/5-emirates-dubai\/","title":{"rendered":"\u0418\u043d\u0434\u0438\u0439\u0441\u043a\u0438\u0439 \u043e\u043a\u0435\u0430\u043d \u0438 5 \u044d\u043c\u0438\u0440\u0430\u0442\u043e\u0432"},"content":{"rendered":"<p data-start=\"39\" data-end=\"315\">\u0418\u043d\u0434\u0438\u0439\u0441\u043a\u0438\u0439 \u043e\u043a\u0435\u0430\u043d \u2014 \u044d\u0442\u043e \u043d\u0435 \u043f\u0440\u043e\u0441\u0442\u043e \u0432\u043e\u0434\u0430 \u0438 \u043f\u0435\u0441\u043e\u043a, \u044d\u0442\u043e \u0438\u0441\u0442\u043e\u0440\u0438\u044f, \u043f\u0440\u0438\u0440\u043e\u0434\u0430 \u0438 \u0443\u043d\u0438\u043a\u0430\u043b\u044c\u043d\u0430\u044f \u0430\u0442\u043c\u043e\u0441\u0444\u0435\u0440\u0430 \u0432\u043e\u0441\u0442\u043e\u0447\u043d\u043e\u0439 \u0441\u043a\u0430\u0437\u043a\u0438. \u042d\u0442\u043e \u043f\u0443\u0442\u0435\u0448\u0435\u0441\u0442\u0432\u0438\u0435 \u043f\u043e\u0434\u0430\u0440\u0438\u0442 \u0432\u0430\u043c \u0432\u043e\u0437\u043c\u043e\u0436\u043d\u043e\u0441\u0442\u044c \u0437\u0430 \u043e\u0434\u0438\u043d \u0434\u0435\u043d\u044c \u0443\u0432\u0438\u0434\u0435\u0442\u044c 5 \u044d\u043c\u0438\u0440\u0430\u0442\u043e\u0432, \u0441\u043c\u0435\u043d\u044f\u044f \u043f\u0435\u0439\u0437\u0430\u0436\u0438 \u043e\u0442 \u0441\u043e\u0432\u0440\u0435\u043c\u0435\u043d\u043d\u043e\u0433\u043e \u0414\u0443\u0431\u0430\u044f \u0434\u043e \u0442\u0440\u0430\u0434\u0438\u0446\u0438\u043e\u043d\u043d\u044b\u0445 \u0440\u044b\u043d\u043a\u043e\u0432 \u0438 \u0433\u043e\u0440\u043d\u044b\u0445 \u0443\u0449\u0435\u043b\u0438\u0439 \u0424\u0443\u0434\u0436\u0435\u0439\u0440\u044b. \u0412\u0430\u0441 \u0436\u0434\u0451\u0442 \u0432\u0441\u0442\u0440\u0435\u0447\u0430 \u0441 \u0432\u0435\u043b\u0438\u0447\u0435\u0441\u0442\u0432\u0435\u043d\u043d\u044b\u043c\u0438 \u0433\u043e\u0440\u0430\u043c\u0438 \u0425\u0430\u0434\u0436\u0430\u0440, \u0431\u0435\u043b\u043e\u0441\u043d\u0435\u0436\u043d\u044b\u043c\u0438 \u043f\u043b\u044f\u0436\u0430\u043c\u0438 \u0438 \u0441\u0442\u0430\u0440\u0438\u043d\u043d\u044b\u043c\u0438 \u043c\u0435\u0447\u0435\u0442\u044f\u043c\u0438, \u0430 \u043a\u0443\u043b\u044c\u043c\u0438\u043d\u0430\u0446\u0438\u0435\u0439 \u0441\u0442\u0430\u043d\u0435\u0442 \u043e\u0442\u0434\u044b\u0445 \u043d\u0430 \u0431\u0435\u0440\u0435\u0433\u0443 \u043e\u043a\u0435\u0430\u043d\u0430 \u0432 \u043a\u0443\u0440\u043e\u0440\u0442\u043d\u043e\u043c \u043a\u043e\u043c\u043f\u043b\u0435\u043a\u0441\u0435. \u0417\u0434\u0435\u0441\u044c \u043c\u043e\u0436\u043d\u043e \u0440\u0430\u0441\u0441\u043b\u0430\u0431\u0438\u0442\u044c\u0441\u044f \u0432 \u0442\u0435\u043d\u0438 \u043f\u0430\u043b\u044c\u043c, \u043e\u0441\u0432\u0435\u0436\u0438\u0442\u044c\u0441\u044f \u0432 \u0431\u0430\u0441\u0441\u0435\u0439\u043d\u0435 \u0438\u043b\u0438 \u043f\u043b\u0430\u0432\u0430\u0442\u044c \u043d\u0430 \u043a\u043e\u0440\u0430\u043b\u043b\u043e\u0432\u043e\u043c \u0440\u0438\u0444\u0435 \u0432 \u0438\u043d\u0434\u0438\u0439\u0441\u043a\u043e\u043c \u043e\u043a\u0435\u0430\u043d\u0435. \u0413\u0434\u0435 \u043f\u043b\u0430\u0432\u0430\u044e\u0442 \u0440\u0430\u0437\u043d\u043e\u0446\u0432\u0435\u0442\u043d\u044b\u0435 \u0440\u044b\u0431\u044b, \u043c\u043e\u0440\u0441\u043a\u0438\u0435 \u0435\u0436\u0438 \u0438 \u0434\u0430\u0436\u0435 \u043c\u043e\u0440\u0441\u043a\u0438\u0435 \u0447\u0435\u0440\u0435\u043f\u0430\u0445\u0438.<\/p>\n<p data-start=\"317\" data-end=\"699\"><strong>8:00 - Indul\u00e1s a sz\u00e1llod\u00e1b\u00f3l<\/strong>.<\/p>\n<ul>\n<li><strong data-start=\"732\" data-end=\"764\">\u041f\u0443\u0442\u0435\u0448\u0435\u0441\u0442\u0432\u0438\u0435 \u0447\u0435\u0440\u0435\u0437 5 \u044d\u043c\u0438\u0440\u0430\u0442\u043e\u0432. <\/strong>A t\u00fara Dubajb\u00f3l indul (a Dubajb\u00f3l \u00e9rkez\u0151 l\u00e1togat\u00f3k sz\u00e1m\u00e1ra), \u00e9s v\u00e9gigvezeti \u00d6n\u00f6ket a k\u00f6vetkez\u0151 helysz\u00edneken <strong data-start=\"837\" data-end=\"897\">Sharjah, Ajman, Umm Al Quwain, Ras Al Khaimah \u00e9s Fujairah.<\/strong>Fedezze fel az Egyes\u00fclt Arab Em\u00edrs\u00e9gek term\u00e9szet\u00e9nek \u00e9s kult\u00far\u00e1j\u00e1nak csod\u00e1latos soksz\u00edn\u0171s\u00e9g\u00e9t.<\/li>\n<li><strong data-start=\"514\" data-end=\"524\">\u0428\u0430\u0440\u0434\u0436\u0430<\/strong> \u2014 \u043a\u0443\u043b\u044c\u0442\u0443\u0440\u043d\u0430\u044f \u0441\u0442\u043e\u043b\u0438\u0446\u0430 \u0411\u043b\u0438\u0436\u043d\u0435\u0433\u043e \u0412\u043e\u0441\u0442\u043e\u043a\u0430: \u0441\u043f\u043e\u043a\u043e\u0439\u043d\u044b\u0439, \u0442\u0440\u0430\u0434\u0438\u0446\u0438\u043e\u043d\u043d\u044b\u0439 \u044d\u043c\u0438\u0440\u0430\u0442 \u0441 \u0430\u0442\u043c\u043e\u0441\u0444\u0435\u0440\u043e\u0439 \u0441\u0442\u0430\u0440\u0438\u043d\u043d\u044b\u0445 \u0440\u044b\u043d\u043a\u043e\u0432 \u0438 \u043c\u0443\u0437\u0435\u0435\u0432.<\/li>\n<li><strong style=\"font-family: var(--global-body-font-family);\" data-start=\"972\" data-end=\"990\">Al Dhaid O\u00e1zis. <\/strong>A kanyonnal a h\u00e1tt\u00e9rben fest\u0151i k\u00e9peket k\u00e9sz\u00edthet, \u00e9s \u00fagy \u00e9rezheti mag\u00e1t, mint az \u0151si sivatagi o\u00e1zisok \u00fatt\u00f6r\u0151je.<\/li>\n<li><strong data-start=\"731\" data-end=\"743\">\u0424\u0443\u0434\u0436\u0435\u0439\u0440\u0430<\/strong> \u2014 \u0437\u043d\u0430\u043a\u043e\u043c\u0441\u0442\u0432\u043e \u0441 \u0435\u0434\u0438\u043d\u0441\u0442\u0432\u0435\u043d\u043d\u043e\u0439 \u0434\u0440\u0435\u0432\u043d\u0435\u0439 \u0434\u0435\u0439\u0441\u0442\u0432\u0443\u044e\u0449\u0435\u0439 \u043c\u0435\u0447\u0435\u0442\u044c\u044e \u041e\u0410\u042d <strong data-start=\"804\" data-end=\"826\">\u0410\u043b\u044c \u0411\u0438\u0434\u0438\u044f (XV \u0432\u0435\u043a)<\/strong>.<\/li>\n<li><strong data-start=\"830\" data-end=\"866\">\u0421\u0443\u043a \u0430\u043b\u044c \u0414\u0436\u0443\u043c\u0430\u0430 (\u041f\u044f\u0442\u043d\u0438\u0447\u043d\u044b\u0439 \u0440\u044b\u043d\u043e\u043a)<\/strong> \u2014 \u043a\u043e\u043b\u043e\u0440\u0438\u0442\u043d\u044b\u0439 \u0432\u043e\u0441\u0442\u043e\u0447\u043d\u044b\u0439 \u0431\u0430\u0437\u0430\u0440 \u0441\u0440\u0435\u0434\u0438 \u0433\u043e\u0440: \u043a\u043e\u0432\u0440\u044b, \u0441\u0443\u0432\u0435\u043d\u0438\u0440\u044b, \u0441\u043f\u0435\u0446\u0438\u0438, \u0444\u0440\u0443\u043a\u0442\u044b, \u0441\u043b\u0430\u0434\u043e\u0441\u0442\u0438.<\/li>\n<li><strong data-start=\"952\" data-end=\"966\" data-is-only-node=\"\">Shees Park<\/strong> \u2014 \u0436\u0438\u0432\u043e\u043f\u0438\u0441\u043d\u044b\u0439 \u0433\u043e\u0440\u043d\u044b\u0439 \u043f\u0430\u0440\u043a \u0441 \u0432\u043e\u0434\u043e\u043f\u0430\u0434\u043e\u043c, \u0437\u043e\u043d\u0430\u043c\u0438 \u043e\u0442\u0434\u044b\u0445\u0430 \u0438 \u0441\u043c\u043e\u0442\u0440\u043e\u0432\u044b\u043c\u0438 \u043f\u043b\u043e\u0449\u0430\u0434\u043a\u0430\u043c\u0438.<\/li>\n<li><strong data-start=\"1046\" data-end=\"1082\">Royal Beach Resort (\u0424\u0443\u0434\u0436\u0435\u0439\u0440\u0430)<\/strong> \u2014 \u043f\u043e\u043b\u043d\u043e\u0446\u0435\u043d\u043d\u044b\u0439 \u043e\u0442\u0434\u044b\u0445 \u043d\u0430 \u043f\u0435\u0441\u0447\u0430\u043d\u043e\u043c \u043f\u043b\u044f\u0436\u0435 \u0441 \u0432\u0438\u0434\u043e\u043c \u043d\u0430 \u0433\u043e\u0440\u044b \u0425\u0430\u0434\u0436\u0430\u0440. \u0412\u043a\u043b\u044e\u0447\u0435\u043d\u044b: \u0448\u0435\u0437\u043b\u043e\u043d\u0433\u0438, \u0437\u043e\u043d\u0442\u0438\u043a\u0438, \u0431\u0430\u0441\u0441\u0435\u0439\u043d\u044b, \u0434\u0435\u0442\u0441\u043a\u0430\u044f \u043f\u043b\u043e\u0449\u0430\u0434\u043a\u0430, \u043f\u043e\u043b\u043e\u0442\u0435\u043d\u0446\u0430, \u0431\u0430\u0440 \u043d\u0430 \u0442\u0435\u0440\u0440\u0438\u0442\u043e\u0440\u0438\u0438.<\/li>\n<li><strong data-start=\"1294\" data-end=\"1320\">\u0418\u0437\u044e\u043c\u0438\u043d\u043a\u0430 \u044d\u043a\u0441\u043a\u0443\u0440\u0441\u0438\u0438:<\/strong> \u043a\u0443\u043f\u0430\u043d\u0438\u0435 \u0438 \u0441\u043d\u043e\u0440\u043a\u043b\u0438\u043d\u0433 \u0432 \u0418\u043d\u0434\u0438\u0439\u0441\u043a\u043e\u043c \u043e\u043a\u0435\u0430\u043d\u0435 \u0441 \u0448\u0430\u043d\u0441\u043e\u043c \u0443\u0432\u0438\u0434\u0435\u0442\u044c <strong data-start=\"1377\" data-end=\"1404\">\u0431\u043e\u043b\u044c\u0448\u0438\u0445 \u043c\u043e\u0440\u0441\u043a\u0438\u0445 \u0447\u0435\u0440\u0435\u043f\u0430\u0445<\/strong>.<\/li>\n<li><strong data-start=\"1249\" data-end=\"1273\">\u041e\u0431\u0435\u0434 \u2014 \u0448\u0432\u0435\u0434\u0441\u043a\u0438\u0439 \u0441\u0442\u043e\u043b<\/strong> \u0432 \u0440\u0435\u0441\u0442\u043e\u0440\u0430\u043de \u043e\u0442\u0435\u043b\u044f.<\/li>\n<\/ul>\n<p data-start=\"1911\" data-end=\"2121\"><strong>18:00 - Visszat\u00e9r\u00e9s a sz\u00e1llod\u00e1ba.<\/strong><\/p>\n<p><strong>Tartalmazza:<\/strong><\/p>\n<ul>\n<li>Transzfer a sz\u00e1llod\u00e1ba \u00e9s vissza (Dubajb\u00f3l, Sharjahb\u00f3l \u00e9s Ajmanb\u00f3l)<\/li>\n<li>Magyarul besz\u00e9l\u0151 idegenvezet\u0151<\/li>\n<li>Eb\u00e9d<\/li>\n<li>T\u00f6r\u00fclk\u00f6z\u0151<\/li>\n<li data-start=\"2233\" data-end=\"2257\">Snorkel maszk<\/li>\n<li data-start=\"2258\" data-end=\"2297\">Bej\u00e1rat az \u00fcd\u00fcl\u0151sz\u00e1ll\u00f3ba <strong data-start=\"1046\" data-end=\"1082\">Royal Beach Resort <\/strong>(\u043f\u0440\u043e\u0434\u043e\u043b\u0436\u0438\u0442\u0435\u043b\u044c\u043d\u043e\u0441\u0442\u044c \u043e\u0442\u0434\u044b\u0445\u0430 4 \u0447\u0430\u0441\u0430)<\/li>\n<\/ul>\n<p><strong>Vigy\u00e9l magaddal:<\/strong><\/p>\n<ul>\n<li>Kamera<\/li>\n<li>F\u00fcrd\u0151ruha, \u00fasz\u00f3nadr\u00e1g<\/li>\n<li>Fejd\u00edsz<\/li>\n<\/ul>","protected":false},"excerpt":{"rendered":"<p><strong>Kir\u00e1ndul\u00e1s Id\u0151pontja:<\/strong> 8:00 - 18:00<\/p>\n<p><strong>A Kir\u00e1ndul\u00e1s Napjai:<\/strong> kedd, p\u00e9ntek, vas\u00e1rnap<\/p>","protected":false},"featured_media":29787,"template":"","meta":{"_kad_post_transparent":"default","_kad_post_title":"","_kad_post_layout":"default","_kad_post_sidebar_id":"","_kad_post_content_style":"default","_kad_post_vertical_padding":"default","_kad_post_feature":"","_kad_post_feature_position":"","_kad_post_header":false,"_kad_post_footer":false,"_kad_post_classname":"","_glsr_average":0,"_glsr_ranking":0,"_glsr_reviews":0},"product_brand":[],"product_cat":[438],"product_tag":[],"class_list":{"0":"post-29774","1":"product","2":"type-product","3":"status-publish","4":"has-post-thumbnail","6":"product_cat-dubai","7":"tm-has-options","9":"first","10":"instock","11":"sold-individually","12":"taxable","13":"shipping-taxable","14":"purchasable","15":"product-type-simple","16":"entry","17":"content-bg","18":"loop-entry"},"yoast_head":"<!-- This site is optimized with the Yoast SEO plugin v27.3 - https:\/\/yoast.com\/product\/yoast-seo-wordpress\/ -->\n<title>\u0418\u043d\u0434\u0438\u0439\u0441\u043a\u0438\u0439 \u043e\u043a\u0435\u0430\u043d \u0438 5 \u044d\u043c\u0438\u0440\u0430\u0442\u043e\u0432 &#8226; \u042d\u043a\u0441\u043a\u0443\u0440\u0441\u0438\u0438 Skyline<\/title>\n<meta name=\"robots\" content=\"index, follow, max-snippet:-1, max-image-preview:large, max-video-preview:-1\" \/>\n<link rel=\"canonical\" href=\"https:\/\/skyline-gs.com\/hu\/termek\/5-emirates-dubai\/\" \/>\n<meta property=\"og:locale\" content=\"hu_HU\" \/>\n<meta property=\"og:type\" content=\"article\" \/>\n<meta property=\"og:title\" content=\"\u0418\u043d\u0434\u0438\u0439\u0441\u043a\u0438\u0439 \u043e\u043a\u0435\u0430\u043d \u0438 5 \u044d\u043c\u0438\u0440\u0430\u0442\u043e\u0432 &#8226; \u042d\u043a\u0441\u043a\u0443\u0440\u0441\u0438\u0438 Skyline\" \/>\n<meta property=\"og:description\" content=\"\u0412\u0440\u0435\u043c\u044f \u0442\u0443\u0440\u0430: 8:00 - 18:00  \u0414\u043d\u0438 \u043f\u0440\u043e\u0432\u0435\u0434\u0435\u043d\u0438\u044f: \u0412\u0442\u043e\u0440\u043d\u0438\u043a, \u041f\u044f\u0442\u043d\u0438\u0446\u0430, \u0412\u043e\u0441\u043a\u0440\u0435\u0441\u0435\u043d\u044c\u0435\" \/>\n<meta property=\"og:url\" content=\"https:\/\/skyline-gs.com\/hu\/termek\/5-emirates-dubai\/\" \/>\n<meta property=\"og:site_name\" content=\"\u042d\u043a\u0441\u043a\u0443\u0440\u0441\u0438\u0438 Skyline\" \/>\n<meta property=\"article:modified_time\" content=\"2025-11-22T11:37:34+00:00\" \/>\n<meta property=\"og:image\" content=\"https:\/\/skyline-gs.com\/wp-content\/uploads\/2021\/08\/f7.jpg\" \/>\n\t<meta property=\"og:image:width\" content=\"669\" \/>\n\t<meta property=\"og:image:height\" content=\"446\" \/>\n\t<meta property=\"og:image:type\" content=\"image\/jpeg\" \/>\n<meta name=\"twitter:card\" content=\"summary_large_image\" \/>\n<meta name=\"twitter:label1\" content=\"Becs\u00fclt olvas\u00e1si id\u0151\" \/>\n\t<meta name=\"twitter:data1\" content=\"2 perc\" \/>\n<script type=\"application\/ld+json\" class=\"yoast-schema-graph\">{\"@context\":\"https:\\\/\\\/schema.org\",\"@graph\":[{\"@type\":\"WebPage\",\"@id\":\"https:\\\/\\\/skyline-gs.com\\\/product\\\/5-emirates-dubai\\\/\",\"url\":\"https:\\\/\\\/skyline-gs.com\\\/product\\\/5-emirates-dubai\\\/\",\"name\":\"\u0418\u043d\u0434\u0438\u0439\u0441\u043a\u0438\u0439 \u043e\u043a\u0435\u0430\u043d \u0438 5 \u044d\u043c\u0438\u0440\u0430\u0442\u043e\u0432 &#8226; \u042d\u043a\u0441\u043a\u0443\u0440\u0441\u0438\u0438 Skyline\",\"isPartOf\":{\"@id\":\"https:\\\/\\\/skyline-gs.com\\\/it\\\/#website\"},\"primaryImageOfPage\":{\"@id\":\"https:\\\/\\\/skyline-gs.com\\\/product\\\/5-emirates-dubai\\\/#primaryimage\"},\"image\":{\"@id\":\"https:\\\/\\\/skyline-gs.com\\\/product\\\/5-emirates-dubai\\\/#primaryimage\"},\"thumbnailUrl\":\"https:\\\/\\\/skyline-gs.com\\\/wp-content\\\/uploads\\\/2021\\\/08\\\/f7.jpg\",\"datePublished\":\"2021-08-15T19:14:51+00:00\",\"dateModified\":\"2025-11-22T11:37:34+00:00\",\"breadcrumb\":{\"@id\":\"https:\\\/\\\/skyline-gs.com\\\/product\\\/5-emirates-dubai\\\/#breadcrumb\"},\"inLanguage\":\"hu\",\"potentialAction\":[{\"@type\":\"ReadAction\",\"target\":[\"https:\\\/\\\/skyline-gs.com\\\/product\\\/5-emirates-dubai\\\/\"]}]},{\"@type\":\"ImageObject\",\"inLanguage\":\"hu\",\"@id\":\"https:\\\/\\\/skyline-gs.com\\\/product\\\/5-emirates-dubai\\\/#primaryimage\",\"url\":\"https:\\\/\\\/skyline-gs.com\\\/wp-content\\\/uploads\\\/2021\\\/08\\\/f7.jpg\",\"contentUrl\":\"https:\\\/\\\/skyline-gs.com\\\/wp-content\\\/uploads\\\/2021\\\/08\\\/f7.jpg\",\"width\":669,\"height\":446},{\"@type\":\"BreadcrumbList\",\"@id\":\"https:\\\/\\\/skyline-gs.com\\\/product\\\/5-emirates-dubai\\\/#breadcrumb\",\"itemListElement\":[{\"@type\":\"ListItem\",\"position\":1,\"name\":\"\u0413\u043b\u0430\u0432\u043d\u0430\u044f \u0441\u0442\u0440\u0430\u043d\u0438\u0446\u0430\",\"item\":\"https:\\\/\\\/skyline-gs.com\\\/hu\\\/\"},{\"@type\":\"ListItem\",\"position\":2,\"name\":\"\u041c\u0430\u0433\u0430\u0437\u0438\u043d\",\"item\":\"https:\\\/\\\/skyline-gs.com\\\/cs\\\/shop\\\/\"},{\"@type\":\"ListItem\",\"position\":3,\"name\":\"\u0418\u043d\u0434\u0438\u0439\u0441\u043a\u0438\u0439 \u043e\u043a\u0435\u0430\u043d \u0438 5 \u044d\u043c\u0438\u0440\u0430\u0442\u043e\u0432\"}]},{\"@type\":\"WebSite\",\"@id\":\"https:\\\/\\\/skyline-gs.com\\\/it\\\/#website\",\"url\":\"https:\\\/\\\/skyline-gs.com\\\/it\\\/\",\"name\":\"\u042d\u043a\u0441\u043a\u0443\u0440\u0441\u0438\u0438 Skyline\",\"description\":\"\u042d\u043a\u0441\u043a\u043b\u044e\u0437\u0438\u0432\u043d\u044b\u0435 \u044d\u043a\u0441\u043a\u0443\u0440\u0441\u0438\u0438 \u043d\u0430 \u043b\u0443\u0447\u0448\u0438\u0445 \u043a\u0443\u0440\u043e\u0440\u0442\u0430\u0445 \u043c\u0438\u0440\u0430\",\"publisher\":{\"@id\":\"https:\\\/\\\/skyline-gs.com\\\/it\\\/#organization\"},\"alternateName\":\"Skyline\",\"potentialAction\":[{\"@type\":\"SearchAction\",\"target\":{\"@type\":\"EntryPoint\",\"urlTemplate\":\"https:\\\/\\\/skyline-gs.com\\\/it\\\/?s={search_term_string}\"},\"query-input\":{\"@type\":\"PropertyValueSpecification\",\"valueRequired\":true,\"valueName\":\"search_term_string\"}}],\"inLanguage\":\"hu\"},{\"@type\":\"Organization\",\"@id\":\"https:\\\/\\\/skyline-gs.com\\\/it\\\/#organization\",\"name\":\"\u042d\u043a\u0441\u043a\u0443\u0440\u0441\u0438\u0438 Skyline\",\"alternateName\":\"\u042d\u043a\u0441\u043a\u0443\u0440\u0441\u0438\u0438 Skyline\",\"url\":\"https:\\\/\\\/skyline-gs.com\\\/it\\\/\",\"logo\":{\"@type\":\"ImageObject\",\"inLanguage\":\"hu\",\"@id\":\"https:\\\/\\\/skyline-gs.com\\\/it\\\/#\\\/schema\\\/logo\\\/image\\\/\",\"url\":\"https:\\\/\\\/skyline-gs.com\\\/wp-content\\\/uploads\\\/2020\\\/12\\\/cropped-logo-2.png\",\"contentUrl\":\"https:\\\/\\\/skyline-gs.com\\\/wp-content\\\/uploads\\\/2020\\\/12\\\/cropped-logo-2.png\",\"width\":512,\"height\":512,\"caption\":\"\u042d\u043a\u0441\u043a\u0443\u0440\u0441\u0438\u0438 Skyline\"},\"image\":{\"@id\":\"https:\\\/\\\/skyline-gs.com\\\/it\\\/#\\\/schema\\\/logo\\\/image\\\/\"},\"sameAs\":[\"https:\\\/\\\/www.instagram.com\\\/skylineglobalservice\\\/\"]}]}<\/script>\n<!-- \/ Yoast SEO plugin. -->","yoast_head_json":{"title":"\u0418\u043d\u0434\u0438\u0439\u0441\u043a\u0438\u0439 \u043e\u043a\u0435\u0430\u043d \u0438 5 \u044d\u043c\u0438\u0440\u0430\u0442\u043e\u0432 &#8226; \u042d\u043a\u0441\u043a\u0443\u0440\u0441\u0438\u0438 Skyline","robots":{"index":"index","follow":"follow","max-snippet":"max-snippet:-1","max-image-preview":"max-image-preview:large","max-video-preview":"max-video-preview:-1"},"canonical":"https:\/\/skyline-gs.com\/hu\/termek\/5-emirates-dubai\/","og_locale":"hu_HU","og_type":"article","og_title":"\u0418\u043d\u0434\u0438\u0439\u0441\u043a\u0438\u0439 \u043e\u043a\u0435\u0430\u043d \u0438 5 \u044d\u043c\u0438\u0440\u0430\u0442\u043e\u0432 &#8226; \u042d\u043a\u0441\u043a\u0443\u0440\u0441\u0438\u0438 Skyline","og_description":"\u0412\u0440\u0435\u043c\u044f \u0442\u0443\u0440\u0430: 8:00 - 18:00  \u0414\u043d\u0438 \u043f\u0440\u043e\u0432\u0435\u0434\u0435\u043d\u0438\u044f: \u0412\u0442\u043e\u0440\u043d\u0438\u043a, \u041f\u044f\u0442\u043d\u0438\u0446\u0430, \u0412\u043e\u0441\u043a\u0440\u0435\u0441\u0435\u043d\u044c\u0435","og_url":"https:\/\/skyline-gs.com\/hu\/termek\/5-emirates-dubai\/","og_site_name":"\u042d\u043a\u0441\u043a\u0443\u0440\u0441\u0438\u0438 Skyline","article_modified_time":"2025-11-22T11:37:34+00:00","og_image":[{"width":669,"height":446,"url":"https:\/\/skyline-gs.com\/wp-content\/uploads\/2021\/08\/f7.jpg","type":"image\/jpeg"}],"twitter_card":"summary_large_image","twitter_misc":{"Becs\u00fclt olvas\u00e1si id\u0151":"2 perc"},"schema":{"@context":"https:\/\/schema.org","@graph":[{"@type":"WebPage","@id":"https:\/\/skyline-gs.com\/product\/5-emirates-dubai\/","url":"https:\/\/skyline-gs.com\/product\/5-emirates-dubai\/","name":"\u0418\u043d\u0434\u0438\u0439\u0441\u043a\u0438\u0439 \u043e\u043a\u0435\u0430\u043d \u0438 5 \u044d\u043c\u0438\u0440\u0430\u0442\u043e\u0432 &#8226; \u042d\u043a\u0441\u043a\u0443\u0440\u0441\u0438\u0438 Skyline","isPartOf":{"@id":"https:\/\/skyline-gs.com\/it\/#website"},"primaryImageOfPage":{"@id":"https:\/\/skyline-gs.com\/product\/5-emirates-dubai\/#primaryimage"},"image":{"@id":"https:\/\/skyline-gs.com\/product\/5-emirates-dubai\/#primaryimage"},"thumbnailUrl":"https:\/\/skyline-gs.com\/wp-content\/uploads\/2021\/08\/f7.jpg","datePublished":"2021-08-15T19:14:51+00:00","dateModified":"2025-11-22T11:37:34+00:00","breadcrumb":{"@id":"https:\/\/skyline-gs.com\/product\/5-emirates-dubai\/#breadcrumb"},"inLanguage":"hu","potentialAction":[{"@type":"ReadAction","target":["https:\/\/skyline-gs.com\/product\/5-emirates-dubai\/"]}]},{"@type":"ImageObject","inLanguage":"hu","@id":"https:\/\/skyline-gs.com\/product\/5-emirates-dubai\/#primaryimage","url":"https:\/\/skyline-gs.com\/wp-content\/uploads\/2021\/08\/f7.jpg","contentUrl":"https:\/\/skyline-gs.com\/wp-content\/uploads\/2021\/08\/f7.jpg","width":669,"height":446},{"@type":"BreadcrumbList","@id":"https:\/\/skyline-gs.com\/product\/5-emirates-dubai\/#breadcrumb","itemListElement":[{"@type":"ListItem","position":1,"name":"\u0413\u043b\u0430\u0432\u043d\u0430\u044f \u0441\u0442\u0440\u0430\u043d\u0438\u0446\u0430","item":"https:\/\/skyline-gs.com\/hu\/"},{"@type":"ListItem","position":2,"name":"\u041c\u0430\u0433\u0430\u0437\u0438\u043d","item":"https:\/\/skyline-gs.com\/cs\/shop\/"},{"@type":"ListItem","position":3,"name":"\u0418\u043d\u0434\u0438\u0439\u0441\u043a\u0438\u0439 \u043e\u043a\u0435\u0430\u043d \u0438 5 \u044d\u043c\u0438\u0440\u0430\u0442\u043e\u0432"}]},{"@type":"WebSite","@id":"https:\/\/skyline-gs.com\/it\/#website","url":"https:\/\/skyline-gs.com\/it\/","name":"Skyline T\u00far\u00e1k","description":"Exkluz\u00edv kir\u00e1ndul\u00e1sok a vil\u00e1g legjobb \u00fcd\u00fcl\u0151helyein","publisher":{"@id":"https:\/\/skyline-gs.com\/it\/#organization"},"alternateName":"Skyline","potentialAction":[{"@type":"SearchAction","target":{"@type":"EntryPoint","urlTemplate":"https:\/\/skyline-gs.com\/it\/?s={search_term_string}"},"query-input":{"@type":"PropertyValueSpecification","valueRequired":true,"valueName":"search_term_string"}}],"inLanguage":"hu"},{"@type":"Organization","@id":"https:\/\/skyline-gs.com\/it\/#organization","name":"Skyline T\u00far\u00e1k","alternateName":"\u042d\u043a\u0441\u043a\u0443\u0440\u0441\u0438\u0438 Skyline","url":"https:\/\/skyline-gs.com\/it\/","logo":{"@type":"ImageObject","inLanguage":"hu","@id":"https:\/\/skyline-gs.com\/it\/#\/schema\/logo\/image\/","url":"https:\/\/skyline-gs.com\/wp-content\/uploads\/2020\/12\/cropped-logo-2.png","contentUrl":"https:\/\/skyline-gs.com\/wp-content\/uploads\/2020\/12\/cropped-logo-2.png","width":512,"height":512,"caption":"\u042d\u043a\u0441\u043a\u0443\u0440\u0441\u0438\u0438 Skyline"},"image":{"@id":"https:\/\/skyline-gs.com\/it\/#\/schema\/logo\/image\/"},"sameAs":["https:\/\/www.instagram.com\/skylineglobalservice\/"]}]}},"_links":{"self":[{"href":"https:\/\/skyline-gs.com\/hu\/wp-json\/wp\/v2\/product\/29774","targetHints":{"allow":["GET"]}}],"collection":[{"href":"https:\/\/skyline-gs.com\/hu\/wp-json\/wp\/v2\/product"}],"about":[{"href":"https:\/\/skyline-gs.com\/hu\/wp-json\/wp\/v2\/types\/product"}],"version-history":[{"count":0,"href":"https:\/\/skyline-gs.com\/hu\/wp-json\/wp\/v2\/product\/29774\/revisions"}],"wp:featuredmedia":[{"embeddable":true,"href":"https:\/\/skyline-gs.com\/hu\/wp-json\/wp\/v2\/media\/29787"}],"wp:attachment":[{"href":"https:\/\/skyline-gs.com\/hu\/wp-json\/wp\/v2\/media?parent=29774"}],"wp:term":[{"taxonomy":"product_brand","embeddable":true,"href":"https:\/\/skyline-gs.com\/hu\/wp-json\/wp\/v2\/product_brand?post=29774"},{"taxonomy":"product_cat","embeddable":true,"href":"https:\/\/skyline-gs.com\/hu\/wp-json\/wp\/v2\/product_cat?post=29774"},{"taxonomy":"product_tag","embeddable":true,"href":"https:\/\/skyline-gs.com\/hu\/wp-json\/wp\/v2\/product_tag?post=29774"}],"curies":[{"name":"wp","href":"https:\/\/api.w.org\/{rel}","templated":true}]}}