{"id":29733,"date":"2021-08-15T19:49:31","date_gmt":"2021-08-15T17:49:31","guid":{"rendered":"http:\/\/skyline-gs.com\/?post_type=product&#038;p=29733"},"modified":"2025-12-17T20:42:17","modified_gmt":"2025-12-17T18:42:17","slug":"dhow-dinner-cruise-dubai","status":"publish","type":"product","link":"https:\/\/skyline-gs.com\/hu\/product\/dhow-dinner-cruise-dubai\/","title":{"rendered":"Dhow haj\u00f3kir\u00e1ndul\u00e1s Dubai Marina vacsor\u00e1val (transzferrel egy\u00fctt)"},"content":{"rendered":"<p data-start=\"104\" data-end=\"395\"><strong>Fedezze fel az esti Dubai var\u00e1zslatos hangulat\u00e1t egy tengeri s\u00e9tahaj\u00f3z\u00e1son egy hagyom\u00e1nyos arab dhow haj\u00f3 fed\u00e9lzet\u00e9n.<\/strong>. Ezek a fahaj\u00f3k r\u00e9g\u00f3ta szolg\u00e1lt\u00e1k a hal\u00e1szokat \u00e9s a keresked\u0151ket, ma pedig luxus \u00fasz\u00f3 \u00e9ttermekk\u00e9 alak\u00edtott\u00e1k \u00e1t \u0151ket, meg\u0151rizve hiteless\u00e9g\u00fcket \u00e9s k\u00fcl\u00f6nleges var\u00e1zsukat.<\/p>\n<p data-start=\"397\" data-end=\"618\">Nagyszer\u0171 \u00e9lm\u00e9nyben lesz r\u00e9szed. <strong data-start=\"406\" data-end=\"440\">Dubai Marina esti haj\u00f3kir\u00e1ndul\u00e1s<\/strong> - A v\u00e1ros egyik legrangosabb \u00e9s legfest\u0151ibb ker\u00fclete. Megcsod\u00e1lhatja a f\u00e9nyekkel megvil\u00e1g\u00edtott modern felh\u0151karcol\u00f3kat \u00e9s a hangulatos, \u00fcnnepi \u00e9s k\u00e9nyelmes hangulat\u00fa s\u00e9t\u00e1nyokat.<\/p>\n<p data-start=\"397\" data-end=\"618\"><strong>19:30 - Indul\u00e1s a sz\u00e1llod\u00e1b\u00f3l<\/strong>.<\/p>\n<ul>\n<li data-start=\"642\" data-end=\"727\">K\u00e9t\u00f3r\u00e1s haj\u00f3k\u00e1z\u00e1s a Dubai Marina s\u00e9t\u00e1nyon egy hagyom\u00e1nyos dhow haj\u00f3 fed\u00e9lzet\u00e9n<\/li>\n<li data-start=\"728\" data-end=\"823\">Vacsora form\u00e1tum <strong data-start=\"745\" data-end=\"764\">b\u00fcf\u00e9<\/strong> nemzetk\u00f6zi \u00e9s keleti \u00e9telek sz\u00e9les v\u00e1laszt\u00e9k\u00e1val<\/li>\n<li data-start=\"824\" data-end=\"871\">\u00dcd\u00edt\u0151italok, tea \u00e9s k\u00e1v\u00e9<\/li>\n<li data-start=\"872\" data-end=\"930\"><strong>\u00c9l\u0151 zenei \u00e9s show m\u0171sor, bele\u00e9rtve a Tanura t\u00e1ncot is<\/strong><\/li>\n<li data-start=\"931\" data-end=\"1003\">Pihentet\u0151 hangulat \u00e9s k\u00e9nyelem a haj\u00f3 fels\u0151 \u00e9s als\u00f3 fed\u00e9lzet\u00e9n<\/li>\n<li data-start=\"1004\" data-end=\"1065\">Gy\u00f6ny\u00f6r\u0171 panor\u00e1m\u00e1s kil\u00e1t\u00e1s a csillog\u00f3 esti Dubaira<\/li>\n<\/ul>\n<p><strong>22:30 - Visszat\u00e9r\u00e9s a sz\u00e1llod\u00e1ba.<\/strong><\/p>\n<p><strong>Tartalmazza:<\/strong><\/p>\n<ul>\n<li>Transzfer a sz\u00e1llod\u00e1ba \u00e9s vissza (a dubaji sz\u00e1llod\u00e1kb\u00f3l)<\/li>\n<li>Vacsora (sv\u00e9dasztalos)<\/li>\n<li>\u00dcd\u00edt\u0151italok<\/li>\n<li>Zenei k\u00eds\u00e9ret<\/li>\n<li>Sz\u00e1ll\u00e1s az als\u00f3 fed\u00e9lzeten<\/li>\n<\/ul>\n<p><strong>Nem tartalmazza:<\/strong><\/p>\n<ul>\n<li>\u0414\u043e\u043f\u043e\u043b\u043d\u0438\u0442\u0435\u043b\u044c\u043d\u044b\u0439 \u0442\u0440\u0430\u043d\u0441\u0444\u0435\u0440 \u0438\u0437 \u043e\u0442\u0435\u043b\u0435\u0439 \u0428\u0430\u0440\u0434\u0436\u0438, \u0434\u043e\u043f\u043b\u0430\u0442\u0430 +10$ \u0441 \u0447\u0435\u043b\u043e\u0432\u0435\u043a\u0430<\/li>\n<li>Sz\u00e1ll\u00e1s a fels\u0151 fed\u00e9lzeten +5$ szem\u00e9lyenk\u00e9nt<\/li>\n<\/ul>\n<p><strong>Mit hozzak magammal?<\/strong><\/p>\n<ul>\n<li>Kamera<\/li>\n<\/ul>","protected":false},"excerpt":{"rendered":"<p><strong>Kir\u00e1ndul\u00e1s Id\u0151pontja:<\/strong> 19:30 &#8212; 22:30<\/p>\n<p><strong>A Kir\u00e1ndul\u00e1s Napjai:<\/strong> Naponta<\/p>","protected":false},"featured_media":29753,"template":"","meta":{"_kad_post_transparent":"default","_kad_post_title":"","_kad_post_layout":"default","_kad_post_sidebar_id":"","_kad_post_content_style":"default","_kad_post_vertical_padding":"default","_kad_post_feature":"","_kad_post_feature_position":"","_kad_post_header":false,"_kad_post_footer":false,"_kad_post_classname":"","_glsr_average":0,"_glsr_ranking":0,"_glsr_reviews":0},"product_brand":[],"product_cat":[438],"product_tag":[],"class_list":{"0":"post-29733","1":"product","2":"type-product","3":"status-publish","4":"has-post-thumbnail","6":"product_cat-dubai","7":"tm-has-options","9":"first","10":"instock","11":"sold-individually","12":"taxable","13":"shipping-taxable","14":"purchasable","15":"product-type-simple","16":"entry","17":"content-bg","18":"loop-entry"},"yoast_head":"<!-- This site is optimized with the Yoast SEO plugin v27.3 - https:\/\/yoast.com\/product\/yoast-seo-wordpress\/ -->\n<title>Dhow Cruise \u0441 \u0443\u0436\u0438\u043d\u043e\u043c \u043f\u043e \u0414\u0443\u0431\u0430\u0439-\u041c\u0430\u0440\u0438\u043d\u0435 (\u0442\u0440\u0430\u043d\u0441\u0444\u0435\u0440\u044b \u0432\u043a\u043b\u044e\u0447\u0435\u043d\u044b) &#8226; \u042d\u043a\u0441\u043a\u0443\u0440\u0441\u0438\u0438 Skyline<\/title>\n<meta name=\"robots\" content=\"index, follow, max-snippet:-1, max-image-preview:large, max-video-preview:-1\" \/>\n<link rel=\"canonical\" href=\"https:\/\/skyline-gs.com\/hu\/termek\/dhow-dinner-cruise-dubai\/\" \/>\n<meta property=\"og:locale\" content=\"hu_HU\" \/>\n<meta property=\"og:type\" content=\"article\" \/>\n<meta property=\"og:title\" content=\"Dhow Cruise \u0441 \u0443\u0436\u0438\u043d\u043e\u043c \u043f\u043e \u0414\u0443\u0431\u0430\u0439-\u041c\u0430\u0440\u0438\u043d\u0435 (\u0442\u0440\u0430\u043d\u0441\u0444\u0435\u0440\u044b \u0432\u043a\u043b\u044e\u0447\u0435\u043d\u044b) &#8226; \u042d\u043a\u0441\u043a\u0443\u0440\u0441\u0438\u0438 Skyline\" \/>\n<meta property=\"og:description\" content=\"\u0412\u0440\u0435\u043c\u044f \u0442\u0443\u0440\u0430: 19:30 - 22:30  \u0414\u043d\u0438 \u043f\u0440\u043e\u0432\u0435\u0434\u0435\u043d\u0438\u044f: \u0435\u0436\u0435\u0434\u043d\u0435\u0432\u043d\u043e\" \/>\n<meta property=\"og:url\" content=\"https:\/\/skyline-gs.com\/hu\/termek\/dhow-dinner-cruise-dubai\/\" \/>\n<meta property=\"og:site_name\" content=\"\u042d\u043a\u0441\u043a\u0443\u0440\u0441\u0438\u0438 Skyline\" \/>\n<meta property=\"article:modified_time\" content=\"2025-12-17T18:42:17+00:00\" \/>\n<meta property=\"og:image\" content=\"https:\/\/skyline-gs.com\/wp-content\/uploads\/2021\/08\/14-1.jpg\" \/>\n\t<meta property=\"og:image:width\" content=\"669\" \/>\n\t<meta property=\"og:image:height\" content=\"446\" \/>\n\t<meta property=\"og:image:type\" content=\"image\/jpeg\" \/>\n<meta name=\"twitter:card\" content=\"summary_large_image\" \/>\n<meta name=\"twitter:label1\" content=\"Becs\u00fclt olvas\u00e1si id\u0151\" \/>\n\t<meta name=\"twitter:data1\" content=\"2 perc\" \/>\n<script type=\"application\/ld+json\" class=\"yoast-schema-graph\">{\"@context\":\"https:\\\/\\\/schema.org\",\"@graph\":[{\"@type\":\"WebPage\",\"@id\":\"https:\\\/\\\/skyline-gs.com\\\/en\\\/product-2\\\/dhow-dinner-cruise-dubai\\\/\",\"url\":\"https:\\\/\\\/skyline-gs.com\\\/en\\\/product-2\\\/dhow-dinner-cruise-dubai\\\/\",\"name\":\"Dhow Cruise \u0441 \u0443\u0436\u0438\u043d\u043e\u043c \u043f\u043e \u0414\u0443\u0431\u0430\u0439-\u041c\u0430\u0440\u0438\u043d\u0435 (\u0442\u0440\u0430\u043d\u0441\u0444\u0435\u0440\u044b \u0432\u043a\u043b\u044e\u0447\u0435\u043d\u044b) &#8226; \u042d\u043a\u0441\u043a\u0443\u0440\u0441\u0438\u0438 Skyline\",\"isPartOf\":{\"@id\":\"https:\\\/\\\/skyline-gs.com\\\/it\\\/#website\"},\"primaryImageOfPage\":{\"@id\":\"https:\\\/\\\/skyline-gs.com\\\/en\\\/product-2\\\/dhow-dinner-cruise-dubai\\\/#primaryimage\"},\"image\":{\"@id\":\"https:\\\/\\\/skyline-gs.com\\\/en\\\/product-2\\\/dhow-dinner-cruise-dubai\\\/#primaryimage\"},\"thumbnailUrl\":\"https:\\\/\\\/skyline-gs.com\\\/wp-content\\\/uploads\\\/2021\\\/08\\\/14-1.jpg\",\"datePublished\":\"2021-08-15T17:49:31+00:00\",\"dateModified\":\"2025-12-17T18:42:17+00:00\",\"breadcrumb\":{\"@id\":\"https:\\\/\\\/skyline-gs.com\\\/en\\\/product-2\\\/dhow-dinner-cruise-dubai\\\/#breadcrumb\"},\"inLanguage\":\"hu\",\"potentialAction\":[{\"@type\":\"ReadAction\",\"target\":[\"https:\\\/\\\/skyline-gs.com\\\/en\\\/product-2\\\/dhow-dinner-cruise-dubai\\\/\"]}]},{\"@type\":\"ImageObject\",\"inLanguage\":\"hu\",\"@id\":\"https:\\\/\\\/skyline-gs.com\\\/en\\\/product-2\\\/dhow-dinner-cruise-dubai\\\/#primaryimage\",\"url\":\"https:\\\/\\\/skyline-gs.com\\\/wp-content\\\/uploads\\\/2021\\\/08\\\/14-1.jpg\",\"contentUrl\":\"https:\\\/\\\/skyline-gs.com\\\/wp-content\\\/uploads\\\/2021\\\/08\\\/14-1.jpg\",\"width\":669,\"height\":446},{\"@type\":\"BreadcrumbList\",\"@id\":\"https:\\\/\\\/skyline-gs.com\\\/en\\\/product-2\\\/dhow-dinner-cruise-dubai\\\/#breadcrumb\",\"itemListElement\":[{\"@type\":\"ListItem\",\"position\":1,\"name\":\"\u0413\u043b\u0430\u0432\u043d\u0430\u044f \u0441\u0442\u0440\u0430\u043d\u0438\u0446\u0430\",\"item\":\"https:\\\/\\\/skyline-gs.com\\\/hu\\\/\"},{\"@type\":\"ListItem\",\"position\":2,\"name\":\"\u041c\u0430\u0433\u0430\u0437\u0438\u043d\",\"item\":\"https:\\\/\\\/skyline-gs.com\\\/cs\\\/shop\\\/\"},{\"@type\":\"ListItem\",\"position\":3,\"name\":\"Dhow Cruise \u0441 \u0443\u0436\u0438\u043d\u043e\u043c \u043f\u043e \u0414\u0443\u0431\u0430\u0439-\u041c\u0430\u0440\u0438\u043d\u0435 (\u0442\u0440\u0430\u043d\u0441\u0444\u0435\u0440\u044b \u0432\u043a\u043b\u044e\u0447\u0435\u043d\u044b)\"}]},{\"@type\":\"WebSite\",\"@id\":\"https:\\\/\\\/skyline-gs.com\\\/it\\\/#website\",\"url\":\"https:\\\/\\\/skyline-gs.com\\\/it\\\/\",\"name\":\"\u042d\u043a\u0441\u043a\u0443\u0440\u0441\u0438\u0438 Skyline\",\"description\":\"\u042d\u043a\u0441\u043a\u043b\u044e\u0437\u0438\u0432\u043d\u044b\u0435 \u044d\u043a\u0441\u043a\u0443\u0440\u0441\u0438\u0438 \u043d\u0430 \u043b\u0443\u0447\u0448\u0438\u0445 \u043a\u0443\u0440\u043e\u0440\u0442\u0430\u0445 \u043c\u0438\u0440\u0430\",\"publisher\":{\"@id\":\"https:\\\/\\\/skyline-gs.com\\\/it\\\/#organization\"},\"alternateName\":\"Skyline\",\"potentialAction\":[{\"@type\":\"SearchAction\",\"target\":{\"@type\":\"EntryPoint\",\"urlTemplate\":\"https:\\\/\\\/skyline-gs.com\\\/it\\\/?s={search_term_string}\"},\"query-input\":{\"@type\":\"PropertyValueSpecification\",\"valueRequired\":true,\"valueName\":\"search_term_string\"}}],\"inLanguage\":\"hu\"},{\"@type\":\"Organization\",\"@id\":\"https:\\\/\\\/skyline-gs.com\\\/it\\\/#organization\",\"name\":\"\u042d\u043a\u0441\u043a\u0443\u0440\u0441\u0438\u0438 Skyline\",\"alternateName\":\"\u042d\u043a\u0441\u043a\u0443\u0440\u0441\u0438\u0438 Skyline\",\"url\":\"https:\\\/\\\/skyline-gs.com\\\/it\\\/\",\"logo\":{\"@type\":\"ImageObject\",\"inLanguage\":\"hu\",\"@id\":\"https:\\\/\\\/skyline-gs.com\\\/it\\\/#\\\/schema\\\/logo\\\/image\\\/\",\"url\":\"https:\\\/\\\/skyline-gs.com\\\/wp-content\\\/uploads\\\/2020\\\/12\\\/cropped-logo-2.png\",\"contentUrl\":\"https:\\\/\\\/skyline-gs.com\\\/wp-content\\\/uploads\\\/2020\\\/12\\\/cropped-logo-2.png\",\"width\":512,\"height\":512,\"caption\":\"\u042d\u043a\u0441\u043a\u0443\u0440\u0441\u0438\u0438 Skyline\"},\"image\":{\"@id\":\"https:\\\/\\\/skyline-gs.com\\\/it\\\/#\\\/schema\\\/logo\\\/image\\\/\"},\"sameAs\":[\"https:\\\/\\\/www.instagram.com\\\/skylineglobalservice\\\/\"]}]}<\/script>\n<!-- \/ Yoast SEO plugin. -->","yoast_head_json":{"title":"Dhow Cruise \u0441 \u0443\u0436\u0438\u043d\u043e\u043c \u043f\u043e \u0414\u0443\u0431\u0430\u0439-\u041c\u0430\u0440\u0438\u043d\u0435 (\u0442\u0440\u0430\u043d\u0441\u0444\u0435\u0440\u044b \u0432\u043a\u043b\u044e\u0447\u0435\u043d\u044b) &#8226; \u042d\u043a\u0441\u043a\u0443\u0440\u0441\u0438\u0438 Skyline","robots":{"index":"index","follow":"follow","max-snippet":"max-snippet:-1","max-image-preview":"max-image-preview:large","max-video-preview":"max-video-preview:-1"},"canonical":"https:\/\/skyline-gs.com\/hu\/termek\/dhow-dinner-cruise-dubai\/","og_locale":"hu_HU","og_type":"article","og_title":"Dhow Cruise \u0441 \u0443\u0436\u0438\u043d\u043e\u043c \u043f\u043e \u0414\u0443\u0431\u0430\u0439-\u041c\u0430\u0440\u0438\u043d\u0435 (\u0442\u0440\u0430\u043d\u0441\u0444\u0435\u0440\u044b \u0432\u043a\u043b\u044e\u0447\u0435\u043d\u044b) &#8226; \u042d\u043a\u0441\u043a\u0443\u0440\u0441\u0438\u0438 Skyline","og_description":"\u0412\u0440\u0435\u043c\u044f \u0442\u0443\u0440\u0430: 19:30 - 22:30  \u0414\u043d\u0438 \u043f\u0440\u043e\u0432\u0435\u0434\u0435\u043d\u0438\u044f: \u0435\u0436\u0435\u0434\u043d\u0435\u0432\u043d\u043e","og_url":"https:\/\/skyline-gs.com\/hu\/termek\/dhow-dinner-cruise-dubai\/","og_site_name":"\u042d\u043a\u0441\u043a\u0443\u0440\u0441\u0438\u0438 Skyline","article_modified_time":"2025-12-17T18:42:17+00:00","og_image":[{"width":669,"height":446,"url":"https:\/\/skyline-gs.com\/wp-content\/uploads\/2021\/08\/14-1.jpg","type":"image\/jpeg"}],"twitter_card":"summary_large_image","twitter_misc":{"Becs\u00fclt olvas\u00e1si id\u0151":"2 perc"},"schema":{"@context":"https:\/\/schema.org","@graph":[{"@type":"WebPage","@id":"https:\/\/skyline-gs.com\/en\/product-2\/dhow-dinner-cruise-dubai\/","url":"https:\/\/skyline-gs.com\/en\/product-2\/dhow-dinner-cruise-dubai\/","name":"Dhow Cruise \u0441 \u0443\u0436\u0438\u043d\u043e\u043c \u043f\u043e \u0414\u0443\u0431\u0430\u0439-\u041c\u0430\u0440\u0438\u043d\u0435 (\u0442\u0440\u0430\u043d\u0441\u0444\u0435\u0440\u044b \u0432\u043a\u043b\u044e\u0447\u0435\u043d\u044b) &#8226; \u042d\u043a\u0441\u043a\u0443\u0440\u0441\u0438\u0438 Skyline","isPartOf":{"@id":"https:\/\/skyline-gs.com\/it\/#website"},"primaryImageOfPage":{"@id":"https:\/\/skyline-gs.com\/en\/product-2\/dhow-dinner-cruise-dubai\/#primaryimage"},"image":{"@id":"https:\/\/skyline-gs.com\/en\/product-2\/dhow-dinner-cruise-dubai\/#primaryimage"},"thumbnailUrl":"https:\/\/skyline-gs.com\/wp-content\/uploads\/2021\/08\/14-1.jpg","datePublished":"2021-08-15T17:49:31+00:00","dateModified":"2025-12-17T18:42:17+00:00","breadcrumb":{"@id":"https:\/\/skyline-gs.com\/en\/product-2\/dhow-dinner-cruise-dubai\/#breadcrumb"},"inLanguage":"hu","potentialAction":[{"@type":"ReadAction","target":["https:\/\/skyline-gs.com\/en\/product-2\/dhow-dinner-cruise-dubai\/"]}]},{"@type":"ImageObject","inLanguage":"hu","@id":"https:\/\/skyline-gs.com\/en\/product-2\/dhow-dinner-cruise-dubai\/#primaryimage","url":"https:\/\/skyline-gs.com\/wp-content\/uploads\/2021\/08\/14-1.jpg","contentUrl":"https:\/\/skyline-gs.com\/wp-content\/uploads\/2021\/08\/14-1.jpg","width":669,"height":446},{"@type":"BreadcrumbList","@id":"https:\/\/skyline-gs.com\/en\/product-2\/dhow-dinner-cruise-dubai\/#breadcrumb","itemListElement":[{"@type":"ListItem","position":1,"name":"\u0413\u043b\u0430\u0432\u043d\u0430\u044f \u0441\u0442\u0440\u0430\u043d\u0438\u0446\u0430","item":"https:\/\/skyline-gs.com\/hu\/"},{"@type":"ListItem","position":2,"name":"\u041c\u0430\u0433\u0430\u0437\u0438\u043d","item":"https:\/\/skyline-gs.com\/cs\/shop\/"},{"@type":"ListItem","position":3,"name":"Dhow Cruise \u0441 \u0443\u0436\u0438\u043d\u043e\u043c \u043f\u043e \u0414\u0443\u0431\u0430\u0439-\u041c\u0430\u0440\u0438\u043d\u0435 (\u0442\u0440\u0430\u043d\u0441\u0444\u0435\u0440\u044b \u0432\u043a\u043b\u044e\u0447\u0435\u043d\u044b)"}]},{"@type":"WebSite","@id":"https:\/\/skyline-gs.com\/it\/#website","url":"https:\/\/skyline-gs.com\/it\/","name":"Skyline T\u00far\u00e1k","description":"Exkluz\u00edv kir\u00e1ndul\u00e1sok a vil\u00e1g legjobb \u00fcd\u00fcl\u0151helyein","publisher":{"@id":"https:\/\/skyline-gs.com\/it\/#organization"},"alternateName":"Skyline","potentialAction":[{"@type":"SearchAction","target":{"@type":"EntryPoint","urlTemplate":"https:\/\/skyline-gs.com\/it\/?s={search_term_string}"},"query-input":{"@type":"PropertyValueSpecification","valueRequired":true,"valueName":"search_term_string"}}],"inLanguage":"hu"},{"@type":"Organization","@id":"https:\/\/skyline-gs.com\/it\/#organization","name":"Skyline T\u00far\u00e1k","alternateName":"\u042d\u043a\u0441\u043a\u0443\u0440\u0441\u0438\u0438 Skyline","url":"https:\/\/skyline-gs.com\/it\/","logo":{"@type":"ImageObject","inLanguage":"hu","@id":"https:\/\/skyline-gs.com\/it\/#\/schema\/logo\/image\/","url":"https:\/\/skyline-gs.com\/wp-content\/uploads\/2020\/12\/cropped-logo-2.png","contentUrl":"https:\/\/skyline-gs.com\/wp-content\/uploads\/2020\/12\/cropped-logo-2.png","width":512,"height":512,"caption":"\u042d\u043a\u0441\u043a\u0443\u0440\u0441\u0438\u0438 Skyline"},"image":{"@id":"https:\/\/skyline-gs.com\/it\/#\/schema\/logo\/image\/"},"sameAs":["https:\/\/www.instagram.com\/skylineglobalservice\/"]}]}},"_links":{"self":[{"href":"https:\/\/skyline-gs.com\/hu\/wp-json\/wp\/v2\/product\/29733","targetHints":{"allow":["GET"]}}],"collection":[{"href":"https:\/\/skyline-gs.com\/hu\/wp-json\/wp\/v2\/product"}],"about":[{"href":"https:\/\/skyline-gs.com\/hu\/wp-json\/wp\/v2\/types\/product"}],"version-history":[{"count":0,"href":"https:\/\/skyline-gs.com\/hu\/wp-json\/wp\/v2\/product\/29733\/revisions"}],"wp:featuredmedia":[{"embeddable":true,"href":"https:\/\/skyline-gs.com\/hu\/wp-json\/wp\/v2\/media\/29753"}],"wp:attachment":[{"href":"https:\/\/skyline-gs.com\/hu\/wp-json\/wp\/v2\/media?parent=29733"}],"wp:term":[{"taxonomy":"product_brand","embeddable":true,"href":"https:\/\/skyline-gs.com\/hu\/wp-json\/wp\/v2\/product_brand?post=29733"},{"taxonomy":"product_cat","embeddable":true,"href":"https:\/\/skyline-gs.com\/hu\/wp-json\/wp\/v2\/product_cat?post=29733"},{"taxonomy":"product_tag","embeddable":true,"href":"https:\/\/skyline-gs.com\/hu\/wp-json\/wp\/v2\/product_tag?post=29733"}],"curies":[{"name":"wp","href":"https:\/\/api.w.org\/{rel}","templated":true}]}}