{"id":29681,"date":"2021-08-14T18:25:47","date_gmt":"2021-08-14T16:25:47","guid":{"rendered":"http:\/\/skyline-gs.com\/?post_type=product&#038;p=29681"},"modified":"2026-02-24T23:07:04","modified_gmt":"2026-02-24T21:07:04","slug":"jeep-safari-dubai","status":"publish","type":"product","link":"https:\/\/skyline-gs.com\/hu\/product\/jeep-safari-dubai\/","title":{"rendered":"Jeep szafari"},"content":{"rendered":"<p>\u041f\u043e\u0433\u0440\u0443\u0437\u0438\u0442\u0435\u0441\u044c \u0432 \u0430\u0442\u043c\u043e\u0441\u0444\u0435\u0440\u0443 \u043f\u0440\u0438\u043a\u043b\u044e\u0447\u0435\u043d\u0438\u0439 \u0432\u043e \u0432\u0440\u0435\u043c\u044f \u0441\u0430\u0444\u0430\u0440\u0438 \u043f\u043e \u0432\u0435\u043b\u0438\u0447\u0435\u0441\u0442\u0432\u0435\u043d\u043d\u043e\u0439 \u043f\u0443\u0441\u0442\u044b\u043d\u0435 \u0420\u0443\u0431-\u044d\u043b\u044c-\u0425\u0430\u043b\u0438 \u2014 \u043e\u0434\u043d\u043e\u0439 \u0438\u0437 \u0441\u0430\u043c\u044b\u0445 \u0431\u043e\u043b\u044c\u0448\u0438\u0445 \u0438 \u043a\u0440\u0430\u0441\u0438\u0432\u044b\u0445 \u043f\u0435\u0441\u0447\u0430\u043d\u044b\u0445 \u043f\u0443\u0441\u0442\u044b\u043d\u044c \u043c\u0438\u0440\u0430. \u042d\u0442\u0438 \u0431\u0435\u0441\u043a\u0440\u0430\u0439\u043d\u0438\u0435 \u0431\u0430\u0440\u0445\u0430\u043d\u044b, \u0432\u043e\u0437\u0432\u044b\u0448\u0430\u044e\u0449\u0438\u0435\u0441\u044f \u0434\u043e 250 \u043c\u0435\u0442\u0440\u043e\u0432, \u0432\u0435\u043a\u0430\u043c\u0438 \u0441\u043b\u0443\u0436\u0438\u043b\u0438 \u0434\u043e\u0440\u043e\u0433\u0430\u043c\u0438 \u043a\u0430\u0440\u0430\u0432\u0430\u043d\u043e\u0432. \u0421\u0435\u0433\u043e\u0434\u043d\u044f \u0443 \u0432\u0430\u0441 \u0435\u0441\u0442\u044c \u0432\u043e\u0437\u043c\u043e\u0436\u043d\u043e\u0441\u0442\u044c \u0438\u0441\u0441\u043b\u0435\u0434\u043e\u0432\u0430\u0442\u044c \u044d\u0442\u0443 \u043f\u0440\u0438\u0440\u043e\u0434\u043d\u0443\u044e \u0441\u043e\u043a\u0440\u043e\u0432\u0438\u0449\u043d\u0438\u0446\u0443 \u0432 \u043a\u043e\u043c\u0444\u043e\u0440\u0442\u0435 \u0438 \u0431\u0435\u0437\u043e\u043f\u0430\u0441\u043d\u043e\u0441\u0442\u0438, \u043d\u0430\u0441\u043b\u0430\u0436\u0434\u0430\u044f\u0441\u044c \u0434\u0443\u0445\u043e\u043c \u0410\u0440\u0430\u0432\u0438\u0438.<\/p>\n<p><strong>14:00 - Indul\u00e1s a sz\u00e1llod\u00e1b\u00f3l. <\/strong>A sivatagba vezet\u0151 \u00fat k\u00f6r\u00fclbel\u00fcl 60 percet vesz ig\u00e9nybe.<\/p>\n<ul>\n<li data-start=\"457\" data-end=\"674\">A szafari megkezd\u00e9se el\u0151tt r\u00f6vid biztons\u00e1gi t\u00e1j\u00e9koztat\u00f3t tartunk.<\/li>\n<li data-start=\"457\" data-end=\"674\">Egy izgalmas <strong>nagy teljes\u00edtm\u00e9ny\u0171 dzsipekkel Toyota Land Cruiser 200<\/strong><span style=\"font-family: var(--global-body-font-family);\">\u00c9rezni fogja az adrenalinl\u00f6ketet, ahogy a j\u00e1rm\u0171 k\u00f6nnyed\u00e9n m\u00e1szik \u00e9s ereszkedik a homokos lejt\u0151k\u00f6n. \u00c9rezze az adrenalinl\u00f6ketet, ahogy a j\u00e1rm\u0171 k\u00f6nnyed\u00e9n m\u00e1szik fel \u00e9s ereszkedik le a homokos lejt\u0151k\u00f6n.<\/span><\/li>\n<li data-start=\"457\" data-end=\"674\"><strong>Egy meg\u00e1ll\u00f3 a sivatag sz\u00edv\u00e9ben egy fot\u00f3z\u00e1sra <\/strong>(k\u00f6r\u00fclbel\u00fcl 20 perc).<\/li>\n<li data-start=\"457\" data-end=\"674\">Azok sz\u00e1m\u00e1ra, akik tov\u00e1bbi \u00e9rzelmeket szeretn\u00e9nek megtapasztalni, lehet\u0151s\u00e9g lesz kipr\u00f3b\u00e1lni a <strong style=\"font-family: var(--global-body-font-family);\" data-start=\"980\" data-end=\"995\">sandboarding<\/strong><span style=\"font-family: var(--global-body-font-family);\"> - lovagl\u00e1s a d\u0171n\u00e9kr\u0151l egy speci\u00e1lis deszk\u00e1n, amely a snowboardoz\u00e1sra eml\u00e9keztet, csak homokon.<\/span><\/li>\n<li data-start=\"457\" data-end=\"674\"><strong>Beduin t\u00e1bor<\/strong>.<\/li>\n<li data-start=\"457\" data-end=\"674\"><strong>Tevegel\u00e9s<\/strong><\/li>\n<li data-start=\"457\" data-end=\"674\">\u0423\u044e\u0442\u043d\u044b\u0439 \u043e\u0442\u0434\u044b\u0445 \u043d\u0430 \u043c\u044f\u0433\u043a\u0438\u0445 \u043a\u043e\u0432\u0440\u0430\u0445 \u0432 \u0448\u0430\u0442\u0440\u0430\u0445.<\/li>\n<li data-start=\"457\" data-end=\"674\"><strong data-start=\"1189\" data-end=\"1225\">\u0410\u0440\u043e\u043c\u0430\u0442\u043d\u044b\u0439 \u0430\u0440\u0430\u0431\u0441\u043a\u0438\u0439 \u043a\u043e\u0444\u0435.<\/strong><\/li>\n<li data-start=\"457\" data-end=\"674\">pihentet\u0151 <strong data-start=\"1244\" data-end=\"1254\">v\u00edzipipa<\/strong> (\u0432\u043a\u043b\u044e\u0447\u0435\u043d\u043e \u0432 \u0441\u0442\u043e\u0438\u043c\u043e\u0441\u0442\u044c).<\/li>\n<li data-start=\"457\" data-end=\"674\">Felpr\u00f3b\u00e1l\u00e1si lehet\u0151s\u00e9g <strong data-start=\"1304\" data-end=\"1336\">\u043d\u0430\u0446\u0438\u043e\u043d\u0430\u043b\u044c\u043d\u044b\u0435 \u0430\u0440\u0430\u0431\u0441\u043a\u0438\u0435 \u043d\u0430\u0440\u044f\u0434\u044b.<\/strong><\/li>\n<li data-start=\"457\" data-end=\"674\"><strong data-start=\"1380\" data-end=\"1395\">Henna tetov\u00e1l\u00e1s<\/strong> (\u0432\u0445\u043e\u0434\u0438\u0442 \u0432 \u0441\u0442\u043e\u0438\u043c\u043e\u0441\u0442\u044c).<\/li>\n<li data-start=\"457\" data-end=\"674\">\u0421\u0443\u0432\u0435\u043d\u0438\u0440\u043d\u044b\u0435 \u043b\u0430\u0432\u043a\u0438 \u0441 \u0438\u0437\u0434\u0435\u043b\u0438\u044f\u043c\u0438 \u043c\u0435\u0441\u0442\u043d\u044b\u0445 \u043c\u0430\u0441\u0442\u0435\u0440\u043e\u0432.<\/li>\n<li data-start=\"457\" data-end=\"674\"><strong>Barbecue vacsora<\/strong>: \u0431\u043b\u044e\u0434\u0430 \u0430\u0440\u0430\u0431\u0441\u043a\u043e\u0439 \u043a\u0443\u0445\u043d\u0438, \u0440\u044b\u0431\u0430, \u0441\u0432\u0435\u0436\u0438\u0435 \u0441\u0430\u043b\u0430\u0442\u044b, \u0433\u0430\u0440\u043d\u0438\u0440\u044b, \u0444\u0440\u0443\u043a\u0442\u044b, \u0432\u043e\u0441\u0442\u043e\u0447\u043d\u044b\u0435 \u0441\u043b\u0430\u0434\u043e\u0441\u0442\u0438, \u0447\u0430\u0439 \u0438 \u043a\u043e\u0444\u0435.<\/li>\n<li data-start=\"457\" data-end=\"674\"><strong>Program megjelen\u00edt\u00e9se<\/strong>: keleti t\u00e1ncok, bele\u00e9rtve a hast\u00e1ncot, a Tanura t\u00e1ncot, t\u0171zshow (a napi programt\u00f3l f\u00fcgg\u0151en).<\/li>\n<\/ul>\n<p><strong>20:00 - Visszat\u00e9r\u00e9s a sz\u00e1llod\u00e1ba.<\/strong><\/p>\n<p><strong>Tartalmazza:<\/strong><\/p>\n<ul>\n<li>Transzfer a sz\u00e1llod\u00e1b\u00f3l \u00e9s a sz\u00e1llod\u00e1ba<\/li>\n<li>Toyota Land Cruiser dzsipt\u00fara (kb. 40 perc)<\/li>\n<li>Fot\u00f3stop a sivatagban (kb. 20 perc)<\/li>\n<li>Sandboarding a kemping melletti d\u0171n\u00e9kr\u0151l<\/li>\n<li>Teve lovagl\u00e1s<\/li>\n<li>V\u00edzipipa<\/li>\n<li>Arab k\u00e1v\u00e9<\/li>\n<li>Henna tetov\u00e1l\u00e1s<\/li>\n<li>Nemzeti ruha felpr\u00f3b\u00e1l\u00e1sa<\/li>\n<li>Vacsora \u00fcd\u00edt\u0151italokkal<\/li>\n<li>Program megjelen\u00edt\u00e9se<\/li>\n<\/ul>\n<p><strong>Nem tartalmazza:<\/strong><\/p>\n<ul>\n<li>Quadoz\u00e1s<\/li>\n<\/ul>\n<p><strong>Mit hozzak magammal?<\/strong><\/p>\n<ul>\n<li>Kamera<\/li>\n<li>Meleg ruh\u00e1zat (\u0151sszel \u00e9s t\u00e9len)<\/li>\n<li>P\u00e9nz szem\u00e9lyes kiad\u00e1sokra, aj\u00e1nd\u00e9kt\u00e1rgyakra<\/li>\n<\/ul>\n<p><strong>Foglal\u00e1si felt\u00e9telek:<\/strong><\/p>\n<ul>\n<li><strong>El\u0151re fizetett 50%<\/strong>. Elfogadjuk a k\u00e1rty\u00e1s \u00e1tutal\u00e1ssal t\u00f6rt\u00e9n\u0151 fizet\u00e9st <strong>doll\u00e1rban, eur\u00f3ban, rubelben, hrivny\u00e1ban. Valamint USDT-ben kriptot\u00e1rc\u00e1ba.<\/strong>.<\/li>\n<li>\u0411\u0435\u0441\u043f\u043b\u0430\u0442\u043d\u0430\u044f \u043e\u0442\u043c\u0435\u043d\u0430 \u0438 \u043f\u043e\u043b\u043d\u044b\u0439 \u0432\u043e\u0437\u0432\u0440\u0430\u0442 \u0441\u0440\u0435\u0434\u0441\u0442\u0432 \u0437\u0430 24 \u0447\u0430\u0441\u0430 \u0434\u043e \u043d\u0430\u0447\u0430\u043b\u0430 \u044d\u043a\u0441\u043a\u0443\u0440\u0441\u0438\u0438.<\/li>\n<\/ul>","protected":false},"excerpt":{"rendered":"<p><strong>Kir\u00e1ndul\u00e1s Id\u0151pontja:<\/strong> 14:00 &#8212; 20:00<\/p>\n<p><strong>A Kir\u00e1ndul\u00e1s Napjai:<\/strong> Naponta<\/p>","protected":false},"featured_media":62418,"template":"","meta":{"_kad_post_transparent":"default","_kad_post_title":"","_kad_post_layout":"default","_kad_post_sidebar_id":"","_kad_post_content_style":"default","_kad_post_vertical_padding":"default","_kad_post_feature":"","_kad_post_feature_position":"","_kad_post_header":false,"_kad_post_footer":false,"_kad_post_classname":"","_glsr_average":0,"_glsr_ranking":0,"_glsr_reviews":0},"product_brand":[],"product_cat":[438],"product_tag":[],"class_list":{"0":"post-29681","1":"product","2":"type-product","3":"status-publish","4":"has-post-thumbnail","6":"product_cat-dubai","7":"tm-has-options","9":"first","10":"instock","11":"sale","12":"sold-individually","13":"taxable","14":"shipping-taxable","15":"purchasable","16":"product-type-simple","17":"entry","18":"content-bg","19":"loop-entry"},"yoast_head":"<!-- This site is optimized with the Yoast SEO plugin v27.3 - https:\/\/yoast.com\/product\/yoast-seo-wordpress\/ -->\n<title>\u0421\u0430\u0444\u0430\u0440\u0438 \u043d\u0430 \u0434\u0436\u0438\u043f\u0430\u0445 &#8226; \u042d\u043a\u0441\u043a\u0443\u0440\u0441\u0438\u0438 Skyline<\/title>\n<meta name=\"robots\" content=\"index, follow, max-snippet:-1, max-image-preview:large, max-video-preview:-1\" \/>\n<link rel=\"canonical\" href=\"https:\/\/skyline-gs.com\/hu\/termek\/jeep-safari-dubai\/\" \/>\n<meta property=\"og:locale\" content=\"hu_HU\" \/>\n<meta property=\"og:type\" content=\"article\" \/>\n<meta property=\"og:title\" content=\"\u0421\u0430\u0444\u0430\u0440\u0438 \u043d\u0430 \u0434\u0436\u0438\u043f\u0430\u0445 &#8226; \u042d\u043a\u0441\u043a\u0443\u0440\u0441\u0438\u0438 Skyline\" \/>\n<meta property=\"og:description\" content=\"\u0412\u0440\u0435\u043c\u044f \u0442\u0443\u0440\u0430: 14:00 - 20:00  \u0414\u043d\u0438 \u043f\u0440\u043e\u0432\u0435\u0434\u0435\u043d\u0438\u044f: \u0435\u0436\u0435\u0434\u043d\u0435\u0432\u043d\u043e\" \/>\n<meta property=\"og:url\" content=\"https:\/\/skyline-gs.com\/hu\/termek\/jeep-safari-dubai\/\" \/>\n<meta property=\"og:site_name\" content=\"\u042d\u043a\u0441\u043a\u0443\u0440\u0441\u0438\u0438 Skyline\" \/>\n<meta property=\"article:modified_time\" content=\"2026-02-24T21:07:04+00:00\" \/>\n<meta property=\"og:image\" content=\"https:\/\/skyline-gs.com\/wp-content\/uploads\/2021\/08\/Jeep-safary-Dubai-6-e1741760613406.jpg\" \/>\n\t<meta property=\"og:image:width\" content=\"600\" \/>\n\t<meta property=\"og:image:height\" content=\"429\" \/>\n\t<meta property=\"og:image:type\" content=\"image\/jpeg\" \/>\n<meta name=\"twitter:card\" content=\"summary_large_image\" \/>\n<meta name=\"twitter:label1\" content=\"Becs\u00fclt olvas\u00e1si id\u0151\" \/>\n\t<meta name=\"twitter:data1\" content=\"2 perc\" \/>\n<script type=\"application\/ld+json\" class=\"yoast-schema-graph\">{\"@context\":\"https:\\\/\\\/schema.org\",\"@graph\":[{\"@type\":\"WebPage\",\"@id\":\"https:\\\/\\\/skyline-gs.com\\\/product\\\/jeep-safari-dubai\\\/\",\"url\":\"https:\\\/\\\/skyline-gs.com\\\/product\\\/jeep-safari-dubai\\\/\",\"name\":\"\u0421\u0430\u0444\u0430\u0440\u0438 \u043d\u0430 \u0434\u0436\u0438\u043f\u0430\u0445 &#8226; \u042d\u043a\u0441\u043a\u0443\u0440\u0441\u0438\u0438 Skyline\",\"isPartOf\":{\"@id\":\"https:\\\/\\\/skyline-gs.com\\\/it\\\/#website\"},\"primaryImageOfPage\":{\"@id\":\"https:\\\/\\\/skyline-gs.com\\\/product\\\/jeep-safari-dubai\\\/#primaryimage\"},\"image\":{\"@id\":\"https:\\\/\\\/skyline-gs.com\\\/product\\\/jeep-safari-dubai\\\/#primaryimage\"},\"thumbnailUrl\":\"https:\\\/\\\/skyline-gs.com\\\/wp-content\\\/uploads\\\/2021\\\/08\\\/Jeep-safary-Dubai-6-e1741760613406.jpg\",\"datePublished\":\"2021-08-14T16:25:47+00:00\",\"dateModified\":\"2026-02-24T21:07:04+00:00\",\"breadcrumb\":{\"@id\":\"https:\\\/\\\/skyline-gs.com\\\/product\\\/jeep-safari-dubai\\\/#breadcrumb\"},\"inLanguage\":\"hu\",\"potentialAction\":[{\"@type\":\"ReadAction\",\"target\":[\"https:\\\/\\\/skyline-gs.com\\\/product\\\/jeep-safari-dubai\\\/\"]}]},{\"@type\":\"ImageObject\",\"inLanguage\":\"hu\",\"@id\":\"https:\\\/\\\/skyline-gs.com\\\/product\\\/jeep-safari-dubai\\\/#primaryimage\",\"url\":\"https:\\\/\\\/skyline-gs.com\\\/wp-content\\\/uploads\\\/2021\\\/08\\\/Jeep-safary-Dubai-6-e1741760613406.jpg\",\"contentUrl\":\"https:\\\/\\\/skyline-gs.com\\\/wp-content\\\/uploads\\\/2021\\\/08\\\/Jeep-safary-Dubai-6-e1741760613406.jpg\",\"width\":600,\"height\":429},{\"@type\":\"BreadcrumbList\",\"@id\":\"https:\\\/\\\/skyline-gs.com\\\/product\\\/jeep-safari-dubai\\\/#breadcrumb\",\"itemListElement\":[{\"@type\":\"ListItem\",\"position\":1,\"name\":\"\u0413\u043b\u0430\u0432\u043d\u0430\u044f \u0441\u0442\u0440\u0430\u043d\u0438\u0446\u0430\",\"item\":\"https:\\\/\\\/skyline-gs.com\\\/hu\\\/\"},{\"@type\":\"ListItem\",\"position\":2,\"name\":\"\u041c\u0430\u0433\u0430\u0437\u0438\u043d\",\"item\":\"https:\\\/\\\/skyline-gs.com\\\/cs\\\/shop\\\/\"},{\"@type\":\"ListItem\",\"position\":3,\"name\":\"\u0421\u0430\u0444\u0430\u0440\u0438 \u043d\u0430 \u0434\u0436\u0438\u043f\u0430\u0445\"}]},{\"@type\":\"WebSite\",\"@id\":\"https:\\\/\\\/skyline-gs.com\\\/it\\\/#website\",\"url\":\"https:\\\/\\\/skyline-gs.com\\\/it\\\/\",\"name\":\"\u042d\u043a\u0441\u043a\u0443\u0440\u0441\u0438\u0438 Skyline\",\"description\":\"\u042d\u043a\u0441\u043a\u043b\u044e\u0437\u0438\u0432\u043d\u044b\u0435 \u044d\u043a\u0441\u043a\u0443\u0440\u0441\u0438\u0438 \u043d\u0430 \u043b\u0443\u0447\u0448\u0438\u0445 \u043a\u0443\u0440\u043e\u0440\u0442\u0430\u0445 \u043c\u0438\u0440\u0430\",\"publisher\":{\"@id\":\"https:\\\/\\\/skyline-gs.com\\\/it\\\/#organization\"},\"alternateName\":\"Skyline\",\"potentialAction\":[{\"@type\":\"SearchAction\",\"target\":{\"@type\":\"EntryPoint\",\"urlTemplate\":\"https:\\\/\\\/skyline-gs.com\\\/it\\\/?s={search_term_string}\"},\"query-input\":{\"@type\":\"PropertyValueSpecification\",\"valueRequired\":true,\"valueName\":\"search_term_string\"}}],\"inLanguage\":\"hu\"},{\"@type\":\"Organization\",\"@id\":\"https:\\\/\\\/skyline-gs.com\\\/it\\\/#organization\",\"name\":\"\u042d\u043a\u0441\u043a\u0443\u0440\u0441\u0438\u0438 Skyline\",\"alternateName\":\"\u042d\u043a\u0441\u043a\u0443\u0440\u0441\u0438\u0438 Skyline\",\"url\":\"https:\\\/\\\/skyline-gs.com\\\/it\\\/\",\"logo\":{\"@type\":\"ImageObject\",\"inLanguage\":\"hu\",\"@id\":\"https:\\\/\\\/skyline-gs.com\\\/it\\\/#\\\/schema\\\/logo\\\/image\\\/\",\"url\":\"https:\\\/\\\/skyline-gs.com\\\/wp-content\\\/uploads\\\/2020\\\/12\\\/cropped-logo-2.png\",\"contentUrl\":\"https:\\\/\\\/skyline-gs.com\\\/wp-content\\\/uploads\\\/2020\\\/12\\\/cropped-logo-2.png\",\"width\":512,\"height\":512,\"caption\":\"\u042d\u043a\u0441\u043a\u0443\u0440\u0441\u0438\u0438 Skyline\"},\"image\":{\"@id\":\"https:\\\/\\\/skyline-gs.com\\\/it\\\/#\\\/schema\\\/logo\\\/image\\\/\"},\"sameAs\":[\"https:\\\/\\\/www.instagram.com\\\/skylineglobalservice\\\/\"]}]}<\/script>\n<!-- \/ Yoast SEO plugin. -->","yoast_head_json":{"title":"\u0421\u0430\u0444\u0430\u0440\u0438 \u043d\u0430 \u0434\u0436\u0438\u043f\u0430\u0445 &#8226; \u042d\u043a\u0441\u043a\u0443\u0440\u0441\u0438\u0438 Skyline","robots":{"index":"index","follow":"follow","max-snippet":"max-snippet:-1","max-image-preview":"max-image-preview:large","max-video-preview":"max-video-preview:-1"},"canonical":"https:\/\/skyline-gs.com\/hu\/termek\/jeep-safari-dubai\/","og_locale":"hu_HU","og_type":"article","og_title":"\u0421\u0430\u0444\u0430\u0440\u0438 \u043d\u0430 \u0434\u0436\u0438\u043f\u0430\u0445 &#8226; \u042d\u043a\u0441\u043a\u0443\u0440\u0441\u0438\u0438 Skyline","og_description":"\u0412\u0440\u0435\u043c\u044f \u0442\u0443\u0440\u0430: 14:00 - 20:00  \u0414\u043d\u0438 \u043f\u0440\u043e\u0432\u0435\u0434\u0435\u043d\u0438\u044f: \u0435\u0436\u0435\u0434\u043d\u0435\u0432\u043d\u043e","og_url":"https:\/\/skyline-gs.com\/hu\/termek\/jeep-safari-dubai\/","og_site_name":"\u042d\u043a\u0441\u043a\u0443\u0440\u0441\u0438\u0438 Skyline","article_modified_time":"2026-02-24T21:07:04+00:00","og_image":[{"width":600,"height":429,"url":"https:\/\/skyline-gs.com\/wp-content\/uploads\/2021\/08\/Jeep-safary-Dubai-6-e1741760613406.jpg","type":"image\/jpeg"}],"twitter_card":"summary_large_image","twitter_misc":{"Becs\u00fclt olvas\u00e1si id\u0151":"2 perc"},"schema":{"@context":"https:\/\/schema.org","@graph":[{"@type":"WebPage","@id":"https:\/\/skyline-gs.com\/product\/jeep-safari-dubai\/","url":"https:\/\/skyline-gs.com\/product\/jeep-safari-dubai\/","name":"\u0421\u0430\u0444\u0430\u0440\u0438 \u043d\u0430 \u0434\u0436\u0438\u043f\u0430\u0445 &#8226; \u042d\u043a\u0441\u043a\u0443\u0440\u0441\u0438\u0438 Skyline","isPartOf":{"@id":"https:\/\/skyline-gs.com\/it\/#website"},"primaryImageOfPage":{"@id":"https:\/\/skyline-gs.com\/product\/jeep-safari-dubai\/#primaryimage"},"image":{"@id":"https:\/\/skyline-gs.com\/product\/jeep-safari-dubai\/#primaryimage"},"thumbnailUrl":"https:\/\/skyline-gs.com\/wp-content\/uploads\/2021\/08\/Jeep-safary-Dubai-6-e1741760613406.jpg","datePublished":"2021-08-14T16:25:47+00:00","dateModified":"2026-02-24T21:07:04+00:00","breadcrumb":{"@id":"https:\/\/skyline-gs.com\/product\/jeep-safari-dubai\/#breadcrumb"},"inLanguage":"hu","potentialAction":[{"@type":"ReadAction","target":["https:\/\/skyline-gs.com\/product\/jeep-safari-dubai\/"]}]},{"@type":"ImageObject","inLanguage":"hu","@id":"https:\/\/skyline-gs.com\/product\/jeep-safari-dubai\/#primaryimage","url":"https:\/\/skyline-gs.com\/wp-content\/uploads\/2021\/08\/Jeep-safary-Dubai-6-e1741760613406.jpg","contentUrl":"https:\/\/skyline-gs.com\/wp-content\/uploads\/2021\/08\/Jeep-safary-Dubai-6-e1741760613406.jpg","width":600,"height":429},{"@type":"BreadcrumbList","@id":"https:\/\/skyline-gs.com\/product\/jeep-safari-dubai\/#breadcrumb","itemListElement":[{"@type":"ListItem","position":1,"name":"\u0413\u043b\u0430\u0432\u043d\u0430\u044f \u0441\u0442\u0440\u0430\u043d\u0438\u0446\u0430","item":"https:\/\/skyline-gs.com\/hu\/"},{"@type":"ListItem","position":2,"name":"\u041c\u0430\u0433\u0430\u0437\u0438\u043d","item":"https:\/\/skyline-gs.com\/cs\/shop\/"},{"@type":"ListItem","position":3,"name":"\u0421\u0430\u0444\u0430\u0440\u0438 \u043d\u0430 \u0434\u0436\u0438\u043f\u0430\u0445"}]},{"@type":"WebSite","@id":"https:\/\/skyline-gs.com\/it\/#website","url":"https:\/\/skyline-gs.com\/it\/","name":"Skyline T\u00far\u00e1k","description":"Exkluz\u00edv kir\u00e1ndul\u00e1sok a vil\u00e1g legjobb \u00fcd\u00fcl\u0151helyein","publisher":{"@id":"https:\/\/skyline-gs.com\/it\/#organization"},"alternateName":"Skyline","potentialAction":[{"@type":"SearchAction","target":{"@type":"EntryPoint","urlTemplate":"https:\/\/skyline-gs.com\/it\/?s={search_term_string}"},"query-input":{"@type":"PropertyValueSpecification","valueRequired":true,"valueName":"search_term_string"}}],"inLanguage":"hu"},{"@type":"Organization","@id":"https:\/\/skyline-gs.com\/it\/#organization","name":"Skyline T\u00far\u00e1k","alternateName":"\u042d\u043a\u0441\u043a\u0443\u0440\u0441\u0438\u0438 Skyline","url":"https:\/\/skyline-gs.com\/it\/","logo":{"@type":"ImageObject","inLanguage":"hu","@id":"https:\/\/skyline-gs.com\/it\/#\/schema\/logo\/image\/","url":"https:\/\/skyline-gs.com\/wp-content\/uploads\/2020\/12\/cropped-logo-2.png","contentUrl":"https:\/\/skyline-gs.com\/wp-content\/uploads\/2020\/12\/cropped-logo-2.png","width":512,"height":512,"caption":"\u042d\u043a\u0441\u043a\u0443\u0440\u0441\u0438\u0438 Skyline"},"image":{"@id":"https:\/\/skyline-gs.com\/it\/#\/schema\/logo\/image\/"},"sameAs":["https:\/\/www.instagram.com\/skylineglobalservice\/"]}]}},"_links":{"self":[{"href":"https:\/\/skyline-gs.com\/hu\/wp-json\/wp\/v2\/product\/29681","targetHints":{"allow":["GET"]}}],"collection":[{"href":"https:\/\/skyline-gs.com\/hu\/wp-json\/wp\/v2\/product"}],"about":[{"href":"https:\/\/skyline-gs.com\/hu\/wp-json\/wp\/v2\/types\/product"}],"version-history":[{"count":0,"href":"https:\/\/skyline-gs.com\/hu\/wp-json\/wp\/v2\/product\/29681\/revisions"}],"wp:featuredmedia":[{"embeddable":true,"href":"https:\/\/skyline-gs.com\/hu\/wp-json\/wp\/v2\/media\/62418"}],"wp:attachment":[{"href":"https:\/\/skyline-gs.com\/hu\/wp-json\/wp\/v2\/media?parent=29681"}],"wp:term":[{"taxonomy":"product_brand","embeddable":true,"href":"https:\/\/skyline-gs.com\/hu\/wp-json\/wp\/v2\/product_brand?post=29681"},{"taxonomy":"product_cat","embeddable":true,"href":"https:\/\/skyline-gs.com\/hu\/wp-json\/wp\/v2\/product_cat?post=29681"},{"taxonomy":"product_tag","embeddable":true,"href":"https:\/\/skyline-gs.com\/hu\/wp-json\/wp\/v2\/product_tag?post=29681"}],"curies":[{"name":"wp","href":"https:\/\/api.w.org\/{rel}","templated":true}]}}