{"id":29670,"date":"2021-08-13T19:53:25","date_gmt":"2021-08-13T17:53:25","guid":{"rendered":"http:\/\/skyline-gs.com\/?post_type=product&#038;p=29670"},"modified":"2026-01-01T16:05:12","modified_gmt":"2026-01-01T14:05:12","slug":"romantic-evening-cruise-on-the-yacht-fantasy-sharm","status":"publish","type":"product","link":"https:\/\/skyline-gs.com\/hu\/product\/romantic-evening-cruise-on-the-yacht-fantasy-sharm\/","title":{"rendered":"Esti haj\u00f3k\u00e1z\u00e1s vacsor\u00e1val a Fantasia jachton"},"content":{"rendered":"<p>\u0412\u0435\u0447\u0435\u0440\u043d\u044f\u044f \u044f\u0445\u0442\u0430 \u00ab\u0424\u0430\u043d\u0442\u0430\u0437\u0438\u044f\u00bb \u2014 \u043e\u0433\u043d\u0438 \u043f\u043e\u0431\u0435\u0440\u0435\u0436\u044c\u044f \u0428\u0430\u0440\u043c-\u042d\u043b\u044c-\u0428\u0435\u0439\u0445\u0430 \u0441 \u043f\u0430\u043b\u0443\u0431\u044b \u0440\u043e\u0441\u043a\u043e\u0448\u043d\u043e\u0439 \u044f\u0445\u0442\u044b, \u0437\u0430\u0432\u043e\u0440\u0430\u0436\u0438\u0432\u0430\u044e\u0449\u0435\u0435 \u043e\u0442\u0440\u0430\u0436\u0435\u043d\u0438\u0435 \u0431\u043b\u0438\u043a\u043e\u0432 \u043b\u0443\u043d\u044b \u043d\u0430 \u0432\u043e\u043b\u043d\u0430\u0445 \u0432 \u043e\u0442\u043a\u0440\u044b\u0442\u043e\u043c \u043c\u043e\u0440\u0435, \u0437\u0432\u0435\u0437\u0434\u043d\u043e\u0435 \u043d\u0435\u0431\u043e, \u043d\u0430\u0441\u044b\u0449\u0435\u043d\u043d\u0430\u044f \u0448\u043e\u0443 \u043f\u0440\u043e\u0433\u0440\u0430\u043c\u043c\u0430, \u0432\u043a\u0443\u0441\u043d\u044b\u0439 \u0443\u0436\u0438\u043d \u0441 \u043c\u043e\u0440\u0435\u043f\u0440\u043e\u0434\u0443\u043a\u0442\u0430\u043c\u0438 \u0438 \u0442\u0430\u043d\u0446\u044b \u0434\u043e \u0443\u043f\u0430\u0434\u0430. \u0412\u0441\u0435 \u044d\u0442\u043e \u2014 \u0432\u0435\u0447\u0435\u0440\u043d\u044f\u044f \u0440\u043e\u043c\u0430\u043d\u0442\u0438\u0447\u0435\u0441\u043a\u0430\u044f \u044f\u0445\u0442\u0430 \u00ab\u0424\u0410\u041d\u0422\u0410\u0417\u0418\u042f\u00bb. \u041c\u044b \u0437\u0430\u0431\u0435\u0440\u0435\u043c \u0412\u0430\u0441, \u0438\u0437 \u043e\u0442\u0435\u043b\u044f \u0432 18:00 \u043d\u0430 \u043c\u0438\u043a\u0440\u043e\u0430\u0432\u0442\u043e\u0431\u0443\u0441\u0435, \u0434\u043e \u043f\u043e\u0440\u0442\u0430. \u042d\u0442\u0430 \u043d\u0435\u0437\u0430\u0431\u044b\u0432\u0430\u0435\u043c\u0430\u044f \u043f\u043e\u0435\u0437\u0434\u043a\u0430 \u043f\u0440\u0438\u0434\u0451\u0442\u0441\u044f \u043f\u043e \u0432\u043a\u0443\u0441\u0443, \u043a\u0430\u043a \u0432\u043b\u044e\u0431\u043b\u0435\u043d\u043d\u044b\u043c \u043f\u0430\u0440\u0430\u043c, \u0447\u0442\u043e\u0431\u044b \u043d\u0430\u0441\u043b\u0430\u0434\u0438\u0442\u044c\u0441\u044f \u0440\u043e\u043c\u0430\u043d\u0442\u0438\u0447\u0435\u0441\u043a\u043e\u0439 \u0430\u0442\u043c\u043e\u0441\u0444\u0435\u0440\u043e\u0439 \u043e\u0442 \u0432\u0435\u0447\u0435\u0440\u043d\u0435\u0439 \u043c\u043e\u0440\u0441\u043a\u043e\u0439 \u043f\u0440\u043e\u0433\u0443\u043b\u043a\u0438, \u0442\u0430\u043a \u0438 \u043a\u043e\u043c\u043f\u0430\u043d\u0438\u0438 \u0434\u0440\u0443\u0437\u0435\u0439. \u041b\u0443\u0447\u0448\u0438\u0439 \u0432\u0430\u0440\u0438\u0430\u043d\u0442 \u0434\u043b\u044f \u043f\u0440\u0430\u0437\u0434\u043d\u043e\u0432\u0430\u043d\u0438\u044f \u0437\u043d\u0430\u043c\u0435\u043d\u0430\u0442\u0435\u043b\u044c\u043d\u044b\u0445 \u0434\u0430\u0442 \u0412\u0430\u0448\u0435\u0439 \u0436\u0438\u0437\u043d\u0438, \u0432 \u043a\u0440\u0443\u0433\u0443 \u0431\u043b\u0438\u0437\u043a\u0438\u0445 \u0438 \u0434\u0440\u0443\u0437\u0435\u0439: \u0433\u043e\u0434\u043e\u0432\u0449\u0438\u043d\u044b, \u0434\u043d\u0438 \u0440\u043e\u0436\u0434\u0435\u043d\u0438\u044f . \u0418 \u043a\u043e\u043d\u0435\u0447\u043d\u043e \u0436\u0435 \u0444\u0435\u0435\u0440\u0438\u0447\u0435\u0441\u043a\u043e\u0435 \u0448\u043e\u0443, \u0432 \u043a\u043e\u0442\u043e\u0440\u043e\u043c \u0412\u044b \u043f\u0440\u0438\u043d\u0438\u043c\u0430\u0435\u0442\u0435 \u0443\u0447\u0430\u0441\u0442\u0438\u0435! \u0412\u0430\u0441 \u0436\u0434\u0435\u0442: \u0444\u043e\u043b\u044c\u043a\u043b\u043e\u0440\u043d\u0430\u044f \u0433\u0440\u0443\u043f\u043f\u0430 \u0441 \u0437\u0430\u0436\u0438\u0433\u0430\u0442\u0435\u043b\u044c\u043d\u044b\u043c\u0438 \u043d\u0430\u0446\u0438\u043e\u043d\u0430\u043b\u044c\u043d\u044b\u043c\u0438 \u0442\u0430\u043d\u0446\u0430\u043c\u0438, \u0443\u0432\u043b\u0435\u043a\u0430\u0442\u0435\u043b\u044c\u043d\u043e\u0435 \u0432\u044b\u0441\u0442\u0443\u043f\u043b\u0435\u043d\u0438\u0435 \u0444\u043e\u043a\u0443\u0441\u043d\u0438\u043a\u043e\u0432, \u0433\u043e\u043b\u043e\u0432\u043e\u043a\u0440\u0443\u0436\u0438\u0442\u0435\u043b\u044c\u043d\u044b\u0439 \u043c\u0443\u0436\u0441\u043a\u043e\u0439 \u0442\u0430\u043d\u0435\u0446 \u0441 \u044e\u0431\u043a\u0430\u043c\u0438 \u0438 \u0431\u0443\u0431\u043d\u0430\u043c\u0438 \u00ab\u0422\u0430\u043d\u0443\u0440\u0430\u00bb \u0438 \u043f\u043b\u0435\u043d\u0438\u0442\u0435\u043b\u044c\u043d\u044b\u0439 \u0442\u0430\u043d\u0435\u0446 \u0436\u0438\u0432\u043e\u0442\u0430 \u0432 \u0438\u0441\u043f\u043e\u043b\u043d\u0435\u043d\u0438\u0438 \u0432\u043e\u0441\u0442\u043e\u0447\u043d\u043e\u0439 \u043a\u0440\u0430\u0441\u0430\u0432\u0438\u0446\u044b (\u043f\u0440\u043e\u0433\u0440\u0430\u043c\u043c\u0430 \u043c\u043e\u0436\u0435\u0442 \u043c\u0435\u043d\u044f\u0442\u044c\u0441\u044f).<\/p>\n<p>A nyugodt l\u00e9gk\u00f6r \u00e9s az \u00e9jszakai v\u00e1rosra ny\u00edl\u00f3 kil\u00e1t\u00e1s t\u00f6k\u00e9letes \u00edzt ad az \u00e9tkez\u00e9snek! Tenger gy\u00fcm\u00f6lcsei, h\u00fas\u00e9telek, csirke, k\u00fcl\u00f6nf\u00e9le k\u00f6retek, z\u00f6lds\u00e9gek \u00e9s gy\u00fcm\u00f6lcs\u00f6k \u00edzletes vacsor\u00e1ja v\u00e1rja \u00d6nt. Az \u00fcd\u00edt\u0151italok (kiv\u00e9ve a frissen facsart gy\u00fcm\u00f6lcsleveket \u00e9s a t\u00f6r\u00f6k k\u00e1v\u00e9t) az \u00e1rban benne vannak. Az esti program utols\u00f3 r\u00e9sze a diszk\u00f3! T\u00e1ncolj \u00fagy, mintha senki sem figyelne, t\u00e1ncolj, am\u00edg csak b\u00edrsz! A legmen\u0151bb DJ-k l\u00fcktet\u0151 hangjainak \u00e9s a zenei mixek ritmus\u00e1nak k\u00f6sz\u00f6nhet\u0151en az esti jacht \"FANTASIA\" egy egyed\u00fcl\u00e1ll\u00f3 \u00e9jszakai klub minden koroszt\u00e1ly\u00fa h\u00f6lgyeknek \u00e9s uraknak. 22:00 \u00f3ra k\u00f6r\u00fcl, egy csod\u00e1latos este elt\u00f6lt\u00e9se ut\u00e1n visszat\u00e9rnek a sz\u00e1llod\u00e1ba.<\/p>\n<p><strong>Tartalmazza:<\/strong><\/p>\n<ul>\n<li>Transzfer a sz\u00e1llod\u00e1b\u00f3l \u00e9s a sz\u00e1llod\u00e1ba<\/li>\n<li>Bel\u00e9p\u0151jegy<\/li>\n<li>Vacsora<\/li>\n<\/ul>\n<p><strong>Nem tartalmazza:<\/strong><\/p>\n<ul>\n<li>Italok (1-3$)<\/li>\n<li>\u0422\u043e\u0440\u0442 \u043d\u0430 \u0414\u0435\u043d\u044c \u0440\u043e\u0436\u0434\u0435\u043d\u0438\u044f &#8212; 15$ (\u0437\u0430\u043a\u0430\u0437\u044b\u0432\u0430\u0435\u0442\u0441\u044f \u0437\u0430\u0440\u0430\u043d\u0435\u0435)<\/li>\n<li>A fot\u00f3s \u00e1ltal k\u00e9sz\u00edtett k\u00e9pek<\/li>\n<li>Frissen facsart gy\u00fcm\u00f6lcslevek, t\u00f6r\u00f6k k\u00e1v\u00e9<\/li>\n<\/ul>\n<p><strong>Vigy\u00e9l magaddal:<\/strong><\/p>\n<ul>\n<li>A foglal\u00e1skor elk\u00fcldend\u0151 \u00fatlev\u00e9lk\u00e9pek, f\u00e9nym\u00e1solatokat vagy \u00fatlev\u00e9lk\u00e9peket hozzon mag\u00e1val a telefonj\u00e1n.<\/li>\n<li>Meleg ruh\u00e1k az \u0151szi \u00e9s t\u00e9li id\u0151szakban<\/li>\n<li>P\u00e9nz szem\u00e9lyes kiad\u00e1sokra, fot\u00f3z\u00e1sra-vide\u00f3z\u00e1sra (nem k\u00f6telez\u0151)<\/li>\n<\/ul>","protected":false},"excerpt":{"rendered":"<p><strong>Kir\u00e1ndul\u00e1s Id\u0151pontja:<\/strong> 18:00 &#8212; 22:00<\/p>\n<p><strong>A Kir\u00e1ndul\u00e1s Napjai:<\/strong> Minden nap<\/p>","protected":false},"featured_media":29880,"template":"","meta":{"_kad_post_transparent":"default","_kad_post_title":"","_kad_post_layout":"default","_kad_post_sidebar_id":"","_kad_post_content_style":"default","_kad_post_vertical_padding":"default","_kad_post_feature":"","_kad_post_feature_position":"","_kad_post_header":false,"_kad_post_footer":false,"_kad_post_classname":"","_glsr_average":0,"_glsr_ranking":0,"_glsr_reviews":0},"product_brand":[],"product_cat":[435],"product_tag":[],"class_list":{"0":"post-29670","1":"product","2":"type-product","3":"status-publish","4":"has-post-thumbnail","6":"product_cat-sharm-el-sheikh","7":"tm-has-options","9":"first","10":"instock","11":"sale","12":"sold-individually","13":"taxable","14":"shipping-taxable","15":"purchasable","16":"product-type-simple","17":"entry","18":"content-bg","19":"loop-entry"},"yoast_head":"<!-- This site is optimized with the Yoast SEO plugin v27.3 - https:\/\/yoast.com\/product\/yoast-seo-wordpress\/ -->\n<title>\u0412\u0435\u0447\u0435\u0440\u043d\u0438\u0439 \u043a\u0440\u0443\u0438\u0437 \u0441 \u0443\u0436\u0438\u043d\u043e\u043c \u043d\u0430 \u044f\u0445\u0442\u0435 \u0424\u0430\u043d\u0442\u0430\u0437\u0438\u044f &#8226; \u042d\u043a\u0441\u043a\u0443\u0440\u0441\u0438\u0438 Skyline<\/title>\n<meta name=\"robots\" content=\"index, follow, max-snippet:-1, max-image-preview:large, max-video-preview:-1\" \/>\n<link rel=\"canonical\" href=\"https:\/\/skyline-gs.com\/hu\/termek\/romantic-evening-cruise-on-the-yacht-fantasy-sharm\/\" \/>\n<meta property=\"og:locale\" content=\"hu_HU\" \/>\n<meta property=\"og:type\" content=\"article\" \/>\n<meta property=\"og:title\" content=\"\u0412\u0435\u0447\u0435\u0440\u043d\u0438\u0439 \u043a\u0440\u0443\u0438\u0437 \u0441 \u0443\u0436\u0438\u043d\u043e\u043c \u043d\u0430 \u044f\u0445\u0442\u0435 \u0424\u0430\u043d\u0442\u0430\u0437\u0438\u044f &#8226; \u042d\u043a\u0441\u043a\u0443\u0440\u0441\u0438\u0438 Skyline\" \/>\n<meta property=\"og:description\" content=\"\u0412\u0440\u0435\u043c\u044f \u0442\u0443\u0440\u0430: 18:00 - 22:00  \u0414\u043d\u0438 \u043f\u0440\u043e\u0432\u0435\u0434\u0435\u043d\u0438\u044f: \u041a\u0430\u0436\u0434\u044b\u0439 \u0434\u0435\u043d\u044c\" \/>\n<meta property=\"og:url\" content=\"https:\/\/skyline-gs.com\/hu\/termek\/romantic-evening-cruise-on-the-yacht-fantasy-sharm\/\" \/>\n<meta property=\"og:site_name\" content=\"\u042d\u043a\u0441\u043a\u0443\u0440\u0441\u0438\u0438 Skyline\" \/>\n<meta property=\"article:modified_time\" content=\"2026-01-01T14:05:12+00:00\" \/>\n<meta property=\"og:image\" content=\"https:\/\/skyline-gs.com\/wp-content\/uploads\/2021\/08\/f0-1-1.jpg\" \/>\n\t<meta property=\"og:image:width\" content=\"669\" \/>\n\t<meta property=\"og:image:height\" content=\"446\" \/>\n\t<meta property=\"og:image:type\" content=\"image\/jpeg\" \/>\n<meta name=\"twitter:card\" content=\"summary_large_image\" \/>\n<meta name=\"twitter:label1\" content=\"Becs\u00fclt olvas\u00e1si id\u0151\" \/>\n\t<meta name=\"twitter:data1\" content=\"2 perc\" \/>\n<script type=\"application\/ld+json\" class=\"yoast-schema-graph\">{\"@context\":\"https:\\\/\\\/schema.org\",\"@graph\":[{\"@type\":\"WebPage\",\"@id\":\"https:\\\/\\\/skyline-gs.com\\\/de\\\/produkt\\\/romantic-evening-cruise-on-the-yacht-fantasy-sharm\\\/\",\"url\":\"https:\\\/\\\/skyline-gs.com\\\/de\\\/produkt\\\/romantic-evening-cruise-on-the-yacht-fantasy-sharm\\\/\",\"name\":\"\u0412\u0435\u0447\u0435\u0440\u043d\u0438\u0439 \u043a\u0440\u0443\u0438\u0437 \u0441 \u0443\u0436\u0438\u043d\u043e\u043c \u043d\u0430 \u044f\u0445\u0442\u0435 \u0424\u0430\u043d\u0442\u0430\u0437\u0438\u044f &#8226; \u042d\u043a\u0441\u043a\u0443\u0440\u0441\u0438\u0438 Skyline\",\"isPartOf\":{\"@id\":\"https:\\\/\\\/skyline-gs.com\\\/it\\\/#website\"},\"primaryImageOfPage\":{\"@id\":\"https:\\\/\\\/skyline-gs.com\\\/de\\\/produkt\\\/romantic-evening-cruise-on-the-yacht-fantasy-sharm\\\/#primaryimage\"},\"image\":{\"@id\":\"https:\\\/\\\/skyline-gs.com\\\/de\\\/produkt\\\/romantic-evening-cruise-on-the-yacht-fantasy-sharm\\\/#primaryimage\"},\"thumbnailUrl\":\"https:\\\/\\\/skyline-gs.com\\\/wp-content\\\/uploads\\\/2021\\\/08\\\/f0-1-1.jpg\",\"datePublished\":\"2021-08-13T17:53:25+00:00\",\"dateModified\":\"2026-01-01T14:05:12+00:00\",\"breadcrumb\":{\"@id\":\"https:\\\/\\\/skyline-gs.com\\\/de\\\/produkt\\\/romantic-evening-cruise-on-the-yacht-fantasy-sharm\\\/#breadcrumb\"},\"inLanguage\":\"hu\",\"potentialAction\":[{\"@type\":\"ReadAction\",\"target\":[\"https:\\\/\\\/skyline-gs.com\\\/de\\\/produkt\\\/romantic-evening-cruise-on-the-yacht-fantasy-sharm\\\/\"]}]},{\"@type\":\"ImageObject\",\"inLanguage\":\"hu\",\"@id\":\"https:\\\/\\\/skyline-gs.com\\\/de\\\/produkt\\\/romantic-evening-cruise-on-the-yacht-fantasy-sharm\\\/#primaryimage\",\"url\":\"https:\\\/\\\/skyline-gs.com\\\/wp-content\\\/uploads\\\/2021\\\/08\\\/f0-1-1.jpg\",\"contentUrl\":\"https:\\\/\\\/skyline-gs.com\\\/wp-content\\\/uploads\\\/2021\\\/08\\\/f0-1-1.jpg\",\"width\":669,\"height\":446},{\"@type\":\"BreadcrumbList\",\"@id\":\"https:\\\/\\\/skyline-gs.com\\\/de\\\/produkt\\\/romantic-evening-cruise-on-the-yacht-fantasy-sharm\\\/#breadcrumb\",\"itemListElement\":[{\"@type\":\"ListItem\",\"position\":1,\"name\":\"\u0413\u043b\u0430\u0432\u043d\u0430\u044f \u0441\u0442\u0440\u0430\u043d\u0438\u0446\u0430\",\"item\":\"https:\\\/\\\/skyline-gs.com\\\/hu\\\/\"},{\"@type\":\"ListItem\",\"position\":2,\"name\":\"\u041c\u0430\u0433\u0430\u0437\u0438\u043d\",\"item\":\"https:\\\/\\\/skyline-gs.com\\\/cs\\\/shop\\\/\"},{\"@type\":\"ListItem\",\"position\":3,\"name\":\"\u0412\u0435\u0447\u0435\u0440\u043d\u0438\u0439 \u043a\u0440\u0443\u0438\u0437 \u0441 \u0443\u0436\u0438\u043d\u043e\u043c \u043d\u0430 \u044f\u0445\u0442\u0435 \u0424\u0430\u043d\u0442\u0430\u0437\u0438\u044f\"}]},{\"@type\":\"WebSite\",\"@id\":\"https:\\\/\\\/skyline-gs.com\\\/it\\\/#website\",\"url\":\"https:\\\/\\\/skyline-gs.com\\\/it\\\/\",\"name\":\"\u042d\u043a\u0441\u043a\u0443\u0440\u0441\u0438\u0438 Skyline\",\"description\":\"\u042d\u043a\u0441\u043a\u043b\u044e\u0437\u0438\u0432\u043d\u044b\u0435 \u044d\u043a\u0441\u043a\u0443\u0440\u0441\u0438\u0438 \u043d\u0430 \u043b\u0443\u0447\u0448\u0438\u0445 \u043a\u0443\u0440\u043e\u0440\u0442\u0430\u0445 \u043c\u0438\u0440\u0430\",\"publisher\":{\"@id\":\"https:\\\/\\\/skyline-gs.com\\\/it\\\/#organization\"},\"alternateName\":\"Skyline\",\"potentialAction\":[{\"@type\":\"SearchAction\",\"target\":{\"@type\":\"EntryPoint\",\"urlTemplate\":\"https:\\\/\\\/skyline-gs.com\\\/it\\\/?s={search_term_string}\"},\"query-input\":{\"@type\":\"PropertyValueSpecification\",\"valueRequired\":true,\"valueName\":\"search_term_string\"}}],\"inLanguage\":\"hu\"},{\"@type\":\"Organization\",\"@id\":\"https:\\\/\\\/skyline-gs.com\\\/it\\\/#organization\",\"name\":\"\u042d\u043a\u0441\u043a\u0443\u0440\u0441\u0438\u0438 Skyline\",\"alternateName\":\"\u042d\u043a\u0441\u043a\u0443\u0440\u0441\u0438\u0438 Skyline\",\"url\":\"https:\\\/\\\/skyline-gs.com\\\/it\\\/\",\"logo\":{\"@type\":\"ImageObject\",\"inLanguage\":\"hu\",\"@id\":\"https:\\\/\\\/skyline-gs.com\\\/it\\\/#\\\/schema\\\/logo\\\/image\\\/\",\"url\":\"https:\\\/\\\/skyline-gs.com\\\/wp-content\\\/uploads\\\/2020\\\/12\\\/cropped-logo-2.png\",\"contentUrl\":\"https:\\\/\\\/skyline-gs.com\\\/wp-content\\\/uploads\\\/2020\\\/12\\\/cropped-logo-2.png\",\"width\":512,\"height\":512,\"caption\":\"\u042d\u043a\u0441\u043a\u0443\u0440\u0441\u0438\u0438 Skyline\"},\"image\":{\"@id\":\"https:\\\/\\\/skyline-gs.com\\\/it\\\/#\\\/schema\\\/logo\\\/image\\\/\"},\"sameAs\":[\"https:\\\/\\\/www.instagram.com\\\/skylineglobalservice\\\/\"]}]}<\/script>\n<!-- \/ Yoast SEO plugin. -->","yoast_head_json":{"title":"\u0412\u0435\u0447\u0435\u0440\u043d\u0438\u0439 \u043a\u0440\u0443\u0438\u0437 \u0441 \u0443\u0436\u0438\u043d\u043e\u043c \u043d\u0430 \u044f\u0445\u0442\u0435 \u0424\u0430\u043d\u0442\u0430\u0437\u0438\u044f &#8226; \u042d\u043a\u0441\u043a\u0443\u0440\u0441\u0438\u0438 Skyline","robots":{"index":"index","follow":"follow","max-snippet":"max-snippet:-1","max-image-preview":"max-image-preview:large","max-video-preview":"max-video-preview:-1"},"canonical":"https:\/\/skyline-gs.com\/hu\/termek\/romantic-evening-cruise-on-the-yacht-fantasy-sharm\/","og_locale":"hu_HU","og_type":"article","og_title":"\u0412\u0435\u0447\u0435\u0440\u043d\u0438\u0439 \u043a\u0440\u0443\u0438\u0437 \u0441 \u0443\u0436\u0438\u043d\u043e\u043c \u043d\u0430 \u044f\u0445\u0442\u0435 \u0424\u0430\u043d\u0442\u0430\u0437\u0438\u044f &#8226; \u042d\u043a\u0441\u043a\u0443\u0440\u0441\u0438\u0438 Skyline","og_description":"\u0412\u0440\u0435\u043c\u044f \u0442\u0443\u0440\u0430: 18:00 - 22:00  \u0414\u043d\u0438 \u043f\u0440\u043e\u0432\u0435\u0434\u0435\u043d\u0438\u044f: \u041a\u0430\u0436\u0434\u044b\u0439 \u0434\u0435\u043d\u044c","og_url":"https:\/\/skyline-gs.com\/hu\/termek\/romantic-evening-cruise-on-the-yacht-fantasy-sharm\/","og_site_name":"\u042d\u043a\u0441\u043a\u0443\u0440\u0441\u0438\u0438 Skyline","article_modified_time":"2026-01-01T14:05:12+00:00","og_image":[{"width":669,"height":446,"url":"https:\/\/skyline-gs.com\/wp-content\/uploads\/2021\/08\/f0-1-1.jpg","type":"image\/jpeg"}],"twitter_card":"summary_large_image","twitter_misc":{"Becs\u00fclt olvas\u00e1si id\u0151":"2 perc"},"schema":{"@context":"https:\/\/schema.org","@graph":[{"@type":"WebPage","@id":"https:\/\/skyline-gs.com\/de\/produkt\/romantic-evening-cruise-on-the-yacht-fantasy-sharm\/","url":"https:\/\/skyline-gs.com\/de\/produkt\/romantic-evening-cruise-on-the-yacht-fantasy-sharm\/","name":"\u0412\u0435\u0447\u0435\u0440\u043d\u0438\u0439 \u043a\u0440\u0443\u0438\u0437 \u0441 \u0443\u0436\u0438\u043d\u043e\u043c \u043d\u0430 \u044f\u0445\u0442\u0435 \u0424\u0430\u043d\u0442\u0430\u0437\u0438\u044f &#8226; \u042d\u043a\u0441\u043a\u0443\u0440\u0441\u0438\u0438 Skyline","isPartOf":{"@id":"https:\/\/skyline-gs.com\/it\/#website"},"primaryImageOfPage":{"@id":"https:\/\/skyline-gs.com\/de\/produkt\/romantic-evening-cruise-on-the-yacht-fantasy-sharm\/#primaryimage"},"image":{"@id":"https:\/\/skyline-gs.com\/de\/produkt\/romantic-evening-cruise-on-the-yacht-fantasy-sharm\/#primaryimage"},"thumbnailUrl":"https:\/\/skyline-gs.com\/wp-content\/uploads\/2021\/08\/f0-1-1.jpg","datePublished":"2021-08-13T17:53:25+00:00","dateModified":"2026-01-01T14:05:12+00:00","breadcrumb":{"@id":"https:\/\/skyline-gs.com\/de\/produkt\/romantic-evening-cruise-on-the-yacht-fantasy-sharm\/#breadcrumb"},"inLanguage":"hu","potentialAction":[{"@type":"ReadAction","target":["https:\/\/skyline-gs.com\/de\/produkt\/romantic-evening-cruise-on-the-yacht-fantasy-sharm\/"]}]},{"@type":"ImageObject","inLanguage":"hu","@id":"https:\/\/skyline-gs.com\/de\/produkt\/romantic-evening-cruise-on-the-yacht-fantasy-sharm\/#primaryimage","url":"https:\/\/skyline-gs.com\/wp-content\/uploads\/2021\/08\/f0-1-1.jpg","contentUrl":"https:\/\/skyline-gs.com\/wp-content\/uploads\/2021\/08\/f0-1-1.jpg","width":669,"height":446},{"@type":"BreadcrumbList","@id":"https:\/\/skyline-gs.com\/de\/produkt\/romantic-evening-cruise-on-the-yacht-fantasy-sharm\/#breadcrumb","itemListElement":[{"@type":"ListItem","position":1,"name":"\u0413\u043b\u0430\u0432\u043d\u0430\u044f \u0441\u0442\u0440\u0430\u043d\u0438\u0446\u0430","item":"https:\/\/skyline-gs.com\/hu\/"},{"@type":"ListItem","position":2,"name":"\u041c\u0430\u0433\u0430\u0437\u0438\u043d","item":"https:\/\/skyline-gs.com\/cs\/shop\/"},{"@type":"ListItem","position":3,"name":"\u0412\u0435\u0447\u0435\u0440\u043d\u0438\u0439 \u043a\u0440\u0443\u0438\u0437 \u0441 \u0443\u0436\u0438\u043d\u043e\u043c \u043d\u0430 \u044f\u0445\u0442\u0435 \u0424\u0430\u043d\u0442\u0430\u0437\u0438\u044f"}]},{"@type":"WebSite","@id":"https:\/\/skyline-gs.com\/it\/#website","url":"https:\/\/skyline-gs.com\/it\/","name":"Skyline T\u00far\u00e1k","description":"Exkluz\u00edv kir\u00e1ndul\u00e1sok a vil\u00e1g legjobb \u00fcd\u00fcl\u0151helyein","publisher":{"@id":"https:\/\/skyline-gs.com\/it\/#organization"},"alternateName":"Skyline","potentialAction":[{"@type":"SearchAction","target":{"@type":"EntryPoint","urlTemplate":"https:\/\/skyline-gs.com\/it\/?s={search_term_string}"},"query-input":{"@type":"PropertyValueSpecification","valueRequired":true,"valueName":"search_term_string"}}],"inLanguage":"hu"},{"@type":"Organization","@id":"https:\/\/skyline-gs.com\/it\/#organization","name":"Skyline T\u00far\u00e1k","alternateName":"\u042d\u043a\u0441\u043a\u0443\u0440\u0441\u0438\u0438 Skyline","url":"https:\/\/skyline-gs.com\/it\/","logo":{"@type":"ImageObject","inLanguage":"hu","@id":"https:\/\/skyline-gs.com\/it\/#\/schema\/logo\/image\/","url":"https:\/\/skyline-gs.com\/wp-content\/uploads\/2020\/12\/cropped-logo-2.png","contentUrl":"https:\/\/skyline-gs.com\/wp-content\/uploads\/2020\/12\/cropped-logo-2.png","width":512,"height":512,"caption":"\u042d\u043a\u0441\u043a\u0443\u0440\u0441\u0438\u0438 Skyline"},"image":{"@id":"https:\/\/skyline-gs.com\/it\/#\/schema\/logo\/image\/"},"sameAs":["https:\/\/www.instagram.com\/skylineglobalservice\/"]}]}},"_links":{"self":[{"href":"https:\/\/skyline-gs.com\/hu\/wp-json\/wp\/v2\/product\/29670","targetHints":{"allow":["GET"]}}],"collection":[{"href":"https:\/\/skyline-gs.com\/hu\/wp-json\/wp\/v2\/product"}],"about":[{"href":"https:\/\/skyline-gs.com\/hu\/wp-json\/wp\/v2\/types\/product"}],"version-history":[{"count":0,"href":"https:\/\/skyline-gs.com\/hu\/wp-json\/wp\/v2\/product\/29670\/revisions"}],"wp:featuredmedia":[{"embeddable":true,"href":"https:\/\/skyline-gs.com\/hu\/wp-json\/wp\/v2\/media\/29880"}],"wp:attachment":[{"href":"https:\/\/skyline-gs.com\/hu\/wp-json\/wp\/v2\/media?parent=29670"}],"wp:term":[{"taxonomy":"product_brand","embeddable":true,"href":"https:\/\/skyline-gs.com\/hu\/wp-json\/wp\/v2\/product_brand?post=29670"},{"taxonomy":"product_cat","embeddable":true,"href":"https:\/\/skyline-gs.com\/hu\/wp-json\/wp\/v2\/product_cat?post=29670"},{"taxonomy":"product_tag","embeddable":true,"href":"https:\/\/skyline-gs.com\/hu\/wp-json\/wp\/v2\/product_tag?post=29670"}],"curies":[{"name":"wp","href":"https:\/\/api.w.org\/{rel}","templated":true}]}}