{"id":25450,"date":"2021-01-07T22:42:23","date_gmt":"2021-01-07T19:42:23","guid":{"rendered":"http:\/\/zanzibar.skyline-gs.com\/?post_type=product&#038;p=18120"},"modified":"2026-03-12T17:50:30","modified_gmt":"2026-03-12T15:50:30","slug":"serengeti-and-ngorongoro-3-days-zanzibar","status":"publish","type":"product","link":"https:\/\/skyline-gs.com\/hu\/product\/serengeti-and-ngorongoro-3-days-zanzibar\/","title":{"rendered":"Serengeti \u00e9s Ngorongoro (3 nap)"},"content":{"rendered":"<p>Ezt a t\u00far\u00e1t azoknak tervezt\u00e9k, akik Afrika legsz\u00ednesebb \u00e9s legintenz\u00edvebb term\u00e9szeti vil\u00e1g\u00e1nak megismer\u00e9s\u00e9r\u0151l \u00e1lmodnak. A Serengeti \u00e9s a Ngorongoro k\u00e9t legend\u00e1s rezerv\u00e1tum, amelyek elk\u00e9peszt\u0151 \u00e1llatvil\u00e1gukkal, els\u00f6pr\u0151 t\u00e1jakkal \u00e9s egyed\u00fcl\u00e1ll\u00f3 term\u00e9szeti jelens\u00e9gekkel k\u00e1pr\u00e1ztatj\u00e1k el \u00d6nt.<\/p>\n<ul>\n<li><strong>Afrika k\u00e9t legh\u00edresebb term\u00e9szetv\u00e9delmi ter\u00fclete<\/strong>: A Serengeti a klasszikus szafari szimb\u00f3luma, Ngorongoro pedig egy term\u00e9szetes amfite\u00e1trum, ahol t\u00f6bb ezer vad\u00e1llat \u00e9l.<\/li>\n<li><strong>Ide\u00e1lis k\u00f6r\u00fclm\u00e9nyek a Nagy \u00d6t\u00f6s megfigyel\u00e9s\u00e9hez<\/strong>: oroszl\u00e1nok, leop\u00e1rdok, elef\u00e1ntok, orrszarv\u00faak \u00e9s bivalyok v\u00e1rj\u00e1k \u00d6nt.<\/li>\n<li><strong>Szakmai szervezet<\/strong>: a k\u00e9nyelmes transzferek, rep\u00fcl\u0151jegyek \u00e9s sz\u00e1ll\u00e1s lehet\u0151v\u00e9 teszik, hogy \u00d6n az \u00e9lm\u00e9nyre koncentr\u00e1lhasson.<\/li>\n<li><strong>Gazdag program<\/strong>: h\u00e1rom teljes napot t\u00f6lthet Tanz\u00e1nia term\u00e9szeti kincsei k\u00f6z\u00f6tt.<\/li>\n<\/ul>\n<h4><strong>1. nap: Serengeti Nemzeti Park<\/strong><\/h4>\n<p>5:00 Kijelentkez\u00e9s a sz\u00e1llod\u00e1b\u00f3l, \u00e9s rep\u00fcl\u00e9s a Serengetibe, a vil\u00e1g egyik legh\u00edresebb szafari c\u00e9lpontj\u00e1ba. Ez a nap igazi kaland lesz: hatalmas \u00e1llatcsord\u00e1k k\u00f6z\u00f6tt tal\u00e1lja mag\u00e1t, oroszl\u00e1nokat, gep\u00e1rdokat, elef\u00e1ntokat, zebr\u00e1kat, zsir\u00e1fokat, bivalyokat, orrszarv\u00fakat \u00e9s a szavanna sok m\u00e1s lak\u00f3j\u00e1t figyelheti meg.<\/p>\n<p>A szafari eg\u00e9sz nap folytat\u00f3dik, eb\u00e9dsz\u00fcnettel a friss leveg\u0151n. Ez egy egyed\u00fcl\u00e1ll\u00f3 lehet\u0151s\u00e9g, hogy \u00e9lvezze a vadvil\u00e1g sz\u00e9ps\u00e9g\u00e9t. A nap v\u00e9g\u00e9n - vacsora \u00e9s \u00e9jszakai sz\u00e1ll\u00e1s a parkon bel\u00fcli sz\u00e1llod\u00e1ban.<\/p>\n<h4><strong>2. nap: Nyugat-Serengeti<\/strong><\/h4>\n<p>Reggeli ut\u00e1n megkezd\u0151dik a Serengeti nyugati r\u00e9sz\u00e9nek felfedez\u00e9se. Ez a r\u00e9gi\u00f3 h\u00edres az \u00e1llatok szezon\u00e1lis v\u00e1ndorl\u00e1s\u00e1r\u00f3l, k\u00f6zt\u00fck a gnu \u00e9s zebra antilopok ezreir\u0151l \u00e9s ritka ragadoz\u00f3kr\u00f3l. A park kev\u00e9sb\u00e9 l\u00e1togatott szegleteit is megn\u00e9zz\u00fck, \u00e9s \u00e9lvezhetj\u00fck a mag\u00e1nyt a vadon \u00e9l\u0151 \u00e1llatok k\u00f6z\u00f6tt.<\/p>\n<p>A d\u00e9lut\u00e1nt pihen\u00e9ssel t\u00f6ltj\u00fck a sz\u00e1llod\u00e1ban, az est\u00e9t pedig egy finom vacsor\u00e1val z\u00e1rjuk.<\/p>\n<h4><strong>3. nap: Ngorongoro - egyed\u00fcl\u00e1ll\u00f3 kr\u00e1ter ezernyi \u00e1llattal<\/strong><\/h4>\n<p>Kora reggel Ngorongor\u00f3ba utazik, amelyet gyakran a \"vil\u00e1g nyolcadik csod\u00e1jak\u00e9nt\" emlegetnek. Ez a term\u00e9szetes kr\u00e1ter t\u00f6bb mint 25 000 \u00e1llatnak ad otthont: v\u00edzilovaknak, b\u00f6l\u00e9nyeknek, antilopoknak, zebr\u00e1knak \u00e9s ritka fekete orrszarv\u00faaknak. A ragadoz\u00f3k, k\u00f6zt\u00fck az oroszl\u00e1nok, leop\u00e1rdok \u00e9s hi\u00e9n\u00e1k szint\u00e9n szerves r\u00e9sz\u00e9t k\u00e9pezik a rezerv\u00e1tum \u00f6kosziszt\u00e9m\u00e1j\u00e1nak.<\/p>\n<p>A mozgalmas szafari ut\u00e1n transzfer a rep\u00fcl\u0151t\u00e9rre, majd visszat\u00e9r Zanzib\u00e1rra, ahol a sz\u00e1llod\u00e1ban pihenhet.<\/p>\n<p><strong>Tartalmazza:<\/strong><\/p>\n<ul>\n<li>Zanzib\u00e1r-Serengeti-Zanzib\u00e1r j\u00e1rat<\/li>\n<li>Minden \u00fatk\u00f6zbeni transzfer<\/li>\n<li>Tal\u00e1lkoz\u00e1s a csoporttal a rep\u00fcl\u0151t\u00e9ren<\/li>\n<li>Sz\u00e1ll\u00e1s sz\u00e1llod\u00e1kban \u00e9s sz\u00e1ll\u00e1sokban a program szerint<\/li>\n<li>Napi h\u00e1romszori \u00e9tkez\u00e9s a szafarin<\/li>\n<li>Palackozott v\u00edz \u00e9s \u00fcd\u00edt\u0151italok fogyaszt\u00e1sa a t\u00fara sor\u00e1n<\/li>\n<li>Orvosi csomag<\/li>\n<li>Szakk\u00e9pzett erd\u0151j\u00e1r\u00f3 idegenvezet\u0151 k\u00eds\u00e9ret\u00e9ben<\/li>\n<li>Orosz nyelv\u0171 idegenvezet\u0151 k\u00eds\u00e9ret\u00e9ben<\/li>\n<li>Szafari \u00e9s kir\u00e1ndul\u00e1sok a program szerint 4*4 n\u00e9gyker\u00e9k-meghajt\u00e1s\u00fa szafari dzsippel<\/li>\n<li>Nemzeti parkok bel\u00e9p\u0151d\u00edjai<\/li>\n<\/ul>\n<p><strong>L\u00e9nyeges:<\/strong><\/p>\n<ul>\n<li>\u00datlev\u00e9l. B\u00e1r Zanzib\u00e1r Tanz\u00e1nia r\u00e9sze, a rep\u00fcl\u0151t\u00e9ren mindannyian \u00e1tmegy\u00fcnk az \u00fatlev\u00e9l-ellen\u0151rz\u00e9sen.<\/li>\n<li>K\u00e9nyelmes cip\u0151 \u00e9s ruh\u00e1zat. \u041b<span class=\"fontstyle0\">k\u00f6nny\u0171 nadr\u00e1g, hossz\u00fa ujj\u00fa ing, p\u00f3l\u00f3, szem\u00e9lyes t\u00e1rgyak (5 kg-ig)<\/span><\/li>\n<li>Kab\u00e1t, es\u0151 vagy h\u0171v\u00f6s est\u00e9k eset\u00e9n<\/li>\n<li>Fot\u00f3-vide\u00f3 felszerel\u00e9s. J\u00f3 el\u0151re t\u00f6ltse fel eszk\u00f6zeit<\/li>\n<li>V\u00e1ltsd \u00e1t a p\u00e9nzed kis c\u00edmletekre. Ezek hasznosak az aj\u00e1nd\u00e9kt\u00e1rgyakra \u00e9s a borraval\u00f3ra a park\u0151r\u00f6knek. Aj\u00e1nlott borraval\u00f3 5$ szem\u00e9lyenk\u00e9nt<\/li>\n<li>Reggeli harapnival\u00f3 (az hotel recepci\u00f3j\u00e1n jelezze, hogy kor\u00e1n reggel indul egy kir\u00e1ndul\u00e1sra, \u00e9s k\u00e9sz\u00edtsenek \u00d6nnek egy eb\u00e9dcsomagot, a sz\u00e1llod\u00e1k ezt a szolg\u00e1ltat\u00e1st ingyen biztos\u00edtj\u00e1k);<\/li>\n<li><span class=\"fontstyle0\">Napszem\u00fcveg \u00e9s panama, naptej<\/span><\/li>\n<li><span class=\"fontstyle0\">Szem\u00e9lyi higi\u00e9niai term\u00e9kek, szem\u00e9lyes els\u0151seg\u00e9lycsomag<\/span><\/li>\n<li><span class=\"fontstyle0\">K\u00e9zfert\u0151tlen\u00edt\u0151 g\u00e9l<\/span><\/li>\n<\/ul>\n<p><strong>Foglal\u00e1si felt\u00e9telek:<\/strong><\/p>\n<ul>\n<li>El\u0151legfizet\u00e9s 30% (az el\u0151leg k\u00e9szp\u00e9nzzel vagy bankk\u00e1rty\u00e1val fizethet\u0151). <strong>Az el\u0151leg nem visszat\u00e9r\u00edtend\u0151.<\/strong><\/li>\n<\/ul>","protected":false},"excerpt":{"rendered":"<p><strong>Kir\u00e1ndul\u00e1s Id\u0151pontja:<\/strong>\u00a03 nap<\/p>\n<p><strong>A Kir\u00e1ndul\u00e1s Napjai:<\/strong>\u00a0Naponta<\/p>","protected":false},"featured_media":25774,"template":"","meta":{"_kad_post_transparent":"default","_kad_post_title":"","_kad_post_layout":"default","_kad_post_sidebar_id":"","_kad_post_content_style":"default","_kad_post_vertical_padding":"default","_kad_post_feature":"","_kad_post_feature_position":"","_kad_post_header":false,"_kad_post_footer":false,"_kad_post_classname":"","_glsr_average":0,"_glsr_ranking":0,"_glsr_reviews":0},"product_brand":[],"product_cat":[468,469],"product_tag":[],"class_list":{"0":"post-25450","1":"product","2":"type-product","3":"status-publish","4":"has-post-thumbnail","6":"product_cat-zanzibar-safari","7":"product_cat-tours","8":"tm-has-options","10":"first","11":"instock","12":"sold-individually","13":"taxable","14":"shipping-taxable","15":"purchasable","16":"product-type-simple","17":"entry","18":"content-bg","19":"loop-entry"},"yoast_head":"<!-- This site is optimized with the Yoast SEO plugin v27.4 - https:\/\/yoast.com\/product\/yoast-seo-wordpress\/ -->\n<title>\u0421\u0435\u0440\u0435\u043d\u0433\u0435\u0442\u0438 \u0438 \u041d\u0433\u043e\u0440\u043e\u043d\u0433\u043e\u0440\u043e (3 \u0434\u043d\u044f) &#8226; \u042d\u043a\u0441\u043a\u0443\u0440\u0441\u0438\u0438 Skyline<\/title>\n<meta name=\"robots\" content=\"index, follow, max-snippet:-1, max-image-preview:large, max-video-preview:-1\" \/>\n<link rel=\"canonical\" href=\"https:\/\/skyline-gs.com\/hu\/termek\/serengeti-and-ngorongoro-3-days-zanzibar\/\" \/>\n<meta property=\"og:locale\" content=\"hu_HU\" \/>\n<meta property=\"og:type\" content=\"article\" \/>\n<meta property=\"og:title\" content=\"\u0421\u0435\u0440\u0435\u043d\u0433\u0435\u0442\u0438 \u0438 \u041d\u0433\u043e\u0440\u043e\u043d\u0433\u043e\u0440\u043e (3 \u0434\u043d\u044f) &#8226; \u042d\u043a\u0441\u043a\u0443\u0440\u0441\u0438\u0438 Skyline\" \/>\n<meta property=\"og:description\" content=\"\u0412\u0440\u0435\u043c\u044f \u0442\u0443\u0440\u0430:\u00a03 \u0434\u043d\u044f  \u0414\u043d\u0438 \u043f\u0440\u043e\u0432\u0435\u0434\u0435\u043d\u0438\u044f:\u00a0\u0435\u0436\u0435\u0434\u043d\u0435\u0432\u043d\u043e\" \/>\n<meta property=\"og:url\" content=\"https:\/\/skyline-gs.com\/hu\/termek\/serengeti-and-ngorongoro-3-days-zanzibar\/\" \/>\n<meta property=\"og:site_name\" content=\"\u042d\u043a\u0441\u043a\u0443\u0440\u0441\u0438\u0438 Skyline\" \/>\n<meta property=\"article:modified_time\" content=\"2026-03-12T15:50:30+00:00\" \/>\n<meta property=\"og:image\" content=\"https:\/\/skyline-gs.com\/wp-content\/uploads\/2021\/02\/Serengeti-36-of-39.jpg\" \/>\n\t<meta property=\"og:image:width\" content=\"900\" \/>\n\t<meta property=\"og:image:height\" content=\"600\" \/>\n\t<meta property=\"og:image:type\" content=\"image\/jpeg\" \/>\n<meta name=\"twitter:card\" content=\"summary_large_image\" \/>\n<meta name=\"twitter:label1\" content=\"Becs\u00fclt olvas\u00e1si id\u0151\" \/>\n\t<meta name=\"twitter:data1\" content=\"3 perc\" \/>\n<script type=\"application\/ld+json\" class=\"yoast-schema-graph\">{\"@context\":\"https:\\\/\\\/schema.org\",\"@graph\":[{\"@type\":\"WebPage\",\"@id\":\"https:\\\/\\\/skyline-gs.com\\\/product\\\/serengeti-and-ngorongoro-3-days-zanzibar\\\/\",\"url\":\"https:\\\/\\\/skyline-gs.com\\\/product\\\/serengeti-and-ngorongoro-3-days-zanzibar\\\/\",\"name\":\"\u0421\u0435\u0440\u0435\u043d\u0433\u0435\u0442\u0438 \u0438 \u041d\u0433\u043e\u0440\u043e\u043d\u0433\u043e\u0440\u043e (3 \u0434\u043d\u044f) &#8226; \u042d\u043a\u0441\u043a\u0443\u0440\u0441\u0438\u0438 Skyline\",\"isPartOf\":{\"@id\":\"https:\\\/\\\/skyline-gs.com\\\/it\\\/#website\"},\"primaryImageOfPage\":{\"@id\":\"https:\\\/\\\/skyline-gs.com\\\/product\\\/serengeti-and-ngorongoro-3-days-zanzibar\\\/#primaryimage\"},\"image\":{\"@id\":\"https:\\\/\\\/skyline-gs.com\\\/product\\\/serengeti-and-ngorongoro-3-days-zanzibar\\\/#primaryimage\"},\"thumbnailUrl\":\"https:\\\/\\\/skyline-gs.com\\\/wp-content\\\/uploads\\\/2021\\\/02\\\/Serengeti-36-of-39.jpg\",\"datePublished\":\"2021-01-07T19:42:23+00:00\",\"dateModified\":\"2026-03-12T15:50:30+00:00\",\"breadcrumb\":{\"@id\":\"https:\\\/\\\/skyline-gs.com\\\/product\\\/serengeti-and-ngorongoro-3-days-zanzibar\\\/#breadcrumb\"},\"inLanguage\":\"hu\",\"potentialAction\":[{\"@type\":\"ReadAction\",\"target\":[\"https:\\\/\\\/skyline-gs.com\\\/product\\\/serengeti-and-ngorongoro-3-days-zanzibar\\\/\"]}]},{\"@type\":\"ImageObject\",\"inLanguage\":\"hu\",\"@id\":\"https:\\\/\\\/skyline-gs.com\\\/product\\\/serengeti-and-ngorongoro-3-days-zanzibar\\\/#primaryimage\",\"url\":\"https:\\\/\\\/skyline-gs.com\\\/wp-content\\\/uploads\\\/2021\\\/02\\\/Serengeti-36-of-39.jpg\",\"contentUrl\":\"https:\\\/\\\/skyline-gs.com\\\/wp-content\\\/uploads\\\/2021\\\/02\\\/Serengeti-36-of-39.jpg\",\"width\":900,\"height\":600},{\"@type\":\"BreadcrumbList\",\"@id\":\"https:\\\/\\\/skyline-gs.com\\\/product\\\/serengeti-and-ngorongoro-3-days-zanzibar\\\/#breadcrumb\",\"itemListElement\":[{\"@type\":\"ListItem\",\"position\":1,\"name\":\"\u0413\u043b\u0430\u0432\u043d\u0430\u044f \u0441\u0442\u0440\u0430\u043d\u0438\u0446\u0430\",\"item\":\"https:\\\/\\\/skyline-gs.com\\\/hu\\\/\"},{\"@type\":\"ListItem\",\"position\":2,\"name\":\"\u041c\u0430\u0433\u0430\u0437\u0438\u043d\",\"item\":\"https:\\\/\\\/skyline-gs.com\\\/cs\\\/shop\\\/\"},{\"@type\":\"ListItem\",\"position\":3,\"name\":\"\u0421\u0435\u0440\u0435\u043d\u0433\u0435\u0442\u0438 \u0438 \u041d\u0433\u043e\u0440\u043e\u043d\u0433\u043e\u0440\u043e (3 \u0434\u043d\u044f)\"}]},{\"@type\":\"WebSite\",\"@id\":\"https:\\\/\\\/skyline-gs.com\\\/it\\\/#website\",\"url\":\"https:\\\/\\\/skyline-gs.com\\\/it\\\/\",\"name\":\"\u042d\u043a\u0441\u043a\u0443\u0440\u0441\u0438\u0438 Skyline\",\"description\":\"\u042d\u043a\u0441\u043a\u043b\u044e\u0437\u0438\u0432\u043d\u044b\u0435 \u044d\u043a\u0441\u043a\u0443\u0440\u0441\u0438\u0438 \u043d\u0430 \u043b\u0443\u0447\u0448\u0438\u0445 \u043a\u0443\u0440\u043e\u0440\u0442\u0430\u0445 \u043c\u0438\u0440\u0430\",\"publisher\":{\"@id\":\"https:\\\/\\\/skyline-gs.com\\\/it\\\/#organization\"},\"alternateName\":\"Skyline\",\"potentialAction\":[{\"@type\":\"SearchAction\",\"target\":{\"@type\":\"EntryPoint\",\"urlTemplate\":\"https:\\\/\\\/skyline-gs.com\\\/it\\\/?s={search_term_string}\"},\"query-input\":{\"@type\":\"PropertyValueSpecification\",\"valueRequired\":true,\"valueName\":\"search_term_string\"}}],\"inLanguage\":\"hu\"},{\"@type\":\"Organization\",\"@id\":\"https:\\\/\\\/skyline-gs.com\\\/it\\\/#organization\",\"name\":\"\u042d\u043a\u0441\u043a\u0443\u0440\u0441\u0438\u0438 Skyline\",\"alternateName\":\"\u042d\u043a\u0441\u043a\u0443\u0440\u0441\u0438\u0438 Skyline\",\"url\":\"https:\\\/\\\/skyline-gs.com\\\/it\\\/\",\"logo\":{\"@type\":\"ImageObject\",\"inLanguage\":\"hu\",\"@id\":\"https:\\\/\\\/skyline-gs.com\\\/it\\\/#\\\/schema\\\/logo\\\/image\\\/\",\"url\":\"https:\\\/\\\/skyline-gs.com\\\/wp-content\\\/uploads\\\/2020\\\/12\\\/cropped-logo-2.png\",\"contentUrl\":\"https:\\\/\\\/skyline-gs.com\\\/wp-content\\\/uploads\\\/2020\\\/12\\\/cropped-logo-2.png\",\"width\":512,\"height\":512,\"caption\":\"\u042d\u043a\u0441\u043a\u0443\u0440\u0441\u0438\u0438 Skyline\"},\"image\":{\"@id\":\"https:\\\/\\\/skyline-gs.com\\\/it\\\/#\\\/schema\\\/logo\\\/image\\\/\"},\"sameAs\":[\"https:\\\/\\\/www.instagram.com\\\/skylineglobalservice\\\/\"]}]}<\/script>\n<!-- \/ Yoast SEO plugin. -->","yoast_head_json":{"title":"\u0421\u0435\u0440\u0435\u043d\u0433\u0435\u0442\u0438 \u0438 \u041d\u0433\u043e\u0440\u043e\u043d\u0433\u043e\u0440\u043e (3 \u0434\u043d\u044f) &#8226; \u042d\u043a\u0441\u043a\u0443\u0440\u0441\u0438\u0438 Skyline","robots":{"index":"index","follow":"follow","max-snippet":"max-snippet:-1","max-image-preview":"max-image-preview:large","max-video-preview":"max-video-preview:-1"},"canonical":"https:\/\/skyline-gs.com\/hu\/termek\/serengeti-and-ngorongoro-3-days-zanzibar\/","og_locale":"hu_HU","og_type":"article","og_title":"\u0421\u0435\u0440\u0435\u043d\u0433\u0435\u0442\u0438 \u0438 \u041d\u0433\u043e\u0440\u043e\u043d\u0433\u043e\u0440\u043e (3 \u0434\u043d\u044f) &#8226; \u042d\u043a\u0441\u043a\u0443\u0440\u0441\u0438\u0438 Skyline","og_description":"\u0412\u0440\u0435\u043c\u044f \u0442\u0443\u0440\u0430:\u00a03 \u0434\u043d\u044f  \u0414\u043d\u0438 \u043f\u0440\u043e\u0432\u0435\u0434\u0435\u043d\u0438\u044f:\u00a0\u0435\u0436\u0435\u0434\u043d\u0435\u0432\u043d\u043e","og_url":"https:\/\/skyline-gs.com\/hu\/termek\/serengeti-and-ngorongoro-3-days-zanzibar\/","og_site_name":"\u042d\u043a\u0441\u043a\u0443\u0440\u0441\u0438\u0438 Skyline","article_modified_time":"2026-03-12T15:50:30+00:00","og_image":[{"width":900,"height":600,"url":"https:\/\/skyline-gs.com\/wp-content\/uploads\/2021\/02\/Serengeti-36-of-39.jpg","type":"image\/jpeg"}],"twitter_card":"summary_large_image","twitter_misc":{"Becs\u00fclt olvas\u00e1si id\u0151":"3 perc"},"schema":{"@context":"https:\/\/schema.org","@graph":[{"@type":"WebPage","@id":"https:\/\/skyline-gs.com\/product\/serengeti-and-ngorongoro-3-days-zanzibar\/","url":"https:\/\/skyline-gs.com\/product\/serengeti-and-ngorongoro-3-days-zanzibar\/","name":"\u0421\u0435\u0440\u0435\u043d\u0433\u0435\u0442\u0438 \u0438 \u041d\u0433\u043e\u0440\u043e\u043d\u0433\u043e\u0440\u043e (3 \u0434\u043d\u044f) &#8226; \u042d\u043a\u0441\u043a\u0443\u0440\u0441\u0438\u0438 Skyline","isPartOf":{"@id":"https:\/\/skyline-gs.com\/it\/#website"},"primaryImageOfPage":{"@id":"https:\/\/skyline-gs.com\/product\/serengeti-and-ngorongoro-3-days-zanzibar\/#primaryimage"},"image":{"@id":"https:\/\/skyline-gs.com\/product\/serengeti-and-ngorongoro-3-days-zanzibar\/#primaryimage"},"thumbnailUrl":"https:\/\/skyline-gs.com\/wp-content\/uploads\/2021\/02\/Serengeti-36-of-39.jpg","datePublished":"2021-01-07T19:42:23+00:00","dateModified":"2026-03-12T15:50:30+00:00","breadcrumb":{"@id":"https:\/\/skyline-gs.com\/product\/serengeti-and-ngorongoro-3-days-zanzibar\/#breadcrumb"},"inLanguage":"hu","potentialAction":[{"@type":"ReadAction","target":["https:\/\/skyline-gs.com\/product\/serengeti-and-ngorongoro-3-days-zanzibar\/"]}]},{"@type":"ImageObject","inLanguage":"hu","@id":"https:\/\/skyline-gs.com\/product\/serengeti-and-ngorongoro-3-days-zanzibar\/#primaryimage","url":"https:\/\/skyline-gs.com\/wp-content\/uploads\/2021\/02\/Serengeti-36-of-39.jpg","contentUrl":"https:\/\/skyline-gs.com\/wp-content\/uploads\/2021\/02\/Serengeti-36-of-39.jpg","width":900,"height":600},{"@type":"BreadcrumbList","@id":"https:\/\/skyline-gs.com\/product\/serengeti-and-ngorongoro-3-days-zanzibar\/#breadcrumb","itemListElement":[{"@type":"ListItem","position":1,"name":"\u0413\u043b\u0430\u0432\u043d\u0430\u044f \u0441\u0442\u0440\u0430\u043d\u0438\u0446\u0430","item":"https:\/\/skyline-gs.com\/hu\/"},{"@type":"ListItem","position":2,"name":"\u041c\u0430\u0433\u0430\u0437\u0438\u043d","item":"https:\/\/skyline-gs.com\/cs\/shop\/"},{"@type":"ListItem","position":3,"name":"\u0421\u0435\u0440\u0435\u043d\u0433\u0435\u0442\u0438 \u0438 \u041d\u0433\u043e\u0440\u043e\u043d\u0433\u043e\u0440\u043e (3 \u0434\u043d\u044f)"}]},{"@type":"WebSite","@id":"https:\/\/skyline-gs.com\/it\/#website","url":"https:\/\/skyline-gs.com\/it\/","name":"Skyline T\u00far\u00e1k","description":"Exkluz\u00edv kir\u00e1ndul\u00e1sok a vil\u00e1g legjobb \u00fcd\u00fcl\u0151helyein","publisher":{"@id":"https:\/\/skyline-gs.com\/it\/#organization"},"alternateName":"Skyline","potentialAction":[{"@type":"SearchAction","target":{"@type":"EntryPoint","urlTemplate":"https:\/\/skyline-gs.com\/it\/?s={search_term_string}"},"query-input":{"@type":"PropertyValueSpecification","valueRequired":true,"valueName":"search_term_string"}}],"inLanguage":"hu"},{"@type":"Organization","@id":"https:\/\/skyline-gs.com\/it\/#organization","name":"Skyline T\u00far\u00e1k","alternateName":"\u042d\u043a\u0441\u043a\u0443\u0440\u0441\u0438\u0438 Skyline","url":"https:\/\/skyline-gs.com\/it\/","logo":{"@type":"ImageObject","inLanguage":"hu","@id":"https:\/\/skyline-gs.com\/it\/#\/schema\/logo\/image\/","url":"https:\/\/skyline-gs.com\/wp-content\/uploads\/2020\/12\/cropped-logo-2.png","contentUrl":"https:\/\/skyline-gs.com\/wp-content\/uploads\/2020\/12\/cropped-logo-2.png","width":512,"height":512,"caption":"\u042d\u043a\u0441\u043a\u0443\u0440\u0441\u0438\u0438 Skyline"},"image":{"@id":"https:\/\/skyline-gs.com\/it\/#\/schema\/logo\/image\/"},"sameAs":["https:\/\/www.instagram.com\/skylineglobalservice\/"]}]}},"_links":{"self":[{"href":"https:\/\/skyline-gs.com\/hu\/wp-json\/wp\/v2\/product\/25450","targetHints":{"allow":["GET"]}}],"collection":[{"href":"https:\/\/skyline-gs.com\/hu\/wp-json\/wp\/v2\/product"}],"about":[{"href":"https:\/\/skyline-gs.com\/hu\/wp-json\/wp\/v2\/types\/product"}],"version-history":[{"count":0,"href":"https:\/\/skyline-gs.com\/hu\/wp-json\/wp\/v2\/product\/25450\/revisions"}],"wp:featuredmedia":[{"embeddable":true,"href":"https:\/\/skyline-gs.com\/hu\/wp-json\/wp\/v2\/media\/25774"}],"wp:attachment":[{"href":"https:\/\/skyline-gs.com\/hu\/wp-json\/wp\/v2\/media?parent=25450"}],"wp:term":[{"taxonomy":"product_brand","embeddable":true,"href":"https:\/\/skyline-gs.com\/hu\/wp-json\/wp\/v2\/product_brand?post=25450"},{"taxonomy":"product_cat","embeddable":true,"href":"https:\/\/skyline-gs.com\/hu\/wp-json\/wp\/v2\/product_cat?post=25450"},{"taxonomy":"product_tag","embeddable":true,"href":"https:\/\/skyline-gs.com\/hu\/wp-json\/wp\/v2\/product_tag?post=25450"}],"curies":[{"name":"wp","href":"https:\/\/api.w.org\/{rel}","templated":true}]}}