{"id":25449,"date":"2021-01-05T12:19:04","date_gmt":"2021-01-05T09:19:04","guid":{"rendered":"http:\/\/zanzibar.skyline-gs.com\/?post_type=product&#038;p=18044"},"modified":"2024-01-24T17:10:47","modified_gmt":"2024-01-24T15:10:47","slug":"tarangire-ngorongoro-kilimanjaro-and-the-tribe-of-masai-3-days-zanzibar","status":"publish","type":"product","link":"https:\/\/skyline-gs.com\/hu\/product\/tarangire-ngorongoro-kilimanjaro-and-the-tribe-of-masai-3-days-zanzibar\/","title":{"rendered":"Tarangire, Ngorongoro, Kilimandzs\u00e1r\u00f3 \u00e9s a masz\u00e1j t\u00f6rzs 3 nap"},"content":{"rendered":"<p><strong>1. NAP: Tarangire - Masai Boma<\/strong><\/p>\n<p>Kijelentkez\u00e9s a sz\u00e1llod\u00e1b\u00f3l 05:30-kor. Indul\u00e1s a zanzib\u00e1ri rep\u00fcl\u0151t\u00e9rr\u0151l 07:30-kor.<\/p>\n<p>\u00c9rkez\u00e9s az arushai rep\u00fcl\u0151t\u00e9rre 08:50-kor. Indul\u00e1s a Tarangire Nemzeti Parkba.<\/p>\n<p>A Tarangire Nemzeti Park \u00e9l\u0151vil\u00e1ga ugyanolyan gy\u00f6ny\u00f6r\u0171, mint a t\u00e1j, szinte minden \u00e1llat megtal\u00e1lhat\u00f3 ebben a parkban, de a legnagyobb elef\u00e1ntpopul\u00e1ci\u00f3val b\u00fcszk\u00e9lkedhet. Az eb\u00e9dhez k\u00f6zelebb egy fest\u0151i p\u00e1zsiton piknikez\u0151 meg\u00e1ll\u00f3t tartunk. Eb\u00e9d ut\u00e1n estig folytatjuk szafarinkat a parkban. A szafari v\u00e9g\u00e9n megl\u00e1togatjuk a masz\u00e1j t\u00f6rzset, majd a sz\u00e1llod\u00e1ban \u00e9jszak\u00e1zunk.<\/p>\n<p><strong>2. NAP: Ngorongoro<\/strong><\/p>\n<p><span class=\"gmail-s1\">Korai reggeli. Transzfer az egyed\u00fcl\u00e1ll\u00f3 Ngorongoro Vadrezerv\u00e1tumba, amely t\u00f6bb mint 25 000 \u00e1llatfajnak ad otthont. K\u00f6r\u00fclbel\u00fcl egy \u00f3r\u00e1val az indul\u00e1s ut\u00e1n a kr\u00e1ter belsej\u00e9ben tal\u00e1lja mag\u00e1t. Szavann\u00e1i \u00e9s hegyi erdei v\u00edzilovaknak, b\u00f6l\u00e9nyeknek, antilopoknak, zebr\u00e1knak, fekete orrszarv\u00faaknak \u00e9s k\u00fcl\u00f6nf\u00e9le ragadoz\u00f3knak - oroszl\u00e1noknak, gep\u00e1rdoknak, hi\u00e9n\u00e1knak, leop\u00e1rdoknak \u00e9s sak\u00e1loknak - adnak otthont. A Magadi-t\u00f3n\u00e1l, a kr\u00e1ter alj\u00e1n pedig r\u00f3zsasz\u00edn flaming\u00f3k \u00e9lnek.<span class=\"gmail-Apple-converted-space\">\u00a0Eb\u00e9d. A szafari folytat\u00e1sa.<\/span><\/span><\/p>\n<p>A szafari v\u00e9g\u00e9n transzfer Moshi v\u00e1ros\u00e1ba \u00e9jszak\u00e1z\u00e1sra. \u00c9jszakai sz\u00e1ll\u00e1s a Kilimandzs\u00e1r\u00f3ra n\u00e9z\u0151 leny\u0171g\u00f6z\u0151 kil\u00e1t\u00e1ssal rendelkez\u0151 sz\u00e1llod\u00e1ban.<\/p>\n<p><strong>3. nap: Kilimandzs\u00e1r\u00f3<\/strong><\/p>\n<p>Reggeli a mohi sz\u00e1llod\u00e1ban.  Ismerje meg a napfelkelt\u00e9t a Kilimandzs\u00e1r\u00f3ra ny\u00edl\u00f3 kil\u00e1t\u00e1ssal. Ezen a napon a legend\u00e1s Kilimandzs\u00e1r\u00f3 vulk\u00e1n els\u0151 szintj\u00e9re utazik.<br \/>\nA mai t\u00fara a Kilimandzs\u00e1r\u00f3 z\u00f6ld erdein kereszt\u00fcl vezet, megl\u00e1togatjuk a gy\u00f6ny\u00f6r\u0171 Materuni v\u00edzes\u00e9st, k\u00e1v\u00e9\u00fcltetv\u00e9nyeket l\u00e1togatunk meg, megk\u00f3stoljuk a hagyom\u00e1nyos Chaga t\u00f6rzsi konyh\u00e1t, majd 19:30-kor indulunk a rep\u00fcl\u0151t\u00e9rre a Zanzabirba tart\u00f3 j\u00e1ratra.<\/p>\n<p><strong>Mit tartalmaz:<\/strong><\/p>\n<ul>\n<li>Zanzib\u00e1r-Arusha-Zanzib\u00e1r j\u00e1rat;<\/li>\n<li>Minden transzfer \u00fatk\u00f6zben t\u00f6rt\u00e9nik;<\/li>\n<li>Tal\u00e1lkozzon a csoporttal a rep\u00fcl\u0151t\u00e9ren;<\/li>\n<li>Sz\u00e1ll\u00e1s a programnak megfelel\u0151 sz\u00e1llod\u00e1kban \u00e9s sz\u00e1ll\u00e1sokon;<\/li>\n<li>Napi h\u00e1romszori \u00e9tkez\u00e9s a szafarin;<\/li>\n<li>Palackozott v\u00edz \u00e9s \u00fcd\u00edt\u0151italok fogyaszt\u00e1sa a t\u00fara sor\u00e1n;<\/li>\n<li>Orvosi csomag;<\/li>\n<li>K\u00e9pzett t\u00faravezet\u0151 - vad\u0151r k\u00eds\u00e9ret\u00e9ben;<\/li>\n<li>Szafarik \u00e9s kir\u00e1ndul\u00e1sok a programon 4*4-es n\u00e9gyker\u00e9k-meghajt\u00e1s\u00fa szafari dzsippel;<\/li>\n<li>A Kilimandzs\u00e1r\u00f3 els\u0151 szintj\u00e9nek megm\u00e1sz\u00e1sa<\/li>\n<li>Nemzeti parkok bel\u00e9p\u0151d\u00edjai.<\/li>\n<\/ul>\n<p><strong>L\u00e9nyeges:<\/strong><\/p>\n<ul>\n<li>\u00datlev\u00e9l. B\u00e1r Zanzib\u00e1r Tanz\u00e1nia r\u00e9sze, a rep\u00fcl\u0151t\u00e9ren mindannyian \u00e1tmegy\u00fcnk az \u00fatlev\u00e9l-ellen\u0151rz\u00e9sen;<\/li>\n<li>K\u00e9nyelmes cip\u0151 \u00e9s ruh\u00e1zat. K\u00f6nny\u0171 nadr\u00e1g, hossz\u00fa ujj\u00fa ing, p\u00f3l\u00f3, szem\u00e9lyes t\u00e1rgyak (legfeljebb 5 kg);<\/li>\n<li>Egy kab\u00e1t, es\u0151 vagy h\u0171v\u00f6s est\u00e9k eset\u00e9n;<\/li>\n<li>Fot\u00f3-vide\u00f3 felszerel\u00e9s. El\u0151zetesen t\u00f6ltse fel eszk\u00f6zeit;<\/li>\n<li>V\u00e1ltsd \u00e1t a p\u00e9nzed kis c\u00edmletekre. Ezek hasznosak az aj\u00e1nd\u00e9kt\u00e1rgyakra \u00e9s a borraval\u00f3ra a park\u0151r\u00f6knek. Az aj\u00e1nlott borraval\u00f3 5$ szem\u00e9lyenk\u00e9nt;<\/li>\n<li>Reggeli uzsonna (a sz\u00e1lloda recepci\u00f3j\u00e1n elmagyar\u00e1zza, hogy kora reggel indulnak kir\u00e1ndulni, \u00e9s sz\u00fcks\u00e9g\u00fck van egy eb\u00e9ddobozra, a sz\u00e1llod\u00e1k ingyenesen biztos\u00edtj\u00e1k ezt a szolg\u00e1ltat\u00e1st);<\/li>\n<li><span class=\"fontstyle0\">Napszem\u00fcveg \u00e9s panama, naptej;<\/span><\/li>\n<li><span class=\"fontstyle0\">Szem\u00e9lyi higi\u00e9niai term\u00e9kek, szem\u00e9lyes els\u0151seg\u00e9lycsomag;<\/span><\/li>\n<li><span class=\"fontstyle0\">K\u00e9zfert\u0151tlen\u00edt\u0151 g\u00e9l.<\/span><\/li>\n<\/ul>","protected":false},"excerpt":{"rendered":"<p>\u0414\u0415\u041d\u042c 1: \u0422\u0430\u0440\u0430\u043d\u0433\u0438\u0440\u0435 \u2014 \u041c\u0430\u0441\u0430\u0438 \u0411\u043e\u043c\u0430 \u0412\u044b\u0435\u0437\u0434 \u0438\u0437 \u043e\u0442\u0435\u043b\u044f \u0432 05:30 \u0443\u0442\u0440\u0430. \u0412\u044b\u043b\u0435\u0442 \u0438\u0437 \u0430\u044d\u0440\u043e\u043f\u043e\u0440\u0442\u0430 \u0417\u0430\u043d\u0437\u0438\u0431\u0430\u0440 \u0432 07:30. \u041f\u0440\u0438\u0431\u044b\u0442\u0438\u0435 \u0432 \u0430\u044d\u0440\u043e\u043f\u043e\u0440\u0442 \u0433\u043e\u0440\u043e\u0434\u0430 \u0410\u0440\u0443\u0448\u0430 \u0432 08:50. \u0412\u044b\u0435\u0437\u0434 \u0432 \u041d\u0430\u0446\u0438\u043e\u043d\u0430\u043b\u044c\u043d\u044b\u0439 \u043f\u0430\u0440\u043a \u0422\u0430\u0440\u0430\u043d\u0433\u0438\u0440\u0435. \u0414\u0438\u043a\u0430\u044f \u043f\u0440\u0438\u0440\u043e\u0434\u0430 \u041d\u0430\u0446\u0438\u043e\u043d\u0430\u043b\u044c\u043d\u043e\u0433\u043e \u043f\u0430\u0440\u043a\u0430 \u0422\u0430\u0440\u0430\u043d\u0433\u0438\u0440\u0435 \u0442\u0430\u043a\u0436\u0435 \u043f\u0440\u0435\u043a\u0440\u0430\u0441\u043d\u0430 \u043a\u0430\u043a \u0438 \u0435\u0433\u043e \u043f\u0435\u0439\u0437\u0430\u0436\u0438, \u0432 \u044d\u0442\u043e\u043c \u043f\u0430\u0440\u043a\u0435 \u043c\u043e\u0436\u043d\u043e \u0432\u0441\u0442\u0440\u0435\u0442\u0438\u0442\u044c \u043f\u0440\u0430\u043a\u0442\u0438\u0447\u0435\u0441\u043a\u0438 \u0432\u0441\u0435\u0445 \u0436\u0438\u0432\u043e\u0442\u043d\u044b\u0445, \u043d\u043e \u0435\u0433\u043e \u0433\u043e\u0440\u0434\u043e\u0441\u0442\u044c\u044e \u044f\u0432\u043b\u044f\u0435\u0442\u0441\u044f \u043a\u0440\u0443\u043f\u043d\u0435\u0439\u0448\u0430\u044f \u043f\u043e\u043f\u0443\u043b\u044f\u0446\u0438\u044f&#8230;<\/p>","protected":false},"featured_media":31669,"template":"","meta":{"_kad_post_transparent":"default","_kad_post_title":"","_kad_post_layout":"default","_kad_post_sidebar_id":"","_kad_post_content_style":"default","_kad_post_vertical_padding":"default","_kad_post_feature":"","_kad_post_feature_position":"","_kad_post_header":false,"_kad_post_footer":false,"_kad_post_classname":"","_glsr_average":0,"_glsr_ranking":0,"_glsr_reviews":0},"product_brand":[],"product_cat":[455],"product_tag":[],"class_list":{"0":"post-25449","1":"product","2":"type-product","3":"status-publish","4":"has-post-thumbnail","6":"product_cat-zanzibar","7":"tm-has-options","9":"first","10":"instock","11":"sold-individually","12":"taxable","13":"shipping-taxable","14":"purchasable","15":"product-type-simple","16":"entry","17":"content-bg","18":"loop-entry"},"yoast_head":"<!-- This site is optimized with the Yoast SEO plugin v27.3 - https:\/\/yoast.com\/product\/yoast-seo-wordpress\/ -->\n<title>\u0422\u0430\u0440\u0430\u043d\u0433\u0438\u0440\u0435, \u041d\u0433\u043e\u0440\u043e\u043d\u0433\u043e\u0440\u043e, \u041a\u0438\u043b\u0438\u043c\u0430\u043d\u0434\u0436\u0430\u0440\u043e \u0438 \u043f\u043b\u0435\u043c\u044f \u041c\u0430\u0441\u0430\u0438 3 \u0434\u043d\u044f &#8226; \u042d\u043a\u0441\u043a\u0443\u0440\u0441\u0438\u0438 Skyline<\/title>\n<meta name=\"robots\" content=\"index, follow, max-snippet:-1, max-image-preview:large, max-video-preview:-1\" \/>\n<link rel=\"canonical\" href=\"https:\/\/skyline-gs.com\/hu\/termek\/tarangire-ngorongoro-kilimanjaro-and-the-tribe-of-masai-3-days-zanzibar\/\" \/>\n<meta property=\"og:locale\" content=\"hu_HU\" \/>\n<meta property=\"og:type\" content=\"article\" \/>\n<meta property=\"og:title\" content=\"\u0422\u0430\u0440\u0430\u043d\u0433\u0438\u0440\u0435, \u041d\u0433\u043e\u0440\u043e\u043d\u0433\u043e\u0440\u043e, \u041a\u0438\u043b\u0438\u043c\u0430\u043d\u0434\u0436\u0430\u0440\u043e \u0438 \u043f\u043b\u0435\u043c\u044f \u041c\u0430\u0441\u0430\u0438 3 \u0434\u043d\u044f &#8226; \u042d\u043a\u0441\u043a\u0443\u0440\u0441\u0438\u0438 Skyline\" \/>\n<meta property=\"og:description\" content=\"\u0414\u0415\u041d\u042c 1: \u0422\u0430\u0440\u0430\u043d\u0433\u0438\u0440\u0435 \u2014 \u041c\u0430\u0441\u0430\u0438 \u0411\u043e\u043c\u0430 \u0412\u044b\u0435\u0437\u0434 \u0438\u0437 \u043e\u0442\u0435\u043b\u044f \u0432 05:30 \u0443\u0442\u0440\u0430. \u0412\u044b\u043b\u0435\u0442 \u0438\u0437 \u0430\u044d\u0440\u043e\u043f\u043e\u0440\u0442\u0430 \u0417\u0430\u043d\u0437\u0438\u0431\u0430\u0440 \u0432 07:30. \u041f\u0440\u0438\u0431\u044b\u0442\u0438\u0435 \u0432 \u0430\u044d\u0440\u043e\u043f\u043e\u0440\u0442 \u0433\u043e\u0440\u043e\u0434\u0430 \u0410\u0440\u0443\u0448\u0430 \u0432 08:50. \u0412\u044b\u0435\u0437\u0434 \u0432 \u041d\u0430\u0446\u0438\u043e\u043d\u0430\u043b\u044c\u043d\u044b\u0439 \u043f\u0430\u0440\u043a \u0422\u0430\u0440\u0430\u043d\u0433\u0438\u0440\u0435. \u0414\u0438\u043a\u0430\u044f \u043f\u0440\u0438\u0440\u043e\u0434\u0430 \u041d\u0430\u0446\u0438\u043e\u043d\u0430\u043b\u044c\u043d\u043e\u0433\u043e \u043f\u0430\u0440\u043a\u0430 \u0422\u0430\u0440\u0430\u043d\u0433\u0438\u0440\u0435 \u0442\u0430\u043a\u0436\u0435 \u043f\u0440\u0435\u043a\u0440\u0430\u0441\u043d\u0430 \u043a\u0430\u043a \u0438 \u0435\u0433\u043e \u043f\u0435\u0439\u0437\u0430\u0436\u0438, \u0432 \u044d\u0442\u043e\u043c \u043f\u0430\u0440\u043a\u0435 \u043c\u043e\u0436\u043d\u043e \u0432\u0441\u0442\u0440\u0435\u0442\u0438\u0442\u044c \u043f\u0440\u0430\u043a\u0442\u0438\u0447\u0435\u0441\u043a\u0438 \u0432\u0441\u0435\u0445 \u0436\u0438\u0432\u043e\u0442\u043d\u044b\u0445, \u043d\u043e \u0435\u0433\u043e \u0433\u043e\u0440\u0434\u043e\u0441\u0442\u044c\u044e \u044f\u0432\u043b\u044f\u0435\u0442\u0441\u044f \u043a\u0440\u0443\u043f\u043d\u0435\u0439\u0448\u0430\u044f \u043f\u043e\u043f\u0443\u043b\u044f\u0446\u0438\u044f...\" \/>\n<meta property=\"og:url\" content=\"https:\/\/skyline-gs.com\/hu\/termek\/tarangire-ngorongoro-kilimanjaro-and-the-tribe-of-masai-3-days-zanzibar\/\" \/>\n<meta property=\"og:site_name\" content=\"\u042d\u043a\u0441\u043a\u0443\u0440\u0441\u0438\u0438 Skyline\" \/>\n<meta property=\"article:modified_time\" content=\"2024-01-24T15:10:47+00:00\" \/>\n<meta property=\"og:image\" content=\"https:\/\/skyline-gs.com\/wp-content\/uploads\/2021\/01\/Kilimandzharo-1-of-9-1.jpg\" \/>\n\t<meta property=\"og:image:width\" content=\"900\" \/>\n\t<meta property=\"og:image:height\" content=\"600\" \/>\n\t<meta property=\"og:image:type\" content=\"image\/jpeg\" \/>\n<meta name=\"twitter:card\" content=\"summary_large_image\" \/>\n<meta name=\"twitter:label1\" content=\"Becs\u00fclt olvas\u00e1si id\u0151\" \/>\n\t<meta name=\"twitter:data1\" content=\"3 perc\" \/>\n<script type=\"application\/ld+json\" class=\"yoast-schema-graph\">{\"@context\":\"https:\\\/\\\/schema.org\",\"@graph\":[{\"@type\":\"WebPage\",\"@id\":\"https:\\\/\\\/skyline-gs.com\\\/en\\\/product-2\\\/tarangire-ngorongoro-kilimanjaro-and-the-tribe-of-masai-3-days-zanzibar\\\/\",\"url\":\"https:\\\/\\\/skyline-gs.com\\\/en\\\/product-2\\\/tarangire-ngorongoro-kilimanjaro-and-the-tribe-of-masai-3-days-zanzibar\\\/\",\"name\":\"\u0422\u0430\u0440\u0430\u043d\u0433\u0438\u0440\u0435, \u041d\u0433\u043e\u0440\u043e\u043d\u0433\u043e\u0440\u043e, \u041a\u0438\u043b\u0438\u043c\u0430\u043d\u0434\u0436\u0430\u0440\u043e \u0438 \u043f\u043b\u0435\u043c\u044f \u041c\u0430\u0441\u0430\u0438 3 \u0434\u043d\u044f &#8226; \u042d\u043a\u0441\u043a\u0443\u0440\u0441\u0438\u0438 Skyline\",\"isPartOf\":{\"@id\":\"https:\\\/\\\/skyline-gs.com\\\/it\\\/#website\"},\"primaryImageOfPage\":{\"@id\":\"https:\\\/\\\/skyline-gs.com\\\/en\\\/product-2\\\/tarangire-ngorongoro-kilimanjaro-and-the-tribe-of-masai-3-days-zanzibar\\\/#primaryimage\"},\"image\":{\"@id\":\"https:\\\/\\\/skyline-gs.com\\\/en\\\/product-2\\\/tarangire-ngorongoro-kilimanjaro-and-the-tribe-of-masai-3-days-zanzibar\\\/#primaryimage\"},\"thumbnailUrl\":\"https:\\\/\\\/skyline-gs.com\\\/wp-content\\\/uploads\\\/2021\\\/01\\\/Kilimandzharo-1-of-9-1.jpg\",\"datePublished\":\"2021-01-05T09:19:04+00:00\",\"dateModified\":\"2024-01-24T15:10:47+00:00\",\"breadcrumb\":{\"@id\":\"https:\\\/\\\/skyline-gs.com\\\/en\\\/product-2\\\/tarangire-ngorongoro-kilimanjaro-and-the-tribe-of-masai-3-days-zanzibar\\\/#breadcrumb\"},\"inLanguage\":\"hu\",\"potentialAction\":[{\"@type\":\"ReadAction\",\"target\":[\"https:\\\/\\\/skyline-gs.com\\\/en\\\/product-2\\\/tarangire-ngorongoro-kilimanjaro-and-the-tribe-of-masai-3-days-zanzibar\\\/\"]}]},{\"@type\":\"ImageObject\",\"inLanguage\":\"hu\",\"@id\":\"https:\\\/\\\/skyline-gs.com\\\/en\\\/product-2\\\/tarangire-ngorongoro-kilimanjaro-and-the-tribe-of-masai-3-days-zanzibar\\\/#primaryimage\",\"url\":\"https:\\\/\\\/skyline-gs.com\\\/wp-content\\\/uploads\\\/2021\\\/01\\\/Kilimandzharo-1-of-9-1.jpg\",\"contentUrl\":\"https:\\\/\\\/skyline-gs.com\\\/wp-content\\\/uploads\\\/2021\\\/01\\\/Kilimandzharo-1-of-9-1.jpg\",\"width\":900,\"height\":600},{\"@type\":\"BreadcrumbList\",\"@id\":\"https:\\\/\\\/skyline-gs.com\\\/en\\\/product-2\\\/tarangire-ngorongoro-kilimanjaro-and-the-tribe-of-masai-3-days-zanzibar\\\/#breadcrumb\",\"itemListElement\":[{\"@type\":\"ListItem\",\"position\":1,\"name\":\"\u0413\u043b\u0430\u0432\u043d\u0430\u044f \u0441\u0442\u0440\u0430\u043d\u0438\u0446\u0430\",\"item\":\"https:\\\/\\\/skyline-gs.com\\\/hu\\\/\"},{\"@type\":\"ListItem\",\"position\":2,\"name\":\"\u041c\u0430\u0433\u0430\u0437\u0438\u043d\",\"item\":\"https:\\\/\\\/skyline-gs.com\\\/cs\\\/shop\\\/\"},{\"@type\":\"ListItem\",\"position\":3,\"name\":\"\u0422\u0430\u0440\u0430\u043d\u0433\u0438\u0440\u0435, \u041d\u0433\u043e\u0440\u043e\u043d\u0433\u043e\u0440\u043e, \u041a\u0438\u043b\u0438\u043c\u0430\u043d\u0434\u0436\u0430\u0440\u043e \u0438 \u043f\u043b\u0435\u043c\u044f \u041c\u0430\u0441\u0430\u0438 3 \u0434\u043d\u044f\"}]},{\"@type\":\"WebSite\",\"@id\":\"https:\\\/\\\/skyline-gs.com\\\/it\\\/#website\",\"url\":\"https:\\\/\\\/skyline-gs.com\\\/it\\\/\",\"name\":\"\u042d\u043a\u0441\u043a\u0443\u0440\u0441\u0438\u0438 Skyline\",\"description\":\"\u042d\u043a\u0441\u043a\u043b\u044e\u0437\u0438\u0432\u043d\u044b\u0435 \u044d\u043a\u0441\u043a\u0443\u0440\u0441\u0438\u0438 \u043d\u0430 \u043b\u0443\u0447\u0448\u0438\u0445 \u043a\u0443\u0440\u043e\u0440\u0442\u0430\u0445 \u043c\u0438\u0440\u0430\",\"publisher\":{\"@id\":\"https:\\\/\\\/skyline-gs.com\\\/it\\\/#organization\"},\"alternateName\":\"Skyline\",\"potentialAction\":[{\"@type\":\"SearchAction\",\"target\":{\"@type\":\"EntryPoint\",\"urlTemplate\":\"https:\\\/\\\/skyline-gs.com\\\/it\\\/?s={search_term_string}\"},\"query-input\":{\"@type\":\"PropertyValueSpecification\",\"valueRequired\":true,\"valueName\":\"search_term_string\"}}],\"inLanguage\":\"hu\"},{\"@type\":\"Organization\",\"@id\":\"https:\\\/\\\/skyline-gs.com\\\/it\\\/#organization\",\"name\":\"\u042d\u043a\u0441\u043a\u0443\u0440\u0441\u0438\u0438 Skyline\",\"alternateName\":\"\u042d\u043a\u0441\u043a\u0443\u0440\u0441\u0438\u0438 Skyline\",\"url\":\"https:\\\/\\\/skyline-gs.com\\\/it\\\/\",\"logo\":{\"@type\":\"ImageObject\",\"inLanguage\":\"hu\",\"@id\":\"https:\\\/\\\/skyline-gs.com\\\/it\\\/#\\\/schema\\\/logo\\\/image\\\/\",\"url\":\"https:\\\/\\\/skyline-gs.com\\\/wp-content\\\/uploads\\\/2020\\\/12\\\/cropped-logo-2.png\",\"contentUrl\":\"https:\\\/\\\/skyline-gs.com\\\/wp-content\\\/uploads\\\/2020\\\/12\\\/cropped-logo-2.png\",\"width\":512,\"height\":512,\"caption\":\"\u042d\u043a\u0441\u043a\u0443\u0440\u0441\u0438\u0438 Skyline\"},\"image\":{\"@id\":\"https:\\\/\\\/skyline-gs.com\\\/it\\\/#\\\/schema\\\/logo\\\/image\\\/\"},\"sameAs\":[\"https:\\\/\\\/www.instagram.com\\\/skylineglobalservice\\\/\"]}]}<\/script>\n<!-- \/ Yoast SEO plugin. -->","yoast_head_json":{"title":"\u0422\u0430\u0440\u0430\u043d\u0433\u0438\u0440\u0435, \u041d\u0433\u043e\u0440\u043e\u043d\u0433\u043e\u0440\u043e, \u041a\u0438\u043b\u0438\u043c\u0430\u043d\u0434\u0436\u0430\u0440\u043e \u0438 \u043f\u043b\u0435\u043c\u044f \u041c\u0430\u0441\u0430\u0438 3 \u0434\u043d\u044f &#8226; \u042d\u043a\u0441\u043a\u0443\u0440\u0441\u0438\u0438 Skyline","robots":{"index":"index","follow":"follow","max-snippet":"max-snippet:-1","max-image-preview":"max-image-preview:large","max-video-preview":"max-video-preview:-1"},"canonical":"https:\/\/skyline-gs.com\/hu\/termek\/tarangire-ngorongoro-kilimanjaro-and-the-tribe-of-masai-3-days-zanzibar\/","og_locale":"hu_HU","og_type":"article","og_title":"\u0422\u0430\u0440\u0430\u043d\u0433\u0438\u0440\u0435, \u041d\u0433\u043e\u0440\u043e\u043d\u0433\u043e\u0440\u043e, \u041a\u0438\u043b\u0438\u043c\u0430\u043d\u0434\u0436\u0430\u0440\u043e \u0438 \u043f\u043b\u0435\u043c\u044f \u041c\u0430\u0441\u0430\u0438 3 \u0434\u043d\u044f &#8226; \u042d\u043a\u0441\u043a\u0443\u0440\u0441\u0438\u0438 Skyline","og_description":"\u0414\u0415\u041d\u042c 1: \u0422\u0430\u0440\u0430\u043d\u0433\u0438\u0440\u0435 \u2014 \u041c\u0430\u0441\u0430\u0438 \u0411\u043e\u043c\u0430 \u0412\u044b\u0435\u0437\u0434 \u0438\u0437 \u043e\u0442\u0435\u043b\u044f \u0432 05:30 \u0443\u0442\u0440\u0430. \u0412\u044b\u043b\u0435\u0442 \u0438\u0437 \u0430\u044d\u0440\u043e\u043f\u043e\u0440\u0442\u0430 \u0417\u0430\u043d\u0437\u0438\u0431\u0430\u0440 \u0432 07:30. \u041f\u0440\u0438\u0431\u044b\u0442\u0438\u0435 \u0432 \u0430\u044d\u0440\u043e\u043f\u043e\u0440\u0442 \u0433\u043e\u0440\u043e\u0434\u0430 \u0410\u0440\u0443\u0448\u0430 \u0432 08:50. \u0412\u044b\u0435\u0437\u0434 \u0432 \u041d\u0430\u0446\u0438\u043e\u043d\u0430\u043b\u044c\u043d\u044b\u0439 \u043f\u0430\u0440\u043a \u0422\u0430\u0440\u0430\u043d\u0433\u0438\u0440\u0435. \u0414\u0438\u043a\u0430\u044f \u043f\u0440\u0438\u0440\u043e\u0434\u0430 \u041d\u0430\u0446\u0438\u043e\u043d\u0430\u043b\u044c\u043d\u043e\u0433\u043e \u043f\u0430\u0440\u043a\u0430 \u0422\u0430\u0440\u0430\u043d\u0433\u0438\u0440\u0435 \u0442\u0430\u043a\u0436\u0435 \u043f\u0440\u0435\u043a\u0440\u0430\u0441\u043d\u0430 \u043a\u0430\u043a \u0438 \u0435\u0433\u043e \u043f\u0435\u0439\u0437\u0430\u0436\u0438, \u0432 \u044d\u0442\u043e\u043c \u043f\u0430\u0440\u043a\u0435 \u043c\u043e\u0436\u043d\u043e \u0432\u0441\u0442\u0440\u0435\u0442\u0438\u0442\u044c \u043f\u0440\u0430\u043a\u0442\u0438\u0447\u0435\u0441\u043a\u0438 \u0432\u0441\u0435\u0445 \u0436\u0438\u0432\u043e\u0442\u043d\u044b\u0445, \u043d\u043e \u0435\u0433\u043e \u0433\u043e\u0440\u0434\u043e\u0441\u0442\u044c\u044e \u044f\u0432\u043b\u044f\u0435\u0442\u0441\u044f \u043a\u0440\u0443\u043f\u043d\u0435\u0439\u0448\u0430\u044f \u043f\u043e\u043f\u0443\u043b\u044f\u0446\u0438\u044f...","og_url":"https:\/\/skyline-gs.com\/hu\/termek\/tarangire-ngorongoro-kilimanjaro-and-the-tribe-of-masai-3-days-zanzibar\/","og_site_name":"\u042d\u043a\u0441\u043a\u0443\u0440\u0441\u0438\u0438 Skyline","article_modified_time":"2024-01-24T15:10:47+00:00","og_image":[{"width":900,"height":600,"url":"https:\/\/skyline-gs.com\/wp-content\/uploads\/2021\/01\/Kilimandzharo-1-of-9-1.jpg","type":"image\/jpeg"}],"twitter_card":"summary_large_image","twitter_misc":{"Becs\u00fclt olvas\u00e1si id\u0151":"3 perc"},"schema":{"@context":"https:\/\/schema.org","@graph":[{"@type":"WebPage","@id":"https:\/\/skyline-gs.com\/en\/product-2\/tarangire-ngorongoro-kilimanjaro-and-the-tribe-of-masai-3-days-zanzibar\/","url":"https:\/\/skyline-gs.com\/en\/product-2\/tarangire-ngorongoro-kilimanjaro-and-the-tribe-of-masai-3-days-zanzibar\/","name":"\u0422\u0430\u0440\u0430\u043d\u0433\u0438\u0440\u0435, \u041d\u0433\u043e\u0440\u043e\u043d\u0433\u043e\u0440\u043e, \u041a\u0438\u043b\u0438\u043c\u0430\u043d\u0434\u0436\u0430\u0440\u043e \u0438 \u043f\u043b\u0435\u043c\u044f \u041c\u0430\u0441\u0430\u0438 3 \u0434\u043d\u044f &#8226; \u042d\u043a\u0441\u043a\u0443\u0440\u0441\u0438\u0438 Skyline","isPartOf":{"@id":"https:\/\/skyline-gs.com\/it\/#website"},"primaryImageOfPage":{"@id":"https:\/\/skyline-gs.com\/en\/product-2\/tarangire-ngorongoro-kilimanjaro-and-the-tribe-of-masai-3-days-zanzibar\/#primaryimage"},"image":{"@id":"https:\/\/skyline-gs.com\/en\/product-2\/tarangire-ngorongoro-kilimanjaro-and-the-tribe-of-masai-3-days-zanzibar\/#primaryimage"},"thumbnailUrl":"https:\/\/skyline-gs.com\/wp-content\/uploads\/2021\/01\/Kilimandzharo-1-of-9-1.jpg","datePublished":"2021-01-05T09:19:04+00:00","dateModified":"2024-01-24T15:10:47+00:00","breadcrumb":{"@id":"https:\/\/skyline-gs.com\/en\/product-2\/tarangire-ngorongoro-kilimanjaro-and-the-tribe-of-masai-3-days-zanzibar\/#breadcrumb"},"inLanguage":"hu","potentialAction":[{"@type":"ReadAction","target":["https:\/\/skyline-gs.com\/en\/product-2\/tarangire-ngorongoro-kilimanjaro-and-the-tribe-of-masai-3-days-zanzibar\/"]}]},{"@type":"ImageObject","inLanguage":"hu","@id":"https:\/\/skyline-gs.com\/en\/product-2\/tarangire-ngorongoro-kilimanjaro-and-the-tribe-of-masai-3-days-zanzibar\/#primaryimage","url":"https:\/\/skyline-gs.com\/wp-content\/uploads\/2021\/01\/Kilimandzharo-1-of-9-1.jpg","contentUrl":"https:\/\/skyline-gs.com\/wp-content\/uploads\/2021\/01\/Kilimandzharo-1-of-9-1.jpg","width":900,"height":600},{"@type":"BreadcrumbList","@id":"https:\/\/skyline-gs.com\/en\/product-2\/tarangire-ngorongoro-kilimanjaro-and-the-tribe-of-masai-3-days-zanzibar\/#breadcrumb","itemListElement":[{"@type":"ListItem","position":1,"name":"\u0413\u043b\u0430\u0432\u043d\u0430\u044f \u0441\u0442\u0440\u0430\u043d\u0438\u0446\u0430","item":"https:\/\/skyline-gs.com\/hu\/"},{"@type":"ListItem","position":2,"name":"\u041c\u0430\u0433\u0430\u0437\u0438\u043d","item":"https:\/\/skyline-gs.com\/cs\/shop\/"},{"@type":"ListItem","position":3,"name":"\u0422\u0430\u0440\u0430\u043d\u0433\u0438\u0440\u0435, \u041d\u0433\u043e\u0440\u043e\u043d\u0433\u043e\u0440\u043e, \u041a\u0438\u043b\u0438\u043c\u0430\u043d\u0434\u0436\u0430\u0440\u043e \u0438 \u043f\u043b\u0435\u043c\u044f \u041c\u0430\u0441\u0430\u0438 3 \u0434\u043d\u044f"}]},{"@type":"WebSite","@id":"https:\/\/skyline-gs.com\/it\/#website","url":"https:\/\/skyline-gs.com\/it\/","name":"Skyline T\u00far\u00e1k","description":"Exkluz\u00edv kir\u00e1ndul\u00e1sok a vil\u00e1g legjobb \u00fcd\u00fcl\u0151helyein","publisher":{"@id":"https:\/\/skyline-gs.com\/it\/#organization"},"alternateName":"Skyline","potentialAction":[{"@type":"SearchAction","target":{"@type":"EntryPoint","urlTemplate":"https:\/\/skyline-gs.com\/it\/?s={search_term_string}"},"query-input":{"@type":"PropertyValueSpecification","valueRequired":true,"valueName":"search_term_string"}}],"inLanguage":"hu"},{"@type":"Organization","@id":"https:\/\/skyline-gs.com\/it\/#organization","name":"Skyline T\u00far\u00e1k","alternateName":"\u042d\u043a\u0441\u043a\u0443\u0440\u0441\u0438\u0438 Skyline","url":"https:\/\/skyline-gs.com\/it\/","logo":{"@type":"ImageObject","inLanguage":"hu","@id":"https:\/\/skyline-gs.com\/it\/#\/schema\/logo\/image\/","url":"https:\/\/skyline-gs.com\/wp-content\/uploads\/2020\/12\/cropped-logo-2.png","contentUrl":"https:\/\/skyline-gs.com\/wp-content\/uploads\/2020\/12\/cropped-logo-2.png","width":512,"height":512,"caption":"\u042d\u043a\u0441\u043a\u0443\u0440\u0441\u0438\u0438 Skyline"},"image":{"@id":"https:\/\/skyline-gs.com\/it\/#\/schema\/logo\/image\/"},"sameAs":["https:\/\/www.instagram.com\/skylineglobalservice\/"]}]}},"_links":{"self":[{"href":"https:\/\/skyline-gs.com\/hu\/wp-json\/wp\/v2\/product\/25449","targetHints":{"allow":["GET"]}}],"collection":[{"href":"https:\/\/skyline-gs.com\/hu\/wp-json\/wp\/v2\/product"}],"about":[{"href":"https:\/\/skyline-gs.com\/hu\/wp-json\/wp\/v2\/types\/product"}],"version-history":[{"count":0,"href":"https:\/\/skyline-gs.com\/hu\/wp-json\/wp\/v2\/product\/25449\/revisions"}],"wp:featuredmedia":[{"embeddable":true,"href":"https:\/\/skyline-gs.com\/hu\/wp-json\/wp\/v2\/media\/31669"}],"wp:attachment":[{"href":"https:\/\/skyline-gs.com\/hu\/wp-json\/wp\/v2\/media?parent=25449"}],"wp:term":[{"taxonomy":"product_brand","embeddable":true,"href":"https:\/\/skyline-gs.com\/hu\/wp-json\/wp\/v2\/product_brand?post=25449"},{"taxonomy":"product_cat","embeddable":true,"href":"https:\/\/skyline-gs.com\/hu\/wp-json\/wp\/v2\/product_cat?post=25449"},{"taxonomy":"product_tag","embeddable":true,"href":"https:\/\/skyline-gs.com\/hu\/wp-json\/wp\/v2\/product_tag?post=25449"}],"curies":[{"name":"wp","href":"https:\/\/api.w.org\/{rel}","templated":true}]}}