{"id":25332,"date":"2022-10-21T20:29:30","date_gmt":"2022-10-21T17:29:30","guid":{"rendered":"https:\/\/hurghada.skyline-gs.com\/?post_type=product&#038;p=25332"},"modified":"2024-12-15T20:01:21","modified_gmt":"2024-12-15T18:01:21","slug":"monasteries-of-saint-anthony-and-paul","status":"publish","type":"product","link":"https:\/\/skyline-gs.com\/hu\/product\/monasteries-of-saint-anthony-and-paul\/","title":{"rendered":"A Szent Antal \u00e9s Szent P\u00e1l kolostorok"},"content":{"rendered":"<p>4:00 \u0443\u0442\u0440\u0430 \u0432\u044b\u0435\u0437\u0434 \u0438\u0437 \u043e\u0442\u0435\u043b\u044f. \u0414\u043e\u0440\u043e\u0433\u0430 \u0432 \u043e\u0434\u043d\u0443 \u0441\u0442\u043e\u0440\u043e\u043d\u0443 \u0437\u0430\u0439\u043c\u0435\u0442 \u043e\u043a\u043e\u043b\u043e 3,5 \u0447\u0430\u0441\u043e\u0432. \u041c\u043e\u043d\u0430\u0441\u0442\u044b\u0440\u0438 \u0421\u0432\u044f\u0442\u043e\u0433\u043e \u0410\u043d\u0442\u043e\u043d\u0438\u044f \u0438 \u041f\u0430\u0432\u043b\u0430 \u2013 \u0441\u0430\u043c\u044b\u0435 \u0441\u0442\u0430\u0440\u0438\u043d\u043d\u044b\u0435 \u0445\u0440\u0438\u0441\u0442\u0438\u0430\u043d\u0441\u043a\u0438\u0435 \u043c\u043e\u043d\u0430\u0441\u0442\u044b\u0440\u0438 \u0432 \u041c\u0438\u0440\u0435, \u043e\u0441\u043d\u043e\u0432\u0430\u043d\u043d\u044b\u0435 \u0432 \u0447\u0435\u0442\u0432\u0435\u0440\u0442\u043e\u043c \u0432\u0435\u043a\u0435 \u043d\u0430\u0448\u0435\u0439 \u044d\u0440\u044b \u0441\u0440\u0435\u0434\u0438 \u0441\u043a\u0430\u043b \u0413\u0430\u043b\u0430\u043b\u0430 \u0410\u043b\u044c-\u041a\u0438\u0431\u043b\u0438\u044f. \u041e\u0431\u0430 \u043c\u043e\u043d\u0430\u0441\u0442\u044b\u0440\u044f \u0441\u0447\u0438\u0442\u0430\u044e\u0442\u0441\u044f \u0441\u0432\u044f\u0449\u0435\u043d\u043d\u044b\u043c\u0438 \u0434\u043b\u044f \u041a\u043e\u043f\u0442\u0441\u043a\u043e\u0439 \u0446\u0435\u0440\u043a\u0432\u0438 \u0432 \u0415\u0433\u0438\u043f\u0442\u0435. \u0421\u0435\u0433\u043e\u0434\u043d\u044f \u0437\u0434\u0435\u0441\u044c \u043f\u0440\u043e\u0436\u0438\u0432\u0430\u0435\u0442 \u0431\u043e\u043b\u0435\u0435 100 \u043c\u043e\u043d\u0430\u0445\u043e\u0432. \u0412\u044b \u0443\u0432\u0438\u0434\u0438\u0442\u0435 \u0431\u0438\u0431\u043b\u0438\u043e\u0442\u0435\u043a\u0443 \u0421\u0432\u044f\u0442\u043e\u0433\u043e \u0410\u043d\u0442\u043e\u043d\u0438\u044f, \u0435\u0433\u043e \u0441\u0440\u0435\u0434\u043d\u0435\u0432\u0435\u043a\u043e\u0432\u044b\u0435 \u043a\u0430\u0440\u0442\u0438\u043d\u044b. \u0412 \u0431\u0438\u0431\u043b\u0438\u043e\u0442\u0435\u043a\u0435 \u0445\u0440\u0430\u043d\u044f\u0442\u0441\u044f \u0446\u0435\u043d\u043d\u044b\u0435 \u0434\u0440\u0435\u0432\u043d\u0438\u0435 \u0440\u0443\u043a\u043e\u043f\u0438\u0441\u0438. \u041c\u043e\u043d\u0430\u0441\u0442\u044b\u0440\u044c \u0421\u0432\u044f\u0442\u043e\u0433\u043e \u041f\u0430\u0432\u043b\u0430 \u0431\u044b\u043b \u043f\u043e\u0441\u0442\u0440\u043e\u0435\u043d \u043d\u0430\u0434 \u043f\u0435\u0449\u0435\u0440\u043e\u0439 \u0421\u0432\u044f\u0442\u043e\u0433\u043e \u041f\u0430\u0432\u043b\u0430. \u041e\u043d \u0436\u0438\u043b \u0432 4 \u0432\u0435\u043a\u0435 \u043d\u0430\u0448\u0435\u0439 \u044d\u0440\u044b. \u041e\u043d \u043f\u0440\u0435\u0434\u043f\u043e\u0447\u0435\u043b \u0430\u0441\u043a\u0435\u0442\u0438\u0447\u0435\u0441\u043a\u0443\u044e \u0436\u0438\u0437\u043d\u044c \u0432 \u043f\u0443\u0441\u0442\u044b\u043d\u0435 \u043a\u043e\u043c\u0444\u043e\u0440\u0442\u0443 \u0433\u043e\u0440\u043e\u0434\u0430 \u0438 \u043f\u043e\u0441\u0432\u044f\u0442\u0438\u043b \u0441\u0432\u043e\u044e \u0436\u0438\u0437\u043d\u044c \u043f\u043e\u043a\u043b\u043e\u043d\u0435\u043d\u0438\u044e \u0411\u043e\u0433\u0443. \u0412 \u043b\u0435\u0433\u0435\u043d\u0434\u0435 \u0441\u0430\u043c \u0411\u043e\u0433 \u043f\u043e\u0441\u044b\u043b\u0430\u043b \u0435\u043c\u0443 \u0445\u043b\u0435\u0431, \u0430 \u043c\u043e\u0433\u0438\u043b\u0443 \u0435\u043c\u0443 \u0432\u044b\u0440\u044b\u043b\u0438 \u043b\u044c\u0432\u044b, \u043f\u043e\u0441\u043b\u0435 \u0435\u0433\u043e \u0441\u043c\u0435\u0440\u0442\u0438 \u0432 \u0432\u043e\u0437\u0440\u0430\u0441\u0442\u0435 105 \u043b\u0435\u0442. \u042d\u0442\u043e \u0434\u0440\u0435\u0432\u043d\u0435\u0435 \u0435\u0433\u0438\u043f\u0435\u0442\u0441\u043a\u043e\u0435 \u043d\u0430\u0441\u043b\u0435\u0434\u0438\u0435 \u0441\u0442\u043e\u0438\u0442 \u0443\u0432\u0438\u0434\u0435\u0442\u044c \u043a\u0430\u0436\u0434\u043e\u043c\u0443. \u041e\u0431\u0440\u0430\u0442\u043d\u0430\u044f \u0434\u043e\u0440\u043e\u0433\u0430 \u0432 \u0425\u0443\u0440\u0433\u0430\u0434\u0443. 19:00 \u0432\u043e\u0437\u0432\u0440\u0430\u0449\u0435\u043d\u0438\u0435 \u0432 \u043e\u0442\u0435\u043b\u044c.<\/p>\n<p><strong>Tartalmazza:<\/strong><\/p>\n<ul>\n<li>Transzfer a sz\u00e1llod\u00e1b\u00f3l \u00e9s a sz\u00e1llod\u00e1ba<\/li>\n<li>A programban szerepl\u0151 \u00f6sszes \u00e1tutal\u00e1s<\/li>\n<li>Magyarul besz\u00e9l\u0151 idegenvezet\u0151<\/li>\n<li>Bel\u00e9p\u0151jegyek<\/li>\n<\/ul>\n<p><strong>Nem tartalmazza:<\/strong><\/p>\n<ul>\n<li>Eb\u00e9d \u00e9s italok<\/li>\n<li>Transzferek Sahl Hasheesh, Makadi Bay, El Gouna +$10 oda-vissza (legfeljebb 6 f\u0151s csoportonk\u00e9nt).<\/li>\n<li>Transzfer a Soma Bay, Safaga vid\u00e9ki sz\u00e1llod\u00e1kb\u00f3l +$20 oda-vissza (csoportonk\u00e9nt legfeljebb 6 f\u0151ig)<\/li>\n<li>\u0411\u043b\u0430\u0433\u043e\u0442\u0432\u043e\u0440\u0438\u0442\u0435\u043b\u044c\u043d\u043e\u0441\u0442\u044c \u0432 \u043c\u043e\u043d\u0430\u0441\u0442\u044b\u0440\u0435 (\u043f\u043e \u0436\u0435\u043b\u0430\u043d\u0438\u044e)<\/li>\n<\/ul>\n<p><strong>Vigy\u00e9l magaddal:<\/strong><\/p>\n<ul>\n<li>\u00datlev\u00e9l<\/li>\n<li>Fejd\u00edsz<\/li>\n<li>P\u00e9nz szem\u00e9lyes kiad\u00e1sokra \u00e9s aj\u00e1nd\u00e9kt\u00e1rgyakra<\/li>\n<li>Szem\u00e9lyi \u00e1pol\u00f3szerek<\/li>\n<li>Iv\u00f3v\u00edz<\/li>\n<li>Reggeli harapnival\u00f3 (az hotel recepci\u00f3j\u00e1n jelezze, hogy kor\u00e1n reggel indul egy kir\u00e1ndul\u00e1sra, \u00e9s k\u00e9sz\u00edtsenek \u00d6nnek egy eb\u00e9dcsomagot, a sz\u00e1llod\u00e1k ezt a szolg\u00e1ltat\u00e1st ingyen biztos\u00edtj\u00e1k);<\/li>\n<li>K\u00e9nyelmes cip\u0151<\/li>\n<li>Meleg ruh\u00e1zat az utaz\u00e1shoz (t\u00e9len)<\/li>\n<li>\u0414\u0435\u043d\u044c\u0433\u0438 \u043d\u0430 \u043b\u0438\u0447\u043d\u044b\u0435 \u0440\u0430\u0441\u0445\u043e\u0434\u044b (\u043c\u043e\u0436\u043d\u043e \u043e\u0441\u0442\u0430\u0432\u0438\u0442\u044c \u043c\u043e\u043d\u0430\u0445\u0430\u043c \u043f\u043e\u0436\u0435\u0440\u0442\u0432\u043e\u0432\u0430\u043d\u0438\u0435 \u0438\u043b\u0438 \u043a\u0443\u043f\u0438\u0442\u044c \u0441\u0443\u0432\u0435\u043d\u0438\u0440\u044b)<\/li>\n<\/ul>\n<p><strong>Foglal\u00e1si felt\u00e9telek:<\/strong><\/p>\n<ul>\n<li>\u0422\u0440\u0435\u0431\u0443\u0435\u0442\u0441\u044f \u043f\u0440\u0435\u0434\u043e\u043f\u043b\u0430\u0442\u0430 $50. \u0412\u043e\u0437\u0432\u0440\u0430\u0449\u0430\u0435\u0442\u0441\u044f \u043f\u0440\u0438 \u043e\u0442\u043a\u0430\u0437\u0435 \u043e\u0442 \u044d\u043a\u0441\u043a\u0443\u0440\u0441\u0438\u0438 \u0437\u0430 24 \u0447\u0430\u0441\u0430 \u0434\u043e \u043d\u0430\u0447\u0430\u043b\u0430.<\/li>\n<\/ul>","protected":false},"excerpt":{"rendered":"<p><strong>Kir\u00e1ndul\u00e1s Id\u0151pontja:<\/strong> 4:00 -19:00<\/p>\n<div class=\"woocommerce-product-details__short-description\">\n<p><strong>A Kir\u00e1ndul\u00e1s Napjai:<\/strong> \u0415\u0436\u0435\u0434\u043d\u0435\u0432\u043d\u043e, \u043a\u0440\u043e\u043c\u0435 \u0432\u043e\u0441\u043a\u0440\u0435\u0441\u0435\u043d\u044c\u044f<\/p>\n<\/div>","protected":false},"featured_media":25329,"template":"","meta":{"_kad_post_transparent":"default","_kad_post_title":"","_kad_post_layout":"default","_kad_post_sidebar_id":"","_kad_post_content_style":"default","_kad_post_vertical_padding":"default","_kad_post_feature":"","_kad_post_feature_position":"","_kad_post_header":false,"_kad_post_footer":false,"_kad_post_classname":"","_glsr_average":0,"_glsr_ranking":0,"_glsr_reviews":0},"product_brand":[],"product_cat":[480],"product_tag":[],"class_list":{"0":"post-25332","1":"product","2":"type-product","3":"status-publish","4":"has-post-thumbnail","6":"product_cat-individual-tours-hurghada","7":"tm-has-options","9":"first","10":"instock","11":"sold-individually","12":"taxable","13":"shipping-taxable","14":"purchasable","15":"product-type-simple","16":"entry","17":"content-bg","18":"loop-entry"},"yoast_head":"<!-- This site is optimized with the Yoast SEO plugin v27.3 - https:\/\/yoast.com\/product\/yoast-seo-wordpress\/ -->\n<title>\u041c\u043e\u043d\u0430\u0441\u0442\u044b\u0440\u0438 \u0421\u0432\u044f\u0442\u043e\u0433\u043e \u0410\u043d\u0442\u043e\u043d\u0438\u044f \u0438 \u041f\u0430\u0432\u043b\u0430 &#8226; \u042d\u043a\u0441\u043a\u0443\u0440\u0441\u0438\u0438 Skyline<\/title>\n<meta name=\"robots\" content=\"index, follow, max-snippet:-1, max-image-preview:large, max-video-preview:-1\" \/>\n<link rel=\"canonical\" href=\"https:\/\/skyline-gs.com\/hu\/termek\/monasteries-of-saint-anthony-and-paul\/\" \/>\n<meta property=\"og:locale\" content=\"hu_HU\" \/>\n<meta property=\"og:type\" content=\"article\" \/>\n<meta property=\"og:title\" content=\"\u041c\u043e\u043d\u0430\u0441\u0442\u044b\u0440\u0438 \u0421\u0432\u044f\u0442\u043e\u0433\u043e \u0410\u043d\u0442\u043e\u043d\u0438\u044f \u0438 \u041f\u0430\u0432\u043b\u0430 &#8226; \u042d\u043a\u0441\u043a\u0443\u0440\u0441\u0438\u0438 Skyline\" \/>\n<meta property=\"og:description\" content=\"\u0412\u0440\u0435\u043c\u044f \u0442\u0443\u0440\u0430: 4:00 -19:00   \u0414\u043d\u0438 \u043f\u0440\u043e\u0432\u0435\u0434\u0435\u043d\u0438\u044f: \u0415\u0436\u0435\u0434\u043d\u0435\u0432\u043d\u043e, \u043a\u0440\u043e\u043c\u0435 \u0432\u043e\u0441\u043a\u0440\u0435\u0441\u0435\u043d\u044c\u044f\" \/>\n<meta property=\"og:url\" content=\"https:\/\/skyline-gs.com\/hu\/termek\/monasteries-of-saint-anthony-and-paul\/\" \/>\n<meta property=\"og:site_name\" content=\"\u042d\u043a\u0441\u043a\u0443\u0440\u0441\u0438\u0438 Skyline\" \/>\n<meta property=\"article:modified_time\" content=\"2024-12-15T18:01:21+00:00\" \/>\n<meta property=\"og:image\" content=\"https:\/\/skyline-gs.com\/wp-content\/uploads\/2021\/04\/13-1.png\" \/>\n\t<meta property=\"og:image:width\" content=\"669\" \/>\n\t<meta property=\"og:image:height\" content=\"446\" \/>\n\t<meta property=\"og:image:type\" content=\"image\/png\" \/>\n<meta name=\"twitter:card\" content=\"summary_large_image\" \/>\n<meta name=\"twitter:label1\" content=\"Becs\u00fclt olvas\u00e1si id\u0151\" \/>\n\t<meta name=\"twitter:data1\" content=\"2 perc\" \/>\n<script type=\"application\/ld+json\" class=\"yoast-schema-graph\">{\"@context\":\"https:\\\/\\\/schema.org\",\"@graph\":[{\"@type\":\"WebPage\",\"@id\":\"https:\\\/\\\/skyline-gs.com\\\/cs\\\/produkt\\\/monasteries-of-saint-anthony-and-paul\\\/\",\"url\":\"https:\\\/\\\/skyline-gs.com\\\/cs\\\/produkt\\\/monasteries-of-saint-anthony-and-paul\\\/\",\"name\":\"\u041c\u043e\u043d\u0430\u0441\u0442\u044b\u0440\u0438 \u0421\u0432\u044f\u0442\u043e\u0433\u043e \u0410\u043d\u0442\u043e\u043d\u0438\u044f \u0438 \u041f\u0430\u0432\u043b\u0430 &#8226; \u042d\u043a\u0441\u043a\u0443\u0440\u0441\u0438\u0438 Skyline\",\"isPartOf\":{\"@id\":\"https:\\\/\\\/skyline-gs.com\\\/it\\\/#website\"},\"primaryImageOfPage\":{\"@id\":\"https:\\\/\\\/skyline-gs.com\\\/cs\\\/produkt\\\/monasteries-of-saint-anthony-and-paul\\\/#primaryimage\"},\"image\":{\"@id\":\"https:\\\/\\\/skyline-gs.com\\\/cs\\\/produkt\\\/monasteries-of-saint-anthony-and-paul\\\/#primaryimage\"},\"thumbnailUrl\":\"https:\\\/\\\/skyline-gs.com\\\/wp-content\\\/uploads\\\/2021\\\/04\\\/13-1.png\",\"datePublished\":\"2022-10-21T17:29:30+00:00\",\"dateModified\":\"2024-12-15T18:01:21+00:00\",\"breadcrumb\":{\"@id\":\"https:\\\/\\\/skyline-gs.com\\\/cs\\\/produkt\\\/monasteries-of-saint-anthony-and-paul\\\/#breadcrumb\"},\"inLanguage\":\"hu\",\"potentialAction\":[{\"@type\":\"ReadAction\",\"target\":[\"https:\\\/\\\/skyline-gs.com\\\/cs\\\/produkt\\\/monasteries-of-saint-anthony-and-paul\\\/\"]}]},{\"@type\":\"ImageObject\",\"inLanguage\":\"hu\",\"@id\":\"https:\\\/\\\/skyline-gs.com\\\/cs\\\/produkt\\\/monasteries-of-saint-anthony-and-paul\\\/#primaryimage\",\"url\":\"https:\\\/\\\/skyline-gs.com\\\/wp-content\\\/uploads\\\/2021\\\/04\\\/13-1.png\",\"contentUrl\":\"https:\\\/\\\/skyline-gs.com\\\/wp-content\\\/uploads\\\/2021\\\/04\\\/13-1.png\",\"width\":669,\"height\":446},{\"@type\":\"BreadcrumbList\",\"@id\":\"https:\\\/\\\/skyline-gs.com\\\/cs\\\/produkt\\\/monasteries-of-saint-anthony-and-paul\\\/#breadcrumb\",\"itemListElement\":[{\"@type\":\"ListItem\",\"position\":1,\"name\":\"\u0413\u043b\u0430\u0432\u043d\u0430\u044f \u0441\u0442\u0440\u0430\u043d\u0438\u0446\u0430\",\"item\":\"https:\\\/\\\/skyline-gs.com\\\/hu\\\/\"},{\"@type\":\"ListItem\",\"position\":2,\"name\":\"\u041c\u0430\u0433\u0430\u0437\u0438\u043d\",\"item\":\"https:\\\/\\\/skyline-gs.com\\\/cs\\\/shop\\\/\"},{\"@type\":\"ListItem\",\"position\":3,\"name\":\"\u041c\u043e\u043d\u0430\u0441\u0442\u044b\u0440\u0438 \u0421\u0432\u044f\u0442\u043e\u0433\u043e \u0410\u043d\u0442\u043e\u043d\u0438\u044f \u0438 \u041f\u0430\u0432\u043b\u0430\"}]},{\"@type\":\"WebSite\",\"@id\":\"https:\\\/\\\/skyline-gs.com\\\/it\\\/#website\",\"url\":\"https:\\\/\\\/skyline-gs.com\\\/it\\\/\",\"name\":\"\u042d\u043a\u0441\u043a\u0443\u0440\u0441\u0438\u0438 Skyline\",\"description\":\"\u042d\u043a\u0441\u043a\u043b\u044e\u0437\u0438\u0432\u043d\u044b\u0435 \u044d\u043a\u0441\u043a\u0443\u0440\u0441\u0438\u0438 \u043d\u0430 \u043b\u0443\u0447\u0448\u0438\u0445 \u043a\u0443\u0440\u043e\u0440\u0442\u0430\u0445 \u043c\u0438\u0440\u0430\",\"publisher\":{\"@id\":\"https:\\\/\\\/skyline-gs.com\\\/it\\\/#organization\"},\"alternateName\":\"Skyline\",\"potentialAction\":[{\"@type\":\"SearchAction\",\"target\":{\"@type\":\"EntryPoint\",\"urlTemplate\":\"https:\\\/\\\/skyline-gs.com\\\/it\\\/?s={search_term_string}\"},\"query-input\":{\"@type\":\"PropertyValueSpecification\",\"valueRequired\":true,\"valueName\":\"search_term_string\"}}],\"inLanguage\":\"hu\"},{\"@type\":\"Organization\",\"@id\":\"https:\\\/\\\/skyline-gs.com\\\/it\\\/#organization\",\"name\":\"\u042d\u043a\u0441\u043a\u0443\u0440\u0441\u0438\u0438 Skyline\",\"alternateName\":\"\u042d\u043a\u0441\u043a\u0443\u0440\u0441\u0438\u0438 Skyline\",\"url\":\"https:\\\/\\\/skyline-gs.com\\\/it\\\/\",\"logo\":{\"@type\":\"ImageObject\",\"inLanguage\":\"hu\",\"@id\":\"https:\\\/\\\/skyline-gs.com\\\/it\\\/#\\\/schema\\\/logo\\\/image\\\/\",\"url\":\"https:\\\/\\\/skyline-gs.com\\\/wp-content\\\/uploads\\\/2020\\\/12\\\/cropped-logo-2.png\",\"contentUrl\":\"https:\\\/\\\/skyline-gs.com\\\/wp-content\\\/uploads\\\/2020\\\/12\\\/cropped-logo-2.png\",\"width\":512,\"height\":512,\"caption\":\"\u042d\u043a\u0441\u043a\u0443\u0440\u0441\u0438\u0438 Skyline\"},\"image\":{\"@id\":\"https:\\\/\\\/skyline-gs.com\\\/it\\\/#\\\/schema\\\/logo\\\/image\\\/\"},\"sameAs\":[\"https:\\\/\\\/www.instagram.com\\\/skylineglobalservice\\\/\"]}]}<\/script>\n<!-- \/ Yoast SEO plugin. -->","yoast_head_json":{"title":"\u041c\u043e\u043d\u0430\u0441\u0442\u044b\u0440\u0438 \u0421\u0432\u044f\u0442\u043e\u0433\u043e \u0410\u043d\u0442\u043e\u043d\u0438\u044f \u0438 \u041f\u0430\u0432\u043b\u0430 &#8226; \u042d\u043a\u0441\u043a\u0443\u0440\u0441\u0438\u0438 Skyline","robots":{"index":"index","follow":"follow","max-snippet":"max-snippet:-1","max-image-preview":"max-image-preview:large","max-video-preview":"max-video-preview:-1"},"canonical":"https:\/\/skyline-gs.com\/hu\/termek\/monasteries-of-saint-anthony-and-paul\/","og_locale":"hu_HU","og_type":"article","og_title":"\u041c\u043e\u043d\u0430\u0441\u0442\u044b\u0440\u0438 \u0421\u0432\u044f\u0442\u043e\u0433\u043e \u0410\u043d\u0442\u043e\u043d\u0438\u044f \u0438 \u041f\u0430\u0432\u043b\u0430 &#8226; \u042d\u043a\u0441\u043a\u0443\u0440\u0441\u0438\u0438 Skyline","og_description":"\u0412\u0440\u0435\u043c\u044f \u0442\u0443\u0440\u0430: 4:00 -19:00   \u0414\u043d\u0438 \u043f\u0440\u043e\u0432\u0435\u0434\u0435\u043d\u0438\u044f: \u0415\u0436\u0435\u0434\u043d\u0435\u0432\u043d\u043e, \u043a\u0440\u043e\u043c\u0435 \u0432\u043e\u0441\u043a\u0440\u0435\u0441\u0435\u043d\u044c\u044f","og_url":"https:\/\/skyline-gs.com\/hu\/termek\/monasteries-of-saint-anthony-and-paul\/","og_site_name":"\u042d\u043a\u0441\u043a\u0443\u0440\u0441\u0438\u0438 Skyline","article_modified_time":"2024-12-15T18:01:21+00:00","og_image":[{"width":669,"height":446,"url":"https:\/\/skyline-gs.com\/wp-content\/uploads\/2021\/04\/13-1.png","type":"image\/png"}],"twitter_card":"summary_large_image","twitter_misc":{"Becs\u00fclt olvas\u00e1si id\u0151":"2 perc"},"schema":{"@context":"https:\/\/schema.org","@graph":[{"@type":"WebPage","@id":"https:\/\/skyline-gs.com\/cs\/produkt\/monasteries-of-saint-anthony-and-paul\/","url":"https:\/\/skyline-gs.com\/cs\/produkt\/monasteries-of-saint-anthony-and-paul\/","name":"\u041c\u043e\u043d\u0430\u0441\u0442\u044b\u0440\u0438 \u0421\u0432\u044f\u0442\u043e\u0433\u043e \u0410\u043d\u0442\u043e\u043d\u0438\u044f \u0438 \u041f\u0430\u0432\u043b\u0430 &#8226; \u042d\u043a\u0441\u043a\u0443\u0440\u0441\u0438\u0438 Skyline","isPartOf":{"@id":"https:\/\/skyline-gs.com\/it\/#website"},"primaryImageOfPage":{"@id":"https:\/\/skyline-gs.com\/cs\/produkt\/monasteries-of-saint-anthony-and-paul\/#primaryimage"},"image":{"@id":"https:\/\/skyline-gs.com\/cs\/produkt\/monasteries-of-saint-anthony-and-paul\/#primaryimage"},"thumbnailUrl":"https:\/\/skyline-gs.com\/wp-content\/uploads\/2021\/04\/13-1.png","datePublished":"2022-10-21T17:29:30+00:00","dateModified":"2024-12-15T18:01:21+00:00","breadcrumb":{"@id":"https:\/\/skyline-gs.com\/cs\/produkt\/monasteries-of-saint-anthony-and-paul\/#breadcrumb"},"inLanguage":"hu","potentialAction":[{"@type":"ReadAction","target":["https:\/\/skyline-gs.com\/cs\/produkt\/monasteries-of-saint-anthony-and-paul\/"]}]},{"@type":"ImageObject","inLanguage":"hu","@id":"https:\/\/skyline-gs.com\/cs\/produkt\/monasteries-of-saint-anthony-and-paul\/#primaryimage","url":"https:\/\/skyline-gs.com\/wp-content\/uploads\/2021\/04\/13-1.png","contentUrl":"https:\/\/skyline-gs.com\/wp-content\/uploads\/2021\/04\/13-1.png","width":669,"height":446},{"@type":"BreadcrumbList","@id":"https:\/\/skyline-gs.com\/cs\/produkt\/monasteries-of-saint-anthony-and-paul\/#breadcrumb","itemListElement":[{"@type":"ListItem","position":1,"name":"\u0413\u043b\u0430\u0432\u043d\u0430\u044f \u0441\u0442\u0440\u0430\u043d\u0438\u0446\u0430","item":"https:\/\/skyline-gs.com\/hu\/"},{"@type":"ListItem","position":2,"name":"\u041c\u0430\u0433\u0430\u0437\u0438\u043d","item":"https:\/\/skyline-gs.com\/cs\/shop\/"},{"@type":"ListItem","position":3,"name":"\u041c\u043e\u043d\u0430\u0441\u0442\u044b\u0440\u0438 \u0421\u0432\u044f\u0442\u043e\u0433\u043e \u0410\u043d\u0442\u043e\u043d\u0438\u044f \u0438 \u041f\u0430\u0432\u043b\u0430"}]},{"@type":"WebSite","@id":"https:\/\/skyline-gs.com\/it\/#website","url":"https:\/\/skyline-gs.com\/it\/","name":"Skyline T\u00far\u00e1k","description":"Exkluz\u00edv kir\u00e1ndul\u00e1sok a vil\u00e1g legjobb \u00fcd\u00fcl\u0151helyein","publisher":{"@id":"https:\/\/skyline-gs.com\/it\/#organization"},"alternateName":"Skyline","potentialAction":[{"@type":"SearchAction","target":{"@type":"EntryPoint","urlTemplate":"https:\/\/skyline-gs.com\/it\/?s={search_term_string}"},"query-input":{"@type":"PropertyValueSpecification","valueRequired":true,"valueName":"search_term_string"}}],"inLanguage":"hu"},{"@type":"Organization","@id":"https:\/\/skyline-gs.com\/it\/#organization","name":"Skyline T\u00far\u00e1k","alternateName":"\u042d\u043a\u0441\u043a\u0443\u0440\u0441\u0438\u0438 Skyline","url":"https:\/\/skyline-gs.com\/it\/","logo":{"@type":"ImageObject","inLanguage":"hu","@id":"https:\/\/skyline-gs.com\/it\/#\/schema\/logo\/image\/","url":"https:\/\/skyline-gs.com\/wp-content\/uploads\/2020\/12\/cropped-logo-2.png","contentUrl":"https:\/\/skyline-gs.com\/wp-content\/uploads\/2020\/12\/cropped-logo-2.png","width":512,"height":512,"caption":"\u042d\u043a\u0441\u043a\u0443\u0440\u0441\u0438\u0438 Skyline"},"image":{"@id":"https:\/\/skyline-gs.com\/it\/#\/schema\/logo\/image\/"},"sameAs":["https:\/\/www.instagram.com\/skylineglobalservice\/"]}]}},"_links":{"self":[{"href":"https:\/\/skyline-gs.com\/hu\/wp-json\/wp\/v2\/product\/25332","targetHints":{"allow":["GET"]}}],"collection":[{"href":"https:\/\/skyline-gs.com\/hu\/wp-json\/wp\/v2\/product"}],"about":[{"href":"https:\/\/skyline-gs.com\/hu\/wp-json\/wp\/v2\/types\/product"}],"version-history":[{"count":0,"href":"https:\/\/skyline-gs.com\/hu\/wp-json\/wp\/v2\/product\/25332\/revisions"}],"wp:featuredmedia":[{"embeddable":true,"href":"https:\/\/skyline-gs.com\/hu\/wp-json\/wp\/v2\/media\/25329"}],"wp:attachment":[{"href":"https:\/\/skyline-gs.com\/hu\/wp-json\/wp\/v2\/media?parent=25332"}],"wp:term":[{"taxonomy":"product_brand","embeddable":true,"href":"https:\/\/skyline-gs.com\/hu\/wp-json\/wp\/v2\/product_brand?post=25332"},{"taxonomy":"product_cat","embeddable":true,"href":"https:\/\/skyline-gs.com\/hu\/wp-json\/wp\/v2\/product_cat?post=25332"},{"taxonomy":"product_tag","embeddable":true,"href":"https:\/\/skyline-gs.com\/hu\/wp-json\/wp\/v2\/product_tag?post=25332"}],"curies":[{"name":"wp","href":"https:\/\/api.w.org\/{rel}","templated":true}]}}