{"id":24957,"date":"2022-02-16T17:50:39","date_gmt":"2022-02-16T14:50:39","guid":{"rendered":"https:\/\/hurghada.skyline-gs.com\/?post_type=product&#038;p=24957"},"modified":"2025-03-20T03:40:26","modified_gmt":"2025-03-20T01:40:26","slug":"abu-dabab-hurghada","status":"publish","type":"product","link":"https:\/\/skyline-gs.com\/hu\/product\/abu-dabab-hurghada\/","title":{"rendered":"Abu Dabab - az \u00f3ri\u00e1stekn\u0151s\u00f6k strandja"},"content":{"rendered":"<p>6:00 \u00f3ra kijelentkez\u00e9s a sz\u00e1llod\u00e1b\u00f3l. Az utaz\u00e1s 3 \u00f3r\u00e1t vesz ig\u00e9nybe. T\u00f6lts\u00f6n el egy felejthetetlen nyaral\u00e1st a tengerparton, ahol k\u00f6zvetlen\u00fcl a part k\u00f6zel\u00e9ben \u00f3ri\u00e1si, k\u00e9tm\u00e9teres tekn\u0151s\u00f6kkel \u00faszhat. Ez egy egyed\u00fcl\u00e1ll\u00f3 hely eg\u00e9sz Egyiptomb\u00f3l, ahol l\u00e1thatja \u0151ket. Napozzon napoz\u00f3\u00e1gyakon a V\u00f6r\u00f6s-tenger partvid\u00e9k\u00e9nek kellemes homokos strandj\u00e1n. A sznorkelez\u00e9st k\u00f6zvetlen\u00fcl a partr\u00f3l v\u00e9gezz\u00fck, az oktat\u00f3 megmutatja a leg\u00e9rdekesebb helyeket, \u00e9s megtal\u00e1lja neked azokat a hatalmas tekn\u0151s\u00f6ket. A helyi z\u00e1tonyok k\u00f6zel\u00e9ben is \u00e9lnek ritka halfajok, s\u0151t n\u00e9ha m\u00e9g tengeri tehenek - Dugongok - is el\u0151ker\u00fclnek. Visszat\u00e9r\u00e9s a sz\u00e1llod\u00e1ba 18:00 \u00f3rakor.<\/p>\n<p><strong>Tartalmazza:<\/strong><\/p>\n<ul>\n<li>Transzfer a sz\u00e1llod\u00e1b\u00f3l \u00e9s a sz\u00e1llod\u00e1ba<\/li>\n<li>A programban szerepl\u0151 \u00f6sszes \u00e1tutal\u00e1s<\/li>\n<li>Bel\u00e9p\u0151jegyek<\/li>\n<li>Magyarul besz\u00e9l\u0151 idegenvezet\u0151<\/li>\n<li>Eb\u00e9d<\/li>\n<li>Snorkeling maszkok<\/li>\n<\/ul>\n<p><strong>Nem tartalmazza:<\/strong><\/p>\n<ul>\n<li>Tov\u00e1bbi transzfer El Gouna, Sahl Hasheesh, Makadi sz\u00e1llod\u00e1kb\u00f3l +10$ oda-vissza aut\u00f3val maximum 6 f\u0151ig.<\/li>\n<li>Fakultat\u00edv transzfer: Soma Bay \u00e9s Safaga extra +20$ oda-vissza aut\u00f3nk\u00e9nt maximum 6 f\u0151 r\u00e9sz\u00e9re<\/li>\n<\/ul>\n<p><strong>Mit hozzak magammal?<\/strong><\/p>\n<ul>\n<li>Reggeli, amit mag\u00e1val vihet (rendeljen a sz\u00e1lloda recepci\u00f3j\u00e1n - ingyenesen)<\/li>\n<li>Napszem\u00fcveg<\/li>\n<li>F\u00fcrd\u0151ruha, \u00fasz\u00f3nadr\u00e1g<\/li>\n<li>V\u00edz<\/li>\n<li>Naptej<\/li>\n<li>T\u00f6r\u00fclk\u00f6z\u0151<\/li>\n<\/ul>","protected":false},"excerpt":{"rendered":"<div class=\"woocommerce-product-details__short-description\">\n<p><strong>Kir\u00e1ndul\u00e1s Id\u0151pontja:<\/strong>\u00a06:00 - 18:00<\/p>\n<p><strong>A Kir\u00e1ndul\u00e1s Napjai:<\/strong> H\u00e9tf\u0151 \u00e9s p\u00e9ntek<\/p>\n<\/div>","protected":false},"featured_media":24963,"template":"","meta":{"_kad_post_transparent":"default","_kad_post_title":"","_kad_post_layout":"default","_kad_post_sidebar_id":"","_kad_post_content_style":"default","_kad_post_vertical_padding":"default","_kad_post_feature":"","_kad_post_feature_position":"","_kad_post_header":false,"_kad_post_footer":false,"_kad_post_classname":"","_glsr_average":0,"_glsr_ranking":0,"_glsr_reviews":0},"product_brand":[],"product_cat":[479],"product_tag":[],"class_list":{"0":"post-24957","1":"product","2":"type-product","3":"status-publish","4":"has-post-thumbnail","6":"product_cat-hurghadatours","7":"tm-has-options","9":"first","10":"instock","11":"sold-individually","12":"taxable","13":"shipping-taxable","14":"purchasable","15":"product-type-simple","16":"entry","17":"content-bg","18":"loop-entry"},"yoast_head":"<!-- This site is optimized with the Yoast SEO plugin v27.3 - https:\/\/yoast.com\/product\/yoast-seo-wordpress\/ -->\n<title>\u0410\u0431\u0443 \u0414\u0430\u0431\u0430\u0431 \u2014 \u043f\u043b\u044f\u0436 \u0433\u0438\u0433\u0430\u043d\u0442\u0441\u043a\u0438\u0445 \u0447\u0435\u0440\u0435\u043f\u0430\u0445 &#8226; \u042d\u043a\u0441\u043a\u0443\u0440\u0441\u0438\u0438 Skyline<\/title>\n<meta name=\"robots\" content=\"index, follow, max-snippet:-1, max-image-preview:large, max-video-preview:-1\" \/>\n<link rel=\"canonical\" href=\"https:\/\/skyline-gs.com\/hu\/termek\/abu-dabab-hurghada\/\" \/>\n<meta property=\"og:locale\" content=\"hu_HU\" \/>\n<meta property=\"og:type\" content=\"article\" \/>\n<meta property=\"og:title\" content=\"\u0410\u0431\u0443 \u0414\u0430\u0431\u0430\u0431 \u2014 \u043f\u043b\u044f\u0436 \u0433\u0438\u0433\u0430\u043d\u0442\u0441\u043a\u0438\u0445 \u0447\u0435\u0440\u0435\u043f\u0430\u0445 &#8226; \u042d\u043a\u0441\u043a\u0443\u0440\u0441\u0438\u0438 Skyline\" \/>\n<meta property=\"og:description\" content=\"\u0412\u0440\u0435\u043c\u044f \u0442\u0443\u0440\u0430:\u00a06:00 \u2014 18:00  \u0414\u043d\u0438 \u043f\u0440\u043e\u0432\u0435\u0434\u0435\u043d\u0438\u044f: \u043f\u043e\u043d\u0435\u0434\u0435\u043b\u044c\u043d\u0438\u043a \u0438 \u043f\u044f\u0442\u043d\u0438\u0446\u0430\" \/>\n<meta property=\"og:url\" content=\"https:\/\/skyline-gs.com\/hu\/termek\/abu-dabab-hurghada\/\" \/>\n<meta property=\"og:site_name\" content=\"\u042d\u043a\u0441\u043a\u0443\u0440\u0441\u0438\u0438 Skyline\" \/>\n<meta property=\"article:modified_time\" content=\"2025-03-20T01:40:26+00:00\" \/>\n<meta property=\"og:image\" content=\"https:\/\/skyline-gs.com\/wp-content\/uploads\/2022\/02\/45.jpg\" \/>\n\t<meta property=\"og:image:width\" content=\"670\" \/>\n\t<meta property=\"og:image:height\" content=\"446\" \/>\n\t<meta property=\"og:image:type\" content=\"image\/jpeg\" \/>\n<meta name=\"twitter:card\" content=\"summary_large_image\" \/>\n<meta name=\"twitter:label1\" content=\"Becs\u00fclt olvas\u00e1si id\u0151\" \/>\n\t<meta name=\"twitter:data1\" content=\"2 perc\" \/>\n<script type=\"application\/ld+json\" class=\"yoast-schema-graph\">{\"@context\":\"https:\\\/\\\/schema.org\",\"@graph\":[{\"@type\":\"WebPage\",\"@id\":\"https:\\\/\\\/skyline-gs.com\\\/hu\\\/termek\\\/abu-dabab-hurghada\\\/\",\"url\":\"https:\\\/\\\/skyline-gs.com\\\/hu\\\/termek\\\/abu-dabab-hurghada\\\/\",\"name\":\"\u0410\u0431\u0443 \u0414\u0430\u0431\u0430\u0431 \u2014 \u043f\u043b\u044f\u0436 \u0433\u0438\u0433\u0430\u043d\u0442\u0441\u043a\u0438\u0445 \u0447\u0435\u0440\u0435\u043f\u0430\u0445 &#8226; \u042d\u043a\u0441\u043a\u0443\u0440\u0441\u0438\u0438 Skyline\",\"isPartOf\":{\"@id\":\"https:\\\/\\\/skyline-gs.com\\\/it\\\/#website\"},\"primaryImageOfPage\":{\"@id\":\"https:\\\/\\\/skyline-gs.com\\\/hu\\\/termek\\\/abu-dabab-hurghada\\\/#primaryimage\"},\"image\":{\"@id\":\"https:\\\/\\\/skyline-gs.com\\\/hu\\\/termek\\\/abu-dabab-hurghada\\\/#primaryimage\"},\"thumbnailUrl\":\"https:\\\/\\\/skyline-gs.com\\\/wp-content\\\/uploads\\\/2022\\\/02\\\/45.jpg\",\"datePublished\":\"2022-02-16T14:50:39+00:00\",\"dateModified\":\"2025-03-20T01:40:26+00:00\",\"breadcrumb\":{\"@id\":\"https:\\\/\\\/skyline-gs.com\\\/hu\\\/termek\\\/abu-dabab-hurghada\\\/#breadcrumb\"},\"inLanguage\":\"hu\",\"potentialAction\":[{\"@type\":\"ReadAction\",\"target\":[\"https:\\\/\\\/skyline-gs.com\\\/hu\\\/termek\\\/abu-dabab-hurghada\\\/\"]}]},{\"@type\":\"ImageObject\",\"inLanguage\":\"hu\",\"@id\":\"https:\\\/\\\/skyline-gs.com\\\/hu\\\/termek\\\/abu-dabab-hurghada\\\/#primaryimage\",\"url\":\"https:\\\/\\\/skyline-gs.com\\\/wp-content\\\/uploads\\\/2022\\\/02\\\/45.jpg\",\"contentUrl\":\"https:\\\/\\\/skyline-gs.com\\\/wp-content\\\/uploads\\\/2022\\\/02\\\/45.jpg\",\"width\":670,\"height\":446},{\"@type\":\"BreadcrumbList\",\"@id\":\"https:\\\/\\\/skyline-gs.com\\\/hu\\\/termek\\\/abu-dabab-hurghada\\\/#breadcrumb\",\"itemListElement\":[{\"@type\":\"ListItem\",\"position\":1,\"name\":\"\u0413\u043b\u0430\u0432\u043d\u0430\u044f \u0441\u0442\u0440\u0430\u043d\u0438\u0446\u0430\",\"item\":\"https:\\\/\\\/skyline-gs.com\\\/hu\\\/\"},{\"@type\":\"ListItem\",\"position\":2,\"name\":\"\u041c\u0430\u0433\u0430\u0437\u0438\u043d\",\"item\":\"https:\\\/\\\/skyline-gs.com\\\/cs\\\/shop\\\/\"},{\"@type\":\"ListItem\",\"position\":3,\"name\":\"\u0410\u0431\u0443 \u0414\u0430\u0431\u0430\u0431 \u2014 \u043f\u043b\u044f\u0436 \u0433\u0438\u0433\u0430\u043d\u0442\u0441\u043a\u0438\u0445 \u0447\u0435\u0440\u0435\u043f\u0430\u0445\"}]},{\"@type\":\"WebSite\",\"@id\":\"https:\\\/\\\/skyline-gs.com\\\/it\\\/#website\",\"url\":\"https:\\\/\\\/skyline-gs.com\\\/it\\\/\",\"name\":\"\u042d\u043a\u0441\u043a\u0443\u0440\u0441\u0438\u0438 Skyline\",\"description\":\"\u042d\u043a\u0441\u043a\u043b\u044e\u0437\u0438\u0432\u043d\u044b\u0435 \u044d\u043a\u0441\u043a\u0443\u0440\u0441\u0438\u0438 \u043d\u0430 \u043b\u0443\u0447\u0448\u0438\u0445 \u043a\u0443\u0440\u043e\u0440\u0442\u0430\u0445 \u043c\u0438\u0440\u0430\",\"publisher\":{\"@id\":\"https:\\\/\\\/skyline-gs.com\\\/it\\\/#organization\"},\"alternateName\":\"Skyline\",\"potentialAction\":[{\"@type\":\"SearchAction\",\"target\":{\"@type\":\"EntryPoint\",\"urlTemplate\":\"https:\\\/\\\/skyline-gs.com\\\/it\\\/?s={search_term_string}\"},\"query-input\":{\"@type\":\"PropertyValueSpecification\",\"valueRequired\":true,\"valueName\":\"search_term_string\"}}],\"inLanguage\":\"hu\"},{\"@type\":\"Organization\",\"@id\":\"https:\\\/\\\/skyline-gs.com\\\/it\\\/#organization\",\"name\":\"\u042d\u043a\u0441\u043a\u0443\u0440\u0441\u0438\u0438 Skyline\",\"alternateName\":\"\u042d\u043a\u0441\u043a\u0443\u0440\u0441\u0438\u0438 Skyline\",\"url\":\"https:\\\/\\\/skyline-gs.com\\\/it\\\/\",\"logo\":{\"@type\":\"ImageObject\",\"inLanguage\":\"hu\",\"@id\":\"https:\\\/\\\/skyline-gs.com\\\/it\\\/#\\\/schema\\\/logo\\\/image\\\/\",\"url\":\"https:\\\/\\\/skyline-gs.com\\\/wp-content\\\/uploads\\\/2020\\\/12\\\/cropped-logo-2.png\",\"contentUrl\":\"https:\\\/\\\/skyline-gs.com\\\/wp-content\\\/uploads\\\/2020\\\/12\\\/cropped-logo-2.png\",\"width\":512,\"height\":512,\"caption\":\"\u042d\u043a\u0441\u043a\u0443\u0440\u0441\u0438\u0438 Skyline\"},\"image\":{\"@id\":\"https:\\\/\\\/skyline-gs.com\\\/it\\\/#\\\/schema\\\/logo\\\/image\\\/\"},\"sameAs\":[\"https:\\\/\\\/www.instagram.com\\\/skylineglobalservice\\\/\"]}]}<\/script>\n<!-- \/ Yoast SEO plugin. -->","yoast_head_json":{"title":"\u0410\u0431\u0443 \u0414\u0430\u0431\u0430\u0431 \u2014 \u043f\u043b\u044f\u0436 \u0433\u0438\u0433\u0430\u043d\u0442\u0441\u043a\u0438\u0445 \u0447\u0435\u0440\u0435\u043f\u0430\u0445 &#8226; \u042d\u043a\u0441\u043a\u0443\u0440\u0441\u0438\u0438 Skyline","robots":{"index":"index","follow":"follow","max-snippet":"max-snippet:-1","max-image-preview":"max-image-preview:large","max-video-preview":"max-video-preview:-1"},"canonical":"https:\/\/skyline-gs.com\/hu\/termek\/abu-dabab-hurghada\/","og_locale":"hu_HU","og_type":"article","og_title":"\u0410\u0431\u0443 \u0414\u0430\u0431\u0430\u0431 \u2014 \u043f\u043b\u044f\u0436 \u0433\u0438\u0433\u0430\u043d\u0442\u0441\u043a\u0438\u0445 \u0447\u0435\u0440\u0435\u043f\u0430\u0445 &#8226; \u042d\u043a\u0441\u043a\u0443\u0440\u0441\u0438\u0438 Skyline","og_description":"\u0412\u0440\u0435\u043c\u044f \u0442\u0443\u0440\u0430:\u00a06:00 \u2014 18:00  \u0414\u043d\u0438 \u043f\u0440\u043e\u0432\u0435\u0434\u0435\u043d\u0438\u044f: \u043f\u043e\u043d\u0435\u0434\u0435\u043b\u044c\u043d\u0438\u043a \u0438 \u043f\u044f\u0442\u043d\u0438\u0446\u0430","og_url":"https:\/\/skyline-gs.com\/hu\/termek\/abu-dabab-hurghada\/","og_site_name":"\u042d\u043a\u0441\u043a\u0443\u0440\u0441\u0438\u0438 Skyline","article_modified_time":"2025-03-20T01:40:26+00:00","og_image":[{"width":670,"height":446,"url":"https:\/\/skyline-gs.com\/wp-content\/uploads\/2022\/02\/45.jpg","type":"image\/jpeg"}],"twitter_card":"summary_large_image","twitter_misc":{"Becs\u00fclt olvas\u00e1si id\u0151":"2 perc"},"schema":{"@context":"https:\/\/schema.org","@graph":[{"@type":"WebPage","@id":"https:\/\/skyline-gs.com\/hu\/termek\/abu-dabab-hurghada\/","url":"https:\/\/skyline-gs.com\/hu\/termek\/abu-dabab-hurghada\/","name":"\u0410\u0431\u0443 \u0414\u0430\u0431\u0430\u0431 \u2014 \u043f\u043b\u044f\u0436 \u0433\u0438\u0433\u0430\u043d\u0442\u0441\u043a\u0438\u0445 \u0447\u0435\u0440\u0435\u043f\u0430\u0445 &#8226; \u042d\u043a\u0441\u043a\u0443\u0440\u0441\u0438\u0438 Skyline","isPartOf":{"@id":"https:\/\/skyline-gs.com\/it\/#website"},"primaryImageOfPage":{"@id":"https:\/\/skyline-gs.com\/hu\/termek\/abu-dabab-hurghada\/#primaryimage"},"image":{"@id":"https:\/\/skyline-gs.com\/hu\/termek\/abu-dabab-hurghada\/#primaryimage"},"thumbnailUrl":"https:\/\/skyline-gs.com\/wp-content\/uploads\/2022\/02\/45.jpg","datePublished":"2022-02-16T14:50:39+00:00","dateModified":"2025-03-20T01:40:26+00:00","breadcrumb":{"@id":"https:\/\/skyline-gs.com\/hu\/termek\/abu-dabab-hurghada\/#breadcrumb"},"inLanguage":"hu","potentialAction":[{"@type":"ReadAction","target":["https:\/\/skyline-gs.com\/hu\/termek\/abu-dabab-hurghada\/"]}]},{"@type":"ImageObject","inLanguage":"hu","@id":"https:\/\/skyline-gs.com\/hu\/termek\/abu-dabab-hurghada\/#primaryimage","url":"https:\/\/skyline-gs.com\/wp-content\/uploads\/2022\/02\/45.jpg","contentUrl":"https:\/\/skyline-gs.com\/wp-content\/uploads\/2022\/02\/45.jpg","width":670,"height":446},{"@type":"BreadcrumbList","@id":"https:\/\/skyline-gs.com\/hu\/termek\/abu-dabab-hurghada\/#breadcrumb","itemListElement":[{"@type":"ListItem","position":1,"name":"\u0413\u043b\u0430\u0432\u043d\u0430\u044f \u0441\u0442\u0440\u0430\u043d\u0438\u0446\u0430","item":"https:\/\/skyline-gs.com\/hu\/"},{"@type":"ListItem","position":2,"name":"\u041c\u0430\u0433\u0430\u0437\u0438\u043d","item":"https:\/\/skyline-gs.com\/cs\/shop\/"},{"@type":"ListItem","position":3,"name":"\u0410\u0431\u0443 \u0414\u0430\u0431\u0430\u0431 \u2014 \u043f\u043b\u044f\u0436 \u0433\u0438\u0433\u0430\u043d\u0442\u0441\u043a\u0438\u0445 \u0447\u0435\u0440\u0435\u043f\u0430\u0445"}]},{"@type":"WebSite","@id":"https:\/\/skyline-gs.com\/it\/#website","url":"https:\/\/skyline-gs.com\/it\/","name":"Skyline T\u00far\u00e1k","description":"Exkluz\u00edv kir\u00e1ndul\u00e1sok a vil\u00e1g legjobb \u00fcd\u00fcl\u0151helyein","publisher":{"@id":"https:\/\/skyline-gs.com\/it\/#organization"},"alternateName":"Skyline","potentialAction":[{"@type":"SearchAction","target":{"@type":"EntryPoint","urlTemplate":"https:\/\/skyline-gs.com\/it\/?s={search_term_string}"},"query-input":{"@type":"PropertyValueSpecification","valueRequired":true,"valueName":"search_term_string"}}],"inLanguage":"hu"},{"@type":"Organization","@id":"https:\/\/skyline-gs.com\/it\/#organization","name":"Skyline T\u00far\u00e1k","alternateName":"\u042d\u043a\u0441\u043a\u0443\u0440\u0441\u0438\u0438 Skyline","url":"https:\/\/skyline-gs.com\/it\/","logo":{"@type":"ImageObject","inLanguage":"hu","@id":"https:\/\/skyline-gs.com\/it\/#\/schema\/logo\/image\/","url":"https:\/\/skyline-gs.com\/wp-content\/uploads\/2020\/12\/cropped-logo-2.png","contentUrl":"https:\/\/skyline-gs.com\/wp-content\/uploads\/2020\/12\/cropped-logo-2.png","width":512,"height":512,"caption":"\u042d\u043a\u0441\u043a\u0443\u0440\u0441\u0438\u0438 Skyline"},"image":{"@id":"https:\/\/skyline-gs.com\/it\/#\/schema\/logo\/image\/"},"sameAs":["https:\/\/www.instagram.com\/skylineglobalservice\/"]}]}},"_links":{"self":[{"href":"https:\/\/skyline-gs.com\/hu\/wp-json\/wp\/v2\/product\/24957","targetHints":{"allow":["GET"]}}],"collection":[{"href":"https:\/\/skyline-gs.com\/hu\/wp-json\/wp\/v2\/product"}],"about":[{"href":"https:\/\/skyline-gs.com\/hu\/wp-json\/wp\/v2\/types\/product"}],"version-history":[{"count":0,"href":"https:\/\/skyline-gs.com\/hu\/wp-json\/wp\/v2\/product\/24957\/revisions"}],"wp:featuredmedia":[{"embeddable":true,"href":"https:\/\/skyline-gs.com\/hu\/wp-json\/wp\/v2\/media\/24963"}],"wp:attachment":[{"href":"https:\/\/skyline-gs.com\/hu\/wp-json\/wp\/v2\/media?parent=24957"}],"wp:term":[{"taxonomy":"product_brand","embeddable":true,"href":"https:\/\/skyline-gs.com\/hu\/wp-json\/wp\/v2\/product_brand?post=24957"},{"taxonomy":"product_cat","embeddable":true,"href":"https:\/\/skyline-gs.com\/hu\/wp-json\/wp\/v2\/product_cat?post=24957"},{"taxonomy":"product_tag","embeddable":true,"href":"https:\/\/skyline-gs.com\/hu\/wp-json\/wp\/v2\/product_tag?post=24957"}],"curies":[{"name":"wp","href":"https:\/\/api.w.org\/{rel}","templated":true}]}}