{"id":24564,"date":"2021-06-24T15:56:11","date_gmt":"2021-06-24T13:56:11","guid":{"rendered":"http:\/\/skyline-gs.com\/?post_type=product&#038;p=24564"},"modified":"2025-12-16T14:59:48","modified_gmt":"2025-12-16T12:59:48","slug":"monastery-of-st-catherine-and-dahab-sharm","status":"publish","type":"product","link":"https:\/\/skyline-gs.com\/hu\/product\/monastery-of-st-catherine-and-dahab-sharm\/","title":{"rendered":"Szent Katalin kolostor \u00e9s Dahab"},"content":{"rendered":"<p>A Szent Katalin kolostorban egyed\u00fcl\u00e1ll\u00f3 k\u00e9zirat- \u00e9s dokumentumgy\u0171jtem\u00e9nyek, k\u00f6nyvek \u00e9s ikonok, arcvarr\u00e1s \u00e9s liturgikus t\u00e1rgyak tal\u00e1lhat\u00f3k. A kolostor templom\u00e1ban csod\u00e1latos biz\u00e1nci mozaikokat csod\u00e1lhat meg. Megtekintheti a Neopalimaya Kupin\u00e1t, az \u00c1tv\u00e1ltoztat\u00e1s templom\u00e1t \u00e9s a M\u00f3zes-kutat is. R\u00e9szt vehet egy szertart\u00e1son, ahol r\u00e1teheti kez\u00e9t Szent Katalin erekly\u00e9ire, \u00e9s megszentelt gy\u0171r\u0171t kaphat.<\/p>\n<p>5:30-kor kijelentkez\u00e9s a sz\u00e1llod\u00e1b\u00f3l. Az \u00fat Sharm el Sheikhb\u0151l a Szent Katalin kolostorba 2,5 \u00f3r\u00e1t vesz ig\u00e9nybe. A kolostorban megl\u00e1togatjuk a templomi istentiszteletet, \u00e9s megtekintj\u00fck az \u0151si ikonokat \u00e9s fresk\u00f3kat. Megtekintik a M\u00f3zes-kutat, a h\u00edres Neopalimaya Kupina bokrot, az \u00c1tv\u00e1ltoztat\u00e1s bazilik\u00e1t \u00e9s a r\u00e9gi refekt\u00f3riumot, megl\u00e1togatj\u00e1k a k\u00e1poln\u00e1kat, a kript\u00e1t \u00e9s az \u0151si temet\u0151t. Tov\u00e1bbutaz\u00e1s Dahabba, eb\u00e9d \u00e9s l\u00e1togat\u00e1s a piacon. 16:00 \u00f3rakor visszat\u00e9r\u00e9s Sharm el Sheikhbe.<\/p>\n<div><\/div>\n<p><strong>Tartalmazza:<\/strong><\/p>\n<ul>\n<li>Transzfer a sz\u00e1llod\u00e1b\u00f3l \u00e9s a sz\u00e1llod\u00e1ba<\/li>\n<li>Magyarul besz\u00e9l\u0151 idegenvezet\u0151<\/li>\n<li>L\u00e1togat\u00e1s a kolostorban<\/li>\n<li>Eb\u00e9d<\/li>\n<\/ul>\n<p><strong>Nem tartalmazza:<\/strong><\/p>\n<ul>\n<li>L\u00e1togat\u00e1s az Ikonok M\u00fazeum\u00e1ban (fakultat\u00edv +5$)<\/li>\n<li>J\u00f3t\u00e9konys\u00e1g<\/li>\n<li>Italok eb\u00e9d k\u00f6zben<\/li>\n<\/ul>\n<p><strong>Vigy\u00e9l magaddal:<\/strong><\/p>\n<ul>\n<li>\u00datlev\u00e9l (eredeti) \u00e9s \u00fatlev\u00e9lm\u00e1solat (1 p\u00e9ld\u00e1ny)<\/li>\n<li>Reggeli, amit mag\u00e1val vihet (rendelje meg az indul\u00e1s el\u0151tti napon a sz\u00e1lloda recepci\u00f3j\u00e1n, ingyenesen).<\/li>\n<li>Meleg ruh\u00e1zat (t\u00e9len)<\/li>\n<li>Javasoljuk, hogy a szent helyek l\u00e1togat\u00e1sakor viseljen v\u00e1llat \u00e9s t\u00e9rdet fed\u0151 ruh\u00e1t. N\u0151k l\u00e1togat\u00e1sa<\/li>\n<li>A nadr\u00e1gos szertart\u00e1sok enged\u00e9lyezettek, de fejfed\u0151 vagy fejkend\u0151 visel\u00e9se k\u00f6telez\u0151.<\/li>\n<li>Kamera, kamera<\/li>\n<li>P\u00e9nz: italv\u00e1s\u00e1rl\u00e1sra, aj\u00e1nd\u00e9kt\u00e1rgyak v\u00e1s\u00e1rl\u00e1s\u00e1ra \u00e9s szem\u00e9lyes kiad\u00e1sokra.<\/li>\n<li>Sportcip\u0151k<\/li>\n<li>Iv\u00f3v\u00edz<\/li>\n<li>Napszem\u00fcveg<\/li>\n<\/ul>","protected":false},"excerpt":{"rendered":"<p><strong>Kir\u00e1ndul\u00e1s Id\u0151pontja:<\/strong> 5:30 &#8212; 16:00<\/p>\n<p><strong>A Kir\u00e1ndul\u00e1s Napjai:<\/strong> H\u00e9tf\u0151, cs\u00fct\u00f6rt\u00f6k, szombat<\/p>","protected":false},"featured_media":24569,"template":"","meta":{"_kad_post_transparent":"default","_kad_post_title":"","_kad_post_layout":"default","_kad_post_sidebar_id":"","_kad_post_content_style":"default","_kad_post_vertical_padding":"default","_kad_post_feature":"","_kad_post_feature_position":"","_kad_post_header":false,"_kad_post_footer":false,"_kad_post_classname":"","_glsr_average":0,"_glsr_ranking":0,"_glsr_reviews":0},"product_brand":[],"product_cat":[435],"product_tag":[],"class_list":{"0":"post-24564","1":"product","2":"type-product","3":"status-publish","4":"has-post-thumbnail","6":"product_cat-sharm-el-sheikh","7":"tm-has-options","9":"first","10":"instock","11":"sale","12":"sold-individually","13":"taxable","14":"shipping-taxable","15":"purchasable","16":"product-type-simple","17":"entry","18":"content-bg","19":"loop-entry"},"yoast_head":"<!-- This site is optimized with the Yoast SEO plugin v27.4 - https:\/\/yoast.com\/product\/yoast-seo-wordpress\/ -->\n<title>\u041c\u043e\u043d\u0430\u0441\u0442\u044b\u0440\u044c \u0421\u0432\u044f\u0442\u043e\u0439 \u0415\u043a\u0430\u0442\u0435\u0440\u0438\u043d\u044b \u0438 \u0414\u0430\u0445\u0430\u0431 &#8226; \u042d\u043a\u0441\u043a\u0443\u0440\u0441\u0438\u0438 Skyline<\/title>\n<meta name=\"robots\" content=\"index, follow, max-snippet:-1, max-image-preview:large, max-video-preview:-1\" \/>\n<link rel=\"canonical\" href=\"http:\/\/skyline-gs.com\/hu\/termek\/monastery-of-st-catherine-and-dahab-sharm\/\" \/>\n<meta property=\"og:locale\" content=\"hu_HU\" \/>\n<meta property=\"og:type\" content=\"article\" \/>\n<meta property=\"og:title\" content=\"\u041c\u043e\u043d\u0430\u0441\u0442\u044b\u0440\u044c \u0421\u0432\u044f\u0442\u043e\u0439 \u0415\u043a\u0430\u0442\u0435\u0440\u0438\u043d\u044b \u0438 \u0414\u0430\u0445\u0430\u0431 &#8226; \u042d\u043a\u0441\u043a\u0443\u0440\u0441\u0438\u0438 Skyline\" \/>\n<meta property=\"og:description\" content=\"\u0412\u0440\u0435\u043c\u044f \u0442\u0443\u0440\u0430: 5:30 - 16:00  \u0414\u043d\u0438 \u043f\u0440\u043e\u0432\u0435\u0434\u0435\u043d\u0438\u044f: \u041f\u043e\u043d\u0435\u0434\u0435\u043b\u044c\u043d\u0438\u043a, \u0427\u0435\u0442\u0432\u0435\u0440\u0433, \u0421\u0443\u0431\u0431\u043e\u0442\u0430\" \/>\n<meta property=\"og:url\" content=\"http:\/\/skyline-gs.com\/hu\/termek\/monastery-of-st-catherine-and-dahab-sharm\/\" \/>\n<meta property=\"og:site_name\" content=\"\u042d\u043a\u0441\u043a\u0443\u0440\u0441\u0438\u0438 Skyline\" \/>\n<meta property=\"article:modified_time\" content=\"2025-12-16T12:59:48+00:00\" \/>\n<meta property=\"og:image\" content=\"https:\/\/skyline-gs.com\/wp-content\/uploads\/2021\/06\/6d-1.jpg\" \/>\n\t<meta property=\"og:image:width\" content=\"669\" \/>\n\t<meta property=\"og:image:height\" content=\"446\" \/>\n\t<meta property=\"og:image:type\" content=\"image\/jpeg\" \/>\n<meta name=\"twitter:card\" content=\"summary_large_image\" \/>\n<meta name=\"twitter:label1\" content=\"Becs\u00fclt olvas\u00e1si id\u0151\" \/>\n\t<meta name=\"twitter:data1\" content=\"2 perc\" \/>\n<script type=\"application\/ld+json\" class=\"yoast-schema-graph\">{\"@context\":\"https:\\\/\\\/schema.org\",\"@graph\":[{\"@type\":\"WebPage\",\"@id\":\"http:\\\/\\\/skyline-gs.com\\\/pl\\\/produkt\\\/monastery-of-st-catherine-and-dahab-sharm\\\/\",\"url\":\"http:\\\/\\\/skyline-gs.com\\\/pl\\\/produkt\\\/monastery-of-st-catherine-and-dahab-sharm\\\/\",\"name\":\"\u041c\u043e\u043d\u0430\u0441\u0442\u044b\u0440\u044c \u0421\u0432\u044f\u0442\u043e\u0439 \u0415\u043a\u0430\u0442\u0435\u0440\u0438\u043d\u044b \u0438 \u0414\u0430\u0445\u0430\u0431 &#8226; \u042d\u043a\u0441\u043a\u0443\u0440\u0441\u0438\u0438 Skyline\",\"isPartOf\":{\"@id\":\"https:\\\/\\\/skyline-gs.com\\\/it\\\/#website\"},\"primaryImageOfPage\":{\"@id\":\"http:\\\/\\\/skyline-gs.com\\\/pl\\\/produkt\\\/monastery-of-st-catherine-and-dahab-sharm\\\/#primaryimage\"},\"image\":{\"@id\":\"http:\\\/\\\/skyline-gs.com\\\/pl\\\/produkt\\\/monastery-of-st-catherine-and-dahab-sharm\\\/#primaryimage\"},\"thumbnailUrl\":\"https:\\\/\\\/skyline-gs.com\\\/wp-content\\\/uploads\\\/2021\\\/06\\\/6d-1.jpg\",\"datePublished\":\"2021-06-24T13:56:11+00:00\",\"dateModified\":\"2025-12-16T12:59:48+00:00\",\"breadcrumb\":{\"@id\":\"http:\\\/\\\/skyline-gs.com\\\/pl\\\/produkt\\\/monastery-of-st-catherine-and-dahab-sharm\\\/#breadcrumb\"},\"inLanguage\":\"hu\",\"potentialAction\":[{\"@type\":\"ReadAction\",\"target\":[\"http:\\\/\\\/skyline-gs.com\\\/pl\\\/produkt\\\/monastery-of-st-catherine-and-dahab-sharm\\\/\"]}]},{\"@type\":\"ImageObject\",\"inLanguage\":\"hu\",\"@id\":\"http:\\\/\\\/skyline-gs.com\\\/pl\\\/produkt\\\/monastery-of-st-catherine-and-dahab-sharm\\\/#primaryimage\",\"url\":\"https:\\\/\\\/skyline-gs.com\\\/wp-content\\\/uploads\\\/2021\\\/06\\\/6d-1.jpg\",\"contentUrl\":\"https:\\\/\\\/skyline-gs.com\\\/wp-content\\\/uploads\\\/2021\\\/06\\\/6d-1.jpg\",\"width\":669,\"height\":446},{\"@type\":\"BreadcrumbList\",\"@id\":\"http:\\\/\\\/skyline-gs.com\\\/pl\\\/produkt\\\/monastery-of-st-catherine-and-dahab-sharm\\\/#breadcrumb\",\"itemListElement\":[{\"@type\":\"ListItem\",\"position\":1,\"name\":\"\u0413\u043b\u0430\u0432\u043d\u0430\u044f \u0441\u0442\u0440\u0430\u043d\u0438\u0446\u0430\",\"item\":\"https:\\\/\\\/skyline-gs.com\\\/hu\\\/\"},{\"@type\":\"ListItem\",\"position\":2,\"name\":\"\u041c\u0430\u0433\u0430\u0437\u0438\u043d\",\"item\":\"https:\\\/\\\/skyline-gs.com\\\/cs\\\/shop\\\/\"},{\"@type\":\"ListItem\",\"position\":3,\"name\":\"\u041c\u043e\u043d\u0430\u0441\u0442\u044b\u0440\u044c \u0421\u0432\u044f\u0442\u043e\u0439 \u0415\u043a\u0430\u0442\u0435\u0440\u0438\u043d\u044b \u0438 \u0414\u0430\u0445\u0430\u0431\"}]},{\"@type\":\"WebSite\",\"@id\":\"https:\\\/\\\/skyline-gs.com\\\/it\\\/#website\",\"url\":\"https:\\\/\\\/skyline-gs.com\\\/it\\\/\",\"name\":\"\u042d\u043a\u0441\u043a\u0443\u0440\u0441\u0438\u0438 Skyline\",\"description\":\"\u042d\u043a\u0441\u043a\u043b\u044e\u0437\u0438\u0432\u043d\u044b\u0435 \u044d\u043a\u0441\u043a\u0443\u0440\u0441\u0438\u0438 \u043d\u0430 \u043b\u0443\u0447\u0448\u0438\u0445 \u043a\u0443\u0440\u043e\u0440\u0442\u0430\u0445 \u043c\u0438\u0440\u0430\",\"publisher\":{\"@id\":\"https:\\\/\\\/skyline-gs.com\\\/it\\\/#organization\"},\"alternateName\":\"Skyline\",\"potentialAction\":[{\"@type\":\"SearchAction\",\"target\":{\"@type\":\"EntryPoint\",\"urlTemplate\":\"https:\\\/\\\/skyline-gs.com\\\/it\\\/?s={search_term_string}\"},\"query-input\":{\"@type\":\"PropertyValueSpecification\",\"valueRequired\":true,\"valueName\":\"search_term_string\"}}],\"inLanguage\":\"hu\"},{\"@type\":\"Organization\",\"@id\":\"https:\\\/\\\/skyline-gs.com\\\/it\\\/#organization\",\"name\":\"\u042d\u043a\u0441\u043a\u0443\u0440\u0441\u0438\u0438 Skyline\",\"alternateName\":\"\u042d\u043a\u0441\u043a\u0443\u0440\u0441\u0438\u0438 Skyline\",\"url\":\"https:\\\/\\\/skyline-gs.com\\\/it\\\/\",\"logo\":{\"@type\":\"ImageObject\",\"inLanguage\":\"hu\",\"@id\":\"https:\\\/\\\/skyline-gs.com\\\/it\\\/#\\\/schema\\\/logo\\\/image\\\/\",\"url\":\"https:\\\/\\\/skyline-gs.com\\\/wp-content\\\/uploads\\\/2020\\\/12\\\/cropped-logo-2.png\",\"contentUrl\":\"https:\\\/\\\/skyline-gs.com\\\/wp-content\\\/uploads\\\/2020\\\/12\\\/cropped-logo-2.png\",\"width\":512,\"height\":512,\"caption\":\"\u042d\u043a\u0441\u043a\u0443\u0440\u0441\u0438\u0438 Skyline\"},\"image\":{\"@id\":\"https:\\\/\\\/skyline-gs.com\\\/it\\\/#\\\/schema\\\/logo\\\/image\\\/\"},\"sameAs\":[\"https:\\\/\\\/www.instagram.com\\\/skylineglobalservice\\\/\"]}]}<\/script>\n<!-- \/ Yoast SEO plugin. -->","yoast_head_json":{"title":"\u041c\u043e\u043d\u0430\u0441\u0442\u044b\u0440\u044c \u0421\u0432\u044f\u0442\u043e\u0439 \u0415\u043a\u0430\u0442\u0435\u0440\u0438\u043d\u044b \u0438 \u0414\u0430\u0445\u0430\u0431 &#8226; \u042d\u043a\u0441\u043a\u0443\u0440\u0441\u0438\u0438 Skyline","robots":{"index":"index","follow":"follow","max-snippet":"max-snippet:-1","max-image-preview":"max-image-preview:large","max-video-preview":"max-video-preview:-1"},"canonical":"http:\/\/skyline-gs.com\/hu\/termek\/monastery-of-st-catherine-and-dahab-sharm\/","og_locale":"hu_HU","og_type":"article","og_title":"\u041c\u043e\u043d\u0430\u0441\u0442\u044b\u0440\u044c \u0421\u0432\u044f\u0442\u043e\u0439 \u0415\u043a\u0430\u0442\u0435\u0440\u0438\u043d\u044b \u0438 \u0414\u0430\u0445\u0430\u0431 &#8226; \u042d\u043a\u0441\u043a\u0443\u0440\u0441\u0438\u0438 Skyline","og_description":"\u0412\u0440\u0435\u043c\u044f \u0442\u0443\u0440\u0430: 5:30 - 16:00  \u0414\u043d\u0438 \u043f\u0440\u043e\u0432\u0435\u0434\u0435\u043d\u0438\u044f: \u041f\u043e\u043d\u0435\u0434\u0435\u043b\u044c\u043d\u0438\u043a, \u0427\u0435\u0442\u0432\u0435\u0440\u0433, \u0421\u0443\u0431\u0431\u043e\u0442\u0430","og_url":"http:\/\/skyline-gs.com\/hu\/termek\/monastery-of-st-catherine-and-dahab-sharm\/","og_site_name":"\u042d\u043a\u0441\u043a\u0443\u0440\u0441\u0438\u0438 Skyline","article_modified_time":"2025-12-16T12:59:48+00:00","og_image":[{"width":669,"height":446,"url":"https:\/\/skyline-gs.com\/wp-content\/uploads\/2021\/06\/6d-1.jpg","type":"image\/jpeg"}],"twitter_card":"summary_large_image","twitter_misc":{"Becs\u00fclt olvas\u00e1si id\u0151":"2 perc"},"schema":{"@context":"https:\/\/schema.org","@graph":[{"@type":"WebPage","@id":"http:\/\/skyline-gs.com\/pl\/produkt\/monastery-of-st-catherine-and-dahab-sharm\/","url":"http:\/\/skyline-gs.com\/pl\/produkt\/monastery-of-st-catherine-and-dahab-sharm\/","name":"\u041c\u043e\u043d\u0430\u0441\u0442\u044b\u0440\u044c \u0421\u0432\u044f\u0442\u043e\u0439 \u0415\u043a\u0430\u0442\u0435\u0440\u0438\u043d\u044b \u0438 \u0414\u0430\u0445\u0430\u0431 &#8226; \u042d\u043a\u0441\u043a\u0443\u0440\u0441\u0438\u0438 Skyline","isPartOf":{"@id":"https:\/\/skyline-gs.com\/it\/#website"},"primaryImageOfPage":{"@id":"http:\/\/skyline-gs.com\/pl\/produkt\/monastery-of-st-catherine-and-dahab-sharm\/#primaryimage"},"image":{"@id":"http:\/\/skyline-gs.com\/pl\/produkt\/monastery-of-st-catherine-and-dahab-sharm\/#primaryimage"},"thumbnailUrl":"https:\/\/skyline-gs.com\/wp-content\/uploads\/2021\/06\/6d-1.jpg","datePublished":"2021-06-24T13:56:11+00:00","dateModified":"2025-12-16T12:59:48+00:00","breadcrumb":{"@id":"http:\/\/skyline-gs.com\/pl\/produkt\/monastery-of-st-catherine-and-dahab-sharm\/#breadcrumb"},"inLanguage":"hu","potentialAction":[{"@type":"ReadAction","target":["http:\/\/skyline-gs.com\/pl\/produkt\/monastery-of-st-catherine-and-dahab-sharm\/"]}]},{"@type":"ImageObject","inLanguage":"hu","@id":"http:\/\/skyline-gs.com\/pl\/produkt\/monastery-of-st-catherine-and-dahab-sharm\/#primaryimage","url":"https:\/\/skyline-gs.com\/wp-content\/uploads\/2021\/06\/6d-1.jpg","contentUrl":"https:\/\/skyline-gs.com\/wp-content\/uploads\/2021\/06\/6d-1.jpg","width":669,"height":446},{"@type":"BreadcrumbList","@id":"http:\/\/skyline-gs.com\/pl\/produkt\/monastery-of-st-catherine-and-dahab-sharm\/#breadcrumb","itemListElement":[{"@type":"ListItem","position":1,"name":"\u0413\u043b\u0430\u0432\u043d\u0430\u044f \u0441\u0442\u0440\u0430\u043d\u0438\u0446\u0430","item":"https:\/\/skyline-gs.com\/hu\/"},{"@type":"ListItem","position":2,"name":"\u041c\u0430\u0433\u0430\u0437\u0438\u043d","item":"https:\/\/skyline-gs.com\/cs\/shop\/"},{"@type":"ListItem","position":3,"name":"\u041c\u043e\u043d\u0430\u0441\u0442\u044b\u0440\u044c \u0421\u0432\u044f\u0442\u043e\u0439 \u0415\u043a\u0430\u0442\u0435\u0440\u0438\u043d\u044b \u0438 \u0414\u0430\u0445\u0430\u0431"}]},{"@type":"WebSite","@id":"https:\/\/skyline-gs.com\/it\/#website","url":"https:\/\/skyline-gs.com\/it\/","name":"Skyline T\u00far\u00e1k","description":"Exkluz\u00edv kir\u00e1ndul\u00e1sok a vil\u00e1g legjobb \u00fcd\u00fcl\u0151helyein","publisher":{"@id":"https:\/\/skyline-gs.com\/it\/#organization"},"alternateName":"Skyline","potentialAction":[{"@type":"SearchAction","target":{"@type":"EntryPoint","urlTemplate":"https:\/\/skyline-gs.com\/it\/?s={search_term_string}"},"query-input":{"@type":"PropertyValueSpecification","valueRequired":true,"valueName":"search_term_string"}}],"inLanguage":"hu"},{"@type":"Organization","@id":"https:\/\/skyline-gs.com\/it\/#organization","name":"Skyline T\u00far\u00e1k","alternateName":"\u042d\u043a\u0441\u043a\u0443\u0440\u0441\u0438\u0438 Skyline","url":"https:\/\/skyline-gs.com\/it\/","logo":{"@type":"ImageObject","inLanguage":"hu","@id":"https:\/\/skyline-gs.com\/it\/#\/schema\/logo\/image\/","url":"https:\/\/skyline-gs.com\/wp-content\/uploads\/2020\/12\/cropped-logo-2.png","contentUrl":"https:\/\/skyline-gs.com\/wp-content\/uploads\/2020\/12\/cropped-logo-2.png","width":512,"height":512,"caption":"\u042d\u043a\u0441\u043a\u0443\u0440\u0441\u0438\u0438 Skyline"},"image":{"@id":"https:\/\/skyline-gs.com\/it\/#\/schema\/logo\/image\/"},"sameAs":["https:\/\/www.instagram.com\/skylineglobalservice\/"]}]}},"_links":{"self":[{"href":"https:\/\/skyline-gs.com\/hu\/wp-json\/wp\/v2\/product\/24564","targetHints":{"allow":["GET"]}}],"collection":[{"href":"https:\/\/skyline-gs.com\/hu\/wp-json\/wp\/v2\/product"}],"about":[{"href":"https:\/\/skyline-gs.com\/hu\/wp-json\/wp\/v2\/types\/product"}],"version-history":[{"count":0,"href":"https:\/\/skyline-gs.com\/hu\/wp-json\/wp\/v2\/product\/24564\/revisions"}],"wp:featuredmedia":[{"embeddable":true,"href":"https:\/\/skyline-gs.com\/hu\/wp-json\/wp\/v2\/media\/24569"}],"wp:attachment":[{"href":"https:\/\/skyline-gs.com\/hu\/wp-json\/wp\/v2\/media?parent=24564"}],"wp:term":[{"taxonomy":"product_brand","embeddable":true,"href":"https:\/\/skyline-gs.com\/hu\/wp-json\/wp\/v2\/product_brand?post=24564"},{"taxonomy":"product_cat","embeddable":true,"href":"https:\/\/skyline-gs.com\/hu\/wp-json\/wp\/v2\/product_cat?post=24564"},{"taxonomy":"product_tag","embeddable":true,"href":"https:\/\/skyline-gs.com\/hu\/wp-json\/wp\/v2\/product_tag?post=24564"}],"curies":[{"name":"wp","href":"https:\/\/api.w.org\/{rel}","templated":true}]}}