{"id":24535,"date":"2021-06-24T14:54:10","date_gmt":"2021-06-24T12:54:10","guid":{"rendered":"http:\/\/skyline-gs.com\/?post_type=product&#038;p=24535"},"modified":"2025-12-16T15:04:39","modified_gmt":"2025-12-16T13:04:39","slug":"mount-moses-and-st-catherine-s-monastery-sharm","status":"publish","type":"product","link":"https:\/\/skyline-gs.com\/hu\/product\/mount-moses-and-st-catherine-s-monastery-sharm\/","title":{"rendered":"M\u00f3zes-hegy \u00e9s Szent Katalin kolostor"},"content":{"rendered":"<p>A M\u00f3zes-hegy vagy S\u00ednai-hegy \u00e9s a Szent Katalin kolostor Sharm El Sheikhb\u0151l csod\u00e1latos lehet\u0151s\u00e9g arra, hogy a M\u00f3zes-hegyen tal\u00e1lkozzunk a hajnallal a lelki megtisztul\u00e1s \u00e9rdek\u00e9ben, \u00e9s meg\u00e9rints\u00fck a szent erekly\u00e9ket, a vil\u00e1g egyik legr\u00e9gebbi kolostor\u00e1ban, amelyet a Bibli\u00e1ban le\u00edrtak.<\/p>\n<p>Indul\u00e1s Sharm el Sheikhb\u0151l 20.00 \u00f3ra k\u00f6r\u00fcl. K\u00e9t \u00e9s f\u00e9l \u00f3r\u00e1s aut\u00f3\u00fat \u00e9s a M\u00f3zes-hegy el\u0151ttetek lesz, \u00e9s zar\u00e1ndoklatos megm\u00e1sz\u00e1st tesztek. Egy tapasztalt idegenvezet\u0151 seg\u00edt \u00d6nnek feljutni a 2285 m\u00e9ter magasan fekv\u0151 S\u00ednai-hegy cs\u00facs\u00e1ra. A M\u00f3zes-hegy \u00e9s a cs\u00facs\u00e1r\u00f3l ny\u00edl\u00f3 kil\u00e1t\u00e1s \u00f6nmag\u00e1ban is l\u00e1tv\u00e1nyoss\u00e1g. A kil\u00e1t\u00e1s gy\u00f6ny\u00f6r\u0171, \u00e9s mindenk\u00e9ppen meg\u00e9ri a f\u00e1rads\u00e1got. A teljes \u00fatvonal k\u00f6r\u00fclbel\u00fcl 7 kilom\u00e9ter hossz\u00fa. A cs\u00facsra val\u00f3 feljut\u00e1s nem tart tov\u00e1bb 3 \u00f3r\u00e1n\u00e1l. Zar\u00e1ndokok sz\u00e1mos csoportja m\u00e1ssza meg a M\u00f3zes-hegyet, hogy \u00fcdv\u00f6z\u00f6lje a hajnalt, \u00e9s isteni \u00e1ld\u00e1st \u00e9s megtisztul\u00e1st kapjon.<\/p>\n<p><strong>1:<\/strong> egy szel\u00edd szerpentinen, majd 750 l\u00e9pcs\u0151fokot kell megm\u00e1sznia. V\u00e9g\u00fcl a h\u00e1rom\u00f3r\u00e1s \u00fat ut\u00e1n a cs\u00facson le\u00fclhetsz, gondolataidra koncentr\u00e1lhatsz, elmondhatsz egy im\u00e1t, vagy egyszer\u0171en csak \u00e9lvezheted a napfelkelt\u00e9t.<br \/>\nK\u00e9pzeld el - a M\u00f3zes-hegy az a hely, ahol Isten M\u00f3zesnek adta a parancsolatokat Izrael fiai sz\u00e1m\u00e1ra (a 10 parancsolatot). A hagyom\u00e1ny szerint azok, akik a S\u00ednai-hegyre vezet\u0151 neh\u00e9z utat megtett\u00e9k, \u00e9s a cs\u00facs\u00e1n tal\u00e1lkoztak a hajnallal, b\u0171nbocs\u00e1natot kapnak.<\/p>\n<p><strong>2:<\/strong> Ha \u00fagy \u00e9rzi, hogy egyed\u00fcl nem tudja megm\u00e1szni a hegyet, akkor 15$-\u00e9rt tev\u00e9t b\u00e9relhet a beduinokt\u00f3l.<\/p>\n<p>\u041f\u043e\u0441\u043b\u0435 \u0432\u0441\u0442\u0440\u0435\u0447\u0438 \u0440\u0430\u0441\u0441\u0432\u0435\u0442\u0430, \u0412\u044b \u0441\u043f\u0443\u0441\u043a\u0430\u0435\u0442\u0435\u0441\u044c \u0441 \u0433\u043e\u0440\u044b \u0438 \u0443\u0432\u0438\u0434\u0438\u0442\u0435 \u041c\u043e\u043d\u0430\u0441\u0442\u044b\u0440\u044e \u0441\u0432\u044f\u0442\u043e\u0439 \u0415\u043a\u0430\u0442\u0435\u0440\u0438\u043d\u044b. \u041c\u043e\u043d\u0430\u0441\u0442\u044b\u0440\u044c, \u0440\u0430\u0441\u043f\u043e\u043b\u043e\u0436\u0435\u043d\u043d\u044b\u0439 \u0443 \u0433\u043e\u0440\u044b \u041c\u043e\u0438\u0441\u0435\u044f, \u043d\u0430\u0437\u0432\u0430\u043d \u0432 \u0447\u0435\u0441\u0442\u044c \u0421\u0432\u044f\u0442\u043e\u0439 \u0415\u043a\u0430\u0442\u0435\u0440\u0438\u043d\u044b, \u043f\u0440\u0438\u043d\u044f\u0432\u0448\u0435\u0439 \u043c\u0443\u0447\u0435\u043d\u0438\u0447\u0435\u0441\u043a\u0443\u044e \u0441\u043c\u0435\u0440\u0442\u044c \u0437\u0430 \u0445\u0440\u0438\u0441\u0442\u0438\u0430\u043d\u0441\u043a\u0443\u044e \u0432\u0435\u0440\u0443. \u0412\u044b \u0443\u0432\u0438\u0434\u0438\u0442\u0435 \u0438 \u0443\u0437\u043d\u0430\u0435\u0442\u0435 \u0438\u0441\u0442\u043e\u0440\u0438\u044e, \u043e \u0432\u0445\u043e\u0434\u044f\u0449\u0438\u0445 \u0432 \u043a\u043e\u043c\u043f\u043b\u0435\u043a\u0441 \u043c\u043e\u043d\u0430\u0441\u0442\u044b\u0440\u044f \u0431\u0438\u0431\u043b\u0435\u0439\u0441\u043a\u0438\u0445 \u0430\u0440\u0442\u0435\u0444\u0430\u043a\u0442\u0430\u0445: \u0442\u0435\u0440\u043d\u043e\u0432\u043e\u043c \u043a\u0443\u0441\u0442\u0435 \u0438 \u0447\u0430\u0441\u043e\u0432\u043d\u0435 \u041d\u0435\u043e\u043f\u0430\u043b\u0438\u043c\u043e\u0439 \u041a\u0443\u043f\u0438\u043d\u044b, \u041a\u043e\u043b\u043e\u0434\u0446\u0435 \u041c\u043e\u0438\u0441\u0435\u044f, \u0430 \u0442\u0430\u043a \u0436\u0435 \u0411\u0430\u0437\u0438\u043b\u0438\u043a\u0435 \u041f\u0440\u0435\u043e\u0431\u0440\u0430\u0436\u0435\u043d\u0438\u044f \u2014 \u0433\u043b\u0430\u0432\u043d\u043e\u043c \u0445\u0440\u0430\u043c\u0435 \u043c\u043e\u043d\u0430\u0441\u0442\u044b\u0440\u044f. \u0413\u0440\u0435\u0447\u0435\u0441\u043a\u0438\u0439 \u041f\u0440\u0430\u0432\u043e\u0441\u043b\u0430\u0432\u043d\u044b\u0439 \u043c\u043e\u043d\u0430\u0441\u0442\u044b\u0440\u044c, \u043d\u0430\u0445\u043e\u0434\u0438\u0442\u0441\u044f \u0438 \u0431\u044b\u043b \u043f\u043e\u0441\u0442\u0440\u043e\u0435\u043d \u043c\u0435\u0436\u0434\u0443 548 \u0438 565 \u0433\u043e\u0434\u0430\u043c\u0438 \u043d.\u044d. \u041c\u043e\u043d\u0430\u0441\u0442\u044b\u0440\u044c \u043d\u0438\u043a\u043e\u0433\u0434\u0430 \u043d\u0435 \u0440\u0430\u0437\u0440\u0443\u0448\u0430\u043b\u0441\u044f \u0437\u0430 \u0432\u0441\u044e \u0435\u0433\u043e \u0438\u0441\u0442\u043e\u0440\u0438\u044e. \u0415\u0433\u043e \u043d\u0430\u0441\u043b\u0435\u0434\u0438\u0435 \u0441\u043e\u0445\u0440\u0430\u043d\u0438\u043b\u043e \u043f\u0435\u0440\u0432\u043e\u0437\u0434\u0430\u043d\u043d\u044b\u0439 \u0432\u0438\u0434, \u043f\u0440\u043e\u0439\u0434\u044f \u0441\u043a\u0432\u043e\u0437\u044c \u0442\u044b\u0441\u044f\u0447\u0435\u043b\u0435\u0442\u0438\u044f. \u0421\u043e\u0433\u043b\u0430\u0441\u043d\u043e \u043f\u0440\u0435\u0434\u0430\u043d\u0438\u044e \u043e\u043d \u0440\u0430\u0441\u043f\u043e\u043b\u043e\u0436\u0435\u043d \u0432 \u0442\u043e\u043c \u0441\u0430\u043c\u043e\u043c \u043c\u0435\u0441\u0442\u0435, \u0433\u0434\u0435 \u0432 \u043e\u0431\u044a\u044f\u0442\u043e\u043c \u043f\u043b\u0430\u043c\u0435\u043d\u0435\u043c \u0422\u0435\u0440\u043d\u043e\u0432\u043e\u043c \u041a\u0443\u0441\u0442\u0435 \u00ab\u041d\u0435\u043e\u043f\u0430\u043b\u0438\u043c\u043e\u0439 \u041a\u0443\u043f\u0438\u043d\u0435\u00bb, \u0413\u043e\u0441\u043f\u043e\u0434\u044c \u044f\u0432\u0438\u043b\u0441\u044f \u041c\u043e\u0438\u0441\u0435\u044e \u0438 \u0432\u043e\u0437\u0437\u0432\u0430\u043b \u0435\u0433\u043e, \u0432\u044b\u0432\u0435\u0441\u0442\u0438 \u0438\u0437 \u0415\u0433\u0438\u043f\u0442\u0430 \u00ab\u0441\u044b\u043d\u043e\u0432 \u0418\u0437\u0440\u0430\u0438\u043b\u0435\u0432\u044b\u0445\u00bb \u0432 \u041e\u0431\u0435\u0442\u043e\u0432\u0430\u043d\u043d\u0443\u044e \u0437\u0435\u043c\u043b\u044e. \u042d\u0442\u043e\u0442 \u0441\u0432\u044f\u0449\u0435\u043d\u043d\u044b\u0439 \u043a\u0443\u0441\u0442 \u0432\u043f\u043e\u0441\u043b\u0435\u0434\u0441\u0442\u0432\u0438\u0438 \u0431\u044b\u043b \u043f\u0435\u0440\u0435\u043d\u0435\u0441\u0435\u043d \u043d\u0430 \u043d\u0435\u0441\u043a\u043e\u043b\u044c\u043a\u043e \u043c\u0435\u0442\u0440\u043e\u0432 \u0432\u043e \u0432\u043d\u0443\u0442\u0440\u0435\u043d\u043d\u0438\u0439 \u0434\u0432\u043e\u0440 \u043c\u043e\u043d\u0430\u0441\u0442\u044b\u0440\u044f, \u0430 \u043d\u0430 \u043f\u0440\u0435\u0436\u043d\u0435\u043c \u043c\u0435\u0441\u0442\u0435 \u0432\u044b\u0441\u0442\u0440\u043e\u0435\u043d\u0430 \u0447\u0430\u0441\u043e\u0432\u043d\u044f \u0411\u043b\u0430\u0433\u043e\u0432\u0435\u0449\u0435\u043d\u0438\u044f \u0441 \u0441\u0435\u0440\u0435\u0431\u0440\u044f\u043d\u043e\u0439 \u0437\u0432\u0435\u0437\u0434\u043e\u0439, \u0443\u043a\u0430\u0437\u044b\u0432\u0430\u044e\u0449\u0435\u0439 \u043d\u0430 \u043c\u0435\u0441\u0442\u043e, \u0433\u0434\u0435 \u043a\u043e\u0440\u043d\u0438 \u043a\u0443\u0441\u0442\u0430 \u0432\u044b\u0445\u043e\u0434\u0438\u043b\u0438 \u0438\u0437 \u0437\u0435\u043c\u043b\u0438. \u0411\u0435\u0437 \u0441\u043e\u043c\u043d\u0435\u043d\u0438\u044f, \u0412\u044b \u0431\u0443\u0434\u0435\u0442\u0435 \u043e\u0447\u0430\u0440\u043e\u0432\u0430\u043d\u044b \u043a\u0440\u0430\u0441\u043e\u0442\u043e\u0439 \u0438 \u0432\u0435\u043b\u0438\u0447\u0438\u0435\u043c \u044d\u0442\u0438\u0445 \u0441\u0432\u044f\u0442\u044b\u0445 \u043c\u0435\u0441\u0442.<\/p>\n<p>\u0412\u043e\u0437\u0432\u0440\u0430\u0449\u0435\u043d\u0438\u0435 \u0432 \u043e\u0442\u0435\u043b\u044c \u043e\u043a\u043e\u043b\u043e 14:00.<\/p>\n<p><strong>Tartalmazza:<\/strong><\/p>\n<ul>\n<li>Transzfer a sz\u00e1llod\u00e1b\u00f3l \u00e9s a sz\u00e1llod\u00e1ba<\/li>\n<li>Minden \u00fatk\u00f6zbeni transzfer<\/li>\n<li>Magyarul besz\u00e9l\u0151 idegenvezet\u0151<\/li>\n<li>Kolostor t\u00fara<\/li>\n<li>F\u00e1klya<\/li>\n<\/ul>\n<p><strong>Nem tartalmazza:<\/strong><\/p>\n<ul>\n<li>Reggeli<\/li>\n<li>Italok<\/li>\n<li>Hegym\u00e1sz\u00e1s \u00e9s hegyr\u0151l leereszked\u00e9s tev\u00e9ken - k\u00e9r\u00e9sre<\/li>\n<\/ul>\n<p><strong>Vigy\u00e9l magaddal:<\/strong><\/p>\n<ul>\n<li>\u00datlev\u00e9l (eredeti) \u00e9s \u00fatlev\u00e9lm\u00e1solat (1 p\u00e9ld\u00e1ny)<\/li>\n<li>\u0417\u0430\u0432\u0442\u0440\u0430\u043a \u0441 \u0441\u043e\u0431\u043e\u0439 (\u0437\u0430\u043a\u0430\u0436\u0438\u0442\u0435 \u0437\u0430 \u0434\u0435\u043d\u044c \u0434\u043e \u0432\u044b\u0435\u0437\u0434\u0430 \u043d\u0430 \u0440\u0435\u0441\u0435\u043f\u0448\u0435\u043d\u0435 \u0441\u0432\u043e\u0435\u0433\u043e \u043e\u0442\u0435\u043b\u044f, \u044d\u0442\u043e \u0431\u0435\u0441\u043f\u043b\u0430\u0442\u043d\u043e)<\/li>\n<li>Meleg ruh\u00e1k<\/li>\n<li>Javasoljuk, hogy a szent helyek l\u00e1togat\u00e1sakor viseljen v\u00e1llat \u00e9s t\u00e9rdet takar\u00f3 ruh\u00e1t, L\u00e1togat\u00e1s n\u0151k \u00e1ltal<\/li>\n<li>A nadr\u00e1gos szent\u00e9lyek enged\u00e9lyezettek. A n\u0151knek k\u00f6telez\u0151 fejfed\u0151t vagy kend\u0151t viselni\u00fck.<\/li>\n<li>Kamera, kamera<\/li>\n<li>P\u00e9nz: italv\u00e1s\u00e1rl\u00e1sra, aj\u00e1nd\u00e9kt\u00e1rgyak v\u00e1s\u00e1rl\u00e1s\u00e1ra \u00e9s szem\u00e9lyes kiad\u00e1sokra.<\/li>\n<li>Sportcip\u0151k<\/li>\n<li>Iv\u00f3v\u00edz<\/li>\n<li>Napszem\u00fcveg<\/li>\n<\/ul>","protected":false},"excerpt":{"rendered":"<p><strong>Kir\u00e1ndul\u00e1s Id\u0151pontja:<\/strong> 20:00 &#8212; 14:00<\/p>\n<p><strong>A Kir\u00e1ndul\u00e1s Napjai:<\/strong> szerda, p\u00e9ntek, vas\u00e1rnap<\/p>","protected":false},"featured_media":51041,"template":"","meta":{"_kad_post_transparent":"default","_kad_post_title":"","_kad_post_layout":"default","_kad_post_sidebar_id":"","_kad_post_content_style":"default","_kad_post_vertical_padding":"default","_kad_post_feature":"","_kad_post_feature_position":"","_kad_post_header":false,"_kad_post_footer":false,"_kad_post_classname":"","_glsr_average":0,"_glsr_ranking":0,"_glsr_reviews":0},"product_brand":[],"product_cat":[435],"product_tag":[],"class_list":{"0":"post-24535","1":"product","2":"type-product","3":"status-publish","4":"has-post-thumbnail","6":"product_cat-sharm-el-sheikh","7":"tm-has-options","9":"first","10":"instock","11":"sale","12":"sold-individually","13":"taxable","14":"shipping-taxable","15":"purchasable","16":"product-type-simple","17":"entry","18":"content-bg","19":"loop-entry"},"yoast_head":"<!-- This site is optimized with the Yoast SEO plugin v27.3 - https:\/\/yoast.com\/product\/yoast-seo-wordpress\/ -->\n<title>\u0413\u043e\u0440\u0430 \u041c\u043e\u0438\u0441\u0435\u044f \u0438 \u043c\u043e\u043d\u0430\u0441\u0442\u044b\u0440\u044c \u0421\u0432\u044f\u0442\u043e\u0439 \u0415\u043a\u0430\u0442\u0435\u0440\u0438\u043d\u044b &#8226; \u042d\u043a\u0441\u043a\u0443\u0440\u0441\u0438\u0438 Skyline<\/title>\n<meta name=\"robots\" content=\"index, follow, max-snippet:-1, max-image-preview:large, max-video-preview:-1\" \/>\n<link rel=\"canonical\" href=\"http:\/\/skyline-gs.com\/hu\/termek\/mount-moses-and-st-catherine-s-monastery-sharm\/\" \/>\n<meta property=\"og:locale\" content=\"hu_HU\" \/>\n<meta property=\"og:type\" content=\"article\" \/>\n<meta property=\"og:title\" content=\"\u0413\u043e\u0440\u0430 \u041c\u043e\u0438\u0441\u0435\u044f \u0438 \u043c\u043e\u043d\u0430\u0441\u0442\u044b\u0440\u044c \u0421\u0432\u044f\u0442\u043e\u0439 \u0415\u043a\u0430\u0442\u0435\u0440\u0438\u043d\u044b &#8226; \u042d\u043a\u0441\u043a\u0443\u0440\u0441\u0438\u0438 Skyline\" \/>\n<meta property=\"og:description\" content=\"\u0412\u0440\u0435\u043c\u044f \u0442\u0443\u0440\u0430: 20:00 - 14:00  \u0414\u043d\u0438 \u043f\u0440\u043e\u0432\u0435\u0434\u0435\u043d\u0438\u044f: \u0421\u0440\u0435\u0434\u0430, \u041f\u044f\u0442\u043d\u0438\u0446\u0430, \u0412\u043e\u0441\u043a\u0440\u0435\u0441\u0435\u043d\u044c\u0435\" \/>\n<meta property=\"og:url\" content=\"http:\/\/skyline-gs.com\/hu\/termek\/mount-moses-and-st-catherine-s-monastery-sharm\/\" \/>\n<meta property=\"og:site_name\" content=\"\u042d\u043a\u0441\u043a\u0443\u0440\u0441\u0438\u0438 Skyline\" \/>\n<meta property=\"article:modified_time\" content=\"2025-12-16T13:04:39+00:00\" \/>\n<meta property=\"og:image\" content=\"https:\/\/skyline-gs.com\/wp-content\/uploads\/2021\/06\/145-6.jpg\" \/>\n\t<meta property=\"og:image:width\" content=\"960\" \/>\n\t<meta property=\"og:image:height\" content=\"540\" \/>\n\t<meta property=\"og:image:type\" content=\"image\/jpeg\" \/>\n<meta name=\"twitter:card\" content=\"summary_large_image\" \/>\n<meta name=\"twitter:label1\" content=\"Becs\u00fclt olvas\u00e1si id\u0151\" \/>\n\t<meta name=\"twitter:data1\" content=\"3 perc\" \/>\n<script type=\"application\/ld+json\" class=\"yoast-schema-graph\">{\"@context\":\"https:\\\/\\\/schema.org\",\"@graph\":[{\"@type\":\"WebPage\",\"@id\":\"http:\\\/\\\/skyline-gs.com\\\/it\\\/prodotto\\\/mount-moses-and-st-catherine-s-monastery-sharm\\\/\",\"url\":\"http:\\\/\\\/skyline-gs.com\\\/it\\\/prodotto\\\/mount-moses-and-st-catherine-s-monastery-sharm\\\/\",\"name\":\"\u0413\u043e\u0440\u0430 \u041c\u043e\u0438\u0441\u0435\u044f \u0438 \u043c\u043e\u043d\u0430\u0441\u0442\u044b\u0440\u044c \u0421\u0432\u044f\u0442\u043e\u0439 \u0415\u043a\u0430\u0442\u0435\u0440\u0438\u043d\u044b &#8226; \u042d\u043a\u0441\u043a\u0443\u0440\u0441\u0438\u0438 Skyline\",\"isPartOf\":{\"@id\":\"https:\\\/\\\/skyline-gs.com\\\/it\\\/#website\"},\"primaryImageOfPage\":{\"@id\":\"http:\\\/\\\/skyline-gs.com\\\/it\\\/prodotto\\\/mount-moses-and-st-catherine-s-monastery-sharm\\\/#primaryimage\"},\"image\":{\"@id\":\"http:\\\/\\\/skyline-gs.com\\\/it\\\/prodotto\\\/mount-moses-and-st-catherine-s-monastery-sharm\\\/#primaryimage\"},\"thumbnailUrl\":\"https:\\\/\\\/skyline-gs.com\\\/wp-content\\\/uploads\\\/2021\\\/06\\\/145-6.jpg\",\"datePublished\":\"2021-06-24T12:54:10+00:00\",\"dateModified\":\"2025-12-16T13:04:39+00:00\",\"breadcrumb\":{\"@id\":\"http:\\\/\\\/skyline-gs.com\\\/it\\\/prodotto\\\/mount-moses-and-st-catherine-s-monastery-sharm\\\/#breadcrumb\"},\"inLanguage\":\"hu\",\"potentialAction\":[{\"@type\":\"ReadAction\",\"target\":[\"http:\\\/\\\/skyline-gs.com\\\/it\\\/prodotto\\\/mount-moses-and-st-catherine-s-monastery-sharm\\\/\"]}]},{\"@type\":\"ImageObject\",\"inLanguage\":\"hu\",\"@id\":\"http:\\\/\\\/skyline-gs.com\\\/it\\\/prodotto\\\/mount-moses-and-st-catherine-s-monastery-sharm\\\/#primaryimage\",\"url\":\"https:\\\/\\\/skyline-gs.com\\\/wp-content\\\/uploads\\\/2021\\\/06\\\/145-6.jpg\",\"contentUrl\":\"https:\\\/\\\/skyline-gs.com\\\/wp-content\\\/uploads\\\/2021\\\/06\\\/145-6.jpg\",\"width\":960,\"height\":540},{\"@type\":\"BreadcrumbList\",\"@id\":\"http:\\\/\\\/skyline-gs.com\\\/it\\\/prodotto\\\/mount-moses-and-st-catherine-s-monastery-sharm\\\/#breadcrumb\",\"itemListElement\":[{\"@type\":\"ListItem\",\"position\":1,\"name\":\"\u0413\u043b\u0430\u0432\u043d\u0430\u044f \u0441\u0442\u0440\u0430\u043d\u0438\u0446\u0430\",\"item\":\"https:\\\/\\\/skyline-gs.com\\\/hu\\\/\"},{\"@type\":\"ListItem\",\"position\":2,\"name\":\"\u041c\u0430\u0433\u0430\u0437\u0438\u043d\",\"item\":\"https:\\\/\\\/skyline-gs.com\\\/cs\\\/shop\\\/\"},{\"@type\":\"ListItem\",\"position\":3,\"name\":\"\u0413\u043e\u0440\u0430 \u041c\u043e\u0438\u0441\u0435\u044f \u0438 \u043c\u043e\u043d\u0430\u0441\u0442\u044b\u0440\u044c \u0421\u0432\u044f\u0442\u043e\u0439 \u0415\u043a\u0430\u0442\u0435\u0440\u0438\u043d\u044b\"}]},{\"@type\":\"WebSite\",\"@id\":\"https:\\\/\\\/skyline-gs.com\\\/it\\\/#website\",\"url\":\"https:\\\/\\\/skyline-gs.com\\\/it\\\/\",\"name\":\"\u042d\u043a\u0441\u043a\u0443\u0440\u0441\u0438\u0438 Skyline\",\"description\":\"\u042d\u043a\u0441\u043a\u043b\u044e\u0437\u0438\u0432\u043d\u044b\u0435 \u044d\u043a\u0441\u043a\u0443\u0440\u0441\u0438\u0438 \u043d\u0430 \u043b\u0443\u0447\u0448\u0438\u0445 \u043a\u0443\u0440\u043e\u0440\u0442\u0430\u0445 \u043c\u0438\u0440\u0430\",\"publisher\":{\"@id\":\"https:\\\/\\\/skyline-gs.com\\\/it\\\/#organization\"},\"alternateName\":\"Skyline\",\"potentialAction\":[{\"@type\":\"SearchAction\",\"target\":{\"@type\":\"EntryPoint\",\"urlTemplate\":\"https:\\\/\\\/skyline-gs.com\\\/it\\\/?s={search_term_string}\"},\"query-input\":{\"@type\":\"PropertyValueSpecification\",\"valueRequired\":true,\"valueName\":\"search_term_string\"}}],\"inLanguage\":\"hu\"},{\"@type\":\"Organization\",\"@id\":\"https:\\\/\\\/skyline-gs.com\\\/it\\\/#organization\",\"name\":\"\u042d\u043a\u0441\u043a\u0443\u0440\u0441\u0438\u0438 Skyline\",\"alternateName\":\"\u042d\u043a\u0441\u043a\u0443\u0440\u0441\u0438\u0438 Skyline\",\"url\":\"https:\\\/\\\/skyline-gs.com\\\/it\\\/\",\"logo\":{\"@type\":\"ImageObject\",\"inLanguage\":\"hu\",\"@id\":\"https:\\\/\\\/skyline-gs.com\\\/it\\\/#\\\/schema\\\/logo\\\/image\\\/\",\"url\":\"https:\\\/\\\/skyline-gs.com\\\/wp-content\\\/uploads\\\/2020\\\/12\\\/cropped-logo-2.png\",\"contentUrl\":\"https:\\\/\\\/skyline-gs.com\\\/wp-content\\\/uploads\\\/2020\\\/12\\\/cropped-logo-2.png\",\"width\":512,\"height\":512,\"caption\":\"\u042d\u043a\u0441\u043a\u0443\u0440\u0441\u0438\u0438 Skyline\"},\"image\":{\"@id\":\"https:\\\/\\\/skyline-gs.com\\\/it\\\/#\\\/schema\\\/logo\\\/image\\\/\"},\"sameAs\":[\"https:\\\/\\\/www.instagram.com\\\/skylineglobalservice\\\/\"]}]}<\/script>\n<!-- \/ Yoast SEO plugin. -->","yoast_head_json":{"title":"\u0413\u043e\u0440\u0430 \u041c\u043e\u0438\u0441\u0435\u044f \u0438 \u043c\u043e\u043d\u0430\u0441\u0442\u044b\u0440\u044c \u0421\u0432\u044f\u0442\u043e\u0439 \u0415\u043a\u0430\u0442\u0435\u0440\u0438\u043d\u044b &#8226; \u042d\u043a\u0441\u043a\u0443\u0440\u0441\u0438\u0438 Skyline","robots":{"index":"index","follow":"follow","max-snippet":"max-snippet:-1","max-image-preview":"max-image-preview:large","max-video-preview":"max-video-preview:-1"},"canonical":"http:\/\/skyline-gs.com\/hu\/termek\/mount-moses-and-st-catherine-s-monastery-sharm\/","og_locale":"hu_HU","og_type":"article","og_title":"\u0413\u043e\u0440\u0430 \u041c\u043e\u0438\u0441\u0435\u044f \u0438 \u043c\u043e\u043d\u0430\u0441\u0442\u044b\u0440\u044c \u0421\u0432\u044f\u0442\u043e\u0439 \u0415\u043a\u0430\u0442\u0435\u0440\u0438\u043d\u044b &#8226; \u042d\u043a\u0441\u043a\u0443\u0440\u0441\u0438\u0438 Skyline","og_description":"\u0412\u0440\u0435\u043c\u044f \u0442\u0443\u0440\u0430: 20:00 - 14:00  \u0414\u043d\u0438 \u043f\u0440\u043e\u0432\u0435\u0434\u0435\u043d\u0438\u044f: \u0421\u0440\u0435\u0434\u0430, \u041f\u044f\u0442\u043d\u0438\u0446\u0430, \u0412\u043e\u0441\u043a\u0440\u0435\u0441\u0435\u043d\u044c\u0435","og_url":"http:\/\/skyline-gs.com\/hu\/termek\/mount-moses-and-st-catherine-s-monastery-sharm\/","og_site_name":"\u042d\u043a\u0441\u043a\u0443\u0440\u0441\u0438\u0438 Skyline","article_modified_time":"2025-12-16T13:04:39+00:00","og_image":[{"width":960,"height":540,"url":"https:\/\/skyline-gs.com\/wp-content\/uploads\/2021\/06\/145-6.jpg","type":"image\/jpeg"}],"twitter_card":"summary_large_image","twitter_misc":{"Becs\u00fclt olvas\u00e1si id\u0151":"3 perc"},"schema":{"@context":"https:\/\/schema.org","@graph":[{"@type":"WebPage","@id":"http:\/\/skyline-gs.com\/it\/prodotto\/mount-moses-and-st-catherine-s-monastery-sharm\/","url":"http:\/\/skyline-gs.com\/it\/prodotto\/mount-moses-and-st-catherine-s-monastery-sharm\/","name":"\u0413\u043e\u0440\u0430 \u041c\u043e\u0438\u0441\u0435\u044f \u0438 \u043c\u043e\u043d\u0430\u0441\u0442\u044b\u0440\u044c \u0421\u0432\u044f\u0442\u043e\u0439 \u0415\u043a\u0430\u0442\u0435\u0440\u0438\u043d\u044b &#8226; \u042d\u043a\u0441\u043a\u0443\u0440\u0441\u0438\u0438 Skyline","isPartOf":{"@id":"https:\/\/skyline-gs.com\/it\/#website"},"primaryImageOfPage":{"@id":"http:\/\/skyline-gs.com\/it\/prodotto\/mount-moses-and-st-catherine-s-monastery-sharm\/#primaryimage"},"image":{"@id":"http:\/\/skyline-gs.com\/it\/prodotto\/mount-moses-and-st-catherine-s-monastery-sharm\/#primaryimage"},"thumbnailUrl":"https:\/\/skyline-gs.com\/wp-content\/uploads\/2021\/06\/145-6.jpg","datePublished":"2021-06-24T12:54:10+00:00","dateModified":"2025-12-16T13:04:39+00:00","breadcrumb":{"@id":"http:\/\/skyline-gs.com\/it\/prodotto\/mount-moses-and-st-catherine-s-monastery-sharm\/#breadcrumb"},"inLanguage":"hu","potentialAction":[{"@type":"ReadAction","target":["http:\/\/skyline-gs.com\/it\/prodotto\/mount-moses-and-st-catherine-s-monastery-sharm\/"]}]},{"@type":"ImageObject","inLanguage":"hu","@id":"http:\/\/skyline-gs.com\/it\/prodotto\/mount-moses-and-st-catherine-s-monastery-sharm\/#primaryimage","url":"https:\/\/skyline-gs.com\/wp-content\/uploads\/2021\/06\/145-6.jpg","contentUrl":"https:\/\/skyline-gs.com\/wp-content\/uploads\/2021\/06\/145-6.jpg","width":960,"height":540},{"@type":"BreadcrumbList","@id":"http:\/\/skyline-gs.com\/it\/prodotto\/mount-moses-and-st-catherine-s-monastery-sharm\/#breadcrumb","itemListElement":[{"@type":"ListItem","position":1,"name":"\u0413\u043b\u0430\u0432\u043d\u0430\u044f \u0441\u0442\u0440\u0430\u043d\u0438\u0446\u0430","item":"https:\/\/skyline-gs.com\/hu\/"},{"@type":"ListItem","position":2,"name":"\u041c\u0430\u0433\u0430\u0437\u0438\u043d","item":"https:\/\/skyline-gs.com\/cs\/shop\/"},{"@type":"ListItem","position":3,"name":"\u0413\u043e\u0440\u0430 \u041c\u043e\u0438\u0441\u0435\u044f \u0438 \u043c\u043e\u043d\u0430\u0441\u0442\u044b\u0440\u044c \u0421\u0432\u044f\u0442\u043e\u0439 \u0415\u043a\u0430\u0442\u0435\u0440\u0438\u043d\u044b"}]},{"@type":"WebSite","@id":"https:\/\/skyline-gs.com\/it\/#website","url":"https:\/\/skyline-gs.com\/it\/","name":"Skyline T\u00far\u00e1k","description":"Exkluz\u00edv kir\u00e1ndul\u00e1sok a vil\u00e1g legjobb \u00fcd\u00fcl\u0151helyein","publisher":{"@id":"https:\/\/skyline-gs.com\/it\/#organization"},"alternateName":"Skyline","potentialAction":[{"@type":"SearchAction","target":{"@type":"EntryPoint","urlTemplate":"https:\/\/skyline-gs.com\/it\/?s={search_term_string}"},"query-input":{"@type":"PropertyValueSpecification","valueRequired":true,"valueName":"search_term_string"}}],"inLanguage":"hu"},{"@type":"Organization","@id":"https:\/\/skyline-gs.com\/it\/#organization","name":"Skyline T\u00far\u00e1k","alternateName":"\u042d\u043a\u0441\u043a\u0443\u0440\u0441\u0438\u0438 Skyline","url":"https:\/\/skyline-gs.com\/it\/","logo":{"@type":"ImageObject","inLanguage":"hu","@id":"https:\/\/skyline-gs.com\/it\/#\/schema\/logo\/image\/","url":"https:\/\/skyline-gs.com\/wp-content\/uploads\/2020\/12\/cropped-logo-2.png","contentUrl":"https:\/\/skyline-gs.com\/wp-content\/uploads\/2020\/12\/cropped-logo-2.png","width":512,"height":512,"caption":"\u042d\u043a\u0441\u043a\u0443\u0440\u0441\u0438\u0438 Skyline"},"image":{"@id":"https:\/\/skyline-gs.com\/it\/#\/schema\/logo\/image\/"},"sameAs":["https:\/\/www.instagram.com\/skylineglobalservice\/"]}]}},"_links":{"self":[{"href":"https:\/\/skyline-gs.com\/hu\/wp-json\/wp\/v2\/product\/24535","targetHints":{"allow":["GET"]}}],"collection":[{"href":"https:\/\/skyline-gs.com\/hu\/wp-json\/wp\/v2\/product"}],"about":[{"href":"https:\/\/skyline-gs.com\/hu\/wp-json\/wp\/v2\/types\/product"}],"version-history":[{"count":0,"href":"https:\/\/skyline-gs.com\/hu\/wp-json\/wp\/v2\/product\/24535\/revisions"}],"wp:featuredmedia":[{"embeddable":true,"href":"https:\/\/skyline-gs.com\/hu\/wp-json\/wp\/v2\/media\/51041"}],"wp:attachment":[{"href":"https:\/\/skyline-gs.com\/hu\/wp-json\/wp\/v2\/media?parent=24535"}],"wp:term":[{"taxonomy":"product_brand","embeddable":true,"href":"https:\/\/skyline-gs.com\/hu\/wp-json\/wp\/v2\/product_brand?post=24535"},{"taxonomy":"product_cat","embeddable":true,"href":"https:\/\/skyline-gs.com\/hu\/wp-json\/wp\/v2\/product_cat?post=24535"},{"taxonomy":"product_tag","embeddable":true,"href":"https:\/\/skyline-gs.com\/hu\/wp-json\/wp\/v2\/product_tag?post=24535"}],"curies":[{"name":"wp","href":"https:\/\/api.w.org\/{rel}","templated":true}]}}