{"id":24404,"date":"2021-10-12T12:49:03","date_gmt":"2021-10-12T09:49:03","guid":{"rendered":"https:\/\/hurghada.skyline-gs.com\/?post_type=product&#038;p=24404"},"modified":"2026-02-01T15:28:27","modified_gmt":"2026-02-01T13:28:27","slug":"hamam-turkish-sauna","status":"publish","type":"product","link":"https:\/\/skyline-gs.com\/hu\/product\/hamam-turkish-sauna\/","title":{"rendered":"Hamam. T\u00f6r\u00f6k f\u00fcrd\u0151"},"content":{"rendered":"<div class=\"\">\n<div class=\"tour-schedule\">\n<p>A t\u00f6r\u00f6k f\u00fcrd\u0151k messze a legn\u00e9pszer\u0171bbek a l\u00e9tez\u0151 f\u00fcrd\u0151k k\u00f6z\u00fcl. A hammam legfontosabb hat\u00e1sa az idegrendszer megnyugtat\u00e1sa. Egy eg\u00e9sz f\u00fcrd\u0151k\u00f6zpont v\u00e1rja \u00d6nt, ahol el\u00e9g nagy ter\u00fclet \u00e1ll rendelkez\u00e9sre a kikapcsol\u00f3d\u00e1shoz. A sz\u00e1llod\u00e1t\u00f3l a f\u00fcrd\u0151k\u00f6zpontig \u00e9s vissza k\u00e9nyelmes, l\u00e9gkondicion\u00e1lt aut\u00f3val lehet eljutni. Kijelentkez\u00e9si id\u0151: 10:00, 14:00 vagy 16:00 \u00f3ra.<\/p>\n<p><strong>\u041f\u0440\u043e\u0433\u0440\u0430\u043c\u043c\u0430 \u21161: \u0422\u0443\u0440\u0435\u0446\u043a\u0430\u044f \u0431\u0430\u043d\u044f, 2 \u0447\u0430\u0441\u0430 \u2014 \u0432\u0437\u0440\u043e\u0441\u043b\u044b\u0439 $20, \u0440\u0435\u0431\u0435\u043d\u043e\u043a $13<\/strong><\/p>\n<ul>\n<li>Transzfer a sz\u00e1llod\u00e1b\u00f3l a szabadid\u0151k\u00f6zpontba<\/li>\n<li>Sz\u00e1raz g\u0151zf\u00fcrd\u0151, 10-15 perc<\/li>\n<li>Hammam szauna nedves g\u0151zzel, 10-15 perc<\/li>\n<li>Kese keszty\u0171s peeling + habszappanos massz\u00e1zs, 20-25 perc<\/li>\n<li>Pezsg\u0151f\u00fcrd\u0151 \u00e9s relax\u00e1ci\u00f3s id\u0151, italok (karcate tea, v\u00edz), 15-20 perc<\/li>\n<li>Transzfer vissza a sz\u00e1llod\u00e1ba<\/li>\n<\/ul>\n<p><strong>\u041f\u0440\u043e\u0433\u0440\u0430\u043c\u043c\u0430 \u21162: \u041a\u043b\u0435\u043e\u043f\u0430\u0442\u0440\u0430 \u0438 \u043c\u0430\u0441\u0441\u0430\u0436, 3 \u0447\u0430\u0441\u0430 \u2014 \u0432\u0437\u0440\u043e\u0441\u043b\u044b\u0439 $25, \u0440\u0435\u0431\u0435\u043d\u043e\u043a $15<\/strong><\/p>\n<ul>\n<li>Transzfer a sz\u00e1llod\u00e1b\u00f3l a szabadid\u0151k\u00f6zpontba<\/li>\n<li>Sz\u00e1raz g\u0151zf\u00fcrd\u0151, 10-15 perc<\/li>\n<li>Hammam szauna nedves g\u0151zzel, 10-15 perc<\/li>\n<li>Kese keszty\u0171s peeling + habszappanos massz\u00e1zs, 20-25 perc<\/li>\n<li>K\u00f3kuszos peeling pakol\u00e1ssal + Kleop\u00e1tra arcmaszk<\/li>\n<li>Pezsg\u0151f\u00fcrd\u0151 \u00e9s relax\u00e1ci\u00f3s id\u0151, italok (karcate tea, v\u00edz), 15-20 perc<\/li>\n<li>Relax\u00e1l\u00f3 teljes testmassz\u00e1zs, 45 perc<\/li>\n<li>Transzfer vissza a sz\u00e1llod\u00e1ba<\/li>\n<\/ul>\n<p><strong>\u041f\u0440\u043e\u0433\u0440\u0430\u043c\u043c\u0430 \u21163: \u041c\u0435\u0434\u0438\u0446\u0438\u043d\u0441\u043a\u0438\u0439 \u043c\u0430\u0441\u0441\u0430\u0436, 2,5 \u0447\u0430\u0441\u0430 \u2014 \u0432\u0437\u0440\u043e\u0441\u043b\u044b\u0439 $25, \u0440\u0435\u0431\u0435\u043d\u043e\u043a $15<\/strong><\/p>\n<ul>\n<li>Transzfer a sz\u00e1llod\u00e1b\u00f3l a szabadid\u0151k\u00f6zpontba<\/li>\n<li>\u0421\u0435\u0430\u043d\u0441 \u043c\u0435\u0434\u0438\u043a\u0430\u043b-\u043c\u0430\u0441\u0441\u0430\u0436\u0430 60 \u043c\u0438\u043d\u0443\u0442<\/li>\n<li>Pihen\u00e9si id\u0151, italok (karcate tea, v\u00edz), 15-20 perc.<\/li>\n<li>Transzfer vissza a sz\u00e1llod\u00e1ba<\/li>\n<\/ul>\n<p><strong>\u041f\u0440\u043e\u0433\u0440\u0430\u043c\u043c\u0430 \u21164: \u041a\u043b\u0435\u043e\u043f\u0430\u0442\u0440\u0430 \u0438 \u043c\u0430\u0441\u0441\u0430\u0436 VIP, 3 \u0447\u0430\u0441\u0430 \u2014 \u0432\u0437\u0440\u043e\u0441\u043b\u044b\u0439 $45, \u0440\u0435\u0431\u0435\u043d\u043e\u043a $45. \u0412\u0441\u0435 \u043f\u0440\u043e\u0446\u0435\u0434\u0443\u0440\u044b \u043f\u0440\u043e\u0445\u043e\u0434\u044f\u0442 \u0432 \u043e\u0442\u0434\u0435\u043b\u044c\u043d\u043e\u0439 VIP-\u043a\u043e\u043c\u043d\u0430\u0442\u0435 \u0434\u043b\u044f \u0434\u0432\u0443\u0445 \u0447\u0435\u043b\u043e\u0432\u0435\u043a<\/strong><\/p>\n<ul>\n<li>Transzfer a sz\u00e1llod\u00e1b\u00f3l a szabadid\u0151k\u00f6zpontba<\/li>\n<li>Sz\u00e1raz g\u0151zf\u00fcrd\u0151, 10-15 perc<\/li>\n<li>Hammam szauna nedves g\u0151zzel, 10-15 perc<\/li>\n<li>Kese keszty\u0171s peeling + habszappanos massz\u00e1zs, 20-25 perc<\/li>\n<li>K\u00f3kuszos peeling pakol\u00e1ssal + Kleop\u00e1tra arcmaszk<\/li>\n<li>Pezsg\u0151f\u00fcrd\u0151 \u00e9s relax\u00e1ci\u00f3s id\u0151, gy\u00fcm\u00f6lcs, italok (karcate tea, v\u00edz), 15-20 perc.<\/li>\n<li>Relax\u00e1l\u00f3 teljes testmassz\u00e1zs, 45 perc<\/li>\n<li>Transzfer vissza a sz\u00e1llod\u00e1ba<\/li>\n<\/ul>\n<\/div>\n<\/div>\n<p><strong>Tartalmazza:<\/strong><\/p>\n<ul>\n<li>Transzfer a sz\u00e1llod\u00e1b\u00f3l \u00e9s a sz\u00e1llod\u00e1ba<\/li>\n<\/ul>\n<p><strong>Nem tartalmazza:<\/strong><\/p>\n<ul>\n<li>A transzfer El Gouna, Sahl Hasheesh \u00e9s Makadi Bay v\u00e1roson k\u00edv\u00fcli ter\u00fcleteir\u0151l 10$ szem\u00e9lyg\u00e9pkocsink\u00e9nt 6 f\u0151ig. Soma Bay \u00e9s Safaga ter\u00fcletein extra 20$ aut\u00f3nk\u00e9nt 6 f\u0151ig.<\/li>\n<\/ul>\n<p><strong>L\u00e9nyeges:<\/strong><\/p>\n<ul>\n<li>\u00dasz\u00f3\u00f6lt\u00f6zet<\/li>\n<li>Papucs<\/li>\n<\/ul>","protected":false},"excerpt":{"rendered":"<p><strong>Kir\u00e1ndul\u00e1s Id\u0151pontja:<\/strong> 2 vagy 3 \u00f3ra<\/p>\n<p><strong>A Kir\u00e1ndul\u00e1s Napjai:<\/strong> Naponta<\/p>","protected":false},"featured_media":24413,"template":"","meta":{"_kad_post_transparent":"default","_kad_post_title":"","_kad_post_layout":"default","_kad_post_sidebar_id":"","_kad_post_content_style":"default","_kad_post_vertical_padding":"default","_kad_post_feature":"","_kad_post_feature_position":"","_kad_post_header":false,"_kad_post_footer":false,"_kad_post_classname":"","_glsr_average":0,"_glsr_ranking":0,"_glsr_reviews":0},"product_brand":[],"product_cat":[479],"product_tag":[],"class_list":{"0":"post-24404","1":"product","2":"type-product","3":"status-publish","4":"has-post-thumbnail","6":"product_cat-hurghadatours","7":"tm-has-options","9":"first","10":"instock","11":"sold-individually","12":"taxable","13":"shipping-taxable","14":"purchasable","15":"product-type-simple","16":"entry","17":"content-bg","18":"loop-entry"},"yoast_head":"<!-- This site is optimized with the Yoast SEO plugin v27.3 - https:\/\/yoast.com\/product\/yoast-seo-wordpress\/ -->\n<title>\u0425\u0430\u043c\u0430\u043c. \u0422\u0443\u0440\u0435\u0446\u043a\u0430\u044f \u0431\u0430\u043d\u044f &#8226; \u042d\u043a\u0441\u043a\u0443\u0440\u0441\u0438\u0438 Skyline<\/title>\n<meta name=\"robots\" content=\"index, follow, max-snippet:-1, max-image-preview:large, max-video-preview:-1\" \/>\n<link rel=\"canonical\" href=\"https:\/\/skyline-gs.com\/hu\/termek\/hamam-turkish-sauna\/\" \/>\n<meta property=\"og:locale\" content=\"hu_HU\" \/>\n<meta property=\"og:type\" content=\"article\" \/>\n<meta property=\"og:title\" content=\"\u0425\u0430\u043c\u0430\u043c. \u0422\u0443\u0440\u0435\u0446\u043a\u0430\u044f \u0431\u0430\u043d\u044f &#8226; \u042d\u043a\u0441\u043a\u0443\u0440\u0441\u0438\u0438 Skyline\" \/>\n<meta property=\"og:description\" content=\"\u0412\u0440\u0435\u043c\u044f \u0442\u0443\u0440\u0430: 2 \u0438\u043b\u0438 3 \u0447\u0430\u0441\u0430  \u0414\u043d\u0438 \u043f\u0440\u043e\u0432\u0435\u0434\u0435\u043d\u0438\u044f: \u0435\u0436\u0435\u0434\u043d\u0435\u0432\u043d\u043e\" \/>\n<meta property=\"og:url\" content=\"https:\/\/skyline-gs.com\/hu\/termek\/hamam-turkish-sauna\/\" \/>\n<meta property=\"og:site_name\" content=\"\u042d\u043a\u0441\u043a\u0443\u0440\u0441\u0438\u0438 Skyline\" \/>\n<meta property=\"article:modified_time\" content=\"2026-02-01T13:28:27+00:00\" \/>\n<meta property=\"og:image\" content=\"https:\/\/skyline-gs.com\/wp-content\/uploads\/2021\/10\/35-1.jpg\" \/>\n\t<meta property=\"og:image:width\" content=\"669\" \/>\n\t<meta property=\"og:image:height\" content=\"446\" \/>\n\t<meta property=\"og:image:type\" content=\"image\/jpeg\" \/>\n<meta name=\"twitter:card\" content=\"summary_large_image\" \/>\n<meta name=\"twitter:label1\" content=\"Becs\u00fclt olvas\u00e1si id\u0151\" \/>\n\t<meta name=\"twitter:data1\" content=\"2 perc\" \/>\n<script type=\"application\/ld+json\" class=\"yoast-schema-graph\">{\"@context\":\"https:\\\/\\\/schema.org\",\"@graph\":[{\"@type\":\"WebPage\",\"@id\":\"https:\\\/\\\/skyline-gs.com\\\/product\\\/hamam-turkish-sauna\\\/\",\"url\":\"https:\\\/\\\/skyline-gs.com\\\/product\\\/hamam-turkish-sauna\\\/\",\"name\":\"\u0425\u0430\u043c\u0430\u043c. \u0422\u0443\u0440\u0435\u0446\u043a\u0430\u044f \u0431\u0430\u043d\u044f &#8226; \u042d\u043a\u0441\u043a\u0443\u0440\u0441\u0438\u0438 Skyline\",\"isPartOf\":{\"@id\":\"https:\\\/\\\/skyline-gs.com\\\/it\\\/#website\"},\"primaryImageOfPage\":{\"@id\":\"https:\\\/\\\/skyline-gs.com\\\/product\\\/hamam-turkish-sauna\\\/#primaryimage\"},\"image\":{\"@id\":\"https:\\\/\\\/skyline-gs.com\\\/product\\\/hamam-turkish-sauna\\\/#primaryimage\"},\"thumbnailUrl\":\"https:\\\/\\\/skyline-gs.com\\\/wp-content\\\/uploads\\\/2021\\\/10\\\/35-1.jpg\",\"datePublished\":\"2021-10-12T09:49:03+00:00\",\"dateModified\":\"2026-02-01T13:28:27+00:00\",\"breadcrumb\":{\"@id\":\"https:\\\/\\\/skyline-gs.com\\\/product\\\/hamam-turkish-sauna\\\/#breadcrumb\"},\"inLanguage\":\"hu\",\"potentialAction\":[{\"@type\":\"ReadAction\",\"target\":[\"https:\\\/\\\/skyline-gs.com\\\/product\\\/hamam-turkish-sauna\\\/\"]}]},{\"@type\":\"ImageObject\",\"inLanguage\":\"hu\",\"@id\":\"https:\\\/\\\/skyline-gs.com\\\/product\\\/hamam-turkish-sauna\\\/#primaryimage\",\"url\":\"https:\\\/\\\/skyline-gs.com\\\/wp-content\\\/uploads\\\/2021\\\/10\\\/35-1.jpg\",\"contentUrl\":\"https:\\\/\\\/skyline-gs.com\\\/wp-content\\\/uploads\\\/2021\\\/10\\\/35-1.jpg\",\"width\":669,\"height\":446},{\"@type\":\"BreadcrumbList\",\"@id\":\"https:\\\/\\\/skyline-gs.com\\\/product\\\/hamam-turkish-sauna\\\/#breadcrumb\",\"itemListElement\":[{\"@type\":\"ListItem\",\"position\":1,\"name\":\"\u0413\u043b\u0430\u0432\u043d\u0430\u044f \u0441\u0442\u0440\u0430\u043d\u0438\u0446\u0430\",\"item\":\"https:\\\/\\\/skyline-gs.com\\\/hu\\\/\"},{\"@type\":\"ListItem\",\"position\":2,\"name\":\"\u041c\u0430\u0433\u0430\u0437\u0438\u043d\",\"item\":\"https:\\\/\\\/skyline-gs.com\\\/cs\\\/shop\\\/\"},{\"@type\":\"ListItem\",\"position\":3,\"name\":\"\u0425\u0430\u043c\u0430\u043c. \u0422\u0443\u0440\u0435\u0446\u043a\u0430\u044f \u0431\u0430\u043d\u044f\"}]},{\"@type\":\"WebSite\",\"@id\":\"https:\\\/\\\/skyline-gs.com\\\/it\\\/#website\",\"url\":\"https:\\\/\\\/skyline-gs.com\\\/it\\\/\",\"name\":\"\u042d\u043a\u0441\u043a\u0443\u0440\u0441\u0438\u0438 Skyline\",\"description\":\"\u042d\u043a\u0441\u043a\u043b\u044e\u0437\u0438\u0432\u043d\u044b\u0435 \u044d\u043a\u0441\u043a\u0443\u0440\u0441\u0438\u0438 \u043d\u0430 \u043b\u0443\u0447\u0448\u0438\u0445 \u043a\u0443\u0440\u043e\u0440\u0442\u0430\u0445 \u043c\u0438\u0440\u0430\",\"publisher\":{\"@id\":\"https:\\\/\\\/skyline-gs.com\\\/it\\\/#organization\"},\"alternateName\":\"Skyline\",\"potentialAction\":[{\"@type\":\"SearchAction\",\"target\":{\"@type\":\"EntryPoint\",\"urlTemplate\":\"https:\\\/\\\/skyline-gs.com\\\/it\\\/?s={search_term_string}\"},\"query-input\":{\"@type\":\"PropertyValueSpecification\",\"valueRequired\":true,\"valueName\":\"search_term_string\"}}],\"inLanguage\":\"hu\"},{\"@type\":\"Organization\",\"@id\":\"https:\\\/\\\/skyline-gs.com\\\/it\\\/#organization\",\"name\":\"\u042d\u043a\u0441\u043a\u0443\u0440\u0441\u0438\u0438 Skyline\",\"alternateName\":\"\u042d\u043a\u0441\u043a\u0443\u0440\u0441\u0438\u0438 Skyline\",\"url\":\"https:\\\/\\\/skyline-gs.com\\\/it\\\/\",\"logo\":{\"@type\":\"ImageObject\",\"inLanguage\":\"hu\",\"@id\":\"https:\\\/\\\/skyline-gs.com\\\/it\\\/#\\\/schema\\\/logo\\\/image\\\/\",\"url\":\"https:\\\/\\\/skyline-gs.com\\\/wp-content\\\/uploads\\\/2020\\\/12\\\/cropped-logo-2.png\",\"contentUrl\":\"https:\\\/\\\/skyline-gs.com\\\/wp-content\\\/uploads\\\/2020\\\/12\\\/cropped-logo-2.png\",\"width\":512,\"height\":512,\"caption\":\"\u042d\u043a\u0441\u043a\u0443\u0440\u0441\u0438\u0438 Skyline\"},\"image\":{\"@id\":\"https:\\\/\\\/skyline-gs.com\\\/it\\\/#\\\/schema\\\/logo\\\/image\\\/\"},\"sameAs\":[\"https:\\\/\\\/www.instagram.com\\\/skylineglobalservice\\\/\"]}]}<\/script>\n<!-- \/ Yoast SEO plugin. -->","yoast_head_json":{"title":"\u0425\u0430\u043c\u0430\u043c. \u0422\u0443\u0440\u0435\u0446\u043a\u0430\u044f \u0431\u0430\u043d\u044f &#8226; \u042d\u043a\u0441\u043a\u0443\u0440\u0441\u0438\u0438 Skyline","robots":{"index":"index","follow":"follow","max-snippet":"max-snippet:-1","max-image-preview":"max-image-preview:large","max-video-preview":"max-video-preview:-1"},"canonical":"https:\/\/skyline-gs.com\/hu\/termek\/hamam-turkish-sauna\/","og_locale":"hu_HU","og_type":"article","og_title":"\u0425\u0430\u043c\u0430\u043c. \u0422\u0443\u0440\u0435\u0446\u043a\u0430\u044f \u0431\u0430\u043d\u044f &#8226; \u042d\u043a\u0441\u043a\u0443\u0440\u0441\u0438\u0438 Skyline","og_description":"\u0412\u0440\u0435\u043c\u044f \u0442\u0443\u0440\u0430: 2 \u0438\u043b\u0438 3 \u0447\u0430\u0441\u0430  \u0414\u043d\u0438 \u043f\u0440\u043e\u0432\u0435\u0434\u0435\u043d\u0438\u044f: \u0435\u0436\u0435\u0434\u043d\u0435\u0432\u043d\u043e","og_url":"https:\/\/skyline-gs.com\/hu\/termek\/hamam-turkish-sauna\/","og_site_name":"\u042d\u043a\u0441\u043a\u0443\u0440\u0441\u0438\u0438 Skyline","article_modified_time":"2026-02-01T13:28:27+00:00","og_image":[{"width":669,"height":446,"url":"https:\/\/skyline-gs.com\/wp-content\/uploads\/2021\/10\/35-1.jpg","type":"image\/jpeg"}],"twitter_card":"summary_large_image","twitter_misc":{"Becs\u00fclt olvas\u00e1si id\u0151":"2 perc"},"schema":{"@context":"https:\/\/schema.org","@graph":[{"@type":"WebPage","@id":"https:\/\/skyline-gs.com\/product\/hamam-turkish-sauna\/","url":"https:\/\/skyline-gs.com\/product\/hamam-turkish-sauna\/","name":"\u0425\u0430\u043c\u0430\u043c. \u0422\u0443\u0440\u0435\u0446\u043a\u0430\u044f \u0431\u0430\u043d\u044f &#8226; \u042d\u043a\u0441\u043a\u0443\u0440\u0441\u0438\u0438 Skyline","isPartOf":{"@id":"https:\/\/skyline-gs.com\/it\/#website"},"primaryImageOfPage":{"@id":"https:\/\/skyline-gs.com\/product\/hamam-turkish-sauna\/#primaryimage"},"image":{"@id":"https:\/\/skyline-gs.com\/product\/hamam-turkish-sauna\/#primaryimage"},"thumbnailUrl":"https:\/\/skyline-gs.com\/wp-content\/uploads\/2021\/10\/35-1.jpg","datePublished":"2021-10-12T09:49:03+00:00","dateModified":"2026-02-01T13:28:27+00:00","breadcrumb":{"@id":"https:\/\/skyline-gs.com\/product\/hamam-turkish-sauna\/#breadcrumb"},"inLanguage":"hu","potentialAction":[{"@type":"ReadAction","target":["https:\/\/skyline-gs.com\/product\/hamam-turkish-sauna\/"]}]},{"@type":"ImageObject","inLanguage":"hu","@id":"https:\/\/skyline-gs.com\/product\/hamam-turkish-sauna\/#primaryimage","url":"https:\/\/skyline-gs.com\/wp-content\/uploads\/2021\/10\/35-1.jpg","contentUrl":"https:\/\/skyline-gs.com\/wp-content\/uploads\/2021\/10\/35-1.jpg","width":669,"height":446},{"@type":"BreadcrumbList","@id":"https:\/\/skyline-gs.com\/product\/hamam-turkish-sauna\/#breadcrumb","itemListElement":[{"@type":"ListItem","position":1,"name":"\u0413\u043b\u0430\u0432\u043d\u0430\u044f \u0441\u0442\u0440\u0430\u043d\u0438\u0446\u0430","item":"https:\/\/skyline-gs.com\/hu\/"},{"@type":"ListItem","position":2,"name":"\u041c\u0430\u0433\u0430\u0437\u0438\u043d","item":"https:\/\/skyline-gs.com\/cs\/shop\/"},{"@type":"ListItem","position":3,"name":"\u0425\u0430\u043c\u0430\u043c. \u0422\u0443\u0440\u0435\u0446\u043a\u0430\u044f \u0431\u0430\u043d\u044f"}]},{"@type":"WebSite","@id":"https:\/\/skyline-gs.com\/it\/#website","url":"https:\/\/skyline-gs.com\/it\/","name":"Skyline T\u00far\u00e1k","description":"Exkluz\u00edv kir\u00e1ndul\u00e1sok a vil\u00e1g legjobb \u00fcd\u00fcl\u0151helyein","publisher":{"@id":"https:\/\/skyline-gs.com\/it\/#organization"},"alternateName":"Skyline","potentialAction":[{"@type":"SearchAction","target":{"@type":"EntryPoint","urlTemplate":"https:\/\/skyline-gs.com\/it\/?s={search_term_string}"},"query-input":{"@type":"PropertyValueSpecification","valueRequired":true,"valueName":"search_term_string"}}],"inLanguage":"hu"},{"@type":"Organization","@id":"https:\/\/skyline-gs.com\/it\/#organization","name":"Skyline T\u00far\u00e1k","alternateName":"\u042d\u043a\u0441\u043a\u0443\u0440\u0441\u0438\u0438 Skyline","url":"https:\/\/skyline-gs.com\/it\/","logo":{"@type":"ImageObject","inLanguage":"hu","@id":"https:\/\/skyline-gs.com\/it\/#\/schema\/logo\/image\/","url":"https:\/\/skyline-gs.com\/wp-content\/uploads\/2020\/12\/cropped-logo-2.png","contentUrl":"https:\/\/skyline-gs.com\/wp-content\/uploads\/2020\/12\/cropped-logo-2.png","width":512,"height":512,"caption":"\u042d\u043a\u0441\u043a\u0443\u0440\u0441\u0438\u0438 Skyline"},"image":{"@id":"https:\/\/skyline-gs.com\/it\/#\/schema\/logo\/image\/"},"sameAs":["https:\/\/www.instagram.com\/skylineglobalservice\/"]}]}},"_links":{"self":[{"href":"https:\/\/skyline-gs.com\/hu\/wp-json\/wp\/v2\/product\/24404","targetHints":{"allow":["GET"]}}],"collection":[{"href":"https:\/\/skyline-gs.com\/hu\/wp-json\/wp\/v2\/product"}],"about":[{"href":"https:\/\/skyline-gs.com\/hu\/wp-json\/wp\/v2\/types\/product"}],"version-history":[{"count":0,"href":"https:\/\/skyline-gs.com\/hu\/wp-json\/wp\/v2\/product\/24404\/revisions"}],"wp:featuredmedia":[{"embeddable":true,"href":"https:\/\/skyline-gs.com\/hu\/wp-json\/wp\/v2\/media\/24413"}],"wp:attachment":[{"href":"https:\/\/skyline-gs.com\/hu\/wp-json\/wp\/v2\/media?parent=24404"}],"wp:term":[{"taxonomy":"product_brand","embeddable":true,"href":"https:\/\/skyline-gs.com\/hu\/wp-json\/wp\/v2\/product_brand?post=24404"},{"taxonomy":"product_cat","embeddable":true,"href":"https:\/\/skyline-gs.com\/hu\/wp-json\/wp\/v2\/product_cat?post=24404"},{"taxonomy":"product_tag","embeddable":true,"href":"https:\/\/skyline-gs.com\/hu\/wp-json\/wp\/v2\/product_tag?post=24404"}],"curies":[{"name":"wp","href":"https:\/\/api.w.org\/{rel}","templated":true}]}}