{"id":23197,"date":"2021-07-09T21:50:37","date_gmt":"2021-07-09T18:50:37","guid":{"rendered":"https:\/\/hurghada.skyline-gs.com\/?post_type=product&#038;p=23197"},"modified":"2025-11-08T11:49:45","modified_gmt":"2025-11-08T09:49:45","slug":"luxor-2-nap","status":"publish","type":"product","link":"https:\/\/skyline-gs.com\/hu\/product\/luxor-2-days\/","title":{"rendered":"Luxor \u2013 2 nap +2 USD kedvezm\u00e9ny egy m\u00e1sik kir\u00e1ndul\u00e1sra"},"content":{"rendered":"<p data-start=\"87\" data-end=\"230\" class=\"translation-block\"><p>\ud83c\udf89 <strong>Akci\u00f3!<\/strong><\/p>\n<p>Ha v\u00e1s\u00e1rolsz <strong>b\u00e1rmelyik programot Luxorban<\/strong>, <strong>2 $ kedvezm\u00e9nyt szem\u00e9lyenk\u00e9nt<\/strong> kapsz <strong>b\u00e1rmelyik k\u00f6vetkez\u0151 hurghadai kir\u00e1ndul\u00e1sra!<\/strong><\/p><\/p>\n<p data-start=\"232\" data-end=\"275\">Utazz t\u00f6bbet \u2014 fizess kevesebbet\u00a0<img decoding=\"async\" class=\"emoji\" role=\"img\" draggable=\"false\" src=\"https:\/\/s.w.org\/images\/core\/emoji\/16.0.1\/svg\/1f334.svg\" alt=\"\" \/><img decoding=\"async\" class=\"emoji\" role=\"img\" draggable=\"false\" src=\"https:\/\/s.w.org\/images\/core\/emoji\/16.0.1\/svg\/2728.svg\" alt=\"\u2728\" \/><\/p>\n<p><strong>1. nap<\/strong><\/p>\n<p>4.30-kor kijelentkez\u00e9s a sz\u00e1llod\u00e1b\u00f3l. Az \u00fat k\u00f6r\u00fclbel\u00fcl 4 \u00f3r\u00e1t vesz ig\u00e9nybe. L\u00e1togat\u00e1s a szerelem \u00e9s sz\u00e9ps\u00e9g istenn\u0151j\u00e9nek, Hathornak egyed\u00fcl\u00e1ll\u00f3 templom\u00e1ban (Dendera). \u00c9rkez\u00e9s Luxorba, az \u00e9l\u0151k v\u00f6lgy\u00e9be: l\u00e1togat\u00e1s a Karnaki templomban (szkarabeusz bog\u00e1r, szent t\u00f3). \u00c1tkel\u00e9s a N\u00edluson haj\u00f3val. Eb\u00e9d a N\u00edlus partj\u00e1n l\u00e9v\u0151 k\u00e1v\u00e9z\u00f3ban (sv\u00e9dasztalos). Holtak v\u00f6lgye: l\u00e1togat\u00e1s Hatsepszut kir\u00e1lyn\u0151 templom\u00e1ban, Memnon kolosszusai. 17:00-18:00 bejelentkez\u00e9s a sz\u00e1llod\u00e1ba.<\/p>\n<p><strong>2. nap<\/strong><\/p>\n<p>\u0417\u0430\u0432\u0442\u0440\u0430\u043a \u0432 \u043e\u0442\u0435\u043b\u0435. \u041f\u043e\u043b\u0451\u0442 \u043d\u0430 \u0432\u043e\u0437\u0434\u0443\u0448\u043d\u043e\u043c \u0448\u0430\u0440\u0435 \u043d\u0430\u0434 \u041b\u0443\u043a\u0441\u043e\u0440\u043e\u043c (\u043f\u043e \u0436\u0435\u043b\u0430\u043d\u0438\u044e, +70$ \u0441 \u0447\u0435\u043b\u043e\u0432\u0435\u043a\u0430). \u041f\u043e\u0441\u0435\u0449\u0435\u043d\u0438\u0435 \u0443\u043d\u0438\u043a\u0430\u043b\u044c\u043d\u043e\u0433\u043e \u041b\u0443\u043a\u0441\u043e\u0440\u0441\u043a\u043e\u0433\u043e \u0445\u0440\u0430\u043c\u0430 (\u0441\u0430\u043c\u043e\u0435 \u0441\u0435\u0440\u0434\u0446\u0435 \u041b\u0443\u043a\u0441\u043e\u0440\u0430). \u041f\u0440\u043e\u0433\u0443\u043b\u043a\u0430 \u043f\u043e \u0410\u043b\u043b\u0435\u0435 \u0421\u0444\u0438\u043d\u043a\u0441\u043e\u0432 \u2014 \u0431\u044b\u043b\u0430 \u0441\u043e\u0437\u0434\u0430\u043d\u0430 \u0432\u043e \u0432\u0440\u0435\u043c\u044f \u043f\u0440\u0430\u0432\u043b\u0435\u043d\u0438\u044f 30-\u0439 \u0434\u0438\u043d\u0430\u0441\u0442\u0438\u0438 \u0444\u0430\u0440\u0430\u043e\u043d\u043e\u0432. \u0412 \u0442\u043e \u0432\u0440\u0435\u043c\u044f \u043d\u0430 \u043d\u0435\u0439 \u043d\u0430\u0445\u043e\u0434\u0438\u043b\u043e\u0441\u044c 1350 \u0441\u043a\u0443\u043b\u044c\u043f\u0442\u0443\u0440. \u041f\u0435\u0440\u0435\u0441\u0435\u0447\u0435\u043d\u0438\u0435 \u041d\u0438\u043b\u0430 \u043d\u0430 \u043c\u043e\u0442\u043e\u0440\u043d\u043e\u0439 \u043b\u043e\u0434\u043a\u0435. \u041e\u0431\u0435\u0434 \u0432 \u043a\u0430\u0444\u0435 \u043d\u0430 \u0431\u0435\u0440\u0435\u0433\u0443 \u041d\u0438\u043b\u0430 (\u0448\u0432\u0435\u0434\u0441\u043a\u0438\u0439 \u0441\u0442\u043e\u043b). \u0412\u043e\u0437\u043c\u043e\u0436\u0435\u043d \u0437\u0430\u0435\u0437\u0434 \u043d\u0430 \u0430\u043b\u0438\u0431\u0430\u0441\u0442\u0440\u043e\u0432\u0443\u044e \u0438 \u043f\u0430\u0440\u0444\u044e\u043c\u0435\u0440\u043d\u0443\u044e \u0444\u0430\u0431\u0440\u0438\u043a\u0438. \u041f\u0435\u0440\u0435\u0435\u0437\u0434 \u043a \u0434\u043e\u0441\u0442\u0430\u0442\u043e\u0447\u043d\u043e \u0431\u043e\u043b\u044c\u0448\u043e\u043c\u0443 \u043f\u043e\u0433\u0440\u0435\u0431\u0430\u043b\u044c\u043d\u043e\u043c\u0443 \u0445\u0440\u0430\u043c\u0443 \u0420\u0430\u043c\u0437\u0435\u0441\u0430 III \u0432 \u041c\u0435\u0434\u0438\u043d\u0435\u0442-\u0410\u0431\u0443 \u2014 \u044f\u0440\u043a\u0438\u0439 \u0438 \u0445\u043e\u0440\u043e\u0448\u043e \u0441\u043e\u0445\u0440\u0430\u043d\u0438\u0432\u0448\u0438\u0439\u0441\u044f \u043e\u0431\u0440\u0430\u0437\u0435\u0446 \u043f\u043e\u043c\u0438\u043d\u0430\u043b\u044c\u043d\u043e\u0433\u043e \u0445\u0440\u0430\u043c\u0430 \u0446\u0430\u0440\u0435\u0439 \u041d\u043e\u0432\u043e\u0433\u043e \u0446\u0430\u0440\u0441\u0442\u0432\u0430. \u041a\u043e\u043b\u043e\u0441\u0441\u044b \u041c\u0435\u043c\u043d\u043e\u043d\u0430 (\u0434\u0432\u0435 \u043c\u0430\u0441\u0441\u0438\u0432\u043d\u044b\u0435 \u043a\u0430\u043c\u0435\u043d\u043d\u044b\u0435 \u0441\u0442\u0430\u0442\u0443\u0438, \u0438\u0437\u043e\u0431\u0440\u0430\u0436\u0430\u044e\u0449\u0438\u0435 \u0444\u0430\u0440\u0430\u043e\u043d\u0430 \u0410\u043c\u0435\u043d\u0445\u043e\u0442\u0435\u043f\u0430 III). \u041f\u043e\u0435\u0437\u0434\u043a\u0430 \u043d\u0430 \u043c\u043e\u0442\u043e\u0440\u043d\u043e\u0439 \u043b\u043e\u0434\u043a\u0435 \u043d\u0430 \u0411\u0430\u043d\u0430\u043d\u043e\u0432\u044b\u0439 \u043e\u0441\u0442\u0440\u043e\u0432, \u0433\u0434\u0435 \u0441\u043c\u043e\u0436\u0435\u0442\u0435 \u043f\u043e\u0433\u0443\u043b\u044f\u0442\u044c \u043f\u043e \u0431\u0430\u043d\u0430\u043d\u043e\u0432\u043e\u0439 \u0440\u043e\u0449\u0435 \u0438 \u0432\u0430\u0441 \u0443\u0433\u043e\u0441\u0442\u044f\u0442 \u0441\u0432\u0435\u0436\u0438\u043c\u0438 \u0444\u0440\u0443\u043a\u0442\u0430\u043c\u0438 (\u0432\u0445\u043e\u0434\u0438\u0442 \u0432 \u0441\u0442\u043e\u0438\u043c\u043e\u0441\u0442\u044c). \u041f\u043e\u0441\u0435\u0449\u0435\u043d\u0438\u0435 \u0413\u0440\u043e\u0431\u043d\u0438\u0446 \u0437\u043d\u0430\u0442\u0438 (\u043d\u0435\u043a\u0440\u043e\u043f\u043e\u043b\u044c). \u041e\u043d\u0438 \u043c\u0435\u043d\u0435\u0435 \u0438\u0437\u0432\u0435\u0441\u0442\u043d\u044b\u0435, \u0447\u0435\u043c \u0414\u043e\u043b\u0438\u043d\u0430 \u0446\u0430\u0440\u0435\u0439, \u043d\u043e \u0442\u0430\u043a\u0436\u0435 \u0431\u0443\u0434\u043e\u0440\u0430\u0436\u0430\u0442 \u0438\u043d\u0442\u0435\u0440\u0435\u0441 \u043c\u043d\u043e\u0433\u0438\u0445 \u0442\u0443\u0440\u0438\u0441\u0442\u043e\u0432. \u0412\u044b\u0435\u0437\u0434 \u0438\u0437 \u041b\u0443\u043a\u0441\u043e\u0440\u0430 \u043e\u0440\u0438\u0435\u043d\u0442\u0438\u0440\u043e\u0432\u043e\u0447\u043d\u043e \u0432 17:00-18:00. \u041e\u043a\u043e\u043b\u043e 22:00 \u0432\u043e\u0437\u0432\u0440\u0430\u0449\u0435\u043d\u0438\u0435 \u0432 \u043e\u0442\u0435\u043b\u044c.<\/p>\n<p><strong>Tartalmazza:<\/strong><\/p>\n<ul>\n<li>Transzfer a sz\u00e1llod\u00e1b\u00f3l \u00e9s a sz\u00e1llod\u00e1ba<\/li>\n<li>Transzfer egy modern, l\u00e9gkondicion\u00e1lt turistabuszban<\/li>\n<li>Orosz nyelv\u0171 egyiptol\u00f3gus idegenvezet\u0151<\/li>\n<li>Bel\u00e9p\u0151d\u00edjak az \u00f6sszes eml\u00edtett l\u00e1tnival\u00f3hoz;<\/li>\n<li>\u00c9jszaka egy 3*-os sz\u00e1llod\u00e1ban<\/li>\n<li>\u041f\u0438\u0442\u0430\u043d\u0438\u0435: \u0414\u0435\u043d\u044c 1 &#8212; \u043e\u0431\u0435\u0434, \u0434\u0435\u043d\u044c 2 &#8212; \u0437\u0430\u0432\u0442\u0440\u0430\u043a, \u043e\u0431\u0435\u0434.<\/li>\n<\/ul>\n<p><strong>Nem tartalmazza:<\/strong><\/p>\n<ul>\n<li>\u041f\u043e\u043b\u0451\u0442 \u043d\u0430 \u0432\u043e\u0437\u0434\u0443\u0448\u043d\u043e\u043c \u0448\u0430\u0440\u0435 \u043d\u0430\u0434 \u041b\u0443\u043a\u0441\u043e\u0440\u043e\u043c (\u043f\u043e \u0436\u0435\u043b\u0430\u043d\u0438\u044e, +70$ \u0441 \u0447\u0435\u043b\u043e\u0432\u0435\u043a\u0430)<\/li>\n<li>Italok eb\u00e9d \u00e9s reggeli k\u00f6zben<\/li>\n<li>Transzfer a vid\u00e9ki sz\u00e1llod\u00e1kb\u00f3l: El Gouna \u00e9s Sahl Hasheesh fel\u00e1r +10$ oda-vissza (aut\u00f3nk\u00e9nt 6 f\u0151ig).<\/li>\n<li>Transzferek a vid\u00e9ki sz\u00e1llod\u00e1kb\u00f3l: Soma Bay Kempinski \u00e9s Sheraton fel\u00e1r +15$ oda-vissza (aut\u00f3nk\u00e9nt 6 f\u0151ig).<\/li>\n<\/ul>\n<p><strong>Vigy\u00e9l magaddal:<\/strong><\/p>\n<ul>\n<li>\u00datlev\u00e9l<\/li>\n<li>Reggeli harapnival\u00f3 (az hotel recepci\u00f3j\u00e1n jelezze, hogy kor\u00e1n reggel indul egy kir\u00e1ndul\u00e1sra, \u00e9s k\u00e9sz\u00edtsenek \u00d6nnek egy eb\u00e9dcsomagot, a sz\u00e1llod\u00e1k ezt a szolg\u00e1ltat\u00e1st ingyen biztos\u00edtj\u00e1k);<\/li>\n<li>Fejd\u00edsz<\/li>\n<li>P\u00e9nz szem\u00e9lyes kiad\u00e1sokra \u00e9s aj\u00e1nd\u00e9kt\u00e1rgyakra<\/li>\n<li>V\u00edz<\/li>\n<li>K\u00e9nyelmes cip\u0151<\/li>\n<li>Meleg ruh\u00e1zat az utaz\u00e1shoz (t\u00e9len)<\/li>\n<\/ul>","protected":false},"excerpt":{"rendered":"<p><strong>Id\u0151tartam:<\/strong> 2 nap<\/p>\n<p><strong>A Kir\u00e1ndul\u00e1s Napjai:<\/strong> szerda \u00e9s vas\u00e1rnap<\/p>","protected":false},"featured_media":23200,"template":"","meta":{"_kad_post_transparent":"default","_kad_post_title":"","_kad_post_layout":"default","_kad_post_sidebar_id":"","_kad_post_content_style":"default","_kad_post_vertical_padding":"default","_kad_post_feature":"","_kad_post_feature_position":"","_kad_post_header":false,"_kad_post_footer":false,"_kad_post_classname":"","_glsr_average":0,"_glsr_ranking":0,"_glsr_reviews":0},"product_brand":[],"product_cat":[479],"product_tag":[],"class_list":{"0":"post-23197","1":"product","2":"type-product","3":"status-publish","4":"has-post-thumbnail","6":"product_cat-hurghadatours","7":"tm-has-options","9":"first","10":"instock","11":"sold-individually","12":"taxable","13":"shipping-taxable","14":"purchasable","15":"product-type-simple","16":"entry","17":"content-bg","18":"loop-entry"},"yoast_head":"<!-- This site is optimized with the Yoast SEO plugin v27.3 - https:\/\/yoast.com\/product\/yoast-seo-wordpress\/ -->\n<title>\u041b\u0443\u043a\u0441\u043e\u0440 2 \u0434\u043d\u044f +2$ \u0441\u043a\u0438\u0434\u043a\u0430 \u043d\u0430 \u0434\u0440\u0443\u0433\u0443\u044e \u044d\u043a\u0441\u043a\u0443\u0440\u0441\u0438\u044e &#8226; \u042d\u043a\u0441\u043a\u0443\u0440\u0441\u0438\u0438 Skyline<\/title>\n<meta name=\"robots\" content=\"index, follow, max-snippet:-1, max-image-preview:large, max-video-preview:-1\" \/>\n<link rel=\"canonical\" href=\"https:\/\/skyline-gs.com\/hu\/termek\/luxor-2-nap\/\" \/>\n<meta property=\"og:locale\" content=\"hu_HU\" \/>\n<meta property=\"og:type\" content=\"article\" \/>\n<meta property=\"og:title\" content=\"\u041b\u0443\u043a\u0441\u043e\u0440 2 \u0434\u043d\u044f +2$ \u0441\u043a\u0438\u0434\u043a\u0430 \u043d\u0430 \u0434\u0440\u0443\u0433\u0443\u044e \u044d\u043a\u0441\u043a\u0443\u0440\u0441\u0438\u044e &#8226; \u042d\u043a\u0441\u043a\u0443\u0440\u0441\u0438\u0438 Skyline\" \/>\n<meta property=\"og:description\" content=\"\u0414\u043b\u0438\u0442\u0435\u043b\u044c\u043d\u043e\u0441\u0442\u044c: 2 \u0434\u043d\u044f  \u0414\u043d\u0438 \u043f\u0440\u043e\u0432\u0435\u0434\u0435\u043d\u0438\u044f: \u0441\u0440\u0435\u0434\u0430 \u0438 \u0432\u043e\u0441\u043a\u0440\u0435\u0441\u0435\u043d\u044c\u0435\" \/>\n<meta property=\"og:url\" content=\"https:\/\/skyline-gs.com\/hu\/termek\/luxor-2-nap\/\" \/>\n<meta property=\"og:site_name\" content=\"\u042d\u043a\u0441\u043a\u0443\u0440\u0441\u0438\u0438 Skyline\" \/>\n<meta property=\"article:modified_time\" content=\"2025-11-08T09:49:45+00:00\" \/>\n<meta property=\"og:image\" content=\"https:\/\/skyline-gs.com\/wp-content\/uploads\/2021\/07\/11-2.jpg\" \/>\n\t<meta property=\"og:image:width\" content=\"671\" \/>\n\t<meta property=\"og:image:height\" content=\"446\" \/>\n\t<meta property=\"og:image:type\" content=\"image\/jpeg\" \/>\n<meta name=\"twitter:card\" content=\"summary_large_image\" \/>\n<meta name=\"twitter:label1\" content=\"Becs\u00fclt olvas\u00e1si id\u0151\" \/>\n\t<meta name=\"twitter:data1\" content=\"3 perc\" \/>\n<script type=\"application\/ld+json\" class=\"yoast-schema-graph\">{\"@context\":\"https:\\\/\\\/schema.org\",\"@graph\":[{\"@type\":\"WebPage\",\"@id\":\"https:\\\/\\\/skyline-gs.com\\\/en\\\/product-2\\\/luxor-2-days\\\/\",\"url\":\"https:\\\/\\\/skyline-gs.com\\\/en\\\/product-2\\\/luxor-2-days\\\/\",\"name\":\"\u041b\u0443\u043a\u0441\u043e\u0440 2 \u0434\u043d\u044f +2$ \u0441\u043a\u0438\u0434\u043a\u0430 \u043d\u0430 \u0434\u0440\u0443\u0433\u0443\u044e \u044d\u043a\u0441\u043a\u0443\u0440\u0441\u0438\u044e &#8226; \u042d\u043a\u0441\u043a\u0443\u0440\u0441\u0438\u0438 Skyline\",\"isPartOf\":{\"@id\":\"https:\\\/\\\/skyline-gs.com\\\/it\\\/#website\"},\"primaryImageOfPage\":{\"@id\":\"https:\\\/\\\/skyline-gs.com\\\/en\\\/product-2\\\/luxor-2-days\\\/#primaryimage\"},\"image\":{\"@id\":\"https:\\\/\\\/skyline-gs.com\\\/en\\\/product-2\\\/luxor-2-days\\\/#primaryimage\"},\"thumbnailUrl\":\"https:\\\/\\\/skyline-gs.com\\\/wp-content\\\/uploads\\\/2021\\\/07\\\/11-2.jpg\",\"datePublished\":\"2021-07-09T18:50:37+00:00\",\"dateModified\":\"2025-11-08T09:49:45+00:00\",\"breadcrumb\":{\"@id\":\"https:\\\/\\\/skyline-gs.com\\\/en\\\/product-2\\\/luxor-2-days\\\/#breadcrumb\"},\"inLanguage\":\"hu\",\"potentialAction\":[{\"@type\":\"ReadAction\",\"target\":[\"https:\\\/\\\/skyline-gs.com\\\/en\\\/product-2\\\/luxor-2-days\\\/\"]}]},{\"@type\":\"ImageObject\",\"inLanguage\":\"hu\",\"@id\":\"https:\\\/\\\/skyline-gs.com\\\/en\\\/product-2\\\/luxor-2-days\\\/#primaryimage\",\"url\":\"https:\\\/\\\/skyline-gs.com\\\/wp-content\\\/uploads\\\/2021\\\/07\\\/11-2.jpg\",\"contentUrl\":\"https:\\\/\\\/skyline-gs.com\\\/wp-content\\\/uploads\\\/2021\\\/07\\\/11-2.jpg\",\"width\":671,\"height\":446},{\"@type\":\"BreadcrumbList\",\"@id\":\"https:\\\/\\\/skyline-gs.com\\\/en\\\/product-2\\\/luxor-2-days\\\/#breadcrumb\",\"itemListElement\":[{\"@type\":\"ListItem\",\"position\":1,\"name\":\"\u0413\u043b\u0430\u0432\u043d\u0430\u044f \u0441\u0442\u0440\u0430\u043d\u0438\u0446\u0430\",\"item\":\"https:\\\/\\\/skyline-gs.com\\\/hu\\\/\"},{\"@type\":\"ListItem\",\"position\":2,\"name\":\"\u041c\u0430\u0433\u0430\u0437\u0438\u043d\",\"item\":\"https:\\\/\\\/skyline-gs.com\\\/cs\\\/shop\\\/\"},{\"@type\":\"ListItem\",\"position\":3,\"name\":\"\u041b\u0443\u043a\u0441\u043e\u0440 2 \u0434\u043d\u044f +2$ \u0441\u043a\u0438\u0434\u043a\u0430 \u043d\u0430 \u0434\u0440\u0443\u0433\u0443\u044e \u044d\u043a\u0441\u043a\u0443\u0440\u0441\u0438\u044e\"}]},{\"@type\":\"WebSite\",\"@id\":\"https:\\\/\\\/skyline-gs.com\\\/it\\\/#website\",\"url\":\"https:\\\/\\\/skyline-gs.com\\\/it\\\/\",\"name\":\"\u042d\u043a\u0441\u043a\u0443\u0440\u0441\u0438\u0438 Skyline\",\"description\":\"\u042d\u043a\u0441\u043a\u043b\u044e\u0437\u0438\u0432\u043d\u044b\u0435 \u044d\u043a\u0441\u043a\u0443\u0440\u0441\u0438\u0438 \u043d\u0430 \u043b\u0443\u0447\u0448\u0438\u0445 \u043a\u0443\u0440\u043e\u0440\u0442\u0430\u0445 \u043c\u0438\u0440\u0430\",\"publisher\":{\"@id\":\"https:\\\/\\\/skyline-gs.com\\\/it\\\/#organization\"},\"alternateName\":\"Skyline\",\"potentialAction\":[{\"@type\":\"SearchAction\",\"target\":{\"@type\":\"EntryPoint\",\"urlTemplate\":\"https:\\\/\\\/skyline-gs.com\\\/it\\\/?s={search_term_string}\"},\"query-input\":{\"@type\":\"PropertyValueSpecification\",\"valueRequired\":true,\"valueName\":\"search_term_string\"}}],\"inLanguage\":\"hu\"},{\"@type\":\"Organization\",\"@id\":\"https:\\\/\\\/skyline-gs.com\\\/it\\\/#organization\",\"name\":\"\u042d\u043a\u0441\u043a\u0443\u0440\u0441\u0438\u0438 Skyline\",\"alternateName\":\"\u042d\u043a\u0441\u043a\u0443\u0440\u0441\u0438\u0438 Skyline\",\"url\":\"https:\\\/\\\/skyline-gs.com\\\/it\\\/\",\"logo\":{\"@type\":\"ImageObject\",\"inLanguage\":\"hu\",\"@id\":\"https:\\\/\\\/skyline-gs.com\\\/it\\\/#\\\/schema\\\/logo\\\/image\\\/\",\"url\":\"https:\\\/\\\/skyline-gs.com\\\/wp-content\\\/uploads\\\/2020\\\/12\\\/cropped-logo-2.png\",\"contentUrl\":\"https:\\\/\\\/skyline-gs.com\\\/wp-content\\\/uploads\\\/2020\\\/12\\\/cropped-logo-2.png\",\"width\":512,\"height\":512,\"caption\":\"\u042d\u043a\u0441\u043a\u0443\u0440\u0441\u0438\u0438 Skyline\"},\"image\":{\"@id\":\"https:\\\/\\\/skyline-gs.com\\\/it\\\/#\\\/schema\\\/logo\\\/image\\\/\"},\"sameAs\":[\"https:\\\/\\\/www.instagram.com\\\/skylineglobalservice\\\/\"]}]}<\/script>\n<!-- \/ Yoast SEO plugin. -->","yoast_head_json":{"title":"\u041b\u0443\u043a\u0441\u043e\u0440 2 \u0434\u043d\u044f +2$ \u0441\u043a\u0438\u0434\u043a\u0430 \u043d\u0430 \u0434\u0440\u0443\u0433\u0443\u044e \u044d\u043a\u0441\u043a\u0443\u0440\u0441\u0438\u044e &#8226; \u042d\u043a\u0441\u043a\u0443\u0440\u0441\u0438\u0438 Skyline","robots":{"index":"index","follow":"follow","max-snippet":"max-snippet:-1","max-image-preview":"max-image-preview:large","max-video-preview":"max-video-preview:-1"},"canonical":"https:\/\/skyline-gs.com\/hu\/termek\/luxor-2-nap\/","og_locale":"hu_HU","og_type":"article","og_title":"\u041b\u0443\u043a\u0441\u043e\u0440 2 \u0434\u043d\u044f +2$ \u0441\u043a\u0438\u0434\u043a\u0430 \u043d\u0430 \u0434\u0440\u0443\u0433\u0443\u044e \u044d\u043a\u0441\u043a\u0443\u0440\u0441\u0438\u044e &#8226; \u042d\u043a\u0441\u043a\u0443\u0440\u0441\u0438\u0438 Skyline","og_description":"\u0414\u043b\u0438\u0442\u0435\u043b\u044c\u043d\u043e\u0441\u0442\u044c: 2 \u0434\u043d\u044f  \u0414\u043d\u0438 \u043f\u0440\u043e\u0432\u0435\u0434\u0435\u043d\u0438\u044f: \u0441\u0440\u0435\u0434\u0430 \u0438 \u0432\u043e\u0441\u043a\u0440\u0435\u0441\u0435\u043d\u044c\u0435","og_url":"https:\/\/skyline-gs.com\/hu\/termek\/luxor-2-nap\/","og_site_name":"\u042d\u043a\u0441\u043a\u0443\u0440\u0441\u0438\u0438 Skyline","article_modified_time":"2025-11-08T09:49:45+00:00","og_image":[{"width":671,"height":446,"url":"https:\/\/skyline-gs.com\/wp-content\/uploads\/2021\/07\/11-2.jpg","type":"image\/jpeg"}],"twitter_card":"summary_large_image","twitter_misc":{"Becs\u00fclt olvas\u00e1si id\u0151":"3 perc"},"schema":{"@context":"https:\/\/schema.org","@graph":[{"@type":"WebPage","@id":"https:\/\/skyline-gs.com\/en\/product-2\/luxor-2-days\/","url":"https:\/\/skyline-gs.com\/en\/product-2\/luxor-2-days\/","name":"\u041b\u0443\u043a\u0441\u043e\u0440 2 \u0434\u043d\u044f +2$ \u0441\u043a\u0438\u0434\u043a\u0430 \u043d\u0430 \u0434\u0440\u0443\u0433\u0443\u044e \u044d\u043a\u0441\u043a\u0443\u0440\u0441\u0438\u044e &#8226; \u042d\u043a\u0441\u043a\u0443\u0440\u0441\u0438\u0438 Skyline","isPartOf":{"@id":"https:\/\/skyline-gs.com\/it\/#website"},"primaryImageOfPage":{"@id":"https:\/\/skyline-gs.com\/en\/product-2\/luxor-2-days\/#primaryimage"},"image":{"@id":"https:\/\/skyline-gs.com\/en\/product-2\/luxor-2-days\/#primaryimage"},"thumbnailUrl":"https:\/\/skyline-gs.com\/wp-content\/uploads\/2021\/07\/11-2.jpg","datePublished":"2021-07-09T18:50:37+00:00","dateModified":"2025-11-08T09:49:45+00:00","breadcrumb":{"@id":"https:\/\/skyline-gs.com\/en\/product-2\/luxor-2-days\/#breadcrumb"},"inLanguage":"hu","potentialAction":[{"@type":"ReadAction","target":["https:\/\/skyline-gs.com\/en\/product-2\/luxor-2-days\/"]}]},{"@type":"ImageObject","inLanguage":"hu","@id":"https:\/\/skyline-gs.com\/en\/product-2\/luxor-2-days\/#primaryimage","url":"https:\/\/skyline-gs.com\/wp-content\/uploads\/2021\/07\/11-2.jpg","contentUrl":"https:\/\/skyline-gs.com\/wp-content\/uploads\/2021\/07\/11-2.jpg","width":671,"height":446},{"@type":"BreadcrumbList","@id":"https:\/\/skyline-gs.com\/en\/product-2\/luxor-2-days\/#breadcrumb","itemListElement":[{"@type":"ListItem","position":1,"name":"\u0413\u043b\u0430\u0432\u043d\u0430\u044f \u0441\u0442\u0440\u0430\u043d\u0438\u0446\u0430","item":"https:\/\/skyline-gs.com\/hu\/"},{"@type":"ListItem","position":2,"name":"\u041c\u0430\u0433\u0430\u0437\u0438\u043d","item":"https:\/\/skyline-gs.com\/cs\/shop\/"},{"@type":"ListItem","position":3,"name":"\u041b\u0443\u043a\u0441\u043e\u0440 2 \u0434\u043d\u044f +2$ \u0441\u043a\u0438\u0434\u043a\u0430 \u043d\u0430 \u0434\u0440\u0443\u0433\u0443\u044e \u044d\u043a\u0441\u043a\u0443\u0440\u0441\u0438\u044e"}]},{"@type":"WebSite","@id":"https:\/\/skyline-gs.com\/it\/#website","url":"https:\/\/skyline-gs.com\/it\/","name":"Skyline T\u00far\u00e1k","description":"Exkluz\u00edv kir\u00e1ndul\u00e1sok a vil\u00e1g legjobb \u00fcd\u00fcl\u0151helyein","publisher":{"@id":"https:\/\/skyline-gs.com\/it\/#organization"},"alternateName":"Skyline","potentialAction":[{"@type":"SearchAction","target":{"@type":"EntryPoint","urlTemplate":"https:\/\/skyline-gs.com\/it\/?s={search_term_string}"},"query-input":{"@type":"PropertyValueSpecification","valueRequired":true,"valueName":"search_term_string"}}],"inLanguage":"hu"},{"@type":"Organization","@id":"https:\/\/skyline-gs.com\/it\/#organization","name":"Skyline T\u00far\u00e1k","alternateName":"\u042d\u043a\u0441\u043a\u0443\u0440\u0441\u0438\u0438 Skyline","url":"https:\/\/skyline-gs.com\/it\/","logo":{"@type":"ImageObject","inLanguage":"hu","@id":"https:\/\/skyline-gs.com\/it\/#\/schema\/logo\/image\/","url":"https:\/\/skyline-gs.com\/wp-content\/uploads\/2020\/12\/cropped-logo-2.png","contentUrl":"https:\/\/skyline-gs.com\/wp-content\/uploads\/2020\/12\/cropped-logo-2.png","width":512,"height":512,"caption":"\u042d\u043a\u0441\u043a\u0443\u0440\u0441\u0438\u0438 Skyline"},"image":{"@id":"https:\/\/skyline-gs.com\/it\/#\/schema\/logo\/image\/"},"sameAs":["https:\/\/www.instagram.com\/skylineglobalservice\/"]}]}},"_links":{"self":[{"href":"https:\/\/skyline-gs.com\/hu\/wp-json\/wp\/v2\/product\/23197","targetHints":{"allow":["GET"]}}],"collection":[{"href":"https:\/\/skyline-gs.com\/hu\/wp-json\/wp\/v2\/product"}],"about":[{"href":"https:\/\/skyline-gs.com\/hu\/wp-json\/wp\/v2\/types\/product"}],"version-history":[{"count":0,"href":"https:\/\/skyline-gs.com\/hu\/wp-json\/wp\/v2\/product\/23197\/revisions"}],"wp:featuredmedia":[{"embeddable":true,"href":"https:\/\/skyline-gs.com\/hu\/wp-json\/wp\/v2\/media\/23200"}],"wp:attachment":[{"href":"https:\/\/skyline-gs.com\/hu\/wp-json\/wp\/v2\/media?parent=23197"}],"wp:term":[{"taxonomy":"product_brand","embeddable":true,"href":"https:\/\/skyline-gs.com\/hu\/wp-json\/wp\/v2\/product_brand?post=23197"},{"taxonomy":"product_cat","embeddable":true,"href":"https:\/\/skyline-gs.com\/hu\/wp-json\/wp\/v2\/product_cat?post=23197"},{"taxonomy":"product_tag","embeddable":true,"href":"https:\/\/skyline-gs.com\/hu\/wp-json\/wp\/v2\/product_tag?post=23197"}],"curies":[{"name":"wp","href":"https:\/\/api.w.org\/{rel}","templated":true}]}}