{"id":22577,"date":"2021-05-14T16:50:32","date_gmt":"2021-05-14T14:50:32","guid":{"rendered":"https:\/\/hurghada.skyline-gs.com\/?post_type=product&#038;p=22577"},"modified":"2023-10-04T18:09:38","modified_gmt":"2023-10-04T16:09:38","slug":"white-and-black-desert-2-days-hurghada","status":"publish","type":"product","link":"https:\/\/skyline-gs.com\/hu\/product\/white-and-black-desert-2-days-hurghada\/","title":{"rendered":"Feh\u00e9r \u00e9s fekete sivatag 2 nap"},"content":{"rendered":"<p><strong>1. nap<\/strong><\/p>\n<p>4:00 \u00f3rakor indul\u00e1s a sz\u00e1llod\u00e1b\u00f3l Kair\u00f3ba. Az \u00fat egy ir\u00e1nyba k\u00f6r\u00fclbel\u00fcl 5 \u00f3r\u00e1t vesz ig\u00e9nybe. \u00datk\u00f6zben l\u00e1tni fogja a V\u00f6r\u00f6s-tenger partj\u00e1t. 9:00 \u00e9rkez\u00e9s Kair\u00f3ba \u00e9s az aut\u00f3b\u00f3l megtekintj\u00fck Afrika egyik legnagyobb s\u0171r\u0171n lakott v\u00e1ros\u00e1nak egy r\u00e9sz\u00e9t. Transzfer Kair\u00f3b\u00f3l a Bahariya o\u00e1zisba (4 \u00f3ra). Igen - egy igazi o\u00e1zis a sivatagban! Bahariy\u00e1ban eb\u00e9del\u00fcnk, miel\u0151tt dzsippel utazunk a Feh\u00e9r Sivatagba. Ezen a hihetetlen helyen meszes \u00fcled\u00e9kek emelkednek ki a f\u00f6ldb\u0151l, amit\u0151l \u00fagy t\u0171nik, mintha h\u00f3 esett volna a sivatagban. A term\u00e9szeti elem \u00e1ltal kiv\u00e1jt m\u00e9szk\u0151szikl\u00e1k pedig bizarr form\u00e1j\u00faak, gomb\u00e1kra vagy \u00e1llatokra eml\u00e9keztetnek. L\u00e1tni fogjuk a Feh\u00e9r Sivatag legkritikusabb helyeit \u00e9s a Feh\u00e9r Sivatag nem hivatalos szimb\u00f3lumait - a \"Gomb\u00e1t\" \u00e9s a \"Csirk\u00e9t\". K\u00e9s\u0151bb a Feh\u00e9r Sivatagban t\u00e1borozunk, beduin bar\u00e1taink pedig hagyom\u00e1nyos beduin vacsor\u00e1t f\u0151znek a t\u00e1bort\u0171z k\u00f6r\u00fcl, \u00e9s t\u00f6rt\u00e9neteket mes\u00e9lnek az \u00e9let\u00fckb\u0151l. \u00c9lvezze a legvar\u00e1zslatosabb naplement\u00e9t, \u00e9s fedezze fel a sivatag titkait \u00e9jszaka a csillagok alatt.<\/p>\n<p><strong>2. nap<\/strong><\/p>\n<p>Hajnal a sivatagban. A reggeli elfogyaszt\u00e1sa ut\u00e1n a Fekete-sivatagba utazunk. Ez egy Kair\u00f3t\u00f3l d\u00e9lnyugatra fekv\u0151, fekete hegyekkel tark\u00edtott ter\u00fclet. Ezek k\u00fcl\u00f6nb\u00f6z\u0151 form\u00e1j\u00faak \u00e9s el\u00e9rhetik a sz\u00e1z m\u00e9teres magass\u00e1got is. Ezeket a dombokat fekete bazaltr\u00e9teg bor\u00edtja - innen kapta a ter\u00fclet a nev\u00e9t. L\u00e1tni fogjuk a Krist\u00e1ly-hegyet, az Angol-hegyet, az Akabat-sivatagot \u00e9s egy term\u00e9szetes forr\u00f3 forr\u00e1st. 11:00 \u00f3rakor visszat\u00e9r\u00fcnk a Bahariya-o\u00e1zisba. Visszautaz\u00e1s \u00e9s visszat\u00e9r\u00e9s a sz\u00e1llod\u00e1ba 21:00-kor.<\/p>\n<p><strong>Tartalmazza:<\/strong><\/p>\n<ul>\n<li>Transzfer a sz\u00e1llod\u00e1b\u00f3l \u00e9s vissza a sz\u00e1llod\u00e1ba;<\/li>\n<li>Transzferek l\u00e9gkondicion\u00e1lt aut\u00f3val<\/li>\n<li>Jeep szafari<\/li>\n<li>Angol nyelv\u0171 idegenvezet\u00e9s a Bahariya Oasisban<\/li>\n<li>Kempingez\u00e9s a sivatagban<\/li>\n<li>\u00c9tkez\u00e9s: 1. nap - eb\u00e9d, vacsora; 2. nap - reggeli.<\/li>\n<\/ul>\n<p><strong>Nem tartalmazza:<\/strong><\/p>\n<ul>\n<li>Transzferek Sahl Hasheesh, Makadi Bay, El Gouna +$10 oda-vissza (legfeljebb 6 f\u0151s csoportonk\u00e9nt).<\/li>\n<li>Transzfer a Soma Bay, Safaga vid\u00e9ki sz\u00e1llod\u00e1kb\u00f3l +$20 oda-vissza (csoportonk\u00e9nt legfeljebb 6 f\u0151ig)<\/li>\n<\/ul>\n<p><strong>Vigy\u00e9l magaddal:<\/strong><\/p>\n<ul>\n<li>\u00datlev\u00e9l;<\/li>\n<li>Fejfed\u0151;<\/li>\n<li>P\u00e9nz szem\u00e9lyes kiad\u00e1sokra \u00e9s aj\u00e1nd\u00e9kt\u00e1rgyakra;<\/li>\n<li>Szem\u00e9lyes higi\u00e9niai term\u00e9kek;<\/li>\n<li>Iv\u00f3v\u00edz;<\/li>\n<li>K\u00e9nyelmes cip\u0151;<\/li>\n<li>Meleg ruh\u00e1zat az utaz\u00e1shoz (t\u00e9len)<\/li>\n<\/ul>","protected":false},"excerpt":{"rendered":"<p><strong>Id\u0151tartam:<\/strong>\u00a02 nap<\/p>\n<p><strong>A Kir\u00e1ndul\u00e1s Napjai:<\/strong> Naponta<\/p>","protected":false},"featured_media":30013,"template":"","meta":{"_kad_post_transparent":"default","_kad_post_title":"","_kad_post_layout":"default","_kad_post_sidebar_id":"","_kad_post_content_style":"default","_kad_post_vertical_padding":"default","_kad_post_feature":"","_kad_post_feature_position":"","_kad_post_header":false,"_kad_post_footer":false,"_kad_post_classname":"","_glsr_average":0,"_glsr_ranking":0,"_glsr_reviews":0},"product_brand":[],"product_cat":[295],"product_tag":[],"class_list":{"0":"post-22577","1":"product","2":"type-product","3":"status-publish","4":"has-post-thumbnail","6":"product_cat-uncategorized","7":"tm-has-options","9":"first","10":"instock","11":"sold-individually","12":"taxable","13":"shipping-taxable","14":"purchasable","15":"product-type-simple","16":"entry","17":"content-bg","18":"loop-entry"},"yoast_head":"<!-- This site is optimized with the Yoast SEO plugin v27.3 - https:\/\/yoast.com\/product\/yoast-seo-wordpress\/ -->\n<title>\u0411\u0435\u043b\u0430\u044f \u0438 \u0427\u0435\u0440\u043d\u0430\u044f \u043f\u0443\u0441\u0442\u044b\u043d\u044f 2 \u0434\u043d\u044f &#8226; \u042d\u043a\u0441\u043a\u0443\u0440\u0441\u0438\u0438 Skyline<\/title>\n<meta name=\"robots\" content=\"index, follow, max-snippet:-1, max-image-preview:large, max-video-preview:-1\" \/>\n<link rel=\"canonical\" href=\"https:\/\/skyline-gs.com\/hu\/termek\/white-and-black-desert-2-days-hurghada\/\" \/>\n<meta property=\"og:locale\" content=\"hu_HU\" \/>\n<meta property=\"og:type\" content=\"article\" \/>\n<meta property=\"og:title\" content=\"\u0411\u0435\u043b\u0430\u044f \u0438 \u0427\u0435\u0440\u043d\u0430\u044f \u043f\u0443\u0441\u0442\u044b\u043d\u044f 2 \u0434\u043d\u044f &#8226; \u042d\u043a\u0441\u043a\u0443\u0440\u0441\u0438\u0438 Skyline\" \/>\n<meta property=\"og:description\" content=\"\u0414\u043b\u0438\u0442\u0435\u043b\u044c\u043d\u043e\u0441\u0442\u044c:\u00a02 \u0434\u043d\u044f  \u0414\u043d\u0438 \u043f\u0440\u043e\u0432\u0435\u0434\u0435\u043d\u0438\u044f: \u0435\u0436\u0435\u0434\u043d\u0435\u0432\u043d\u043e\" \/>\n<meta property=\"og:url\" content=\"https:\/\/skyline-gs.com\/hu\/termek\/white-and-black-desert-2-days-hurghada\/\" \/>\n<meta property=\"og:site_name\" content=\"\u042d\u043a\u0441\u043a\u0443\u0440\u0441\u0438\u0438 Skyline\" \/>\n<meta property=\"article:modified_time\" content=\"2023-10-04T16:09:38+00:00\" \/>\n<meta property=\"og:image\" content=\"https:\/\/skyline-gs.com\/wp-content\/uploads\/2021\/05\/Foto-na-sajt.png\" \/>\n\t<meta property=\"og:image:width\" content=\"669\" \/>\n\t<meta property=\"og:image:height\" content=\"446\" \/>\n\t<meta property=\"og:image:type\" content=\"image\/png\" \/>\n<meta name=\"twitter:card\" content=\"summary_large_image\" \/>\n<meta name=\"twitter:label1\" content=\"Becs\u00fclt olvas\u00e1si id\u0151\" \/>\n\t<meta name=\"twitter:data1\" content=\"2 perc\" \/>\n<script type=\"application\/ld+json\" class=\"yoast-schema-graph\">{\"@context\":\"https:\\\/\\\/schema.org\",\"@graph\":[{\"@type\":\"WebPage\",\"@id\":\"https:\\\/\\\/skyline-gs.com\\\/product\\\/white-and-black-desert-2-days-hurghada\\\/\",\"url\":\"https:\\\/\\\/skyline-gs.com\\\/product\\\/white-and-black-desert-2-days-hurghada\\\/\",\"name\":\"\u0411\u0435\u043b\u0430\u044f \u0438 \u0427\u0435\u0440\u043d\u0430\u044f \u043f\u0443\u0441\u0442\u044b\u043d\u044f 2 \u0434\u043d\u044f &#8226; \u042d\u043a\u0441\u043a\u0443\u0440\u0441\u0438\u0438 Skyline\",\"isPartOf\":{\"@id\":\"https:\\\/\\\/skyline-gs.com\\\/it\\\/#website\"},\"primaryImageOfPage\":{\"@id\":\"https:\\\/\\\/skyline-gs.com\\\/product\\\/white-and-black-desert-2-days-hurghada\\\/#primaryimage\"},\"image\":{\"@id\":\"https:\\\/\\\/skyline-gs.com\\\/product\\\/white-and-black-desert-2-days-hurghada\\\/#primaryimage\"},\"thumbnailUrl\":\"https:\\\/\\\/skyline-gs.com\\\/wp-content\\\/uploads\\\/2021\\\/05\\\/Foto-na-sajt.png\",\"datePublished\":\"2021-05-14T14:50:32+00:00\",\"dateModified\":\"2023-10-04T16:09:38+00:00\",\"breadcrumb\":{\"@id\":\"https:\\\/\\\/skyline-gs.com\\\/product\\\/white-and-black-desert-2-days-hurghada\\\/#breadcrumb\"},\"inLanguage\":\"hu\",\"potentialAction\":[{\"@type\":\"ReadAction\",\"target\":[\"https:\\\/\\\/skyline-gs.com\\\/product\\\/white-and-black-desert-2-days-hurghada\\\/\"]}]},{\"@type\":\"ImageObject\",\"inLanguage\":\"hu\",\"@id\":\"https:\\\/\\\/skyline-gs.com\\\/product\\\/white-and-black-desert-2-days-hurghada\\\/#primaryimage\",\"url\":\"https:\\\/\\\/skyline-gs.com\\\/wp-content\\\/uploads\\\/2021\\\/05\\\/Foto-na-sajt.png\",\"contentUrl\":\"https:\\\/\\\/skyline-gs.com\\\/wp-content\\\/uploads\\\/2021\\\/05\\\/Foto-na-sajt.png\",\"width\":669,\"height\":446},{\"@type\":\"BreadcrumbList\",\"@id\":\"https:\\\/\\\/skyline-gs.com\\\/product\\\/white-and-black-desert-2-days-hurghada\\\/#breadcrumb\",\"itemListElement\":[{\"@type\":\"ListItem\",\"position\":1,\"name\":\"\u0413\u043b\u0430\u0432\u043d\u0430\u044f \u0441\u0442\u0440\u0430\u043d\u0438\u0446\u0430\",\"item\":\"https:\\\/\\\/skyline-gs.com\\\/hu\\\/\"},{\"@type\":\"ListItem\",\"position\":2,\"name\":\"\u041c\u0430\u0433\u0430\u0437\u0438\u043d\",\"item\":\"https:\\\/\\\/skyline-gs.com\\\/cs\\\/shop\\\/\"},{\"@type\":\"ListItem\",\"position\":3,\"name\":\"\u0411\u0435\u043b\u0430\u044f \u0438 \u0427\u0435\u0440\u043d\u0430\u044f \u043f\u0443\u0441\u0442\u044b\u043d\u044f 2 \u0434\u043d\u044f\"}]},{\"@type\":\"WebSite\",\"@id\":\"https:\\\/\\\/skyline-gs.com\\\/it\\\/#website\",\"url\":\"https:\\\/\\\/skyline-gs.com\\\/it\\\/\",\"name\":\"\u042d\u043a\u0441\u043a\u0443\u0440\u0441\u0438\u0438 Skyline\",\"description\":\"\u042d\u043a\u0441\u043a\u043b\u044e\u0437\u0438\u0432\u043d\u044b\u0435 \u044d\u043a\u0441\u043a\u0443\u0440\u0441\u0438\u0438 \u043d\u0430 \u043b\u0443\u0447\u0448\u0438\u0445 \u043a\u0443\u0440\u043e\u0440\u0442\u0430\u0445 \u043c\u0438\u0440\u0430\",\"publisher\":{\"@id\":\"https:\\\/\\\/skyline-gs.com\\\/it\\\/#organization\"},\"alternateName\":\"Skyline\",\"potentialAction\":[{\"@type\":\"SearchAction\",\"target\":{\"@type\":\"EntryPoint\",\"urlTemplate\":\"https:\\\/\\\/skyline-gs.com\\\/it\\\/?s={search_term_string}\"},\"query-input\":{\"@type\":\"PropertyValueSpecification\",\"valueRequired\":true,\"valueName\":\"search_term_string\"}}],\"inLanguage\":\"hu\"},{\"@type\":\"Organization\",\"@id\":\"https:\\\/\\\/skyline-gs.com\\\/it\\\/#organization\",\"name\":\"\u042d\u043a\u0441\u043a\u0443\u0440\u0441\u0438\u0438 Skyline\",\"alternateName\":\"\u042d\u043a\u0441\u043a\u0443\u0440\u0441\u0438\u0438 Skyline\",\"url\":\"https:\\\/\\\/skyline-gs.com\\\/it\\\/\",\"logo\":{\"@type\":\"ImageObject\",\"inLanguage\":\"hu\",\"@id\":\"https:\\\/\\\/skyline-gs.com\\\/it\\\/#\\\/schema\\\/logo\\\/image\\\/\",\"url\":\"https:\\\/\\\/skyline-gs.com\\\/wp-content\\\/uploads\\\/2020\\\/12\\\/cropped-logo-2.png\",\"contentUrl\":\"https:\\\/\\\/skyline-gs.com\\\/wp-content\\\/uploads\\\/2020\\\/12\\\/cropped-logo-2.png\",\"width\":512,\"height\":512,\"caption\":\"\u042d\u043a\u0441\u043a\u0443\u0440\u0441\u0438\u0438 Skyline\"},\"image\":{\"@id\":\"https:\\\/\\\/skyline-gs.com\\\/it\\\/#\\\/schema\\\/logo\\\/image\\\/\"},\"sameAs\":[\"https:\\\/\\\/www.instagram.com\\\/skylineglobalservice\\\/\"]}]}<\/script>\n<!-- \/ Yoast SEO plugin. -->","yoast_head_json":{"title":"Feh\u00e9r \u00e9s Fekete Sivatag 2 nap - Skyline Excursions","robots":{"index":"index","follow":"follow","max-snippet":"max-snippet:-1","max-image-preview":"max-image-preview:large","max-video-preview":"max-video-preview:-1"},"canonical":"https:\/\/skyline-gs.com\/hu\/termek\/white-and-black-desert-2-days-hurghada\/","og_locale":"hu_HU","og_type":"article","og_title":"\u0411\u0435\u043b\u0430\u044f \u0438 \u0427\u0435\u0440\u043d\u0430\u044f \u043f\u0443\u0441\u0442\u044b\u043d\u044f 2 \u0434\u043d\u044f &#8226; \u042d\u043a\u0441\u043a\u0443\u0440\u0441\u0438\u0438 Skyline","og_description":"\u0414\u043b\u0438\u0442\u0435\u043b\u044c\u043d\u043e\u0441\u0442\u044c:\u00a02 \u0434\u043d\u044f  \u0414\u043d\u0438 \u043f\u0440\u043e\u0432\u0435\u0434\u0435\u043d\u0438\u044f: \u0435\u0436\u0435\u0434\u043d\u0435\u0432\u043d\u043e","og_url":"https:\/\/skyline-gs.com\/hu\/termek\/white-and-black-desert-2-days-hurghada\/","og_site_name":"\u042d\u043a\u0441\u043a\u0443\u0440\u0441\u0438\u0438 Skyline","article_modified_time":"2023-10-04T16:09:38+00:00","og_image":[{"width":669,"height":446,"url":"https:\/\/skyline-gs.com\/wp-content\/uploads\/2021\/05\/Foto-na-sajt.png","type":"image\/png"}],"twitter_card":"summary_large_image","twitter_misc":{"Becs\u00fclt olvas\u00e1si id\u0151":"2 perc"},"schema":{"@context":"https:\/\/schema.org","@graph":[{"@type":"WebPage","@id":"https:\/\/skyline-gs.com\/product\/white-and-black-desert-2-days-hurghada\/","url":"https:\/\/skyline-gs.com\/product\/white-and-black-desert-2-days-hurghada\/","name":"Feh\u00e9r \u00e9s Fekete Sivatag 2 nap - Skyline Excursions","isPartOf":{"@id":"https:\/\/skyline-gs.com\/it\/#website"},"primaryImageOfPage":{"@id":"https:\/\/skyline-gs.com\/product\/white-and-black-desert-2-days-hurghada\/#primaryimage"},"image":{"@id":"https:\/\/skyline-gs.com\/product\/white-and-black-desert-2-days-hurghada\/#primaryimage"},"thumbnailUrl":"https:\/\/skyline-gs.com\/wp-content\/uploads\/2021\/05\/Foto-na-sajt.png","datePublished":"2021-05-14T14:50:32+00:00","dateModified":"2023-10-04T16:09:38+00:00","breadcrumb":{"@id":"https:\/\/skyline-gs.com\/product\/white-and-black-desert-2-days-hurghada\/#breadcrumb"},"inLanguage":"hu","potentialAction":[{"@type":"ReadAction","target":["https:\/\/skyline-gs.com\/product\/white-and-black-desert-2-days-hurghada\/"]}]},{"@type":"ImageObject","inLanguage":"hu","@id":"https:\/\/skyline-gs.com\/product\/white-and-black-desert-2-days-hurghada\/#primaryimage","url":"https:\/\/skyline-gs.com\/wp-content\/uploads\/2021\/05\/Foto-na-sajt.png","contentUrl":"https:\/\/skyline-gs.com\/wp-content\/uploads\/2021\/05\/Foto-na-sajt.png","width":669,"height":446},{"@type":"BreadcrumbList","@id":"https:\/\/skyline-gs.com\/product\/white-and-black-desert-2-days-hurghada\/#breadcrumb","itemListElement":[{"@type":"ListItem","position":1,"name":"\u0413\u043b\u0430\u0432\u043d\u0430\u044f \u0441\u0442\u0440\u0430\u043d\u0438\u0446\u0430","item":"https:\/\/skyline-gs.com\/hu\/"},{"@type":"ListItem","position":2,"name":"\u041c\u0430\u0433\u0430\u0437\u0438\u043d","item":"https:\/\/skyline-gs.com\/cs\/shop\/"},{"@type":"ListItem","position":3,"name":"\u0411\u0435\u043b\u0430\u044f \u0438 \u0427\u0435\u0440\u043d\u0430\u044f \u043f\u0443\u0441\u0442\u044b\u043d\u044f 2 \u0434\u043d\u044f"}]},{"@type":"WebSite","@id":"https:\/\/skyline-gs.com\/it\/#website","url":"https:\/\/skyline-gs.com\/it\/","name":"Skyline T\u00far\u00e1k","description":"Exkluz\u00edv kir\u00e1ndul\u00e1sok a vil\u00e1g legjobb \u00fcd\u00fcl\u0151helyein","publisher":{"@id":"https:\/\/skyline-gs.com\/it\/#organization"},"alternateName":"Skyline","potentialAction":[{"@type":"SearchAction","target":{"@type":"EntryPoint","urlTemplate":"https:\/\/skyline-gs.com\/it\/?s={search_term_string}"},"query-input":{"@type":"PropertyValueSpecification","valueRequired":true,"valueName":"search_term_string"}}],"inLanguage":"hu"},{"@type":"Organization","@id":"https:\/\/skyline-gs.com\/it\/#organization","name":"Skyline T\u00far\u00e1k","alternateName":"\u042d\u043a\u0441\u043a\u0443\u0440\u0441\u0438\u0438 Skyline","url":"https:\/\/skyline-gs.com\/it\/","logo":{"@type":"ImageObject","inLanguage":"hu","@id":"https:\/\/skyline-gs.com\/it\/#\/schema\/logo\/image\/","url":"https:\/\/skyline-gs.com\/wp-content\/uploads\/2020\/12\/cropped-logo-2.png","contentUrl":"https:\/\/skyline-gs.com\/wp-content\/uploads\/2020\/12\/cropped-logo-2.png","width":512,"height":512,"caption":"\u042d\u043a\u0441\u043a\u0443\u0440\u0441\u0438\u0438 Skyline"},"image":{"@id":"https:\/\/skyline-gs.com\/it\/#\/schema\/logo\/image\/"},"sameAs":["https:\/\/www.instagram.com\/skylineglobalservice\/"]}]}},"_links":{"self":[{"href":"https:\/\/skyline-gs.com\/hu\/wp-json\/wp\/v2\/product\/22577","targetHints":{"allow":["GET"]}}],"collection":[{"href":"https:\/\/skyline-gs.com\/hu\/wp-json\/wp\/v2\/product"}],"about":[{"href":"https:\/\/skyline-gs.com\/hu\/wp-json\/wp\/v2\/types\/product"}],"version-history":[{"count":0,"href":"https:\/\/skyline-gs.com\/hu\/wp-json\/wp\/v2\/product\/22577\/revisions"}],"wp:featuredmedia":[{"embeddable":true,"href":"https:\/\/skyline-gs.com\/hu\/wp-json\/wp\/v2\/media\/30013"}],"wp:attachment":[{"href":"https:\/\/skyline-gs.com\/hu\/wp-json\/wp\/v2\/media?parent=22577"}],"wp:term":[{"taxonomy":"product_brand","embeddable":true,"href":"https:\/\/skyline-gs.com\/hu\/wp-json\/wp\/v2\/product_brand?post=22577"},{"taxonomy":"product_cat","embeddable":true,"href":"https:\/\/skyline-gs.com\/hu\/wp-json\/wp\/v2\/product_cat?post=22577"},{"taxonomy":"product_tag","embeddable":true,"href":"https:\/\/skyline-gs.com\/hu\/wp-json\/wp\/v2\/product_tag?post=22577"}],"curies":[{"name":"wp","href":"https:\/\/api.w.org\/{rel}","templated":true}]}}