{"id":21173,"date":"2023-01-28T23:28:38","date_gmt":"2023-01-28T20:28:38","guid":{"rendered":"https:\/\/zanzibar.skyline-gs.com\/?post_type=product&#038;p=21173"},"modified":"2025-08-31T08:46:47","modified_gmt":"2025-08-31T06:46:47","slug":"stone-town-zanzibar","status":"publish","type":"product","link":"https:\/\/skyline-gs.com\/hu\/product\/stone-town-zanzibar\/","title":{"rendered":"T\u00f6rt\u00e9nelmi K\u0151v\u00e1ros \u00e9s F\u0171szerfarm t\u00fara"},"content":{"rendered":"<p>8:00 indul\u00e1s a sz\u00e1llod\u00e1b\u00f3l. Az \u00fat k\u00f6r\u00fclbel\u00fcl 1 \u00f3r\u00e1t vesz ig\u00e9nybe. T\u00fara Stone Townban \u00e9s megtekintj\u00fck: rabszolga eml\u00e9km\u0171, rabszolgakereskedelmi t\u00e9r, Freddie Mercury h\u00e1za, anglik\u00e1n templom, \u00e9jszakai piac, Csod\u00e1k H\u00e1za \u00e9s m\u00e9g sok m\u00e1s l\u00e1tnival\u00f3. A Stone Town (K\u0151v\u00e1ros) elnevez\u00e9s nem a teljes modern v\u00e1rost jelenti, hanem csak a r\u00e9gebbi t\u00f6rt\u00e9nelmi v\u00e1rosr\u00e9szt. Amelynek \u00e9p\u00edt\u00e9szete a keleti st\u00edlus furcsa kever\u00e9ke eur\u00f3pai \u00e9s afrikai kieg\u00e9sz\u00edt\u00e9sekkel, ami a v\u00e1ros egyedi \u00edz\u00e9t adja. Stone Town a sziget kapuja, t\u00f6rt\u00e9nelmi k\u00f6zpontja \u00e9s egyben egyetlen igazi v\u00e1rosa. A v\u00e1ros 200 000 embernek ad otthont. Az itt tal\u00e1lhat\u00f3 egykor hal\u00e1szfalu kedvelt helye volt az Afrik\u00e1b\u00f3l \u00e9l\u0151 \u00e1rut export\u00e1l\u00f3 arab rabszolgakeresked\u0151knek, \u00e9s id\u0151vel a telep\u00fcl\u00e9s egyre n\u0151tt, k\u0151\u00e9p\u00fcletek jelentek meg benne: er\u0151d, gazdag keresked\u0151k h\u00e1zai, mecsetek. Azt\u00e1n Zanzib\u00e1rt Portug\u00e1lia gyarmatos\u00edtotta, \u00e9s k\u00e9t \u00e9vsz\u00e1zadon \u00e1t Stone Town az eur\u00f3paiak vezet\u00e9s\u00e9vel n\u00f6vekedett. De a 17. sz\u00e1zad v\u00e9g\u00e9re ism\u00e9t elkezdt\u00e9k akt\u00edvan kiszor\u00edtani az arabokat, fokozatosan Zanzib\u00e1r felett l\u00e9trehozt\u00e1k az om\u00e1ni szult\u00e1ns\u00e1g uralm\u00e1t, majd k\u00e9s\u0151bb k\u00fcl\u00f6nv\u00e1ltak egy k\u00fcl\u00f6n - Zanzib\u00e1r. Azt\u00e1n 1890-benm f\u00f6l\u00f6tte brit protektor\u00e1tust hoztak l\u00e9tre, amelyet csak 1964-ben sz\u00fcntettek meg. Ez id\u0151 t\u00e1jt kezdt\u00e9k a r\u00e9gi Zanzib\u00e1rt K\u0151v\u00e1rosnak nevezni, mert a helyi falvakkal ellent\u00e9tben sok k\u0151\u00e9p\u00fcletet tartalmazott. Eb\u00e9d. Ezut\u00e1n megl\u00e1togatj\u00e1k a f\u0171szerfarmot. Ezek csod\u00e1latos n\u00f6v\u00e9nyek, megjelen\u00e9s\u00fck elt\u00e9r a boltban v\u00e1s\u00e1rolt szok\u00e1sos f\u0171szerekt\u0151l. K\u00fcl\u00f6nb\u00f6z\u0151 tr\u00f3pusi gy\u00fcm\u00f6lcs\u00f6k k\u00f3stol\u00e1sa. Lehet\u0151s\u00e9g van k\u00fcl\u00f6nb\u00f6z\u0151 friss f\u0171szerek v\u00e1s\u00e1rl\u00e1s\u00e1ra, amelyeket Zanzib\u00e1ron \u00e1ll\u00edtanak el\u0151. 17:00 k\u00f6r\u00fcl visszat\u00e9r\u00e9s a sz\u00e1llod\u00e1ba.<\/p>\n<p><strong>Tartalmazza:<\/strong><\/p>\n<ul>\n<li>Transzfer a sz\u00e1llod\u00e1b\u00f3l \u00e9s vissza<\/li>\n<li>Magyarul besz\u00e9l\u0151 idegenvezet\u0151<\/li>\n<li>Eb\u00e9d<\/li>\n<li>Jegy az anglik\u00e1n katedr\u00e1lisba<\/li>\n<li>Gy\u00fcm\u00f6lcsk\u00f3stol\u00e1s<\/li>\n<\/ul>\n<p><strong>Nem tartalmazza:<\/strong><\/p>\n<ul>\n<li>Bel\u00e9p\u00e9s Freddie Mercury h\u00e1z\u00e1ba (fakultat\u00edv, \u00e1ra 10$\/f\u0151)<\/li>\n<\/ul>","protected":false},"excerpt":{"rendered":"<p><strong>Kir\u00e1ndul\u00e1s Id\u0151pontja:\u00a0<\/strong>8:00 - 17:00<\/p>\n<p><strong>A Kir\u00e1ndul\u00e1s Napjai: <\/strong>szerda \u00e9s szombat<\/p>","protected":false},"featured_media":21182,"template":"","meta":{"_kad_post_transparent":"default","_kad_post_title":"","_kad_post_layout":"default","_kad_post_sidebar_id":"","_kad_post_content_style":"default","_kad_post_vertical_padding":"default","_kad_post_feature":"","_kad_post_feature_position":"","_kad_post_header":false,"_kad_post_footer":false,"_kad_post_classname":"","_glsr_average":0,"_glsr_ranking":0,"_glsr_reviews":0},"product_brand":[],"product_cat":[469],"product_tag":[],"class_list":{"0":"post-21173","1":"product","2":"type-product","3":"status-publish","4":"has-post-thumbnail","6":"product_cat-tours","7":"tm-has-options","9":"first","10":"instock","11":"sold-individually","12":"taxable","13":"shipping-taxable","14":"purchasable","15":"product-type-simple","16":"entry","17":"content-bg","18":"loop-entry"},"yoast_head":"<!-- This site is optimized with the Yoast SEO plugin v27.3 - https:\/\/yoast.com\/product\/yoast-seo-wordpress\/ -->\n<title>\u0418\u0441\u0442\u043e\u0440\u0438\u0447\u0435\u0441\u043a\u0438\u0439 \u0442\u0443\u0440 \u0432 \u0421\u0442\u043e\u0443\u043d \u0422\u0430\u0443\u043d \u0438 \u0424\u0435\u0440\u043c\u0430 \u0441\u043f\u0435\u0446\u0438\u0439 &#8226; \u042d\u043a\u0441\u043a\u0443\u0440\u0441\u0438\u0438 Skyline<\/title>\n<meta name=\"robots\" content=\"index, follow, max-snippet:-1, max-image-preview:large, max-video-preview:-1\" \/>\n<link rel=\"canonical\" href=\"https:\/\/skyline-gs.com\/hu\/termek\/stone-town-zanzibar\/\" \/>\n<meta property=\"og:locale\" content=\"hu_HU\" \/>\n<meta property=\"og:type\" content=\"article\" \/>\n<meta property=\"og:title\" content=\"\u0418\u0441\u0442\u043e\u0440\u0438\u0447\u0435\u0441\u043a\u0438\u0439 \u0442\u0443\u0440 \u0432 \u0421\u0442\u043e\u0443\u043d \u0422\u0430\u0443\u043d \u0438 \u0424\u0435\u0440\u043c\u0430 \u0441\u043f\u0435\u0446\u0438\u0439 &#8226; \u042d\u043a\u0441\u043a\u0443\u0440\u0441\u0438\u0438 Skyline\" \/>\n<meta property=\"og:description\" content=\"\u0412\u0440\u0435\u043c\u044f \u0442\u0443\u0440\u0430:\u00a08:00 \u2014 17:00  \u0414\u043d\u0438 \u043f\u0440\u043e\u0432\u0435\u0434\u0435\u043d\u0438\u044f: \u0441\u0440\u0435\u0434\u0430 \u0438 \u0441\u0443\u0431\u0431\u043e\u0442\u0430\" \/>\n<meta property=\"og:url\" content=\"https:\/\/skyline-gs.com\/hu\/termek\/stone-town-zanzibar\/\" \/>\n<meta property=\"og:site_name\" content=\"\u042d\u043a\u0441\u043a\u0443\u0440\u0441\u0438\u0438 Skyline\" \/>\n<meta property=\"article:modified_time\" content=\"2025-08-31T06:46:47+00:00\" \/>\n<meta property=\"og:image\" content=\"https:\/\/skyline-gs.com\/wp-content\/uploads\/2023\/01\/Stoun-taun-2-of-16.jpg\" \/>\n\t<meta property=\"og:image:width\" content=\"900\" \/>\n\t<meta property=\"og:image:height\" content=\"600\" \/>\n\t<meta property=\"og:image:type\" content=\"image\/jpeg\" \/>\n<meta name=\"twitter:card\" content=\"summary_large_image\" \/>\n<meta name=\"twitter:label1\" content=\"Becs\u00fclt olvas\u00e1si id\u0151\" \/>\n\t<meta name=\"twitter:data1\" content=\"2 perc\" \/>\n<script type=\"application\/ld+json\" class=\"yoast-schema-graph\">{\"@context\":\"https:\\\/\\\/schema.org\",\"@graph\":[{\"@type\":\"WebPage\",\"@id\":\"https:\\\/\\\/skyline-gs.com\\\/it\\\/prodotto\\\/stone-town-zanzibar\\\/\",\"url\":\"https:\\\/\\\/skyline-gs.com\\\/it\\\/prodotto\\\/stone-town-zanzibar\\\/\",\"name\":\"\u0418\u0441\u0442\u043e\u0440\u0438\u0447\u0435\u0441\u043a\u0438\u0439 \u0442\u0443\u0440 \u0432 \u0421\u0442\u043e\u0443\u043d \u0422\u0430\u0443\u043d \u0438 \u0424\u0435\u0440\u043c\u0430 \u0441\u043f\u0435\u0446\u0438\u0439 &#8226; \u042d\u043a\u0441\u043a\u0443\u0440\u0441\u0438\u0438 Skyline\",\"isPartOf\":{\"@id\":\"https:\\\/\\\/skyline-gs.com\\\/it\\\/#website\"},\"primaryImageOfPage\":{\"@id\":\"https:\\\/\\\/skyline-gs.com\\\/it\\\/prodotto\\\/stone-town-zanzibar\\\/#primaryimage\"},\"image\":{\"@id\":\"https:\\\/\\\/skyline-gs.com\\\/it\\\/prodotto\\\/stone-town-zanzibar\\\/#primaryimage\"},\"thumbnailUrl\":\"https:\\\/\\\/skyline-gs.com\\\/wp-content\\\/uploads\\\/2023\\\/01\\\/Stoun-taun-2-of-16.jpg\",\"datePublished\":\"2023-01-28T20:28:38+00:00\",\"dateModified\":\"2025-08-31T06:46:47+00:00\",\"breadcrumb\":{\"@id\":\"https:\\\/\\\/skyline-gs.com\\\/it\\\/prodotto\\\/stone-town-zanzibar\\\/#breadcrumb\"},\"inLanguage\":\"hu\",\"potentialAction\":[{\"@type\":\"ReadAction\",\"target\":[\"https:\\\/\\\/skyline-gs.com\\\/it\\\/prodotto\\\/stone-town-zanzibar\\\/\"]}]},{\"@type\":\"ImageObject\",\"inLanguage\":\"hu\",\"@id\":\"https:\\\/\\\/skyline-gs.com\\\/it\\\/prodotto\\\/stone-town-zanzibar\\\/#primaryimage\",\"url\":\"https:\\\/\\\/skyline-gs.com\\\/wp-content\\\/uploads\\\/2023\\\/01\\\/Stoun-taun-2-of-16.jpg\",\"contentUrl\":\"https:\\\/\\\/skyline-gs.com\\\/wp-content\\\/uploads\\\/2023\\\/01\\\/Stoun-taun-2-of-16.jpg\",\"width\":900,\"height\":600},{\"@type\":\"BreadcrumbList\",\"@id\":\"https:\\\/\\\/skyline-gs.com\\\/it\\\/prodotto\\\/stone-town-zanzibar\\\/#breadcrumb\",\"itemListElement\":[{\"@type\":\"ListItem\",\"position\":1,\"name\":\"\u0413\u043b\u0430\u0432\u043d\u0430\u044f \u0441\u0442\u0440\u0430\u043d\u0438\u0446\u0430\",\"item\":\"https:\\\/\\\/skyline-gs.com\\\/hu\\\/\"},{\"@type\":\"ListItem\",\"position\":2,\"name\":\"\u041c\u0430\u0433\u0430\u0437\u0438\u043d\",\"item\":\"https:\\\/\\\/skyline-gs.com\\\/cs\\\/shop\\\/\"},{\"@type\":\"ListItem\",\"position\":3,\"name\":\"\u0418\u0441\u0442\u043e\u0440\u0438\u0447\u0435\u0441\u043a\u0438\u0439 \u0442\u0443\u0440 \u0432 \u0421\u0442\u043e\u0443\u043d \u0422\u0430\u0443\u043d \u0438 \u0424\u0435\u0440\u043c\u0430 \u0441\u043f\u0435\u0446\u0438\u0439\"}]},{\"@type\":\"WebSite\",\"@id\":\"https:\\\/\\\/skyline-gs.com\\\/it\\\/#website\",\"url\":\"https:\\\/\\\/skyline-gs.com\\\/it\\\/\",\"name\":\"\u042d\u043a\u0441\u043a\u0443\u0440\u0441\u0438\u0438 Skyline\",\"description\":\"\u042d\u043a\u0441\u043a\u043b\u044e\u0437\u0438\u0432\u043d\u044b\u0435 \u044d\u043a\u0441\u043a\u0443\u0440\u0441\u0438\u0438 \u043d\u0430 \u043b\u0443\u0447\u0448\u0438\u0445 \u043a\u0443\u0440\u043e\u0440\u0442\u0430\u0445 \u043c\u0438\u0440\u0430\",\"publisher\":{\"@id\":\"https:\\\/\\\/skyline-gs.com\\\/it\\\/#organization\"},\"alternateName\":\"Skyline\",\"potentialAction\":[{\"@type\":\"SearchAction\",\"target\":{\"@type\":\"EntryPoint\",\"urlTemplate\":\"https:\\\/\\\/skyline-gs.com\\\/it\\\/?s={search_term_string}\"},\"query-input\":{\"@type\":\"PropertyValueSpecification\",\"valueRequired\":true,\"valueName\":\"search_term_string\"}}],\"inLanguage\":\"hu\"},{\"@type\":\"Organization\",\"@id\":\"https:\\\/\\\/skyline-gs.com\\\/it\\\/#organization\",\"name\":\"\u042d\u043a\u0441\u043a\u0443\u0440\u0441\u0438\u0438 Skyline\",\"alternateName\":\"\u042d\u043a\u0441\u043a\u0443\u0440\u0441\u0438\u0438 Skyline\",\"url\":\"https:\\\/\\\/skyline-gs.com\\\/it\\\/\",\"logo\":{\"@type\":\"ImageObject\",\"inLanguage\":\"hu\",\"@id\":\"https:\\\/\\\/skyline-gs.com\\\/it\\\/#\\\/schema\\\/logo\\\/image\\\/\",\"url\":\"https:\\\/\\\/skyline-gs.com\\\/wp-content\\\/uploads\\\/2020\\\/12\\\/cropped-logo-2.png\",\"contentUrl\":\"https:\\\/\\\/skyline-gs.com\\\/wp-content\\\/uploads\\\/2020\\\/12\\\/cropped-logo-2.png\",\"width\":512,\"height\":512,\"caption\":\"\u042d\u043a\u0441\u043a\u0443\u0440\u0441\u0438\u0438 Skyline\"},\"image\":{\"@id\":\"https:\\\/\\\/skyline-gs.com\\\/it\\\/#\\\/schema\\\/logo\\\/image\\\/\"},\"sameAs\":[\"https:\\\/\\\/www.instagram.com\\\/skylineglobalservice\\\/\"]}]}<\/script>\n<!-- \/ Yoast SEO plugin. -->","yoast_head_json":{"title":"Stone Town t\u00f6rt\u00e9nelmi t\u00fara \u00e9s f\u0171szerfarm - Skyline kir\u00e1ndul\u00e1sok","robots":{"index":"index","follow":"follow","max-snippet":"max-snippet:-1","max-image-preview":"max-image-preview:large","max-video-preview":"max-video-preview:-1"},"canonical":"https:\/\/skyline-gs.com\/hu\/termek\/stone-town-zanzibar\/","og_locale":"hu_HU","og_type":"article","og_title":"\u0418\u0441\u0442\u043e\u0440\u0438\u0447\u0435\u0441\u043a\u0438\u0439 \u0442\u0443\u0440 \u0432 \u0421\u0442\u043e\u0443\u043d \u0422\u0430\u0443\u043d \u0438 \u0424\u0435\u0440\u043c\u0430 \u0441\u043f\u0435\u0446\u0438\u0439 &#8226; \u042d\u043a\u0441\u043a\u0443\u0440\u0441\u0438\u0438 Skyline","og_description":"\u0412\u0440\u0435\u043c\u044f \u0442\u0443\u0440\u0430:\u00a08:00 \u2014 17:00  \u0414\u043d\u0438 \u043f\u0440\u043e\u0432\u0435\u0434\u0435\u043d\u0438\u044f: \u0441\u0440\u0435\u0434\u0430 \u0438 \u0441\u0443\u0431\u0431\u043e\u0442\u0430","og_url":"https:\/\/skyline-gs.com\/hu\/termek\/stone-town-zanzibar\/","og_site_name":"\u042d\u043a\u0441\u043a\u0443\u0440\u0441\u0438\u0438 Skyline","article_modified_time":"2025-08-31T06:46:47+00:00","og_image":[{"width":900,"height":600,"url":"https:\/\/skyline-gs.com\/wp-content\/uploads\/2023\/01\/Stoun-taun-2-of-16.jpg","type":"image\/jpeg"}],"twitter_card":"summary_large_image","twitter_misc":{"Becs\u00fclt olvas\u00e1si id\u0151":"2 perc"},"schema":{"@context":"https:\/\/schema.org","@graph":[{"@type":"WebPage","@id":"https:\/\/skyline-gs.com\/it\/prodotto\/stone-town-zanzibar\/","url":"https:\/\/skyline-gs.com\/it\/prodotto\/stone-town-zanzibar\/","name":"Stone Town t\u00f6rt\u00e9nelmi t\u00fara \u00e9s f\u0171szerfarm - Skyline kir\u00e1ndul\u00e1sok","isPartOf":{"@id":"https:\/\/skyline-gs.com\/it\/#website"},"primaryImageOfPage":{"@id":"https:\/\/skyline-gs.com\/it\/prodotto\/stone-town-zanzibar\/#primaryimage"},"image":{"@id":"https:\/\/skyline-gs.com\/it\/prodotto\/stone-town-zanzibar\/#primaryimage"},"thumbnailUrl":"https:\/\/skyline-gs.com\/wp-content\/uploads\/2023\/01\/Stoun-taun-2-of-16.jpg","datePublished":"2023-01-28T20:28:38+00:00","dateModified":"2025-08-31T06:46:47+00:00","breadcrumb":{"@id":"https:\/\/skyline-gs.com\/it\/prodotto\/stone-town-zanzibar\/#breadcrumb"},"inLanguage":"hu","potentialAction":[{"@type":"ReadAction","target":["https:\/\/skyline-gs.com\/it\/prodotto\/stone-town-zanzibar\/"]}]},{"@type":"ImageObject","inLanguage":"hu","@id":"https:\/\/skyline-gs.com\/it\/prodotto\/stone-town-zanzibar\/#primaryimage","url":"https:\/\/skyline-gs.com\/wp-content\/uploads\/2023\/01\/Stoun-taun-2-of-16.jpg","contentUrl":"https:\/\/skyline-gs.com\/wp-content\/uploads\/2023\/01\/Stoun-taun-2-of-16.jpg","width":900,"height":600},{"@type":"BreadcrumbList","@id":"https:\/\/skyline-gs.com\/it\/prodotto\/stone-town-zanzibar\/#breadcrumb","itemListElement":[{"@type":"ListItem","position":1,"name":"\u0413\u043b\u0430\u0432\u043d\u0430\u044f \u0441\u0442\u0440\u0430\u043d\u0438\u0446\u0430","item":"https:\/\/skyline-gs.com\/hu\/"},{"@type":"ListItem","position":2,"name":"\u041c\u0430\u0433\u0430\u0437\u0438\u043d","item":"https:\/\/skyline-gs.com\/cs\/shop\/"},{"@type":"ListItem","position":3,"name":"\u0418\u0441\u0442\u043e\u0440\u0438\u0447\u0435\u0441\u043a\u0438\u0439 \u0442\u0443\u0440 \u0432 \u0421\u0442\u043e\u0443\u043d \u0422\u0430\u0443\u043d \u0438 \u0424\u0435\u0440\u043c\u0430 \u0441\u043f\u0435\u0446\u0438\u0439"}]},{"@type":"WebSite","@id":"https:\/\/skyline-gs.com\/it\/#website","url":"https:\/\/skyline-gs.com\/it\/","name":"Skyline T\u00far\u00e1k","description":"Exkluz\u00edv kir\u00e1ndul\u00e1sok a vil\u00e1g legjobb \u00fcd\u00fcl\u0151helyein","publisher":{"@id":"https:\/\/skyline-gs.com\/it\/#organization"},"alternateName":"Skyline","potentialAction":[{"@type":"SearchAction","target":{"@type":"EntryPoint","urlTemplate":"https:\/\/skyline-gs.com\/it\/?s={search_term_string}"},"query-input":{"@type":"PropertyValueSpecification","valueRequired":true,"valueName":"search_term_string"}}],"inLanguage":"hu"},{"@type":"Organization","@id":"https:\/\/skyline-gs.com\/it\/#organization","name":"Skyline T\u00far\u00e1k","alternateName":"\u042d\u043a\u0441\u043a\u0443\u0440\u0441\u0438\u0438 Skyline","url":"https:\/\/skyline-gs.com\/it\/","logo":{"@type":"ImageObject","inLanguage":"hu","@id":"https:\/\/skyline-gs.com\/it\/#\/schema\/logo\/image\/","url":"https:\/\/skyline-gs.com\/wp-content\/uploads\/2020\/12\/cropped-logo-2.png","contentUrl":"https:\/\/skyline-gs.com\/wp-content\/uploads\/2020\/12\/cropped-logo-2.png","width":512,"height":512,"caption":"\u042d\u043a\u0441\u043a\u0443\u0440\u0441\u0438\u0438 Skyline"},"image":{"@id":"https:\/\/skyline-gs.com\/it\/#\/schema\/logo\/image\/"},"sameAs":["https:\/\/www.instagram.com\/skylineglobalservice\/"]}]}},"_links":{"self":[{"href":"https:\/\/skyline-gs.com\/hu\/wp-json\/wp\/v2\/product\/21173","targetHints":{"allow":["GET"]}}],"collection":[{"href":"https:\/\/skyline-gs.com\/hu\/wp-json\/wp\/v2\/product"}],"about":[{"href":"https:\/\/skyline-gs.com\/hu\/wp-json\/wp\/v2\/types\/product"}],"version-history":[{"count":0,"href":"https:\/\/skyline-gs.com\/hu\/wp-json\/wp\/v2\/product\/21173\/revisions"}],"wp:featuredmedia":[{"embeddable":true,"href":"https:\/\/skyline-gs.com\/hu\/wp-json\/wp\/v2\/media\/21182"}],"wp:attachment":[{"href":"https:\/\/skyline-gs.com\/hu\/wp-json\/wp\/v2\/media?parent=21173"}],"wp:term":[{"taxonomy":"product_brand","embeddable":true,"href":"https:\/\/skyline-gs.com\/hu\/wp-json\/wp\/v2\/product_brand?post=21173"},{"taxonomy":"product_cat","embeddable":true,"href":"https:\/\/skyline-gs.com\/hu\/wp-json\/wp\/v2\/product_cat?post=21173"},{"taxonomy":"product_tag","embeddable":true,"href":"https:\/\/skyline-gs.com\/hu\/wp-json\/wp\/v2\/product_tag?post=21173"}],"curies":[{"name":"wp","href":"https:\/\/api.w.org\/{rel}","templated":true}]}}