{"id":20103,"date":"2022-10-22T02:40:07","date_gmt":"2022-10-21T23:40:07","guid":{"rendered":"https:\/\/zanzibar.skyline-gs.com\/?post_type=product&#038;p=20103"},"modified":"2025-08-31T08:37:00","modified_gmt":"2025-08-31T06:37:00","slug":"dolphin-tour-jozani-rock-zanzibar","status":"publish","type":"product","link":"https:\/\/skyline-gs.com\/hu\/product\/dolphin-tour-jozani-rock-zanzibar\/","title":{"rendered":"Delfin t\u00fara, Les Jozani \u00e9s a Rock \u00e9tterem"},"content":{"rendered":"<p>5:00 Kijelentkez\u00e9s a sz\u00e1llod\u00e1b\u00f3l \u00e9s indul\u00e1s Kizimkazi faluba. A sziget d\u00e9li r\u00e9sz\u00e9n tal\u00e1lhat\u00f3 Kizimkazi-\u00f6b\u00f6lben t\u00f6k\u00e9letesek a felt\u00e9telek a delfinek sz\u00e1m\u00e1ra. Korai indul\u00e1s sz\u00fcks\u00e9ges a delfinek megfigyel\u00e9s\u00e9nek maximaliz\u00e1l\u00e1sa \u00e9rdek\u00e9ben. Az \u00e1llatok, amelyeket nem korl\u00e1toznak a delfin\u00e1riumok k\u00f6r\u00fclm\u00e9nyei, term\u00e9szetesen viselkednek \u00e9s term\u00e9szetes k\u00edv\u00e1ncsis\u00e1got mutatnak, amikor turist\u00e1kkal tal\u00e1lkoznak.  Az akt\u00edvabb nyaral\u00e1st kedvel\u0151ket a k\u00f6vetkez\u0151kre invit\u00e1ljuk <strong>delfin \u00fasz\u00e1s<\/strong>A delfinek annyira bar\u00e1ts\u00e1gosak, hogy megengedik, hogy megsimogassuk \u0151ket, \u00e9s m\u00e9g azt is sz\u00edvesen elfogadj\u00e1k, hogy az emberek j\u00e1tszanak vel\u00fck. Mind a palackorr\u00fa delfineket, mind a p\u00fapos delfineket l\u00e1thatod. A partra val\u00f3 visszat\u00e9r\u00e9skor ideje reggelizni (a sz\u00e1llod\u00e1ban rendeljen mag\u00e1val reggelit).<\/p>\n<p><strong>L\u00e1togat\u00e1s a Jozani erd\u0151ben<\/strong> - a program k\u00f6vetkez\u0151 r\u00e9sze. Az afrikai \u00fcd\u00fcl\u0151helyeken t\u00f6lt\u00f6tt nyaral\u00e1s sor\u00e1n meg kell ismerni a kontinens gazdag \u00e9s v\u00e1ltozatos \u00e9l\u0151vil\u00e1g\u00e1t.  Erre az egyik legjobb lehet\u0151s\u00e9g a Majompark megl\u00e1togat\u00e1sa, ahol a gy\u00f6ny\u00f6r\u0171 \u00e9s leny\u0171g\u00f6z\u0151 v\u00f6r\u00f6s colobuszok szabadon k\u00f3sz\u00e1lnak. A 44 n\u00e9gyzetkilom\u00e9teres Jozani-erd\u0151 h\u00e1rom ter\u00fcletre oszlik: az els\u0151 a boz\u00f3tos, a m\u00e1sodik a mangrovef\u00e1k, a harmadik pedig az es\u0151erd\u0151. A majmokon k\u00edv\u00fcl kam\u00e9leonok, gy\u00f6ny\u00f6r\u0171 madarak \u00e9s pillang\u00f3k is \u00e9lnek itt.<\/p>\n<p>A program z\u00e1r\u00f3 r\u00e9sze pedig egy l\u00e1togat\u00e1s lesz a <strong>\u00e9tterem<\/strong><b> Rock. <\/b>H\u00edres szokatlan elhelyezked\u00e9s\u00e9r\u0151l, \u00e9s a vil\u00e1g egyik legromantikusabb \u00e9ttermek\u00e9nt tartj\u00e1k sz\u00e1mon. A vend\u00e9gek bent vagy a teraszon \u00fclhetnek, ahonnan leny\u0171g\u00f6z\u0151 kil\u00e1t\u00e1s ny\u00edlik a horizontig \u00e9r\u0151 az\u00fark\u00e9k hull\u00e1mokra. A program 13:30 k\u00f6r\u00fcl \u00e9r v\u00e9get. Transzfer vissza a sz\u00e1llod\u00e1ba.<\/p>\n<p><strong>Mit tartalmaz:<\/strong><\/p>\n<ul>\n<li>Transzfer a sz\u00e1llod\u00e1b\u00f3l \u00e9s a sz\u00e1llod\u00e1ba<\/li>\n<li>Minden transzfer l\u00e9gkondicion\u00e1lt minibusszal<\/li>\n<li>Haj\u00f3b\u00e9rl\u00e9s<\/li>\n<li>Magyarul besz\u00e9l\u0151 idegenvezet\u0151<\/li>\n<li>Minden bel\u00e9p\u0151jegy<\/li>\n<li>Snorkelling felszerel\u00e9s<\/li>\n<li>Ment\u0151mell\u00e9nyek<\/li>\n<\/ul>\n<p><strong>L\u00e9nyeges:<\/strong><\/p>\n<ul>\n<li>Reggeli mag\u00e1valvitelre (rendeljen eb\u00e9ddobozt a sz\u00e1lloda recepci\u00f3j\u00e1n)<\/li>\n<li>F\u00fcrd\u0151ruha, \u00fasz\u00f3nadr\u00e1g<\/li>\n<li>T\u00f6r\u00fclk\u00f6z\u0151<\/li>\n<li>Fot\u00f3-vide\u00f3 felszerel\u00e9s. J\u00f3 el\u0151re t\u00f6ltse fel eszk\u00f6zeit<\/li>\n<li><span class=\"fontstyle0\">Napszem\u00fcveg \u00e9s panama, naptej<\/span><\/li>\n<\/ul>\n<ul>\n<li style=\"list-style-type: none;\"><\/li>\n<\/ul>","protected":false},"excerpt":{"rendered":"<p><strong>Kir\u00e1ndul\u00e1s Id\u0151pontja: <\/strong>5:00 &#8212; 13:30<\/p>\n<p><strong>A Kir\u00e1ndul\u00e1s Napjai: <\/strong>H\u00e9tf\u0151 \u00e9s p\u00e9ntek<\/p>","protected":false},"featured_media":21171,"template":"","meta":{"_kad_post_transparent":"default","_kad_post_title":"","_kad_post_layout":"default","_kad_post_sidebar_id":"","_kad_post_content_style":"default","_kad_post_vertical_padding":"default","_kad_post_feature":"","_kad_post_feature_position":"","_kad_post_header":false,"_kad_post_footer":false,"_kad_post_classname":"","_glsr_average":0,"_glsr_ranking":0,"_glsr_reviews":0},"product_brand":[],"product_cat":[469],"product_tag":[],"class_list":{"0":"post-20103","1":"product","2":"type-product","3":"status-publish","4":"has-post-thumbnail","6":"product_cat-tours","7":"tm-has-options","9":"first","10":"instock","11":"sold-individually","12":"taxable","13":"shipping-taxable","14":"purchasable","15":"product-type-simple","16":"entry","17":"content-bg","18":"loop-entry"},"yoast_head":"<!-- This site is optimized with the Yoast SEO plugin v27.3 - https:\/\/yoast.com\/product\/yoast-seo-wordpress\/ -->\n<title>\u0414\u0435\u043b\u044c\u0444\u0438\u043d \u0442\u0443\u0440, \u041b\u0435\u0441 \u0414\u0436\u043e\u0437\u0430\u043d\u0438 \u0438 \u0420\u0435\u0441\u0442\u043e\u0440\u0430\u043d \u0420\u043e\u043a &#8226; \u042d\u043a\u0441\u043a\u0443\u0440\u0441\u0438\u0438 Skyline<\/title>\n<meta name=\"robots\" content=\"index, follow, max-snippet:-1, max-image-preview:large, max-video-preview:-1\" \/>\n<link rel=\"canonical\" href=\"http:\/\/skyline-gs.com\/hu\/termek\/dolphin-tour-jozani-rock-zanzibar\/\" \/>\n<meta property=\"og:locale\" content=\"hu_HU\" \/>\n<meta property=\"og:type\" content=\"article\" \/>\n<meta property=\"og:title\" content=\"\u0414\u0435\u043b\u044c\u0444\u0438\u043d \u0442\u0443\u0440, \u041b\u0435\u0441 \u0414\u0436\u043e\u0437\u0430\u043d\u0438 \u0438 \u0420\u0435\u0441\u0442\u043e\u0440\u0430\u043d \u0420\u043e\u043a &#8226; \u042d\u043a\u0441\u043a\u0443\u0440\u0441\u0438\u0438 Skyline\" \/>\n<meta property=\"og:description\" content=\"\u0412\u0440\u0435\u043c\u044f \u0442\u0443\u0440\u0430: 5:00 - 13:30  \u0414\u043d\u0438 \u043f\u0440\u043e\u0432\u0435\u0434\u0435\u043d\u0438\u044f: \u043f\u043e\u043d\u0435\u0434\u0435\u043b\u044c\u043d\u0438\u043a \u0438 \u043f\u044f\u0442\u043d\u0438\u0446\u0430\" \/>\n<meta property=\"og:url\" content=\"http:\/\/skyline-gs.com\/hu\/termek\/dolphin-tour-jozani-rock-zanzibar\/\" \/>\n<meta property=\"og:site_name\" content=\"\u042d\u043a\u0441\u043a\u0443\u0440\u0441\u0438\u0438 Skyline\" \/>\n<meta property=\"article:modified_time\" content=\"2025-08-31T06:37:00+00:00\" \/>\n<meta property=\"og:image\" content=\"https:\/\/skyline-gs.com\/wp-content\/uploads\/2022\/10\/e24ak.png\" \/>\n\t<meta property=\"og:image:width\" content=\"669\" \/>\n\t<meta property=\"og:image:height\" content=\"446\" \/>\n\t<meta property=\"og:image:type\" content=\"image\/png\" \/>\n<meta name=\"twitter:card\" content=\"summary_large_image\" \/>\n<meta name=\"twitter:label1\" content=\"Becs\u00fclt olvas\u00e1si id\u0151\" \/>\n\t<meta name=\"twitter:data1\" content=\"2 perc\" \/>\n<script type=\"application\/ld+json\" class=\"yoast-schema-graph\">{\"@context\":\"https:\\\/\\\/schema.org\",\"@graph\":[{\"@type\":\"WebPage\",\"@id\":\"http:\\\/\\\/skyline-gs.com\\\/de\\\/produkt\\\/dolphin-tour-jozani-rock-zanzibar\\\/\",\"url\":\"http:\\\/\\\/skyline-gs.com\\\/de\\\/produkt\\\/dolphin-tour-jozani-rock-zanzibar\\\/\",\"name\":\"\u0414\u0435\u043b\u044c\u0444\u0438\u043d \u0442\u0443\u0440, \u041b\u0435\u0441 \u0414\u0436\u043e\u0437\u0430\u043d\u0438 \u0438 \u0420\u0435\u0441\u0442\u043e\u0440\u0430\u043d \u0420\u043e\u043a &#8226; \u042d\u043a\u0441\u043a\u0443\u0440\u0441\u0438\u0438 Skyline\",\"isPartOf\":{\"@id\":\"https:\\\/\\\/skyline-gs.com\\\/it\\\/#website\"},\"primaryImageOfPage\":{\"@id\":\"http:\\\/\\\/skyline-gs.com\\\/de\\\/produkt\\\/dolphin-tour-jozani-rock-zanzibar\\\/#primaryimage\"},\"image\":{\"@id\":\"http:\\\/\\\/skyline-gs.com\\\/de\\\/produkt\\\/dolphin-tour-jozani-rock-zanzibar\\\/#primaryimage\"},\"thumbnailUrl\":\"https:\\\/\\\/skyline-gs.com\\\/wp-content\\\/uploads\\\/2022\\\/10\\\/e24ak.png\",\"datePublished\":\"2022-10-21T23:40:07+00:00\",\"dateModified\":\"2025-08-31T06:37:00+00:00\",\"breadcrumb\":{\"@id\":\"http:\\\/\\\/skyline-gs.com\\\/de\\\/produkt\\\/dolphin-tour-jozani-rock-zanzibar\\\/#breadcrumb\"},\"inLanguage\":\"hu\",\"potentialAction\":[{\"@type\":\"ReadAction\",\"target\":[\"http:\\\/\\\/skyline-gs.com\\\/de\\\/produkt\\\/dolphin-tour-jozani-rock-zanzibar\\\/\"]}]},{\"@type\":\"ImageObject\",\"inLanguage\":\"hu\",\"@id\":\"http:\\\/\\\/skyline-gs.com\\\/de\\\/produkt\\\/dolphin-tour-jozani-rock-zanzibar\\\/#primaryimage\",\"url\":\"https:\\\/\\\/skyline-gs.com\\\/wp-content\\\/uploads\\\/2022\\\/10\\\/e24ak.png\",\"contentUrl\":\"https:\\\/\\\/skyline-gs.com\\\/wp-content\\\/uploads\\\/2022\\\/10\\\/e24ak.png\",\"width\":669,\"height\":446},{\"@type\":\"BreadcrumbList\",\"@id\":\"http:\\\/\\\/skyline-gs.com\\\/de\\\/produkt\\\/dolphin-tour-jozani-rock-zanzibar\\\/#breadcrumb\",\"itemListElement\":[{\"@type\":\"ListItem\",\"position\":1,\"name\":\"\u0413\u043b\u0430\u0432\u043d\u0430\u044f \u0441\u0442\u0440\u0430\u043d\u0438\u0446\u0430\",\"item\":\"https:\\\/\\\/skyline-gs.com\\\/hu\\\/\"},{\"@type\":\"ListItem\",\"position\":2,\"name\":\"\u041c\u0430\u0433\u0430\u0437\u0438\u043d\",\"item\":\"https:\\\/\\\/skyline-gs.com\\\/cs\\\/shop\\\/\"},{\"@type\":\"ListItem\",\"position\":3,\"name\":\"\u0414\u0435\u043b\u044c\u0444\u0438\u043d \u0442\u0443\u0440, \u041b\u0435\u0441 \u0414\u0436\u043e\u0437\u0430\u043d\u0438 \u0438 \u0420\u0435\u0441\u0442\u043e\u0440\u0430\u043d \u0420\u043e\u043a\"}]},{\"@type\":\"WebSite\",\"@id\":\"https:\\\/\\\/skyline-gs.com\\\/it\\\/#website\",\"url\":\"https:\\\/\\\/skyline-gs.com\\\/it\\\/\",\"name\":\"\u042d\u043a\u0441\u043a\u0443\u0440\u0441\u0438\u0438 Skyline\",\"description\":\"\u042d\u043a\u0441\u043a\u043b\u044e\u0437\u0438\u0432\u043d\u044b\u0435 \u044d\u043a\u0441\u043a\u0443\u0440\u0441\u0438\u0438 \u043d\u0430 \u043b\u0443\u0447\u0448\u0438\u0445 \u043a\u0443\u0440\u043e\u0440\u0442\u0430\u0445 \u043c\u0438\u0440\u0430\",\"publisher\":{\"@id\":\"https:\\\/\\\/skyline-gs.com\\\/it\\\/#organization\"},\"alternateName\":\"Skyline\",\"potentialAction\":[{\"@type\":\"SearchAction\",\"target\":{\"@type\":\"EntryPoint\",\"urlTemplate\":\"https:\\\/\\\/skyline-gs.com\\\/it\\\/?s={search_term_string}\"},\"query-input\":{\"@type\":\"PropertyValueSpecification\",\"valueRequired\":true,\"valueName\":\"search_term_string\"}}],\"inLanguage\":\"hu\"},{\"@type\":\"Organization\",\"@id\":\"https:\\\/\\\/skyline-gs.com\\\/it\\\/#organization\",\"name\":\"\u042d\u043a\u0441\u043a\u0443\u0440\u0441\u0438\u0438 Skyline\",\"alternateName\":\"\u042d\u043a\u0441\u043a\u0443\u0440\u0441\u0438\u0438 Skyline\",\"url\":\"https:\\\/\\\/skyline-gs.com\\\/it\\\/\",\"logo\":{\"@type\":\"ImageObject\",\"inLanguage\":\"hu\",\"@id\":\"https:\\\/\\\/skyline-gs.com\\\/it\\\/#\\\/schema\\\/logo\\\/image\\\/\",\"url\":\"https:\\\/\\\/skyline-gs.com\\\/wp-content\\\/uploads\\\/2020\\\/12\\\/cropped-logo-2.png\",\"contentUrl\":\"https:\\\/\\\/skyline-gs.com\\\/wp-content\\\/uploads\\\/2020\\\/12\\\/cropped-logo-2.png\",\"width\":512,\"height\":512,\"caption\":\"\u042d\u043a\u0441\u043a\u0443\u0440\u0441\u0438\u0438 Skyline\"},\"image\":{\"@id\":\"https:\\\/\\\/skyline-gs.com\\\/it\\\/#\\\/schema\\\/logo\\\/image\\\/\"},\"sameAs\":[\"https:\\\/\\\/www.instagram.com\\\/skylineglobalservice\\\/\"]}]}<\/script>\n<!-- \/ Yoast SEO plugin. -->","yoast_head_json":{"title":"\u0414\u0435\u043b\u044c\u0444\u0438\u043d \u0442\u0443\u0440, \u041b\u0435\u0441 \u0414\u0436\u043e\u0437\u0430\u043d\u0438 \u0438 \u0420\u0435\u0441\u0442\u043e\u0440\u0430\u043d \u0420\u043e\u043a &#8226; \u042d\u043a\u0441\u043a\u0443\u0440\u0441\u0438\u0438 Skyline","robots":{"index":"index","follow":"follow","max-snippet":"max-snippet:-1","max-image-preview":"max-image-preview:large","max-video-preview":"max-video-preview:-1"},"canonical":"http:\/\/skyline-gs.com\/hu\/termek\/dolphin-tour-jozani-rock-zanzibar\/","og_locale":"hu_HU","og_type":"article","og_title":"\u0414\u0435\u043b\u044c\u0444\u0438\u043d \u0442\u0443\u0440, \u041b\u0435\u0441 \u0414\u0436\u043e\u0437\u0430\u043d\u0438 \u0438 \u0420\u0435\u0441\u0442\u043e\u0440\u0430\u043d \u0420\u043e\u043a &#8226; \u042d\u043a\u0441\u043a\u0443\u0440\u0441\u0438\u0438 Skyline","og_description":"\u0412\u0440\u0435\u043c\u044f \u0442\u0443\u0440\u0430: 5:00 - 13:30  \u0414\u043d\u0438 \u043f\u0440\u043e\u0432\u0435\u0434\u0435\u043d\u0438\u044f: \u043f\u043e\u043d\u0435\u0434\u0435\u043b\u044c\u043d\u0438\u043a \u0438 \u043f\u044f\u0442\u043d\u0438\u0446\u0430","og_url":"http:\/\/skyline-gs.com\/hu\/termek\/dolphin-tour-jozani-rock-zanzibar\/","og_site_name":"\u042d\u043a\u0441\u043a\u0443\u0440\u0441\u0438\u0438 Skyline","article_modified_time":"2025-08-31T06:37:00+00:00","og_image":[{"width":669,"height":446,"url":"https:\/\/skyline-gs.com\/wp-content\/uploads\/2022\/10\/e24ak.png","type":"image\/png"}],"twitter_card":"summary_large_image","twitter_misc":{"Becs\u00fclt olvas\u00e1si id\u0151":"2 perc"},"schema":{"@context":"https:\/\/schema.org","@graph":[{"@type":"WebPage","@id":"http:\/\/skyline-gs.com\/de\/produkt\/dolphin-tour-jozani-rock-zanzibar\/","url":"http:\/\/skyline-gs.com\/de\/produkt\/dolphin-tour-jozani-rock-zanzibar\/","name":"\u0414\u0435\u043b\u044c\u0444\u0438\u043d \u0442\u0443\u0440, \u041b\u0435\u0441 \u0414\u0436\u043e\u0437\u0430\u043d\u0438 \u0438 \u0420\u0435\u0441\u0442\u043e\u0440\u0430\u043d \u0420\u043e\u043a &#8226; \u042d\u043a\u0441\u043a\u0443\u0440\u0441\u0438\u0438 Skyline","isPartOf":{"@id":"https:\/\/skyline-gs.com\/it\/#website"},"primaryImageOfPage":{"@id":"http:\/\/skyline-gs.com\/de\/produkt\/dolphin-tour-jozani-rock-zanzibar\/#primaryimage"},"image":{"@id":"http:\/\/skyline-gs.com\/de\/produkt\/dolphin-tour-jozani-rock-zanzibar\/#primaryimage"},"thumbnailUrl":"https:\/\/skyline-gs.com\/wp-content\/uploads\/2022\/10\/e24ak.png","datePublished":"2022-10-21T23:40:07+00:00","dateModified":"2025-08-31T06:37:00+00:00","breadcrumb":{"@id":"http:\/\/skyline-gs.com\/de\/produkt\/dolphin-tour-jozani-rock-zanzibar\/#breadcrumb"},"inLanguage":"hu","potentialAction":[{"@type":"ReadAction","target":["http:\/\/skyline-gs.com\/de\/produkt\/dolphin-tour-jozani-rock-zanzibar\/"]}]},{"@type":"ImageObject","inLanguage":"hu","@id":"http:\/\/skyline-gs.com\/de\/produkt\/dolphin-tour-jozani-rock-zanzibar\/#primaryimage","url":"https:\/\/skyline-gs.com\/wp-content\/uploads\/2022\/10\/e24ak.png","contentUrl":"https:\/\/skyline-gs.com\/wp-content\/uploads\/2022\/10\/e24ak.png","width":669,"height":446},{"@type":"BreadcrumbList","@id":"http:\/\/skyline-gs.com\/de\/produkt\/dolphin-tour-jozani-rock-zanzibar\/#breadcrumb","itemListElement":[{"@type":"ListItem","position":1,"name":"\u0413\u043b\u0430\u0432\u043d\u0430\u044f \u0441\u0442\u0440\u0430\u043d\u0438\u0446\u0430","item":"https:\/\/skyline-gs.com\/hu\/"},{"@type":"ListItem","position":2,"name":"\u041c\u0430\u0433\u0430\u0437\u0438\u043d","item":"https:\/\/skyline-gs.com\/cs\/shop\/"},{"@type":"ListItem","position":3,"name":"\u0414\u0435\u043b\u044c\u0444\u0438\u043d \u0442\u0443\u0440, \u041b\u0435\u0441 \u0414\u0436\u043e\u0437\u0430\u043d\u0438 \u0438 \u0420\u0435\u0441\u0442\u043e\u0440\u0430\u043d \u0420\u043e\u043a"}]},{"@type":"WebSite","@id":"https:\/\/skyline-gs.com\/it\/#website","url":"https:\/\/skyline-gs.com\/it\/","name":"Skyline T\u00far\u00e1k","description":"Exkluz\u00edv kir\u00e1ndul\u00e1sok a vil\u00e1g legjobb \u00fcd\u00fcl\u0151helyein","publisher":{"@id":"https:\/\/skyline-gs.com\/it\/#organization"},"alternateName":"Skyline","potentialAction":[{"@type":"SearchAction","target":{"@type":"EntryPoint","urlTemplate":"https:\/\/skyline-gs.com\/it\/?s={search_term_string}"},"query-input":{"@type":"PropertyValueSpecification","valueRequired":true,"valueName":"search_term_string"}}],"inLanguage":"hu"},{"@type":"Organization","@id":"https:\/\/skyline-gs.com\/it\/#organization","name":"Skyline T\u00far\u00e1k","alternateName":"\u042d\u043a\u0441\u043a\u0443\u0440\u0441\u0438\u0438 Skyline","url":"https:\/\/skyline-gs.com\/it\/","logo":{"@type":"ImageObject","inLanguage":"hu","@id":"https:\/\/skyline-gs.com\/it\/#\/schema\/logo\/image\/","url":"https:\/\/skyline-gs.com\/wp-content\/uploads\/2020\/12\/cropped-logo-2.png","contentUrl":"https:\/\/skyline-gs.com\/wp-content\/uploads\/2020\/12\/cropped-logo-2.png","width":512,"height":512,"caption":"\u042d\u043a\u0441\u043a\u0443\u0440\u0441\u0438\u0438 Skyline"},"image":{"@id":"https:\/\/skyline-gs.com\/it\/#\/schema\/logo\/image\/"},"sameAs":["https:\/\/www.instagram.com\/skylineglobalservice\/"]}]}},"_links":{"self":[{"href":"https:\/\/skyline-gs.com\/hu\/wp-json\/wp\/v2\/product\/20103","targetHints":{"allow":["GET"]}}],"collection":[{"href":"https:\/\/skyline-gs.com\/hu\/wp-json\/wp\/v2\/product"}],"about":[{"href":"https:\/\/skyline-gs.com\/hu\/wp-json\/wp\/v2\/types\/product"}],"version-history":[{"count":0,"href":"https:\/\/skyline-gs.com\/hu\/wp-json\/wp\/v2\/product\/20103\/revisions"}],"wp:featuredmedia":[{"embeddable":true,"href":"https:\/\/skyline-gs.com\/hu\/wp-json\/wp\/v2\/media\/21171"}],"wp:attachment":[{"href":"https:\/\/skyline-gs.com\/hu\/wp-json\/wp\/v2\/media?parent=20103"}],"wp:term":[{"taxonomy":"product_brand","embeddable":true,"href":"https:\/\/skyline-gs.com\/hu\/wp-json\/wp\/v2\/product_brand?post=20103"},{"taxonomy":"product_cat","embeddable":true,"href":"https:\/\/skyline-gs.com\/hu\/wp-json\/wp\/v2\/product_cat?post=20103"},{"taxonomy":"product_tag","embeddable":true,"href":"https:\/\/skyline-gs.com\/hu\/wp-json\/wp\/v2\/product_tag?post=20103"}],"curies":[{"name":"wp","href":"https:\/\/api.w.org\/{rel}","templated":true}]}}