{"id":20000,"date":"2021-04-28T19:30:53","date_gmt":"2021-04-28T16:30:53","guid":{"rendered":"https:\/\/hurghada.skyline-gs.com\/?post_type=product&#038;p=20000"},"modified":"2024-11-07T02:39:46","modified_gmt":"2024-11-07T00:39:46","slug":"cairo-siwa","status":"publish","type":"product","link":"https:\/\/skyline-gs.com\/hu\/product\/cairo-siwa\/","title":{"rendered":"Szem\u00e9lyre szabott Kair\u00f3 \u00e9s Siwa O\u00e1zis 4 nap"},"content":{"rendered":"<p><strong>1. nap<\/strong><\/p>\n<p>2:00 Indul\u00e1s Hurghad\u00e1b\u00f3l \u00e9s transzfer Kair\u00f3ba (mivel az indul\u00e1s kor\u00e1n van, ne felejtsen el reggelit rendelni a sz\u00e1llod\u00e1ban). Az utaz\u00e1s k\u00f6r\u00fclbel\u00fcl 5 \u00f3r\u00e1t vesz ig\u00e9nybe. Napunkat a saqqarai temetkez\u00e9si helyekhez val\u00f3 eljut\u00e1ssal kezdj\u00fck. Megn\u00e9zz\u00fck a t\u00f6rt\u00e9nelem els\u0151 piramis\u00e1t - Djoser kir\u00e1ly l\u00e9pcs\u0151piramis\u00e1t. Ezut\u00e1n Egyiptom els\u0151 f\u0151v\u00e1ros\u00e1nak - Memphisznek - \u00e9s II. Ramszesz kir\u00e1ly eml\u00e9km\u0171v\u00e9nek megtekint\u00e9se k\u00f6vetkezik. Eb\u00e9d az egyik helyi keleti \u00e9tteremben. Befejez\u00e9s\u00fcl l\u00e1togat\u00e1s a vil\u00e1g h\u00e9t csod\u00e1j\u00e1nak egyik\u00e9n\u00e9l - a Nagy Piramisokn\u00e1l (Kheopsz piramisa, Khephr\u00e9n \u00e9s Menkaure piramisa) \u00e9s a Szfinxn\u00e9l. Bejelentkez\u00e9s a sz\u00e1llod\u00e1ban. \u00c9jszaka Kair\u00f3ban.<\/p>\n<p><strong>2. nap<\/strong><\/p>\n<p>Reggeli a sz\u00e1llod\u00e1ban. 7:00 Kijelentkez\u00e9s a sz\u00e1llod\u00e1b\u00f3l \u00e9s utaz\u00e1s a Siwa o\u00e1zisba. Az \u00fat k\u00f6r\u00fclbel\u00fcl 8 \u00f3r\u00e1t vesz ig\u00e9nybe. \u00datk\u00f6zben meg\u00e1llunk eb\u00e9delni. \u00c9rkez\u00e9s a Siwa o\u00e1zisba \u00e9s bejelentkez\u00e9s a sz\u00e1llod\u00e1ba. Szabadid\u0151. Siwa Egyiptom egyik legszebb o\u00e1zisa! Az egyiptomiak \u0151sid\u0151k \u00f3ta Siw\u00e1t \"Amon Ra isten f\u00f6ldj\u00e9nek\" nevezt\u00e9k. Ez a hely a hatalom helye, tele misztikummal \u00e9s var\u00e1zslattal. Nagy S\u00e1ndor itt kapott meger\u0151s\u00edt\u00e9st isteni sz\u00e1rmaz\u00e1s\u00e1r\u00f3l. \u00c9jszaka a sz\u00e1llod\u00e1ban.<\/p>\n<p><strong>3. nap<\/strong><\/p>\n<p>Reggeli a sz\u00e1llod\u00e1ban. 8:00 Kijelentkez\u00e9s a sz\u00e1llod\u00e1b\u00f3l, majd v\u00e1rosn\u00e9z\u00e9s Siwa \u00f3v\u00e1ros\u00e1ban. S\u00e1ndor temploma. L\u00e1togat\u00e1s a \"Hal\u00e1l hegy\u00e9n\u00e9l\". Eb\u00e9d az \u00e9tteremben. Ezt k\u00f6vet\u0151en a s\u00f3s tavakhoz megy\u00fcnk, ahol lehet\u0151s\u00e9g\u00fcnk lesz \u00faszni benn\u00fck \u00e9s felejthetetlen fot\u00f3kat k\u00e9sz\u00edteni. Kleop\u00e1tra forr\u00f3 forr\u00e1sai. 16:00 \u00f3rakor indul\u00e1s vissza Kair\u00f3ba. \u00c9jszaka a sz\u00e1llod\u00e1ban.<\/p>\n<p><strong>4. nap<\/strong><\/p>\n<p>Reggeli a sz\u00e1llod\u00e1ban. 9:00 Indul\u00e1s a sz\u00e1llod\u00e1b\u00f3l. A t\u00fara utols\u00f3 napj\u00e1n igazi elmer\u00fcl\u00e9s v\u00e1r r\u00e1nk Egyiptom f\u0151v\u00e1ros\u00e1ban \u00e9s a vil\u00e1g egyik legnagyobb v\u00e1ros\u00e1ban, Kair\u00f3ban. V\u00e9gigs\u00e9t\u00e1lunk a Hana al-Khalili sz\u0171k utc\u00e1in, Afrika egyik legnagyobb sz\u00fakj\u00e1n. Hana al-Khalili egy nagyon sz\u00ednes hely, ahol a legszokatlanabb egyiptomi szuven\u00edreket lehet v\u00e1s\u00e1rolni. Eb\u00e9d. Ezt k\u00f6vet\u0151en megl\u00e1togatjuk a kopt templomokat. Megn\u00e9zz\u00fck a III. sz\u00e1zadi Szent M\u00e1ria f\u00fcgg\u0151templomot, amely egy \u0151si er\u0151d romjai f\u00f6l\u00f6tt emelkedik. Meg\u00e1llunk a B\u0151rm\u0171ves Simeon katedr\u00e1lis\u00e1n\u00e1l, amely k\u00f6zvetlen\u00fcl egy barlangban \u00e9p\u00fclt. 15:00 Indul\u00e1s Hurghad\u00e1ba. 20:00 k\u00f6r\u00fcl visszat\u00e9r\u00e9s a sz\u00e1llod\u00e1ba.<\/p>\n<p><strong>Tartalmazza:<\/strong><\/p>\n<ul>\n<li>Transzfer a sz\u00e1llod\u00e1b\u00f3l \u00e9s a sz\u00e1llod\u00e1ba;<\/li>\n<li>Transzfer l\u00e9gkondicion\u00e1lt szem\u00e9lyg\u00e9pkocsival;<\/li>\n<li>Orosz nyelv\u0171 idegenvezet\u0151 szolg\u00e1ltat\u00e1sai;<\/li>\n<li>Bel\u00e9p\u0151d\u00edjak az \u00f6sszes eml\u00edtett l\u00e1tnival\u00f3hoz;<\/li>\n<li>Sz\u00e1ll\u00e1s a programnak megfelel\u0151 sz\u00e1llod\u00e1kban;<\/li>\n<li>\u00c9tkez\u00e9s: 1. nap - eb\u00e9d; 2. nap - reggeli, eb\u00e9d; 3. nap - reggeli, eb\u00e9d; 4. nap - reggeli, eb\u00e9d.<\/li>\n<\/ul>\n<p><strong>Nem tartalmazza:<\/strong><\/p>\n<ul>\n<li>A transzferek Sahl Hasheesh, Soma Bay, Safaga \u00e9s Makadi Bay vid\u00e9ki sz\u00e1llod\u00e1kb\u00f3l 20$ 4 szem\u00e9lyes aut\u00f3ra, oda-vissza.<\/li>\n<\/ul>\n<p><strong>Vigy\u00e9l magaddal:<\/strong><\/p>\n<ul>\n<li>Fejfed\u0151;<\/li>\n<li>P\u00e9nz szem\u00e9lyes kiad\u00e1sokra \u00e9s aj\u00e1nd\u00e9kt\u00e1rgyakra;<\/li>\n<li>Szem\u00e9lyes higi\u00e9niai term\u00e9kek;<\/li>\n<li>Iv\u00f3v\u00edz;<\/li>\n<li>Reggeli harapnival\u00f3 (az hotel recepci\u00f3j\u00e1n jelezze, hogy kor\u00e1n reggel indul egy kir\u00e1ndul\u00e1sra, \u00e9s k\u00e9sz\u00edtsenek \u00d6nnek egy eb\u00e9dcsomagot, a sz\u00e1llod\u00e1k ezt a szolg\u00e1ltat\u00e1st ingyen biztos\u00edtj\u00e1k);<\/li>\n<li>K\u00e9nyelmes cip\u0151;<\/li>\n<li>Meleg ruh\u00e1zat az utaz\u00e1shoz (t\u00e9len)<\/li>\n<\/ul>","protected":false},"excerpt":{"rendered":"<p><b>Id\u0151tartam: <\/b>4 nap<\/p>\n<p><strong>A Kir\u00e1ndul\u00e1s Napjai: <\/strong>Naponta<\/p>","protected":false},"featured_media":25156,"template":"","meta":{"_kad_post_transparent":"default","_kad_post_title":"","_kad_post_layout":"default","_kad_post_sidebar_id":"","_kad_post_content_style":"default","_kad_post_vertical_padding":"default","_kad_post_feature":"","_kad_post_feature_position":"","_kad_post_header":false,"_kad_post_footer":false,"_kad_post_classname":"","_glsr_average":0,"_glsr_ranking":0,"_glsr_reviews":0},"product_brand":[],"product_cat":[480],"product_tag":[],"class_list":{"0":"post-20000","1":"product","2":"type-product","3":"status-publish","4":"has-post-thumbnail","6":"product_cat-individual-tours-hurghada","7":"tm-has-options","9":"first","10":"instock","11":"sold-individually","12":"taxable","13":"shipping-taxable","14":"purchasable","15":"product-type-simple","16":"entry","17":"content-bg","18":"loop-entry"},"yoast_head":"<!-- This site is optimized with the Yoast SEO plugin v27.4 - https:\/\/yoast.com\/product\/yoast-seo-wordpress\/ -->\n<title>\u0418\u043d\u0434\u0438\u0432\u0438\u0434\u0443\u0430\u043b\u044c\u043d\u044b\u0439 \u041a\u0430\u0438\u0440 \u0438 \u043e\u0430\u0437\u0438\u0441 \u0421\u0438\u0432\u0430 4 \u0434\u043d\u044f &#8226; \u042d\u043a\u0441\u043a\u0443\u0440\u0441\u0438\u0438 Skyline<\/title>\n<meta name=\"robots\" content=\"index, follow, max-snippet:-1, max-image-preview:large, max-video-preview:-1\" \/>\n<link rel=\"canonical\" href=\"http:\/\/skyline-gs.com\/hu\/termek\/cairo-siwa\/\" \/>\n<meta property=\"og:locale\" content=\"hu_HU\" \/>\n<meta property=\"og:type\" content=\"article\" \/>\n<meta property=\"og:title\" content=\"\u0418\u043d\u0434\u0438\u0432\u0438\u0434\u0443\u0430\u043b\u044c\u043d\u044b\u0439 \u041a\u0430\u0438\u0440 \u0438 \u043e\u0430\u0437\u0438\u0441 \u0421\u0438\u0432\u0430 4 \u0434\u043d\u044f &#8226; \u042d\u043a\u0441\u043a\u0443\u0440\u0441\u0438\u0438 Skyline\" \/>\n<meta property=\"og:description\" content=\"\u0414\u043b\u0438\u0442\u0435\u043b\u044c\u043d\u043e\u0441\u0442\u044c: 4 \u0434\u043d\u044f  \u0414\u043d\u0438 \u043f\u0440\u043e\u0432\u0435\u0434\u0435\u043d\u0438\u044f: \u0435\u0436\u0435\u0434\u043d\u0435\u0432\u043d\u043e\" \/>\n<meta property=\"og:url\" content=\"http:\/\/skyline-gs.com\/hu\/termek\/cairo-siwa\/\" \/>\n<meta property=\"og:site_name\" content=\"\u042d\u043a\u0441\u043a\u0443\u0440\u0441\u0438\u0438 Skyline\" \/>\n<meta property=\"article:modified_time\" content=\"2024-11-07T00:39:46+00:00\" \/>\n<meta property=\"og:image\" content=\"https:\/\/skyline-gs.com\/wp-content\/uploads\/2021\/04\/2-2.png\" \/>\n\t<meta property=\"og:image:width\" content=\"669\" \/>\n\t<meta property=\"og:image:height\" content=\"446\" \/>\n\t<meta property=\"og:image:type\" content=\"image\/png\" \/>\n<meta name=\"twitter:card\" content=\"summary_large_image\" \/>\n<meta name=\"twitter:label1\" content=\"Becs\u00fclt olvas\u00e1si id\u0151\" \/>\n\t<meta name=\"twitter:data1\" content=\"3 perc\" \/>\n<script type=\"application\/ld+json\" class=\"yoast-schema-graph\">{\"@context\":\"https:\\\/\\\/schema.org\",\"@graph\":[{\"@type\":\"WebPage\",\"@id\":\"http:\\\/\\\/skyline-gs.com\\\/hu\\\/termek\\\/cairo-siwa\\\/\",\"url\":\"http:\\\/\\\/skyline-gs.com\\\/hu\\\/termek\\\/cairo-siwa\\\/\",\"name\":\"\u0418\u043d\u0434\u0438\u0432\u0438\u0434\u0443\u0430\u043b\u044c\u043d\u044b\u0439 \u041a\u0430\u0438\u0440 \u0438 \u043e\u0430\u0437\u0438\u0441 \u0421\u0438\u0432\u0430 4 \u0434\u043d\u044f &#8226; \u042d\u043a\u0441\u043a\u0443\u0440\u0441\u0438\u0438 Skyline\",\"isPartOf\":{\"@id\":\"https:\\\/\\\/skyline-gs.com\\\/it\\\/#website\"},\"primaryImageOfPage\":{\"@id\":\"http:\\\/\\\/skyline-gs.com\\\/hu\\\/termek\\\/cairo-siwa\\\/#primaryimage\"},\"image\":{\"@id\":\"http:\\\/\\\/skyline-gs.com\\\/hu\\\/termek\\\/cairo-siwa\\\/#primaryimage\"},\"thumbnailUrl\":\"https:\\\/\\\/skyline-gs.com\\\/wp-content\\\/uploads\\\/2021\\\/04\\\/2-2.png\",\"datePublished\":\"2021-04-28T16:30:53+00:00\",\"dateModified\":\"2024-11-07T00:39:46+00:00\",\"breadcrumb\":{\"@id\":\"http:\\\/\\\/skyline-gs.com\\\/hu\\\/termek\\\/cairo-siwa\\\/#breadcrumb\"},\"inLanguage\":\"hu\",\"potentialAction\":[{\"@type\":\"ReadAction\",\"target\":[\"http:\\\/\\\/skyline-gs.com\\\/hu\\\/termek\\\/cairo-siwa\\\/\"]}]},{\"@type\":\"ImageObject\",\"inLanguage\":\"hu\",\"@id\":\"http:\\\/\\\/skyline-gs.com\\\/hu\\\/termek\\\/cairo-siwa\\\/#primaryimage\",\"url\":\"https:\\\/\\\/skyline-gs.com\\\/wp-content\\\/uploads\\\/2021\\\/04\\\/2-2.png\",\"contentUrl\":\"https:\\\/\\\/skyline-gs.com\\\/wp-content\\\/uploads\\\/2021\\\/04\\\/2-2.png\",\"width\":669,\"height\":446},{\"@type\":\"BreadcrumbList\",\"@id\":\"http:\\\/\\\/skyline-gs.com\\\/hu\\\/termek\\\/cairo-siwa\\\/#breadcrumb\",\"itemListElement\":[{\"@type\":\"ListItem\",\"position\":1,\"name\":\"\u0413\u043b\u0430\u0432\u043d\u0430\u044f \u0441\u0442\u0440\u0430\u043d\u0438\u0446\u0430\",\"item\":\"https:\\\/\\\/skyline-gs.com\\\/hu\\\/\"},{\"@type\":\"ListItem\",\"position\":2,\"name\":\"\u041c\u0430\u0433\u0430\u0437\u0438\u043d\",\"item\":\"https:\\\/\\\/skyline-gs.com\\\/cs\\\/shop\\\/\"},{\"@type\":\"ListItem\",\"position\":3,\"name\":\"\u0418\u043d\u0434\u0438\u0432\u0438\u0434\u0443\u0430\u043b\u044c\u043d\u044b\u0439 \u041a\u0430\u0438\u0440 \u0438 \u043e\u0430\u0437\u0438\u0441 \u0421\u0438\u0432\u0430 4 \u0434\u043d\u044f\"}]},{\"@type\":\"WebSite\",\"@id\":\"https:\\\/\\\/skyline-gs.com\\\/it\\\/#website\",\"url\":\"https:\\\/\\\/skyline-gs.com\\\/it\\\/\",\"name\":\"\u042d\u043a\u0441\u043a\u0443\u0440\u0441\u0438\u0438 Skyline\",\"description\":\"\u042d\u043a\u0441\u043a\u043b\u044e\u0437\u0438\u0432\u043d\u044b\u0435 \u044d\u043a\u0441\u043a\u0443\u0440\u0441\u0438\u0438 \u043d\u0430 \u043b\u0443\u0447\u0448\u0438\u0445 \u043a\u0443\u0440\u043e\u0440\u0442\u0430\u0445 \u043c\u0438\u0440\u0430\",\"publisher\":{\"@id\":\"https:\\\/\\\/skyline-gs.com\\\/it\\\/#organization\"},\"alternateName\":\"Skyline\",\"potentialAction\":[{\"@type\":\"SearchAction\",\"target\":{\"@type\":\"EntryPoint\",\"urlTemplate\":\"https:\\\/\\\/skyline-gs.com\\\/it\\\/?s={search_term_string}\"},\"query-input\":{\"@type\":\"PropertyValueSpecification\",\"valueRequired\":true,\"valueName\":\"search_term_string\"}}],\"inLanguage\":\"hu\"},{\"@type\":\"Organization\",\"@id\":\"https:\\\/\\\/skyline-gs.com\\\/it\\\/#organization\",\"name\":\"\u042d\u043a\u0441\u043a\u0443\u0440\u0441\u0438\u0438 Skyline\",\"alternateName\":\"\u042d\u043a\u0441\u043a\u0443\u0440\u0441\u0438\u0438 Skyline\",\"url\":\"https:\\\/\\\/skyline-gs.com\\\/it\\\/\",\"logo\":{\"@type\":\"ImageObject\",\"inLanguage\":\"hu\",\"@id\":\"https:\\\/\\\/skyline-gs.com\\\/it\\\/#\\\/schema\\\/logo\\\/image\\\/\",\"url\":\"https:\\\/\\\/skyline-gs.com\\\/wp-content\\\/uploads\\\/2020\\\/12\\\/cropped-logo-2.png\",\"contentUrl\":\"https:\\\/\\\/skyline-gs.com\\\/wp-content\\\/uploads\\\/2020\\\/12\\\/cropped-logo-2.png\",\"width\":512,\"height\":512,\"caption\":\"\u042d\u043a\u0441\u043a\u0443\u0440\u0441\u0438\u0438 Skyline\"},\"image\":{\"@id\":\"https:\\\/\\\/skyline-gs.com\\\/it\\\/#\\\/schema\\\/logo\\\/image\\\/\"},\"sameAs\":[\"https:\\\/\\\/www.instagram.com\\\/skylineglobalservice\\\/\"]}]}<\/script>\n<!-- \/ Yoast SEO plugin. -->","yoast_head_json":{"title":"\u0418\u043d\u0434\u0438\u0432\u0438\u0434\u0443\u0430\u043b\u044c\u043d\u044b\u0439 \u041a\u0430\u0438\u0440 \u0438 \u043e\u0430\u0437\u0438\u0441 \u0421\u0438\u0432\u0430 4 \u0434\u043d\u044f &#8226; \u042d\u043a\u0441\u043a\u0443\u0440\u0441\u0438\u0438 Skyline","robots":{"index":"index","follow":"follow","max-snippet":"max-snippet:-1","max-image-preview":"max-image-preview:large","max-video-preview":"max-video-preview:-1"},"canonical":"http:\/\/skyline-gs.com\/hu\/termek\/cairo-siwa\/","og_locale":"hu_HU","og_type":"article","og_title":"\u0418\u043d\u0434\u0438\u0432\u0438\u0434\u0443\u0430\u043b\u044c\u043d\u044b\u0439 \u041a\u0430\u0438\u0440 \u0438 \u043e\u0430\u0437\u0438\u0441 \u0421\u0438\u0432\u0430 4 \u0434\u043d\u044f &#8226; \u042d\u043a\u0441\u043a\u0443\u0440\u0441\u0438\u0438 Skyline","og_description":"\u0414\u043b\u0438\u0442\u0435\u043b\u044c\u043d\u043e\u0441\u0442\u044c: 4 \u0434\u043d\u044f  \u0414\u043d\u0438 \u043f\u0440\u043e\u0432\u0435\u0434\u0435\u043d\u0438\u044f: \u0435\u0436\u0435\u0434\u043d\u0435\u0432\u043d\u043e","og_url":"http:\/\/skyline-gs.com\/hu\/termek\/cairo-siwa\/","og_site_name":"\u042d\u043a\u0441\u043a\u0443\u0440\u0441\u0438\u0438 Skyline","article_modified_time":"2024-11-07T00:39:46+00:00","og_image":[{"width":669,"height":446,"url":"https:\/\/skyline-gs.com\/wp-content\/uploads\/2021\/04\/2-2.png","type":"image\/png"}],"twitter_card":"summary_large_image","twitter_misc":{"Becs\u00fclt olvas\u00e1si id\u0151":"3 perc"},"schema":{"@context":"https:\/\/schema.org","@graph":[{"@type":"WebPage","@id":"http:\/\/skyline-gs.com\/hu\/termek\/cairo-siwa\/","url":"http:\/\/skyline-gs.com\/hu\/termek\/cairo-siwa\/","name":"\u0418\u043d\u0434\u0438\u0432\u0438\u0434\u0443\u0430\u043b\u044c\u043d\u044b\u0439 \u041a\u0430\u0438\u0440 \u0438 \u043e\u0430\u0437\u0438\u0441 \u0421\u0438\u0432\u0430 4 \u0434\u043d\u044f &#8226; \u042d\u043a\u0441\u043a\u0443\u0440\u0441\u0438\u0438 Skyline","isPartOf":{"@id":"https:\/\/skyline-gs.com\/it\/#website"},"primaryImageOfPage":{"@id":"http:\/\/skyline-gs.com\/hu\/termek\/cairo-siwa\/#primaryimage"},"image":{"@id":"http:\/\/skyline-gs.com\/hu\/termek\/cairo-siwa\/#primaryimage"},"thumbnailUrl":"https:\/\/skyline-gs.com\/wp-content\/uploads\/2021\/04\/2-2.png","datePublished":"2021-04-28T16:30:53+00:00","dateModified":"2024-11-07T00:39:46+00:00","breadcrumb":{"@id":"http:\/\/skyline-gs.com\/hu\/termek\/cairo-siwa\/#breadcrumb"},"inLanguage":"hu","potentialAction":[{"@type":"ReadAction","target":["http:\/\/skyline-gs.com\/hu\/termek\/cairo-siwa\/"]}]},{"@type":"ImageObject","inLanguage":"hu","@id":"http:\/\/skyline-gs.com\/hu\/termek\/cairo-siwa\/#primaryimage","url":"https:\/\/skyline-gs.com\/wp-content\/uploads\/2021\/04\/2-2.png","contentUrl":"https:\/\/skyline-gs.com\/wp-content\/uploads\/2021\/04\/2-2.png","width":669,"height":446},{"@type":"BreadcrumbList","@id":"http:\/\/skyline-gs.com\/hu\/termek\/cairo-siwa\/#breadcrumb","itemListElement":[{"@type":"ListItem","position":1,"name":"\u0413\u043b\u0430\u0432\u043d\u0430\u044f \u0441\u0442\u0440\u0430\u043d\u0438\u0446\u0430","item":"https:\/\/skyline-gs.com\/hu\/"},{"@type":"ListItem","position":2,"name":"\u041c\u0430\u0433\u0430\u0437\u0438\u043d","item":"https:\/\/skyline-gs.com\/cs\/shop\/"},{"@type":"ListItem","position":3,"name":"\u0418\u043d\u0434\u0438\u0432\u0438\u0434\u0443\u0430\u043b\u044c\u043d\u044b\u0439 \u041a\u0430\u0438\u0440 \u0438 \u043e\u0430\u0437\u0438\u0441 \u0421\u0438\u0432\u0430 4 \u0434\u043d\u044f"}]},{"@type":"WebSite","@id":"https:\/\/skyline-gs.com\/it\/#website","url":"https:\/\/skyline-gs.com\/it\/","name":"Skyline T\u00far\u00e1k","description":"Exkluz\u00edv kir\u00e1ndul\u00e1sok a vil\u00e1g legjobb \u00fcd\u00fcl\u0151helyein","publisher":{"@id":"https:\/\/skyline-gs.com\/it\/#organization"},"alternateName":"Skyline","potentialAction":[{"@type":"SearchAction","target":{"@type":"EntryPoint","urlTemplate":"https:\/\/skyline-gs.com\/it\/?s={search_term_string}"},"query-input":{"@type":"PropertyValueSpecification","valueRequired":true,"valueName":"search_term_string"}}],"inLanguage":"hu"},{"@type":"Organization","@id":"https:\/\/skyline-gs.com\/it\/#organization","name":"Skyline T\u00far\u00e1k","alternateName":"\u042d\u043a\u0441\u043a\u0443\u0440\u0441\u0438\u0438 Skyline","url":"https:\/\/skyline-gs.com\/it\/","logo":{"@type":"ImageObject","inLanguage":"hu","@id":"https:\/\/skyline-gs.com\/it\/#\/schema\/logo\/image\/","url":"https:\/\/skyline-gs.com\/wp-content\/uploads\/2020\/12\/cropped-logo-2.png","contentUrl":"https:\/\/skyline-gs.com\/wp-content\/uploads\/2020\/12\/cropped-logo-2.png","width":512,"height":512,"caption":"\u042d\u043a\u0441\u043a\u0443\u0440\u0441\u0438\u0438 Skyline"},"image":{"@id":"https:\/\/skyline-gs.com\/it\/#\/schema\/logo\/image\/"},"sameAs":["https:\/\/www.instagram.com\/skylineglobalservice\/"]}]}},"_links":{"self":[{"href":"https:\/\/skyline-gs.com\/hu\/wp-json\/wp\/v2\/product\/20000","targetHints":{"allow":["GET"]}}],"collection":[{"href":"https:\/\/skyline-gs.com\/hu\/wp-json\/wp\/v2\/product"}],"about":[{"href":"https:\/\/skyline-gs.com\/hu\/wp-json\/wp\/v2\/types\/product"}],"version-history":[{"count":0,"href":"https:\/\/skyline-gs.com\/hu\/wp-json\/wp\/v2\/product\/20000\/revisions"}],"wp:featuredmedia":[{"embeddable":true,"href":"https:\/\/skyline-gs.com\/hu\/wp-json\/wp\/v2\/media\/25156"}],"wp:attachment":[{"href":"https:\/\/skyline-gs.com\/hu\/wp-json\/wp\/v2\/media?parent=20000"}],"wp:term":[{"taxonomy":"product_brand","embeddable":true,"href":"https:\/\/skyline-gs.com\/hu\/wp-json\/wp\/v2\/product_brand?post=20000"},{"taxonomy":"product_cat","embeddable":true,"href":"https:\/\/skyline-gs.com\/hu\/wp-json\/wp\/v2\/product_cat?post=20000"},{"taxonomy":"product_tag","embeddable":true,"href":"https:\/\/skyline-gs.com\/hu\/wp-json\/wp\/v2\/product_tag?post=20000"}],"curies":[{"name":"wp","href":"https:\/\/api.w.org\/{rel}","templated":true}]}}