{"id":19961,"date":"2022-10-20T02:41:16","date_gmt":"2022-10-19T23:41:16","guid":{"rendered":"https:\/\/zanzibar.skyline-gs.com\/?post_type=product&#038;p=19961"},"modified":"2025-02-20T22:07:50","modified_gmt":"2025-02-20T20:07:50","slug":"paradise-in-paradise","status":"publish","type":"product","link":"https:\/\/skyline-gs.com\/hu\/product\/paradise-in-paradise\/","title":{"rendered":"Paradise in Paradise (Zanzib\u00e1r \u00e9szaki r\u00e9sze mag\u00e1n sof\u0151rrel)"},"content":{"rendered":"<p>\u00c9lvezze Zanzib\u00e1r \u00e9szaki r\u00e9sz\u00e9nek leg\u00e9rdekesebb helyeit egy nap alatt. Olyan j\u00f3 megtapasztalni Zanzib\u00e1r minden sz\u00edn\u00e9t egy priv\u00e1t sof\u0151rrel \u00e9s egy k\u00e9nyelmes v\u00e1rosn\u00e9z\u00e9ssel a szigeten... Most lehet\u0151s\u00e9ged van egy ilyen \u00e1lom megval\u00f3s\u00edt\u00e1s\u00e1ra!<\/p>\n<p><strong>\u00datvonalterv:<\/strong><\/p>\n<ul>\n<li>Nungwi Mnarani Akv\u00e1rium (Nungwi Mnarani Akv\u00e1rium)<\/li>\n<li>Nungwi strand (Nungwi strand)<\/li>\n<li>Kendwe strand.<\/li>\n<li>Pwani Mchangani strand (Pwani Mchangani strand)<\/li>\n<li>Mtoni palota romjai (Mtoni palota romjai)<\/li>\n<li>Siso f\u0171szerfarm.<\/li>\n<li>Stone Town + v\u00e1s\u00e1rl\u00e1s<\/li>\n<\/ul>\n<p><strong>Tov\u00e1bbi inform\u00e1ci\u00f3k:<\/strong><\/p>\n<ul>\n<li>A program ler\u00f6vid\u00edthet\u0151 vagy m\u00f3dos\u00edthat\u00f3 az \u00fcgyf\u00e9l ig\u00e9nyeinek megfelel\u0151en.<\/li>\n<li>A v\u00e1rosn\u00e9z\u00e9ssel t\u00f6lt\u00f6tt id\u0151 saj\u00e1t bel\u00e1t\u00e1sa szerint \u00e1ll rendelkez\u00e9sre.<\/li>\n<li>Az \u00fatvonal ment\u00e9n tov\u00e1bbi meg\u00e1ll\u00f3kat is beiktathatunk az \u00d6n k\u00e9r\u00e9s\u00e9re.<\/li>\n<li>A t\u00fara korl\u00e1tozott ideig tart. 9:00-kor felvessz\u00fck \u00d6nt a sz\u00e1llod\u00e1t\u00f3l \u00e9s 16:00-kor visszahozzuk.<\/li>\n<\/ul>\n<p><strong>Tartalmazza:<\/strong><\/p>\n<ul>\n<li>Transzfer a sz\u00e1llod\u00e1b\u00f3l \u00e9s a sz\u00e1llod\u00e1ba<\/li>\n<li>Minden transzfer a program szerint l\u00e9gkondicion\u00e1lt aut\u00f3val \u00e9s szem\u00e9lyes sof\u0151rrel.<\/li>\n<\/ul>\n<p><strong>Nem tartalmazza:<\/strong><\/p>\n<ul>\n<li>Bel\u00e9p\u0151jegyek a l\u00e1tnival\u00f3khoz<\/li>\n<li>\u00c9tkez\u00e9s (k\u00e9r\u00e9s\u00e9re a sof\u0151r meg\u00e1ll b\u00e1rmelyik \u00e9tteremben vagy k\u00e1v\u00e9z\u00f3ban eb\u00e9delni)<\/li>\n<\/ul>\n<p><strong>L\u00e9nyeges:<\/strong><\/p>\n<ul>\n<li>V\u00edz<\/li>\n<li>F\u00fcrd\u0151ruha, \u00fasz\u00f3nadr\u00e1g<\/li>\n<li>T\u00f6r\u00fclk\u00f6z\u0151<\/li>\n<li>Kamera<\/li>\n<li><span class=\"fontstyle0\">Napszem\u00fcveg<\/span><\/li>\n<li>Fejd\u00edsz<\/li>\n<li><span class=\"fontstyle0\">F\u00e9nyv\u00e9d\u0151 kr\u00e9m<\/span><\/li>\n<li>P\u00e9nzt a bel\u00e9p\u0151d\u00edjakra vagy bev\u00e1s\u00e1rl\u00e1sra<\/li>\n<\/ul>\n<ul>\n<li style=\"list-style-type: none;\"><\/li>\n<\/ul>","protected":false},"excerpt":{"rendered":"<p><strong>Kir\u00e1ndul\u00e1s Id\u0151pontja: <\/strong>9:00 \u2014 16:00<\/p>\n<p><strong>A Kir\u00e1ndul\u00e1s Napjai: <\/strong>Naponta<\/p>","protected":false},"featured_media":19966,"template":"","meta":{"_kad_post_transparent":"default","_kad_post_title":"","_kad_post_layout":"default","_kad_post_sidebar_id":"","_kad_post_content_style":"default","_kad_post_vertical_padding":"default","_kad_post_feature":"","_kad_post_feature_position":"","_kad_post_header":false,"_kad_post_footer":false,"_kad_post_classname":"","_glsr_average":0,"_glsr_ranking":0,"_glsr_reviews":0},"product_brand":[],"product_cat":[469],"product_tag":[],"class_list":{"0":"post-19961","1":"product","2":"type-product","3":"status-publish","4":"has-post-thumbnail","6":"product_cat-tours","7":"tm-has-options","9":"first","10":"instock","11":"sold-individually","12":"taxable","13":"shipping-taxable","14":"purchasable","15":"product-type-simple","16":"entry","17":"content-bg","18":"loop-entry"},"yoast_head":"<!-- This site is optimized with the Yoast SEO plugin v27.3 - https:\/\/yoast.com\/product\/yoast-seo-wordpress\/ -->\n<title>\u0420\u0430\u0439 \u0432 \u0420\u0430\u044e (\u0421\u0435\u0432\u0435\u0440 \u0417\u0430\u043d\u0437\u0438\u0431\u0430\u0440\u0430 \u0441 \u043b\u0438\u0447\u043d\u044b\u043c \u0432\u043e\u0434\u0438\u0442\u0435\u043b\u0435\u043c) &#8226; \u042d\u043a\u0441\u043a\u0443\u0440\u0441\u0438\u0438 Skyline<\/title>\n<meta name=\"robots\" content=\"index, follow, max-snippet:-1, max-image-preview:large, max-video-preview:-1\" \/>\n<link rel=\"canonical\" href=\"http:\/\/skyline-gs.com\/hu\/termek\/paradise-in-paradise\/\" \/>\n<meta property=\"og:locale\" content=\"hu_HU\" \/>\n<meta property=\"og:type\" content=\"article\" \/>\n<meta property=\"og:title\" content=\"\u0420\u0430\u0439 \u0432 \u0420\u0430\u044e (\u0421\u0435\u0432\u0435\u0440 \u0417\u0430\u043d\u0437\u0438\u0431\u0430\u0440\u0430 \u0441 \u043b\u0438\u0447\u043d\u044b\u043c \u0432\u043e\u0434\u0438\u0442\u0435\u043b\u0435\u043c) &#8226; \u042d\u043a\u0441\u043a\u0443\u0440\u0441\u0438\u0438 Skyline\" \/>\n<meta property=\"og:description\" content=\"\u0412\u0440\u0435\u043c\u044f \u0442\u0443\u0440\u0430: 9:00 - 16:00  \u0414\u043d\u0438 \u043f\u0440\u043e\u0432\u0435\u0434\u0435\u043d\u0438\u044f: \u0435\u0436\u0435\u0434\u043d\u0435\u0432\u043d\u043e\" \/>\n<meta property=\"og:url\" content=\"http:\/\/skyline-gs.com\/hu\/termek\/paradise-in-paradise\/\" \/>\n<meta property=\"og:site_name\" content=\"\u042d\u043a\u0441\u043a\u0443\u0440\u0441\u0438\u0438 Skyline\" \/>\n<meta property=\"article:modified_time\" content=\"2025-02-20T20:07:50+00:00\" \/>\n<meta property=\"og:image\" content=\"https:\/\/skyline-gs.com\/wp-content\/uploads\/2022\/10\/45546642.png\" \/>\n\t<meta property=\"og:image:width\" content=\"669\" \/>\n\t<meta property=\"og:image:height\" content=\"446\" \/>\n\t<meta property=\"og:image:type\" content=\"image\/png\" \/>\n<meta name=\"twitter:card\" content=\"summary_large_image\" \/>\n<meta name=\"twitter:label1\" content=\"Becs\u00fclt olvas\u00e1si id\u0151\" \/>\n\t<meta name=\"twitter:data1\" content=\"2 perc\" \/>\n<script type=\"application\/ld+json\" class=\"yoast-schema-graph\">{\"@context\":\"https:\\\/\\\/schema.org\",\"@graph\":[{\"@type\":\"WebPage\",\"@id\":\"http:\\\/\\\/skyline-gs.com\\\/de\\\/produkt\\\/paradise-in-paradise\\\/\",\"url\":\"http:\\\/\\\/skyline-gs.com\\\/de\\\/produkt\\\/paradise-in-paradise\\\/\",\"name\":\"\u0420\u0430\u0439 \u0432 \u0420\u0430\u044e (\u0421\u0435\u0432\u0435\u0440 \u0417\u0430\u043d\u0437\u0438\u0431\u0430\u0440\u0430 \u0441 \u043b\u0438\u0447\u043d\u044b\u043c \u0432\u043e\u0434\u0438\u0442\u0435\u043b\u0435\u043c) &#8226; \u042d\u043a\u0441\u043a\u0443\u0440\u0441\u0438\u0438 Skyline\",\"isPartOf\":{\"@id\":\"https:\\\/\\\/skyline-gs.com\\\/it\\\/#website\"},\"primaryImageOfPage\":{\"@id\":\"http:\\\/\\\/skyline-gs.com\\\/de\\\/produkt\\\/paradise-in-paradise\\\/#primaryimage\"},\"image\":{\"@id\":\"http:\\\/\\\/skyline-gs.com\\\/de\\\/produkt\\\/paradise-in-paradise\\\/#primaryimage\"},\"thumbnailUrl\":\"https:\\\/\\\/skyline-gs.com\\\/wp-content\\\/uploads\\\/2022\\\/10\\\/45546642.png\",\"datePublished\":\"2022-10-19T23:41:16+00:00\",\"dateModified\":\"2025-02-20T20:07:50+00:00\",\"breadcrumb\":{\"@id\":\"http:\\\/\\\/skyline-gs.com\\\/de\\\/produkt\\\/paradise-in-paradise\\\/#breadcrumb\"},\"inLanguage\":\"hu\",\"potentialAction\":[{\"@type\":\"ReadAction\",\"target\":[\"http:\\\/\\\/skyline-gs.com\\\/de\\\/produkt\\\/paradise-in-paradise\\\/\"]}]},{\"@type\":\"ImageObject\",\"inLanguage\":\"hu\",\"@id\":\"http:\\\/\\\/skyline-gs.com\\\/de\\\/produkt\\\/paradise-in-paradise\\\/#primaryimage\",\"url\":\"https:\\\/\\\/skyline-gs.com\\\/wp-content\\\/uploads\\\/2022\\\/10\\\/45546642.png\",\"contentUrl\":\"https:\\\/\\\/skyline-gs.com\\\/wp-content\\\/uploads\\\/2022\\\/10\\\/45546642.png\",\"width\":669,\"height\":446},{\"@type\":\"BreadcrumbList\",\"@id\":\"http:\\\/\\\/skyline-gs.com\\\/de\\\/produkt\\\/paradise-in-paradise\\\/#breadcrumb\",\"itemListElement\":[{\"@type\":\"ListItem\",\"position\":1,\"name\":\"\u0413\u043b\u0430\u0432\u043d\u0430\u044f \u0441\u0442\u0440\u0430\u043d\u0438\u0446\u0430\",\"item\":\"https:\\\/\\\/skyline-gs.com\\\/hu\\\/\"},{\"@type\":\"ListItem\",\"position\":2,\"name\":\"\u041c\u0430\u0433\u0430\u0437\u0438\u043d\",\"item\":\"https:\\\/\\\/skyline-gs.com\\\/cs\\\/shop\\\/\"},{\"@type\":\"ListItem\",\"position\":3,\"name\":\"\u0420\u0430\u0439 \u0432 \u0420\u0430\u044e (\u0421\u0435\u0432\u0435\u0440 \u0417\u0430\u043d\u0437\u0438\u0431\u0430\u0440\u0430 \u0441 \u043b\u0438\u0447\u043d\u044b\u043c \u0432\u043e\u0434\u0438\u0442\u0435\u043b\u0435\u043c)\"}]},{\"@type\":\"WebSite\",\"@id\":\"https:\\\/\\\/skyline-gs.com\\\/it\\\/#website\",\"url\":\"https:\\\/\\\/skyline-gs.com\\\/it\\\/\",\"name\":\"\u042d\u043a\u0441\u043a\u0443\u0440\u0441\u0438\u0438 Skyline\",\"description\":\"\u042d\u043a\u0441\u043a\u043b\u044e\u0437\u0438\u0432\u043d\u044b\u0435 \u044d\u043a\u0441\u043a\u0443\u0440\u0441\u0438\u0438 \u043d\u0430 \u043b\u0443\u0447\u0448\u0438\u0445 \u043a\u0443\u0440\u043e\u0440\u0442\u0430\u0445 \u043c\u0438\u0440\u0430\",\"publisher\":{\"@id\":\"https:\\\/\\\/skyline-gs.com\\\/it\\\/#organization\"},\"alternateName\":\"Skyline\",\"potentialAction\":[{\"@type\":\"SearchAction\",\"target\":{\"@type\":\"EntryPoint\",\"urlTemplate\":\"https:\\\/\\\/skyline-gs.com\\\/it\\\/?s={search_term_string}\"},\"query-input\":{\"@type\":\"PropertyValueSpecification\",\"valueRequired\":true,\"valueName\":\"search_term_string\"}}],\"inLanguage\":\"hu\"},{\"@type\":\"Organization\",\"@id\":\"https:\\\/\\\/skyline-gs.com\\\/it\\\/#organization\",\"name\":\"\u042d\u043a\u0441\u043a\u0443\u0440\u0441\u0438\u0438 Skyline\",\"alternateName\":\"\u042d\u043a\u0441\u043a\u0443\u0440\u0441\u0438\u0438 Skyline\",\"url\":\"https:\\\/\\\/skyline-gs.com\\\/it\\\/\",\"logo\":{\"@type\":\"ImageObject\",\"inLanguage\":\"hu\",\"@id\":\"https:\\\/\\\/skyline-gs.com\\\/it\\\/#\\\/schema\\\/logo\\\/image\\\/\",\"url\":\"https:\\\/\\\/skyline-gs.com\\\/wp-content\\\/uploads\\\/2020\\\/12\\\/cropped-logo-2.png\",\"contentUrl\":\"https:\\\/\\\/skyline-gs.com\\\/wp-content\\\/uploads\\\/2020\\\/12\\\/cropped-logo-2.png\",\"width\":512,\"height\":512,\"caption\":\"\u042d\u043a\u0441\u043a\u0443\u0440\u0441\u0438\u0438 Skyline\"},\"image\":{\"@id\":\"https:\\\/\\\/skyline-gs.com\\\/it\\\/#\\\/schema\\\/logo\\\/image\\\/\"},\"sameAs\":[\"https:\\\/\\\/www.instagram.com\\\/skylineglobalservice\\\/\"]}]}<\/script>\n<!-- \/ Yoast SEO plugin. -->","yoast_head_json":{"title":"\u0420\u0430\u0439 \u0432 \u0420\u0430\u044e (\u0421\u0435\u0432\u0435\u0440 \u0417\u0430\u043d\u0437\u0438\u0431\u0430\u0440\u0430 \u0441 \u043b\u0438\u0447\u043d\u044b\u043c \u0432\u043e\u0434\u0438\u0442\u0435\u043b\u0435\u043c) &#8226; \u042d\u043a\u0441\u043a\u0443\u0440\u0441\u0438\u0438 Skyline","robots":{"index":"index","follow":"follow","max-snippet":"max-snippet:-1","max-image-preview":"max-image-preview:large","max-video-preview":"max-video-preview:-1"},"canonical":"http:\/\/skyline-gs.com\/hu\/termek\/paradise-in-paradise\/","og_locale":"hu_HU","og_type":"article","og_title":"\u0420\u0430\u0439 \u0432 \u0420\u0430\u044e (\u0421\u0435\u0432\u0435\u0440 \u0417\u0430\u043d\u0437\u0438\u0431\u0430\u0440\u0430 \u0441 \u043b\u0438\u0447\u043d\u044b\u043c \u0432\u043e\u0434\u0438\u0442\u0435\u043b\u0435\u043c) &#8226; \u042d\u043a\u0441\u043a\u0443\u0440\u0441\u0438\u0438 Skyline","og_description":"\u0412\u0440\u0435\u043c\u044f \u0442\u0443\u0440\u0430: 9:00 - 16:00  \u0414\u043d\u0438 \u043f\u0440\u043e\u0432\u0435\u0434\u0435\u043d\u0438\u044f: \u0435\u0436\u0435\u0434\u043d\u0435\u0432\u043d\u043e","og_url":"http:\/\/skyline-gs.com\/hu\/termek\/paradise-in-paradise\/","og_site_name":"\u042d\u043a\u0441\u043a\u0443\u0440\u0441\u0438\u0438 Skyline","article_modified_time":"2025-02-20T20:07:50+00:00","og_image":[{"width":669,"height":446,"url":"https:\/\/skyline-gs.com\/wp-content\/uploads\/2022\/10\/45546642.png","type":"image\/png"}],"twitter_card":"summary_large_image","twitter_misc":{"Becs\u00fclt olvas\u00e1si id\u0151":"2 perc"},"schema":{"@context":"https:\/\/schema.org","@graph":[{"@type":"WebPage","@id":"http:\/\/skyline-gs.com\/de\/produkt\/paradise-in-paradise\/","url":"http:\/\/skyline-gs.com\/de\/produkt\/paradise-in-paradise\/","name":"\u0420\u0430\u0439 \u0432 \u0420\u0430\u044e (\u0421\u0435\u0432\u0435\u0440 \u0417\u0430\u043d\u0437\u0438\u0431\u0430\u0440\u0430 \u0441 \u043b\u0438\u0447\u043d\u044b\u043c \u0432\u043e\u0434\u0438\u0442\u0435\u043b\u0435\u043c) &#8226; \u042d\u043a\u0441\u043a\u0443\u0440\u0441\u0438\u0438 Skyline","isPartOf":{"@id":"https:\/\/skyline-gs.com\/it\/#website"},"primaryImageOfPage":{"@id":"http:\/\/skyline-gs.com\/de\/produkt\/paradise-in-paradise\/#primaryimage"},"image":{"@id":"http:\/\/skyline-gs.com\/de\/produkt\/paradise-in-paradise\/#primaryimage"},"thumbnailUrl":"https:\/\/skyline-gs.com\/wp-content\/uploads\/2022\/10\/45546642.png","datePublished":"2022-10-19T23:41:16+00:00","dateModified":"2025-02-20T20:07:50+00:00","breadcrumb":{"@id":"http:\/\/skyline-gs.com\/de\/produkt\/paradise-in-paradise\/#breadcrumb"},"inLanguage":"hu","potentialAction":[{"@type":"ReadAction","target":["http:\/\/skyline-gs.com\/de\/produkt\/paradise-in-paradise\/"]}]},{"@type":"ImageObject","inLanguage":"hu","@id":"http:\/\/skyline-gs.com\/de\/produkt\/paradise-in-paradise\/#primaryimage","url":"https:\/\/skyline-gs.com\/wp-content\/uploads\/2022\/10\/45546642.png","contentUrl":"https:\/\/skyline-gs.com\/wp-content\/uploads\/2022\/10\/45546642.png","width":669,"height":446},{"@type":"BreadcrumbList","@id":"http:\/\/skyline-gs.com\/de\/produkt\/paradise-in-paradise\/#breadcrumb","itemListElement":[{"@type":"ListItem","position":1,"name":"\u0413\u043b\u0430\u0432\u043d\u0430\u044f \u0441\u0442\u0440\u0430\u043d\u0438\u0446\u0430","item":"https:\/\/skyline-gs.com\/hu\/"},{"@type":"ListItem","position":2,"name":"\u041c\u0430\u0433\u0430\u0437\u0438\u043d","item":"https:\/\/skyline-gs.com\/cs\/shop\/"},{"@type":"ListItem","position":3,"name":"\u0420\u0430\u0439 \u0432 \u0420\u0430\u044e (\u0421\u0435\u0432\u0435\u0440 \u0417\u0430\u043d\u0437\u0438\u0431\u0430\u0440\u0430 \u0441 \u043b\u0438\u0447\u043d\u044b\u043c \u0432\u043e\u0434\u0438\u0442\u0435\u043b\u0435\u043c)"}]},{"@type":"WebSite","@id":"https:\/\/skyline-gs.com\/it\/#website","url":"https:\/\/skyline-gs.com\/it\/","name":"Skyline T\u00far\u00e1k","description":"Exkluz\u00edv kir\u00e1ndul\u00e1sok a vil\u00e1g legjobb \u00fcd\u00fcl\u0151helyein","publisher":{"@id":"https:\/\/skyline-gs.com\/it\/#organization"},"alternateName":"Skyline","potentialAction":[{"@type":"SearchAction","target":{"@type":"EntryPoint","urlTemplate":"https:\/\/skyline-gs.com\/it\/?s={search_term_string}"},"query-input":{"@type":"PropertyValueSpecification","valueRequired":true,"valueName":"search_term_string"}}],"inLanguage":"hu"},{"@type":"Organization","@id":"https:\/\/skyline-gs.com\/it\/#organization","name":"Skyline T\u00far\u00e1k","alternateName":"\u042d\u043a\u0441\u043a\u0443\u0440\u0441\u0438\u0438 Skyline","url":"https:\/\/skyline-gs.com\/it\/","logo":{"@type":"ImageObject","inLanguage":"hu","@id":"https:\/\/skyline-gs.com\/it\/#\/schema\/logo\/image\/","url":"https:\/\/skyline-gs.com\/wp-content\/uploads\/2020\/12\/cropped-logo-2.png","contentUrl":"https:\/\/skyline-gs.com\/wp-content\/uploads\/2020\/12\/cropped-logo-2.png","width":512,"height":512,"caption":"\u042d\u043a\u0441\u043a\u0443\u0440\u0441\u0438\u0438 Skyline"},"image":{"@id":"https:\/\/skyline-gs.com\/it\/#\/schema\/logo\/image\/"},"sameAs":["https:\/\/www.instagram.com\/skylineglobalservice\/"]}]}},"_links":{"self":[{"href":"https:\/\/skyline-gs.com\/hu\/wp-json\/wp\/v2\/product\/19961","targetHints":{"allow":["GET"]}}],"collection":[{"href":"https:\/\/skyline-gs.com\/hu\/wp-json\/wp\/v2\/product"}],"about":[{"href":"https:\/\/skyline-gs.com\/hu\/wp-json\/wp\/v2\/types\/product"}],"version-history":[{"count":0,"href":"https:\/\/skyline-gs.com\/hu\/wp-json\/wp\/v2\/product\/19961\/revisions"}],"wp:featuredmedia":[{"embeddable":true,"href":"https:\/\/skyline-gs.com\/hu\/wp-json\/wp\/v2\/media\/19966"}],"wp:attachment":[{"href":"https:\/\/skyline-gs.com\/hu\/wp-json\/wp\/v2\/media?parent=19961"}],"wp:term":[{"taxonomy":"product_brand","embeddable":true,"href":"https:\/\/skyline-gs.com\/hu\/wp-json\/wp\/v2\/product_brand?post=19961"},{"taxonomy":"product_cat","embeddable":true,"href":"https:\/\/skyline-gs.com\/hu\/wp-json\/wp\/v2\/product_cat?post=19961"},{"taxonomy":"product_tag","embeddable":true,"href":"https:\/\/skyline-gs.com\/hu\/wp-json\/wp\/v2\/product_tag?post=19961"}],"curies":[{"name":"wp","href":"https:\/\/api.w.org\/{rel}","templated":true}]}}