{"id":19865,"date":"2022-09-23T16:29:49","date_gmt":"2022-09-23T13:29:49","guid":{"rendered":"https:\/\/zanzibar.skyline-gs.com\/?post_type=product&#038;p=19865"},"modified":"2025-12-16T15:13:36","modified_gmt":"2025-12-16T13:13:36","slug":"swimming-with-whale-sharks-on-mafia-island-by-plane","status":"publish","type":"product","link":"https:\/\/skyline-gs.com\/hu\/product\/swimming-with-whale-sharks-on-mafia-island-by-plane\/","title":{"rendered":"\u00dasz\u00e1s b\u00e1lnac\u00e1p\u00e1kkal Mafia sziget\u00e9n (rep\u00fcl\u0151\u00fat)"},"content":{"rendered":"<p>Kijelentkez\u00e9s a sz\u00e1llod\u00e1b\u00f3l 5:30-kor. Elutaz\u00e1s a rep\u00fcl\u0151t\u00e9rre. Rep\u00fcl\u00e9s Mafia sziget\u00e9re. A rep\u00fcl\u0151\u00fat mind\u00f6ssze 30 percet vesz ig\u00e9nybe. A rep\u00fcl\u0151t\u00e9ren idegenvezet\u0151nk t\u00e1bl\u00e1val fogadja \u00d6nt (az \u00d6n neve \u00e9s vezet\u00e9kneve fel lesz \u00edrva a t\u00e1bl\u00e1ra). Transzfer a kik\u00f6t\u0151be \u00e9s \u00e1tsz\u00e1ll\u00e1s a haj\u00f3ra. A haj\u00f3kir\u00e1ndul\u00e1s kezdete, ahol megmutatjuk a legjobb sznorkelez\u00e9si helyeket, \u00e9s \u00f3ri\u00e1s b\u00e1lnac\u00e1p\u00e1k keres\u00e9s\u00e9re indulunk. A Mafia-sziget egy paradicsom a tr\u00f3pusi vizekben. Az Afrika partjain\u00e1l tal\u00e1lhat\u00f3 tengeri rezerv\u00e1tum lehet\u0151s\u00e9get ad arra, hogy \u00e9rt\u00e9kelje az ak\u00e1r 50 korallfaj \u00e9s 400 tr\u00f3pusi halfaj (barrakuda, rep\u00fcl\u0151hal, tonhal, marlin, vitorl\u00e1shal, tonhal, kir\u00e1lyhal, luci\u00e1n, makr\u00e9la, \u00f3ri\u00e1s t\u0151kehal \u00e9s m\u00e1sok) \u00e9s m\u00e1s tengeri \u00e9l\u0151l\u00e9nyek sz\u00e9ps\u00e9g\u00e9t. Lehet\u0151s\u00e9ge lesz arra is, hogy egy\u00fctt \u00fasszon a b\u00e1lnac\u00e1p\u00e1kkal (amelyek hossza el\u00e9rheti a 20 m\u00e9tert is). Okt\u00f3bert\u0151l m\u00e1rciusig a sziget partjainak k\u00f6zel\u00e9ben tal\u00e1lhat\u00f3k. A vel\u00fck val\u00f3 \u00fasz\u00e1s teljesen biztons\u00e1gos. \u00c9s ha szerencs\u00e9je van, p\u00fapos b\u00e1ln\u00e1kat is l\u00e1that, amelyek v\u00e1ndorl\u00e1sa j\u00faliust\u00f3l szeptemberig zajlik Mafia-sziget k\u00f6zel\u00e9ben. A fed\u00e9lzeten finom eb\u00e9det szolg\u00e1lunk fel. A t\u00fara v\u00e9ge 16:00 k\u00f6r\u00fcl \u00e9r v\u00e9get. Visszautaz\u00e1s a rep\u00fcl\u0151t\u00e9rre. 17:30 indul\u00e1s Zanzib\u00e1rra. A rep\u00fcl\u0151t\u00e9ren c\u00e9g\u00fcnk k\u00e9pvisel\u0151je fogadja \u00d6nt egy eml\u00e9kt\u00e1bl\u00e1val (az \u00d6n neve \u00e9s vezet\u00e9kneve fel lesz \u00edrva az eml\u00e9kt\u00e1bl\u00e1ra). Visszat\u00e9r\u00e9s a sz\u00e1llod\u00e1ba 19:30 k\u00f6r\u00fcl.<\/p>\n<p><strong>Tartalmazza:<\/strong><\/p>\n<ul>\n<li>Rep\u00fcl\u0151jegyek<\/li>\n<li>Transzfer a sz\u00e1llod\u00e1b\u00f3l \u00e9s a sz\u00e1llod\u00e1ba<\/li>\n<li>Magyarul besz\u00e9l\u0151 idegenvezet\u0151<\/li>\n<li>Eb\u00e9d<\/li>\n<li>Minden bel\u00e9p\u0151jegy<\/li>\n<\/ul>\n<p><strong>Vigy\u00e9l magaddal:<\/strong><\/p>\n<ul>\n<li>\u00datlev\u00e9l<\/li>\n<li>Napszem\u00fcveg<\/li>\n<li>F\u00e9nyv\u00e9d\u0151 kr\u00e9m<\/li>\n<li>Cupido, f\u00fcrd\u0151nadr\u00e1g<\/li>\n<li>T\u00f6r\u00fclk\u00f6z\u0151<\/li>\n<\/ul>\n<p><strong>Foglal\u00e1si felt\u00e9telek:<\/strong><\/p>\n<ul>\n<li>El\u0151refizet\u00e9s 30%<\/li>\n<\/ul>","protected":false},"excerpt":{"rendered":"<p><strong>Kir\u00e1ndul\u00e1s Id\u0151pontja:<\/strong> 5:30 &#8212; 19:30<\/p>\n<p><b>A Kir\u00e1ndul\u00e1s Napjai: <\/b>Naponta<\/p>","protected":false},"featured_media":19873,"template":"","meta":{"_kad_post_transparent":"default","_kad_post_title":"","_kad_post_layout":"default","_kad_post_sidebar_id":"","_kad_post_content_style":"default","_kad_post_vertical_padding":"default","_kad_post_feature":"","_kad_post_feature_position":"","_kad_post_header":false,"_kad_post_footer":false,"_kad_post_classname":"","_glsr_average":0,"_glsr_ranking":0,"_glsr_reviews":0},"product_brand":[],"product_cat":[469],"product_tag":[],"class_list":{"0":"post-19865","1":"product","2":"type-product","3":"status-publish","4":"has-post-thumbnail","6":"product_cat-tours","7":"tm-has-options","9":"first","10":"instock","11":"sold-individually","12":"taxable","13":"shipping-taxable","14":"purchasable","15":"product-type-simple","16":"entry","17":"content-bg","18":"loop-entry"},"yoast_head":"<!-- This site is optimized with the Yoast SEO plugin v27.4 - https:\/\/yoast.com\/product\/yoast-seo-wordpress\/ -->\n<title>\u041f\u043b\u0430\u0432\u0430\u043d\u0438\u0435 \u0441 \u043a\u0438\u0442\u043e\u0432\u044b\u043c\u0438 \u0430\u043a\u0443\u043b\u0430\u043c\u0438 \u043d\u0430 \u043e\u0441\u0442\u0440\u043e\u0432\u0435 \u041c\u0430\u0444\u0438\u044f (\u043f\u0435\u0440\u0435\u043b\u0451\u0442 \u043d\u0430 \u0441\u0430\u043c\u043e\u043b\u0451\u0442\u0435) &#8226; \u042d\u043a\u0441\u043a\u0443\u0440\u0441\u0438\u0438 Skyline<\/title>\n<meta name=\"robots\" content=\"index, follow, max-snippet:-1, max-image-preview:large, max-video-preview:-1\" \/>\n<link rel=\"canonical\" href=\"http:\/\/skyline-gs.com\/hu\/termek\/swimming-with-whale-sharks-on-mafia-island-by-plane\/\" \/>\n<meta property=\"og:locale\" content=\"hu_HU\" \/>\n<meta property=\"og:type\" content=\"article\" \/>\n<meta property=\"og:title\" content=\"\u041f\u043b\u0430\u0432\u0430\u043d\u0438\u0435 \u0441 \u043a\u0438\u0442\u043e\u0432\u044b\u043c\u0438 \u0430\u043a\u0443\u043b\u0430\u043c\u0438 \u043d\u0430 \u043e\u0441\u0442\u0440\u043e\u0432\u0435 \u041c\u0430\u0444\u0438\u044f (\u043f\u0435\u0440\u0435\u043b\u0451\u0442 \u043d\u0430 \u0441\u0430\u043c\u043e\u043b\u0451\u0442\u0435) &#8226; \u042d\u043a\u0441\u043a\u0443\u0440\u0441\u0438\u0438 Skyline\" \/>\n<meta property=\"og:description\" content=\"\u0412\u0440\u0435\u043c\u044f \u0442\u0443\u0440\u0430: 5:30 - 19:30  \u0414\u043d\u0438 \u043f\u0440\u043e\u0432\u0435\u0434\u0435\u043d\u0438\u044f: \u0435\u0436\u0435\u0434\u043d\u0435\u0432\u043d\u043e\" \/>\n<meta property=\"og:url\" content=\"http:\/\/skyline-gs.com\/hu\/termek\/swimming-with-whale-sharks-on-mafia-island-by-plane\/\" \/>\n<meta property=\"og:site_name\" content=\"\u042d\u043a\u0441\u043a\u0443\u0440\u0441\u0438\u0438 Skyline\" \/>\n<meta property=\"article:modified_time\" content=\"2025-12-16T13:13:36+00:00\" \/>\n<meta property=\"og:image\" content=\"https:\/\/skyline-gs.com\/wp-content\/uploads\/2022\/09\/7-2.png\" \/>\n\t<meta property=\"og:image:width\" content=\"669\" \/>\n\t<meta property=\"og:image:height\" content=\"446\" \/>\n\t<meta property=\"og:image:type\" content=\"image\/png\" \/>\n<meta name=\"twitter:card\" content=\"summary_large_image\" \/>\n<meta name=\"twitter:label1\" content=\"Becs\u00fclt olvas\u00e1si id\u0151\" \/>\n\t<meta name=\"twitter:data1\" content=\"2 perc\" \/>\n<script type=\"application\/ld+json\" class=\"yoast-schema-graph\">{\"@context\":\"https:\\\/\\\/schema.org\",\"@graph\":[{\"@type\":\"WebPage\",\"@id\":\"http:\\\/\\\/skyline-gs.com\\\/pl\\\/produkt\\\/swimming-with-whale-sharks-on-mafia-island-by-plane\\\/\",\"url\":\"http:\\\/\\\/skyline-gs.com\\\/pl\\\/produkt\\\/swimming-with-whale-sharks-on-mafia-island-by-plane\\\/\",\"name\":\"\u041f\u043b\u0430\u0432\u0430\u043d\u0438\u0435 \u0441 \u043a\u0438\u0442\u043e\u0432\u044b\u043c\u0438 \u0430\u043a\u0443\u043b\u0430\u043c\u0438 \u043d\u0430 \u043e\u0441\u0442\u0440\u043e\u0432\u0435 \u041c\u0430\u0444\u0438\u044f (\u043f\u0435\u0440\u0435\u043b\u0451\u0442 \u043d\u0430 \u0441\u0430\u043c\u043e\u043b\u0451\u0442\u0435) &#8226; \u042d\u043a\u0441\u043a\u0443\u0440\u0441\u0438\u0438 Skyline\",\"isPartOf\":{\"@id\":\"https:\\\/\\\/skyline-gs.com\\\/it\\\/#website\"},\"primaryImageOfPage\":{\"@id\":\"http:\\\/\\\/skyline-gs.com\\\/pl\\\/produkt\\\/swimming-with-whale-sharks-on-mafia-island-by-plane\\\/#primaryimage\"},\"image\":{\"@id\":\"http:\\\/\\\/skyline-gs.com\\\/pl\\\/produkt\\\/swimming-with-whale-sharks-on-mafia-island-by-plane\\\/#primaryimage\"},\"thumbnailUrl\":\"https:\\\/\\\/skyline-gs.com\\\/wp-content\\\/uploads\\\/2022\\\/09\\\/7-2.png\",\"datePublished\":\"2022-09-23T13:29:49+00:00\",\"dateModified\":\"2025-12-16T13:13:36+00:00\",\"breadcrumb\":{\"@id\":\"http:\\\/\\\/skyline-gs.com\\\/pl\\\/produkt\\\/swimming-with-whale-sharks-on-mafia-island-by-plane\\\/#breadcrumb\"},\"inLanguage\":\"hu\",\"potentialAction\":[{\"@type\":\"ReadAction\",\"target\":[\"http:\\\/\\\/skyline-gs.com\\\/pl\\\/produkt\\\/swimming-with-whale-sharks-on-mafia-island-by-plane\\\/\"]}]},{\"@type\":\"ImageObject\",\"inLanguage\":\"hu\",\"@id\":\"http:\\\/\\\/skyline-gs.com\\\/pl\\\/produkt\\\/swimming-with-whale-sharks-on-mafia-island-by-plane\\\/#primaryimage\",\"url\":\"https:\\\/\\\/skyline-gs.com\\\/wp-content\\\/uploads\\\/2022\\\/09\\\/7-2.png\",\"contentUrl\":\"https:\\\/\\\/skyline-gs.com\\\/wp-content\\\/uploads\\\/2022\\\/09\\\/7-2.png\",\"width\":669,\"height\":446},{\"@type\":\"BreadcrumbList\",\"@id\":\"http:\\\/\\\/skyline-gs.com\\\/pl\\\/produkt\\\/swimming-with-whale-sharks-on-mafia-island-by-plane\\\/#breadcrumb\",\"itemListElement\":[{\"@type\":\"ListItem\",\"position\":1,\"name\":\"\u0413\u043b\u0430\u0432\u043d\u0430\u044f \u0441\u0442\u0440\u0430\u043d\u0438\u0446\u0430\",\"item\":\"https:\\\/\\\/skyline-gs.com\\\/hu\\\/\"},{\"@type\":\"ListItem\",\"position\":2,\"name\":\"\u041c\u0430\u0433\u0430\u0437\u0438\u043d\",\"item\":\"https:\\\/\\\/skyline-gs.com\\\/cs\\\/shop\\\/\"},{\"@type\":\"ListItem\",\"position\":3,\"name\":\"\u041f\u043b\u0430\u0432\u0430\u043d\u0438\u0435 \u0441 \u043a\u0438\u0442\u043e\u0432\u044b\u043c\u0438 \u0430\u043a\u0443\u043b\u0430\u043c\u0438 \u043d\u0430 \u043e\u0441\u0442\u0440\u043e\u0432\u0435 \u041c\u0430\u0444\u0438\u044f (\u043f\u0435\u0440\u0435\u043b\u0451\u0442 \u043d\u0430 \u0441\u0430\u043c\u043e\u043b\u0451\u0442\u0435)\"}]},{\"@type\":\"WebSite\",\"@id\":\"https:\\\/\\\/skyline-gs.com\\\/it\\\/#website\",\"url\":\"https:\\\/\\\/skyline-gs.com\\\/it\\\/\",\"name\":\"\u042d\u043a\u0441\u043a\u0443\u0440\u0441\u0438\u0438 Skyline\",\"description\":\"\u042d\u043a\u0441\u043a\u043b\u044e\u0437\u0438\u0432\u043d\u044b\u0435 \u044d\u043a\u0441\u043a\u0443\u0440\u0441\u0438\u0438 \u043d\u0430 \u043b\u0443\u0447\u0448\u0438\u0445 \u043a\u0443\u0440\u043e\u0440\u0442\u0430\u0445 \u043c\u0438\u0440\u0430\",\"publisher\":{\"@id\":\"https:\\\/\\\/skyline-gs.com\\\/it\\\/#organization\"},\"alternateName\":\"Skyline\",\"potentialAction\":[{\"@type\":\"SearchAction\",\"target\":{\"@type\":\"EntryPoint\",\"urlTemplate\":\"https:\\\/\\\/skyline-gs.com\\\/it\\\/?s={search_term_string}\"},\"query-input\":{\"@type\":\"PropertyValueSpecification\",\"valueRequired\":true,\"valueName\":\"search_term_string\"}}],\"inLanguage\":\"hu\"},{\"@type\":\"Organization\",\"@id\":\"https:\\\/\\\/skyline-gs.com\\\/it\\\/#organization\",\"name\":\"\u042d\u043a\u0441\u043a\u0443\u0440\u0441\u0438\u0438 Skyline\",\"alternateName\":\"\u042d\u043a\u0441\u043a\u0443\u0440\u0441\u0438\u0438 Skyline\",\"url\":\"https:\\\/\\\/skyline-gs.com\\\/it\\\/\",\"logo\":{\"@type\":\"ImageObject\",\"inLanguage\":\"hu\",\"@id\":\"https:\\\/\\\/skyline-gs.com\\\/it\\\/#\\\/schema\\\/logo\\\/image\\\/\",\"url\":\"https:\\\/\\\/skyline-gs.com\\\/wp-content\\\/uploads\\\/2020\\\/12\\\/cropped-logo-2.png\",\"contentUrl\":\"https:\\\/\\\/skyline-gs.com\\\/wp-content\\\/uploads\\\/2020\\\/12\\\/cropped-logo-2.png\",\"width\":512,\"height\":512,\"caption\":\"\u042d\u043a\u0441\u043a\u0443\u0440\u0441\u0438\u0438 Skyline\"},\"image\":{\"@id\":\"https:\\\/\\\/skyline-gs.com\\\/it\\\/#\\\/schema\\\/logo\\\/image\\\/\"},\"sameAs\":[\"https:\\\/\\\/www.instagram.com\\\/skylineglobalservice\\\/\"]}]}<\/script>\n<!-- \/ Yoast SEO plugin. -->","yoast_head_json":{"title":"\u041f\u043b\u0430\u0432\u0430\u043d\u0438\u0435 \u0441 \u043a\u0438\u0442\u043e\u0432\u044b\u043c\u0438 \u0430\u043a\u0443\u043b\u0430\u043c\u0438 \u043d\u0430 \u043e\u0441\u0442\u0440\u043e\u0432\u0435 \u041c\u0430\u0444\u0438\u044f (\u043f\u0435\u0440\u0435\u043b\u0451\u0442 \u043d\u0430 \u0441\u0430\u043c\u043e\u043b\u0451\u0442\u0435) &#8226; \u042d\u043a\u0441\u043a\u0443\u0440\u0441\u0438\u0438 Skyline","robots":{"index":"index","follow":"follow","max-snippet":"max-snippet:-1","max-image-preview":"max-image-preview:large","max-video-preview":"max-video-preview:-1"},"canonical":"http:\/\/skyline-gs.com\/hu\/termek\/swimming-with-whale-sharks-on-mafia-island-by-plane\/","og_locale":"hu_HU","og_type":"article","og_title":"\u041f\u043b\u0430\u0432\u0430\u043d\u0438\u0435 \u0441 \u043a\u0438\u0442\u043e\u0432\u044b\u043c\u0438 \u0430\u043a\u0443\u043b\u0430\u043c\u0438 \u043d\u0430 \u043e\u0441\u0442\u0440\u043e\u0432\u0435 \u041c\u0430\u0444\u0438\u044f (\u043f\u0435\u0440\u0435\u043b\u0451\u0442 \u043d\u0430 \u0441\u0430\u043c\u043e\u043b\u0451\u0442\u0435) &#8226; \u042d\u043a\u0441\u043a\u0443\u0440\u0441\u0438\u0438 Skyline","og_description":"\u0412\u0440\u0435\u043c\u044f \u0442\u0443\u0440\u0430: 5:30 - 19:30  \u0414\u043d\u0438 \u043f\u0440\u043e\u0432\u0435\u0434\u0435\u043d\u0438\u044f: \u0435\u0436\u0435\u0434\u043d\u0435\u0432\u043d\u043e","og_url":"http:\/\/skyline-gs.com\/hu\/termek\/swimming-with-whale-sharks-on-mafia-island-by-plane\/","og_site_name":"\u042d\u043a\u0441\u043a\u0443\u0440\u0441\u0438\u0438 Skyline","article_modified_time":"2025-12-16T13:13:36+00:00","og_image":[{"width":669,"height":446,"url":"https:\/\/skyline-gs.com\/wp-content\/uploads\/2022\/09\/7-2.png","type":"image\/png"}],"twitter_card":"summary_large_image","twitter_misc":{"Becs\u00fclt olvas\u00e1si id\u0151":"2 perc"},"schema":{"@context":"https:\/\/schema.org","@graph":[{"@type":"WebPage","@id":"http:\/\/skyline-gs.com\/pl\/produkt\/swimming-with-whale-sharks-on-mafia-island-by-plane\/","url":"http:\/\/skyline-gs.com\/pl\/produkt\/swimming-with-whale-sharks-on-mafia-island-by-plane\/","name":"\u041f\u043b\u0430\u0432\u0430\u043d\u0438\u0435 \u0441 \u043a\u0438\u0442\u043e\u0432\u044b\u043c\u0438 \u0430\u043a\u0443\u043b\u0430\u043c\u0438 \u043d\u0430 \u043e\u0441\u0442\u0440\u043e\u0432\u0435 \u041c\u0430\u0444\u0438\u044f (\u043f\u0435\u0440\u0435\u043b\u0451\u0442 \u043d\u0430 \u0441\u0430\u043c\u043e\u043b\u0451\u0442\u0435) &#8226; \u042d\u043a\u0441\u043a\u0443\u0440\u0441\u0438\u0438 Skyline","isPartOf":{"@id":"https:\/\/skyline-gs.com\/it\/#website"},"primaryImageOfPage":{"@id":"http:\/\/skyline-gs.com\/pl\/produkt\/swimming-with-whale-sharks-on-mafia-island-by-plane\/#primaryimage"},"image":{"@id":"http:\/\/skyline-gs.com\/pl\/produkt\/swimming-with-whale-sharks-on-mafia-island-by-plane\/#primaryimage"},"thumbnailUrl":"https:\/\/skyline-gs.com\/wp-content\/uploads\/2022\/09\/7-2.png","datePublished":"2022-09-23T13:29:49+00:00","dateModified":"2025-12-16T13:13:36+00:00","breadcrumb":{"@id":"http:\/\/skyline-gs.com\/pl\/produkt\/swimming-with-whale-sharks-on-mafia-island-by-plane\/#breadcrumb"},"inLanguage":"hu","potentialAction":[{"@type":"ReadAction","target":["http:\/\/skyline-gs.com\/pl\/produkt\/swimming-with-whale-sharks-on-mafia-island-by-plane\/"]}]},{"@type":"ImageObject","inLanguage":"hu","@id":"http:\/\/skyline-gs.com\/pl\/produkt\/swimming-with-whale-sharks-on-mafia-island-by-plane\/#primaryimage","url":"https:\/\/skyline-gs.com\/wp-content\/uploads\/2022\/09\/7-2.png","contentUrl":"https:\/\/skyline-gs.com\/wp-content\/uploads\/2022\/09\/7-2.png","width":669,"height":446},{"@type":"BreadcrumbList","@id":"http:\/\/skyline-gs.com\/pl\/produkt\/swimming-with-whale-sharks-on-mafia-island-by-plane\/#breadcrumb","itemListElement":[{"@type":"ListItem","position":1,"name":"\u0413\u043b\u0430\u0432\u043d\u0430\u044f \u0441\u0442\u0440\u0430\u043d\u0438\u0446\u0430","item":"https:\/\/skyline-gs.com\/hu\/"},{"@type":"ListItem","position":2,"name":"\u041c\u0430\u0433\u0430\u0437\u0438\u043d","item":"https:\/\/skyline-gs.com\/cs\/shop\/"},{"@type":"ListItem","position":3,"name":"\u041f\u043b\u0430\u0432\u0430\u043d\u0438\u0435 \u0441 \u043a\u0438\u0442\u043e\u0432\u044b\u043c\u0438 \u0430\u043a\u0443\u043b\u0430\u043c\u0438 \u043d\u0430 \u043e\u0441\u0442\u0440\u043e\u0432\u0435 \u041c\u0430\u0444\u0438\u044f (\u043f\u0435\u0440\u0435\u043b\u0451\u0442 \u043d\u0430 \u0441\u0430\u043c\u043e\u043b\u0451\u0442\u0435)"}]},{"@type":"WebSite","@id":"https:\/\/skyline-gs.com\/it\/#website","url":"https:\/\/skyline-gs.com\/it\/","name":"Skyline T\u00far\u00e1k","description":"Exkluz\u00edv kir\u00e1ndul\u00e1sok a vil\u00e1g legjobb \u00fcd\u00fcl\u0151helyein","publisher":{"@id":"https:\/\/skyline-gs.com\/it\/#organization"},"alternateName":"Skyline","potentialAction":[{"@type":"SearchAction","target":{"@type":"EntryPoint","urlTemplate":"https:\/\/skyline-gs.com\/it\/?s={search_term_string}"},"query-input":{"@type":"PropertyValueSpecification","valueRequired":true,"valueName":"search_term_string"}}],"inLanguage":"hu"},{"@type":"Organization","@id":"https:\/\/skyline-gs.com\/it\/#organization","name":"Skyline T\u00far\u00e1k","alternateName":"\u042d\u043a\u0441\u043a\u0443\u0440\u0441\u0438\u0438 Skyline","url":"https:\/\/skyline-gs.com\/it\/","logo":{"@type":"ImageObject","inLanguage":"hu","@id":"https:\/\/skyline-gs.com\/it\/#\/schema\/logo\/image\/","url":"https:\/\/skyline-gs.com\/wp-content\/uploads\/2020\/12\/cropped-logo-2.png","contentUrl":"https:\/\/skyline-gs.com\/wp-content\/uploads\/2020\/12\/cropped-logo-2.png","width":512,"height":512,"caption":"\u042d\u043a\u0441\u043a\u0443\u0440\u0441\u0438\u0438 Skyline"},"image":{"@id":"https:\/\/skyline-gs.com\/it\/#\/schema\/logo\/image\/"},"sameAs":["https:\/\/www.instagram.com\/skylineglobalservice\/"]}]}},"_links":{"self":[{"href":"https:\/\/skyline-gs.com\/hu\/wp-json\/wp\/v2\/product\/19865","targetHints":{"allow":["GET"]}}],"collection":[{"href":"https:\/\/skyline-gs.com\/hu\/wp-json\/wp\/v2\/product"}],"about":[{"href":"https:\/\/skyline-gs.com\/hu\/wp-json\/wp\/v2\/types\/product"}],"version-history":[{"count":0,"href":"https:\/\/skyline-gs.com\/hu\/wp-json\/wp\/v2\/product\/19865\/revisions"}],"wp:featuredmedia":[{"embeddable":true,"href":"https:\/\/skyline-gs.com\/hu\/wp-json\/wp\/v2\/media\/19873"}],"wp:attachment":[{"href":"https:\/\/skyline-gs.com\/hu\/wp-json\/wp\/v2\/media?parent=19865"}],"wp:term":[{"taxonomy":"product_brand","embeddable":true,"href":"https:\/\/skyline-gs.com\/hu\/wp-json\/wp\/v2\/product_brand?post=19865"},{"taxonomy":"product_cat","embeddable":true,"href":"https:\/\/skyline-gs.com\/hu\/wp-json\/wp\/v2\/product_cat?post=19865"},{"taxonomy":"product_tag","embeddable":true,"href":"https:\/\/skyline-gs.com\/hu\/wp-json\/wp\/v2\/product_tag?post=19865"}],"curies":[{"name":"wp","href":"https:\/\/api.w.org\/{rel}","templated":true}]}}