{"id":18235,"date":"2021-01-16T18:59:08","date_gmt":"2021-01-16T15:59:08","guid":{"rendered":"http:\/\/zanzibar.skyline-gs.com\/?post_type=product&#038;p=18235"},"modified":"2023-10-04T18:09:37","modified_gmt":"2023-10-04T16:09:37","slug":"pelagic-catamaran-private-evening-cruise-zanzibar","status":"publish","type":"product","link":"https:\/\/skyline-gs.com\/hu\/product\/pelagic-catamaran-private-evening-cruise-zanzibar\/","title":{"rendered":"Szem\u00e9lyre szabott esti haj\u00f3k\u00e1z\u00e1s a Pelagic katamar\u00e1non"},"content":{"rendered":"<p>A romantikus naplement\u00e9s haj\u00f3k\u00e1z\u00e1s t\u00f6k\u00e9letes m\u00f3dja b\u00e1rmilyen k\u00fcl\u00f6nleges alkalom meg\u00fcnnepl\u00e9s\u00e9nek. Egy esti naplemente a Pelagic fed\u00e9lzet\u00e9n a t\u00f6k\u00e9letes nyaral\u00e1s. Az els\u00f6t\u00e9t\u00edtett kabin, az eleg\u00e1ns szalon, a teljesen felszerelt konyha, a h\u00e1rom k\u00e9t\u00e1gyas kabin, a stabil \u00e9s t\u00e1gas 38 l\u00e1bas katamar\u00e1n lehet\u0151v\u00e9 teszi a k\u00e9nyelmes pihen\u00e9st.<\/p>\n<p><strong>Mit tartalmaz:<\/strong><\/p>\n<ul>\n<li>Katamar\u00e1n b\u00e9rl\u00e9s;<\/li>\n<li>Katamar\u00e1n szem\u00e9lyzet,<\/li>\n<li>Horg\u00e1szfelszerel\u00e9s<\/li>\n<li>Snorkelling felszerel\u00e9s b\u00e9rl\u00e9se<\/li>\n<li>Tenger gy\u00fcm\u00f6lcsei \u00e9s el\u0151\u00e9telek b\u00fcf\u00e9je.<\/li>\n<li>\u00dcd\u00edt\u0151italok.<\/li>\n<\/ul>","protected":false},"excerpt":{"rendered":"<p><strong>A haj\u00f3\u00fat egy\u00e9nileg t\u00f6rt\u00e9nik. Az \u00e1r az eg\u00e9sz katamar\u00e1n b\u00e9rl\u00e9s\u00e9re vonatkozik.<\/strong><\/p>\n<p><strong>Kapacit\u00e1s: 12 f\u0151ig<\/strong><\/p>\n<p><strong>Id\u0151tartam: 3 \u00f3ra<\/strong><\/p>\n<p>K\u00e9rj\u00fck, hogy a t\u00far\u00e1t legal\u00e1bb 5 nappal a rendezv\u00e9ny napja el\u0151tt foglalja le.<\/p>","protected":false},"featured_media":25474,"template":"","meta":{"_kad_post_transparent":"default","_kad_post_title":"","_kad_post_layout":"default","_kad_post_sidebar_id":"","_kad_post_content_style":"default","_kad_post_vertical_padding":"default","_kad_post_feature":"","_kad_post_feature_position":"","_kad_post_header":false,"_kad_post_footer":false,"_kad_post_classname":"","_glsr_average":0,"_glsr_ranking":0,"_glsr_reviews":0},"product_brand":[],"product_cat":[471],"product_tag":[],"class_list":{"0":"post-18235","1":"product","2":"type-product","3":"status-publish","4":"has-post-thumbnail","6":"product_cat-yacht","7":"tm-no-options-pxq","9":"first","10":"instock","11":"sold-individually","12":"taxable","13":"shipping-taxable","14":"purchasable","15":"product-type-simple","16":"entry","17":"content-bg","18":"loop-entry"},"yoast_head":"<!-- This site is optimized with the Yoast SEO plugin v27.3 - https:\/\/yoast.com\/product\/yoast-seo-wordpress\/ -->\n<title>\u0418\u043d\u0434\u0438\u0432\u0438\u0434\u0443\u0430\u043b\u044c\u043d\u044b\u0439 \u0432\u0435\u0447\u0435\u0440\u043d\u0438\u0439 \u043a\u0440\u0443\u0438\u0437 \u043d\u0430 \u043a\u0430\u0442\u0430\u043c\u0430\u0440\u0430\u043d\u0435 Pelagic &#8226; \u042d\u043a\u0441\u043a\u0443\u0440\u0441\u0438\u0438 Skyline<\/title>\n<meta name=\"robots\" content=\"index, follow, max-snippet:-1, max-image-preview:large, max-video-preview:-1\" \/>\n<link rel=\"canonical\" href=\"http:\/\/skyline-gs.com\/hu\/termek\/pelagic-catamaran-private-evening-cruise-zanzibar\/\" \/>\n<meta property=\"og:locale\" content=\"hu_HU\" \/>\n<meta property=\"og:type\" content=\"article\" \/>\n<meta property=\"og:title\" content=\"\u0418\u043d\u0434\u0438\u0432\u0438\u0434\u0443\u0430\u043b\u044c\u043d\u044b\u0439 \u0432\u0435\u0447\u0435\u0440\u043d\u0438\u0439 \u043a\u0440\u0443\u0438\u0437 \u043d\u0430 \u043a\u0430\u0442\u0430\u043c\u0430\u0440\u0430\u043d\u0435 Pelagic &#8226; \u042d\u043a\u0441\u043a\u0443\u0440\u0441\u0438\u0438 Skyline\" \/>\n<meta property=\"og:description\" content=\"\u041a\u0440\u0443\u0438\u0437 \u043f\u0440\u043e\u0432\u043e\u0434\u0438\u0442\u0441\u044f \u0438\u043d\u0434\u0438\u0432\u0438\u0434\u0443\u0430\u043b\u044c\u043d\u043e. \u0426\u0435\u043d\u0430 \u0443\u043a\u0430\u0437\u0430\u043d\u043d\u0430 \u0437\u0430 \u0430\u0440\u0435\u043d\u0434\u0443 \u0432\u0441\u0435\u0433\u043e \u043a\u0430\u0442\u0430\u043c\u0430\u0440\u0430\u043d\u0430.  \u0412\u043c\u0435\u0441\u0442\u0438\u0442\u0435\u043b\u044c\u043d\u043e\u0441\u0442\u044c: \u0434\u043e 12-\u0442\u0438 \u0447\u0435\u043b\u043e\u0432\u0435\u043a  \u041f\u0440\u043e\u0434\u043e\u043b\u0436\u0438\u0442\u0435\u043b\u044c\u043d\u043e\u0441\u0442\u044c: 3 \u0447\u0430\u0441\u0430  \u041f\u0440\u043e\u0441\u044c\u0431\u0430 \u0431\u0440\u043e\u043d\u0438\u0440\u043e\u0432\u0430\u0442\u044c \u0442\u0443\u0440 \u043c\u0438\u043d\u0438\u043c\u0443\u043c \u0437\u0430 5 \u0434\u043d\u0435\u0439 \u0434\u043e \u0434\u043d\u044f \u043f\u0440\u043e\u0432\u0435\u0434\u0435\u043d\u0438\u044f\" \/>\n<meta property=\"og:url\" content=\"http:\/\/skyline-gs.com\/hu\/termek\/pelagic-catamaran-private-evening-cruise-zanzibar\/\" \/>\n<meta property=\"og:site_name\" content=\"\u042d\u043a\u0441\u043a\u0443\u0440\u0441\u0438\u0438 Skyline\" \/>\n<meta property=\"article:modified_time\" content=\"2023-10-04T16:09:37+00:00\" \/>\n<meta property=\"og:image\" content=\"https:\/\/skyline-gs.com\/wp-content\/uploads\/2021\/03\/Arenda-yaht-7-of-27.jpg\" \/>\n\t<meta property=\"og:image:width\" content=\"900\" \/>\n\t<meta property=\"og:image:height\" content=\"600\" \/>\n\t<meta property=\"og:image:type\" content=\"image\/jpeg\" \/>\n<meta name=\"twitter:card\" content=\"summary_large_image\" \/>\n<script type=\"application\/ld+json\" class=\"yoast-schema-graph\">{\"@context\":\"https:\\\/\\\/schema.org\",\"@graph\":[{\"@type\":\"WebPage\",\"@id\":\"http:\\\/\\\/skyline-gs.com\\\/cs\\\/produkt\\\/pelagic-catamaran-private-evening-cruise-zanzibar\\\/\",\"url\":\"http:\\\/\\\/skyline-gs.com\\\/cs\\\/produkt\\\/pelagic-catamaran-private-evening-cruise-zanzibar\\\/\",\"name\":\"\u0418\u043d\u0434\u0438\u0432\u0438\u0434\u0443\u0430\u043b\u044c\u043d\u044b\u0439 \u0432\u0435\u0447\u0435\u0440\u043d\u0438\u0439 \u043a\u0440\u0443\u0438\u0437 \u043d\u0430 \u043a\u0430\u0442\u0430\u043c\u0430\u0440\u0430\u043d\u0435 Pelagic &#8226; \u042d\u043a\u0441\u043a\u0443\u0440\u0441\u0438\u0438 Skyline\",\"isPartOf\":{\"@id\":\"https:\\\/\\\/skyline-gs.com\\\/it\\\/#website\"},\"primaryImageOfPage\":{\"@id\":\"http:\\\/\\\/skyline-gs.com\\\/cs\\\/produkt\\\/pelagic-catamaran-private-evening-cruise-zanzibar\\\/#primaryimage\"},\"image\":{\"@id\":\"http:\\\/\\\/skyline-gs.com\\\/cs\\\/produkt\\\/pelagic-catamaran-private-evening-cruise-zanzibar\\\/#primaryimage\"},\"thumbnailUrl\":\"https:\\\/\\\/skyline-gs.com\\\/wp-content\\\/uploads\\\/2021\\\/03\\\/Arenda-yaht-7-of-27.jpg\",\"datePublished\":\"2021-01-16T15:59:08+00:00\",\"dateModified\":\"2023-10-04T16:09:37+00:00\",\"breadcrumb\":{\"@id\":\"http:\\\/\\\/skyline-gs.com\\\/cs\\\/produkt\\\/pelagic-catamaran-private-evening-cruise-zanzibar\\\/#breadcrumb\"},\"inLanguage\":\"hu\",\"potentialAction\":[{\"@type\":\"ReadAction\",\"target\":[\"http:\\\/\\\/skyline-gs.com\\\/cs\\\/produkt\\\/pelagic-catamaran-private-evening-cruise-zanzibar\\\/\"]}]},{\"@type\":\"ImageObject\",\"inLanguage\":\"hu\",\"@id\":\"http:\\\/\\\/skyline-gs.com\\\/cs\\\/produkt\\\/pelagic-catamaran-private-evening-cruise-zanzibar\\\/#primaryimage\",\"url\":\"https:\\\/\\\/skyline-gs.com\\\/wp-content\\\/uploads\\\/2021\\\/03\\\/Arenda-yaht-7-of-27.jpg\",\"contentUrl\":\"https:\\\/\\\/skyline-gs.com\\\/wp-content\\\/uploads\\\/2021\\\/03\\\/Arenda-yaht-7-of-27.jpg\",\"width\":900,\"height\":600},{\"@type\":\"BreadcrumbList\",\"@id\":\"http:\\\/\\\/skyline-gs.com\\\/cs\\\/produkt\\\/pelagic-catamaran-private-evening-cruise-zanzibar\\\/#breadcrumb\",\"itemListElement\":[{\"@type\":\"ListItem\",\"position\":1,\"name\":\"\u0413\u043b\u0430\u0432\u043d\u0430\u044f \u0441\u0442\u0440\u0430\u043d\u0438\u0446\u0430\",\"item\":\"https:\\\/\\\/skyline-gs.com\\\/hu\\\/\"},{\"@type\":\"ListItem\",\"position\":2,\"name\":\"\u041c\u0430\u0433\u0430\u0437\u0438\u043d\",\"item\":\"https:\\\/\\\/skyline-gs.com\\\/cs\\\/shop\\\/\"},{\"@type\":\"ListItem\",\"position\":3,\"name\":\"\u0418\u043d\u0434\u0438\u0432\u0438\u0434\u0443\u0430\u043b\u044c\u043d\u044b\u0439 \u0432\u0435\u0447\u0435\u0440\u043d\u0438\u0439 \u043a\u0440\u0443\u0438\u0437 \u043d\u0430 \u043a\u0430\u0442\u0430\u043c\u0430\u0440\u0430\u043d\u0435 Pelagic\"}]},{\"@type\":\"WebSite\",\"@id\":\"https:\\\/\\\/skyline-gs.com\\\/it\\\/#website\",\"url\":\"https:\\\/\\\/skyline-gs.com\\\/it\\\/\",\"name\":\"\u042d\u043a\u0441\u043a\u0443\u0440\u0441\u0438\u0438 Skyline\",\"description\":\"\u042d\u043a\u0441\u043a\u043b\u044e\u0437\u0438\u0432\u043d\u044b\u0435 \u044d\u043a\u0441\u043a\u0443\u0440\u0441\u0438\u0438 \u043d\u0430 \u043b\u0443\u0447\u0448\u0438\u0445 \u043a\u0443\u0440\u043e\u0440\u0442\u0430\u0445 \u043c\u0438\u0440\u0430\",\"publisher\":{\"@id\":\"https:\\\/\\\/skyline-gs.com\\\/it\\\/#organization\"},\"alternateName\":\"Skyline\",\"potentialAction\":[{\"@type\":\"SearchAction\",\"target\":{\"@type\":\"EntryPoint\",\"urlTemplate\":\"https:\\\/\\\/skyline-gs.com\\\/it\\\/?s={search_term_string}\"},\"query-input\":{\"@type\":\"PropertyValueSpecification\",\"valueRequired\":true,\"valueName\":\"search_term_string\"}}],\"inLanguage\":\"hu\"},{\"@type\":\"Organization\",\"@id\":\"https:\\\/\\\/skyline-gs.com\\\/it\\\/#organization\",\"name\":\"\u042d\u043a\u0441\u043a\u0443\u0440\u0441\u0438\u0438 Skyline\",\"alternateName\":\"\u042d\u043a\u0441\u043a\u0443\u0440\u0441\u0438\u0438 Skyline\",\"url\":\"https:\\\/\\\/skyline-gs.com\\\/it\\\/\",\"logo\":{\"@type\":\"ImageObject\",\"inLanguage\":\"hu\",\"@id\":\"https:\\\/\\\/skyline-gs.com\\\/it\\\/#\\\/schema\\\/logo\\\/image\\\/\",\"url\":\"https:\\\/\\\/skyline-gs.com\\\/wp-content\\\/uploads\\\/2020\\\/12\\\/cropped-logo-2.png\",\"contentUrl\":\"https:\\\/\\\/skyline-gs.com\\\/wp-content\\\/uploads\\\/2020\\\/12\\\/cropped-logo-2.png\",\"width\":512,\"height\":512,\"caption\":\"\u042d\u043a\u0441\u043a\u0443\u0440\u0441\u0438\u0438 Skyline\"},\"image\":{\"@id\":\"https:\\\/\\\/skyline-gs.com\\\/it\\\/#\\\/schema\\\/logo\\\/image\\\/\"},\"sameAs\":[\"https:\\\/\\\/www.instagram.com\\\/skylineglobalservice\\\/\"]}]}<\/script>\n<!-- \/ Yoast SEO plugin. -->","yoast_head_json":{"title":"\u0418\u043d\u0434\u0438\u0432\u0438\u0434\u0443\u0430\u043b\u044c\u043d\u044b\u0439 \u0432\u0435\u0447\u0435\u0440\u043d\u0438\u0439 \u043a\u0440\u0443\u0438\u0437 \u043d\u0430 \u043a\u0430\u0442\u0430\u043c\u0430\u0440\u0430\u043d\u0435 Pelagic &#8226; \u042d\u043a\u0441\u043a\u0443\u0440\u0441\u0438\u0438 Skyline","robots":{"index":"index","follow":"follow","max-snippet":"max-snippet:-1","max-image-preview":"max-image-preview:large","max-video-preview":"max-video-preview:-1"},"canonical":"http:\/\/skyline-gs.com\/hu\/termek\/pelagic-catamaran-private-evening-cruise-zanzibar\/","og_locale":"hu_HU","og_type":"article","og_title":"\u0418\u043d\u0434\u0438\u0432\u0438\u0434\u0443\u0430\u043b\u044c\u043d\u044b\u0439 \u0432\u0435\u0447\u0435\u0440\u043d\u0438\u0439 \u043a\u0440\u0443\u0438\u0437 \u043d\u0430 \u043a\u0430\u0442\u0430\u043c\u0430\u0440\u0430\u043d\u0435 Pelagic &#8226; \u042d\u043a\u0441\u043a\u0443\u0440\u0441\u0438\u0438 Skyline","og_description":"\u041a\u0440\u0443\u0438\u0437 \u043f\u0440\u043e\u0432\u043e\u0434\u0438\u0442\u0441\u044f \u0438\u043d\u0434\u0438\u0432\u0438\u0434\u0443\u0430\u043b\u044c\u043d\u043e. \u0426\u0435\u043d\u0430 \u0443\u043a\u0430\u0437\u0430\u043d\u043d\u0430 \u0437\u0430 \u0430\u0440\u0435\u043d\u0434\u0443 \u0432\u0441\u0435\u0433\u043e \u043a\u0430\u0442\u0430\u043c\u0430\u0440\u0430\u043d\u0430.  \u0412\u043c\u0435\u0441\u0442\u0438\u0442\u0435\u043b\u044c\u043d\u043e\u0441\u0442\u044c: \u0434\u043e 12-\u0442\u0438 \u0447\u0435\u043b\u043e\u0432\u0435\u043a  \u041f\u0440\u043e\u0434\u043e\u043b\u0436\u0438\u0442\u0435\u043b\u044c\u043d\u043e\u0441\u0442\u044c: 3 \u0447\u0430\u0441\u0430  \u041f\u0440\u043e\u0441\u044c\u0431\u0430 \u0431\u0440\u043e\u043d\u0438\u0440\u043e\u0432\u0430\u0442\u044c \u0442\u0443\u0440 \u043c\u0438\u043d\u0438\u043c\u0443\u043c \u0437\u0430 5 \u0434\u043d\u0435\u0439 \u0434\u043e \u0434\u043d\u044f \u043f\u0440\u043e\u0432\u0435\u0434\u0435\u043d\u0438\u044f","og_url":"http:\/\/skyline-gs.com\/hu\/termek\/pelagic-catamaran-private-evening-cruise-zanzibar\/","og_site_name":"\u042d\u043a\u0441\u043a\u0443\u0440\u0441\u0438\u0438 Skyline","article_modified_time":"2023-10-04T16:09:37+00:00","og_image":[{"width":900,"height":600,"url":"https:\/\/skyline-gs.com\/wp-content\/uploads\/2021\/03\/Arenda-yaht-7-of-27.jpg","type":"image\/jpeg"}],"twitter_card":"summary_large_image","schema":{"@context":"https:\/\/schema.org","@graph":[{"@type":"WebPage","@id":"http:\/\/skyline-gs.com\/cs\/produkt\/pelagic-catamaran-private-evening-cruise-zanzibar\/","url":"http:\/\/skyline-gs.com\/cs\/produkt\/pelagic-catamaran-private-evening-cruise-zanzibar\/","name":"\u0418\u043d\u0434\u0438\u0432\u0438\u0434\u0443\u0430\u043b\u044c\u043d\u044b\u0439 \u0432\u0435\u0447\u0435\u0440\u043d\u0438\u0439 \u043a\u0440\u0443\u0438\u0437 \u043d\u0430 \u043a\u0430\u0442\u0430\u043c\u0430\u0440\u0430\u043d\u0435 Pelagic &#8226; \u042d\u043a\u0441\u043a\u0443\u0440\u0441\u0438\u0438 Skyline","isPartOf":{"@id":"https:\/\/skyline-gs.com\/it\/#website"},"primaryImageOfPage":{"@id":"http:\/\/skyline-gs.com\/cs\/produkt\/pelagic-catamaran-private-evening-cruise-zanzibar\/#primaryimage"},"image":{"@id":"http:\/\/skyline-gs.com\/cs\/produkt\/pelagic-catamaran-private-evening-cruise-zanzibar\/#primaryimage"},"thumbnailUrl":"https:\/\/skyline-gs.com\/wp-content\/uploads\/2021\/03\/Arenda-yaht-7-of-27.jpg","datePublished":"2021-01-16T15:59:08+00:00","dateModified":"2023-10-04T16:09:37+00:00","breadcrumb":{"@id":"http:\/\/skyline-gs.com\/cs\/produkt\/pelagic-catamaran-private-evening-cruise-zanzibar\/#breadcrumb"},"inLanguage":"hu","potentialAction":[{"@type":"ReadAction","target":["http:\/\/skyline-gs.com\/cs\/produkt\/pelagic-catamaran-private-evening-cruise-zanzibar\/"]}]},{"@type":"ImageObject","inLanguage":"hu","@id":"http:\/\/skyline-gs.com\/cs\/produkt\/pelagic-catamaran-private-evening-cruise-zanzibar\/#primaryimage","url":"https:\/\/skyline-gs.com\/wp-content\/uploads\/2021\/03\/Arenda-yaht-7-of-27.jpg","contentUrl":"https:\/\/skyline-gs.com\/wp-content\/uploads\/2021\/03\/Arenda-yaht-7-of-27.jpg","width":900,"height":600},{"@type":"BreadcrumbList","@id":"http:\/\/skyline-gs.com\/cs\/produkt\/pelagic-catamaran-private-evening-cruise-zanzibar\/#breadcrumb","itemListElement":[{"@type":"ListItem","position":1,"name":"\u0413\u043b\u0430\u0432\u043d\u0430\u044f \u0441\u0442\u0440\u0430\u043d\u0438\u0446\u0430","item":"https:\/\/skyline-gs.com\/hu\/"},{"@type":"ListItem","position":2,"name":"\u041c\u0430\u0433\u0430\u0437\u0438\u043d","item":"https:\/\/skyline-gs.com\/cs\/shop\/"},{"@type":"ListItem","position":3,"name":"\u0418\u043d\u0434\u0438\u0432\u0438\u0434\u0443\u0430\u043b\u044c\u043d\u044b\u0439 \u0432\u0435\u0447\u0435\u0440\u043d\u0438\u0439 \u043a\u0440\u0443\u0438\u0437 \u043d\u0430 \u043a\u0430\u0442\u0430\u043c\u0430\u0440\u0430\u043d\u0435 Pelagic"}]},{"@type":"WebSite","@id":"https:\/\/skyline-gs.com\/it\/#website","url":"https:\/\/skyline-gs.com\/it\/","name":"Skyline T\u00far\u00e1k","description":"Exkluz\u00edv kir\u00e1ndul\u00e1sok a vil\u00e1g legjobb \u00fcd\u00fcl\u0151helyein","publisher":{"@id":"https:\/\/skyline-gs.com\/it\/#organization"},"alternateName":"Skyline","potentialAction":[{"@type":"SearchAction","target":{"@type":"EntryPoint","urlTemplate":"https:\/\/skyline-gs.com\/it\/?s={search_term_string}"},"query-input":{"@type":"PropertyValueSpecification","valueRequired":true,"valueName":"search_term_string"}}],"inLanguage":"hu"},{"@type":"Organization","@id":"https:\/\/skyline-gs.com\/it\/#organization","name":"Skyline T\u00far\u00e1k","alternateName":"\u042d\u043a\u0441\u043a\u0443\u0440\u0441\u0438\u0438 Skyline","url":"https:\/\/skyline-gs.com\/it\/","logo":{"@type":"ImageObject","inLanguage":"hu","@id":"https:\/\/skyline-gs.com\/it\/#\/schema\/logo\/image\/","url":"https:\/\/skyline-gs.com\/wp-content\/uploads\/2020\/12\/cropped-logo-2.png","contentUrl":"https:\/\/skyline-gs.com\/wp-content\/uploads\/2020\/12\/cropped-logo-2.png","width":512,"height":512,"caption":"\u042d\u043a\u0441\u043a\u0443\u0440\u0441\u0438\u0438 Skyline"},"image":{"@id":"https:\/\/skyline-gs.com\/it\/#\/schema\/logo\/image\/"},"sameAs":["https:\/\/www.instagram.com\/skylineglobalservice\/"]}]}},"_links":{"self":[{"href":"https:\/\/skyline-gs.com\/hu\/wp-json\/wp\/v2\/product\/18235","targetHints":{"allow":["GET"]}}],"collection":[{"href":"https:\/\/skyline-gs.com\/hu\/wp-json\/wp\/v2\/product"}],"about":[{"href":"https:\/\/skyline-gs.com\/hu\/wp-json\/wp\/v2\/types\/product"}],"version-history":[{"count":0,"href":"https:\/\/skyline-gs.com\/hu\/wp-json\/wp\/v2\/product\/18235\/revisions"}],"wp:featuredmedia":[{"embeddable":true,"href":"https:\/\/skyline-gs.com\/hu\/wp-json\/wp\/v2\/media\/25474"}],"wp:attachment":[{"href":"https:\/\/skyline-gs.com\/hu\/wp-json\/wp\/v2\/media?parent=18235"}],"wp:term":[{"taxonomy":"product_brand","embeddable":true,"href":"https:\/\/skyline-gs.com\/hu\/wp-json\/wp\/v2\/product_brand?post=18235"},{"taxonomy":"product_cat","embeddable":true,"href":"https:\/\/skyline-gs.com\/hu\/wp-json\/wp\/v2\/product_cat?post=18235"},{"taxonomy":"product_tag","embeddable":true,"href":"https:\/\/skyline-gs.com\/hu\/wp-json\/wp\/v2\/product_tag?post=18235"}],"curies":[{"name":"wp","href":"https:\/\/api.w.org\/{rel}","templated":true}]}}