{"id":18200,"date":"2021-01-13T21:06:07","date_gmt":"2021-01-13T18:06:07","guid":{"rendered":"http:\/\/zanzibar.skyline-gs.com\/?post_type=product&amp;p=18200"},"modified":"2021-01-13T21:06:07","modified_gmt":"2021-01-13T18:06:07","slug":"stone-town-historical-tour-and-spice-farm-zanzibar","status":"publish","type":"product","link":"https:\/\/skyline-gs.com\/hu\/product\/stone-town-historical-tour-and-spice-farm-zanzibar\/","title":{"rendered":"Szem\u00e9lyre szabott t\u00f6rt\u00e9nelmi t\u00fara Stone Townba, a f\u0171szerfarmra \u00e9s a Maruhubi Palot\u00e1ba"},"content":{"rendered":"<p>A Stone Town (K\u0151v\u00e1ros) elnevez\u00e9s nem az eg\u00e9sz modern v\u00e1rosra vonatkozik, hanem csak annak r\u00e9gi t\u00f6rt\u00e9nelmi r\u00e9sz\u00e9re. \u00c9p\u00edt\u00e9szete a keleti st\u00edlus furcsa kever\u00e9ke eur\u00f3pai \u00e9s afrikai kieg\u00e9sz\u00edt\u00e9sekkel, ami a v\u00e1ros egyedi \u00edz\u00e9t adja. Stone Town a sziget kapuja, t\u00f6rt\u00e9nelmi k\u00f6zpontja \u00e9s egyben egyetlen igazi v\u00e1rosa. Itt 200 000 ember \u00e9l. Az itt tal\u00e1lhat\u00f3 egykor hal\u00e1szfalu kedvelt helye volt az Afrik\u00e1b\u00f3l \u00e9l\u0151 \u00e1rut export\u00e1l\u00f3 arab rabszolgakeresked\u0151knek, \u00e9s id\u0151vel a telep\u00fcl\u00e9s egyre n\u0151tt, k\u0151\u00e9p\u00fcletek jelentek meg benne: er\u0151d, gazdag keresked\u0151k h\u00e1zai, mecsetek. Azt\u00e1n Zanzib\u00e1rt Portug\u00e1lia gyarmatos\u00edtotta, \u00e9s k\u00e9t \u00e9vsz\u00e1zadon \u00e1t Stone Town az eur\u00f3paiak vezet\u00e9s\u00e9vel n\u00f6vekedett. De a 17. sz\u00e1zad v\u00e9g\u00e9re ism\u00e9t elkezdt\u00e9k akt\u00edvan kiszor\u00edtani az arabokat, fokozatosan Zanzib\u00e1r felett l\u00e9trehozt\u00e1k az om\u00e1ni szultan\u00e1tus uralm\u00e1t, majd k\u00e9s\u0151bb ebb\u0151l k\u00fcl\u00f6n - Zanzib\u00e1r - kiosztott\u00e1k. Azt\u00e1n, 1890-benm f\u00f6l\u00f6tte j\u00f6tt l\u00e9tre brit protektor\u00e1tus, amelyet csak 1964-ben t\u00e1vol\u00edtottak el. Nagyj\u00e1b\u00f3l ekkor kezdt\u00e9k a r\u00e9gi Zanzib\u00e1rt K\u0151v\u00e1rosnak nevezni, mivel a helyi falvakkal ellent\u00e9tben sok k\u0151\u00e9p\u00fcletet tartalmazott.<\/p>\n<p>A t\u00fara programja 8:00 \u00f3rakor kezd\u0151dik a Stone Town-i sz\u00e1llod\u00e1b\u00f3l val\u00f3 kijelentkez\u00e9ssel. T\u00fara Stone Townban, ahol megtekintheti: a rabszolga eml\u00e9km\u0171vet, a rabszolga-kereskedelmi teret, Freddie Mercury h\u00e1z\u00e1t, az anglik\u00e1n templomot, az \u00e9jszakai piacot, a Csod\u00e1k H\u00e1z\u00e1t \u00e9s m\u00e9g sok m\u00e1st. Eb\u00e9d \u00e9s a t\u00fara folytat\u00e1sa. L\u00e1togat\u00e1s a Maruhubi palota romjain\u00e1l. Ezut\u00e1n a f\u0171szerkertek megtekint\u00e9se. Gy\u00fcm\u00f6lcsk\u00f3stol\u00f3 \u00e9s lehet\u0151s\u00e9g a k\u00fcl\u00f6nb\u00f6z\u0151 friss f\u0171szerek megv\u00e1s\u00e1rl\u00e1s\u00e1ra. 17:00 \u00f3ra k\u00f6r\u00fcl visszat\u00e9r\u00e9s a sz\u00e1llod\u00e1ba.<\/p>\n<p><strong>Mit tartalmaz:<\/strong><\/p>\n<ul>\n<li>Transzfer a sz\u00e1llod\u00e1b\u00f3l \u00e9s vissza<\/li>\n<li>Magyarul besz\u00e9l\u0151 idegenvezet\u0151<\/li>\n<li>Eb\u00e9d<\/li>\n<li>Jegy az anglik\u00e1n katedr\u00e1lisba<\/li>\n<li>Egy jegy a Maruhubi romjaihoz<\/li>\n<li>Gy\u00fcm\u00f6lcsk\u00f3stol\u00e1s<\/li>\n<\/ul>\n<p><strong>K\u00fcl\u00f6n fizetend\u0151 (nem k\u00f6telez\u0151):<\/strong><\/p>\n<ul>\n<li>Freddie Mercury h\u00e1z\u00e1nak bej\u00e1rata a 10$.<\/li>\n<\/ul>","protected":false},"excerpt":{"rendered":"<p><strong>Kir\u00e1ndul\u00e1s Id\u0151pontja:\u00a0<\/strong>8:00 - 17:00<\/p>\n<p><strong>A Kir\u00e1ndul\u00e1s Napjai:\u00a0<\/strong>Naponta<\/p>","protected":false},"featured_media":18248,"template":"","meta":{"_kad_post_transparent":"default","_kad_post_title":"","_kad_post_layout":"default","_kad_post_sidebar_id":"","_kad_post_content_style":"default","_kad_post_vertical_padding":"default","_kad_post_feature":"","_kad_post_feature_position":"","_kad_post_header":false,"_kad_post_footer":false,"_kad_post_classname":"","_glsr_average":0,"_glsr_ranking":0,"_glsr_reviews":0},"product_brand":[],"product_cat":[470],"product_tag":[],"class_list":{"0":"post-18200","1":"product","2":"type-product","3":"status-publish","4":"has-post-thumbnail","6":"product_cat-individual","7":"tm-has-options","9":"first","10":"instock","11":"sold-individually","12":"taxable","13":"shipping-taxable","14":"purchasable","15":"product-type-simple","16":"entry","17":"content-bg","18":"loop-entry"},"yoast_head":"<!-- This site is optimized with the Yoast SEO plugin v27.3 - https:\/\/yoast.com\/product\/yoast-seo-wordpress\/ -->\n<title>\u0418\u043d\u0434\u0438\u0432\u0438\u0434\u0443\u0430\u043b\u044c\u043d\u044b\u0439 \u0438\u0441\u0442\u043e\u0440\u0438\u0447\u0435\u0441\u043a\u0438\u0439 \u0442\u0443\u0440 \u0432 \u0421\u0442\u043e\u0443\u043d \u0422\u0430\u0443\u043d, \u0444\u0435\u0440\u043c\u0430 \u0441\u043f\u0435\u0446\u0438\u0439 \u0438 \u0434\u0432\u043e\u0440\u0435\u0446 \u041c\u0430\u0440\u0443\u0445\u0443\u0431\u0438 &#8226; \u042d\u043a\u0441\u043a\u0443\u0440\u0441\u0438\u0438 Skyline<\/title>\n<meta name=\"robots\" content=\"index, follow, max-snippet:-1, max-image-preview:large, max-video-preview:-1\" \/>\n<link rel=\"canonical\" href=\"https:\/\/skyline-gs.com\/hu\/termek\/stone-town-historical-tour-and-spice-farm-zanzibar\/\" \/>\n<meta property=\"og:locale\" content=\"hu_HU\" \/>\n<meta property=\"og:type\" content=\"article\" \/>\n<meta property=\"og:title\" content=\"\u0418\u043d\u0434\u0438\u0432\u0438\u0434\u0443\u0430\u043b\u044c\u043d\u044b\u0439 \u0438\u0441\u0442\u043e\u0440\u0438\u0447\u0435\u0441\u043a\u0438\u0439 \u0442\u0443\u0440 \u0432 \u0421\u0442\u043e\u0443\u043d \u0422\u0430\u0443\u043d, \u0444\u0435\u0440\u043c\u0430 \u0441\u043f\u0435\u0446\u0438\u0439 \u0438 \u0434\u0432\u043e\u0440\u0435\u0446 \u041c\u0430\u0440\u0443\u0445\u0443\u0431\u0438 &#8226; \u042d\u043a\u0441\u043a\u0443\u0440\u0441\u0438\u0438 Skyline\" \/>\n<meta property=\"og:description\" content=\"\u0412\u0440\u0435\u043c\u044f \u0442\u0443\u0440\u0430:\u00a08:00 \u2014 17:00 \u0414\u043d\u0438 \u043f\u0440\u043e\u0432\u0435\u0434\u0435\u043d\u0438\u044f:\u00a0\u0435\u0436\u0435\u0434\u043d\u0435\u0432\u043d\u043e\" \/>\n<meta property=\"og:url\" content=\"https:\/\/skyline-gs.com\/hu\/termek\/stone-town-historical-tour-and-spice-farm-zanzibar\/\" \/>\n<meta property=\"og:site_name\" content=\"\u042d\u043a\u0441\u043a\u0443\u0440\u0441\u0438\u0438 Skyline\" \/>\n<meta property=\"og:image\" content=\"https:\/\/skyline-gs.com\/wp-content\/uploads\/2021\/01\/Stoun-taun-2-of-16-1.jpg\" \/>\n\t<meta property=\"og:image:width\" content=\"900\" \/>\n\t<meta property=\"og:image:height\" content=\"600\" \/>\n\t<meta property=\"og:image:type\" content=\"image\/jpeg\" \/>\n<meta name=\"twitter:card\" content=\"summary_large_image\" \/>\n<meta name=\"twitter:label1\" content=\"Becs\u00fclt olvas\u00e1si id\u0151\" \/>\n\t<meta name=\"twitter:data1\" content=\"2 perc\" \/>\n<script type=\"application\/ld+json\" class=\"yoast-schema-graph\">{\"@context\":\"https:\\\/\\\/schema.org\",\"@graph\":[{\"@type\":\"WebPage\",\"@id\":\"https:\\\/\\\/skyline-gs.com\\\/de\\\/produkt\\\/stone-town-historical-tour-and-spice-farm-zanzibar\\\/\",\"url\":\"https:\\\/\\\/skyline-gs.com\\\/de\\\/produkt\\\/stone-town-historical-tour-and-spice-farm-zanzibar\\\/\",\"name\":\"\u0418\u043d\u0434\u0438\u0432\u0438\u0434\u0443\u0430\u043b\u044c\u043d\u044b\u0439 \u0438\u0441\u0442\u043e\u0440\u0438\u0447\u0435\u0441\u043a\u0438\u0439 \u0442\u0443\u0440 \u0432 \u0421\u0442\u043e\u0443\u043d \u0422\u0430\u0443\u043d, \u0444\u0435\u0440\u043c\u0430 \u0441\u043f\u0435\u0446\u0438\u0439 \u0438 \u0434\u0432\u043e\u0440\u0435\u0446 \u041c\u0430\u0440\u0443\u0445\u0443\u0431\u0438 &#8226; \u042d\u043a\u0441\u043a\u0443\u0440\u0441\u0438\u0438 Skyline\",\"isPartOf\":{\"@id\":\"https:\\\/\\\/skyline-gs.com\\\/it\\\/#website\"},\"primaryImageOfPage\":{\"@id\":\"https:\\\/\\\/skyline-gs.com\\\/de\\\/produkt\\\/stone-town-historical-tour-and-spice-farm-zanzibar\\\/#primaryimage\"},\"image\":{\"@id\":\"https:\\\/\\\/skyline-gs.com\\\/de\\\/produkt\\\/stone-town-historical-tour-and-spice-farm-zanzibar\\\/#primaryimage\"},\"thumbnailUrl\":\"https:\\\/\\\/skyline-gs.com\\\/wp-content\\\/uploads\\\/2021\\\/01\\\/Stoun-taun-2-of-16-1.jpg\",\"datePublished\":\"2021-01-13T18:06:07+00:00\",\"breadcrumb\":{\"@id\":\"https:\\\/\\\/skyline-gs.com\\\/de\\\/produkt\\\/stone-town-historical-tour-and-spice-farm-zanzibar\\\/#breadcrumb\"},\"inLanguage\":\"hu\",\"potentialAction\":[{\"@type\":\"ReadAction\",\"target\":[\"https:\\\/\\\/skyline-gs.com\\\/de\\\/produkt\\\/stone-town-historical-tour-and-spice-farm-zanzibar\\\/\"]}]},{\"@type\":\"ImageObject\",\"inLanguage\":\"hu\",\"@id\":\"https:\\\/\\\/skyline-gs.com\\\/de\\\/produkt\\\/stone-town-historical-tour-and-spice-farm-zanzibar\\\/#primaryimage\",\"url\":\"https:\\\/\\\/skyline-gs.com\\\/wp-content\\\/uploads\\\/2021\\\/01\\\/Stoun-taun-2-of-16-1.jpg\",\"contentUrl\":\"https:\\\/\\\/skyline-gs.com\\\/wp-content\\\/uploads\\\/2021\\\/01\\\/Stoun-taun-2-of-16-1.jpg\",\"width\":900,\"height\":600},{\"@type\":\"BreadcrumbList\",\"@id\":\"https:\\\/\\\/skyline-gs.com\\\/de\\\/produkt\\\/stone-town-historical-tour-and-spice-farm-zanzibar\\\/#breadcrumb\",\"itemListElement\":[{\"@type\":\"ListItem\",\"position\":1,\"name\":\"\u0413\u043b\u0430\u0432\u043d\u0430\u044f \u0441\u0442\u0440\u0430\u043d\u0438\u0446\u0430\",\"item\":\"https:\\\/\\\/skyline-gs.com\\\/hu\\\/\"},{\"@type\":\"ListItem\",\"position\":2,\"name\":\"\u041c\u0430\u0433\u0430\u0437\u0438\u043d\",\"item\":\"https:\\\/\\\/skyline-gs.com\\\/cs\\\/shop\\\/\"},{\"@type\":\"ListItem\",\"position\":3,\"name\":\"\u0418\u043d\u0434\u0438\u0432\u0438\u0434\u0443\u0430\u043b\u044c\u043d\u044b\u0439 \u0438\u0441\u0442\u043e\u0440\u0438\u0447\u0435\u0441\u043a\u0438\u0439 \u0442\u0443\u0440 \u0432 \u0421\u0442\u043e\u0443\u043d \u0422\u0430\u0443\u043d, \u0444\u0435\u0440\u043c\u0430 \u0441\u043f\u0435\u0446\u0438\u0439 \u0438 \u0434\u0432\u043e\u0440\u0435\u0446 \u041c\u0430\u0440\u0443\u0445\u0443\u0431\u0438\"}]},{\"@type\":\"WebSite\",\"@id\":\"https:\\\/\\\/skyline-gs.com\\\/it\\\/#website\",\"url\":\"https:\\\/\\\/skyline-gs.com\\\/it\\\/\",\"name\":\"\u042d\u043a\u0441\u043a\u0443\u0440\u0441\u0438\u0438 Skyline\",\"description\":\"\u042d\u043a\u0441\u043a\u043b\u044e\u0437\u0438\u0432\u043d\u044b\u0435 \u044d\u043a\u0441\u043a\u0443\u0440\u0441\u0438\u0438 \u043d\u0430 \u043b\u0443\u0447\u0448\u0438\u0445 \u043a\u0443\u0440\u043e\u0440\u0442\u0430\u0445 \u043c\u0438\u0440\u0430\",\"publisher\":{\"@id\":\"https:\\\/\\\/skyline-gs.com\\\/it\\\/#organization\"},\"alternateName\":\"Skyline\",\"potentialAction\":[{\"@type\":\"SearchAction\",\"target\":{\"@type\":\"EntryPoint\",\"urlTemplate\":\"https:\\\/\\\/skyline-gs.com\\\/it\\\/?s={search_term_string}\"},\"query-input\":{\"@type\":\"PropertyValueSpecification\",\"valueRequired\":true,\"valueName\":\"search_term_string\"}}],\"inLanguage\":\"hu\"},{\"@type\":\"Organization\",\"@id\":\"https:\\\/\\\/skyline-gs.com\\\/it\\\/#organization\",\"name\":\"\u042d\u043a\u0441\u043a\u0443\u0440\u0441\u0438\u0438 Skyline\",\"alternateName\":\"\u042d\u043a\u0441\u043a\u0443\u0440\u0441\u0438\u0438 Skyline\",\"url\":\"https:\\\/\\\/skyline-gs.com\\\/it\\\/\",\"logo\":{\"@type\":\"ImageObject\",\"inLanguage\":\"hu\",\"@id\":\"https:\\\/\\\/skyline-gs.com\\\/it\\\/#\\\/schema\\\/logo\\\/image\\\/\",\"url\":\"https:\\\/\\\/skyline-gs.com\\\/wp-content\\\/uploads\\\/2020\\\/12\\\/cropped-logo-2.png\",\"contentUrl\":\"https:\\\/\\\/skyline-gs.com\\\/wp-content\\\/uploads\\\/2020\\\/12\\\/cropped-logo-2.png\",\"width\":512,\"height\":512,\"caption\":\"\u042d\u043a\u0441\u043a\u0443\u0440\u0441\u0438\u0438 Skyline\"},\"image\":{\"@id\":\"https:\\\/\\\/skyline-gs.com\\\/it\\\/#\\\/schema\\\/logo\\\/image\\\/\"},\"sameAs\":[\"https:\\\/\\\/www.instagram.com\\\/skylineglobalservice\\\/\"]}]}<\/script>\n<!-- \/ Yoast SEO plugin. -->","yoast_head_json":{"title":"\u0418\u043d\u0434\u0438\u0432\u0438\u0434\u0443\u0430\u043b\u044c\u043d\u044b\u0439 \u0438\u0441\u0442\u043e\u0440\u0438\u0447\u0435\u0441\u043a\u0438\u0439 \u0442\u0443\u0440 \u0432 \u0421\u0442\u043e\u0443\u043d \u0422\u0430\u0443\u043d, \u0444\u0435\u0440\u043c\u0430 \u0441\u043f\u0435\u0446\u0438\u0439 \u0438 \u0434\u0432\u043e\u0440\u0435\u0446 \u041c\u0430\u0440\u0443\u0445\u0443\u0431\u0438 &#8226; \u042d\u043a\u0441\u043a\u0443\u0440\u0441\u0438\u0438 Skyline","robots":{"index":"index","follow":"follow","max-snippet":"max-snippet:-1","max-image-preview":"max-image-preview:large","max-video-preview":"max-video-preview:-1"},"canonical":"https:\/\/skyline-gs.com\/hu\/termek\/stone-town-historical-tour-and-spice-farm-zanzibar\/","og_locale":"hu_HU","og_type":"article","og_title":"\u0418\u043d\u0434\u0438\u0432\u0438\u0434\u0443\u0430\u043b\u044c\u043d\u044b\u0439 \u0438\u0441\u0442\u043e\u0440\u0438\u0447\u0435\u0441\u043a\u0438\u0439 \u0442\u0443\u0440 \u0432 \u0421\u0442\u043e\u0443\u043d \u0422\u0430\u0443\u043d, \u0444\u0435\u0440\u043c\u0430 \u0441\u043f\u0435\u0446\u0438\u0439 \u0438 \u0434\u0432\u043e\u0440\u0435\u0446 \u041c\u0430\u0440\u0443\u0445\u0443\u0431\u0438 &#8226; \u042d\u043a\u0441\u043a\u0443\u0440\u0441\u0438\u0438 Skyline","og_description":"\u0412\u0440\u0435\u043c\u044f \u0442\u0443\u0440\u0430:\u00a08:00 \u2014 17:00 \u0414\u043d\u0438 \u043f\u0440\u043e\u0432\u0435\u0434\u0435\u043d\u0438\u044f:\u00a0\u0435\u0436\u0435\u0434\u043d\u0435\u0432\u043d\u043e","og_url":"https:\/\/skyline-gs.com\/hu\/termek\/stone-town-historical-tour-and-spice-farm-zanzibar\/","og_site_name":"\u042d\u043a\u0441\u043a\u0443\u0440\u0441\u0438\u0438 Skyline","og_image":[{"width":900,"height":600,"url":"https:\/\/skyline-gs.com\/wp-content\/uploads\/2021\/01\/Stoun-taun-2-of-16-1.jpg","type":"image\/jpeg"}],"twitter_card":"summary_large_image","twitter_misc":{"Becs\u00fclt olvas\u00e1si id\u0151":"2 perc"},"schema":{"@context":"https:\/\/schema.org","@graph":[{"@type":"WebPage","@id":"https:\/\/skyline-gs.com\/de\/produkt\/stone-town-historical-tour-and-spice-farm-zanzibar\/","url":"https:\/\/skyline-gs.com\/de\/produkt\/stone-town-historical-tour-and-spice-farm-zanzibar\/","name":"\u0418\u043d\u0434\u0438\u0432\u0438\u0434\u0443\u0430\u043b\u044c\u043d\u044b\u0439 \u0438\u0441\u0442\u043e\u0440\u0438\u0447\u0435\u0441\u043a\u0438\u0439 \u0442\u0443\u0440 \u0432 \u0421\u0442\u043e\u0443\u043d \u0422\u0430\u0443\u043d, \u0444\u0435\u0440\u043c\u0430 \u0441\u043f\u0435\u0446\u0438\u0439 \u0438 \u0434\u0432\u043e\u0440\u0435\u0446 \u041c\u0430\u0440\u0443\u0445\u0443\u0431\u0438 &#8226; \u042d\u043a\u0441\u043a\u0443\u0440\u0441\u0438\u0438 Skyline","isPartOf":{"@id":"https:\/\/skyline-gs.com\/it\/#website"},"primaryImageOfPage":{"@id":"https:\/\/skyline-gs.com\/de\/produkt\/stone-town-historical-tour-and-spice-farm-zanzibar\/#primaryimage"},"image":{"@id":"https:\/\/skyline-gs.com\/de\/produkt\/stone-town-historical-tour-and-spice-farm-zanzibar\/#primaryimage"},"thumbnailUrl":"https:\/\/skyline-gs.com\/wp-content\/uploads\/2021\/01\/Stoun-taun-2-of-16-1.jpg","datePublished":"2021-01-13T18:06:07+00:00","breadcrumb":{"@id":"https:\/\/skyline-gs.com\/de\/produkt\/stone-town-historical-tour-and-spice-farm-zanzibar\/#breadcrumb"},"inLanguage":"hu","potentialAction":[{"@type":"ReadAction","target":["https:\/\/skyline-gs.com\/de\/produkt\/stone-town-historical-tour-and-spice-farm-zanzibar\/"]}]},{"@type":"ImageObject","inLanguage":"hu","@id":"https:\/\/skyline-gs.com\/de\/produkt\/stone-town-historical-tour-and-spice-farm-zanzibar\/#primaryimage","url":"https:\/\/skyline-gs.com\/wp-content\/uploads\/2021\/01\/Stoun-taun-2-of-16-1.jpg","contentUrl":"https:\/\/skyline-gs.com\/wp-content\/uploads\/2021\/01\/Stoun-taun-2-of-16-1.jpg","width":900,"height":600},{"@type":"BreadcrumbList","@id":"https:\/\/skyline-gs.com\/de\/produkt\/stone-town-historical-tour-and-spice-farm-zanzibar\/#breadcrumb","itemListElement":[{"@type":"ListItem","position":1,"name":"\u0413\u043b\u0430\u0432\u043d\u0430\u044f \u0441\u0442\u0440\u0430\u043d\u0438\u0446\u0430","item":"https:\/\/skyline-gs.com\/hu\/"},{"@type":"ListItem","position":2,"name":"\u041c\u0430\u0433\u0430\u0437\u0438\u043d","item":"https:\/\/skyline-gs.com\/cs\/shop\/"},{"@type":"ListItem","position":3,"name":"\u0418\u043d\u0434\u0438\u0432\u0438\u0434\u0443\u0430\u043b\u044c\u043d\u044b\u0439 \u0438\u0441\u0442\u043e\u0440\u0438\u0447\u0435\u0441\u043a\u0438\u0439 \u0442\u0443\u0440 \u0432 \u0421\u0442\u043e\u0443\u043d \u0422\u0430\u0443\u043d, \u0444\u0435\u0440\u043c\u0430 \u0441\u043f\u0435\u0446\u0438\u0439 \u0438 \u0434\u0432\u043e\u0440\u0435\u0446 \u041c\u0430\u0440\u0443\u0445\u0443\u0431\u0438"}]},{"@type":"WebSite","@id":"https:\/\/skyline-gs.com\/it\/#website","url":"https:\/\/skyline-gs.com\/it\/","name":"Skyline T\u00far\u00e1k","description":"Exkluz\u00edv kir\u00e1ndul\u00e1sok a vil\u00e1g legjobb \u00fcd\u00fcl\u0151helyein","publisher":{"@id":"https:\/\/skyline-gs.com\/it\/#organization"},"alternateName":"Skyline","potentialAction":[{"@type":"SearchAction","target":{"@type":"EntryPoint","urlTemplate":"https:\/\/skyline-gs.com\/it\/?s={search_term_string}"},"query-input":{"@type":"PropertyValueSpecification","valueRequired":true,"valueName":"search_term_string"}}],"inLanguage":"hu"},{"@type":"Organization","@id":"https:\/\/skyline-gs.com\/it\/#organization","name":"Skyline T\u00far\u00e1k","alternateName":"\u042d\u043a\u0441\u043a\u0443\u0440\u0441\u0438\u0438 Skyline","url":"https:\/\/skyline-gs.com\/it\/","logo":{"@type":"ImageObject","inLanguage":"hu","@id":"https:\/\/skyline-gs.com\/it\/#\/schema\/logo\/image\/","url":"https:\/\/skyline-gs.com\/wp-content\/uploads\/2020\/12\/cropped-logo-2.png","contentUrl":"https:\/\/skyline-gs.com\/wp-content\/uploads\/2020\/12\/cropped-logo-2.png","width":512,"height":512,"caption":"\u042d\u043a\u0441\u043a\u0443\u0440\u0441\u0438\u0438 Skyline"},"image":{"@id":"https:\/\/skyline-gs.com\/it\/#\/schema\/logo\/image\/"},"sameAs":["https:\/\/www.instagram.com\/skylineglobalservice\/"]}]}},"_links":{"self":[{"href":"https:\/\/skyline-gs.com\/hu\/wp-json\/wp\/v2\/product\/18200","targetHints":{"allow":["GET"]}}],"collection":[{"href":"https:\/\/skyline-gs.com\/hu\/wp-json\/wp\/v2\/product"}],"about":[{"href":"https:\/\/skyline-gs.com\/hu\/wp-json\/wp\/v2\/types\/product"}],"version-history":[{"count":0,"href":"https:\/\/skyline-gs.com\/hu\/wp-json\/wp\/v2\/product\/18200\/revisions"}],"wp:featuredmedia":[{"embeddable":true,"href":"https:\/\/skyline-gs.com\/hu\/wp-json\/wp\/v2\/media\/18248"}],"wp:attachment":[{"href":"https:\/\/skyline-gs.com\/hu\/wp-json\/wp\/v2\/media?parent=18200"}],"wp:term":[{"taxonomy":"product_brand","embeddable":true,"href":"https:\/\/skyline-gs.com\/hu\/wp-json\/wp\/v2\/product_brand?post=18200"},{"taxonomy":"product_cat","embeddable":true,"href":"https:\/\/skyline-gs.com\/hu\/wp-json\/wp\/v2\/product_cat?post=18200"},{"taxonomy":"product_tag","embeddable":true,"href":"https:\/\/skyline-gs.com\/hu\/wp-json\/wp\/v2\/product_tag?post=18200"}],"curies":[{"name":"wp","href":"https:\/\/api.w.org\/{rel}","templated":true}]}}