{"id":18044,"date":"2021-01-05T12:19:04","date_gmt":"2021-01-05T09:19:04","guid":{"rendered":"http:\/\/zanzibar.skyline-gs.com\/?post_type=product&#038;p=18044"},"modified":"2026-05-02T10:56:50","modified_gmt":"2026-05-02T08:56:50","slug":"v-kratere-vulkana-i-kilimandzharo-2","status":"publish","type":"product","link":"https:\/\/skyline-gs.com\/hu\/product\/v-kratere-vulkana-i-kilimandzharo\/","title":{"rendered":"Tarangire, Ngorongoro, Kilimandzs\u00e1r\u00f3 \u00e9s Chaga t\u00f6rzs (3 nap)"},"content":{"rendered":"<p>Arr\u00f3l \u00e1lmodsz, hogy meg\u00e9rintsd a vadont, megn\u00e9zd Tanz\u00e1nia legikonikusabb helyeit \u00e9s megismerd az \u0151si t\u00f6rzsek kult\u00far\u00e1j\u00e1t? Ez a t\u00fara a t\u00f6k\u00e9letes v\u00e1laszt\u00e1s! H\u00e1rom nap alatt felfedezheti az afrikai t\u00e1jak soksz\u00edn\u0171s\u00e9g\u00e9t a szavann\u00e1kt\u00f3l a hegyi erd\u0151kig, ritka \u00e1llatokat l\u00e1that term\u00e9szetes \u00e9l\u0151hely\u00fck\u00f6n, \u00e9s megismerkedhet a masz\u00e1j \u00e9s a csaga hagyom\u00e1nyokkal.<\/p>\n<ul>\n<li><strong>A tapasztalatok sokf\u00e9les\u00e9ge<\/strong>: Tanz\u00e1nia legf\u0151bb term\u00e9szeti kincseit l\u00e1thatja, a Tarangire hatalmas elef\u00e1ntcsord\u00e1it\u00f3l a Ngorongoro-kr\u00e1ter r\u00f3zsasz\u00edn flaming\u00f3ihoz.<\/li>\n<li><strong>Kultur\u00e1lis mer\u00edt\u00e9s<\/strong>: a masz\u00e1j \u00e9s a csaga t\u00f6rzsekkel val\u00f3 \u00e9l\u0151 interakci\u00f3 olyan egyed\u00fcl\u00e1ll\u00f3 \u00e9lm\u00e9nyt ny\u00fajt, amelyet a hagyom\u00e1nyos t\u00far\u00e1kon nem tal\u00e1l.<\/li>\n<li><strong>A pihen\u00e9s \u00e9s a kaland t\u00f6k\u00e9letes egyens\u00falya<\/strong>: A t\u00f6m\u00f6tt programban szafarik \u00e9s egy k\u00f6nny\u0171 t\u00fara is szerepel a Kilimandzs\u00e1r\u00f3 z\u00f6ld \u00f6sv\u00e9nyein, ahonnan kil\u00e1t\u00e1s ny\u00edlik a Materuni-v\u00edzes\u00e9sre.<\/li>\n<li><strong>K\u00e9nyelem \u00e9s szervezetts\u00e9g<\/strong>Minden rep\u00fcl\u0151jegyet, transzfert, \u00e9tkez\u00e9st \u00e9s sz\u00e1ll\u00e1st tartalmaz. \u00d6nnek csak annyit kell tennie, hogy \u00e9lvezze az utaz\u00e1st.<\/li>\n<\/ul>\n<h4><strong>1. nap: Tarangire Nemzeti Park \u00e9s masz\u00e1j falu<\/strong><\/h4>\n<p>Reggel 5:00-kor kijelentkez\u00e9s a sz\u00e1llod\u00e1b\u00f3l, \u00e9s a kaland a tanz\u00e1niai sz\u00e1razf\u00f6ldre tart\u00f3 rep\u00fcl\u0151j\u00e1rattal kezd\u0151dik. A program els\u0151 pontja a Tarangire Nemzeti Park, amely elef\u00e1ntcsord\u00e1ir\u00f3l \u00e9s csod\u00e1latos baobabjair\u00f3l h\u00edres. Zsir\u00e1fokat, oroszl\u00e1nokat, antilopokat \u00e9s m\u00e1s \u00e1llatokat l\u00e1that term\u00e9szetes k\u00f6rnyezet\u00fckben.<\/p>\n<p>D\u00e9lut\u00e1n \u00e9lvezze a piknikeb\u00e9det, majd a szafari este folytat\u00f3dik. A napot egy masz\u00e1j falu megl\u00e1togat\u00e1s\u00e1val z\u00e1rjuk, ahol megismerkedhet\u00fcnk ennek a csod\u00e1latos n\u00e9pnek az \u0151si hagyom\u00e1nyaival, r\u00edtusaival \u00e9s \u00e9let\u00e9vel. Az \u00e9jszakai sz\u00e1ll\u00e1s a sz\u00e1llod\u00e1ban biztos\u00edtja a k\u00e9nyelmes pihen\u00e9st.<\/p>\n<h4><strong>2. nap: Ngorongoro kr\u00e1ter<\/strong><\/h4>\n<p>A m\u00e1sodik napon egy egyed\u00fcl\u00e1ll\u00f3 rezerv\u00e1tumba utazik - a Ngorongoro-kr\u00e1terbe, amelyet gyakran a \"vil\u00e1g nyolcadik csod\u00e1jak\u00e9nt\" emlegetnek. Itt a vadvil\u00e1g szerelmeseinek igazi paradicsom\u00e1ban tal\u00e1lja mag\u00e1t. Fekete orrszarv\u00faak, v\u00edzilovak, oroszl\u00e1nok, gep\u00e1rdok, hi\u00e9n\u00e1k \u00e9s flaming\u00f3rajok - mindet egy helyen l\u00e1thatod.<\/p>\n<p>Az eb\u00e9dre a leny\u0171g\u00f6z\u0151 t\u00e1j h\u00e1tter\u00e9ben ker\u00fcl sor, az est\u00e9t pedig Moshi v\u00e1ros\u00e1ba val\u00f3 transzferrel z\u00e1rjuk, ahol az \u00e9jszak\u00e1t egy hangulatos sz\u00e1llod\u00e1ban t\u00f6ltj\u00fck.<\/p>\n<h4><strong>3. nap: Kilimandzs\u00e1r\u00f3 \u00e9s Chaga kult\u00fara<\/strong><\/h4>\n<p>Kezdje a napot a Kilimandzs\u00e1r\u00f3ra, Afrika legmagasabb hegy\u00e9re ny\u00edl\u00f3 l\u00e9legzetel\u00e1ll\u00edt\u00f3 kil\u00e1t\u00e1ssal. Reggel k\u00f6nny\u0171 t\u00far\u00e1t tesz a hegy els\u0151 szintj\u00e9n l\u00e9v\u0151 z\u00f6ld erd\u0151k\u00f6n kereszt\u00fcl. \u00c9lvezheti a tiszta leveg\u0151t, megismerheti a helyi n\u00f6v\u00e9ny- \u00e9s \u00e1llatvil\u00e1got, \u00e9s megl\u00e1togathatja a Materuni v\u00edzes\u00e9st, amely egy igazi term\u00e9szeti kincs.<\/p>\n<p>A s\u00e9ta ut\u00e1n a k\u00e1v\u00e9\u00fcltetv\u00e9nyekre l\u00e1togatunk el, ahol megismerhetj\u00fck a k\u00e1v\u00e9termeszt\u00e9s titkait, \u00e9s megk\u00f3stolhatjuk a legjobb friss k\u00e1v\u00e9t. A nap utols\u00f3 r\u00e9sz\u00e9ben a chagai t\u00f6rzs konyh\u00e1j\u00e1val ismerkednek meg - megk\u00f3stolhatj\u00e1k az \u0151si receptek alapj\u00e1n k\u00e9sz\u00edtett hagyom\u00e1nyos \u00e9teleket.<\/p>\n<p>Este visszautaz\u00e1s Zanzib\u00e1rra.<\/p>\n<p><strong>Tartalmazza:<\/strong><\/p>\n<ul>\n<li>Zanzib\u00e1r-Arusha-Zanzib\u00e1r j\u00e1rat<\/li>\n<li>Minden \u00fatk\u00f6zbeni transzfer<\/li>\n<li>Tal\u00e1lkoz\u00e1s a csoporttal a rep\u00fcl\u0151t\u00e9ren<\/li>\n<li>Sz\u00e1ll\u00e1s sz\u00e1llod\u00e1kban \u00e9s sz\u00e1ll\u00e1sokban a program szerint<\/li>\n<li>Napi h\u00e1romszori \u00e9tkez\u00e9s a szafarin<\/li>\n<li>Palackozott v\u00edz \u00e9s \u00fcd\u00edt\u0151italok fogyaszt\u00e1sa a t\u00fara sor\u00e1n<\/li>\n<li>Orvosi csomag<\/li>\n<li>Szakk\u00e9pzett erd\u0151j\u00e1r\u00f3 idegenvezet\u0151 k\u00eds\u00e9ret\u00e9ben<\/li>\n<li>Szafari \u00e9s kir\u00e1ndul\u00e1sok a program szerint 4*4 n\u00e9gyker\u00e9k-meghajt\u00e1s\u00fa szafari dzsippel<\/li>\n<li>A Kilimandzs\u00e1r\u00f3 els\u0151 szintj\u00e9nek megm\u00e1sz\u00e1sa<\/li>\n<li>Nemzeti parkok bel\u00e9p\u0151d\u00edjai<\/li>\n<\/ul>\n<p><strong>L\u00e9nyeges:<\/strong><\/p>\n<ul>\n<li>\u00datlev\u00e9l. B\u00e1r Zanzib\u00e1r Tanz\u00e1nia r\u00e9sze, a rep\u00fcl\u0151t\u00e9ren mindannyian \u00e1tmegy\u00fcnk az \u00fatlev\u00e9l-ellen\u0151rz\u00e9sen.<\/li>\n<li>K\u00e9nyelmes cip\u0151 \u00e9s ruh\u00e1zat. \u041b<span class=\"fontstyle0\">k\u00f6nny\u0171 nadr\u00e1g, hossz\u00fa ujj\u00fa ing, p\u00f3l\u00f3, szem\u00e9lyes t\u00e1rgyak (5 kg-ig)<\/span><\/li>\n<li>Kab\u00e1t, es\u0151 vagy h\u0171v\u00f6s est\u00e9k eset\u00e9n<\/li>\n<li>Fot\u00f3-vide\u00f3 felszerel\u00e9s. J\u00f3 el\u0151re t\u00f6ltse fel eszk\u00f6zeit<\/li>\n<li>V\u00e1ltsd \u00e1t a p\u00e9nzed kis c\u00edmletekre. Ezek hasznosak az aj\u00e1nd\u00e9kt\u00e1rgyakra \u00e9s a borraval\u00f3ra a park\u0151r\u00f6knek. Aj\u00e1nlott borraval\u00f3 5$ szem\u00e9lyenk\u00e9nt<\/li>\n<li>Reggeli harapnival\u00f3 (az hotel recepci\u00f3j\u00e1n jelezze, hogy kor\u00e1n reggel indul egy kir\u00e1ndul\u00e1sra, \u00e9s k\u00e9sz\u00edtsenek \u00d6nnek egy eb\u00e9dcsomagot, a sz\u00e1llod\u00e1k ezt a szolg\u00e1ltat\u00e1st ingyen biztos\u00edtj\u00e1k);<\/li>\n<li><span class=\"fontstyle0\">Napszem\u00fcveg \u00e9s panama, naptej<\/span><\/li>\n<li><span class=\"fontstyle0\">Szem\u00e9lyi higi\u00e9niai term\u00e9kek, szem\u00e9lyes els\u0151seg\u00e9lycsomag<\/span><\/li>\n<li><span class=\"fontstyle0\">K\u00e9zfert\u0151tlen\u00edt\u0151 g\u00e9l<\/span><\/li>\n<\/ul>\n<p><strong>Foglal\u00e1si felt\u00e9telek:<\/strong><\/p>\n<ul>\n<li>El\u0151legfizet\u00e9s 30% (az el\u0151leg k\u00e9szp\u00e9nzzel vagy bankk\u00e1rty\u00e1val fizethet\u0151). <strong>Az el\u0151leg nem visszat\u00e9r\u00edtend\u0151.<\/strong><\/li>\n<\/ul>","protected":false},"excerpt":{"rendered":"<p><strong>Kir\u00e1ndul\u00e1s Id\u0151pontja:<\/strong> 3 nap<\/p>\n<p><strong>A Kir\u00e1ndul\u00e1s Napjai:<\/strong> Naponta<\/p>","protected":false},"featured_media":18045,"template":"","meta":{"_kad_post_transparent":"default","_kad_post_title":"","_kad_post_layout":"default","_kad_post_sidebar_id":"","_kad_post_content_style":"default","_kad_post_vertical_padding":"default","_kad_post_feature":"","_kad_post_feature_position":"","_kad_post_header":false,"_kad_post_footer":false,"_kad_post_classname":"","_glsr_average":0,"_glsr_ranking":0,"_glsr_reviews":0},"product_brand":[],"product_cat":[468,469],"product_tag":[],"class_list":{"0":"post-18044","1":"product","2":"type-product","3":"status-publish","4":"has-post-thumbnail","6":"product_cat-zanzibar-safari","7":"product_cat-tours","8":"tm-has-options","10":"first","11":"instock","12":"sold-individually","13":"taxable","14":"shipping-taxable","15":"purchasable","16":"product-type-simple","17":"entry","18":"content-bg","19":"loop-entry"},"yoast_head":"<!-- This site is optimized with the Yoast SEO plugin v27.5 - https:\/\/yoast.com\/product\/yoast-seo-wordpress\/ -->\n<title>\u0422\u0430\u0440\u0430\u043d\u0433\u0438\u0440\u0435, \u041d\u0433\u043e\u0440\u043e\u043d\u0433\u043e\u0440\u043e, \u041a\u0438\u043b\u0438\u043c\u0430\u043d\u0434\u0436\u0430\u0440\u043e \u0438 \u043f\u043b\u0435\u043c\u044f \u0427\u0430\u0433\u0430 (3 \u0434\u043d\u044f) &#8226; \u042d\u043a\u0441\u043a\u0443\u0440\u0441\u0438\u0438 Skyline<\/title>\n<meta name=\"robots\" content=\"index, follow, max-snippet:-1, max-image-preview:large, max-video-preview:-1\" \/>\n<link rel=\"canonical\" href=\"https:\/\/skyline-gs.com\/hu\/termek\/v-kratere-vulkana-i-kilimandzharo-2\/\" \/>\n<meta property=\"og:locale\" content=\"hu_HU\" \/>\n<meta property=\"og:type\" content=\"article\" \/>\n<meta property=\"og:title\" content=\"\u0422\u0430\u0440\u0430\u043d\u0433\u0438\u0440\u0435, \u041d\u0433\u043e\u0440\u043e\u043d\u0433\u043e\u0440\u043e, \u041a\u0438\u043b\u0438\u043c\u0430\u043d\u0434\u0436\u0430\u0440\u043e \u0438 \u043f\u043b\u0435\u043c\u044f \u0427\u0430\u0433\u0430 (3 \u0434\u043d\u044f) &#8226; \u042d\u043a\u0441\u043a\u0443\u0440\u0441\u0438\u0438 Skyline\" \/>\n<meta property=\"og:description\" content=\"\u0412\u0440\u0435\u043c\u044f \u0442\u0443\u0440\u0430: 3 \u0434\u043d\u044f  \u0414\u043d\u0438 \u043f\u0440\u043e\u0432\u0435\u0434\u0435\u043d\u0438\u044f: \u0435\u0436\u0435\u0434\u043d\u0435\u0432\u043d\u043e\" \/>\n<meta property=\"og:url\" content=\"https:\/\/skyline-gs.com\/hu\/termek\/v-kratere-vulkana-i-kilimandzharo-2\/\" \/>\n<meta property=\"og:site_name\" content=\"\u042d\u043a\u0441\u043a\u0443\u0440\u0441\u0438\u0438 Skyline\" \/>\n<meta property=\"article:modified_time\" content=\"2026-05-02T08:56:50+00:00\" \/>\n<meta property=\"og:image\" content=\"https:\/\/skyline-gs.com\/wp-content\/uploads\/2021\/01\/Kilimandzharo-e1609839107975.jpg\" \/>\n\t<meta property=\"og:image:width\" content=\"900\" \/>\n\t<meta property=\"og:image:height\" content=\"600\" \/>\n\t<meta property=\"og:image:type\" content=\"image\/jpeg\" \/>\n<meta name=\"twitter:card\" content=\"summary_large_image\" \/>\n<meta name=\"twitter:label1\" content=\"Becs\u00fclt olvas\u00e1si id\u0151\" \/>\n\t<meta name=\"twitter:data1\" content=\"4 perc\" \/>\n<script type=\"application\/ld+json\" class=\"yoast-schema-graph\">{\"@context\":\"https:\\\/\\\/schema.org\",\"@graph\":[{\"@type\":\"WebPage\",\"@id\":\"https:\\\/\\\/skyline-gs.com\\\/product\\\/v-kratere-vulkana-i-kilimandzharo\\\/\",\"url\":\"https:\\\/\\\/skyline-gs.com\\\/product\\\/v-kratere-vulkana-i-kilimandzharo\\\/\",\"name\":\"\u0422\u0430\u0440\u0430\u043d\u0433\u0438\u0440\u0435, \u041d\u0433\u043e\u0440\u043e\u043d\u0433\u043e\u0440\u043e, \u041a\u0438\u043b\u0438\u043c\u0430\u043d\u0434\u0436\u0430\u0440\u043e \u0438 \u043f\u043b\u0435\u043c\u044f \u0427\u0430\u0433\u0430 (3 \u0434\u043d\u044f) &#8226; \u042d\u043a\u0441\u043a\u0443\u0440\u0441\u0438\u0438 Skyline\",\"isPartOf\":{\"@id\":\"https:\\\/\\\/skyline-gs.com\\\/it\\\/#website\"},\"primaryImageOfPage\":{\"@id\":\"https:\\\/\\\/skyline-gs.com\\\/product\\\/v-kratere-vulkana-i-kilimandzharo\\\/#primaryimage\"},\"image\":{\"@id\":\"https:\\\/\\\/skyline-gs.com\\\/product\\\/v-kratere-vulkana-i-kilimandzharo\\\/#primaryimage\"},\"thumbnailUrl\":\"https:\\\/\\\/skyline-gs.com\\\/wp-content\\\/uploads\\\/2021\\\/01\\\/Kilimandzharo-e1609839107975.jpg\",\"datePublished\":\"2021-01-05T09:19:04+00:00\",\"dateModified\":\"2026-05-02T08:56:50+00:00\",\"breadcrumb\":{\"@id\":\"https:\\\/\\\/skyline-gs.com\\\/product\\\/v-kratere-vulkana-i-kilimandzharo\\\/#breadcrumb\"},\"inLanguage\":\"hu\",\"potentialAction\":[{\"@type\":\"ReadAction\",\"target\":[\"https:\\\/\\\/skyline-gs.com\\\/product\\\/v-kratere-vulkana-i-kilimandzharo\\\/\"]}]},{\"@type\":\"ImageObject\",\"inLanguage\":\"hu\",\"@id\":\"https:\\\/\\\/skyline-gs.com\\\/product\\\/v-kratere-vulkana-i-kilimandzharo\\\/#primaryimage\",\"url\":\"https:\\\/\\\/skyline-gs.com\\\/wp-content\\\/uploads\\\/2021\\\/01\\\/Kilimandzharo-e1609839107975.jpg\",\"contentUrl\":\"https:\\\/\\\/skyline-gs.com\\\/wp-content\\\/uploads\\\/2021\\\/01\\\/Kilimandzharo-e1609839107975.jpg\",\"width\":900,\"height\":600},{\"@type\":\"BreadcrumbList\",\"@id\":\"https:\\\/\\\/skyline-gs.com\\\/product\\\/v-kratere-vulkana-i-kilimandzharo\\\/#breadcrumb\",\"itemListElement\":[{\"@type\":\"ListItem\",\"position\":1,\"name\":\"\u0413\u043b\u0430\u0432\u043d\u0430\u044f \u0441\u0442\u0440\u0430\u043d\u0438\u0446\u0430\",\"item\":\"https:\\\/\\\/skyline-gs.com\\\/hu\\\/\"},{\"@type\":\"ListItem\",\"position\":2,\"name\":\"\u041c\u0430\u0433\u0430\u0437\u0438\u043d\",\"item\":\"https:\\\/\\\/skyline-gs.com\\\/cs\\\/shop\\\/\"},{\"@type\":\"ListItem\",\"position\":3,\"name\":\"\u0422\u0430\u0440\u0430\u043d\u0433\u0438\u0440\u0435, \u041d\u0433\u043e\u0440\u043e\u043d\u0433\u043e\u0440\u043e, \u041a\u0438\u043b\u0438\u043c\u0430\u043d\u0434\u0436\u0430\u0440\u043e \u0438 \u043f\u043b\u0435\u043c\u044f \u0427\u0430\u0433\u0430 (3 \u0434\u043d\u044f)\"}]},{\"@type\":\"WebSite\",\"@id\":\"https:\\\/\\\/skyline-gs.com\\\/it\\\/#website\",\"url\":\"https:\\\/\\\/skyline-gs.com\\\/it\\\/\",\"name\":\"\u042d\u043a\u0441\u043a\u0443\u0440\u0441\u0438\u0438 Skyline\",\"description\":\"\u042d\u043a\u0441\u043a\u043b\u044e\u0437\u0438\u0432\u043d\u044b\u0435 \u044d\u043a\u0441\u043a\u0443\u0440\u0441\u0438\u0438 \u043d\u0430 \u043b\u0443\u0447\u0448\u0438\u0445 \u043a\u0443\u0440\u043e\u0440\u0442\u0430\u0445 \u043c\u0438\u0440\u0430\",\"publisher\":{\"@id\":\"https:\\\/\\\/skyline-gs.com\\\/it\\\/#organization\"},\"alternateName\":\"Skyline\",\"potentialAction\":[{\"@type\":\"SearchAction\",\"target\":{\"@type\":\"EntryPoint\",\"urlTemplate\":\"https:\\\/\\\/skyline-gs.com\\\/it\\\/?s={search_term_string}\"},\"query-input\":{\"@type\":\"PropertyValueSpecification\",\"valueRequired\":true,\"valueName\":\"search_term_string\"}}],\"inLanguage\":\"hu\"},{\"@type\":\"Organization\",\"@id\":\"https:\\\/\\\/skyline-gs.com\\\/it\\\/#organization\",\"name\":\"\u042d\u043a\u0441\u043a\u0443\u0440\u0441\u0438\u0438 Skyline\",\"alternateName\":\"\u042d\u043a\u0441\u043a\u0443\u0440\u0441\u0438\u0438 Skyline\",\"url\":\"https:\\\/\\\/skyline-gs.com\\\/it\\\/\",\"logo\":{\"@type\":\"ImageObject\",\"inLanguage\":\"hu\",\"@id\":\"https:\\\/\\\/skyline-gs.com\\\/it\\\/#\\\/schema\\\/logo\\\/image\\\/\",\"url\":\"https:\\\/\\\/skyline-gs.com\\\/wp-content\\\/uploads\\\/2020\\\/12\\\/cropped-logo-2.png\",\"contentUrl\":\"https:\\\/\\\/skyline-gs.com\\\/wp-content\\\/uploads\\\/2020\\\/12\\\/cropped-logo-2.png\",\"width\":512,\"height\":512,\"caption\":\"\u042d\u043a\u0441\u043a\u0443\u0440\u0441\u0438\u0438 Skyline\"},\"image\":{\"@id\":\"https:\\\/\\\/skyline-gs.com\\\/it\\\/#\\\/schema\\\/logo\\\/image\\\/\"},\"sameAs\":[\"https:\\\/\\\/www.instagram.com\\\/skylineglobalservice\\\/\"]}]}<\/script>\n<!-- \/ Yoast SEO plugin. -->","yoast_head_json":{"title":"Tarangire, Ngorongoro, Kilimandzs\u00e1r\u00f3 \u00e9s a Chaga t\u00f6rzs (3 nap) - Skyline Excursions","robots":{"index":"index","follow":"follow","max-snippet":"max-snippet:-1","max-image-preview":"max-image-preview:large","max-video-preview":"max-video-preview:-1"},"canonical":"https:\/\/skyline-gs.com\/hu\/termek\/v-kratere-vulkana-i-kilimandzharo-2\/","og_locale":"hu_HU","og_type":"article","og_title":"\u0422\u0430\u0440\u0430\u043d\u0433\u0438\u0440\u0435, \u041d\u0433\u043e\u0440\u043e\u043d\u0433\u043e\u0440\u043e, \u041a\u0438\u043b\u0438\u043c\u0430\u043d\u0434\u0436\u0430\u0440\u043e \u0438 \u043f\u043b\u0435\u043c\u044f \u0427\u0430\u0433\u0430 (3 \u0434\u043d\u044f) &#8226; \u042d\u043a\u0441\u043a\u0443\u0440\u0441\u0438\u0438 Skyline","og_description":"\u0412\u0440\u0435\u043c\u044f \u0442\u0443\u0440\u0430: 3 \u0434\u043d\u044f  \u0414\u043d\u0438 \u043f\u0440\u043e\u0432\u0435\u0434\u0435\u043d\u0438\u044f: \u0435\u0436\u0435\u0434\u043d\u0435\u0432\u043d\u043e","og_url":"https:\/\/skyline-gs.com\/hu\/termek\/v-kratere-vulkana-i-kilimandzharo-2\/","og_site_name":"\u042d\u043a\u0441\u043a\u0443\u0440\u0441\u0438\u0438 Skyline","article_modified_time":"2026-05-02T08:56:50+00:00","og_image":[{"width":900,"height":600,"url":"https:\/\/skyline-gs.com\/wp-content\/uploads\/2021\/01\/Kilimandzharo-e1609839107975.jpg","type":"image\/jpeg"}],"twitter_card":"summary_large_image","twitter_misc":{"Becs\u00fclt olvas\u00e1si id\u0151":"4 perc"},"schema":{"@context":"https:\/\/schema.org","@graph":[{"@type":"WebPage","@id":"https:\/\/skyline-gs.com\/product\/v-kratere-vulkana-i-kilimandzharo\/","url":"https:\/\/skyline-gs.com\/product\/v-kratere-vulkana-i-kilimandzharo\/","name":"Tarangire, Ngorongoro, Kilimandzs\u00e1r\u00f3 \u00e9s a Chaga t\u00f6rzs (3 nap) - Skyline Excursions","isPartOf":{"@id":"https:\/\/skyline-gs.com\/it\/#website"},"primaryImageOfPage":{"@id":"https:\/\/skyline-gs.com\/product\/v-kratere-vulkana-i-kilimandzharo\/#primaryimage"},"image":{"@id":"https:\/\/skyline-gs.com\/product\/v-kratere-vulkana-i-kilimandzharo\/#primaryimage"},"thumbnailUrl":"https:\/\/skyline-gs.com\/wp-content\/uploads\/2021\/01\/Kilimandzharo-e1609839107975.jpg","datePublished":"2021-01-05T09:19:04+00:00","dateModified":"2026-05-02T08:56:50+00:00","breadcrumb":{"@id":"https:\/\/skyline-gs.com\/product\/v-kratere-vulkana-i-kilimandzharo\/#breadcrumb"},"inLanguage":"hu","potentialAction":[{"@type":"ReadAction","target":["https:\/\/skyline-gs.com\/product\/v-kratere-vulkana-i-kilimandzharo\/"]}]},{"@type":"ImageObject","inLanguage":"hu","@id":"https:\/\/skyline-gs.com\/product\/v-kratere-vulkana-i-kilimandzharo\/#primaryimage","url":"https:\/\/skyline-gs.com\/wp-content\/uploads\/2021\/01\/Kilimandzharo-e1609839107975.jpg","contentUrl":"https:\/\/skyline-gs.com\/wp-content\/uploads\/2021\/01\/Kilimandzharo-e1609839107975.jpg","width":900,"height":600},{"@type":"BreadcrumbList","@id":"https:\/\/skyline-gs.com\/product\/v-kratere-vulkana-i-kilimandzharo\/#breadcrumb","itemListElement":[{"@type":"ListItem","position":1,"name":"\u0413\u043b\u0430\u0432\u043d\u0430\u044f \u0441\u0442\u0440\u0430\u043d\u0438\u0446\u0430","item":"https:\/\/skyline-gs.com\/hu\/"},{"@type":"ListItem","position":2,"name":"\u041c\u0430\u0433\u0430\u0437\u0438\u043d","item":"https:\/\/skyline-gs.com\/cs\/shop\/"},{"@type":"ListItem","position":3,"name":"\u0422\u0430\u0440\u0430\u043d\u0433\u0438\u0440\u0435, \u041d\u0433\u043e\u0440\u043e\u043d\u0433\u043e\u0440\u043e, \u041a\u0438\u043b\u0438\u043c\u0430\u043d\u0434\u0436\u0430\u0440\u043e \u0438 \u043f\u043b\u0435\u043c\u044f \u0427\u0430\u0433\u0430 (3 \u0434\u043d\u044f)"}]},{"@type":"WebSite","@id":"https:\/\/skyline-gs.com\/it\/#website","url":"https:\/\/skyline-gs.com\/it\/","name":"Skyline T\u00far\u00e1k","description":"Exkluz\u00edv kir\u00e1ndul\u00e1sok a vil\u00e1g legjobb \u00fcd\u00fcl\u0151helyein","publisher":{"@id":"https:\/\/skyline-gs.com\/it\/#organization"},"alternateName":"Skyline","potentialAction":[{"@type":"SearchAction","target":{"@type":"EntryPoint","urlTemplate":"https:\/\/skyline-gs.com\/it\/?s={search_term_string}"},"query-input":{"@type":"PropertyValueSpecification","valueRequired":true,"valueName":"search_term_string"}}],"inLanguage":"hu"},{"@type":"Organization","@id":"https:\/\/skyline-gs.com\/it\/#organization","name":"Skyline T\u00far\u00e1k","alternateName":"\u042d\u043a\u0441\u043a\u0443\u0440\u0441\u0438\u0438 Skyline","url":"https:\/\/skyline-gs.com\/it\/","logo":{"@type":"ImageObject","inLanguage":"hu","@id":"https:\/\/skyline-gs.com\/it\/#\/schema\/logo\/image\/","url":"https:\/\/skyline-gs.com\/wp-content\/uploads\/2020\/12\/cropped-logo-2.png","contentUrl":"https:\/\/skyline-gs.com\/wp-content\/uploads\/2020\/12\/cropped-logo-2.png","width":512,"height":512,"caption":"\u042d\u043a\u0441\u043a\u0443\u0440\u0441\u0438\u0438 Skyline"},"image":{"@id":"https:\/\/skyline-gs.com\/it\/#\/schema\/logo\/image\/"},"sameAs":["https:\/\/www.instagram.com\/skylineglobalservice\/"]}]}},"_links":{"self":[{"href":"https:\/\/skyline-gs.com\/hu\/wp-json\/wp\/v2\/product\/18044","targetHints":{"allow":["GET"]}}],"collection":[{"href":"https:\/\/skyline-gs.com\/hu\/wp-json\/wp\/v2\/product"}],"about":[{"href":"https:\/\/skyline-gs.com\/hu\/wp-json\/wp\/v2\/types\/product"}],"version-history":[{"count":1,"href":"https:\/\/skyline-gs.com\/hu\/wp-json\/wp\/v2\/product\/18044\/revisions"}],"predecessor-version":[{"id":75802,"href":"https:\/\/skyline-gs.com\/hu\/wp-json\/wp\/v2\/product\/18044\/revisions\/75802"}],"wp:featuredmedia":[{"embeddable":true,"href":"https:\/\/skyline-gs.com\/hu\/wp-json\/wp\/v2\/media\/18045"}],"wp:attachment":[{"href":"https:\/\/skyline-gs.com\/hu\/wp-json\/wp\/v2\/media?parent=18044"}],"wp:term":[{"taxonomy":"product_brand","embeddable":true,"href":"https:\/\/skyline-gs.com\/hu\/wp-json\/wp\/v2\/product_brand?post=18044"},{"taxonomy":"product_cat","embeddable":true,"href":"https:\/\/skyline-gs.com\/hu\/wp-json\/wp\/v2\/product_cat?post=18044"},{"taxonomy":"product_tag","embeddable":true,"href":"https:\/\/skyline-gs.com\/hu\/wp-json\/wp\/v2\/product_tag?post=18044"}],"curies":[{"name":"wp","href":"https:\/\/api.w.org\/{rel}","templated":true}]}}