{"id":17943,"date":"2020-12-30T19:01:32","date_gmt":"2020-12-30T16:01:32","guid":{"rendered":"http:\/\/zanzibar.skyline-gs.com\/?post_type=product&#038;p=17943"},"modified":"2026-03-12T17:11:10","modified_gmt":"2026-03-12T15:11:10","slug":"mikumi-2-dnya-2","status":"publish","type":"product","link":"https:\/\/skyline-gs.com\/hu\/product\/mikumi-2-dnya-2\/","title":{"rendered":"Mikumi 2 nap (k\u00f6zvetlen j\u00e1rat)"},"content":{"rendered":"<p><strong>1. nap<\/strong><\/p>\n<p>Kijelentkez\u00e9s a sz\u00e1llod\u00e1b\u00f3l 05:30-kor. Transzfer a rep\u00fcl\u0151t\u00e9rre. Indul\u00e1s 07:00-kor, menetid\u0151 kb. 15 perc. \u00c9rkez\u00e9s a Dar es Salaami rep\u00fcl\u0151t\u00e9rre. Transzfer a Mikumi rezerv\u00e1tumba, a becs\u00fclt menetid\u0151 5-6 \u00f3ra. A transzfer sor\u00e1n meg\u00e1ll\u00e1s eb\u00e9dre Morogoro v\u00e1ros\u00e1ban. A nemzeti parkba \u00e9rkezve megkezd\u0151dik a szafari - utaz\u00e1s a rezerv\u00e1tum hatalmas ter\u00fclet\u00e9n kereszt\u00fcl a vad\u00e1llatokkal. \u00datk\u00f6zben sz\u00e1mos \u00e1llatot l\u00e1that, nevezetesen zsir\u00e1fokat, oroszl\u00e1nokat, gep\u00e1rdokat, elef\u00e1ntokat \u00e9s a Nemzeti Park sz\u00e1mos m\u00e1s lak\u00f3j\u00e1t. A szafari v\u00e9g\u00e9n - bejelentkez\u00e9s a Mikumi Bandas sz\u00e1llod\u00e1ban. Vacsora.<\/p>\n<p><strong>2. nap<\/strong><\/p>\n<p>Korai reggeli 6 \u00f3ra k\u00f6r\u00fcl, kijelentkez\u00e9s. Minden turist\u00e1nak biztos\u00edtunk eb\u00e9det. Folytat\u00f3dik a leny\u0171g\u00f6z\u0151 utaz\u00e1s a rezerv\u00e1tum t\u00e1gass\u00e1g\u00e1n kereszt\u00fcl. \u00c9lvezze a szavanna minden sz\u00e9ps\u00e9g\u00e9t, fot\u00f3zza a ragadoz\u00f3kat, \u00f6r\u00f6k\u00edtse meg a felejthetetlen pillanatokat \u00e9s a vad \u00f6r\u00f6m\u00f6t az \u00e9rzelmeinek, amelyek egy \u00e9letre megmaradnak. A v\u00e9g\u00e9n a rept\u00e9rre sz\u00e1ll\u00edtj\u00e1k \u00d6n\u00f6ket. 16:30 rep\u00fcl\u00e9s Zanzib\u00e1rra. 17:00 rept\u00e9ri felsz\u00e1ll\u00e1s \u00e9s transzfer vissza a sz\u00e1llod\u00e1ba. 18:00 k\u00f6r\u00fcl visszat\u00e9r\u00e9s a sz\u00e1llod\u00e1ba.<\/p>\n<p><strong>Mit tartalmaz:<\/strong><\/p>\n<ul>\n<li>A programban szerepl\u0151 \u00f6sszes \u00e1tutal\u00e1s<\/li>\n<li>Transzfer a sz\u00e1llod\u00e1b\u00f3l \u00e9s vissza<\/li>\n<li>K\u00f6zvetlen j\u00e1rat Zanzib\u00e1r - Mikumi Park - Zanzib\u00e1r<\/li>\n<li>Sz\u00e1ll\u00e1s a Mikumi Bandas Lodge-ban<\/li>\n<li>Napi h\u00e1romszori \u00e9tkez\u00e9s a szafarin<\/li>\n<li>Palackozott v\u00edz \u00e9s \u00fcd\u00edt\u0151italok fogyaszt\u00e1sa a t\u00fara sor\u00e1n<\/li>\n<li>Orvosi csomag<\/li>\n<li>K\u00e9pzett angol nyelv\u0171 erd\u0151j\u00e1r\u00f3 idegenvezet\u0151 k\u00eds\u00e9ret\u00e9ben<\/li>\n<li>Szafari \u00e9s kir\u00e1ndul\u00e1sok a program szerint 4*4 n\u00e9gyker\u00e9k-meghajt\u00e1s\u00fa szafari dzsippel<\/li>\n<li>Nemzeti parkok bel\u00e9p\u0151d\u00edjai<\/li>\n<\/ul>\n<p><strong>L\u00e9nyeges:<\/strong><\/p>\n<ul>\n<li>\u00datlev\u00e9l. B\u00e1r Zanzib\u00e1r Tanz\u00e1nia r\u00e9sze, a rep\u00fcl\u0151t\u00e9ren mindannyian \u00e1tmegy\u00fcnk az \u00fatlev\u00e9l-ellen\u0151rz\u00e9sen.<\/li>\n<li>K\u00e9nyelmes cip\u0151 \u00e9s ruh\u00e1zat. \u041b<span class=\"fontstyle0\">k\u00f6nny\u0171 nadr\u00e1g, hossz\u00fa ujj\u00fa ing, p\u00f3l\u00f3, szem\u00e9lyes t\u00e1rgyak (5 kg-ig)<\/span><\/li>\n<li>Kab\u00e1t, es\u0151 vagy h\u0171v\u00f6s est\u00e9k eset\u00e9n<\/li>\n<li>Fot\u00f3-vide\u00f3 felszerel\u00e9s. J\u00f3 el\u0151re t\u00f6ltse fel eszk\u00f6zeit<\/li>\n<li>V\u00e1ltsd \u00e1t a p\u00e9nzed kis c\u00edmletekre. Ezek hasznosak az aj\u00e1nd\u00e9kt\u00e1rgyakra \u00e9s a borraval\u00f3ra a park\u0151r\u00f6knek. Aj\u00e1nlott borraval\u00f3 5$ szem\u00e9lyenk\u00e9nt<\/li>\n<li>Reggeli harapnival\u00f3 (az hotel recepci\u00f3j\u00e1n jelezze, hogy kor\u00e1n reggel indul egy kir\u00e1ndul\u00e1sra, \u00e9s k\u00e9sz\u00edtsenek \u00d6nnek egy eb\u00e9dcsomagot, a sz\u00e1llod\u00e1k ezt a szolg\u00e1ltat\u00e1st ingyen biztos\u00edtj\u00e1k);<\/li>\n<li><span class=\"fontstyle0\">Napszem\u00fcveg \u00e9s panama, naptej<\/span><\/li>\n<li><span class=\"fontstyle0\">Szem\u00e9lyi higi\u00e9niai term\u00e9kek, szem\u00e9lyes els\u0151seg\u00e9lycsomag<\/span><\/li>\n<li><span class=\"fontstyle0\">K\u00e9zfert\u0151tlen\u00edt\u0151 g\u00e9l<\/span><\/li>\n<\/ul>\n<p><strong>Foglal\u00e1si felt\u00e9telek:<\/strong><\/p>\n<ul>\n<li>\u041f\u0440\u0435\u0434\u043e\u043f\u043b\u0430\u0442\u0430 30% (\u0432\u043e\u0437\u043c\u043e\u0436\u043d\u0430 \u043e\u043f\u043b\u0430\u0442\u0430 \u043a\u0430\u0440\u0442\u043e\u0439 \u043e\u043d\u043b\u0430\u0439\u043d \u043f\u0435\u0440\u0435\u0432\u043e\u0434\u043e\u043c \u0438\u043b\u0438 \u043d\u0430\u043b\u0438\u0447\u043d\u044b\u043c\u0438). <strong>Az el\u0151leg nem visszat\u00e9r\u00edtend\u0151.<\/strong><\/li>\n<\/ul>","protected":false},"excerpt":{"rendered":"<p><strong>Kir\u00e1ndul\u00e1s Id\u0151pontja:<\/strong> 2 nap<\/p>\n<p><strong>A Kir\u00e1ndul\u00e1s Napjai:<\/strong> Naponta<\/p>","protected":false},"featured_media":18559,"template":"","meta":{"_kad_post_transparent":"default","_kad_post_title":"","_kad_post_layout":"default","_kad_post_sidebar_id":"","_kad_post_content_style":"default","_kad_post_vertical_padding":"default","_kad_post_feature":"","_kad_post_feature_position":"","_kad_post_header":false,"_kad_post_footer":false,"_kad_post_classname":"","_glsr_average":0,"_glsr_ranking":0,"_glsr_reviews":0},"product_brand":[],"product_cat":[468,469],"product_tag":[],"class_list":{"0":"post-17943","1":"product","2":"type-product","3":"status-publish","4":"has-post-thumbnail","6":"product_cat-zanzibar-safari","7":"product_cat-tours","8":"tm-has-options","10":"first","11":"instock","12":"sold-individually","13":"taxable","14":"shipping-taxable","15":"purchasable","16":"product-type-simple","17":"entry","18":"content-bg","19":"loop-entry"},"yoast_head":"<!-- This site is optimized with the Yoast SEO plugin v27.3 - https:\/\/yoast.com\/product\/yoast-seo-wordpress\/ -->\n<title>\u041c\u0438\u043a\u0443\u043c\u0438 2 \u0434\u043d\u044f (\u043f\u0440\u044f\u043c\u043e\u0439 \u043f\u0435\u0440\u0435\u043b\u0451\u0442) &#8226; \u042d\u043a\u0441\u043a\u0443\u0440\u0441\u0438\u0438 Skyline<\/title>\n<meta name=\"robots\" content=\"index, follow, max-snippet:-1, max-image-preview:large, max-video-preview:-1\" \/>\n<link rel=\"canonical\" href=\"https:\/\/skyline-gs.com\/hu\/termek\/mikumi-2-dnya-2\/\" \/>\n<meta property=\"og:locale\" content=\"hu_HU\" \/>\n<meta property=\"og:type\" content=\"article\" \/>\n<meta property=\"og:title\" content=\"\u041c\u0438\u043a\u0443\u043c\u0438 2 \u0434\u043d\u044f (\u043f\u0440\u044f\u043c\u043e\u0439 \u043f\u0435\u0440\u0435\u043b\u0451\u0442) &#8226; \u042d\u043a\u0441\u043a\u0443\u0440\u0441\u0438\u0438 Skyline\" \/>\n<meta property=\"og:description\" content=\"\u0412\u0440\u0435\u043c\u044f \u0442\u0443\u0440\u0430: 2 \u0434\u043d\u044f  \u0414\u043d\u0438 \u043f\u0440\u043e\u0432\u0435\u0434\u0435\u043d\u0438\u044f: \u0435\u0436\u0435\u0434\u043d\u0435\u0432\u043d\u043e\" \/>\n<meta property=\"og:url\" content=\"https:\/\/skyline-gs.com\/hu\/termek\/mikumi-2-dnya-2\/\" \/>\n<meta property=\"og:site_name\" content=\"\u042d\u043a\u0441\u043a\u0443\u0440\u0441\u0438\u0438 Skyline\" \/>\n<meta property=\"article:modified_time\" content=\"2026-03-12T15:11:10+00:00\" \/>\n<meta property=\"og:image\" content=\"https:\/\/skyline-gs.com\/wp-content\/uploads\/2020\/12\/Mikumi-1-of-12-1.jpg\" \/>\n\t<meta property=\"og:image:width\" content=\"900\" \/>\n\t<meta property=\"og:image:height\" content=\"600\" \/>\n\t<meta property=\"og:image:type\" content=\"image\/jpeg\" \/>\n<meta name=\"twitter:card\" content=\"summary_large_image\" \/>\n<meta name=\"twitter:label1\" content=\"Becs\u00fclt olvas\u00e1si id\u0151\" \/>\n\t<meta name=\"twitter:data1\" content=\"2 perc\" \/>\n<script type=\"application\/ld+json\" class=\"yoast-schema-graph\">{\"@context\":\"https:\\\/\\\/schema.org\",\"@graph\":[{\"@type\":\"WebPage\",\"@id\":\"https:\\\/\\\/skyline-gs.com\\\/product\\\/mikumi-2-dnya-2\\\/\",\"url\":\"https:\\\/\\\/skyline-gs.com\\\/product\\\/mikumi-2-dnya-2\\\/\",\"name\":\"\u041c\u0438\u043a\u0443\u043c\u0438 2 \u0434\u043d\u044f (\u043f\u0440\u044f\u043c\u043e\u0439 \u043f\u0435\u0440\u0435\u043b\u0451\u0442) &#8226; \u042d\u043a\u0441\u043a\u0443\u0440\u0441\u0438\u0438 Skyline\",\"isPartOf\":{\"@id\":\"https:\\\/\\\/skyline-gs.com\\\/it\\\/#website\"},\"primaryImageOfPage\":{\"@id\":\"https:\\\/\\\/skyline-gs.com\\\/product\\\/mikumi-2-dnya-2\\\/#primaryimage\"},\"image\":{\"@id\":\"https:\\\/\\\/skyline-gs.com\\\/product\\\/mikumi-2-dnya-2\\\/#primaryimage\"},\"thumbnailUrl\":\"https:\\\/\\\/skyline-gs.com\\\/wp-content\\\/uploads\\\/2020\\\/12\\\/Mikumi-1-of-12-1.jpg\",\"datePublished\":\"2020-12-30T16:01:32+00:00\",\"dateModified\":\"2026-03-12T15:11:10+00:00\",\"breadcrumb\":{\"@id\":\"https:\\\/\\\/skyline-gs.com\\\/product\\\/mikumi-2-dnya-2\\\/#breadcrumb\"},\"inLanguage\":\"hu\",\"potentialAction\":[{\"@type\":\"ReadAction\",\"target\":[\"https:\\\/\\\/skyline-gs.com\\\/product\\\/mikumi-2-dnya-2\\\/\"]}]},{\"@type\":\"ImageObject\",\"inLanguage\":\"hu\",\"@id\":\"https:\\\/\\\/skyline-gs.com\\\/product\\\/mikumi-2-dnya-2\\\/#primaryimage\",\"url\":\"https:\\\/\\\/skyline-gs.com\\\/wp-content\\\/uploads\\\/2020\\\/12\\\/Mikumi-1-of-12-1.jpg\",\"contentUrl\":\"https:\\\/\\\/skyline-gs.com\\\/wp-content\\\/uploads\\\/2020\\\/12\\\/Mikumi-1-of-12-1.jpg\",\"width\":900,\"height\":600},{\"@type\":\"BreadcrumbList\",\"@id\":\"https:\\\/\\\/skyline-gs.com\\\/product\\\/mikumi-2-dnya-2\\\/#breadcrumb\",\"itemListElement\":[{\"@type\":\"ListItem\",\"position\":1,\"name\":\"\u0413\u043b\u0430\u0432\u043d\u0430\u044f \u0441\u0442\u0440\u0430\u043d\u0438\u0446\u0430\",\"item\":\"https:\\\/\\\/skyline-gs.com\\\/hu\\\/\"},{\"@type\":\"ListItem\",\"position\":2,\"name\":\"\u041c\u0430\u0433\u0430\u0437\u0438\u043d\",\"item\":\"https:\\\/\\\/skyline-gs.com\\\/cs\\\/shop\\\/\"},{\"@type\":\"ListItem\",\"position\":3,\"name\":\"\u041c\u0438\u043a\u0443\u043c\u0438 2 \u0434\u043d\u044f (\u043f\u0440\u044f\u043c\u043e\u0439 \u043f\u0435\u0440\u0435\u043b\u0451\u0442)\"}]},{\"@type\":\"WebSite\",\"@id\":\"https:\\\/\\\/skyline-gs.com\\\/it\\\/#website\",\"url\":\"https:\\\/\\\/skyline-gs.com\\\/it\\\/\",\"name\":\"\u042d\u043a\u0441\u043a\u0443\u0440\u0441\u0438\u0438 Skyline\",\"description\":\"\u042d\u043a\u0441\u043a\u043b\u044e\u0437\u0438\u0432\u043d\u044b\u0435 \u044d\u043a\u0441\u043a\u0443\u0440\u0441\u0438\u0438 \u043d\u0430 \u043b\u0443\u0447\u0448\u0438\u0445 \u043a\u0443\u0440\u043e\u0440\u0442\u0430\u0445 \u043c\u0438\u0440\u0430\",\"publisher\":{\"@id\":\"https:\\\/\\\/skyline-gs.com\\\/it\\\/#organization\"},\"alternateName\":\"Skyline\",\"potentialAction\":[{\"@type\":\"SearchAction\",\"target\":{\"@type\":\"EntryPoint\",\"urlTemplate\":\"https:\\\/\\\/skyline-gs.com\\\/it\\\/?s={search_term_string}\"},\"query-input\":{\"@type\":\"PropertyValueSpecification\",\"valueRequired\":true,\"valueName\":\"search_term_string\"}}],\"inLanguage\":\"hu\"},{\"@type\":\"Organization\",\"@id\":\"https:\\\/\\\/skyline-gs.com\\\/it\\\/#organization\",\"name\":\"\u042d\u043a\u0441\u043a\u0443\u0440\u0441\u0438\u0438 Skyline\",\"alternateName\":\"\u042d\u043a\u0441\u043a\u0443\u0440\u0441\u0438\u0438 Skyline\",\"url\":\"https:\\\/\\\/skyline-gs.com\\\/it\\\/\",\"logo\":{\"@type\":\"ImageObject\",\"inLanguage\":\"hu\",\"@id\":\"https:\\\/\\\/skyline-gs.com\\\/it\\\/#\\\/schema\\\/logo\\\/image\\\/\",\"url\":\"https:\\\/\\\/skyline-gs.com\\\/wp-content\\\/uploads\\\/2020\\\/12\\\/cropped-logo-2.png\",\"contentUrl\":\"https:\\\/\\\/skyline-gs.com\\\/wp-content\\\/uploads\\\/2020\\\/12\\\/cropped-logo-2.png\",\"width\":512,\"height\":512,\"caption\":\"\u042d\u043a\u0441\u043a\u0443\u0440\u0441\u0438\u0438 Skyline\"},\"image\":{\"@id\":\"https:\\\/\\\/skyline-gs.com\\\/it\\\/#\\\/schema\\\/logo\\\/image\\\/\"},\"sameAs\":[\"https:\\\/\\\/www.instagram.com\\\/skylineglobalservice\\\/\"]}]}<\/script>\n<!-- \/ Yoast SEO plugin. -->","yoast_head_json":{"title":"\u041c\u0438\u043a\u0443\u043c\u0438 2 \u0434\u043d\u044f (\u043f\u0440\u044f\u043c\u043e\u0439 \u043f\u0435\u0440\u0435\u043b\u0451\u0442) &#8226; \u042d\u043a\u0441\u043a\u0443\u0440\u0441\u0438\u0438 Skyline","robots":{"index":"index","follow":"follow","max-snippet":"max-snippet:-1","max-image-preview":"max-image-preview:large","max-video-preview":"max-video-preview:-1"},"canonical":"https:\/\/skyline-gs.com\/hu\/termek\/mikumi-2-dnya-2\/","og_locale":"hu_HU","og_type":"article","og_title":"\u041c\u0438\u043a\u0443\u043c\u0438 2 \u0434\u043d\u044f (\u043f\u0440\u044f\u043c\u043e\u0439 \u043f\u0435\u0440\u0435\u043b\u0451\u0442) &#8226; \u042d\u043a\u0441\u043a\u0443\u0440\u0441\u0438\u0438 Skyline","og_description":"\u0412\u0440\u0435\u043c\u044f \u0442\u0443\u0440\u0430: 2 \u0434\u043d\u044f  \u0414\u043d\u0438 \u043f\u0440\u043e\u0432\u0435\u0434\u0435\u043d\u0438\u044f: \u0435\u0436\u0435\u0434\u043d\u0435\u0432\u043d\u043e","og_url":"https:\/\/skyline-gs.com\/hu\/termek\/mikumi-2-dnya-2\/","og_site_name":"\u042d\u043a\u0441\u043a\u0443\u0440\u0441\u0438\u0438 Skyline","article_modified_time":"2026-03-12T15:11:10+00:00","og_image":[{"width":900,"height":600,"url":"https:\/\/skyline-gs.com\/wp-content\/uploads\/2020\/12\/Mikumi-1-of-12-1.jpg","type":"image\/jpeg"}],"twitter_card":"summary_large_image","twitter_misc":{"Becs\u00fclt olvas\u00e1si id\u0151":"2 perc"},"schema":{"@context":"https:\/\/schema.org","@graph":[{"@type":"WebPage","@id":"https:\/\/skyline-gs.com\/product\/mikumi-2-dnya-2\/","url":"https:\/\/skyline-gs.com\/product\/mikumi-2-dnya-2\/","name":"\u041c\u0438\u043a\u0443\u043c\u0438 2 \u0434\u043d\u044f (\u043f\u0440\u044f\u043c\u043e\u0439 \u043f\u0435\u0440\u0435\u043b\u0451\u0442) &#8226; \u042d\u043a\u0441\u043a\u0443\u0440\u0441\u0438\u0438 Skyline","isPartOf":{"@id":"https:\/\/skyline-gs.com\/it\/#website"},"primaryImageOfPage":{"@id":"https:\/\/skyline-gs.com\/product\/mikumi-2-dnya-2\/#primaryimage"},"image":{"@id":"https:\/\/skyline-gs.com\/product\/mikumi-2-dnya-2\/#primaryimage"},"thumbnailUrl":"https:\/\/skyline-gs.com\/wp-content\/uploads\/2020\/12\/Mikumi-1-of-12-1.jpg","datePublished":"2020-12-30T16:01:32+00:00","dateModified":"2026-03-12T15:11:10+00:00","breadcrumb":{"@id":"https:\/\/skyline-gs.com\/product\/mikumi-2-dnya-2\/#breadcrumb"},"inLanguage":"hu","potentialAction":[{"@type":"ReadAction","target":["https:\/\/skyline-gs.com\/product\/mikumi-2-dnya-2\/"]}]},{"@type":"ImageObject","inLanguage":"hu","@id":"https:\/\/skyline-gs.com\/product\/mikumi-2-dnya-2\/#primaryimage","url":"https:\/\/skyline-gs.com\/wp-content\/uploads\/2020\/12\/Mikumi-1-of-12-1.jpg","contentUrl":"https:\/\/skyline-gs.com\/wp-content\/uploads\/2020\/12\/Mikumi-1-of-12-1.jpg","width":900,"height":600},{"@type":"BreadcrumbList","@id":"https:\/\/skyline-gs.com\/product\/mikumi-2-dnya-2\/#breadcrumb","itemListElement":[{"@type":"ListItem","position":1,"name":"\u0413\u043b\u0430\u0432\u043d\u0430\u044f \u0441\u0442\u0440\u0430\u043d\u0438\u0446\u0430","item":"https:\/\/skyline-gs.com\/hu\/"},{"@type":"ListItem","position":2,"name":"\u041c\u0430\u0433\u0430\u0437\u0438\u043d","item":"https:\/\/skyline-gs.com\/cs\/shop\/"},{"@type":"ListItem","position":3,"name":"\u041c\u0438\u043a\u0443\u043c\u0438 2 \u0434\u043d\u044f (\u043f\u0440\u044f\u043c\u043e\u0439 \u043f\u0435\u0440\u0435\u043b\u0451\u0442)"}]},{"@type":"WebSite","@id":"https:\/\/skyline-gs.com\/it\/#website","url":"https:\/\/skyline-gs.com\/it\/","name":"Skyline T\u00far\u00e1k","description":"Exkluz\u00edv kir\u00e1ndul\u00e1sok a vil\u00e1g legjobb \u00fcd\u00fcl\u0151helyein","publisher":{"@id":"https:\/\/skyline-gs.com\/it\/#organization"},"alternateName":"Skyline","potentialAction":[{"@type":"SearchAction","target":{"@type":"EntryPoint","urlTemplate":"https:\/\/skyline-gs.com\/it\/?s={search_term_string}"},"query-input":{"@type":"PropertyValueSpecification","valueRequired":true,"valueName":"search_term_string"}}],"inLanguage":"hu"},{"@type":"Organization","@id":"https:\/\/skyline-gs.com\/it\/#organization","name":"Skyline T\u00far\u00e1k","alternateName":"\u042d\u043a\u0441\u043a\u0443\u0440\u0441\u0438\u0438 Skyline","url":"https:\/\/skyline-gs.com\/it\/","logo":{"@type":"ImageObject","inLanguage":"hu","@id":"https:\/\/skyline-gs.com\/it\/#\/schema\/logo\/image\/","url":"https:\/\/skyline-gs.com\/wp-content\/uploads\/2020\/12\/cropped-logo-2.png","contentUrl":"https:\/\/skyline-gs.com\/wp-content\/uploads\/2020\/12\/cropped-logo-2.png","width":512,"height":512,"caption":"\u042d\u043a\u0441\u043a\u0443\u0440\u0441\u0438\u0438 Skyline"},"image":{"@id":"https:\/\/skyline-gs.com\/it\/#\/schema\/logo\/image\/"},"sameAs":["https:\/\/www.instagram.com\/skylineglobalservice\/"]}]}},"_links":{"self":[{"href":"https:\/\/skyline-gs.com\/hu\/wp-json\/wp\/v2\/product\/17943","targetHints":{"allow":["GET"]}}],"collection":[{"href":"https:\/\/skyline-gs.com\/hu\/wp-json\/wp\/v2\/product"}],"about":[{"href":"https:\/\/skyline-gs.com\/hu\/wp-json\/wp\/v2\/types\/product"}],"version-history":[{"count":0,"href":"https:\/\/skyline-gs.com\/hu\/wp-json\/wp\/v2\/product\/17943\/revisions"}],"wp:featuredmedia":[{"embeddable":true,"href":"https:\/\/skyline-gs.com\/hu\/wp-json\/wp\/v2\/media\/18559"}],"wp:attachment":[{"href":"https:\/\/skyline-gs.com\/hu\/wp-json\/wp\/v2\/media?parent=17943"}],"wp:term":[{"taxonomy":"product_brand","embeddable":true,"href":"https:\/\/skyline-gs.com\/hu\/wp-json\/wp\/v2\/product_brand?post=17943"},{"taxonomy":"product_cat","embeddable":true,"href":"https:\/\/skyline-gs.com\/hu\/wp-json\/wp\/v2\/product_cat?post=17943"},{"taxonomy":"product_tag","embeddable":true,"href":"https:\/\/skyline-gs.com\/hu\/wp-json\/wp\/v2\/product_tag?post=17943"}],"curies":[{"name":"wp","href":"https:\/\/api.w.org\/{rel}","templated":true}]}}