{"id":16550,"date":"2020-12-15T01:33:09","date_gmt":"2020-12-14T23:33:09","guid":{"rendered":"http:\/\/skyline-gs.com\/?post_type=product&#038;p=16538"},"modified":"2024-01-24T17:11:50","modified_gmt":"2024-01-24T15:11:50","slug":"selous-safari-park-2-days-zanzibar","status":"publish","type":"product","link":"https:\/\/skyline-gs.com\/hu\/product\/selous-safari-park-2-days-zanzibar\/","title":{"rendered":"Selous Safari Park 2 napra"},"content":{"rendered":"<p><strong>1. nap<\/strong><\/p>\n<p>\u0412\u044b\u0435\u0437\u0434 \u0438\u0437 \u043e\u0442\u0435\u043b\u044f \u0432 6:00 \u0443\u0442\u0440\u0430. \u0412\u044b\u043b\u0435\u0442 \u0438\u0437 \u0430\u044d\u0440\u043e\u043f\u043e\u0440\u0442\u0430 \u0417\u0430\u043d\u0437\u0438\u0431\u0430\u0440 \u0432 8:10. \u041d\u0430 \u043d\u0435\u0431\u043e\u043b\u044c\u0448\u043e\u043c \u0441\u0430\u043c\u043e\u043b\u0435\u0442\u0435 \u0432\u044b \u043f\u043e\u043b\u0435\u0442\u0438\u0442\u0435 \u0432 \u043d\u0430\u0446\u0438\u043e\u043d\u0430\u043b\u044c\u043d\u044b\u0439 \u043f\u0430\u0440\u043a \u0421\u0435\u043b\u0443\u0441.<\/p>\n<p>\u041f\u0440\u0438\u0431\u044b\u0442\u0438\u0435 \u0432 \u0430\u044d\u0440\u043e\u043f\u043e\u0440\u0442. \u0412\u044b\u0435\u0437\u0434 \u0432 \u041d\u0430\u0446\u0438\u043e\u043d\u0430\u043b\u044c\u043d\u044b\u0439 \u043f\u0430\u0440\u043a \u0421\u0435\u043b\u0443\u0441. \u0412 9:30 \u0443\u0442\u0440\u0430 \u043c\u044b \u0434\u043e\u0441\u0442\u0430\u0432\u043b\u044f\u0435\u043c \u0441\u0432\u043e\u0438\u0445 \u043a\u043b\u0438\u0435\u043d\u0442\u043e\u0432 \u0432 \u0442\u0443 \u0447\u0430\u0441\u0442\u044c \u043f\u0430\u0440\u043a\u0430, \u0433\u0434\u0435 \u043e\u0431\u0438\u0442\u0430\u0435\u0442 \u0431\u043e\u043b\u044c\u0448\u0435 \u0432\u0441\u0435\u0433\u043e \u0436\u0438\u0432\u043e\u0442\u043d\u044b\u0445. \u0411\u043b\u0430\u0433\u043e\u0434\u0430\u0440\u044f \u043e\u0433\u0440\u043e\u043c\u043d\u043e\u0439 \u0442\u0435\u0440\u0440\u0438\u0442\u043e\u0440\u0438\u0438, \u044d\u0442\u043e\u0442 \u0437\u0430\u043f\u043e\u0432\u0435\u0434\u043d\u0438\u043a \u044f\u0432\u043b\u044f\u0435\u0442\u0441\u044f \u0441\u0430\u043c\u044b\u043c \u0431\u043e\u043b\u044c\u0448\u0438\u043c \u0432 \u0410\u0444\u0440\u0438\u043a\u0435 \u0438 \u0432\u0445\u043e\u0434\u0438\u0442 \u0432 \u043f\u0435\u0440\u0435\u0447\u0435\u043d\u044c \u043a\u0440\u0443\u043f\u043d\u0435\u0439\u0448\u0438\u0445 \u043f\u0430\u0440\u043a\u043e\u0432 \u043c\u0438\u0440\u0430. \u041f\u043e\u0435\u0437\u0434\u043a\u0430 \u043f\u043e \u044d\u0442\u043e\u0439 \u043d\u0435\u043e\u0431\u044b\u043a\u043d\u043e\u0432\u0435\u043d\u043d\u043e\u0439 \u0437\u0435\u043c\u043b\u0435 \u0441\u043f\u043e\u0441\u043e\u0431\u043d\u0430 \u0437\u0430\u043c\u0435\u043d\u0438\u0442\u044c \u043f\u0443\u0442\u0435\u0448\u0435\u0441\u0442\u0432\u0438\u0435 \u043f\u0440\u0430\u043a\u0442\u0438\u0447\u0435\u0441\u043a\u0438 \u043f\u043e \u0432\u0441\u0435\u0439 \u0410\u0444\u0440\u0438\u043a\u0435. \u0421\u043e\u0447\u0435\u0442\u0430\u043d\u0438\u044f \u043c\u043d\u043e\u0436\u0435\u0441\u0442\u0432\u0430 \u0441\u043e\u0431\u0441\u0442\u0432\u0435\u043d\u043d\u044b\u0445 \u044d\u043a\u043e\u0441\u0438\u0441\u0442\u0435\u043c \u0432 \u043f\u0430\u0440\u043a\u0435 \u043f\u0440\u0438\u0432\u0435\u043b\u043e \u043a \u0442\u043e\u043c\u0443, \u0447\u0442\u043e \u0437\u0434\u0435\u0441\u044c \u043e\u0431\u0438\u0442\u0430\u0435\u0442 \u043e\u0433\u0440\u043e\u043c\u043d\u043e\u0435 \u043a\u043e\u043b\u0438\u0447\u0435\u0441\u0442\u0432\u043e \u0436\u0438\u0432\u043e\u0442\u043d\u044b\u0445 \u0438 \u043f\u0442\u0438\u0446.\u00a0<strong>440 faj<\/strong>\u00a0a madarak a rezerv\u00e1tum minden szeglet\u00e9ben \u00e9lnek. Struccok \u00e9s marabuk, gyurgyalagok \u00e9s ragadoz\u00f3 sasok, szer\u00e9ny szirti pacsirt\u00e1k \u00e9s sz\u00ednes papag\u00e1jok. Eb\u00e9dsz\u00fcnet \u00e9s a szafari folytat\u00e1sa.<\/p>\n<p>Tanz\u00e1nia b\u00fcszk\u00e9lkedhet elef\u00e1nt popul\u00e1ci\u00f3ja k\u00f6zel egy\u00a0<strong>100,000 egy\u00e9n<\/strong>. \u0418 \u043f\u0440\u0438\u043c\u0435\u0440\u043d\u043e \u043f\u043e\u043b\u043e\u0432\u0438\u043d\u0430 \u0438\u0437 \u043d\u0438\u0445 \u043e\u0431\u043e\u0441\u043d\u043e\u0432\u0430\u043b\u0430\u0441\u044c \u0432 \u0421\u0435\u043b\u0443\u0441\u0435. \u041a\u0440\u043e\u043c\u0435 \u043d\u0438\u0445 \u0437\u0434\u0435\u0441\u044c \u0442\u0430\u043a\u0436\u0435 \u043e\u0431\u0438\u0442\u0430\u0435\u0442 \u043d\u0435\u043c\u0430\u043b\u043e \u0434\u0440\u0443\u0433\u0438\u0445 \u0432\u0438\u0434\u043e\u0432 \u0436\u0438\u0432\u043e\u0442\u043d\u044b\u0445: \u0430\u043d\u0442\u0438\u043b\u043e\u043f\u044b \u0433\u043d\u0443 \u0438 \u0438\u043c\u043f\u0430\u043b\u0430, \u0431\u0443\u0444\u0444\u0430\u043b\u043e, \u0433\u0438\u043f\u043f\u043e\u043f\u043e\u0442\u0430\u043c\u044b, \u043d\u043e\u0441\u043e\u0440\u043e\u0433\u0438 \u0438 \u0431\u0443\u0439\u0432\u043e\u043b\u044b. \u041d\u0435\u0440\u0435\u0434\u043a\u043e \u044d\u0442\u043e \u043c\u0435\u0441\u0442\u043e \u043d\u0430\u0437\u044b\u0432\u0430\u044e\u0442 \u0436\u0438\u0440\u0430\u0444\u0438\u0439 \u043f\u0430\u0440\u043a, \u043f\u043e\u0442\u043e\u043c\u0443 \u0447\u0442\u043e \u043d\u0430 \u0435\u0433\u043e \u0442\u0435\u0440\u0440\u0438\u0442\u043e\u0440\u0438\u0438 \u0436\u0438\u0432\u0435\u0442 \u043d\u0435\u043c\u0430\u043b\u043e \u0436\u0438\u0440\u0430\u0444\u043e\u0432 \u043c\u0430\u0441\u0430\u0438. \u0425\u0438\u0449\u043d\u0438\u043a\u0438 \u0432 \u0421\u0435\u043b\u0443\u0441\u0435 \u043f\u0440\u0435\u0434\u0441\u0442\u0430\u0432\u043b\u0435\u043d\u044b \u0430\u0444\u0440\u0438\u043a\u0430\u043d\u0441\u043a\u0438\u043c\u0438 \u043a\u043e\u0448\u043a\u0430\u043c\u0438,\u00a0<strong>\u043b\u044c\u0432\u0430\u043c\u0438 \u0438 \u043b\u0435\u043e\u043f\u0430\u0440\u0434\u0430\u043c\u0438<\/strong>. \u0412 \u0434\u043e\u043b\u0438\u043d\u0435 \u0440\u0435\u043a \u0438 \u0432 \u0431\u043e\u043b\u043e\u0442\u0430\u0445 \u0436\u0438\u0432\u0443\u0442 \u043e\u0433\u0440\u043e\u043c\u043d\u044b\u0435 \u043a\u0440\u043e\u043a\u043e\u0434\u0438\u043b\u044b.<\/p>\n<p>16:30 \u041e\u043a\u043e\u043d\u0447\u0430\u043d\u0438\u0435 \u0441\u0430\u0444\u0430\u0440\u0438 \u0438 \u0442\u0440\u0430\u043d\u0441\u0444\u0435\u0440 \u0432 \u043e\u0442\u0435\u043b\u044c. \u0417\u0430\u0441\u0435\u043b\u0435\u043d\u0438\u0435. \u0423\u0436\u0438\u043d.<\/p>\n<p><strong>2. nap<\/strong><br \/>\n\u0420\u0430\u043d\u043d\u0438\u0439 \u0437\u0430\u0432\u0442\u0440\u0430\u043a. \u0423\u0442\u0440\u0435\u043d\u043d\u0435\u0435 \u0441\u0430\u0444\u0430\u0440\u0438 \u043d\u0430 \u043b\u043e\u0434\u043a\u0435 \u043f\u0440\u043e\u0434\u043e\u043b\u0436\u0438\u0442\u0435\u043b\u044c\u043d\u043e\u0441\u0442\u044c\u044e \u043f\u043e\u043b\u0442\u043e\u0440\u0430 \u0447\u0430\u0441\u0430. \u0412\u044b \u043f\u043e\u043b\u0443\u0447\u0438\u0442\u0435 \u0432\u043e\u0437\u043c\u043e\u0436\u043d\u043e\u0441\u0442\u044c \u0443\u0432\u0438\u0434\u0435\u0442\u044c \u043a\u0440\u043e\u043a\u043e\u0434\u0438\u043b\u043e\u0432, \u0431\u0435\u0433\u0435\u043c\u043e\u0442\u043e\u0432 \u0438 \u0432\u0441\u0435\u0445 \u0436\u0438\u0432\u043e\u0442\u043d\u044b\u0445, \u043a\u043e\u0442\u043e\u0440\u044b\u0435 \u043f\u0440\u0438\u0434\u0443\u0442 \u0443\u0442\u0440\u043e\u043c \u043d\u0430 \u0432\u043e\u0434\u043e\u043f\u043e\u0439. \u0422\u0430\u043a\u0436\u0435 \u0432\u044b \u0443\u0432\u0438\u0434\u0438\u0442\u0435 \u043c\u043d\u043e\u0433\u043e\u0447\u0438\u0441\u043b\u0435\u043d\u043d\u044b\u0445 \u043d\u0435\u043e\u0431\u044b\u0447\u043d\u044b\u0445 \u043f\u0442\u0438\u0446. \u041f\u043e \u043e\u043a\u043e\u043d\u0447\u0430\u043d\u0438\u044e \u0432\u0430\u0441 \u0434\u043e\u0441\u0442\u0430\u0432\u044f\u0442 \u043d\u0430 \u0430\u044d\u0440\u043e\u0434\u0440\u043e\u043c. \u041f\u0435\u0440\u0435\u043b\u0435\u0442 \u043d\u0430 \u0417\u0430\u043d\u0437\u0438\u0431\u0430\u0440. \u0412\u0441\u0442\u0440\u0435\u0447\u0430 \u0432 \u0430\u044d\u0440\u043e\u043f\u043e\u0440\u0442\u0443 \u0438 \u043e\u0431\u0440\u0430\u0442\u043d\u044b\u0439 \u0442\u0440\u0430\u043d\u0441\u0444\u0435\u0440 \u0432 \u043e\u0442\u0435\u043b\u044c.<\/p>\n<p><strong>Mit tartalmaz:<\/strong><\/p>\n<ul>\n<li>A programban szerepl\u0151 \u00f6sszes \u00e1tutal\u00e1s<\/li>\n<li>\u0410\u0432\u0438\u0430\u043f\u0435\u0440\u0435\u043b\u0435\u0442 \u0417\u0430\u043d\u0437\u0438\u0431\u0430\u0440 \u2013 \u0421\u0435\u043b\u0443\u0441 \u2013 \u0417\u0430\u043d\u0437\u0438\u0431\u0430\u0440<\/li>\n<li>Szafari egy modern 4x4-es dzsipben<\/li>\n<li>Napi h\u00e1romszori \u00e9tkez\u00e9s<\/li>\n<li>\u041f\u0440\u043e\u0436\u0438\u0432\u0430\u043d\u0438\u0435 \u0432 \u043b\u043e\u0434\u0436\u0435 \u0441 \u0431\u0430\u0441\u0441\u0435\u0439\u043d\u043e\u043c<\/li>\n<li>Italok a szafari alatt<\/li>\n<li>Idegenvezet\u0151i szolg\u00e1ltat\u00e1sok<\/li>\n<li>\u041b\u043e\u0434\u043a\u0430 \u043f\u043e \u0440\u0435\u043a\u0435 \u0420\u0443\u0444\u0438\u0434\u0436\u0438(\u043d\u0430 \u0432\u0442\u043e\u0440\u043e\u0439 \u0434\u0435\u043d\u044c)<\/li>\n<\/ul>\n<p><strong>L\u00e9nyeges:<\/strong><\/p>\n<ul>\n<li>\u00datlev\u00e9l. B\u00e1r Zanzib\u00e1r Tanz\u00e1nia r\u00e9sze, a rep\u00fcl\u0151t\u00e9ren mindannyian \u00e1tmegy\u00fcnk az \u00fatlev\u00e9l-ellen\u0151rz\u00e9sen;<\/li>\n<li>K\u00e9nyelmes cip\u0151 \u00e9s ruh\u00e1zat. K\u00f6nny\u0171 nadr\u00e1g, hossz\u00fa ujj\u00fa ing, p\u00f3l\u00f3, szem\u00e9lyes t\u00e1rgyak (legfeljebb 5 kg);<\/li>\n<li>Egy kab\u00e1t, es\u0151 vagy h\u0171v\u00f6s est\u00e9k eset\u00e9n;<\/li>\n<li>Fot\u00f3-vide\u00f3 felszerel\u00e9s. El\u0151zetesen t\u00f6ltse fel eszk\u00f6zeit;<\/li>\n<li>V\u00e1ltsd \u00e1t a p\u00e9nzed kis c\u00edmletekre. Ezek hasznosak az aj\u00e1nd\u00e9kt\u00e1rgyakra \u00e9s a borraval\u00f3ra a park\u0151r\u00f6knek. Az aj\u00e1nlott borraval\u00f3 5$ szem\u00e9lyenk\u00e9nt;<\/li>\n<li>Reggeli uzsonna (a sz\u00e1lloda recepci\u00f3j\u00e1n elmagyar\u00e1zza, hogy kora reggel indulnak kir\u00e1ndulni, \u00e9s sz\u00fcks\u00e9g\u00fck van egy eb\u00e9ddobozra, a sz\u00e1llod\u00e1k ingyenesen biztos\u00edtj\u00e1k ezt a szolg\u00e1ltat\u00e1st);<\/li>\n<li><span class=\"fontstyle0\">Napszem\u00fcveg \u00e9s panama, naptej;<\/span><\/li>\n<li><span class=\"fontstyle0\">Szem\u00e9lyi higi\u00e9niai term\u00e9kek, szem\u00e9lyes els\u0151seg\u00e9lycsomag;<\/span><\/li>\n<li><span class=\"fontstyle0\">K\u00e9zfert\u0151tlen\u00edt\u0151 g\u00e9l.<\/span><\/li>\n<\/ul>","protected":false},"excerpt":{"rendered":"<p>\u0421\u0430\u043c\u043e\u0435 \u043f\u043e\u043f\u0443\u043b\u044f\u0440\u043d\u043e\u0435 \u0441\u0430\u0444\u0430\u0440\u0438 <strong>\"all-inclusive<\/strong>, \u0434\u043b\u044f \u043f\u0443\u0442\u0435\u0448\u0435\u0441\u0442\u0432\u0435\u043d\u043d\u0438\u043a\u043e\u0432, \u043a\u043e\u0442\u043e\u0440\u044b\u0435 \u0445\u043e\u0442\u044f\u0442 \u043f\u043e\u0431\u044b\u0432\u0430\u0442\u044c \u043d\u0430 \u0441\u0430\u0444\u0430\u0440\u0438, \u043d\u0435 \u0442\u0440\u0430\u0442\u044f \u043c\u043d\u043e\u0433\u043e \u0432\u0440\u0435\u043c\u0435\u043d\u0438 \u0438 \u0441\u0440\u0435\u0434\u0441\u0442\u0432.<\/p>","protected":false},"featured_media":25608,"template":"","meta":{"_kad_post_transparent":"default","_kad_post_title":"","_kad_post_layout":"default","_kad_post_sidebar_id":"","_kad_post_content_style":"default","_kad_post_vertical_padding":"default","_kad_post_feature":"","_kad_post_feature_position":"","_kad_post_header":false,"_kad_post_footer":false,"_kad_post_classname":"","_glsr_average":0,"_glsr_ranking":0,"_glsr_reviews":0},"product_brand":[],"product_cat":[455],"product_tag":[],"class_list":{"0":"post-16550","1":"product","2":"type-product","3":"status-publish","4":"has-post-thumbnail","6":"product_cat-zanzibar","7":"tm-no-options-pxq","9":"first","10":"instock","11":"sold-individually","12":"taxable","13":"shipping-taxable","14":"purchasable","15":"product-type-simple","16":"entry","17":"content-bg","18":"loop-entry"},"yoast_head":"<!-- This site is optimized with the Yoast SEO plugin v27.3 - https:\/\/yoast.com\/product\/yoast-seo-wordpress\/ -->\n<title>\u0421\u0430\u0444\u0430\u0440\u0438-\u043f\u0430\u0440\u043a \u0421\u0435\u043b\u0443\u0441 \u043d\u0430 2 \u0434\u043d\u044f &#8226; \u042d\u043a\u0441\u043a\u0443\u0440\u0441\u0438\u0438 Skyline<\/title>\n<meta name=\"robots\" content=\"index, follow, max-snippet:-1, max-image-preview:large, max-video-preview:-1\" \/>\n<link rel=\"canonical\" href=\"https:\/\/skyline-gs.com\/hu\/termek\/selous-safari-park-2-days-zanzibar\/\" \/>\n<meta property=\"og:locale\" content=\"hu_HU\" \/>\n<meta property=\"og:type\" content=\"article\" \/>\n<meta property=\"og:title\" content=\"\u0421\u0430\u0444\u0430\u0440\u0438-\u043f\u0430\u0440\u043a \u0421\u0435\u043b\u0443\u0441 \u043d\u0430 2 \u0434\u043d\u044f &#8226; \u042d\u043a\u0441\u043a\u0443\u0440\u0441\u0438\u0438 Skyline\" \/>\n<meta property=\"og:description\" content=\"\u0421\u0430\u043c\u043e\u0435 \u043f\u043e\u043f\u0443\u043b\u044f\u0440\u043d\u043e\u0435 \u0441\u0430\u0444\u0430\u0440\u0438 &quot;\u0432\u0441\u0435 \u0432\u043a\u043b\u044e\u0447\u0435\u043d\u043e&quot;, \u0434\u043b\u044f \u043f\u0443\u0442\u0435\u0448\u0435\u0441\u0442\u0432\u0435\u043d\u043d\u0438\u043a\u043e\u0432, \u043a\u043e\u0442\u043e\u0440\u044b\u0435 \u0445\u043e\u0442\u044f\u0442 \u043f\u043e\u0431\u044b\u0432\u0430\u0442\u044c \u043d\u0430 \u0441\u0430\u0444\u0430\u0440\u0438, \u043d\u0435 \u0442\u0440\u0430\u0442\u044f \u043c\u043d\u043e\u0433\u043e \u0432\u0440\u0435\u043c\u0435\u043d\u0438 \u0438 \u0441\u0440\u0435\u0434\u0441\u0442\u0432.\" \/>\n<meta property=\"og:url\" content=\"https:\/\/skyline-gs.com\/hu\/termek\/selous-safari-park-2-days-zanzibar\/\" \/>\n<meta property=\"og:site_name\" content=\"\u042d\u043a\u0441\u043a\u0443\u0440\u0441\u0438\u0438 Skyline\" \/>\n<meta property=\"article:modified_time\" content=\"2024-01-24T15:11:50+00:00\" \/>\n<meta property=\"og:image\" content=\"https:\/\/skyline-gs.com\/wp-content\/uploads\/2020\/12\/Selus-dlya-sajta-20-of-29.jpg\" \/>\n\t<meta property=\"og:image:width\" content=\"900\" \/>\n\t<meta property=\"og:image:height\" content=\"600\" \/>\n\t<meta property=\"og:image:type\" content=\"image\/jpeg\" \/>\n<meta name=\"twitter:card\" content=\"summary_large_image\" \/>\n<meta name=\"twitter:label1\" content=\"Becs\u00fclt olvas\u00e1si id\u0151\" \/>\n\t<meta name=\"twitter:data1\" content=\"3 perc\" \/>\n<script type=\"application\/ld+json\" class=\"yoast-schema-graph\">{\"@context\":\"https:\\\/\\\/schema.org\",\"@graph\":[{\"@type\":\"WebPage\",\"@id\":\"https:\\\/\\\/skyline-gs.com\\\/en\\\/product-2\\\/selous-safari-park-2-days-zanzibar\\\/\",\"url\":\"https:\\\/\\\/skyline-gs.com\\\/en\\\/product-2\\\/selous-safari-park-2-days-zanzibar\\\/\",\"name\":\"\u0421\u0430\u0444\u0430\u0440\u0438-\u043f\u0430\u0440\u043a \u0421\u0435\u043b\u0443\u0441 \u043d\u0430 2 \u0434\u043d\u044f &#8226; \u042d\u043a\u0441\u043a\u0443\u0440\u0441\u0438\u0438 Skyline\",\"isPartOf\":{\"@id\":\"https:\\\/\\\/skyline-gs.com\\\/it\\\/#website\"},\"primaryImageOfPage\":{\"@id\":\"https:\\\/\\\/skyline-gs.com\\\/en\\\/product-2\\\/selous-safari-park-2-days-zanzibar\\\/#primaryimage\"},\"image\":{\"@id\":\"https:\\\/\\\/skyline-gs.com\\\/en\\\/product-2\\\/selous-safari-park-2-days-zanzibar\\\/#primaryimage\"},\"thumbnailUrl\":\"https:\\\/\\\/skyline-gs.com\\\/wp-content\\\/uploads\\\/2020\\\/12\\\/Selus-dlya-sajta-20-of-29.jpg\",\"datePublished\":\"2020-12-14T23:33:09+00:00\",\"dateModified\":\"2024-01-24T15:11:50+00:00\",\"breadcrumb\":{\"@id\":\"https:\\\/\\\/skyline-gs.com\\\/en\\\/product-2\\\/selous-safari-park-2-days-zanzibar\\\/#breadcrumb\"},\"inLanguage\":\"hu\",\"potentialAction\":[{\"@type\":\"ReadAction\",\"target\":[\"https:\\\/\\\/skyline-gs.com\\\/en\\\/product-2\\\/selous-safari-park-2-days-zanzibar\\\/\"]}]},{\"@type\":\"ImageObject\",\"inLanguage\":\"hu\",\"@id\":\"https:\\\/\\\/skyline-gs.com\\\/en\\\/product-2\\\/selous-safari-park-2-days-zanzibar\\\/#primaryimage\",\"url\":\"https:\\\/\\\/skyline-gs.com\\\/wp-content\\\/uploads\\\/2020\\\/12\\\/Selus-dlya-sajta-20-of-29.jpg\",\"contentUrl\":\"https:\\\/\\\/skyline-gs.com\\\/wp-content\\\/uploads\\\/2020\\\/12\\\/Selus-dlya-sajta-20-of-29.jpg\",\"width\":900,\"height\":600},{\"@type\":\"BreadcrumbList\",\"@id\":\"https:\\\/\\\/skyline-gs.com\\\/en\\\/product-2\\\/selous-safari-park-2-days-zanzibar\\\/#breadcrumb\",\"itemListElement\":[{\"@type\":\"ListItem\",\"position\":1,\"name\":\"\u0413\u043b\u0430\u0432\u043d\u0430\u044f \u0441\u0442\u0440\u0430\u043d\u0438\u0446\u0430\",\"item\":\"https:\\\/\\\/skyline-gs.com\\\/hu\\\/\"},{\"@type\":\"ListItem\",\"position\":2,\"name\":\"\u041c\u0430\u0433\u0430\u0437\u0438\u043d\",\"item\":\"https:\\\/\\\/skyline-gs.com\\\/cs\\\/shop\\\/\"},{\"@type\":\"ListItem\",\"position\":3,\"name\":\"\u0421\u0430\u0444\u0430\u0440\u0438-\u043f\u0430\u0440\u043a \u0421\u0435\u043b\u0443\u0441 \u043d\u0430 2 \u0434\u043d\u044f\"}]},{\"@type\":\"WebSite\",\"@id\":\"https:\\\/\\\/skyline-gs.com\\\/it\\\/#website\",\"url\":\"https:\\\/\\\/skyline-gs.com\\\/it\\\/\",\"name\":\"\u042d\u043a\u0441\u043a\u0443\u0440\u0441\u0438\u0438 Skyline\",\"description\":\"\u042d\u043a\u0441\u043a\u043b\u044e\u0437\u0438\u0432\u043d\u044b\u0435 \u044d\u043a\u0441\u043a\u0443\u0440\u0441\u0438\u0438 \u043d\u0430 \u043b\u0443\u0447\u0448\u0438\u0445 \u043a\u0443\u0440\u043e\u0440\u0442\u0430\u0445 \u043c\u0438\u0440\u0430\",\"publisher\":{\"@id\":\"https:\\\/\\\/skyline-gs.com\\\/it\\\/#organization\"},\"alternateName\":\"Skyline\",\"potentialAction\":[{\"@type\":\"SearchAction\",\"target\":{\"@type\":\"EntryPoint\",\"urlTemplate\":\"https:\\\/\\\/skyline-gs.com\\\/it\\\/?s={search_term_string}\"},\"query-input\":{\"@type\":\"PropertyValueSpecification\",\"valueRequired\":true,\"valueName\":\"search_term_string\"}}],\"inLanguage\":\"hu\"},{\"@type\":\"Organization\",\"@id\":\"https:\\\/\\\/skyline-gs.com\\\/it\\\/#organization\",\"name\":\"\u042d\u043a\u0441\u043a\u0443\u0440\u0441\u0438\u0438 Skyline\",\"alternateName\":\"\u042d\u043a\u0441\u043a\u0443\u0440\u0441\u0438\u0438 Skyline\",\"url\":\"https:\\\/\\\/skyline-gs.com\\\/it\\\/\",\"logo\":{\"@type\":\"ImageObject\",\"inLanguage\":\"hu\",\"@id\":\"https:\\\/\\\/skyline-gs.com\\\/it\\\/#\\\/schema\\\/logo\\\/image\\\/\",\"url\":\"https:\\\/\\\/skyline-gs.com\\\/wp-content\\\/uploads\\\/2020\\\/12\\\/cropped-logo-2.png\",\"contentUrl\":\"https:\\\/\\\/skyline-gs.com\\\/wp-content\\\/uploads\\\/2020\\\/12\\\/cropped-logo-2.png\",\"width\":512,\"height\":512,\"caption\":\"\u042d\u043a\u0441\u043a\u0443\u0440\u0441\u0438\u0438 Skyline\"},\"image\":{\"@id\":\"https:\\\/\\\/skyline-gs.com\\\/it\\\/#\\\/schema\\\/logo\\\/image\\\/\"},\"sameAs\":[\"https:\\\/\\\/www.instagram.com\\\/skylineglobalservice\\\/\"]}]}<\/script>\n<!-- \/ Yoast SEO plugin. -->","yoast_head_json":{"title":"\u0421\u0430\u0444\u0430\u0440\u0438-\u043f\u0430\u0440\u043a \u0421\u0435\u043b\u0443\u0441 \u043d\u0430 2 \u0434\u043d\u044f &#8226; \u042d\u043a\u0441\u043a\u0443\u0440\u0441\u0438\u0438 Skyline","robots":{"index":"index","follow":"follow","max-snippet":"max-snippet:-1","max-image-preview":"max-image-preview:large","max-video-preview":"max-video-preview:-1"},"canonical":"https:\/\/skyline-gs.com\/hu\/termek\/selous-safari-park-2-days-zanzibar\/","og_locale":"hu_HU","og_type":"article","og_title":"\u0421\u0430\u0444\u0430\u0440\u0438-\u043f\u0430\u0440\u043a \u0421\u0435\u043b\u0443\u0441 \u043d\u0430 2 \u0434\u043d\u044f &#8226; \u042d\u043a\u0441\u043a\u0443\u0440\u0441\u0438\u0438 Skyline","og_description":"\u0421\u0430\u043c\u043e\u0435 \u043f\u043e\u043f\u0443\u043b\u044f\u0440\u043d\u043e\u0435 \u0441\u0430\u0444\u0430\u0440\u0438 \"\u0432\u0441\u0435 \u0432\u043a\u043b\u044e\u0447\u0435\u043d\u043e\", \u0434\u043b\u044f \u043f\u0443\u0442\u0435\u0448\u0435\u0441\u0442\u0432\u0435\u043d\u043d\u0438\u043a\u043e\u0432, \u043a\u043e\u0442\u043e\u0440\u044b\u0435 \u0445\u043e\u0442\u044f\u0442 \u043f\u043e\u0431\u044b\u0432\u0430\u0442\u044c \u043d\u0430 \u0441\u0430\u0444\u0430\u0440\u0438, \u043d\u0435 \u0442\u0440\u0430\u0442\u044f \u043c\u043d\u043e\u0433\u043e \u0432\u0440\u0435\u043c\u0435\u043d\u0438 \u0438 \u0441\u0440\u0435\u0434\u0441\u0442\u0432.","og_url":"https:\/\/skyline-gs.com\/hu\/termek\/selous-safari-park-2-days-zanzibar\/","og_site_name":"\u042d\u043a\u0441\u043a\u0443\u0440\u0441\u0438\u0438 Skyline","article_modified_time":"2024-01-24T15:11:50+00:00","og_image":[{"width":900,"height":600,"url":"https:\/\/skyline-gs.com\/wp-content\/uploads\/2020\/12\/Selus-dlya-sajta-20-of-29.jpg","type":"image\/jpeg"}],"twitter_card":"summary_large_image","twitter_misc":{"Becs\u00fclt olvas\u00e1si id\u0151":"3 perc"},"schema":{"@context":"https:\/\/schema.org","@graph":[{"@type":"WebPage","@id":"https:\/\/skyline-gs.com\/en\/product-2\/selous-safari-park-2-days-zanzibar\/","url":"https:\/\/skyline-gs.com\/en\/product-2\/selous-safari-park-2-days-zanzibar\/","name":"\u0421\u0430\u0444\u0430\u0440\u0438-\u043f\u0430\u0440\u043a \u0421\u0435\u043b\u0443\u0441 \u043d\u0430 2 \u0434\u043d\u044f &#8226; \u042d\u043a\u0441\u043a\u0443\u0440\u0441\u0438\u0438 Skyline","isPartOf":{"@id":"https:\/\/skyline-gs.com\/it\/#website"},"primaryImageOfPage":{"@id":"https:\/\/skyline-gs.com\/en\/product-2\/selous-safari-park-2-days-zanzibar\/#primaryimage"},"image":{"@id":"https:\/\/skyline-gs.com\/en\/product-2\/selous-safari-park-2-days-zanzibar\/#primaryimage"},"thumbnailUrl":"https:\/\/skyline-gs.com\/wp-content\/uploads\/2020\/12\/Selus-dlya-sajta-20-of-29.jpg","datePublished":"2020-12-14T23:33:09+00:00","dateModified":"2024-01-24T15:11:50+00:00","breadcrumb":{"@id":"https:\/\/skyline-gs.com\/en\/product-2\/selous-safari-park-2-days-zanzibar\/#breadcrumb"},"inLanguage":"hu","potentialAction":[{"@type":"ReadAction","target":["https:\/\/skyline-gs.com\/en\/product-2\/selous-safari-park-2-days-zanzibar\/"]}]},{"@type":"ImageObject","inLanguage":"hu","@id":"https:\/\/skyline-gs.com\/en\/product-2\/selous-safari-park-2-days-zanzibar\/#primaryimage","url":"https:\/\/skyline-gs.com\/wp-content\/uploads\/2020\/12\/Selus-dlya-sajta-20-of-29.jpg","contentUrl":"https:\/\/skyline-gs.com\/wp-content\/uploads\/2020\/12\/Selus-dlya-sajta-20-of-29.jpg","width":900,"height":600},{"@type":"BreadcrumbList","@id":"https:\/\/skyline-gs.com\/en\/product-2\/selous-safari-park-2-days-zanzibar\/#breadcrumb","itemListElement":[{"@type":"ListItem","position":1,"name":"\u0413\u043b\u0430\u0432\u043d\u0430\u044f \u0441\u0442\u0440\u0430\u043d\u0438\u0446\u0430","item":"https:\/\/skyline-gs.com\/hu\/"},{"@type":"ListItem","position":2,"name":"\u041c\u0430\u0433\u0430\u0437\u0438\u043d","item":"https:\/\/skyline-gs.com\/cs\/shop\/"},{"@type":"ListItem","position":3,"name":"\u0421\u0430\u0444\u0430\u0440\u0438-\u043f\u0430\u0440\u043a \u0421\u0435\u043b\u0443\u0441 \u043d\u0430 2 \u0434\u043d\u044f"}]},{"@type":"WebSite","@id":"https:\/\/skyline-gs.com\/it\/#website","url":"https:\/\/skyline-gs.com\/it\/","name":"Skyline T\u00far\u00e1k","description":"Exkluz\u00edv kir\u00e1ndul\u00e1sok a vil\u00e1g legjobb \u00fcd\u00fcl\u0151helyein","publisher":{"@id":"https:\/\/skyline-gs.com\/it\/#organization"},"alternateName":"Skyline","potentialAction":[{"@type":"SearchAction","target":{"@type":"EntryPoint","urlTemplate":"https:\/\/skyline-gs.com\/it\/?s={search_term_string}"},"query-input":{"@type":"PropertyValueSpecification","valueRequired":true,"valueName":"search_term_string"}}],"inLanguage":"hu"},{"@type":"Organization","@id":"https:\/\/skyline-gs.com\/it\/#organization","name":"Skyline T\u00far\u00e1k","alternateName":"\u042d\u043a\u0441\u043a\u0443\u0440\u0441\u0438\u0438 Skyline","url":"https:\/\/skyline-gs.com\/it\/","logo":{"@type":"ImageObject","inLanguage":"hu","@id":"https:\/\/skyline-gs.com\/it\/#\/schema\/logo\/image\/","url":"https:\/\/skyline-gs.com\/wp-content\/uploads\/2020\/12\/cropped-logo-2.png","contentUrl":"https:\/\/skyline-gs.com\/wp-content\/uploads\/2020\/12\/cropped-logo-2.png","width":512,"height":512,"caption":"\u042d\u043a\u0441\u043a\u0443\u0440\u0441\u0438\u0438 Skyline"},"image":{"@id":"https:\/\/skyline-gs.com\/it\/#\/schema\/logo\/image\/"},"sameAs":["https:\/\/www.instagram.com\/skylineglobalservice\/"]}]}},"_links":{"self":[{"href":"https:\/\/skyline-gs.com\/hu\/wp-json\/wp\/v2\/product\/16550","targetHints":{"allow":["GET"]}}],"collection":[{"href":"https:\/\/skyline-gs.com\/hu\/wp-json\/wp\/v2\/product"}],"about":[{"href":"https:\/\/skyline-gs.com\/hu\/wp-json\/wp\/v2\/types\/product"}],"version-history":[{"count":0,"href":"https:\/\/skyline-gs.com\/hu\/wp-json\/wp\/v2\/product\/16550\/revisions"}],"wp:featuredmedia":[{"embeddable":true,"href":"https:\/\/skyline-gs.com\/hu\/wp-json\/wp\/v2\/media\/25608"}],"wp:attachment":[{"href":"https:\/\/skyline-gs.com\/hu\/wp-json\/wp\/v2\/media?parent=16550"}],"wp:term":[{"taxonomy":"product_brand","embeddable":true,"href":"https:\/\/skyline-gs.com\/hu\/wp-json\/wp\/v2\/product_brand?post=16550"},{"taxonomy":"product_cat","embeddable":true,"href":"https:\/\/skyline-gs.com\/hu\/wp-json\/wp\/v2\/product_cat?post=16550"},{"taxonomy":"product_tag","embeddable":true,"href":"https:\/\/skyline-gs.com\/hu\/wp-json\/wp\/v2\/product_tag?post=16550"}],"curies":[{"name":"wp","href":"https:\/\/api.w.org\/{rel}","templated":true}]}}