{"id":16529,"date":"2020-12-15T00:50:52","date_gmt":"2020-12-14T22:50:52","guid":{"rendered":"http:\/\/skyline-gs.com\/?post_type=product&#038;p=16529"},"modified":"2024-01-24T17:12:04","modified_gmt":"2024-01-24T15:12:04","slug":"lake-manyara-ngorongoro-masai-2-days-zanzibar","status":"publish","type":"product","link":"https:\/\/skyline-gs.com\/hu\/product\/lake-manyara-ngorongoro-masai-2-days-zanzibar\/","title":{"rendered":"Manyara-t\u00f3, Ngorongoro \u00e9s a masz\u00e1j t\u00f6rzs 2 napra"},"content":{"rendered":"<p><strong>1. NAP: MANIARA-T\u00d3<\/strong><\/p>\n<p>5:30 indul\u00e1s a zanzib\u00e1ri sz\u00e1llod\u00e1b\u00f3l. A csoport meg\u00e9rkez\u00e9se az arushai rep\u00fcl\u0151t\u00e9rre 9:00 \u00f3ra k\u00f6r\u00fcl. A t\u00fara r\u00e9sztvev\u0151inek tal\u00e1lkoz\u00e1sa a c\u00e9g k\u00e9pvisel\u0151j\u00e9vel, jelz\u00e9sekkel. K\u00f6r\u00fclbel\u00fcl 2,5 \u00f3r\u00e1s transzfer d\u00e9lnyugatra, a Manyara Nemzeti Parkba. A parkba vezet\u0151 \u00fat a \"Nagy Afrikai Hasad\u00e9k\" n\u00e9ven vil\u00e1gh\u00edr\u0171v\u00e9 v\u00e1lt hasad\u00e9kv\u00f6lgy ment\u00e9n vezet. A park \u00e1llatvil\u00e1ga nagyon v\u00e1ltozatos. Hatalmas b\u00f6l\u00e9nycsord\u00e1k, grue-antilopok \u00e9s zebr\u00e1k gy\u0171lnek \u00f6ssze a park s\u00edk r\u00e9sz\u00e9n. Az \u00e1rter\u00fclet bels\u0151 r\u00e9sze az elef\u00e1ntok, zsir\u00e1fok, v\u00edzilovak, t\u00f6rpe dik dik antilopok kedvenc helye. A Manyara park vil\u00e1gh\u00edr\u0171 a f\u00e1ra m\u00e1sz\u00f3 oroszl\u00e1njair\u00f3l, ahol a nap nagy r\u00e9sz\u00e9t zs\u00e1km\u00e1nyszerz\u00e9ssel t\u00f6ltik. Eb\u00e9did\u0151ben meg\u00e1llnak egy fest\u0151i sz\u00e9ps\u00e9g\u0171 helyen, ahol a sof\u0151r eb\u00e9ddobozokkal l\u00e1tja el \u00f6n\u00f6ket az eb\u00e9dhez. Eb\u00e9d ut\u00e1n folytat\u00f3dik a szafari eg\u00e9szen estig. Vacsora \u00e9s \u00e9jszakai sz\u00e1ll\u00e1s a The Castle Lodge-ban.<\/p>\n<p><strong>2. NAP: NGORONGORO<\/strong><\/p>\n<p>Korai reggeli. Indul\u00e1s szafarira az egyed\u00fcl\u00e1ll\u00f3 Ngorongoro Vadrezerv\u00e1tumba, amely t\u00f6bb mint 25 000 \u00e1llatfajnak ad otthont. K\u00f6r\u00fclbel\u00fcl egy \u00f3r\u00e1val az indul\u00e1s ut\u00e1n a kr\u00e1ter belsej\u00e9ben lesz. Szavann\u00e1i \u00e9s hegyi erdei v\u00edzilovaknak, b\u00f6l\u00e9nyeknek, antilopoknak, zebr\u00e1knak, fekete orrszarv\u00faaknak \u00e9s k\u00fcl\u00f6nf\u00e9le ragadoz\u00f3knak - oroszl\u00e1noknak, gep\u00e1rdoknak, hi\u00e9n\u00e1knak, leop\u00e1rdoknak \u00e9s sak\u00e1loknak - adnak otthont. A kr\u00e1ter alj\u00e1n tal\u00e1lhat\u00f3 Magadi-t\u00f3n\u00e1l pedig Afrika legnagyobb r\u00f3zsasz\u00edn flaming\u00f3-popul\u00e1ci\u00f3ja \u00e9l. Ha szerencs\u00e9nk van, itt l\u00e1thatjuk teljes er\u0151vel Afrika \"Nagy \u00d6t\u00f6s\u00e9t\". Eb\u00e9d (eb\u00e9ddobozok). A szafari v\u00e9ge.<\/p>\n<p>Az utaz\u00e1s a masz\u00e1j t\u00f6rzs megismer\u00e9s\u00e9vel folytat\u00f3dik. Utaz\u00e1s egy sz\u00ednes afrikai faluba, amelyet szinte \u00e9rintetlen\u00fcl hagynak a civiliz\u00e1ci\u00f3 el\u0151nyei. A masz\u00e1jok Tanz\u00e1nia legh\u00edresebb t\u00f6rzse, \u0151k tov\u00e1bbra is f\u00e9lnom\u00e1d n\u00e9p, \u00e9s szarvasmarha-teny\u00e9szt\u00e9ssel foglalkoznak. A masz\u00e1jok gener\u00e1ci\u00f3r\u00f3l gener\u00e1ci\u00f3ra \u0151rzik hagyom\u00e1nyos \u00e9letm\u00f3djukat, \u00e9s a 21. sz\u00e1zadban k\u00e9szek megnyitni kapuikat a turist\u00e1k el\u0151tt, hogy megismertess\u00e9k vel\u00fck \u00e9let\u00fcket, hagyom\u00e1nyaikat \u00e9s kult\u00far\u00e1jukat.<\/p>\n<p>Indul\u00e1s Arusha v\u00e1ros\u00e1ba. Rep\u00fcl\u00e9s Zanzib\u00e1rba. Transzfer vissza a sz\u00e1llod\u00e1ba.<\/p>\n<p><strong>Mit tartalmaz:<\/strong><\/p>\n<ul>\n<li>Az \u00f6sszes transzfer a program szerint<\/li>\n<li>Rep\u00fcl\u0151jegy Zanzib\u00e1r - Arusha - Zanzib\u00e1r;<\/li>\n<li>Sz\u00e1ll\u00e1s a programnak megfelel\u0151 sz\u00e1llod\u00e1kban;<\/li>\n<li>Napi h\u00e1romszori \u00e9tkez\u00e9s;<\/li>\n<li>V\u00edz \u00e9s \u00fcd\u00edt\u0151italok a t\u00fara sor\u00e1n;<\/li>\n<li>Orvosi csomag;<\/li>\n<li>Hivat\u00e1sos erd\u0151j\u00e1r\u00f3 idegenvezet\u0151 k\u00eds\u00e9ret\u00e9ben;<\/li>\n<li>Szafarik \u00e9s kir\u00e1ndul\u00e1sok a programon 4*4-es n\u00e9gyker\u00e9k-meghajt\u00e1s\u00fa szafari dzsippel;<\/li>\n<li>Nemzeti parkok bel\u00e9p\u0151d\u00edjai.<\/li>\n<\/ul>\n<p><strong>L\u00e9nyeges:<\/strong><\/p>\n<ul>\n<li>\u00datlev\u00e9l. B\u00e1r Zanzib\u00e1r Tanz\u00e1nia r\u00e9sze, a rep\u00fcl\u0151t\u00e9ren mindannyian \u00e1tmegy\u00fcnk az \u00fatlev\u00e9l-ellen\u0151rz\u00e9sen;<\/li>\n<li>K\u00e9nyelmes cip\u0151 \u00e9s ruh\u00e1zat. K\u00f6nny\u0171 nadr\u00e1g, hossz\u00fa ujj\u00fa ing, p\u00f3l\u00f3, szem\u00e9lyes t\u00e1rgyak (legfeljebb 5 kg);<\/li>\n<li>Egy kab\u00e1t, es\u0151 vagy h\u0171v\u00f6s est\u00e9k eset\u00e9n;<\/li>\n<li>Fot\u00f3-vide\u00f3 felszerel\u00e9s. El\u0151zetesen t\u00f6ltse fel eszk\u00f6zeit;<\/li>\n<li>V\u00e1ltsd \u00e1t a p\u00e9nzed kis c\u00edmletekre. Ezek hasznosak az aj\u00e1nd\u00e9kt\u00e1rgyakra \u00e9s a borraval\u00f3ra a park\u0151r\u00f6knek. Az aj\u00e1nlott borraval\u00f3 5$ szem\u00e9lyenk\u00e9nt;<\/li>\n<li>Reggeli uzsonna (a sz\u00e1lloda recepci\u00f3j\u00e1n elmagyar\u00e1zza, hogy kora reggel indulnak kir\u00e1ndulni, \u00e9s sz\u00fcks\u00e9g\u00fck van egy eb\u00e9ddobozra, a sz\u00e1llod\u00e1k ingyenesen biztos\u00edtj\u00e1k ezt a szolg\u00e1ltat\u00e1st);<\/li>\n<li><span class=\"fontstyle0\">Napszem\u00fcveg \u00e9s panama, naptej;<\/span><\/li>\n<li><span class=\"fontstyle0\">Szem\u00e9lyi higi\u00e9niai term\u00e9kek, szem\u00e9lyes els\u0151seg\u00e9lycsomag;<\/span><\/li>\n<li><span class=\"fontstyle0\">K\u00e9zfert\u0151tlen\u00edt\u0151 g\u00e9l.<\/span><\/li>\n<\/ul>","protected":false},"excerpt":{"rendered":"<p>\u00c9szak-Tanz\u00e1nia szafari 2 napra a k\u00f6vetkez\u0151 form\u00e1tumban\u00a0<strong>\"all-inclusive<\/strong>\u00a0a Ngorongoro \u00e9s a Manyara-t\u00f3 parkok megl\u00e1togat\u00e1s\u00e1val<\/p>","protected":false},"featured_media":25685,"template":"","meta":{"_kad_post_transparent":"default","_kad_post_title":"","_kad_post_layout":"default","_kad_post_sidebar_id":"","_kad_post_content_style":"default","_kad_post_vertical_padding":"default","_kad_post_feature":"","_kad_post_feature_position":"","_kad_post_header":false,"_kad_post_footer":false,"_kad_post_classname":"","_glsr_average":0,"_glsr_ranking":0,"_glsr_reviews":0},"product_brand":[],"product_cat":[455],"product_tag":[],"class_list":{"0":"post-16529","1":"product","2":"type-product","3":"status-publish","4":"has-post-thumbnail","6":"product_cat-zanzibar","7":"tm-has-options","9":"first","10":"instock","11":"sold-individually","12":"taxable","13":"shipping-taxable","14":"purchasable","15":"product-type-simple","16":"entry","17":"content-bg","18":"loop-entry"},"yoast_head":"<!-- This site is optimized with the Yoast SEO plugin v27.3 - https:\/\/yoast.com\/product\/yoast-seo-wordpress\/ -->\n<title>\u041e\u0437\u0435\u0440\u043e \u041c\u0430\u043d\u044c\u044f\u0440\u0430, \u041d\u0433\u043e\u0440\u043e\u043d\u0433\u043e\u0440\u043e \u0438 \u043f\u043b\u0435\u043c\u044f \u041c\u0430\u0441\u0430\u0438 \u043d\u0430 2 \u0434\u043d\u044f &#8226; \u042d\u043a\u0441\u043a\u0443\u0440\u0441\u0438\u0438 Skyline<\/title>\n<meta name=\"robots\" content=\"index, follow, max-snippet:-1, max-image-preview:large, max-video-preview:-1\" \/>\n<link rel=\"canonical\" href=\"https:\/\/skyline-gs.com\/hu\/termek\/lake-manyara-ngorongoro-masai-2-days-zanzibar\/\" \/>\n<meta property=\"og:locale\" content=\"hu_HU\" \/>\n<meta property=\"og:type\" content=\"article\" \/>\n<meta property=\"og:title\" content=\"\u041e\u0437\u0435\u0440\u043e \u041c\u0430\u043d\u044c\u044f\u0440\u0430, \u041d\u0433\u043e\u0440\u043e\u043d\u0433\u043e\u0440\u043e \u0438 \u043f\u043b\u0435\u043c\u044f \u041c\u0430\u0441\u0430\u0438 \u043d\u0430 2 \u0434\u043d\u044f &#8226; \u042d\u043a\u0441\u043a\u0443\u0440\u0441\u0438\u0438 Skyline\" \/>\n<meta property=\"og:description\" content=\"\u0421\u0430\u0444\u0430\u0440\u0438 \u0432 \u0421\u0435\u0432\u0435\u0440\u043d\u043e\u0439 \u0422\u0430\u043d\u0437\u0430\u043d\u0438\u0438 \u043d\u0430 2 \u0434\u043d\u044f \u0432 \u0444\u043e\u0440\u043c\u0430\u0442\u0435\u00a0&quot;\u0432\u0441\u0435 \u0432\u043a\u043b\u044e\u0447\u0435\u043d\u043e&quot;\u00a0\u0441 \u043f\u043e\u0441\u0435\u0449\u0435\u043d\u0438\u0435\u043c \u043f\u0430\u0440\u043a\u043e\u0432 \u041d\u0433\u043e\u0440\u043e\u043d\u0433\u043e\u0440\u043e \u0438 \u041e\u0437\u0435\u0440\u043e \u041c\u0430\u043d\u044c\u044f\u0440\u0430\" \/>\n<meta property=\"og:url\" content=\"https:\/\/skyline-gs.com\/hu\/termek\/lake-manyara-ngorongoro-masai-2-days-zanzibar\/\" \/>\n<meta property=\"og:site_name\" content=\"\u042d\u043a\u0441\u043a\u0443\u0440\u0441\u0438\u0438 Skyline\" \/>\n<meta property=\"article:modified_time\" content=\"2024-01-24T15:12:04+00:00\" \/>\n<meta property=\"og:image\" content=\"https:\/\/skyline-gs.com\/wp-content\/uploads\/2020\/12\/Ozero-Manyara-34-of-40.jpg\" \/>\n\t<meta property=\"og:image:width\" content=\"900\" \/>\n\t<meta property=\"og:image:height\" content=\"600\" \/>\n\t<meta property=\"og:image:type\" content=\"image\/jpeg\" \/>\n<meta name=\"twitter:card\" content=\"summary_large_image\" \/>\n<meta name=\"twitter:label1\" content=\"Becs\u00fclt olvas\u00e1si id\u0151\" \/>\n\t<meta name=\"twitter:data1\" content=\"3 perc\" \/>\n<script type=\"application\/ld+json\" class=\"yoast-schema-graph\">{\"@context\":\"https:\\\/\\\/schema.org\",\"@graph\":[{\"@type\":\"WebPage\",\"@id\":\"https:\\\/\\\/skyline-gs.com\\\/it\\\/prodotto\\\/lake-manyara-ngorongoro-masai-2-days-zanzibar\\\/\",\"url\":\"https:\\\/\\\/skyline-gs.com\\\/it\\\/prodotto\\\/lake-manyara-ngorongoro-masai-2-days-zanzibar\\\/\",\"name\":\"\u041e\u0437\u0435\u0440\u043e \u041c\u0430\u043d\u044c\u044f\u0440\u0430, \u041d\u0433\u043e\u0440\u043e\u043d\u0433\u043e\u0440\u043e \u0438 \u043f\u043b\u0435\u043c\u044f \u041c\u0430\u0441\u0430\u0438 \u043d\u0430 2 \u0434\u043d\u044f &#8226; \u042d\u043a\u0441\u043a\u0443\u0440\u0441\u0438\u0438 Skyline\",\"isPartOf\":{\"@id\":\"https:\\\/\\\/skyline-gs.com\\\/it\\\/#website\"},\"primaryImageOfPage\":{\"@id\":\"https:\\\/\\\/skyline-gs.com\\\/it\\\/prodotto\\\/lake-manyara-ngorongoro-masai-2-days-zanzibar\\\/#primaryimage\"},\"image\":{\"@id\":\"https:\\\/\\\/skyline-gs.com\\\/it\\\/prodotto\\\/lake-manyara-ngorongoro-masai-2-days-zanzibar\\\/#primaryimage\"},\"thumbnailUrl\":\"https:\\\/\\\/skyline-gs.com\\\/wp-content\\\/uploads\\\/2020\\\/12\\\/Ozero-Manyara-34-of-40.jpg\",\"datePublished\":\"2020-12-14T22:50:52+00:00\",\"dateModified\":\"2024-01-24T15:12:04+00:00\",\"breadcrumb\":{\"@id\":\"https:\\\/\\\/skyline-gs.com\\\/it\\\/prodotto\\\/lake-manyara-ngorongoro-masai-2-days-zanzibar\\\/#breadcrumb\"},\"inLanguage\":\"hu\",\"potentialAction\":[{\"@type\":\"ReadAction\",\"target\":[\"https:\\\/\\\/skyline-gs.com\\\/it\\\/prodotto\\\/lake-manyara-ngorongoro-masai-2-days-zanzibar\\\/\"]}]},{\"@type\":\"ImageObject\",\"inLanguage\":\"hu\",\"@id\":\"https:\\\/\\\/skyline-gs.com\\\/it\\\/prodotto\\\/lake-manyara-ngorongoro-masai-2-days-zanzibar\\\/#primaryimage\",\"url\":\"https:\\\/\\\/skyline-gs.com\\\/wp-content\\\/uploads\\\/2020\\\/12\\\/Ozero-Manyara-34-of-40.jpg\",\"contentUrl\":\"https:\\\/\\\/skyline-gs.com\\\/wp-content\\\/uploads\\\/2020\\\/12\\\/Ozero-Manyara-34-of-40.jpg\",\"width\":900,\"height\":600},{\"@type\":\"BreadcrumbList\",\"@id\":\"https:\\\/\\\/skyline-gs.com\\\/it\\\/prodotto\\\/lake-manyara-ngorongoro-masai-2-days-zanzibar\\\/#breadcrumb\",\"itemListElement\":[{\"@type\":\"ListItem\",\"position\":1,\"name\":\"\u0413\u043b\u0430\u0432\u043d\u0430\u044f \u0441\u0442\u0440\u0430\u043d\u0438\u0446\u0430\",\"item\":\"https:\\\/\\\/skyline-gs.com\\\/hu\\\/\"},{\"@type\":\"ListItem\",\"position\":2,\"name\":\"\u041c\u0430\u0433\u0430\u0437\u0438\u043d\",\"item\":\"https:\\\/\\\/skyline-gs.com\\\/cs\\\/shop\\\/\"},{\"@type\":\"ListItem\",\"position\":3,\"name\":\"\u041e\u0437\u0435\u0440\u043e \u041c\u0430\u043d\u044c\u044f\u0440\u0430, \u041d\u0433\u043e\u0440\u043e\u043d\u0433\u043e\u0440\u043e \u0438 \u043f\u043b\u0435\u043c\u044f \u041c\u0430\u0441\u0430\u0438 \u043d\u0430 2 \u0434\u043d\u044f\"}]},{\"@type\":\"WebSite\",\"@id\":\"https:\\\/\\\/skyline-gs.com\\\/it\\\/#website\",\"url\":\"https:\\\/\\\/skyline-gs.com\\\/it\\\/\",\"name\":\"\u042d\u043a\u0441\u043a\u0443\u0440\u0441\u0438\u0438 Skyline\",\"description\":\"\u042d\u043a\u0441\u043a\u043b\u044e\u0437\u0438\u0432\u043d\u044b\u0435 \u044d\u043a\u0441\u043a\u0443\u0440\u0441\u0438\u0438 \u043d\u0430 \u043b\u0443\u0447\u0448\u0438\u0445 \u043a\u0443\u0440\u043e\u0440\u0442\u0430\u0445 \u043c\u0438\u0440\u0430\",\"publisher\":{\"@id\":\"https:\\\/\\\/skyline-gs.com\\\/it\\\/#organization\"},\"alternateName\":\"Skyline\",\"potentialAction\":[{\"@type\":\"SearchAction\",\"target\":{\"@type\":\"EntryPoint\",\"urlTemplate\":\"https:\\\/\\\/skyline-gs.com\\\/it\\\/?s={search_term_string}\"},\"query-input\":{\"@type\":\"PropertyValueSpecification\",\"valueRequired\":true,\"valueName\":\"search_term_string\"}}],\"inLanguage\":\"hu\"},{\"@type\":\"Organization\",\"@id\":\"https:\\\/\\\/skyline-gs.com\\\/it\\\/#organization\",\"name\":\"\u042d\u043a\u0441\u043a\u0443\u0440\u0441\u0438\u0438 Skyline\",\"alternateName\":\"\u042d\u043a\u0441\u043a\u0443\u0440\u0441\u0438\u0438 Skyline\",\"url\":\"https:\\\/\\\/skyline-gs.com\\\/it\\\/\",\"logo\":{\"@type\":\"ImageObject\",\"inLanguage\":\"hu\",\"@id\":\"https:\\\/\\\/skyline-gs.com\\\/it\\\/#\\\/schema\\\/logo\\\/image\\\/\",\"url\":\"https:\\\/\\\/skyline-gs.com\\\/wp-content\\\/uploads\\\/2020\\\/12\\\/cropped-logo-2.png\",\"contentUrl\":\"https:\\\/\\\/skyline-gs.com\\\/wp-content\\\/uploads\\\/2020\\\/12\\\/cropped-logo-2.png\",\"width\":512,\"height\":512,\"caption\":\"\u042d\u043a\u0441\u043a\u0443\u0440\u0441\u0438\u0438 Skyline\"},\"image\":{\"@id\":\"https:\\\/\\\/skyline-gs.com\\\/it\\\/#\\\/schema\\\/logo\\\/image\\\/\"},\"sameAs\":[\"https:\\\/\\\/www.instagram.com\\\/skylineglobalservice\\\/\"]}]}<\/script>\n<!-- \/ Yoast SEO plugin. -->","yoast_head_json":{"title":"\u041e\u0437\u0435\u0440\u043e \u041c\u0430\u043d\u044c\u044f\u0440\u0430, \u041d\u0433\u043e\u0440\u043e\u043d\u0433\u043e\u0440\u043e \u0438 \u043f\u043b\u0435\u043c\u044f \u041c\u0430\u0441\u0430\u0438 \u043d\u0430 2 \u0434\u043d\u044f &#8226; \u042d\u043a\u0441\u043a\u0443\u0440\u0441\u0438\u0438 Skyline","robots":{"index":"index","follow":"follow","max-snippet":"max-snippet:-1","max-image-preview":"max-image-preview:large","max-video-preview":"max-video-preview:-1"},"canonical":"https:\/\/skyline-gs.com\/hu\/termek\/lake-manyara-ngorongoro-masai-2-days-zanzibar\/","og_locale":"hu_HU","og_type":"article","og_title":"\u041e\u0437\u0435\u0440\u043e \u041c\u0430\u043d\u044c\u044f\u0440\u0430, \u041d\u0433\u043e\u0440\u043e\u043d\u0433\u043e\u0440\u043e \u0438 \u043f\u043b\u0435\u043c\u044f \u041c\u0430\u0441\u0430\u0438 \u043d\u0430 2 \u0434\u043d\u044f &#8226; \u042d\u043a\u0441\u043a\u0443\u0440\u0441\u0438\u0438 Skyline","og_description":"\u0421\u0430\u0444\u0430\u0440\u0438 \u0432 \u0421\u0435\u0432\u0435\u0440\u043d\u043e\u0439 \u0422\u0430\u043d\u0437\u0430\u043d\u0438\u0438 \u043d\u0430 2 \u0434\u043d\u044f \u0432 \u0444\u043e\u0440\u043c\u0430\u0442\u0435\u00a0\"\u0432\u0441\u0435 \u0432\u043a\u043b\u044e\u0447\u0435\u043d\u043e\"\u00a0\u0441 \u043f\u043e\u0441\u0435\u0449\u0435\u043d\u0438\u0435\u043c \u043f\u0430\u0440\u043a\u043e\u0432 \u041d\u0433\u043e\u0440\u043e\u043d\u0433\u043e\u0440\u043e \u0438 \u041e\u0437\u0435\u0440\u043e \u041c\u0430\u043d\u044c\u044f\u0440\u0430","og_url":"https:\/\/skyline-gs.com\/hu\/termek\/lake-manyara-ngorongoro-masai-2-days-zanzibar\/","og_site_name":"\u042d\u043a\u0441\u043a\u0443\u0440\u0441\u0438\u0438 Skyline","article_modified_time":"2024-01-24T15:12:04+00:00","og_image":[{"width":900,"height":600,"url":"https:\/\/skyline-gs.com\/wp-content\/uploads\/2020\/12\/Ozero-Manyara-34-of-40.jpg","type":"image\/jpeg"}],"twitter_card":"summary_large_image","twitter_misc":{"Becs\u00fclt olvas\u00e1si id\u0151":"3 perc"},"schema":{"@context":"https:\/\/schema.org","@graph":[{"@type":"WebPage","@id":"https:\/\/skyline-gs.com\/it\/prodotto\/lake-manyara-ngorongoro-masai-2-days-zanzibar\/","url":"https:\/\/skyline-gs.com\/it\/prodotto\/lake-manyara-ngorongoro-masai-2-days-zanzibar\/","name":"\u041e\u0437\u0435\u0440\u043e \u041c\u0430\u043d\u044c\u044f\u0440\u0430, \u041d\u0433\u043e\u0440\u043e\u043d\u0433\u043e\u0440\u043e \u0438 \u043f\u043b\u0435\u043c\u044f \u041c\u0430\u0441\u0430\u0438 \u043d\u0430 2 \u0434\u043d\u044f &#8226; \u042d\u043a\u0441\u043a\u0443\u0440\u0441\u0438\u0438 Skyline","isPartOf":{"@id":"https:\/\/skyline-gs.com\/it\/#website"},"primaryImageOfPage":{"@id":"https:\/\/skyline-gs.com\/it\/prodotto\/lake-manyara-ngorongoro-masai-2-days-zanzibar\/#primaryimage"},"image":{"@id":"https:\/\/skyline-gs.com\/it\/prodotto\/lake-manyara-ngorongoro-masai-2-days-zanzibar\/#primaryimage"},"thumbnailUrl":"https:\/\/skyline-gs.com\/wp-content\/uploads\/2020\/12\/Ozero-Manyara-34-of-40.jpg","datePublished":"2020-12-14T22:50:52+00:00","dateModified":"2024-01-24T15:12:04+00:00","breadcrumb":{"@id":"https:\/\/skyline-gs.com\/it\/prodotto\/lake-manyara-ngorongoro-masai-2-days-zanzibar\/#breadcrumb"},"inLanguage":"hu","potentialAction":[{"@type":"ReadAction","target":["https:\/\/skyline-gs.com\/it\/prodotto\/lake-manyara-ngorongoro-masai-2-days-zanzibar\/"]}]},{"@type":"ImageObject","inLanguage":"hu","@id":"https:\/\/skyline-gs.com\/it\/prodotto\/lake-manyara-ngorongoro-masai-2-days-zanzibar\/#primaryimage","url":"https:\/\/skyline-gs.com\/wp-content\/uploads\/2020\/12\/Ozero-Manyara-34-of-40.jpg","contentUrl":"https:\/\/skyline-gs.com\/wp-content\/uploads\/2020\/12\/Ozero-Manyara-34-of-40.jpg","width":900,"height":600},{"@type":"BreadcrumbList","@id":"https:\/\/skyline-gs.com\/it\/prodotto\/lake-manyara-ngorongoro-masai-2-days-zanzibar\/#breadcrumb","itemListElement":[{"@type":"ListItem","position":1,"name":"\u0413\u043b\u0430\u0432\u043d\u0430\u044f \u0441\u0442\u0440\u0430\u043d\u0438\u0446\u0430","item":"https:\/\/skyline-gs.com\/hu\/"},{"@type":"ListItem","position":2,"name":"\u041c\u0430\u0433\u0430\u0437\u0438\u043d","item":"https:\/\/skyline-gs.com\/cs\/shop\/"},{"@type":"ListItem","position":3,"name":"\u041e\u0437\u0435\u0440\u043e \u041c\u0430\u043d\u044c\u044f\u0440\u0430, \u041d\u0433\u043e\u0440\u043e\u043d\u0433\u043e\u0440\u043e \u0438 \u043f\u043b\u0435\u043c\u044f \u041c\u0430\u0441\u0430\u0438 \u043d\u0430 2 \u0434\u043d\u044f"}]},{"@type":"WebSite","@id":"https:\/\/skyline-gs.com\/it\/#website","url":"https:\/\/skyline-gs.com\/it\/","name":"Skyline T\u00far\u00e1k","description":"Exkluz\u00edv kir\u00e1ndul\u00e1sok a vil\u00e1g legjobb \u00fcd\u00fcl\u0151helyein","publisher":{"@id":"https:\/\/skyline-gs.com\/it\/#organization"},"alternateName":"Skyline","potentialAction":[{"@type":"SearchAction","target":{"@type":"EntryPoint","urlTemplate":"https:\/\/skyline-gs.com\/it\/?s={search_term_string}"},"query-input":{"@type":"PropertyValueSpecification","valueRequired":true,"valueName":"search_term_string"}}],"inLanguage":"hu"},{"@type":"Organization","@id":"https:\/\/skyline-gs.com\/it\/#organization","name":"Skyline T\u00far\u00e1k","alternateName":"\u042d\u043a\u0441\u043a\u0443\u0440\u0441\u0438\u0438 Skyline","url":"https:\/\/skyline-gs.com\/it\/","logo":{"@type":"ImageObject","inLanguage":"hu","@id":"https:\/\/skyline-gs.com\/it\/#\/schema\/logo\/image\/","url":"https:\/\/skyline-gs.com\/wp-content\/uploads\/2020\/12\/cropped-logo-2.png","contentUrl":"https:\/\/skyline-gs.com\/wp-content\/uploads\/2020\/12\/cropped-logo-2.png","width":512,"height":512,"caption":"\u042d\u043a\u0441\u043a\u0443\u0440\u0441\u0438\u0438 Skyline"},"image":{"@id":"https:\/\/skyline-gs.com\/it\/#\/schema\/logo\/image\/"},"sameAs":["https:\/\/www.instagram.com\/skylineglobalservice\/"]}]}},"_links":{"self":[{"href":"https:\/\/skyline-gs.com\/hu\/wp-json\/wp\/v2\/product\/16529","targetHints":{"allow":["GET"]}}],"collection":[{"href":"https:\/\/skyline-gs.com\/hu\/wp-json\/wp\/v2\/product"}],"about":[{"href":"https:\/\/skyline-gs.com\/hu\/wp-json\/wp\/v2\/types\/product"}],"version-history":[{"count":0,"href":"https:\/\/skyline-gs.com\/hu\/wp-json\/wp\/v2\/product\/16529\/revisions"}],"wp:featuredmedia":[{"embeddable":true,"href":"https:\/\/skyline-gs.com\/hu\/wp-json\/wp\/v2\/media\/25685"}],"wp:attachment":[{"href":"https:\/\/skyline-gs.com\/hu\/wp-json\/wp\/v2\/media?parent=16529"}],"wp:term":[{"taxonomy":"product_brand","embeddable":true,"href":"https:\/\/skyline-gs.com\/hu\/wp-json\/wp\/v2\/product_brand?post=16529"},{"taxonomy":"product_cat","embeddable":true,"href":"https:\/\/skyline-gs.com\/hu\/wp-json\/wp\/v2\/product_cat?post=16529"},{"taxonomy":"product_tag","embeddable":true,"href":"https:\/\/skyline-gs.com\/hu\/wp-json\/wp\/v2\/product_tag?post=16529"}],"curies":[{"name":"wp","href":"https:\/\/api.w.org\/{rel}","templated":true}]}}