{"id":75591,"date":"2026-04-03T11:55:36","date_gmt":"2026-04-03T09:55:36","guid":{"rendered":"https:\/\/skyline-gs.com\/?post_type=product&#038;p=75591"},"modified":"2026-04-03T12:10:52","modified_gmt":"2026-04-03T10:10:52","slug":"ostrov-ozireya-ozirea-island-morskoj-otdyh-i-snorkling-v-krasnom-more","status":"publish","type":"product","link":"https:\/\/skyline-gs.com\/fr\/product\/ostrov-ozireya-ozirea-island-morskoj-otdyh-i-snorkling-v-krasnom-more\/","title":{"rendered":"\u041e\u0441\u0442\u0440\u043e\u0432 \u041e\u0437\u0438\u0440\u0435\u044f (Ozirea Island) \u2014 \u043c\u043e\u0440\u0441\u043a\u043e\u0439 \u043e\u0442\u0434\u044b\u0445 \u0438 \u0441\u043d\u043e\u0440\u043a\u043b\u0438\u043d\u0433 \u0432 \u041a\u0440\u0430\u0441\u043d\u043e\u043c \u043c\u043e\u0440\u0435"},"content":{"rendered":"<p>\u041f\u0440\u043e\u0432\u0435\u0434\u0438\u0442\u0435 \u0438\u0434\u0435\u0430\u043b\u044c\u043d\u044b\u0439 \u0434\u0435\u043d\u044c \u0432 \u041a\u0440\u0430\u0441\u043d\u043e\u043c \u043c\u043e\u0440\u0435, \u0441\u043e\u0447\u0435\u0442\u0430\u044f \u043c\u043e\u0440\u0441\u043a\u0443\u044e \u043f\u0440\u043e\u0433\u0443\u043b\u043a\u0443, \u0441\u043d\u043e\u0440\u043a\u043b\u0438\u043d\u0433 \u0438 \u043e\u0442\u0434\u044b\u0445 \u043d\u0430 \u0436\u0438\u0432\u043e\u043f\u0438\u0441\u043d\u043e\u043c \u043e\u0441\u0442\u0440\u043e\u0432\u0435. \u042d\u0442\u0430 \u044d\u043a\u0441\u043a\u0443\u0440\u0441\u0438\u044f \u043f\u043e\u0434\u043e\u0439\u0434\u0451\u0442 \u043a\u0430\u043a \u0434\u043b\u044f \u043b\u044e\u0431\u0438\u0442\u0435\u043b\u0435\u0439 \u0430\u043a\u0442\u0438\u0432\u043d\u043e\u0433\u043e \u043e\u0442\u0434\u044b\u0445\u0430, \u0442\u0430\u043a \u0438 \u0434\u043b\u044f \u0442\u0435\u0445, \u043a\u0442\u043e \u0445\u043e\u0447\u0435\u0442 \u043f\u0440\u043e\u0441\u0442\u043e \u0440\u0430\u0441\u0441\u043b\u0430\u0431\u0438\u0442\u044c\u0441\u044f \u0443 \u0432\u043e\u0434\u044b \u0432\u0434\u0430\u043b\u0438 \u043e\u0442 \u0441\u0443\u0435\u0442\u044b.<br \/>\n\u0412\u0430\u0441 \u0436\u0434\u0451\u0442 \u043a\u043e\u043c\u0444\u043e\u0440\u0442\u043d\u0430\u044f \u044f\u0445\u0442\u0430, \u043f\u0440\u043e\u0437\u0440\u0430\u0447\u043d\u0430\u044f \u0432\u043e\u0434\u0430, \u044f\u0440\u043a\u0438\u0435 \u043a\u043e\u0440\u0430\u043b\u043b\u043e\u0432\u044b\u0435 \u0440\u0438\u0444\u044b \u0438 \u0443\u044e\u0442\u043d\u044b\u0439 \u043e\u0441\u0442\u0440\u043e\u0432 \u0441 \u043c\u044f\u0433\u043a\u0438\u043c \u043f\u0435\u0441\u043a\u043e\u043c \u2014 \u0432\u0441\u0451 \u0434\u043b\u044f \u043f\u043e\u043b\u043d\u043e\u0446\u0435\u043d\u043d\u043e\u0433\u043e \u043e\u0442\u0434\u044b\u0445\u0430.<\/p>\n<p><strong>Transfert de l'h\u00f4tel<\/strong><br \/>\n\u0412\u0430\u0448 \u0434\u0435\u043d\u044c \u043d\u0430\u0447\u043d\u0451\u0442\u0441\u044f \u0441 \u043a\u043e\u043c\u0444\u043e\u0440\u0442\u043d\u043e\u0433\u043e \u0442\u0440\u0430\u043d\u0441\u0444\u0435\u0440\u0430 \u0438\u0437 \u043e\u0442\u0435\u043b\u044f \u043f\u0440\u0438\u043c\u0435\u0440\u043d\u043e \u0441 08:00 \u0434\u043e 08:30 (\u0442\u043e\u0447\u043d\u043e\u0435 \u0432\u0440\u0435\u043c\u044f \u0441\u043e\u043e\u0431\u0449\u0430\u0435\u0442\u0441\u044f \u043d\u0430\u043a\u0430\u043d\u0443\u043d\u0435).<\/p>\n<p><strong>Excursion en bateau<\/strong><br \/>\n\u041e\u043a\u043e\u043b\u043e 09:00 \u044f\u0445\u0442\u0430 \u043e\u0442\u043f\u0440\u0430\u0432\u043b\u044f\u0435\u0442\u0441\u044f \u0432 \u043c\u043e\u0440\u0435. \u0412\u0430\u0441 \u0436\u0434\u0451\u0442 \u043b\u0451\u0433\u043a\u043e\u0435 \u043f\u0443\u0442\u0435\u0448\u0435\u0441\u0442\u0432\u0438\u0435 \u043f\u043e \u041a\u0440\u0430\u0441\u043d\u043e\u043c\u0443 \u043c\u043e\u0440\u044e \u0441 \u0442\u0451\u043f\u043b\u044b\u043c \u0441\u043e\u043b\u043d\u0446\u0435\u043c \u0438 \u043a\u0440\u0430\u0441\u0438\u0432\u044b\u043c\u0438 \u043f\u0435\u0439\u0437\u0430\u0436\u0430\u043c\u0438.<\/p>\n<p><strong>\u0421\u043d\u043e\u0440\u043a\u043b\u0438\u043d\u0433 \u0432 \u043b\u0443\u0447\u0448\u0438\u0445 \u043b\u043e\u043a\u0430\u0446\u0438\u044f\u0445<\/strong><br \/>\n\u0412\u043e \u0432\u0440\u0435\u043c\u044f \u044d\u043a\u0441\u043a\u0443\u0440\u0441\u0438\u0438 \u043f\u0440\u0435\u0434\u0443\u0441\u043c\u043e\u0442\u0440\u0435\u043d\u044b 2 \u043e\u0441\u0442\u0430\u043d\u043e\u0432\u043a\u0438 \u0434\u043b\u044f \u0441\u043d\u043e\u0440\u043a\u043b\u0438\u043d\u0433\u0430 (\u043f\u043e 45\u201360 \u043c\u0438\u043d\u0443\u0442 \u043a\u0430\u0436\u0434\u0430\u044f).<br \/>\n\u0412\u044b \u0443\u0432\u0438\u0434\u0438\u0442\u0435 \u0436\u0438\u0432\u044b\u0435 \u043a\u043e\u0440\u0430\u043b\u043b\u043e\u0432\u044b\u0435 \u0440\u0438\u0444\u044b, \u043c\u043d\u043e\u0436\u0435\u0441\u0442\u0432\u043e \u044f\u0440\u043a\u0438\u0445 \u0440\u044b\u0431 \u0438 \u043a\u0440\u0438\u0441\u0442\u0430\u043b\u044c\u043d\u043e \u0447\u0438\u0441\u0442\u0443\u044e \u0432\u043e\u0434\u0443. \u041f\u043e\u0434\u0445\u043e\u0434\u0438\u0442 \u0434\u0430\u0436\u0435 \u0434\u043b\u044f \u043d\u043e\u0432\u0438\u0447\u043a\u043e\u0432.<\/p>\n<p><strong>\u041d\u0430 \u044f\u0445\u0442\u0435 \u0434\u043b\u044f \u0432\u0430\u0441 \u043e\u0440\u0433\u0430\u043d\u0438\u0437\u043e\u0432\u0430\u043d\u043e \u043f\u0438\u0442\u0430\u043d\u0438\u0435:<\/strong><br \/>\n\u2022 \u0417\u0430\u0432\u0442\u0440\u0430\u043a<br \/>\n\u2022 \u041e\u0431\u0435\u0434 (\u0448\u0432\u0435\u0434\u0441\u043a\u0438\u0439 \u0441\u0442\u043e\u043b)<br \/>\n\u2022 \u0411\u0435\u0437\u0430\u043b\u043a\u043e\u0433\u043e\u043b\u044c\u043d\u044b\u0435 \u043d\u0430\u043f\u0438\u0442\u043a\u0438 \u0432 \u0442\u0435\u0447\u0435\u043d\u0438\u0435 \u0434\u043d\u044f<\/p>\n<p><strong>\u041e\u0442\u0434\u044b\u0445 \u043d\u0430 \u043e\u0441\u0442\u0440\u043e\u0432\u0435 \u041e\u0437\u0438\u0440\u0435\u044f<\/strong><br \/>\n\u041f\u043e\u0441\u043b\u0435 \u043c\u043e\u0440\u0441\u043a\u043e\u0439 \u043f\u0440\u043e\u0433\u0443\u043b\u043a\u0438 \u0432\u044b \u043e\u0442\u043f\u0440\u0430\u0432\u0438\u0442\u0435\u0441\u044c \u043d\u0430 \u043e\u0441\u0442\u0440\u043e\u0432, \u0433\u0434\u0435 \u043f\u0440\u043e\u0432\u0435\u0434\u0451\u0442\u0435 \u043e\u043a\u043e\u043b\u043e 2 \u0447\u0430\u0441\u043e\u0432.<br \/>\n\u042d\u0442\u043e \u0438\u0434\u0435\u0430\u043b\u044c\u043d\u043e\u0435 \u043c\u0435\u0441\u0442\u043e \u0434\u043b\u044f \u043e\u0442\u0434\u044b\u0445\u0430: \u043c\u044f\u0433\u043a\u0438\u0439 \u043f\u0435\u0441\u043e\u043a, \u0442\u0451\u043f\u043b\u043e\u0435 \u043c\u043e\u0440\u0435, \u043a\u0440\u0430\u0441\u0438\u0432\u044b\u0435 \u0444\u043e\u0442\u043e\u043b\u043e\u043a\u0430\u0446\u0438\u0438 \u0438 \u0430\u0442\u043c\u043e\u0441\u0444\u0435\u0440\u0430 \u0441\u043f\u043e\u043a\u043e\u0439\u0441\u0442\u0432\u0438\u044f \u0432\u0434\u0430\u043b\u0438 \u043e\u0442 \u0442\u043e\u043b\u043f.<\/p>\n<p><strong>Retour \u00e0 l'h\u00f4tel<\/strong><br \/>\n\u041e\u043a\u043e\u043b\u043e 16:00\u201316:30 \u0432\u043e\u0437\u0432\u0440\u0430\u0449\u0435\u043d\u0438\u0435 \u0432 \u043c\u0430\u0440\u0438\u043d\u0443 \u0438 \u0442\u0440\u0430\u043d\u0441\u0444\u0435\u0440 \u043e\u0431\u0440\u0430\u0442\u043d\u043e \u0432 \u043e\u0442\u0435\u043b\u044c.<\/p>\n<p><strong>Inclus :<\/strong><\/p>\n<ul>\n<li>Transfert depuis et vers l'h\u00f4tel<\/li>\n<li>Excursion en bateau<\/li>\n<li>2 \u043e\u0441\u0442\u0430\u043d\u043e\u0432\u043a\u0438 \u0434\u043b\u044f \u0441\u043d\u043e\u0440\u043a\u043b\u0438\u043d\u0433\u0430<\/li>\n<li>\u00c9quipement de plong\u00e9e avec tuba<\/li>\n<li>Petit-d\u00e9jeuner et d\u00e9jeuner<\/li>\n<li>Boissons non alcoolis\u00e9es<\/li>\n<\/ul>\n<p><strong>Emportez-le avec vous :<\/strong><\/p>\n<ul>\n<li>\u041f\u0430\u0441\u043f\u043e\u0440\u0442 \u0438\u043b\u0438 \u0435\u0433\u043e \u0444\u043e\u0442\u043e;<\/li>\n<li>Chaussures et v\u00eatements confortables ;<\/li>\n<li>Mat\u00e9riel photo-vid\u00e9o. Chargez vos appareils \u00e0 l'avance ;<\/li>\n<li>Lunettes de soleil et panama, cr\u00e8me solaire ;<\/li>\n<\/ul>","protected":false},"excerpt":{"rendered":"<p><strong>Temps du Tour:<\/strong> 8:00 \u2014 16:30<\/p>\n<p><strong>Jours de D\u00e9roulement:<\/strong> Quotidiennement<\/p>","protected":false},"featured_media":75599,"template":"","meta":{"_kad_post_transparent":"default","_kad_post_title":"","_kad_post_layout":"default","_kad_post_sidebar_id":"","_kad_post_content_style":"default","_kad_post_vertical_padding":"default","_kad_post_feature":"","_kad_post_feature_position":"","_kad_post_header":false,"_kad_post_footer":false,"_kad_post_classname":"","_glsr_average":0,"_glsr_ranking":0,"_glsr_reviews":0},"product_brand":[],"product_cat":[479],"product_tag":[],"class_list":{"0":"post-75591","1":"product","2":"type-product","3":"status-publish","4":"has-post-thumbnail","6":"product_cat-hurghadatours","7":"tm-has-options","9":"first","10":"instock","11":"sold-individually","12":"taxable","13":"shipping-taxable","14":"purchasable","15":"product-type-simple","16":"entry","17":"content-bg","18":"loop-entry"},"yoast_head":"<!-- This site is optimized with the Yoast SEO plugin v27.3 - https:\/\/yoast.com\/product\/yoast-seo-wordpress\/ -->\n<title>\u041e\u0441\u0442\u0440\u043e\u0432 \u041e\u0437\u0438\u0440\u0435\u044f (Ozirea Island) \u2014 \u043c\u043e\u0440\u0441\u043a\u043e\u0439 \u043e\u0442\u0434\u044b\u0445 \u0438 \u0441\u043d\u043e\u0440\u043a\u043b\u0438\u043d\u0433 \u0432 \u041a\u0440\u0430\u0441\u043d\u043e\u043c \u043c\u043e\u0440\u0435 &#8226; \u042d\u043a\u0441\u043a\u0443\u0440\u0441\u0438\u0438 Skyline<\/title>\n<meta name=\"robots\" content=\"index, follow, max-snippet:-1, max-image-preview:large, max-video-preview:-1\" \/>\n<link rel=\"canonical\" href=\"https:\/\/skyline-gs.com\/fr\/produit\/ostrov-ozireya-ozirea-island-morskoj-otdyh-i-snorkling-v-krasnom-more\/\" \/>\n<meta property=\"og:locale\" content=\"fr_FR\" \/>\n<meta property=\"og:type\" content=\"article\" \/>\n<meta property=\"og:title\" content=\"\u041e\u0441\u0442\u0440\u043e\u0432 \u041e\u0437\u0438\u0440\u0435\u044f (Ozirea Island) \u2014 \u043c\u043e\u0440\u0441\u043a\u043e\u0439 \u043e\u0442\u0434\u044b\u0445 \u0438 \u0441\u043d\u043e\u0440\u043a\u043b\u0438\u043d\u0433 \u0432 \u041a\u0440\u0430\u0441\u043d\u043e\u043c \u043c\u043e\u0440\u0435 &#8226; \u042d\u043a\u0441\u043a\u0443\u0440\u0441\u0438\u0438 Skyline\" \/>\n<meta property=\"og:description\" content=\"\u0412\u0440\u0435\u043c\u044f \u0442\u0443\u0440\u0430: 8:00 - 16:30  \u0414\u043d\u0438 \u043f\u0440\u043e\u0432\u0435\u0434\u0435\u043d\u0438\u044f: \u0415\u0436\u0435\u0434\u043d\u0435\u0432\u043d\u043e\" \/>\n<meta property=\"og:url\" content=\"https:\/\/skyline-gs.com\/fr\/produit\/ostrov-ozireya-ozirea-island-morskoj-otdyh-i-snorkling-v-krasnom-more\/\" \/>\n<meta property=\"og:site_name\" content=\"\u042d\u043a\u0441\u043a\u0443\u0440\u0441\u0438\u0438 Skyline\" \/>\n<meta property=\"article:modified_time\" content=\"2026-04-03T10:10:52+00:00\" \/>\n<meta property=\"og:image\" content=\"https:\/\/skyline-gs.com\/wp-content\/uploads\/2026\/04\/whatsapp-image-2026-03-28-at-18.26.19-1.jpeg\" \/>\n\t<meta property=\"og:image:width\" content=\"1040\" \/>\n\t<meta property=\"og:image:height\" content=\"694\" \/>\n\t<meta property=\"og:image:type\" content=\"image\/jpeg\" \/>\n<meta name=\"twitter:card\" content=\"summary_large_image\" \/>\n<meta name=\"twitter:label1\" content=\"Dur\u00e9e de lecture estim\u00e9e\" \/>\n\t<meta name=\"twitter:data1\" content=\"2 minutes\" \/>\n<script type=\"application\/ld+json\" class=\"yoast-schema-graph\">{\"@context\":\"https:\\\/\\\/schema.org\",\"@graph\":[{\"@type\":\"WebPage\",\"@id\":\"https:\\\/\\\/skyline-gs.com\\\/product\\\/ostrov-ozireya-ozirea-island-morskoj-otdyh-i-snorkling-v-krasnom-more\\\/\",\"url\":\"https:\\\/\\\/skyline-gs.com\\\/product\\\/ostrov-ozireya-ozirea-island-morskoj-otdyh-i-snorkling-v-krasnom-more\\\/\",\"name\":\"\u041e\u0441\u0442\u0440\u043e\u0432 \u041e\u0437\u0438\u0440\u0435\u044f (Ozirea Island) \u2014 \u043c\u043e\u0440\u0441\u043a\u043e\u0439 \u043e\u0442\u0434\u044b\u0445 \u0438 \u0441\u043d\u043e\u0440\u043a\u043b\u0438\u043d\u0433 \u0432 \u041a\u0440\u0430\u0441\u043d\u043e\u043c \u043c\u043e\u0440\u0435 &#8226; \u042d\u043a\u0441\u043a\u0443\u0440\u0441\u0438\u0438 Skyline\",\"isPartOf\":{\"@id\":\"https:\\\/\\\/skyline-gs.com\\\/it\\\/#website\"},\"primaryImageOfPage\":{\"@id\":\"https:\\\/\\\/skyline-gs.com\\\/product\\\/ostrov-ozireya-ozirea-island-morskoj-otdyh-i-snorkling-v-krasnom-more\\\/#primaryimage\"},\"image\":{\"@id\":\"https:\\\/\\\/skyline-gs.com\\\/product\\\/ostrov-ozireya-ozirea-island-morskoj-otdyh-i-snorkling-v-krasnom-more\\\/#primaryimage\"},\"thumbnailUrl\":\"https:\\\/\\\/skyline-gs.com\\\/wp-content\\\/uploads\\\/2026\\\/04\\\/whatsapp-image-2026-03-28-at-18.26.19-1.jpeg\",\"datePublished\":\"2026-04-03T09:55:36+00:00\",\"dateModified\":\"2026-04-03T10:10:52+00:00\",\"breadcrumb\":{\"@id\":\"https:\\\/\\\/skyline-gs.com\\\/product\\\/ostrov-ozireya-ozirea-island-morskoj-otdyh-i-snorkling-v-krasnom-more\\\/#breadcrumb\"},\"inLanguage\":\"fr-FR\",\"potentialAction\":[{\"@type\":\"ReadAction\",\"target\":[\"https:\\\/\\\/skyline-gs.com\\\/product\\\/ostrov-ozireya-ozirea-island-morskoj-otdyh-i-snorkling-v-krasnom-more\\\/\"]}]},{\"@type\":\"ImageObject\",\"inLanguage\":\"fr-FR\",\"@id\":\"https:\\\/\\\/skyline-gs.com\\\/product\\\/ostrov-ozireya-ozirea-island-morskoj-otdyh-i-snorkling-v-krasnom-more\\\/#primaryimage\",\"url\":\"https:\\\/\\\/skyline-gs.com\\\/wp-content\\\/uploads\\\/2026\\\/04\\\/whatsapp-image-2026-03-28-at-18.26.19-1.jpeg\",\"contentUrl\":\"https:\\\/\\\/skyline-gs.com\\\/wp-content\\\/uploads\\\/2026\\\/04\\\/whatsapp-image-2026-03-28-at-18.26.19-1.jpeg\",\"width\":1040,\"height\":694},{\"@type\":\"BreadcrumbList\",\"@id\":\"https:\\\/\\\/skyline-gs.com\\\/product\\\/ostrov-ozireya-ozirea-island-morskoj-otdyh-i-snorkling-v-krasnom-more\\\/#breadcrumb\",\"itemListElement\":[{\"@type\":\"ListItem\",\"position\":1,\"name\":\"\u0413\u043b\u0430\u0432\u043d\u0430\u044f \u0441\u0442\u0440\u0430\u043d\u0438\u0446\u0430\",\"item\":\"https:\\\/\\\/skyline-gs.com\\\/hu\\\/\"},{\"@type\":\"ListItem\",\"position\":2,\"name\":\"\u041c\u0430\u0433\u0430\u0437\u0438\u043d\",\"item\":\"https:\\\/\\\/skyline-gs.com\\\/cs\\\/shop\\\/\"},{\"@type\":\"ListItem\",\"position\":3,\"name\":\"\u041e\u0441\u0442\u0440\u043e\u0432 \u041e\u0437\u0438\u0440\u0435\u044f (Ozirea Island) \u2014 \u043c\u043e\u0440\u0441\u043a\u043e\u0439 \u043e\u0442\u0434\u044b\u0445 \u0438 \u0441\u043d\u043e\u0440\u043a\u043b\u0438\u043d\u0433 \u0432 \u041a\u0440\u0430\u0441\u043d\u043e\u043c \u043c\u043e\u0440\u0435\"}]},{\"@type\":\"WebSite\",\"@id\":\"https:\\\/\\\/skyline-gs.com\\\/it\\\/#website\",\"url\":\"https:\\\/\\\/skyline-gs.com\\\/it\\\/\",\"name\":\"\u042d\u043a\u0441\u043a\u0443\u0440\u0441\u0438\u0438 Skyline\",\"description\":\"\u042d\u043a\u0441\u043a\u043b\u044e\u0437\u0438\u0432\u043d\u044b\u0435 \u044d\u043a\u0441\u043a\u0443\u0440\u0441\u0438\u0438 \u043d\u0430 \u043b\u0443\u0447\u0448\u0438\u0445 \u043a\u0443\u0440\u043e\u0440\u0442\u0430\u0445 \u043c\u0438\u0440\u0430\",\"publisher\":{\"@id\":\"https:\\\/\\\/skyline-gs.com\\\/it\\\/#organization\"},\"alternateName\":\"Skyline\",\"potentialAction\":[{\"@type\":\"SearchAction\",\"target\":{\"@type\":\"EntryPoint\",\"urlTemplate\":\"https:\\\/\\\/skyline-gs.com\\\/it\\\/?s={search_term_string}\"},\"query-input\":{\"@type\":\"PropertyValueSpecification\",\"valueRequired\":true,\"valueName\":\"search_term_string\"}}],\"inLanguage\":\"fr-FR\"},{\"@type\":\"Organization\",\"@id\":\"https:\\\/\\\/skyline-gs.com\\\/it\\\/#organization\",\"name\":\"\u042d\u043a\u0441\u043a\u0443\u0440\u0441\u0438\u0438 Skyline\",\"alternateName\":\"\u042d\u043a\u0441\u043a\u0443\u0440\u0441\u0438\u0438 Skyline\",\"url\":\"https:\\\/\\\/skyline-gs.com\\\/it\\\/\",\"logo\":{\"@type\":\"ImageObject\",\"inLanguage\":\"fr-FR\",\"@id\":\"https:\\\/\\\/skyline-gs.com\\\/it\\\/#\\\/schema\\\/logo\\\/image\\\/\",\"url\":\"https:\\\/\\\/skyline-gs.com\\\/wp-content\\\/uploads\\\/2020\\\/12\\\/cropped-logo-2.png\",\"contentUrl\":\"https:\\\/\\\/skyline-gs.com\\\/wp-content\\\/uploads\\\/2020\\\/12\\\/cropped-logo-2.png\",\"width\":512,\"height\":512,\"caption\":\"\u042d\u043a\u0441\u043a\u0443\u0440\u0441\u0438\u0438 Skyline\"},\"image\":{\"@id\":\"https:\\\/\\\/skyline-gs.com\\\/it\\\/#\\\/schema\\\/logo\\\/image\\\/\"},\"sameAs\":[\"https:\\\/\\\/www.instagram.com\\\/skylineglobalservice\\\/\"]}]}<\/script>\n<!-- \/ Yoast SEO plugin. -->","yoast_head_json":{"title":"\u041e\u0441\u0442\u0440\u043e\u0432 \u041e\u0437\u0438\u0440\u0435\u044f (Ozirea Island) \u2014 \u043c\u043e\u0440\u0441\u043a\u043e\u0439 \u043e\u0442\u0434\u044b\u0445 \u0438 \u0441\u043d\u043e\u0440\u043a\u043b\u0438\u043d\u0433 \u0432 \u041a\u0440\u0430\u0441\u043d\u043e\u043c \u043c\u043e\u0440\u0435 &#8226; \u042d\u043a\u0441\u043a\u0443\u0440\u0441\u0438\u0438 Skyline","robots":{"index":"index","follow":"follow","max-snippet":"max-snippet:-1","max-image-preview":"max-image-preview:large","max-video-preview":"max-video-preview:-1"},"canonical":"https:\/\/skyline-gs.com\/fr\/produit\/ostrov-ozireya-ozirea-island-morskoj-otdyh-i-snorkling-v-krasnom-more\/","og_locale":"fr_FR","og_type":"article","og_title":"\u041e\u0441\u0442\u0440\u043e\u0432 \u041e\u0437\u0438\u0440\u0435\u044f (Ozirea Island) \u2014 \u043c\u043e\u0440\u0441\u043a\u043e\u0439 \u043e\u0442\u0434\u044b\u0445 \u0438 \u0441\u043d\u043e\u0440\u043a\u043b\u0438\u043d\u0433 \u0432 \u041a\u0440\u0430\u0441\u043d\u043e\u043c \u043c\u043e\u0440\u0435 &#8226; \u042d\u043a\u0441\u043a\u0443\u0440\u0441\u0438\u0438 Skyline","og_description":"\u0412\u0440\u0435\u043c\u044f \u0442\u0443\u0440\u0430: 8:00 - 16:30  \u0414\u043d\u0438 \u043f\u0440\u043e\u0432\u0435\u0434\u0435\u043d\u0438\u044f: \u0415\u0436\u0435\u0434\u043d\u0435\u0432\u043d\u043e","og_url":"https:\/\/skyline-gs.com\/fr\/produit\/ostrov-ozireya-ozirea-island-morskoj-otdyh-i-snorkling-v-krasnom-more\/","og_site_name":"\u042d\u043a\u0441\u043a\u0443\u0440\u0441\u0438\u0438 Skyline","article_modified_time":"2026-04-03T10:10:52+00:00","og_image":[{"width":1040,"height":694,"url":"https:\/\/skyline-gs.com\/wp-content\/uploads\/2026\/04\/whatsapp-image-2026-03-28-at-18.26.19-1.jpeg","type":"image\/jpeg"}],"twitter_card":"summary_large_image","twitter_misc":{"Dur\u00e9e de lecture estim\u00e9e":"2 minutes"},"schema":{"@context":"https:\/\/schema.org","@graph":[{"@type":"WebPage","@id":"https:\/\/skyline-gs.com\/product\/ostrov-ozireya-ozirea-island-morskoj-otdyh-i-snorkling-v-krasnom-more\/","url":"https:\/\/skyline-gs.com\/product\/ostrov-ozireya-ozirea-island-morskoj-otdyh-i-snorkling-v-krasnom-more\/","name":"\u041e\u0441\u0442\u0440\u043e\u0432 \u041e\u0437\u0438\u0440\u0435\u044f (Ozirea Island) \u2014 \u043c\u043e\u0440\u0441\u043a\u043e\u0439 \u043e\u0442\u0434\u044b\u0445 \u0438 \u0441\u043d\u043e\u0440\u043a\u043b\u0438\u043d\u0433 \u0432 \u041a\u0440\u0430\u0441\u043d\u043e\u043c \u043c\u043e\u0440\u0435 &#8226; \u042d\u043a\u0441\u043a\u0443\u0440\u0441\u0438\u0438 Skyline","isPartOf":{"@id":"https:\/\/skyline-gs.com\/it\/#website"},"primaryImageOfPage":{"@id":"https:\/\/skyline-gs.com\/product\/ostrov-ozireya-ozirea-island-morskoj-otdyh-i-snorkling-v-krasnom-more\/#primaryimage"},"image":{"@id":"https:\/\/skyline-gs.com\/product\/ostrov-ozireya-ozirea-island-morskoj-otdyh-i-snorkling-v-krasnom-more\/#primaryimage"},"thumbnailUrl":"https:\/\/skyline-gs.com\/wp-content\/uploads\/2026\/04\/whatsapp-image-2026-03-28-at-18.26.19-1.jpeg","datePublished":"2026-04-03T09:55:36+00:00","dateModified":"2026-04-03T10:10:52+00:00","breadcrumb":{"@id":"https:\/\/skyline-gs.com\/product\/ostrov-ozireya-ozirea-island-morskoj-otdyh-i-snorkling-v-krasnom-more\/#breadcrumb"},"inLanguage":"fr-FR","potentialAction":[{"@type":"ReadAction","target":["https:\/\/skyline-gs.com\/product\/ostrov-ozireya-ozirea-island-morskoj-otdyh-i-snorkling-v-krasnom-more\/"]}]},{"@type":"ImageObject","inLanguage":"fr-FR","@id":"https:\/\/skyline-gs.com\/product\/ostrov-ozireya-ozirea-island-morskoj-otdyh-i-snorkling-v-krasnom-more\/#primaryimage","url":"https:\/\/skyline-gs.com\/wp-content\/uploads\/2026\/04\/whatsapp-image-2026-03-28-at-18.26.19-1.jpeg","contentUrl":"https:\/\/skyline-gs.com\/wp-content\/uploads\/2026\/04\/whatsapp-image-2026-03-28-at-18.26.19-1.jpeg","width":1040,"height":694},{"@type":"BreadcrumbList","@id":"https:\/\/skyline-gs.com\/product\/ostrov-ozireya-ozirea-island-morskoj-otdyh-i-snorkling-v-krasnom-more\/#breadcrumb","itemListElement":[{"@type":"ListItem","position":1,"name":"\u0413\u043b\u0430\u0432\u043d\u0430\u044f \u0441\u0442\u0440\u0430\u043d\u0438\u0446\u0430","item":"https:\/\/skyline-gs.com\/hu\/"},{"@type":"ListItem","position":2,"name":"\u041c\u0430\u0433\u0430\u0437\u0438\u043d","item":"https:\/\/skyline-gs.com\/cs\/shop\/"},{"@type":"ListItem","position":3,"name":"\u041e\u0441\u0442\u0440\u043e\u0432 \u041e\u0437\u0438\u0440\u0435\u044f (Ozirea Island) \u2014 \u043c\u043e\u0440\u0441\u043a\u043e\u0439 \u043e\u0442\u0434\u044b\u0445 \u0438 \u0441\u043d\u043e\u0440\u043a\u043b\u0438\u043d\u0433 \u0432 \u041a\u0440\u0430\u0441\u043d\u043e\u043c \u043c\u043e\u0440\u0435"}]},{"@type":"WebSite","@id":"https:\/\/skyline-gs.com\/it\/#website","url":"https:\/\/skyline-gs.com\/it\/","name":"Excursions Skyline","description":"Excursions exclusives dans les meilleurs centres de vill\u00e9giature du monde","publisher":{"@id":"https:\/\/skyline-gs.com\/it\/#organization"},"alternateName":"Skyline","potentialAction":[{"@type":"SearchAction","target":{"@type":"EntryPoint","urlTemplate":"https:\/\/skyline-gs.com\/it\/?s={search_term_string}"},"query-input":{"@type":"PropertyValueSpecification","valueRequired":true,"valueName":"search_term_string"}}],"inLanguage":"fr-FR"},{"@type":"Organization","@id":"https:\/\/skyline-gs.com\/it\/#organization","name":"Excursions Skyline","alternateName":"\u042d\u043a\u0441\u043a\u0443\u0440\u0441\u0438\u0438 Skyline","url":"https:\/\/skyline-gs.com\/it\/","logo":{"@type":"ImageObject","inLanguage":"fr-FR","@id":"https:\/\/skyline-gs.com\/it\/#\/schema\/logo\/image\/","url":"https:\/\/skyline-gs.com\/wp-content\/uploads\/2020\/12\/cropped-logo-2.png","contentUrl":"https:\/\/skyline-gs.com\/wp-content\/uploads\/2020\/12\/cropped-logo-2.png","width":512,"height":512,"caption":"\u042d\u043a\u0441\u043a\u0443\u0440\u0441\u0438\u0438 Skyline"},"image":{"@id":"https:\/\/skyline-gs.com\/it\/#\/schema\/logo\/image\/"},"sameAs":["https:\/\/www.instagram.com\/skylineglobalservice\/"]}]}},"_links":{"self":[{"href":"https:\/\/skyline-gs.com\/fr\/wp-json\/wp\/v2\/product\/75591","targetHints":{"allow":["GET"]}}],"collection":[{"href":"https:\/\/skyline-gs.com\/fr\/wp-json\/wp\/v2\/product"}],"about":[{"href":"https:\/\/skyline-gs.com\/fr\/wp-json\/wp\/v2\/types\/product"}],"version-history":[{"count":2,"href":"https:\/\/skyline-gs.com\/fr\/wp-json\/wp\/v2\/product\/75591\/revisions"}],"predecessor-version":[{"id":75607,"href":"https:\/\/skyline-gs.com\/fr\/wp-json\/wp\/v2\/product\/75591\/revisions\/75607"}],"wp:featuredmedia":[{"embeddable":true,"href":"https:\/\/skyline-gs.com\/fr\/wp-json\/wp\/v2\/media\/75599"}],"wp:attachment":[{"href":"https:\/\/skyline-gs.com\/fr\/wp-json\/wp\/v2\/media?parent=75591"}],"wp:term":[{"taxonomy":"product_brand","embeddable":true,"href":"https:\/\/skyline-gs.com\/fr\/wp-json\/wp\/v2\/product_brand?post=75591"},{"taxonomy":"product_cat","embeddable":true,"href":"https:\/\/skyline-gs.com\/fr\/wp-json\/wp\/v2\/product_cat?post=75591"},{"taxonomy":"product_tag","embeddable":true,"href":"https:\/\/skyline-gs.com\/fr\/wp-json\/wp\/v2\/product_tag?post=75591"}],"curies":[{"name":"wp","href":"https:\/\/api.w.org\/{rel}","templated":true}]}}