{"id":75286,"date":"2026-03-02T02:47:09","date_gmt":"2026-03-02T00:47:09","guid":{"rendered":"https:\/\/skyline-gs.com\/?post_type=product&#038;p=75286"},"modified":"2026-03-05T01:13:54","modified_gmt":"2026-03-04T23:13:54","slug":"budda-tur-duhovnoe-puteshestvie-po-hramam-vetnama","status":"publish","type":"product","link":"https:\/\/skyline-gs.com\/fr\/product\/budda-tur-duhovnoe-puteshestvie-po-hramam-vetnama\/","title":{"rendered":"Buddha Tour - un voyage spirituel \u00e0 travers les temples du Vi\u00eat Nam"},"content":{"rendered":"<p>Plongez dans une atmosph\u00e8re de silence, d'encens et de symbolisme ancien au cours de l'itin\u00e9raire de l'auteur.<br \/>\nTous les lieux sont situ\u00e9s \u00e0 l'\u00e9cart des flux touristiques - aucun bus de groupe ne vient ici. Il s'agit d'un itin\u00e9raire exclusif con\u00e7u comme un voyage conscient et magnifique \u00e0 travers la carte spirituelle du Vi\u00eat Nam.<br \/>\nLe bouddhisme est une philosophie de recherche de soi, d'harmonie int\u00e9rieure et du vrai chemin. Le circuit est con\u00e7u de mani\u00e8re \u00e0 ce que vous puissiez non seulement d\u00e9couvrir l'histoire et les principes des trois \u00e9coles bouddhistes - Theravada, Mahayana et Vajrayana - mais aussi vivre votre propre exp\u00e9rience spirituelle, qui peut changer votre fa\u00e7on de voir le monde.<\/p>\n<p data-start=\"1500\" data-end=\"1548\"><strong>1. Pagode Nghia Shon (Pagode du Bouddha d'or)<\/strong><br \/>\nUn temple isol\u00e9 avec des touches japonaises dans l'architecture, un jardin de rocaille et une grande statue du Bouddha d'or. Un espace harmonieux d'\u00e9quilibre et de tranquillit\u00e9.<br \/>\nVous y entendrez l'histoire du moine Tao Tzu et apprendrez pourquoi ce lieu est appel\u00e9 le point d'\u00e9quilibre int\u00e9rieur.<\/p>\n<p data-start=\"1500\" data-end=\"1548\"><strong>2. Pagode Chuc Lam Phung Thuy Son (Pagode du dragon de pin)<\/strong><br \/>\nUn temple majestueux avec un long escalier, une pagode chinoise et les figures de 18 bodhisattvas.<br \/>\nAutrefois, selon les l\u00e9gendes, les dragons des montagnes y habitaient. Aujourd'hui, ce lieu de silence, de force et de vue panoramique sur toute la province est le point culminant de l'itin\u00e9raire.<\/p>\n<p data-start=\"1500\" data-end=\"1548\"><strong>3. Pagode Suoi Do (Pagode de l'eau qui tombe)<\/strong><br \/>\nIl est cach\u00e9 au milieu des for\u00eats et des ruisseaux. La route qui m\u00e8ne au temple passe par des chemins de pierre et des ponts.<br \/>\nAu sommet se trouve une statue de la d\u00e9esse de la mis\u00e9ricorde et un panorama \u00e9poustouflant sur les rizi\u00e8res et la vall\u00e9e. Un v\u00e9ritable lieu de force et de solitude.<\/p>\n<p data-start=\"1500\" data-end=\"1548\"><strong>4. Pagode Tong Lam Lo Son (Pagode du Bouddha Amitabha)<\/strong><br \/>\nLe point final de l'itin\u00e9raire est la statue du Bouddha Amitabha, haute de 44 m\u00e8tres, la plus haute du sud du Vietnam.<br \/>\nVous apprendrez ici pourquoi nous sommes en vie aussi longtemps que nous aimons. Un symbole d'illumination, d'inspiration et d'ach\u00e8vement spirituel du voyage.<\/p>\n<p><strong>Inclus :<\/strong><\/p>\n<ul>\n<li>Transferts depuis et vers l'h\u00f4tel<\/li>\n<li>Guide parlant russe<\/li>\n<li>Billets d'entr\u00e9e<\/li>\n<li>L'eau<\/li>\n<\/ul>\n<p><strong>Non inclus :<\/strong><\/p>\n<ul>\n<li>D\u00e9penses personnelles<\/li>\n<\/ul>\n<p><strong>Emportez-le avec vous :<\/strong><\/p>\n<ul>\n<li>Coiffure<\/li>\n<li>Chaussures confortables<\/li>\n<li>cam\u00e9ra<\/li>\n<\/ul>","protected":false},"excerpt":{"rendered":"<p><strong>Temps du Tour:<\/strong> 8:00 \u2013 12:30<\/p>\n<p><strong>Jours de D\u00e9roulement:<\/strong> Chaque jour<\/p>","protected":false},"featured_media":75325,"template":"","meta":{"_kad_post_transparent":"default","_kad_post_title":"","_kad_post_layout":"default","_kad_post_sidebar_id":"","_kad_post_content_style":"default","_kad_post_vertical_padding":"default","_kad_post_feature":"","_kad_post_feature_position":"","_kad_post_header":false,"_kad_post_footer":false,"_kad_post_classname":"","_glsr_average":0,"_glsr_ranking":0,"_glsr_reviews":0},"product_brand":[],"product_cat":[437],"product_tag":[],"class_list":{"0":"post-75286","1":"product","2":"type-product","3":"status-publish","4":"has-post-thumbnail","6":"product_cat-nha-trang","7":"tm-has-options","9":"first","10":"instock","11":"sold-individually","12":"taxable","13":"shipping-taxable","14":"purchasable","15":"product-type-simple","16":"entry","17":"content-bg","18":"loop-entry"},"yoast_head":"<!-- This site is optimized with the Yoast SEO plugin v27.3 - https:\/\/yoast.com\/product\/yoast-seo-wordpress\/ -->\n<title>\u0411\u0443\u0434\u0434\u0430 \u0442\u0443\u0440 \u2014 \u0434\u0443\u0445\u043e\u0432\u043d\u043e\u0435 \u043f\u0443\u0442\u0435\u0448\u0435\u0441\u0442\u0432\u0438\u0435 \u043f\u043e \u0445\u0440\u0430\u043c\u0430\u043c \u0412\u044c\u0435\u0442\u043d\u0430\u043c\u0430 &#8226; \u042d\u043a\u0441\u043a\u0443\u0440\u0441\u0438\u0438 Skyline<\/title>\n<meta name=\"robots\" content=\"index, follow, max-snippet:-1, max-image-preview:large, max-video-preview:-1\" \/>\n<link rel=\"canonical\" href=\"https:\/\/skyline-gs.com\/fr\/produit\/budda-tur-duhovnoe-puteshestvie-po-hramam-vetnama\/\" \/>\n<meta property=\"og:locale\" content=\"fr_FR\" \/>\n<meta property=\"og:type\" content=\"article\" \/>\n<meta property=\"og:title\" content=\"\u0411\u0443\u0434\u0434\u0430 \u0442\u0443\u0440 \u2014 \u0434\u0443\u0445\u043e\u0432\u043d\u043e\u0435 \u043f\u0443\u0442\u0435\u0448\u0435\u0441\u0442\u0432\u0438\u0435 \u043f\u043e \u0445\u0440\u0430\u043c\u0430\u043c \u0412\u044c\u0435\u0442\u043d\u0430\u043c\u0430 &#8226; \u042d\u043a\u0441\u043a\u0443\u0440\u0441\u0438\u0438 Skyline\" \/>\n<meta property=\"og:description\" content=\"\u0412\u0440\u0435\u043c\u044f \u0442\u0443\u0440\u0430: 8:00 \u2013 12:30  \u0414\u043d\u0438 \u043f\u0440\u043e\u0432\u0435\u0434\u0435\u043d\u0438\u044f: \u0435\u0436\u0435\u0434\u043d\u0435\u0432\u043d\u043e\" \/>\n<meta property=\"og:url\" content=\"https:\/\/skyline-gs.com\/fr\/produit\/budda-tur-duhovnoe-puteshestvie-po-hramam-vetnama\/\" \/>\n<meta property=\"og:site_name\" content=\"\u042d\u043a\u0441\u043a\u0443\u0440\u0441\u0438\u0438 Skyline\" \/>\n<meta property=\"article:modified_time\" content=\"2026-03-04T23:13:54+00:00\" \/>\n<meta property=\"og:image\" content=\"https:\/\/skyline-gs.com\/wp-content\/uploads\/2026\/03\/thefoison_a_cozy_buddhist_temple_in_vietnam_tourists_inside_p_57d751d5-fde1-435c-b462-91a43488cea2_1-e1772665999291.png\" \/>\n\t<meta property=\"og:image:width\" content=\"669\" \/>\n\t<meta property=\"og:image:height\" content=\"446\" \/>\n\t<meta property=\"og:image:type\" content=\"image\/png\" \/>\n<meta name=\"twitter:card\" content=\"summary_large_image\" \/>\n<meta name=\"twitter:label1\" content=\"Dur\u00e9e de lecture estim\u00e9e\" \/>\n\t<meta name=\"twitter:data1\" content=\"2 minutes\" \/>\n<script type=\"application\/ld+json\" class=\"yoast-schema-graph\">{\"@context\":\"https:\\\/\\\/schema.org\",\"@graph\":[{\"@type\":\"WebPage\",\"@id\":\"https:\\\/\\\/skyline-gs.com\\\/product\\\/budda-tur-duhovnoe-puteshestvie-po-hramam-vetnama\\\/\",\"url\":\"https:\\\/\\\/skyline-gs.com\\\/product\\\/budda-tur-duhovnoe-puteshestvie-po-hramam-vetnama\\\/\",\"name\":\"\u0411\u0443\u0434\u0434\u0430 \u0442\u0443\u0440 \u2014 \u0434\u0443\u0445\u043e\u0432\u043d\u043e\u0435 \u043f\u0443\u0442\u0435\u0448\u0435\u0441\u0442\u0432\u0438\u0435 \u043f\u043e \u0445\u0440\u0430\u043c\u0430\u043c \u0412\u044c\u0435\u0442\u043d\u0430\u043c\u0430 &#8226; \u042d\u043a\u0441\u043a\u0443\u0440\u0441\u0438\u0438 Skyline\",\"isPartOf\":{\"@id\":\"https:\\\/\\\/skyline-gs.com\\\/it\\\/#website\"},\"primaryImageOfPage\":{\"@id\":\"https:\\\/\\\/skyline-gs.com\\\/product\\\/budda-tur-duhovnoe-puteshestvie-po-hramam-vetnama\\\/#primaryimage\"},\"image\":{\"@id\":\"https:\\\/\\\/skyline-gs.com\\\/product\\\/budda-tur-duhovnoe-puteshestvie-po-hramam-vetnama\\\/#primaryimage\"},\"thumbnailUrl\":\"https:\\\/\\\/skyline-gs.com\\\/wp-content\\\/uploads\\\/2026\\\/03\\\/thefoison_a_cozy_buddhist_temple_in_vietnam_tourists_inside_p_57d751d5-fde1-435c-b462-91a43488cea2_1-e1772665999291.png\",\"datePublished\":\"2026-03-02T00:47:09+00:00\",\"dateModified\":\"2026-03-04T23:13:54+00:00\",\"breadcrumb\":{\"@id\":\"https:\\\/\\\/skyline-gs.com\\\/product\\\/budda-tur-duhovnoe-puteshestvie-po-hramam-vetnama\\\/#breadcrumb\"},\"inLanguage\":\"fr-FR\",\"potentialAction\":[{\"@type\":\"ReadAction\",\"target\":[\"https:\\\/\\\/skyline-gs.com\\\/product\\\/budda-tur-duhovnoe-puteshestvie-po-hramam-vetnama\\\/\"]}]},{\"@type\":\"ImageObject\",\"inLanguage\":\"fr-FR\",\"@id\":\"https:\\\/\\\/skyline-gs.com\\\/product\\\/budda-tur-duhovnoe-puteshestvie-po-hramam-vetnama\\\/#primaryimage\",\"url\":\"https:\\\/\\\/skyline-gs.com\\\/wp-content\\\/uploads\\\/2026\\\/03\\\/thefoison_a_cozy_buddhist_temple_in_vietnam_tourists_inside_p_57d751d5-fde1-435c-b462-91a43488cea2_1-e1772665999291.png\",\"contentUrl\":\"https:\\\/\\\/skyline-gs.com\\\/wp-content\\\/uploads\\\/2026\\\/03\\\/thefoison_a_cozy_buddhist_temple_in_vietnam_tourists_inside_p_57d751d5-fde1-435c-b462-91a43488cea2_1-e1772665999291.png\",\"width\":669,\"height\":446},{\"@type\":\"BreadcrumbList\",\"@id\":\"https:\\\/\\\/skyline-gs.com\\\/product\\\/budda-tur-duhovnoe-puteshestvie-po-hramam-vetnama\\\/#breadcrumb\",\"itemListElement\":[{\"@type\":\"ListItem\",\"position\":1,\"name\":\"\u0413\u043b\u0430\u0432\u043d\u0430\u044f \u0441\u0442\u0440\u0430\u043d\u0438\u0446\u0430\",\"item\":\"https:\\\/\\\/skyline-gs.com\\\/hu\\\/\"},{\"@type\":\"ListItem\",\"position\":2,\"name\":\"\u041c\u0430\u0433\u0430\u0437\u0438\u043d\",\"item\":\"https:\\\/\\\/skyline-gs.com\\\/cs\\\/shop\\\/\"},{\"@type\":\"ListItem\",\"position\":3,\"name\":\"\u0411\u0443\u0434\u0434\u0430 \u0442\u0443\u0440 \u2014 \u0434\u0443\u0445\u043e\u0432\u043d\u043e\u0435 \u043f\u0443\u0442\u0435\u0448\u0435\u0441\u0442\u0432\u0438\u0435 \u043f\u043e \u0445\u0440\u0430\u043c\u0430\u043c \u0412\u044c\u0435\u0442\u043d\u0430\u043c\u0430\"}]},{\"@type\":\"WebSite\",\"@id\":\"https:\\\/\\\/skyline-gs.com\\\/it\\\/#website\",\"url\":\"https:\\\/\\\/skyline-gs.com\\\/it\\\/\",\"name\":\"\u042d\u043a\u0441\u043a\u0443\u0440\u0441\u0438\u0438 Skyline\",\"description\":\"\u042d\u043a\u0441\u043a\u043b\u044e\u0437\u0438\u0432\u043d\u044b\u0435 \u044d\u043a\u0441\u043a\u0443\u0440\u0441\u0438\u0438 \u043d\u0430 \u043b\u0443\u0447\u0448\u0438\u0445 \u043a\u0443\u0440\u043e\u0440\u0442\u0430\u0445 \u043c\u0438\u0440\u0430\",\"publisher\":{\"@id\":\"https:\\\/\\\/skyline-gs.com\\\/it\\\/#organization\"},\"alternateName\":\"Skyline\",\"potentialAction\":[{\"@type\":\"SearchAction\",\"target\":{\"@type\":\"EntryPoint\",\"urlTemplate\":\"https:\\\/\\\/skyline-gs.com\\\/it\\\/?s={search_term_string}\"},\"query-input\":{\"@type\":\"PropertyValueSpecification\",\"valueRequired\":true,\"valueName\":\"search_term_string\"}}],\"inLanguage\":\"fr-FR\"},{\"@type\":\"Organization\",\"@id\":\"https:\\\/\\\/skyline-gs.com\\\/it\\\/#organization\",\"name\":\"\u042d\u043a\u0441\u043a\u0443\u0440\u0441\u0438\u0438 Skyline\",\"alternateName\":\"\u042d\u043a\u0441\u043a\u0443\u0440\u0441\u0438\u0438 Skyline\",\"url\":\"https:\\\/\\\/skyline-gs.com\\\/it\\\/\",\"logo\":{\"@type\":\"ImageObject\",\"inLanguage\":\"fr-FR\",\"@id\":\"https:\\\/\\\/skyline-gs.com\\\/it\\\/#\\\/schema\\\/logo\\\/image\\\/\",\"url\":\"https:\\\/\\\/skyline-gs.com\\\/wp-content\\\/uploads\\\/2020\\\/12\\\/cropped-logo-2.png\",\"contentUrl\":\"https:\\\/\\\/skyline-gs.com\\\/wp-content\\\/uploads\\\/2020\\\/12\\\/cropped-logo-2.png\",\"width\":512,\"height\":512,\"caption\":\"\u042d\u043a\u0441\u043a\u0443\u0440\u0441\u0438\u0438 Skyline\"},\"image\":{\"@id\":\"https:\\\/\\\/skyline-gs.com\\\/it\\\/#\\\/schema\\\/logo\\\/image\\\/\"},\"sameAs\":[\"https:\\\/\\\/www.instagram.com\\\/skylineglobalservice\\\/\"]}]}<\/script>\n<!-- \/ Yoast SEO plugin. -->","yoast_head_json":{"title":"\u0411\u0443\u0434\u0434\u0430 \u0442\u0443\u0440 \u2014 \u0434\u0443\u0445\u043e\u0432\u043d\u043e\u0435 \u043f\u0443\u0442\u0435\u0448\u0435\u0441\u0442\u0432\u0438\u0435 \u043f\u043e \u0445\u0440\u0430\u043c\u0430\u043c \u0412\u044c\u0435\u0442\u043d\u0430\u043c\u0430 &#8226; \u042d\u043a\u0441\u043a\u0443\u0440\u0441\u0438\u0438 Skyline","robots":{"index":"index","follow":"follow","max-snippet":"max-snippet:-1","max-image-preview":"max-image-preview:large","max-video-preview":"max-video-preview:-1"},"canonical":"https:\/\/skyline-gs.com\/fr\/produit\/budda-tur-duhovnoe-puteshestvie-po-hramam-vetnama\/","og_locale":"fr_FR","og_type":"article","og_title":"\u0411\u0443\u0434\u0434\u0430 \u0442\u0443\u0440 \u2014 \u0434\u0443\u0445\u043e\u0432\u043d\u043e\u0435 \u043f\u0443\u0442\u0435\u0448\u0435\u0441\u0442\u0432\u0438\u0435 \u043f\u043e \u0445\u0440\u0430\u043c\u0430\u043c \u0412\u044c\u0435\u0442\u043d\u0430\u043c\u0430 &#8226; \u042d\u043a\u0441\u043a\u0443\u0440\u0441\u0438\u0438 Skyline","og_description":"\u0412\u0440\u0435\u043c\u044f \u0442\u0443\u0440\u0430: 8:00 \u2013 12:30  \u0414\u043d\u0438 \u043f\u0440\u043e\u0432\u0435\u0434\u0435\u043d\u0438\u044f: \u0435\u0436\u0435\u0434\u043d\u0435\u0432\u043d\u043e","og_url":"https:\/\/skyline-gs.com\/fr\/produit\/budda-tur-duhovnoe-puteshestvie-po-hramam-vetnama\/","og_site_name":"\u042d\u043a\u0441\u043a\u0443\u0440\u0441\u0438\u0438 Skyline","article_modified_time":"2026-03-04T23:13:54+00:00","og_image":[{"width":669,"height":446,"url":"https:\/\/skyline-gs.com\/wp-content\/uploads\/2026\/03\/thefoison_a_cozy_buddhist_temple_in_vietnam_tourists_inside_p_57d751d5-fde1-435c-b462-91a43488cea2_1-e1772665999291.png","type":"image\/png"}],"twitter_card":"summary_large_image","twitter_misc":{"Dur\u00e9e de lecture estim\u00e9e":"2 minutes"},"schema":{"@context":"https:\/\/schema.org","@graph":[{"@type":"WebPage","@id":"https:\/\/skyline-gs.com\/product\/budda-tur-duhovnoe-puteshestvie-po-hramam-vetnama\/","url":"https:\/\/skyline-gs.com\/product\/budda-tur-duhovnoe-puteshestvie-po-hramam-vetnama\/","name":"\u0411\u0443\u0434\u0434\u0430 \u0442\u0443\u0440 \u2014 \u0434\u0443\u0445\u043e\u0432\u043d\u043e\u0435 \u043f\u0443\u0442\u0435\u0448\u0435\u0441\u0442\u0432\u0438\u0435 \u043f\u043e \u0445\u0440\u0430\u043c\u0430\u043c \u0412\u044c\u0435\u0442\u043d\u0430\u043c\u0430 &#8226; \u042d\u043a\u0441\u043a\u0443\u0440\u0441\u0438\u0438 Skyline","isPartOf":{"@id":"https:\/\/skyline-gs.com\/it\/#website"},"primaryImageOfPage":{"@id":"https:\/\/skyline-gs.com\/product\/budda-tur-duhovnoe-puteshestvie-po-hramam-vetnama\/#primaryimage"},"image":{"@id":"https:\/\/skyline-gs.com\/product\/budda-tur-duhovnoe-puteshestvie-po-hramam-vetnama\/#primaryimage"},"thumbnailUrl":"https:\/\/skyline-gs.com\/wp-content\/uploads\/2026\/03\/thefoison_a_cozy_buddhist_temple_in_vietnam_tourists_inside_p_57d751d5-fde1-435c-b462-91a43488cea2_1-e1772665999291.png","datePublished":"2026-03-02T00:47:09+00:00","dateModified":"2026-03-04T23:13:54+00:00","breadcrumb":{"@id":"https:\/\/skyline-gs.com\/product\/budda-tur-duhovnoe-puteshestvie-po-hramam-vetnama\/#breadcrumb"},"inLanguage":"fr-FR","potentialAction":[{"@type":"ReadAction","target":["https:\/\/skyline-gs.com\/product\/budda-tur-duhovnoe-puteshestvie-po-hramam-vetnama\/"]}]},{"@type":"ImageObject","inLanguage":"fr-FR","@id":"https:\/\/skyline-gs.com\/product\/budda-tur-duhovnoe-puteshestvie-po-hramam-vetnama\/#primaryimage","url":"https:\/\/skyline-gs.com\/wp-content\/uploads\/2026\/03\/thefoison_a_cozy_buddhist_temple_in_vietnam_tourists_inside_p_57d751d5-fde1-435c-b462-91a43488cea2_1-e1772665999291.png","contentUrl":"https:\/\/skyline-gs.com\/wp-content\/uploads\/2026\/03\/thefoison_a_cozy_buddhist_temple_in_vietnam_tourists_inside_p_57d751d5-fde1-435c-b462-91a43488cea2_1-e1772665999291.png","width":669,"height":446},{"@type":"BreadcrumbList","@id":"https:\/\/skyline-gs.com\/product\/budda-tur-duhovnoe-puteshestvie-po-hramam-vetnama\/#breadcrumb","itemListElement":[{"@type":"ListItem","position":1,"name":"\u0413\u043b\u0430\u0432\u043d\u0430\u044f \u0441\u0442\u0440\u0430\u043d\u0438\u0446\u0430","item":"https:\/\/skyline-gs.com\/hu\/"},{"@type":"ListItem","position":2,"name":"\u041c\u0430\u0433\u0430\u0437\u0438\u043d","item":"https:\/\/skyline-gs.com\/cs\/shop\/"},{"@type":"ListItem","position":3,"name":"\u0411\u0443\u0434\u0434\u0430 \u0442\u0443\u0440 \u2014 \u0434\u0443\u0445\u043e\u0432\u043d\u043e\u0435 \u043f\u0443\u0442\u0435\u0448\u0435\u0441\u0442\u0432\u0438\u0435 \u043f\u043e \u0445\u0440\u0430\u043c\u0430\u043c \u0412\u044c\u0435\u0442\u043d\u0430\u043c\u0430"}]},{"@type":"WebSite","@id":"https:\/\/skyline-gs.com\/it\/#website","url":"https:\/\/skyline-gs.com\/it\/","name":"Excursions Skyline","description":"Excursions exclusives dans les meilleurs centres de vill\u00e9giature du monde","publisher":{"@id":"https:\/\/skyline-gs.com\/it\/#organization"},"alternateName":"Skyline","potentialAction":[{"@type":"SearchAction","target":{"@type":"EntryPoint","urlTemplate":"https:\/\/skyline-gs.com\/it\/?s={search_term_string}"},"query-input":{"@type":"PropertyValueSpecification","valueRequired":true,"valueName":"search_term_string"}}],"inLanguage":"fr-FR"},{"@type":"Organization","@id":"https:\/\/skyline-gs.com\/it\/#organization","name":"Excursions Skyline","alternateName":"\u042d\u043a\u0441\u043a\u0443\u0440\u0441\u0438\u0438 Skyline","url":"https:\/\/skyline-gs.com\/it\/","logo":{"@type":"ImageObject","inLanguage":"fr-FR","@id":"https:\/\/skyline-gs.com\/it\/#\/schema\/logo\/image\/","url":"https:\/\/skyline-gs.com\/wp-content\/uploads\/2020\/12\/cropped-logo-2.png","contentUrl":"https:\/\/skyline-gs.com\/wp-content\/uploads\/2020\/12\/cropped-logo-2.png","width":512,"height":512,"caption":"\u042d\u043a\u0441\u043a\u0443\u0440\u0441\u0438\u0438 Skyline"},"image":{"@id":"https:\/\/skyline-gs.com\/it\/#\/schema\/logo\/image\/"},"sameAs":["https:\/\/www.instagram.com\/skylineglobalservice\/"]}]}},"_links":{"self":[{"href":"https:\/\/skyline-gs.com\/fr\/wp-json\/wp\/v2\/product\/75286","targetHints":{"allow":["GET"]}}],"collection":[{"href":"https:\/\/skyline-gs.com\/fr\/wp-json\/wp\/v2\/product"}],"about":[{"href":"https:\/\/skyline-gs.com\/fr\/wp-json\/wp\/v2\/types\/product"}],"version-history":[{"count":0,"href":"https:\/\/skyline-gs.com\/fr\/wp-json\/wp\/v2\/product\/75286\/revisions"}],"wp:featuredmedia":[{"embeddable":true,"href":"https:\/\/skyline-gs.com\/fr\/wp-json\/wp\/v2\/media\/75325"}],"wp:attachment":[{"href":"https:\/\/skyline-gs.com\/fr\/wp-json\/wp\/v2\/media?parent=75286"}],"wp:term":[{"taxonomy":"product_brand","embeddable":true,"href":"https:\/\/skyline-gs.com\/fr\/wp-json\/wp\/v2\/product_brand?post=75286"},{"taxonomy":"product_cat","embeddable":true,"href":"https:\/\/skyline-gs.com\/fr\/wp-json\/wp\/v2\/product_cat?post=75286"},{"taxonomy":"product_tag","embeddable":true,"href":"https:\/\/skyline-gs.com\/fr\/wp-json\/wp\/v2\/product_tag?post=75286"}],"curies":[{"name":"wp","href":"https:\/\/api.w.org\/{rel}","templated":true}]}}